{"id":7589,"date":"2021-10-01T08:25:20","date_gmt":"2021-10-01T08:25:20","guid":{"rendered":"https:\/\/hotelli03.domainhotelli.fi\/~lsdoecli\/?post_type=product&#038;p=7589"},"modified":"2022-07-07T12:49:25","modified_gmt":"2022-07-07T12:49:25","slug":"kask-zenith-x-pl-suojakypara-korkeanpaikantyoskentelyyn","status":"publish","type":"product","link":"https:\/\/hotelli03.domainhotelli.fi\/~lsdoecli\/tuote\/kask-zenith-x-pl-suojakypara-korkeanpaikantyoskentelyyn\/","title":{"rendered":"Kask Zenith X PL suojakyp\u00e4r\u00e4 korkeanpaikanty\u00f6skentelyyn"},"content":{"rendered":"<p>Tuuletettu suojakyp\u00e4r\u00e4 Kask Zenith X PL korkeanpaikanty\u00f6skentelyyn\u00a0on huippulaadukas ty\u00f6kyp\u00e4r\u00e4 vaativaan k\u00e4ytt\u00f6\u00f6n. Kyp\u00e4r\u00e4 on varustettu useilla eri todella laadukkailla ominaisuuksilla ja s\u00e4\u00e4d\u00f6ill\u00e4.<\/p>\n<p>Tuuletettu Kask Zenith X PL\u00a0suojakyp\u00e4r\u00e4 korkeanpaikanty\u00f6skentelyyn\u00a0on suunniteltu putoamisvaarallisissa olosuhteissa liikkumiseen ja ty\u00f6skentelyyn teollisuudessa, rakennusalalla, pelastustoiminnassa, lumenpudotuksessa jne. CE EN 12492<\/p>\n<ul>\n<li>Sivuilla ja takana sijaitseviin 8 tuuletusreik\u00e4\u00e4n parantavat k\u00e4ytt\u00f6mukavuutta.<\/li>\n<li>Paino vain 490g<\/li>\n<li>Koko 53-63cm<\/li>\n<li>4-pistekiinnitys<\/li>\n<li>Eritt\u00e4in laajat ja helpot s\u00e4\u00e4t\u00f6mahdollisuudet<\/li>\n<li>EPS-kennorakenne &#8211; D-Core-kaksoismateriaaliteknologia<\/li>\n<li>Click-In rakenne pehmusteissa, helpot pest\u00e4.<\/li>\n<li>Pehmusteet DRY+ materiaalia, jossa antibakteerinen hopeaionik\u00e4sittely.<\/li>\n<li>Ulkokuoren materiaali: Polypropyleeni HD<\/li>\n<li>Sis\u00e4kuoren materiaali: HD -paisutettu polystyreeni<\/li>\n<li>Sertifiointi: CE EN 12492<\/li>\n<li>Materiaali- ja valmistusvirhetakuu 3 vuotta<\/li>\n<li>Valmistusmaa Italia<\/li>\n<\/ul>\n<p>&nbsp;<\/p>\n<p>Zenith X PL huippuominaisuuksiin kuuluu EasyClick pikakiinnitys jonka avulla pystyt kiinnitt\u00e4m\u00e4\u00e4n kyp\u00e4r\u00e4\u00e4n helposti erilaisia silmien- ja kasvojensuojaimia. Sivuilla on my\u00f6s lovet kuppikuulosuojaimille. My\u00f6s muut lis\u00e4varusteet kuten <a href=\"https:\/\/hotelli03.domainhotelli.fi\/~lsdoecli\/tuote-osasto\/otsalamput-ja-taskulamput\/otsalamput-halvat-hinnat\/\">otsalamput<\/a> on eritt\u00e4in helppo kiinnitt\u00e4\u00e4 ja takana ulkopuolella on valmiiksi merkint\u00e4tarrat k\u00e4ytt\u00e4j\u00e4n nimelle ja puhelinnumerolle.<\/p>\n<p>&nbsp;<\/p>\n<h4>Eik\u00f6 ty\u00f6kyp\u00e4r\u00e4 meinaa pysy\u00e4 p\u00e4\u00e4ss\u00e4 tai tuntuu ettei suojaa sinua?<\/h4>\n<p>Ei huolta, Kask Zenith X PL mallisto pysyy varmasti p\u00e4\u00e4ss\u00e4 ja suojaa sinua huomattavasti paremmin kuin muut vastaavat mallit. Suojakyp\u00e4r\u00e4 on varustettu 4-pistekiinnityksell\u00e4 ja p\u00e4\u00e4n muotojen mukaan mukautuvilla s\u00e4\u00e4d\u00f6ill\u00e4 kuten niskaosan korkeuden ja kulman s\u00e4\u00e4t\u00f6, jonka ansiosta kyp\u00e4r\u00e4 muotoutuu my\u00f6s niskan alueella t\u00e4ydellisesti.<\/p>\n<p>Sis\u00e4puolella on EPS-kennorakenne suojaa p\u00e4\u00e4t\u00e4 D-Core-kaksoismateriaaliteknologialla: Suuritiheyksinen yl\u00e4osa suojaa erityisesti ylh\u00e4\u00e4lt\u00e4 tulevilta t\u00e4rskyilt\u00e4. Matalatiheyksinen materiaali alaosassa p\u00e4\u00e4t\u00e4 vasten tarjoaa suuren suojan muista suunnista tulevilta uhkilta.<\/p>\n<div id='gallery-1' class='gallery galleryid-7589 gallery-columns-4 gallery-size-medium'><figure class='gallery-item'>\n\t\t\t<div class='gallery-icon landscape'>\n\t\t\t\t<a href='https:\/\/hotelli03.domainhotelli.fi\/~lsdoecli\/?attachment_id=7536'><img width=\"300\" height=\"300\" src=\"https:\/\/hotelli03.domainhotelli.fi\/~lsdoecli\/wp-content\/uploads\/2021\/09\/Suojakypara-Kask-Zenith-X-AIR-sisalto-300x300.jpg\" class=\"attachment-medium size-medium\" alt=\"Suojakyp\u00e4r\u00e4 Kask Zenith X AIR sis\u00e4lt\u00e4\" loading=\"lazy\" aria-describedby=\"gallery-1-7536\" \/><\/a>\n\t\t\t<\/div>\n\t\t\t\t<figcaption class='wp-caption-text gallery-caption' id='gallery-1-7536'>\n\t\t\t\tSis\u00e4lt\u00e4\n\t\t\t\t<\/figcaption><\/figure><figure class='gallery-item'>\n\t\t\t<div class='gallery-icon landscape'>\n\t\t\t\t<a href='https:\/\/hotelli03.domainhotelli.fi\/~lsdoecli\/?attachment_id=7538'><img width=\"300\" height=\"300\" src=\"https:\/\/hotelli03.domainhotelli.fi\/~lsdoecli\/wp-content\/uploads\/2021\/09\/Suojakypara-Kask-Zenith-X-AIR-sisaosa-300x300.jpg\" class=\"attachment-medium size-medium\" alt=\"Suojakyp\u00e4r\u00e4 Kask Zenith X AIR sis\u00e4osa\" loading=\"lazy\" aria-describedby=\"gallery-1-7538\" \/><\/a>\n\t\t\t<\/div>\n\t\t\t\t<figcaption class='wp-caption-text gallery-caption' id='gallery-1-7538'>\n\t\t\t\tSis\u00e4osan pehmuste\n\t\t\t\t<\/figcaption><\/figure><figure class='gallery-item'>\n\t\t\t<div class='gallery-icon landscape'>\n\t\t\t\t<a href='https:\/\/hotelli03.domainhotelli.fi\/~lsdoecli\/?attachment_id=7616'><img width=\"300\" height=\"300\" src=\"https:\/\/hotelli03.domainhotelli.fi\/~lsdoecli\/wp-content\/uploads\/2021\/10\/Suojakypara-Kask-Zenith-X-PL-sivusta-300x300.jpg\" class=\"attachment-medium size-medium\" alt=\"Suojakyp\u00e4r\u00e4 Kask Zenith X PL\" loading=\"lazy\" aria-describedby=\"gallery-1-7616\" \/><\/a>\n\t\t\t<\/div>\n\t\t\t\t<figcaption class='wp-caption-text gallery-caption' id='gallery-1-7616'>\n\t\t\t\tSivulta\n\t\t\t\t<\/figcaption><\/figure><figure class='gallery-item'>\n\t\t\t<div class='gallery-icon landscape'>\n\t\t\t\t<a href='https:\/\/hotelli03.domainhotelli.fi\/~lsdoecli\/?attachment_id=7618'><img width=\"300\" height=\"300\" src=\"https:\/\/hotelli03.domainhotelli.fi\/~lsdoecli\/wp-content\/uploads\/2021\/10\/Suojakypara-Kask-Zenith-X-PL-takaa-300x300.jpg\" class=\"attachment-medium size-medium\" alt=\"\" loading=\"lazy\" aria-describedby=\"gallery-1-7618\" \/><\/a>\n\t\t\t<\/div>\n\t\t\t\t<figcaption class='wp-caption-text gallery-caption' id='gallery-1-7618'>\n\t\t\t\tTakaa\n\t\t\t\t<\/figcaption><\/figure>\n\t\t<\/div>\n\n<h4>Onko suojakyp\u00e4r\u00e4si likainen?<\/h4>\n<p>Kask Zenith X PL mallisto on varustettu DRY+ pehmusteilla joissa on antibakteerinen hopeaionik\u00e4sittely mutta pehmusteet ovat my\u00f6s Click-In helposti irti\/kiinni napsahtavia, joten saat ne helposti pest\u00e4v\u00e4ksi, jolloin hygienista ja yll\u00e4pidosta huolehtiminen on helppoa. Leuan alue sen sijaan on eco-nahkainen, hypoallergeeninen ja pest\u00e4v\u00e4 suojus. Ulkokuorikin on tavanomaisia materiaaleja kulutuskest\u00e4v\u00e4mpi sek\u00e4 on helpompi puhdistaa.<\/p>\n<p>&nbsp;<\/p>\n<h4>Vihre\u00e4 leukahihnan soljen v\u00e4ri ilmoittaa ett\u00e4 t\u00e4m\u00e4 malli on testattu suojaamaan p\u00e4\u00e4t\u00e4 seuraavien testimenetelmien mukaisesti:<\/h4>\n<p>EN 12492 standardin pakolliset vaatimukset:<br \/>\n5.7.3 Leukahihnan avautumiseen tarvittava voima suuri, jotta kyp\u00e4r\u00e4 ei p\u00e4\u00e4h\u00e4n kohdistuvan iskun takia irtoa putoamistilanteessa (leukahihna pysyy kiinni 50 daN(kg) nyk\u00e4isyst\u00e4)<br \/>\n4.1.4. Tuuletusaukot: Kyp\u00e4r\u00e4ss\u00e4 on oltava tehokkaat tuuletusaukot ja niiden yhteenlaskettu pinta-ala on oltava v\u00e4hint\u00e4\u00e4n 4 cm2<br \/>\n4.2.1.1 Yli metrin korkeudelta putoavien esineiden aiheuttaman iskunvaimennuksen osalta (5 kg 2 m korkeudelta)<br \/>\n4.2.1.2 Edest\u00e4 tulevien iskujen osalta (5 kg 0,5 m et\u00e4isyydelt\u00e4)<br \/>\n4.2.1.3 Sivuilta tulevien iskujen osalta (5 kg 0,5 m et\u00e4isyydelt\u00e4)<br \/>\n4.2.1.4 Takaa tulevien iskujen osalta (5 kg 0,5 m et\u00e4isyydelt\u00e4)<br \/>\n4.2.2 Kyp\u00e4r\u00e4\u00e4n tunkeutuvan useamman esineen osalta (3 kg ter\u00e4v\u00e4 paino 1 m korkeudelta 2x)<br \/>\n4.2.3 P\u00e4\u00e4hihaston lujuuden osalta<br \/>\n4.2.4 Tilttaavuustestin osalta (10 kg putoava taakka rep\u00e4isee kyp\u00e4r\u00e4n helmasta yl\u00f6sp\u00e4in edest\u00e4 ja takaa)<\/p>\n<p><iframe loading=\"lazy\" title=\"KASK Safety || Teaser ZenithX\" width=\"1140\" height=\"641\" src=\"https:\/\/www.youtube.com\/embed\/XYPyw6GiZi8?feature=oembed\" frameborder=\"0\" allow=\"accelerometer; autoplay; clipboard-write; encrypted-media; gyroscope; picture-in-picture\" allowfullscreen><\/iframe><\/p>\n<p>Maahantuoja: <a href=\"https:\/\/www.vandernet.com\">Vandernet Oy<\/a><\/p>\n","protected":false},"excerpt":{"rendered":"<p>Tuuletettu Kask Zenith X PL\u00a0suojakyp\u00e4r\u00e4 korkeanpaikanty\u00f6skentelyyn\u00a0on suunniteltu putoamisvaarallisissa olosuhteissa liikkumiseen ja ty\u00f6skentelyyn teollisuudessa, rakennusalalla, pelastustoiminnassa, lumenpudotuksessa jne. CE EN 12492<\/p>\n<ul>\n<li>Sivuilla ja takana sijaitseviin 8 tuuletusreik\u00e4\u00e4n parantavat k\u00e4ytt\u00f6mukavuutta.<\/li>\n<li>Paino vain 490g<\/li>\n<li>Koko 53-63cm<\/li>\n<li>4-pistekiinnitys<\/li>\n<li>Eritt\u00e4in laajat ja helpot s\u00e4\u00e4t\u00f6mahdollisuudet<\/li>\n<li>EPS-kennorakenne &#8211; D-Core-kaksoismateriaaliteknologia<\/li>\n<li>Click-In rakenne pehmusteissa, helpot pest\u00e4.<\/li>\n<li>Pehmusteet DRY+ materiaalia, jossa antibakteerinen hopeaionik\u00e4sittely.<\/li>\n<li>Ulkokuoren materiaali: Polypropyleeni HD<\/li>\n<li>Sis\u00e4kuoren materiaali: HD -paisutettu polystyreeni<\/li>\n<li>Sertifiointi: CE EN 12492<\/li>\n<li>Materiaali- ja valmistusvirhetakuu 3 vuotta<\/li>\n<li>Valmistusmaa Italia<\/li>\n<\/ul>\n","protected":false},"featured_media":7604,"comment_status":"open","ping_status":"closed","template":"","meta":[],"product_cat":[872],"product_tag":[869,870,879,877],"yoast_head":"<!-- This site is optimized with the Yoast SEO Premium plugin v18.9 (Yoast SEO v19.3) - https:\/\/yoast.com\/wordpress\/plugins\/seo\/ -->\n<title>Kask Zenith X PL suojakyp\u00e4r\u00e4 korkeanpaikanty\u00f6skentelyyn<\/title>\n<meta name=\"description\" content=\"Tuuletettu Kask Zenith X PL\u00a0suojakyp\u00e4r\u00e4 korkeanpaikanty\u00f6skentelyyn\u00a0on suunniteltu putoamisvaarallisissa olosuhteisiin. Tilaa helposti meilt\u00e4!\" \/>\n<meta name=\"robots\" content=\"index, follow, max-snippet:-1, max-image-preview:large, max-video-preview:-1\" \/>\n<link rel=\"canonical\" href=\"https:\/\/hotelli03.domainhotelli.fi\/~lsdoecli\/tuote\/kask-zenith-x-pl-suojakypara-korkeanpaikantyoskentelyyn\/\" \/>\n<meta property=\"og:locale\" content=\"fi_FI\" \/>\n<meta property=\"og:type\" content=\"article\" \/>\n<meta property=\"og:title\" content=\"Kask Zenith X PL suojakyp\u00e4r\u00e4 korkeanpaikanty\u00f6skentelyyn\" \/>\n<meta property=\"og:description\" content=\"Tuuletettu Kask Zenith X PL\u00a0suojakyp\u00e4r\u00e4 korkeanpaikanty\u00f6skentelyyn\u00a0on suunniteltu putoamisvaarallisissa olosuhteisiin. Tilaa helposti meilt\u00e4!\" \/>\n<meta property=\"og:url\" content=\"https:\/\/hotelli03.domainhotelli.fi\/~lsdoecli\/tuote\/kask-zenith-x-pl-suojakypara-korkeanpaikantyoskentelyyn\/\" \/>\n<meta property=\"og:site_name\" content=\"JV Tuonti\" \/>\n<meta property=\"article:publisher\" content=\"https:\/\/www.facebook.com\/JVTuontiOy\" \/>\n<meta property=\"article:modified_time\" content=\"2022-07-07T12:49:25+00:00\" \/>\n<meta property=\"og:image\" content=\"https:\/\/hotelli03.domainhotelli.fi\/~lsdoecli\/wp-content\/uploads\/2021\/10\/Suojakypara-Kask-Zenith-X-PL-kaikki-varit.jpg\" \/>\n\t<meta property=\"og:image:width\" content=\"600\" \/>\n\t<meta property=\"og:image:height\" content=\"600\" \/>\n\t<meta property=\"og:image:type\" content=\"image\/jpeg\" \/>\n<meta name=\"twitter:card\" content=\"summary_large_image\" \/>\n<meta name=\"twitter:label1\" content=\"Availability\" \/>\n\t<meta name=\"twitter:data1\" content=\"In stock\" \/>\n<script type=\"application\/ld+json\" class=\"yoast-schema-graph\">{\"@context\":\"https:\/\/schema.org\",\"@graph\":[{\"@type\":[\"Organization\",\"Place\",\"WholesaleStore\"],\"@id\":\"https:\/\/hotelli03.domainhotelli.fi\/~lsdoecli\/#organization\",\"name\":\"JV Tuonti Oy\",\"url\":\"https:\/\/hotelli03.domainhotelli.fi\/~lsdoecli\/\",\"sameAs\":[\"https:\/\/instagram.com\/jvtuontioy?utm_medium=copy_link\",\"https:\/\/www.facebook.com\/JVTuontiOy\"],\"logo\":{\"@id\":\"https:\/\/hotelli03.domainhotelli.fi\/~lsdoecli\/tuote\/kask-zenith-x-pl-suojakypara-korkeanpaikantyoskentelyyn\/#local-main-organization-logo\"},\"image\":{\"@id\":\"https:\/\/hotelli03.domainhotelli.fi\/~lsdoecli\/tuote\/kask-zenith-x-pl-suojakypara-korkeanpaikantyoskentelyyn\/#local-main-organization-logo\"},\"address\":{\"@id\":\"https:\/\/hotelli03.domainhotelli.fi\/~lsdoecli\/tuote\/kask-zenith-x-pl-suojakypara-korkeanpaikantyoskentelyyn\/#local-main-place-address\"},\"geo\":{\"@type\":\"GeoCoordinates\",\"latitude\":\"60.28431\",\"longitude\":\"24.81654\"},\"telephone\":[\"0408369980\"],\"openingHoursSpecification\":[{\"@type\":\"OpeningHoursSpecification\",\"dayOfWeek\":[\"Monday\",\"Tuesday\",\"Wednesday\",\"Thursday\",\"Friday\"],\"opens\":\"08:00\",\"closes\":\"16:00\"},{\"@type\":\"OpeningHoursSpecification\",\"dayOfWeek\":[\"Saturday\",\"Sunday\"],\"opens\":\"00:00\",\"closes\":\"00:00\"}],\"email\":\"myynti@hotelli03.domainhotelli.fi\",\"areaServed\":\"Suomi, Ruotsi\",\"vatID\":\"FI30178387\",\"priceRange\":\"$$\",\"currenciesAccepted\":\"\u20ac\",\"paymentAccepted\":\"Lasku, pankkikortti\"},{\"@type\":\"WebSite\",\"@id\":\"https:\/\/hotelli03.domainhotelli.fi\/~lsdoecli\/#website\",\"url\":\"https:\/\/hotelli03.domainhotelli.fi\/~lsdoecli\/\",\"name\":\"JV Tuonti\",\"description\":\"JV Tuonti Oy:n verkkokauppa\",\"publisher\":{\"@id\":\"https:\/\/hotelli03.domainhotelli.fi\/~lsdoecli\/#organization\"},\"potentialAction\":[{\"@type\":\"SearchAction\",\"target\":{\"@type\":\"EntryPoint\",\"urlTemplate\":\"https:\/\/hotelli03.domainhotelli.fi\/~lsdoecli\/?s={search_term_string}\"},\"query-input\":\"required name=search_term_string\"}],\"inLanguage\":\"fi\"},{\"@type\":\"ImageObject\",\"inLanguage\":\"fi\",\"@id\":\"https:\/\/hotelli03.domainhotelli.fi\/~lsdoecli\/tuote\/kask-zenith-x-pl-suojakypara-korkeanpaikantyoskentelyyn\/#primaryimage\",\"url\":\"https:\/\/hotelli03.domainhotelli.fi\/~lsdoecli\/wp-content\/uploads\/2021\/10\/Suojakypara-Kask-Zenith-X-PL-kaikki-varit.jpg\",\"contentUrl\":\"https:\/\/hotelli03.domainhotelli.fi\/~lsdoecli\/wp-content\/uploads\/2021\/10\/Suojakypara-Kask-Zenith-X-PL-kaikki-varit.jpg\",\"width\":600,\"height\":600,\"caption\":\"suojakyp\u00e4r\u00e4 Kask Zenith X PL korkeanpaikanty\u00f6skentelyyn\"},{\"@type\":\"WebPage\",\"@id\":\"https:\/\/hotelli03.domainhotelli.fi\/~lsdoecli\/tuote\/kask-zenith-x-pl-suojakypara-korkeanpaikantyoskentelyyn\/\",\"url\":\"https:\/\/hotelli03.domainhotelli.fi\/~lsdoecli\/tuote\/kask-zenith-x-pl-suojakypara-korkeanpaikantyoskentelyyn\/\",\"name\":\"Kask Zenith X PL suojakyp\u00e4r\u00e4 korkeanpaikanty\u00f6skentelyyn\",\"isPartOf\":{\"@id\":\"https:\/\/hotelli03.domainhotelli.fi\/~lsdoecli\/#website\"},\"primaryImageOfPage\":{\"@id\":\"https:\/\/hotelli03.domainhotelli.fi\/~lsdoecli\/tuote\/kask-zenith-x-pl-suojakypara-korkeanpaikantyoskentelyyn\/#primaryimage\"},\"datePublished\":\"2021-10-01T08:25:20+00:00\",\"dateModified\":\"2022-07-07T12:49:25+00:00\",\"description\":\"Tuuletettu Kask Zenith X PL\u00a0suojakyp\u00e4r\u00e4 korkeanpaikanty\u00f6skentelyyn\u00a0on suunniteltu putoamisvaarallisissa olosuhteisiin. Tilaa helposti meilt\u00e4!\",\"breadcrumb\":{\"@id\":\"https:\/\/hotelli03.domainhotelli.fi\/~lsdoecli\/tuote\/kask-zenith-x-pl-suojakypara-korkeanpaikantyoskentelyyn\/#breadcrumb\"},\"inLanguage\":\"fi\",\"potentialAction\":[{\"@type\":\"ReadAction\",\"target\":[\"https:\/\/hotelli03.domainhotelli.fi\/~lsdoecli\/tuote\/kask-zenith-x-pl-suojakypara-korkeanpaikantyoskentelyyn\/\"]}]},{\"@type\":\"BreadcrumbList\",\"@id\":\"https:\/\/hotelli03.domainhotelli.fi\/~lsdoecli\/tuote\/kask-zenith-x-pl-suojakypara-korkeanpaikantyoskentelyyn\/#breadcrumb\",\"itemListElement\":[{\"@type\":\"ListItem\",\"position\":1,\"name\":\"Etusivu\",\"item\":\"https:\/\/hotelli03.domainhotelli.fi\/~lsdoecli\/\"},{\"@type\":\"ListItem\",\"position\":2,\"name\":\"Kauppa\",\"item\":\"https:\/\/hotelli03.domainhotelli.fi\/~lsdoecli\/kauppa\/\"},{\"@type\":\"ListItem\",\"position\":3,\"name\":\"Kask Zenith X PL suojakyp\u00e4r\u00e4 korkeanpaikanty\u00f6skentelyyn\"}]},{\"@type\":\"PostalAddress\",\"@id\":\"https:\/\/hotelli03.domainhotelli.fi\/~lsdoecli\/tuote\/kask-zenith-x-pl-suojakypara-korkeanpaikantyoskentelyyn\/#local-main-place-address\",\"streetAddress\":\"Pyymosantie 5a\",\"addressLocality\":\"Vantaa\",\"postalCode\":\"01720\",\"addressCountry\":\"FI\"},{\"@type\":\"ImageObject\",\"inLanguage\":\"fi\",\"@id\":\"https:\/\/hotelli03.domainhotelli.fi\/~lsdoecli\/tuote\/kask-zenith-x-pl-suojakypara-korkeanpaikantyoskentelyyn\/#local-main-organization-logo\",\"url\":\"https:\/\/hotelli03.domainhotelli.fi\/~lsdoecli\/wp-content\/uploads\/2021\/08\/JVTuonti_logo_nelio.jpg\",\"contentUrl\":\"https:\/\/hotelli03.domainhotelli.fi\/~lsdoecli\/wp-content\/uploads\/2021\/08\/JVTuonti_logo_nelio.jpg\",\"width\":550,\"height\":550,\"caption\":\"JV Tuonti Oy\"}]}<\/script>\n<meta property=\"og:video\" content=\"https:\/\/www.youtube.com\/embed\/XYPyw6GiZi8\" \/>\n<meta property=\"og:video:type\" content=\"text\/html\" \/>\n<meta property=\"og:video:duration\" content=\"106\" \/>\n<meta property=\"og:video:width\" content=\"480\" \/>\n<meta property=\"og:video:height\" content=\"270\" \/>\n<meta property=\"ya:ovs:adult\" content=\"false\" \/>\n<meta property=\"ya:ovs:upload_date\" content=\"2021-10-01T08:25:20+00:00\" \/>\n<meta property=\"ya:ovs:allow_embed\" content=\"true\" \/>\n<meta property=\"product:brand\" content=\"Kask\" \/>\n<meta property=\"og:availability\" content=\"instock\" \/>\n<meta property=\"product:availability\" content=\"instock\" \/>\n<meta property=\"product:retailer_item_id\" content=\"WHE00079\" \/>\n<meta property=\"product:condition\" content=\"new\" \/>\n<meta name=\"geo.placename\" content=\"Vantaa\" \/>\n<meta name=\"geo.position\" content=\"60.28431;24.81654\" \/>\n<meta name=\"geo.region\" content=\"Suomi\" \/>\n<!-- \/ Yoast SEO Premium plugin. -->","yoast_head_json":{"title":"Kask Zenith X PL suojakyp\u00e4r\u00e4 korkeanpaikanty\u00f6skentelyyn","description":"Tuuletettu Kask Zenith X PL\u00a0suojakyp\u00e4r\u00e4 korkeanpaikanty\u00f6skentelyyn\u00a0on suunniteltu putoamisvaarallisissa olosuhteisiin. Tilaa helposti meilt\u00e4!","robots":{"index":"index","follow":"follow","max-snippet":"max-snippet:-1","max-image-preview":"max-image-preview:large","max-video-preview":"max-video-preview:-1"},"canonical":"https:\/\/hotelli03.domainhotelli.fi\/~lsdoecli\/tuote\/kask-zenith-x-pl-suojakypara-korkeanpaikantyoskentelyyn\/","og_locale":"fi_FI","og_type":"article","og_title":"Kask Zenith X PL suojakyp\u00e4r\u00e4 korkeanpaikanty\u00f6skentelyyn","og_description":"Tuuletettu Kask Zenith X PL\u00a0suojakyp\u00e4r\u00e4 korkeanpaikanty\u00f6skentelyyn\u00a0on suunniteltu putoamisvaarallisissa olosuhteisiin. Tilaa helposti meilt\u00e4!","og_url":"https:\/\/hotelli03.domainhotelli.fi\/~lsdoecli\/tuote\/kask-zenith-x-pl-suojakypara-korkeanpaikantyoskentelyyn\/","og_site_name":"JV Tuonti","article_publisher":"https:\/\/www.facebook.com\/JVTuontiOy","article_modified_time":"2022-07-07T12:49:25+00:00","og_image":[{"width":600,"height":600,"url":"https:\/\/hotelli03.domainhotelli.fi\/~lsdoecli\/wp-content\/uploads\/2021\/10\/Suojakypara-Kask-Zenith-X-PL-kaikki-varit.jpg","type":"image\/jpeg"}],"twitter_card":"summary_large_image","twitter_misc":{"Availability":"In stock"},"schema":{"@context":"https:\/\/schema.org","@graph":[{"@type":["Organization","Place","WholesaleStore"],"@id":"https:\/\/hotelli03.domainhotelli.fi\/~lsdoecli\/#organization","name":"JV Tuonti Oy","url":"https:\/\/hotelli03.domainhotelli.fi\/~lsdoecli\/","sameAs":["https:\/\/instagram.com\/jvtuontioy?utm_medium=copy_link","https:\/\/www.facebook.com\/JVTuontiOy"],"logo":{"@id":"https:\/\/hotelli03.domainhotelli.fi\/~lsdoecli\/tuote\/kask-zenith-x-pl-suojakypara-korkeanpaikantyoskentelyyn\/#local-main-organization-logo"},"image":{"@id":"https:\/\/hotelli03.domainhotelli.fi\/~lsdoecli\/tuote\/kask-zenith-x-pl-suojakypara-korkeanpaikantyoskentelyyn\/#local-main-organization-logo"},"address":{"@id":"https:\/\/hotelli03.domainhotelli.fi\/~lsdoecli\/tuote\/kask-zenith-x-pl-suojakypara-korkeanpaikantyoskentelyyn\/#local-main-place-address"},"geo":{"@type":"GeoCoordinates","latitude":"60.28431","longitude":"24.81654"},"telephone":["0408369980"],"openingHoursSpecification":[{"@type":"OpeningHoursSpecification","dayOfWeek":["Monday","Tuesday","Wednesday","Thursday","Friday"],"opens":"08:00","closes":"16:00"},{"@type":"OpeningHoursSpecification","dayOfWeek":["Saturday","Sunday"],"opens":"00:00","closes":"00:00"}],"email":"myynti@hotelli03.domainhotelli.fi","areaServed":"Suomi, Ruotsi","vatID":"FI30178387","priceRange":"$$","currenciesAccepted":"\u20ac","paymentAccepted":"Lasku, pankkikortti"},{"@type":"WebSite","@id":"https:\/\/hotelli03.domainhotelli.fi\/~lsdoecli\/#website","url":"https:\/\/hotelli03.domainhotelli.fi\/~lsdoecli\/","name":"JV Tuonti","description":"JV Tuonti Oy:n verkkokauppa","publisher":{"@id":"https:\/\/hotelli03.domainhotelli.fi\/~lsdoecli\/#organization"},"potentialAction":[{"@type":"SearchAction","target":{"@type":"EntryPoint","urlTemplate":"https:\/\/hotelli03.domainhotelli.fi\/~lsdoecli\/?s={search_term_string}"},"query-input":"required name=search_term_string"}],"inLanguage":"fi"},{"@type":"ImageObject","inLanguage":"fi","@id":"https:\/\/hotelli03.domainhotelli.fi\/~lsdoecli\/tuote\/kask-zenith-x-pl-suojakypara-korkeanpaikantyoskentelyyn\/#primaryimage","url":"https:\/\/hotelli03.domainhotelli.fi\/~lsdoecli\/wp-content\/uploads\/2021\/10\/Suojakypara-Kask-Zenith-X-PL-kaikki-varit.jpg","contentUrl":"https:\/\/hotelli03.domainhotelli.fi\/~lsdoecli\/wp-content\/uploads\/2021\/10\/Suojakypara-Kask-Zenith-X-PL-kaikki-varit.jpg","width":600,"height":600,"caption":"suojakyp\u00e4r\u00e4 Kask Zenith X PL korkeanpaikanty\u00f6skentelyyn"},{"@type":"WebPage","@id":"https:\/\/hotelli03.domainhotelli.fi\/~lsdoecli\/tuote\/kask-zenith-x-pl-suojakypara-korkeanpaikantyoskentelyyn\/","url":"https:\/\/hotelli03.domainhotelli.fi\/~lsdoecli\/tuote\/kask-zenith-x-pl-suojakypara-korkeanpaikantyoskentelyyn\/","name":"Kask Zenith X PL suojakyp\u00e4r\u00e4 korkeanpaikanty\u00f6skentelyyn","isPartOf":{"@id":"https:\/\/hotelli03.domainhotelli.fi\/~lsdoecli\/#website"},"primaryImageOfPage":{"@id":"https:\/\/hotelli03.domainhotelli.fi\/~lsdoecli\/tuote\/kask-zenith-x-pl-suojakypara-korkeanpaikantyoskentelyyn\/#primaryimage"},"datePublished":"2021-10-01T08:25:20+00:00","dateModified":"2022-07-07T12:49:25+00:00","description":"Tuuletettu Kask Zenith X PL\u00a0suojakyp\u00e4r\u00e4 korkeanpaikanty\u00f6skentelyyn\u00a0on suunniteltu putoamisvaarallisissa olosuhteisiin. Tilaa helposti meilt\u00e4!","breadcrumb":{"@id":"https:\/\/hotelli03.domainhotelli.fi\/~lsdoecli\/tuote\/kask-zenith-x-pl-suojakypara-korkeanpaikantyoskentelyyn\/#breadcrumb"},"inLanguage":"fi","potentialAction":[{"@type":"ReadAction","target":["https:\/\/hotelli03.domainhotelli.fi\/~lsdoecli\/tuote\/kask-zenith-x-pl-suojakypara-korkeanpaikantyoskentelyyn\/"]}]},{"@type":"BreadcrumbList","@id":"https:\/\/hotelli03.domainhotelli.fi\/~lsdoecli\/tuote\/kask-zenith-x-pl-suojakypara-korkeanpaikantyoskentelyyn\/#breadcrumb","itemListElement":[{"@type":"ListItem","position":1,"name":"Etusivu","item":"https:\/\/hotelli03.domainhotelli.fi\/~lsdoecli\/"},{"@type":"ListItem","position":2,"name":"Kauppa","item":"https:\/\/hotelli03.domainhotelli.fi\/~lsdoecli\/kauppa\/"},{"@type":"ListItem","position":3,"name":"Kask Zenith X PL suojakyp\u00e4r\u00e4 korkeanpaikanty\u00f6skentelyyn"}]},{"@type":"PostalAddress","@id":"https:\/\/hotelli03.domainhotelli.fi\/~lsdoecli\/tuote\/kask-zenith-x-pl-suojakypara-korkeanpaikantyoskentelyyn\/#local-main-place-address","streetAddress":"Pyymosantie 5a","addressLocality":"Vantaa","postalCode":"01720","addressCountry":"FI"},{"@type":"ImageObject","inLanguage":"fi","@id":"https:\/\/hotelli03.domainhotelli.fi\/~lsdoecli\/tuote\/kask-zenith-x-pl-suojakypara-korkeanpaikantyoskentelyyn\/#local-main-organization-logo","url":"https:\/\/hotelli03.domainhotelli.fi\/~lsdoecli\/wp-content\/uploads\/2021\/08\/JVTuonti_logo_nelio.jpg","contentUrl":"https:\/\/hotelli03.domainhotelli.fi\/~lsdoecli\/wp-content\/uploads\/2021\/08\/JVTuonti_logo_nelio.jpg","width":550,"height":550,"caption":"JV Tuonti Oy"}]},"og_video":"https:\/\/www.youtube.com\/embed\/XYPyw6GiZi8","og_video_type":"text\/html","og_video_duration":"106","og_video_width":"480","og_video_height":"270","ya_ovs_adult":"false","ya_ovs_upload_date":"2021-10-01T08:25:20+00:00","ya_ovs_allow_embed":"true","product_brand":"Kask","og_availability":"instock","product_availability":"instock","product_retailer_item_id":"WHE00079","product_condition":"new","geo.placename":"Vantaa","geo.position":{"lat":"60.28431","long":"24.81654"},"geo.region":"Suomi"},"_links":{"self":[{"href":"https:\/\/hotelli03.domainhotelli.fi\/~lsdoecli\/wp-json\/wp\/v2\/product\/7589"}],"collection":[{"href":"https:\/\/hotelli03.domainhotelli.fi\/~lsdoecli\/wp-json\/wp\/v2\/product"}],"about":[{"href":"https:\/\/hotelli03.domainhotelli.fi\/~lsdoecli\/wp-json\/wp\/v2\/types\/product"}],"replies":[{"embeddable":true,"href":"https:\/\/hotelli03.domainhotelli.fi\/~lsdoecli\/wp-json\/wp\/v2\/comments?post=7589"}],"wp:featuredmedia":[{"embeddable":true,"href":"https:\/\/hotelli03.domainhotelli.fi\/~lsdoecli\/wp-json\/wp\/v2\/media\/7604"}],"wp:attachment":[{"href":"https:\/\/hotelli03.domainhotelli.fi\/~lsdoecli\/wp-json\/wp\/v2\/media?parent=7589"}],"wp:term":[{"taxonomy":"product_cat","embeddable":true,"href":"https:\/\/hotelli03.domainhotelli.fi\/~lsdoecli\/wp-json\/wp\/v2\/product_cat?post=7589"},{"taxonomy":"product_tag","embeddable":true,"href":"https:\/\/hotelli03.domainhotelli.fi\/~lsdoecli\/wp-json\/wp\/v2\/product_tag?post=7589"}],"curies":[{"name":"wp","href":"https:\/\/api.w.org\/{rel}","templated":true}]}}