{"id":7510,"date":"2021-09-30T11:58:19","date_gmt":"2021-09-30T11:58:19","guid":{"rendered":"https:\/\/hotelli03.domainhotelli.fi\/~lsdoecli\/?post_type=product&#038;p=7510"},"modified":"2022-07-23T08:13:33","modified_gmt":"2022-07-23T08:13:33","slug":"kask-kypara-zenith-x-air","status":"publish","type":"product","link":"https:\/\/hotelli03.domainhotelli.fi\/~lsdoecli\/tuote\/kask-kypara-zenith-x-air\/","title":{"rendered":"Kask kyp\u00e4r\u00e4 Zenith X AIR"},"content":{"rendered":"<h1>Kask kyp\u00e4r\u00e4 Zenith X AIR<\/h1>\n<p>Kask kyp\u00e4r\u00e4 Zenith X Air on huippulaadukas suojakyp\u00e4r\u00e4 vaativaan ammattik\u00e4ytt\u00f6\u00f6n. Tuuletettu kyp\u00e4r\u00e4 on varustettu useilla eri todella laadukkailla ominaisuuksilla ja s\u00e4\u00e4d\u00f6ill\u00e4.<\/p>\n<p>Tuuletettu Kask kyp\u00e4r\u00e4 Zenith X Air on suunniteltu teollisuuden, rakennusalan ja pelastust\u00f6iden ammattik\u00e4ytt\u00f6\u00f6n.<\/p>\n<h2>Kask kyp\u00e4r\u00e4 Zenith X Air ominaisuudet<\/h2>\n<ul>\n<li>8 tuuletusreik\u00e4\u00e4 parantavat k\u00e4ytt\u00f6mukavuutta<\/li>\n<li>kevyt paino vain 490g<\/li>\n<li>koko 53-63cm<\/li>\n<li>4-pistekiinnitys<\/li>\n<li>toimivat ja helpot s\u00e4\u00e4t\u00f6mahdollisuudet<\/li>\n<li>EPS-kennorakenne, D-Core-kaksoismateriaaliteknologia<\/li>\n<li>click-in rakenne pehmusteissa, helppo pest\u00e4.<\/li>\n<li>pehmusteet DRY+ antibakteerinen materiaalia<\/li>\n<li>ulkokuoren materiaali: Polypropyleeni HD<\/li>\n<li>sis\u00e4kuoren materiaali: HD -paisutettu polystyreeni<\/li>\n<li>sertifiointi: CE EN 397, EN50365<\/li>\n<li>takuu 3 vuotta<\/li>\n<li>valmistusmaa Italia<\/li>\n<\/ul>\n<p>&nbsp;<\/p>\n<p>Kask kyp\u00e4r\u00e4 Zenith X huippuominaisuuksiin kuuluu EasyClick pikakiinnitysj\u00e4rjestelm\u00e4, jonka avulla pystyt kiinnitt\u00e4m\u00e4\u00e4n kyp\u00e4r\u00e4\u00e4n helposti erilaisia visiireit\u00e4 silmien ja kasvojen suojaksi.<\/p>\n<p>Kyp\u00e4r\u00e4n sivuissa on lovet kuulosuojaimille. Muut lis\u00e4varusteet, kuten <a href=\"https:\/\/hotelli03.domainhotelli.fi\/~lsdoecli\/tuote-osasto\/otsalamput-ja-taskulamput\/otsalamput-halvat-hinnat\/\">otsalamput<\/a> on eritt\u00e4in helppo kiinnitt\u00e4\u00e4 kyp\u00e4r\u00e4\u00e4n ja sen takana ulkopuolella on valmiiksi merkint\u00e4tarrat k\u00e4ytt\u00e4j\u00e4n nimelle ja puhelinnumerolle.<\/p>\n<h2>Kask kyp\u00e4r\u00e4ss\u00e4 4-piste kiinnitys ja erinomainen s\u00e4\u00e4dett\u00e4vyys<\/h2>\n<p>Kask kyp\u00e4r\u00e4 Zenith X pysyy varmasti p\u00e4\u00e4ss\u00e4 ja suojaa sinua huomattavasti paremmin, kuin muut vastaavat kyp\u00e4r\u00e4 mallit. Suojakyp\u00e4r\u00e4 on varustettu 4-pistekiinnityksell\u00e4 ja p\u00e4\u00e4n muotojen mukaan mukautuvilla s\u00e4\u00e4d\u00f6ill\u00e4, kuten niskaosan korkeuden ja kulman s\u00e4\u00e4t\u00f6, jonka ansiosta kyp\u00e4r\u00e4 muotoutuu my\u00f6s niskan alueella t\u00e4ydellisesti.<\/p>\n<p>Kask kyp\u00e4r\u00e4n sis\u00e4puolella oleva EPS-kennorakenne, suojaa p\u00e4\u00e4t\u00e4 iskuilta ja putoavilta esneilt\u00e4, sen D-Core-kaksoismateriaaliteknologialla. Suuritiheyksinen yl\u00e4osa suojaa erityisesti ylh\u00e4\u00e4lt\u00e4 tulevilta iskuilta. Matalatiheyksinen materiaali kennorakenteen alaosassa, tarjoaa erinomaisen suojan muista suunnista tulevilta iskuilta.<\/p>\n<div id='gallery-1' class='gallery galleryid-7510 gallery-columns-5 gallery-size-medium'><figure class='gallery-item'>\n\t\t\t<div class='gallery-icon landscape'>\n\t\t\t\t<a href='https:\/\/hotelli03.domainhotelli.fi\/~lsdoecli\/?attachment_id=7536'><img width=\"300\" height=\"300\" src=\"https:\/\/hotelli03.domainhotelli.fi\/~lsdoecli\/wp-content\/uploads\/2021\/09\/Suojakypara-Kask-Zenith-X-AIR-sisalto-300x300.jpg\" class=\"attachment-medium size-medium\" alt=\"Suojakyp\u00e4r\u00e4 Kask Zenith X AIR sis\u00e4lt\u00e4\" loading=\"lazy\" aria-describedby=\"gallery-1-7536\" \/><\/a>\n\t\t\t<\/div>\n\t\t\t\t<figcaption class='wp-caption-text gallery-caption' id='gallery-1-7536'>\n\t\t\t\tSis\u00e4lt\u00e4\n\t\t\t\t<\/figcaption><\/figure><figure class='gallery-item'>\n\t\t\t<div class='gallery-icon landscape'>\n\t\t\t\t<a href='https:\/\/hotelli03.domainhotelli.fi\/~lsdoecli\/?attachment_id=7538'><img width=\"300\" height=\"300\" src=\"https:\/\/hotelli03.domainhotelli.fi\/~lsdoecli\/wp-content\/uploads\/2021\/09\/Suojakypara-Kask-Zenith-X-AIR-sisaosa-300x300.jpg\" class=\"attachment-medium size-medium\" alt=\"Suojakyp\u00e4r\u00e4 Kask Zenith X AIR sis\u00e4osa\" loading=\"lazy\" aria-describedby=\"gallery-1-7538\" \/><\/a>\n\t\t\t<\/div>\n\t\t\t\t<figcaption class='wp-caption-text gallery-caption' id='gallery-1-7538'>\n\t\t\t\tSis\u00e4osan pehmuste\n\t\t\t\t<\/figcaption><\/figure><figure class='gallery-item'>\n\t\t\t<div class='gallery-icon landscape'>\n\t\t\t\t<a href='https:\/\/hotelli03.domainhotelli.fi\/~lsdoecli\/?attachment_id=7540'><img width=\"300\" height=\"300\" src=\"https:\/\/hotelli03.domainhotelli.fi\/~lsdoecli\/wp-content\/uploads\/2021\/09\/Suojakypara-Kask-Zenith-X-AIR-takaa-300x300.jpg\" class=\"attachment-medium size-medium\" alt=\"Kask kyp\u00e4r\u00e4 Zenith X AIR\" loading=\"lazy\" aria-describedby=\"gallery-1-7540\" \/><\/a>\n\t\t\t<\/div>\n\t\t\t\t<figcaption class='wp-caption-text gallery-caption' id='gallery-1-7540'>\n\t\t\t\tTakaa\n\t\t\t\t<\/figcaption><\/figure><figure class='gallery-item'>\n\t\t\t<div class='gallery-icon landscape'>\n\t\t\t\t<a href='https:\/\/hotelli03.domainhotelli.fi\/~lsdoecli\/?attachment_id=7522'><img width=\"300\" height=\"300\" src=\"https:\/\/hotelli03.domainhotelli.fi\/~lsdoecli\/wp-content\/uploads\/2021\/09\/Suojakypara-Kask-Zenith-X-AIR-edesta-300x300.jpg\" class=\"attachment-medium size-medium\" alt=\"\" loading=\"lazy\" aria-describedby=\"gallery-1-7522\" \/><\/a>\n\t\t\t<\/div>\n\t\t\t\t<figcaption class='wp-caption-text gallery-caption' id='gallery-1-7522'>\n\t\t\t\tEdest\u00e4\n\t\t\t\t<\/figcaption><\/figure><figure class='gallery-item'>\n\t\t\t<div class='gallery-icon landscape'>\n\t\t\t\t<a href='https:\/\/hotelli03.domainhotelli.fi\/~lsdoecli\/?attachment_id=7550'><img width=\"300\" height=\"300\" src=\"https:\/\/hotelli03.domainhotelli.fi\/~lsdoecli\/wp-content\/uploads\/2021\/09\/Suojakypara-Kask-Zenith-X-AIR-ylapuolelta-300x300.jpg\" class=\"attachment-medium size-medium\" alt=\"\" loading=\"lazy\" aria-describedby=\"gallery-1-7550\" \/><\/a>\n\t\t\t<\/div>\n\t\t\t\t<figcaption class='wp-caption-text gallery-caption' id='gallery-1-7550'>\n\t\t\t\tYl\u00e4puolelta\n\t\t\t\t<\/figcaption><\/figure>\n\t\t<\/div>\n\n<h2>Kypr\u00e4s\u00e4ss\u00e4 helposti irroitettava antibakteerinen pehmusta<\/h2>\n<p>Kask kyp\u00e4r\u00e4ss\u00e4 Zenith X Air on antibakteerinen DRY+ pehmuste Click-In ominaisuudella. Pehmusteen saa eritt\u00e4in helposti irti\/kiinni, mik\u00e4 helpottaa pehkusteen pesua. Suojakyp\u00e4r\u00e4n leukahihna on eco-nahkainen, hypoallergeeninen ja pest\u00e4v\u00e4. Kyp\u00e4r\u00e4n ulkokuori on eritt\u00e4in kest\u00e4v\u00e4 ja \u00a0on helpompi puhdistaa.<\/p>\n<p>&nbsp;<\/p>\n<p>&nbsp;<\/p>\n<p><iframe loading=\"lazy\" title=\"KASK Safety || Teaser ZenithX\" width=\"1140\" height=\"641\" src=\"https:\/\/www.youtube.com\/embed\/XYPyw6GiZi8?feature=oembed\" frameborder=\"0\" allow=\"accelerometer; autoplay; clipboard-write; encrypted-media; gyroscope; picture-in-picture\" allowfullscreen><\/iframe><\/p>\n<p>Maahantuoja: <a href=\"https:\/\/www.vandernet.com\">Vandernet Oy<\/a><\/p>\n","protected":false},"excerpt":{"rendered":"<p>Tuuletettu Kask Zenith X Air suojakyp\u00e4r\u00e4 on suunniteltu teollisuuden, rakennusalan, pelastust\u00f6iden jne ammattik\u00e4ytt\u00f6\u00f6n.<\/p>\n<ul>\n<li>Sivuilla ja takana sijaitseviin 8 tuuletusreik\u00e4\u00e4n parantavat k\u00e4ytt\u00f6mukavuutta.<\/li>\n<li>Paino vain 490g<\/li>\n<li>Koko 53-63cm<\/li>\n<li>4-pistekiinnitys<\/li>\n<li>Eritt\u00e4in laajat ja helpot s\u00e4\u00e4t\u00f6mahdollisuudet<\/li>\n<li>EPS-kennorakenne &#8211; D-Core-kaksoismateriaaliteknologia<\/li>\n<li>Click-In rakenne pehmusteissa, helpot pest\u00e4.<\/li>\n<li>Pehmusteet DRY+ materiaalia, jossa antibakteerinen hopeaionik\u00e4sittely.<\/li>\n<li>Ulkokuoren materiaali: Polypropyleeni HD<\/li>\n<li>Sis\u00e4kuoren materiaali: HD -paisutettu polystyreeni<\/li>\n<li>Sertifiointi: CE EN 397, EN50365<\/li>\n<li>Materiaali- ja valmistusvirhetakuu 3 vuotta<\/li>\n<li>Valmistusmaa Italia<\/li>\n<\/ul>\n<p>&nbsp;<\/p>\n<p>Tumman vihre\u00e4 on tilaustuote, toimitusaika noin 1 kuukausi.<\/p>\n","protected":false},"featured_media":7552,"comment_status":"open","ping_status":"closed","template":"","meta":[],"product_cat":[872],"product_tag":[869,870,879,877],"yoast_head":"<!-- This site is optimized with the Yoast SEO Premium plugin v18.9 (Yoast SEO v19.3) - https:\/\/yoast.com\/wordpress\/plugins\/seo\/ -->\n<title>Kask kyp\u00e4r\u00e4 Zenith X AIR | JV Tuonti<\/title>\n<meta name=\"description\" content=\"Kask kyp\u00e4r\u00e4 Zenith X AIR on huippulaadukas suojakyp\u00e4r\u00e4 vaativaan ammattik\u00e4ytt\u00f6\u00f6n. Tilaa kevyt kyp\u00e4r\u00e4 helposti verkkokaupasta!\" \/>\n<meta name=\"robots\" content=\"index, follow, max-snippet:-1, max-image-preview:large, max-video-preview:-1\" \/>\n<link rel=\"canonical\" href=\"https:\/\/hotelli03.domainhotelli.fi\/~lsdoecli\/tuote\/kask-kypara-zenith-x-air\/\" \/>\n<meta property=\"og:locale\" content=\"fi_FI\" \/>\n<meta property=\"og:type\" content=\"article\" \/>\n<meta property=\"og:title\" content=\"Kask kyp\u00e4r\u00e4 Zenith X AIR\" \/>\n<meta property=\"og:description\" content=\"Kask kyp\u00e4r\u00e4 Zenith X AIR on huippulaadukas suojakyp\u00e4r\u00e4 vaativaan ammattik\u00e4ytt\u00f6\u00f6n. Tilaa kevyt kyp\u00e4r\u00e4 helposti verkkokaupasta!\" \/>\n<meta property=\"og:url\" content=\"https:\/\/hotelli03.domainhotelli.fi\/~lsdoecli\/tuote\/kask-kypara-zenith-x-air\/\" \/>\n<meta property=\"og:site_name\" content=\"JV Tuonti\" \/>\n<meta property=\"article:publisher\" content=\"https:\/\/www.facebook.com\/JVTuontiOy\" \/>\n<meta property=\"article:modified_time\" content=\"2022-07-23T08:13:33+00:00\" \/>\n<meta property=\"og:image\" content=\"https:\/\/hotelli03.domainhotelli.fi\/~lsdoecli\/wp-content\/uploads\/2021\/09\/Suojakypara-Kask-Zenith-X-AIR-kaikki-varit.jpg\" \/>\n\t<meta property=\"og:image:width\" content=\"600\" \/>\n\t<meta property=\"og:image:height\" content=\"600\" \/>\n\t<meta property=\"og:image:type\" content=\"image\/jpeg\" \/>\n<meta name=\"twitter:card\" content=\"summary_large_image\" \/>\n<meta name=\"twitter:label1\" content=\"Availability\" \/>\n\t<meta name=\"twitter:data1\" content=\"In stock\" \/>\n<script type=\"application\/ld+json\" class=\"yoast-schema-graph\">{\"@context\":\"https:\/\/schema.org\",\"@graph\":[{\"@type\":[\"Organization\",\"Place\",\"WholesaleStore\"],\"@id\":\"https:\/\/hotelli03.domainhotelli.fi\/~lsdoecli\/#organization\",\"name\":\"JV Tuonti Oy\",\"url\":\"https:\/\/hotelli03.domainhotelli.fi\/~lsdoecli\/\",\"sameAs\":[\"https:\/\/instagram.com\/jvtuontioy?utm_medium=copy_link\",\"https:\/\/www.facebook.com\/JVTuontiOy\"],\"logo\":{\"@id\":\"https:\/\/hotelli03.domainhotelli.fi\/~lsdoecli\/tuote\/kask-kypara-zenith-x-air\/#local-main-organization-logo\"},\"image\":{\"@id\":\"https:\/\/hotelli03.domainhotelli.fi\/~lsdoecli\/tuote\/kask-kypara-zenith-x-air\/#local-main-organization-logo\"},\"address\":{\"@id\":\"https:\/\/hotelli03.domainhotelli.fi\/~lsdoecli\/tuote\/kask-kypara-zenith-x-air\/#local-main-place-address\"},\"geo\":{\"@type\":\"GeoCoordinates\",\"latitude\":\"60.28431\",\"longitude\":\"24.81654\"},\"telephone\":[\"0408369980\"],\"openingHoursSpecification\":[{\"@type\":\"OpeningHoursSpecification\",\"dayOfWeek\":[\"Monday\",\"Tuesday\",\"Wednesday\",\"Thursday\",\"Friday\"],\"opens\":\"08:00\",\"closes\":\"16:00\"},{\"@type\":\"OpeningHoursSpecification\",\"dayOfWeek\":[\"Saturday\",\"Sunday\"],\"opens\":\"00:00\",\"closes\":\"00:00\"}],\"email\":\"myynti@hotelli03.domainhotelli.fi\",\"areaServed\":\"Suomi, Ruotsi\",\"vatID\":\"FI30178387\",\"priceRange\":\"$$\",\"currenciesAccepted\":\"\u20ac\",\"paymentAccepted\":\"Lasku, pankkikortti\"},{\"@type\":\"WebSite\",\"@id\":\"https:\/\/hotelli03.domainhotelli.fi\/~lsdoecli\/#website\",\"url\":\"https:\/\/hotelli03.domainhotelli.fi\/~lsdoecli\/\",\"name\":\"JV Tuonti\",\"description\":\"JV Tuonti Oy:n verkkokauppa\",\"publisher\":{\"@id\":\"https:\/\/hotelli03.domainhotelli.fi\/~lsdoecli\/#organization\"},\"potentialAction\":[{\"@type\":\"SearchAction\",\"target\":{\"@type\":\"EntryPoint\",\"urlTemplate\":\"https:\/\/hotelli03.domainhotelli.fi\/~lsdoecli\/?s={search_term_string}\"},\"query-input\":\"required name=search_term_string\"}],\"inLanguage\":\"fi\"},{\"@type\":\"ImageObject\",\"inLanguage\":\"fi\",\"@id\":\"https:\/\/hotelli03.domainhotelli.fi\/~lsdoecli\/tuote\/kask-kypara-zenith-x-air\/#primaryimage\",\"url\":\"https:\/\/hotelli03.domainhotelli.fi\/~lsdoecli\/wp-content\/uploads\/2021\/09\/Suojakypara-Kask-Zenith-X-AIR-kaikki-varit.jpg\",\"contentUrl\":\"https:\/\/hotelli03.domainhotelli.fi\/~lsdoecli\/wp-content\/uploads\/2021\/09\/Suojakypara-Kask-Zenith-X-AIR-kaikki-varit.jpg\",\"width\":600,\"height\":600,\"caption\":\"Kask kyp\u00e4r\u00e4 Zenith X AIR\"},{\"@type\":\"WebPage\",\"@id\":\"https:\/\/hotelli03.domainhotelli.fi\/~lsdoecli\/tuote\/kask-kypara-zenith-x-air\/\",\"url\":\"https:\/\/hotelli03.domainhotelli.fi\/~lsdoecli\/tuote\/kask-kypara-zenith-x-air\/\",\"name\":\"Kask kyp\u00e4r\u00e4 Zenith X AIR | JV Tuonti\",\"isPartOf\":{\"@id\":\"https:\/\/hotelli03.domainhotelli.fi\/~lsdoecli\/#website\"},\"primaryImageOfPage\":{\"@id\":\"https:\/\/hotelli03.domainhotelli.fi\/~lsdoecli\/tuote\/kask-kypara-zenith-x-air\/#primaryimage\"},\"datePublished\":\"2021-09-30T11:58:19+00:00\",\"dateModified\":\"2022-07-23T08:13:33+00:00\",\"description\":\"Kask kyp\u00e4r\u00e4 Zenith X AIR on huippulaadukas suojakyp\u00e4r\u00e4 vaativaan ammattik\u00e4ytt\u00f6\u00f6n. Tilaa kevyt kyp\u00e4r\u00e4 helposti verkkokaupasta!\",\"breadcrumb\":{\"@id\":\"https:\/\/hotelli03.domainhotelli.fi\/~lsdoecli\/tuote\/kask-kypara-zenith-x-air\/#breadcrumb\"},\"inLanguage\":\"fi\",\"potentialAction\":[{\"@type\":\"ReadAction\",\"target\":[\"https:\/\/hotelli03.domainhotelli.fi\/~lsdoecli\/tuote\/kask-kypara-zenith-x-air\/\"]}]},{\"@type\":\"BreadcrumbList\",\"@id\":\"https:\/\/hotelli03.domainhotelli.fi\/~lsdoecli\/tuote\/kask-kypara-zenith-x-air\/#breadcrumb\",\"itemListElement\":[{\"@type\":\"ListItem\",\"position\":1,\"name\":\"Etusivu\",\"item\":\"https:\/\/hotelli03.domainhotelli.fi\/~lsdoecli\/\"},{\"@type\":\"ListItem\",\"position\":2,\"name\":\"Kauppa\",\"item\":\"https:\/\/hotelli03.domainhotelli.fi\/~lsdoecli\/kauppa\/\"},{\"@type\":\"ListItem\",\"position\":3,\"name\":\"Kask kyp\u00e4r\u00e4 Zenith X AIR\"}]},{\"@type\":\"PostalAddress\",\"@id\":\"https:\/\/hotelli03.domainhotelli.fi\/~lsdoecli\/tuote\/kask-kypara-zenith-x-air\/#local-main-place-address\",\"streetAddress\":\"Pyymosantie 5a\",\"addressLocality\":\"Vantaa\",\"postalCode\":\"01720\",\"addressCountry\":\"FI\"},{\"@type\":\"ImageObject\",\"inLanguage\":\"fi\",\"@id\":\"https:\/\/hotelli03.domainhotelli.fi\/~lsdoecli\/tuote\/kask-kypara-zenith-x-air\/#local-main-organization-logo\",\"url\":\"https:\/\/hotelli03.domainhotelli.fi\/~lsdoecli\/wp-content\/uploads\/2021\/08\/JVTuonti_logo_nelio.jpg\",\"contentUrl\":\"https:\/\/hotelli03.domainhotelli.fi\/~lsdoecli\/wp-content\/uploads\/2021\/08\/JVTuonti_logo_nelio.jpg\",\"width\":550,\"height\":550,\"caption\":\"JV Tuonti Oy\"}]}<\/script>\n<meta property=\"og:video\" content=\"https:\/\/www.youtube.com\/embed\/XYPyw6GiZi8\" \/>\n<meta property=\"og:video:type\" content=\"text\/html\" \/>\n<meta property=\"og:video:duration\" content=\"106\" \/>\n<meta property=\"og:video:width\" content=\"480\" \/>\n<meta property=\"og:video:height\" content=\"270\" \/>\n<meta property=\"ya:ovs:adult\" content=\"false\" \/>\n<meta property=\"ya:ovs:upload_date\" content=\"2021-09-30T11:58:19+00:00\" \/>\n<meta property=\"ya:ovs:allow_embed\" content=\"true\" \/>\n<meta property=\"product:brand\" content=\"Kask\" \/>\n<meta property=\"og:availability\" content=\"instock\" \/>\n<meta property=\"product:availability\" content=\"instock\" \/>\n<meta property=\"product:retailer_item_id\" content=\"WHE00073\" \/>\n<meta property=\"product:condition\" content=\"new\" \/>\n<meta name=\"geo.placename\" content=\"Vantaa\" \/>\n<meta name=\"geo.position\" content=\"60.28431;24.81654\" \/>\n<meta name=\"geo.region\" content=\"Suomi\" \/>\n<!-- \/ Yoast SEO Premium plugin. -->","yoast_head_json":{"title":"Kask kyp\u00e4r\u00e4 Zenith X AIR | JV Tuonti","description":"Kask kyp\u00e4r\u00e4 Zenith X AIR on huippulaadukas suojakyp\u00e4r\u00e4 vaativaan ammattik\u00e4ytt\u00f6\u00f6n. Tilaa kevyt kyp\u00e4r\u00e4 helposti verkkokaupasta!","robots":{"index":"index","follow":"follow","max-snippet":"max-snippet:-1","max-image-preview":"max-image-preview:large","max-video-preview":"max-video-preview:-1"},"canonical":"https:\/\/hotelli03.domainhotelli.fi\/~lsdoecli\/tuote\/kask-kypara-zenith-x-air\/","og_locale":"fi_FI","og_type":"article","og_title":"Kask kyp\u00e4r\u00e4 Zenith X AIR","og_description":"Kask kyp\u00e4r\u00e4 Zenith X AIR on huippulaadukas suojakyp\u00e4r\u00e4 vaativaan ammattik\u00e4ytt\u00f6\u00f6n. Tilaa kevyt kyp\u00e4r\u00e4 helposti verkkokaupasta!","og_url":"https:\/\/hotelli03.domainhotelli.fi\/~lsdoecli\/tuote\/kask-kypara-zenith-x-air\/","og_site_name":"JV Tuonti","article_publisher":"https:\/\/www.facebook.com\/JVTuontiOy","article_modified_time":"2022-07-23T08:13:33+00:00","og_image":[{"width":600,"height":600,"url":"https:\/\/hotelli03.domainhotelli.fi\/~lsdoecli\/wp-content\/uploads\/2021\/09\/Suojakypara-Kask-Zenith-X-AIR-kaikki-varit.jpg","type":"image\/jpeg"}],"twitter_card":"summary_large_image","twitter_misc":{"Availability":"In stock"},"schema":{"@context":"https:\/\/schema.org","@graph":[{"@type":["Organization","Place","WholesaleStore"],"@id":"https:\/\/hotelli03.domainhotelli.fi\/~lsdoecli\/#organization","name":"JV Tuonti Oy","url":"https:\/\/hotelli03.domainhotelli.fi\/~lsdoecli\/","sameAs":["https:\/\/instagram.com\/jvtuontioy?utm_medium=copy_link","https:\/\/www.facebook.com\/JVTuontiOy"],"logo":{"@id":"https:\/\/hotelli03.domainhotelli.fi\/~lsdoecli\/tuote\/kask-kypara-zenith-x-air\/#local-main-organization-logo"},"image":{"@id":"https:\/\/hotelli03.domainhotelli.fi\/~lsdoecli\/tuote\/kask-kypara-zenith-x-air\/#local-main-organization-logo"},"address":{"@id":"https:\/\/hotelli03.domainhotelli.fi\/~lsdoecli\/tuote\/kask-kypara-zenith-x-air\/#local-main-place-address"},"geo":{"@type":"GeoCoordinates","latitude":"60.28431","longitude":"24.81654"},"telephone":["0408369980"],"openingHoursSpecification":[{"@type":"OpeningHoursSpecification","dayOfWeek":["Monday","Tuesday","Wednesday","Thursday","Friday"],"opens":"08:00","closes":"16:00"},{"@type":"OpeningHoursSpecification","dayOfWeek":["Saturday","Sunday"],"opens":"00:00","closes":"00:00"}],"email":"myynti@hotelli03.domainhotelli.fi","areaServed":"Suomi, Ruotsi","vatID":"FI30178387","priceRange":"$$","currenciesAccepted":"\u20ac","paymentAccepted":"Lasku, pankkikortti"},{"@type":"WebSite","@id":"https:\/\/hotelli03.domainhotelli.fi\/~lsdoecli\/#website","url":"https:\/\/hotelli03.domainhotelli.fi\/~lsdoecli\/","name":"JV Tuonti","description":"JV Tuonti Oy:n verkkokauppa","publisher":{"@id":"https:\/\/hotelli03.domainhotelli.fi\/~lsdoecli\/#organization"},"potentialAction":[{"@type":"SearchAction","target":{"@type":"EntryPoint","urlTemplate":"https:\/\/hotelli03.domainhotelli.fi\/~lsdoecli\/?s={search_term_string}"},"query-input":"required name=search_term_string"}],"inLanguage":"fi"},{"@type":"ImageObject","inLanguage":"fi","@id":"https:\/\/hotelli03.domainhotelli.fi\/~lsdoecli\/tuote\/kask-kypara-zenith-x-air\/#primaryimage","url":"https:\/\/hotelli03.domainhotelli.fi\/~lsdoecli\/wp-content\/uploads\/2021\/09\/Suojakypara-Kask-Zenith-X-AIR-kaikki-varit.jpg","contentUrl":"https:\/\/hotelli03.domainhotelli.fi\/~lsdoecli\/wp-content\/uploads\/2021\/09\/Suojakypara-Kask-Zenith-X-AIR-kaikki-varit.jpg","width":600,"height":600,"caption":"Kask kyp\u00e4r\u00e4 Zenith X AIR"},{"@type":"WebPage","@id":"https:\/\/hotelli03.domainhotelli.fi\/~lsdoecli\/tuote\/kask-kypara-zenith-x-air\/","url":"https:\/\/hotelli03.domainhotelli.fi\/~lsdoecli\/tuote\/kask-kypara-zenith-x-air\/","name":"Kask kyp\u00e4r\u00e4 Zenith X AIR | JV Tuonti","isPartOf":{"@id":"https:\/\/hotelli03.domainhotelli.fi\/~lsdoecli\/#website"},"primaryImageOfPage":{"@id":"https:\/\/hotelli03.domainhotelli.fi\/~lsdoecli\/tuote\/kask-kypara-zenith-x-air\/#primaryimage"},"datePublished":"2021-09-30T11:58:19+00:00","dateModified":"2022-07-23T08:13:33+00:00","description":"Kask kyp\u00e4r\u00e4 Zenith X AIR on huippulaadukas suojakyp\u00e4r\u00e4 vaativaan ammattik\u00e4ytt\u00f6\u00f6n. Tilaa kevyt kyp\u00e4r\u00e4 helposti verkkokaupasta!","breadcrumb":{"@id":"https:\/\/hotelli03.domainhotelli.fi\/~lsdoecli\/tuote\/kask-kypara-zenith-x-air\/#breadcrumb"},"inLanguage":"fi","potentialAction":[{"@type":"ReadAction","target":["https:\/\/hotelli03.domainhotelli.fi\/~lsdoecli\/tuote\/kask-kypara-zenith-x-air\/"]}]},{"@type":"BreadcrumbList","@id":"https:\/\/hotelli03.domainhotelli.fi\/~lsdoecli\/tuote\/kask-kypara-zenith-x-air\/#breadcrumb","itemListElement":[{"@type":"ListItem","position":1,"name":"Etusivu","item":"https:\/\/hotelli03.domainhotelli.fi\/~lsdoecli\/"},{"@type":"ListItem","position":2,"name":"Kauppa","item":"https:\/\/hotelli03.domainhotelli.fi\/~lsdoecli\/kauppa\/"},{"@type":"ListItem","position":3,"name":"Kask kyp\u00e4r\u00e4 Zenith X AIR"}]},{"@type":"PostalAddress","@id":"https:\/\/hotelli03.domainhotelli.fi\/~lsdoecli\/tuote\/kask-kypara-zenith-x-air\/#local-main-place-address","streetAddress":"Pyymosantie 5a","addressLocality":"Vantaa","postalCode":"01720","addressCountry":"FI"},{"@type":"ImageObject","inLanguage":"fi","@id":"https:\/\/hotelli03.domainhotelli.fi\/~lsdoecli\/tuote\/kask-kypara-zenith-x-air\/#local-main-organization-logo","url":"https:\/\/hotelli03.domainhotelli.fi\/~lsdoecli\/wp-content\/uploads\/2021\/08\/JVTuonti_logo_nelio.jpg","contentUrl":"https:\/\/hotelli03.domainhotelli.fi\/~lsdoecli\/wp-content\/uploads\/2021\/08\/JVTuonti_logo_nelio.jpg","width":550,"height":550,"caption":"JV Tuonti Oy"}]},"og_video":"https:\/\/www.youtube.com\/embed\/XYPyw6GiZi8","og_video_type":"text\/html","og_video_duration":"106","og_video_width":"480","og_video_height":"270","ya_ovs_adult":"false","ya_ovs_upload_date":"2021-09-30T11:58:19+00:00","ya_ovs_allow_embed":"true","product_brand":"Kask","og_availability":"instock","product_availability":"instock","product_retailer_item_id":"WHE00073","product_condition":"new","geo.placename":"Vantaa","geo.position":{"lat":"60.28431","long":"24.81654"},"geo.region":"Suomi"},"_links":{"self":[{"href":"https:\/\/hotelli03.domainhotelli.fi\/~lsdoecli\/wp-json\/wp\/v2\/product\/7510"}],"collection":[{"href":"https:\/\/hotelli03.domainhotelli.fi\/~lsdoecli\/wp-json\/wp\/v2\/product"}],"about":[{"href":"https:\/\/hotelli03.domainhotelli.fi\/~lsdoecli\/wp-json\/wp\/v2\/types\/product"}],"replies":[{"embeddable":true,"href":"https:\/\/hotelli03.domainhotelli.fi\/~lsdoecli\/wp-json\/wp\/v2\/comments?post=7510"}],"wp:featuredmedia":[{"embeddable":true,"href":"https:\/\/hotelli03.domainhotelli.fi\/~lsdoecli\/wp-json\/wp\/v2\/media\/7552"}],"wp:attachment":[{"href":"https:\/\/hotelli03.domainhotelli.fi\/~lsdoecli\/wp-json\/wp\/v2\/media?parent=7510"}],"wp:term":[{"taxonomy":"product_cat","embeddable":true,"href":"https:\/\/hotelli03.domainhotelli.fi\/~lsdoecli\/wp-json\/wp\/v2\/product_cat?post=7510"},{"taxonomy":"product_tag","embeddable":true,"href":"https:\/\/hotelli03.domainhotelli.fi\/~lsdoecli\/wp-json\/wp\/v2\/product_tag?post=7510"}],"curies":[{"name":"wp","href":"https:\/\/api.w.org\/{rel}","templated":true}]}}