{"id":7446,"date":"2021-09-29T10:18:43","date_gmt":"2021-09-29T10:18:43","guid":{"rendered":"https:\/\/hotelli03.domainhotelli.fi\/~lsdoecli\/?post_type=product&#038;p=7446"},"modified":"2021-09-29T17:48:03","modified_gmt":"2021-09-29T17:48:03","slug":"suojakypara-kask-plasma-hi-viz","status":"publish","type":"product","link":"https:\/\/hotelli03.domainhotelli.fi\/~lsdoecli\/tuote\/suojakypara-kask-plasma-hi-viz\/","title":{"rendered":"Suojakyp\u00e4r\u00e4 Kask Plasma HI VIZ"},"content":{"rendered":"<h2>Suojakyp\u00e4r\u00e4 Kask Plasma HI VIZ versio on erinomainen kyp\u00e4r\u00e4 jolla varmistut, ett\u00e4 n\u00e4yt miss\u00e4 tahansa.<\/h2>\n<p>Kyp\u00e4r\u00e4 on suunniteltu esimerkiksi teollisuuteen ja rakennusalalle mutta my\u00f6s muihin t\u00f6ihin. T\u00e4ll\u00e4 suojakyp\u00e4r\u00e4ll\u00e4 et j\u00e4\u00e4 huomaamatta pime\u00e4ss\u00e4k\u00e4\u00e4n heijastimien ansiosta!<\/p>\n<p>Saatavilla kahdella v\u00e4riss\u00e4 keltainen ja oranssi.<\/p>\n<ul>\n<li>Kevyt, ergonominen ja mukava p\u00e4\u00e4ss\u00e4.<\/li>\n<li>Koko: 51-63cm<\/li>\n<li>Helppo s\u00e4\u00e4t\u00f6py\u00f6r\u00e4<\/li>\n<li>Pehmusteet teknist\u00e4 2DRY materiaalia<\/li>\n<li>Ulkokuoren materiaali: Polyproplyleeni<\/li>\n<li>Sis\u00e4 materiaali: HD Polystreeni<\/li>\n<li>AirGrid verkko tuuletusaukoissa<\/li>\n<li>Sertifiointi: CE EN 397<\/li>\n<li>EN 397 lis\u00e4vaatimukset: MM, LD, -30\u00b0C<\/li>\n<li>Materiaali- ja valmistusvirhetakuu 3 vuotta<\/li>\n<li>Valmistusmaa: Italia<\/li>\n<\/ul>\n<p>&nbsp;<\/p>\n<p>Kyp\u00e4r\u00e4n pehmusteet ovat tehokkaasti kosteutta siirt\u00e4v\u00e4\u00e4 2DRY materiaalia, jonka avulla kyp\u00e4r\u00e4 on mukava pit\u00e4\u00e4 p\u00e4\u00e4ss\u00e4 koko ty\u00f6p\u00e4iv\u00e4n ajan. K\u00e4ytt\u00f6mukavuutta lis\u00e4\u00e4 helppo hanskatkin k\u00e4dess\u00e4 toimiva s\u00e4\u00e4t\u00f6py\u00f6r\u00e4, sis\u00e4osan kennorakenne sallii kennon ja kuoren v\u00e4liss\u00e4 ilmakanavat sek\u00e4 paremman iskunvaimennusominaisuudet. Kyp\u00e4r\u00e4ss\u00e4 ei my\u00f6sk\u00e4\u00e4n ole t\u00f6it\u00e4 h\u00e4iritsev\u00e4\u00e4 lippaa.\u00a0Integroidut poikkeuksellisen helppok\u00e4ytt\u00f6iset kiinnikkeet <a href=\"https:\/\/hotelli03.domainhotelli.fi\/~lsdoecli\/tuote-osasto\/otsalamput-ja-taskulamput\/otsalamput-halvat-hinnat\/\">otsalampun<\/a> kiinnitt\u00e4miseksi otsapannalla, ja edess\u00e4 pidike pit\u00e4\u00e4 valaisimen oikealla paikallaan.<\/p>\n<p>Suojakyp\u00e4r\u00e4 HI VIZ 4-pistehihnat pit\u00e4v\u00e4t kyp\u00e4r\u00e4n p\u00e4\u00e4ss\u00e4 tiukassakin paikassa. Hihna on my\u00f6s varustettu lenkill\u00e4, josta sen saa roikkumaan mukavasti duuni vaatteisiin tai reppuun.<\/p>\n<p>Kyp\u00e4r\u00e4\u00e4n saatavilla kattava valikoima lis\u00e4varusteita kuten kuulosuojaimia, silmiensuojain visiirej\u00e4, kokokasvosuojain visiirej\u00e4 ja paljon muuta. HUOM, JOTTA VOIT K\u00c4YTT\u00c4\u00c4 SUOJAKYP\u00c4R\u00c4\u00c4N KIINNITETT\u00c4VI\u00c4 KUULOSUOJAIMIA TARVITSET -&gt; Plasma kuulosuojainadapteripari (WAC00003-)<\/p>\n<p>&nbsp;<\/p>\n<h4>Testattu suojaamaan p\u00e4\u00e4t\u00e4 seuraavien testimenetelmien mukaisesti:<\/h4>\n<p>EN397 standardin pakolliset vaatimukset:<br \/>\n5.1.1. Putoavan yksitt\u00e4isen esineen aiheuttaman iskunvaimennuksen osalta (5 kg 1 m korkeudelta)<br \/>\n5.1.2. Kyp\u00e4r\u00e4\u00e4n tunkeutuvan yksitt\u00e4isen esineen osalta<br \/>\n5.1.3. Liekinkest\u00e4vyyden osalta<br \/>\n5.1.4. Leukahihnan aukeamisen osalta pysyy kiinni 15 daN (kg) nyk\u00e4isyst\u00e4 ja aukeaa viimeist\u00e4\u00e4n 25 daN (kg) nyk\u00e4isyst\u00e4<br \/>\nEN397 standardin vapaaehtoiset vaatimukset:<br \/>\n5.2.1. Kylmiss\u00e4 l\u00e4mp\u00f6tiloissa suojaavuuden osalta (-30C)<br \/>\n5.2.4. Sivupuristuksen suojan osalta<br \/>\n5.2.5. Sulan metalliroiskeen suojan osalta<\/p>\n<h4>T\u00e4ytt\u00e4\u00e4 EN12492 standardin pakolliset vaatimukset:<\/h4>\n<p>4.2.1.1 Yli metrin korkeudelta putoavien esineiden aiheuttaman iskunvaimennuksen osalta (5 kg 2 m korkeudelta)<br \/>\n4.2.1.2 Edest\u00e4 tulevien iskujen osalta (5 kg 0,5 m et\u00e4isyydelt\u00e4)<br \/>\n4.2.1.3 Sivuilta tulevien iskujen osalta (5 kg 0,5 m et\u00e4isyydelt\u00e4)<br \/>\n4.2.1.4 Takaa tulevien iskujen osalta (5 kg 0,5 m et\u00e4isyydelt\u00e4)<br \/>\n4.2.2 Kyp\u00e4r\u00e4\u00e4n tunkeutuvan useamman esineen osalta (3 kg ter\u00e4v\u00e4 paino 1 m korkeudelta 2x)<br \/>\n4.2.4 Tilttaavuustestin osalta (10 kg putoava taakka rep\u00e4isee kyp\u00e4r\u00e4n helmasta yl\u00f6sp\u00e4in edest\u00e4 ja takaa)<\/p>\n<p>&nbsp;<\/p>\n<p>Suojakyp\u00e4r\u00e4 Kask Plasma AQ Maksimielinik\u00e4 10 vuotta<\/p>\n<p>Maahantuoja: <a href=\"https:\/\/www.vandernet.com\">Vandernet Oy<\/a><\/p>\n","protected":false},"excerpt":{"rendered":"<ul>\n<li>Eritt\u00e4in hyvin n\u00e4kyv\u00e4 HI VIZ versio heijastin tarroilla<\/li>\n<li>Paino vain 390g<\/li>\n<li>4-pistekiinnitys<\/li>\n<li>Kevyt, ergonominen ja mukava p\u00e4\u00e4ss\u00e4.<\/li>\n<li>Koko: 51-63cm<\/li>\n<li>Helppo s\u00e4\u00e4t\u00f6py\u00f6r\u00e4<\/li>\n<li>Pehmusteet teknist\u00e4 2DRY materiaalia<\/li>\n<li>Ulkokuoren materiaali: Polyproplyleeni<\/li>\n<li>Sis\u00e4 materiaali: HD Polystreeni<\/li>\n<li>AirGrid verkko tuuletusaukoissa<\/li>\n<li>Sertifiointi: CE EN 397<\/li>\n<\/ul>\n","protected":false},"featured_media":7457,"comment_status":"open","ping_status":"closed","template":"","meta":[],"product_cat":[872],"product_tag":[871,869,878,870,877],"yoast_head":"<!-- This site is optimized with the Yoast SEO Premium plugin v18.9 (Yoast SEO v19.3) - https:\/\/yoast.com\/wordpress\/plugins\/seo\/ -->\n<title>Suojakyp\u00e4r\u00e4 Kask Plasma HI VIZ | JV Tuonti<\/title>\n<meta name=\"description\" content=\"Eritt\u00e4in kevyt, vain 390 g painava tuuletettu suojakyp\u00e4r\u00e4 HI VIZ monipistehihnastolla. Suunniteltu teollisuuteen, rakennusalalle, jne.\" \/>\n<meta name=\"robots\" content=\"index, follow, max-snippet:-1, max-image-preview:large, max-video-preview:-1\" \/>\n<link rel=\"canonical\" href=\"https:\/\/hotelli03.domainhotelli.fi\/~lsdoecli\/tuote\/suojakypara-kask-plasma-hi-viz\/\" \/>\n<meta property=\"og:locale\" content=\"fi_FI\" \/>\n<meta property=\"og:type\" content=\"article\" \/>\n<meta property=\"og:title\" content=\"Suojakyp\u00e4r\u00e4 Kask Plasma HI VIZ\" \/>\n<meta property=\"og:description\" content=\"Eritt\u00e4in kevyt, vain 390 g painava tuuletettu suojakyp\u00e4r\u00e4 HI VIZ monipistehihnastolla. Suunniteltu teollisuuteen, rakennusalalle, jne.\" \/>\n<meta property=\"og:url\" content=\"https:\/\/hotelli03.domainhotelli.fi\/~lsdoecli\/tuote\/suojakypara-kask-plasma-hi-viz\/\" \/>\n<meta property=\"og:site_name\" content=\"JV Tuonti\" \/>\n<meta property=\"article:publisher\" content=\"https:\/\/www.facebook.com\/JVTuontiOy\" \/>\n<meta property=\"article:modified_time\" content=\"2021-09-29T17:48:03+00:00\" \/>\n<meta property=\"og:image\" content=\"https:\/\/hotelli03.domainhotelli.fi\/~lsdoecli\/wp-content\/uploads\/2021\/09\/Suojakypara-Kask-Plasma-HI-VIZ-oranssi.jpg\" \/>\n\t<meta property=\"og:image:width\" content=\"600\" \/>\n\t<meta property=\"og:image:height\" content=\"600\" \/>\n\t<meta property=\"og:image:type\" content=\"image\/jpeg\" \/>\n<meta name=\"twitter:card\" content=\"summary_large_image\" \/>\n<meta name=\"twitter:label1\" content=\"Availability\" \/>\n\t<meta name=\"twitter:data1\" content=\"In stock\" \/>\n<script type=\"application\/ld+json\" class=\"yoast-schema-graph\">{\"@context\":\"https:\/\/schema.org\",\"@graph\":[{\"@type\":[\"Organization\",\"Place\",\"WholesaleStore\"],\"@id\":\"https:\/\/hotelli03.domainhotelli.fi\/~lsdoecli\/#organization\",\"name\":\"JV Tuonti Oy\",\"url\":\"https:\/\/hotelli03.domainhotelli.fi\/~lsdoecli\/\",\"sameAs\":[\"https:\/\/instagram.com\/jvtuontioy?utm_medium=copy_link\",\"https:\/\/www.facebook.com\/JVTuontiOy\"],\"logo\":{\"@id\":\"https:\/\/hotelli03.domainhotelli.fi\/~lsdoecli\/tuote\/suojakypara-kask-plasma-hi-viz\/#local-main-organization-logo\"},\"image\":{\"@id\":\"https:\/\/hotelli03.domainhotelli.fi\/~lsdoecli\/tuote\/suojakypara-kask-plasma-hi-viz\/#local-main-organization-logo\"},\"address\":{\"@id\":\"https:\/\/hotelli03.domainhotelli.fi\/~lsdoecli\/tuote\/suojakypara-kask-plasma-hi-viz\/#local-main-place-address\"},\"geo\":{\"@type\":\"GeoCoordinates\",\"latitude\":\"60.28431\",\"longitude\":\"24.81654\"},\"telephone\":[\"0408369980\"],\"openingHoursSpecification\":[{\"@type\":\"OpeningHoursSpecification\",\"dayOfWeek\":[\"Monday\",\"Tuesday\",\"Wednesday\",\"Thursday\",\"Friday\"],\"opens\":\"08:00\",\"closes\":\"16:00\"},{\"@type\":\"OpeningHoursSpecification\",\"dayOfWeek\":[\"Saturday\",\"Sunday\"],\"opens\":\"00:00\",\"closes\":\"00:00\"}],\"email\":\"myynti@hotelli03.domainhotelli.fi\",\"areaServed\":\"Suomi, Ruotsi\",\"vatID\":\"FI30178387\",\"priceRange\":\"$$\",\"currenciesAccepted\":\"\u20ac\",\"paymentAccepted\":\"Lasku, pankkikortti\"},{\"@type\":\"WebSite\",\"@id\":\"https:\/\/hotelli03.domainhotelli.fi\/~lsdoecli\/#website\",\"url\":\"https:\/\/hotelli03.domainhotelli.fi\/~lsdoecli\/\",\"name\":\"JV Tuonti\",\"description\":\"JV Tuonti Oy:n verkkokauppa\",\"publisher\":{\"@id\":\"https:\/\/hotelli03.domainhotelli.fi\/~lsdoecli\/#organization\"},\"potentialAction\":[{\"@type\":\"SearchAction\",\"target\":{\"@type\":\"EntryPoint\",\"urlTemplate\":\"https:\/\/hotelli03.domainhotelli.fi\/~lsdoecli\/?s={search_term_string}\"},\"query-input\":\"required name=search_term_string\"}],\"inLanguage\":\"fi\"},{\"@type\":\"ImageObject\",\"inLanguage\":\"fi\",\"@id\":\"https:\/\/hotelli03.domainhotelli.fi\/~lsdoecli\/tuote\/suojakypara-kask-plasma-hi-viz\/#primaryimage\",\"url\":\"https:\/\/hotelli03.domainhotelli.fi\/~lsdoecli\/wp-content\/uploads\/2021\/09\/Suojakypara-Kask-Plasma-HI-VIZ-oranssi.jpg\",\"contentUrl\":\"https:\/\/hotelli03.domainhotelli.fi\/~lsdoecli\/wp-content\/uploads\/2021\/09\/Suojakypara-Kask-Plasma-HI-VIZ-oranssi.jpg\",\"width\":600,\"height\":600,\"caption\":\"Suojakyp\u00e4r\u00e4 Kask Plasma HI VIZ\"},{\"@type\":\"WebPage\",\"@id\":\"https:\/\/hotelli03.domainhotelli.fi\/~lsdoecli\/tuote\/suojakypara-kask-plasma-hi-viz\/\",\"url\":\"https:\/\/hotelli03.domainhotelli.fi\/~lsdoecli\/tuote\/suojakypara-kask-plasma-hi-viz\/\",\"name\":\"Suojakyp\u00e4r\u00e4 Kask Plasma HI VIZ | JV Tuonti\",\"isPartOf\":{\"@id\":\"https:\/\/hotelli03.domainhotelli.fi\/~lsdoecli\/#website\"},\"primaryImageOfPage\":{\"@id\":\"https:\/\/hotelli03.domainhotelli.fi\/~lsdoecli\/tuote\/suojakypara-kask-plasma-hi-viz\/#primaryimage\"},\"datePublished\":\"2021-09-29T10:18:43+00:00\",\"dateModified\":\"2021-09-29T17:48:03+00:00\",\"description\":\"Eritt\u00e4in kevyt, vain 390 g painava tuuletettu suojakyp\u00e4r\u00e4 HI VIZ monipistehihnastolla. Suunniteltu teollisuuteen, rakennusalalle, jne.\",\"breadcrumb\":{\"@id\":\"https:\/\/hotelli03.domainhotelli.fi\/~lsdoecli\/tuote\/suojakypara-kask-plasma-hi-viz\/#breadcrumb\"},\"inLanguage\":\"fi\",\"potentialAction\":[{\"@type\":\"ReadAction\",\"target\":[\"https:\/\/hotelli03.domainhotelli.fi\/~lsdoecli\/tuote\/suojakypara-kask-plasma-hi-viz\/\"]}]},{\"@type\":\"BreadcrumbList\",\"@id\":\"https:\/\/hotelli03.domainhotelli.fi\/~lsdoecli\/tuote\/suojakypara-kask-plasma-hi-viz\/#breadcrumb\",\"itemListElement\":[{\"@type\":\"ListItem\",\"position\":1,\"name\":\"Etusivu\",\"item\":\"https:\/\/hotelli03.domainhotelli.fi\/~lsdoecli\/\"},{\"@type\":\"ListItem\",\"position\":2,\"name\":\"Kauppa\",\"item\":\"https:\/\/hotelli03.domainhotelli.fi\/~lsdoecli\/kauppa\/\"},{\"@type\":\"ListItem\",\"position\":3,\"name\":\"Suojakyp\u00e4r\u00e4 Kask Plasma HI VIZ\"}]},{\"@type\":\"PostalAddress\",\"@id\":\"https:\/\/hotelli03.domainhotelli.fi\/~lsdoecli\/tuote\/suojakypara-kask-plasma-hi-viz\/#local-main-place-address\",\"streetAddress\":\"Pyymosantie 5a\",\"addressLocality\":\"Vantaa\",\"postalCode\":\"01720\",\"addressCountry\":\"FI\"},{\"@type\":\"ImageObject\",\"inLanguage\":\"fi\",\"@id\":\"https:\/\/hotelli03.domainhotelli.fi\/~lsdoecli\/tuote\/suojakypara-kask-plasma-hi-viz\/#local-main-organization-logo\",\"url\":\"https:\/\/hotelli03.domainhotelli.fi\/~lsdoecli\/wp-content\/uploads\/2021\/08\/JVTuonti_logo_nelio.jpg\",\"contentUrl\":\"https:\/\/hotelli03.domainhotelli.fi\/~lsdoecli\/wp-content\/uploads\/2021\/08\/JVTuonti_logo_nelio.jpg\",\"width\":550,\"height\":550,\"caption\":\"JV Tuonti Oy\"}]}<\/script>\n<meta property=\"product:brand\" content=\"Kask\" \/>\n<meta property=\"og:availability\" content=\"instock\" \/>\n<meta property=\"product:availability\" content=\"instock\" \/>\n<meta property=\"product:condition\" content=\"new\" \/>\n<meta name=\"geo.placename\" content=\"Vantaa\" \/>\n<meta name=\"geo.position\" content=\"60.28431;24.81654\" \/>\n<meta name=\"geo.region\" content=\"Suomi\" \/>\n<!-- \/ Yoast SEO Premium plugin. -->","yoast_head_json":{"title":"Suojakyp\u00e4r\u00e4 Kask Plasma HI VIZ | JV Tuonti","description":"Eritt\u00e4in kevyt, vain 390 g painava tuuletettu suojakyp\u00e4r\u00e4 HI VIZ monipistehihnastolla. Suunniteltu teollisuuteen, rakennusalalle, jne.","robots":{"index":"index","follow":"follow","max-snippet":"max-snippet:-1","max-image-preview":"max-image-preview:large","max-video-preview":"max-video-preview:-1"},"canonical":"https:\/\/hotelli03.domainhotelli.fi\/~lsdoecli\/tuote\/suojakypara-kask-plasma-hi-viz\/","og_locale":"fi_FI","og_type":"article","og_title":"Suojakyp\u00e4r\u00e4 Kask Plasma HI VIZ","og_description":"Eritt\u00e4in kevyt, vain 390 g painava tuuletettu suojakyp\u00e4r\u00e4 HI VIZ monipistehihnastolla. Suunniteltu teollisuuteen, rakennusalalle, jne.","og_url":"https:\/\/hotelli03.domainhotelli.fi\/~lsdoecli\/tuote\/suojakypara-kask-plasma-hi-viz\/","og_site_name":"JV Tuonti","article_publisher":"https:\/\/www.facebook.com\/JVTuontiOy","article_modified_time":"2021-09-29T17:48:03+00:00","og_image":[{"width":600,"height":600,"url":"https:\/\/hotelli03.domainhotelli.fi\/~lsdoecli\/wp-content\/uploads\/2021\/09\/Suojakypara-Kask-Plasma-HI-VIZ-oranssi.jpg","type":"image\/jpeg"}],"twitter_card":"summary_large_image","twitter_misc":{"Availability":"In stock"},"schema":{"@context":"https:\/\/schema.org","@graph":[{"@type":["Organization","Place","WholesaleStore"],"@id":"https:\/\/hotelli03.domainhotelli.fi\/~lsdoecli\/#organization","name":"JV Tuonti Oy","url":"https:\/\/hotelli03.domainhotelli.fi\/~lsdoecli\/","sameAs":["https:\/\/instagram.com\/jvtuontioy?utm_medium=copy_link","https:\/\/www.facebook.com\/JVTuontiOy"],"logo":{"@id":"https:\/\/hotelli03.domainhotelli.fi\/~lsdoecli\/tuote\/suojakypara-kask-plasma-hi-viz\/#local-main-organization-logo"},"image":{"@id":"https:\/\/hotelli03.domainhotelli.fi\/~lsdoecli\/tuote\/suojakypara-kask-plasma-hi-viz\/#local-main-organization-logo"},"address":{"@id":"https:\/\/hotelli03.domainhotelli.fi\/~lsdoecli\/tuote\/suojakypara-kask-plasma-hi-viz\/#local-main-place-address"},"geo":{"@type":"GeoCoordinates","latitude":"60.28431","longitude":"24.81654"},"telephone":["0408369980"],"openingHoursSpecification":[{"@type":"OpeningHoursSpecification","dayOfWeek":["Monday","Tuesday","Wednesday","Thursday","Friday"],"opens":"08:00","closes":"16:00"},{"@type":"OpeningHoursSpecification","dayOfWeek":["Saturday","Sunday"],"opens":"00:00","closes":"00:00"}],"email":"myynti@hotelli03.domainhotelli.fi","areaServed":"Suomi, Ruotsi","vatID":"FI30178387","priceRange":"$$","currenciesAccepted":"\u20ac","paymentAccepted":"Lasku, pankkikortti"},{"@type":"WebSite","@id":"https:\/\/hotelli03.domainhotelli.fi\/~lsdoecli\/#website","url":"https:\/\/hotelli03.domainhotelli.fi\/~lsdoecli\/","name":"JV Tuonti","description":"JV Tuonti Oy:n verkkokauppa","publisher":{"@id":"https:\/\/hotelli03.domainhotelli.fi\/~lsdoecli\/#organization"},"potentialAction":[{"@type":"SearchAction","target":{"@type":"EntryPoint","urlTemplate":"https:\/\/hotelli03.domainhotelli.fi\/~lsdoecli\/?s={search_term_string}"},"query-input":"required name=search_term_string"}],"inLanguage":"fi"},{"@type":"ImageObject","inLanguage":"fi","@id":"https:\/\/hotelli03.domainhotelli.fi\/~lsdoecli\/tuote\/suojakypara-kask-plasma-hi-viz\/#primaryimage","url":"https:\/\/hotelli03.domainhotelli.fi\/~lsdoecli\/wp-content\/uploads\/2021\/09\/Suojakypara-Kask-Plasma-HI-VIZ-oranssi.jpg","contentUrl":"https:\/\/hotelli03.domainhotelli.fi\/~lsdoecli\/wp-content\/uploads\/2021\/09\/Suojakypara-Kask-Plasma-HI-VIZ-oranssi.jpg","width":600,"height":600,"caption":"Suojakyp\u00e4r\u00e4 Kask Plasma HI VIZ"},{"@type":"WebPage","@id":"https:\/\/hotelli03.domainhotelli.fi\/~lsdoecli\/tuote\/suojakypara-kask-plasma-hi-viz\/","url":"https:\/\/hotelli03.domainhotelli.fi\/~lsdoecli\/tuote\/suojakypara-kask-plasma-hi-viz\/","name":"Suojakyp\u00e4r\u00e4 Kask Plasma HI VIZ | JV Tuonti","isPartOf":{"@id":"https:\/\/hotelli03.domainhotelli.fi\/~lsdoecli\/#website"},"primaryImageOfPage":{"@id":"https:\/\/hotelli03.domainhotelli.fi\/~lsdoecli\/tuote\/suojakypara-kask-plasma-hi-viz\/#primaryimage"},"datePublished":"2021-09-29T10:18:43+00:00","dateModified":"2021-09-29T17:48:03+00:00","description":"Eritt\u00e4in kevyt, vain 390 g painava tuuletettu suojakyp\u00e4r\u00e4 HI VIZ monipistehihnastolla. Suunniteltu teollisuuteen, rakennusalalle, jne.","breadcrumb":{"@id":"https:\/\/hotelli03.domainhotelli.fi\/~lsdoecli\/tuote\/suojakypara-kask-plasma-hi-viz\/#breadcrumb"},"inLanguage":"fi","potentialAction":[{"@type":"ReadAction","target":["https:\/\/hotelli03.domainhotelli.fi\/~lsdoecli\/tuote\/suojakypara-kask-plasma-hi-viz\/"]}]},{"@type":"BreadcrumbList","@id":"https:\/\/hotelli03.domainhotelli.fi\/~lsdoecli\/tuote\/suojakypara-kask-plasma-hi-viz\/#breadcrumb","itemListElement":[{"@type":"ListItem","position":1,"name":"Etusivu","item":"https:\/\/hotelli03.domainhotelli.fi\/~lsdoecli\/"},{"@type":"ListItem","position":2,"name":"Kauppa","item":"https:\/\/hotelli03.domainhotelli.fi\/~lsdoecli\/kauppa\/"},{"@type":"ListItem","position":3,"name":"Suojakyp\u00e4r\u00e4 Kask Plasma HI VIZ"}]},{"@type":"PostalAddress","@id":"https:\/\/hotelli03.domainhotelli.fi\/~lsdoecli\/tuote\/suojakypara-kask-plasma-hi-viz\/#local-main-place-address","streetAddress":"Pyymosantie 5a","addressLocality":"Vantaa","postalCode":"01720","addressCountry":"FI"},{"@type":"ImageObject","inLanguage":"fi","@id":"https:\/\/hotelli03.domainhotelli.fi\/~lsdoecli\/tuote\/suojakypara-kask-plasma-hi-viz\/#local-main-organization-logo","url":"https:\/\/hotelli03.domainhotelli.fi\/~lsdoecli\/wp-content\/uploads\/2021\/08\/JVTuonti_logo_nelio.jpg","contentUrl":"https:\/\/hotelli03.domainhotelli.fi\/~lsdoecli\/wp-content\/uploads\/2021\/08\/JVTuonti_logo_nelio.jpg","width":550,"height":550,"caption":"JV Tuonti Oy"}]},"product_brand":"Kask","og_availability":"instock","product_availability":"instock","product_condition":"new","geo.placename":"Vantaa","geo.position":{"lat":"60.28431","long":"24.81654"},"geo.region":"Suomi"},"_links":{"self":[{"href":"https:\/\/hotelli03.domainhotelli.fi\/~lsdoecli\/wp-json\/wp\/v2\/product\/7446"}],"collection":[{"href":"https:\/\/hotelli03.domainhotelli.fi\/~lsdoecli\/wp-json\/wp\/v2\/product"}],"about":[{"href":"https:\/\/hotelli03.domainhotelli.fi\/~lsdoecli\/wp-json\/wp\/v2\/types\/product"}],"replies":[{"embeddable":true,"href":"https:\/\/hotelli03.domainhotelli.fi\/~lsdoecli\/wp-json\/wp\/v2\/comments?post=7446"}],"wp:featuredmedia":[{"embeddable":true,"href":"https:\/\/hotelli03.domainhotelli.fi\/~lsdoecli\/wp-json\/wp\/v2\/media\/7457"}],"wp:attachment":[{"href":"https:\/\/hotelli03.domainhotelli.fi\/~lsdoecli\/wp-json\/wp\/v2\/media?parent=7446"}],"wp:term":[{"taxonomy":"product_cat","embeddable":true,"href":"https:\/\/hotelli03.domainhotelli.fi\/~lsdoecli\/wp-json\/wp\/v2\/product_cat?post=7446"},{"taxonomy":"product_tag","embeddable":true,"href":"https:\/\/hotelli03.domainhotelli.fi\/~lsdoecli\/wp-json\/wp\/v2\/product_tag?post=7446"}],"curies":[{"name":"wp","href":"https:\/\/api.w.org\/{rel}","templated":true}]}}