{"id":6369,"date":"2021-09-28T08:21:17","date_gmt":"2021-09-28T08:21:17","guid":{"rendered":"https:\/\/hotelli03.domainhotelli.fi\/~lsdoecli\/?post_type=product&#038;p=6369"},"modified":"2022-06-09T12:08:50","modified_gmt":"2022-06-09T12:08:50","slug":"u-muotoinen-aanieristyskattokiinnike-vibro-ucb-mini","status":"publish","type":"product","link":"https:\/\/hotelli03.domainhotelli.fi\/~lsdoecli\/tuote\/u-muotoinen-aanieristyskattokiinnike-vibro-ucb-mini\/","title":{"rendered":"U-muotoinen \u00e4\u00e4nieristyskattokiinnike Vibro-UCB.mini"},"content":{"rendered":"<h2>U-muotoinen \u00e4\u00e4nieristyskattokiinnike Vibro-UCB.mini<\/h2>\n<p>Vibro-UCB.mini on U-muotoinen \u00e4\u00e4nieristyskiinnike, jota k\u00e4ytet\u00e4\u00e4n erilaisissa seinien ja kattojen sovelluksissa, joissa tarvitaan rakenteellista tukea ja t\u00e4rin\u00e4nvaimennusta. Siihen kuuluu sein\u00e4n heiluminen, kattojousitus ja lis\u00e4varusteiden ripustus.<br \/>\nN\u00e4it\u00e4 ripustimia k\u00e4ytet\u00e4\u00e4n puupalkkikatoissa, sein\u00e4- ja kattoj\u00e4rjestelmien turvaj\u00e4rjestelmiss\u00e4 parantamaan \u00e4\u00e4nieristyst\u00e4 matalilla ja korkeilla taajuuksilla.<\/p>\n<p>P\u00e4\u00e4runko:<\/p>\n<p>Liev\u00e4 ter\u00e4s DIN EN 10111\/10051 mukaisesti, suojattu sinkkilevyll\u00e4 DIN 50961 mukaan.<br \/>\n14 mm reik\u00e4 yl\u00e4osassa<br \/>\n\u0391 kierre M6 -reik\u00e4 alareunassa.<br \/>\nYlim\u00e4\u00e4r\u00e4iset sivurei\u00e4t ruuvin kiinnitt\u00e4mist\u00e4 varten.<br \/>\nT\u00e4rin\u00e4neristin: <a href=\"https:\/\/hotelli03.domainhotelli.fi\/~lsdoecli\/tuote\/vibro-mini-tarinanvaimennuskumi-kevyille-koneille\/\">Vibro-mini-T\u00e4rin\u00e4nvaimennuskumi<\/a><\/p>\n<p>Ilmoitus:<br \/>\n&#8211; Jousituksen ankkuritanko voi olla kohtisuorassa.<br \/>\n-Kumityyny voidaan asentaa esipuristettuna kirist\u00e4m\u00e4ll\u00e4 pidikkeen p\u00e4\u00e4ll\u00e4 oleva mutteri ja aluslevy.<br \/>\n&#8211; L\u00e4pivientiruuvi est\u00e4\u00e4 koneen putoamisen elastisten osien tulipalon sattuessa.<br \/>\n-Uraauurtavan muotoilunsa ansiosta Vibro-mini antaa suuren taipuman (mik\u00e4 tarkoittaa parempia t\u00e4rin\u00e4nestotuloksia) kuormitettuna.<\/p>\n<p>&nbsp;<\/p>\n<table style=\"height: 233px;\" border=\"1\" width=\"630\" cellspacing=\"1\" cellpadding=\"1\">\n<tbody>\n<tr>\n<td>\n<p align=\"center\"><strong>TYPE<\/strong><\/p>\n<\/td>\n<td>\n<p align=\"center\"><strong>LOAD RANGE (daN)<\/strong><\/p>\n<\/td>\n<\/tr>\n<tr>\n<td>\n<p align=\"center\"><b>UCB.mini 20<\/b><\/p>\n<\/td>\n<td>\n<p align=\"center\">8-20<\/p>\n<\/td>\n<\/tr>\n<tr>\n<td>\n<p align=\"center\"><b>UCB.mini 50<\/b><\/p>\n<\/td>\n<td>\n<p align=\"center\">20-50<\/p>\n<\/td>\n<\/tr>\n<\/tbody>\n<\/table>\n<p><img loading=\"lazy\" class=\"alignleft wp-image-10864 size-medium\" src=\"https:\/\/antivibration-systems.com\/wp-content\/uploads\/2020\/12\/Vibro-Mini-Deflection-300x185.png\" sizes=\"(max-width: 300px) 100vw, 300px\" srcset=\"https:\/\/antivibration-systems.com\/wp-content\/uploads\/2020\/12\/Vibro-Mini-Deflection-300x185.png 300w, https:\/\/antivibration-systems.com\/wp-content\/uploads\/2020\/12\/Vibro-Mini-Deflection-768x473.png 768w, https:\/\/antivibration-systems.com\/wp-content\/uploads\/2020\/12\/Vibro-Mini-Deflection.png 975w\" alt=\"\" width=\"300\" height=\"185\" \/><\/p>\n","protected":false},"excerpt":{"rendered":"<p>U -muotoinen \u00e4\u00e4nieristyskiinnike sein\u00e4n heilumisen, kattoon ripustamiseen ja lis\u00e4varusteiden ripustamiseen.<\/p>\n","protected":false},"featured_media":6370,"comment_status":"open","ping_status":"closed","template":"","meta":[],"product_cat":[832],"product_tag":[865,736,737],"yoast_head":"<!-- This site is optimized with the Yoast SEO Premium plugin v18.9 (Yoast SEO v19.3) - https:\/\/yoast.com\/wordpress\/plugins\/seo\/ -->\n<title>U-muotoinen \u00e4\u00e4nieristyskattokiinnike Vibro-UCB.mini | JV Tuonti<\/title>\n<meta name=\"description\" content=\"Vibro-UCB.mini on U-muotoinen \u00e4\u00e4nieristyskiinnike, jota k\u00e4ytet\u00e4\u00e4n erilaisissa seinien ja kattojen sovelluksissa. Tilaa verkkokaupastamme.\" \/>\n<meta name=\"robots\" content=\"index, follow, max-snippet:-1, max-image-preview:large, max-video-preview:-1\" \/>\n<link rel=\"canonical\" href=\"https:\/\/hotelli03.domainhotelli.fi\/~lsdoecli\/tuote\/u-muotoinen-aanieristyskattokiinnike-vibro-ucb-mini\/\" \/>\n<meta property=\"og:locale\" content=\"fi_FI\" \/>\n<meta property=\"og:type\" content=\"article\" \/>\n<meta property=\"og:title\" content=\"U-muotoinen \u00e4\u00e4nieristyskattokiinnike Vibro-UCB.mini\" \/>\n<meta property=\"og:description\" content=\"Vibro-UCB.mini on U-muotoinen \u00e4\u00e4nieristyskiinnike, jota k\u00e4ytet\u00e4\u00e4n erilaisissa seinien ja kattojen sovelluksissa. Tilaa verkkokaupastamme.\" \/>\n<meta property=\"og:url\" content=\"https:\/\/hotelli03.domainhotelli.fi\/~lsdoecli\/tuote\/u-muotoinen-aanieristyskattokiinnike-vibro-ucb-mini\/\" \/>\n<meta property=\"og:site_name\" content=\"JV Tuonti\" \/>\n<meta property=\"article:publisher\" content=\"https:\/\/www.facebook.com\/JVTuontiOy\" \/>\n<meta property=\"article:modified_time\" content=\"2022-06-09T12:08:50+00:00\" \/>\n<meta property=\"og:image\" content=\"https:\/\/hotelli03.domainhotelli.fi\/~lsdoecli\/wp-content\/uploads\/2021\/09\/U-muotoinen-aanieristyskattokiinnike-Vibro-UCB.mini_.jpg\" \/>\n\t<meta property=\"og:image:width\" content=\"800\" \/>\n\t<meta property=\"og:image:height\" content=\"600\" \/>\n\t<meta property=\"og:image:type\" content=\"image\/jpeg\" \/>\n<meta name=\"twitter:card\" content=\"summary_large_image\" \/>\n<meta name=\"twitter:label1\" content=\"Availability\" \/>\n\t<meta name=\"twitter:data1\" content=\"On backorder\" \/>\n<script type=\"application\/ld+json\" class=\"yoast-schema-graph\">{\"@context\":\"https:\/\/schema.org\",\"@graph\":[{\"@type\":[\"Organization\",\"Place\",\"WholesaleStore\"],\"@id\":\"https:\/\/hotelli03.domainhotelli.fi\/~lsdoecli\/#organization\",\"name\":\"JV Tuonti Oy\",\"url\":\"https:\/\/hotelli03.domainhotelli.fi\/~lsdoecli\/\",\"sameAs\":[\"https:\/\/instagram.com\/jvtuontioy?utm_medium=copy_link\",\"https:\/\/www.facebook.com\/JVTuontiOy\"],\"logo\":{\"@id\":\"https:\/\/hotelli03.domainhotelli.fi\/~lsdoecli\/tuote\/u-muotoinen-aanieristyskattokiinnike-vibro-ucb-mini\/#local-main-organization-logo\"},\"image\":{\"@id\":\"https:\/\/hotelli03.domainhotelli.fi\/~lsdoecli\/tuote\/u-muotoinen-aanieristyskattokiinnike-vibro-ucb-mini\/#local-main-organization-logo\"},\"address\":{\"@id\":\"https:\/\/hotelli03.domainhotelli.fi\/~lsdoecli\/tuote\/u-muotoinen-aanieristyskattokiinnike-vibro-ucb-mini\/#local-main-place-address\"},\"geo\":{\"@type\":\"GeoCoordinates\",\"latitude\":\"60.28431\",\"longitude\":\"24.81654\"},\"telephone\":[\"0408369980\"],\"openingHoursSpecification\":[{\"@type\":\"OpeningHoursSpecification\",\"dayOfWeek\":[\"Monday\",\"Tuesday\",\"Wednesday\",\"Thursday\",\"Friday\"],\"opens\":\"08:00\",\"closes\":\"16:00\"},{\"@type\":\"OpeningHoursSpecification\",\"dayOfWeek\":[\"Saturday\",\"Sunday\"],\"opens\":\"00:00\",\"closes\":\"00:00\"}],\"email\":\"myynti@hotelli03.domainhotelli.fi\",\"areaServed\":\"Suomi, Ruotsi\",\"vatID\":\"FI30178387\",\"priceRange\":\"$$\",\"currenciesAccepted\":\"\u20ac\",\"paymentAccepted\":\"Lasku, pankkikortti\"},{\"@type\":\"WebSite\",\"@id\":\"https:\/\/hotelli03.domainhotelli.fi\/~lsdoecli\/#website\",\"url\":\"https:\/\/hotelli03.domainhotelli.fi\/~lsdoecli\/\",\"name\":\"JV Tuonti\",\"description\":\"JV Tuonti Oy:n verkkokauppa\",\"publisher\":{\"@id\":\"https:\/\/hotelli03.domainhotelli.fi\/~lsdoecli\/#organization\"},\"potentialAction\":[{\"@type\":\"SearchAction\",\"target\":{\"@type\":\"EntryPoint\",\"urlTemplate\":\"https:\/\/hotelli03.domainhotelli.fi\/~lsdoecli\/?s={search_term_string}\"},\"query-input\":\"required name=search_term_string\"}],\"inLanguage\":\"fi\"},{\"@type\":\"ImageObject\",\"inLanguage\":\"fi\",\"@id\":\"https:\/\/hotelli03.domainhotelli.fi\/~lsdoecli\/tuote\/u-muotoinen-aanieristyskattokiinnike-vibro-ucb-mini\/#primaryimage\",\"url\":\"https:\/\/hotelli03.domainhotelli.fi\/~lsdoecli\/wp-content\/uploads\/2021\/09\/U-muotoinen-aanieristyskattokiinnike-Vibro-UCB.mini_.jpg\",\"contentUrl\":\"https:\/\/hotelli03.domainhotelli.fi\/~lsdoecli\/wp-content\/uploads\/2021\/09\/U-muotoinen-aanieristyskattokiinnike-Vibro-UCB.mini_.jpg\",\"width\":800,\"height\":600,\"caption\":\"U-muotoinen \u00e4\u00e4nieristyskattokiinnike Vibro-UCB.mini\"},{\"@type\":\"WebPage\",\"@id\":\"https:\/\/hotelli03.domainhotelli.fi\/~lsdoecli\/tuote\/u-muotoinen-aanieristyskattokiinnike-vibro-ucb-mini\/\",\"url\":\"https:\/\/hotelli03.domainhotelli.fi\/~lsdoecli\/tuote\/u-muotoinen-aanieristyskattokiinnike-vibro-ucb-mini\/\",\"name\":\"U-muotoinen \u00e4\u00e4nieristyskattokiinnike Vibro-UCB.mini | JV Tuonti\",\"isPartOf\":{\"@id\":\"https:\/\/hotelli03.domainhotelli.fi\/~lsdoecli\/#website\"},\"primaryImageOfPage\":{\"@id\":\"https:\/\/hotelli03.domainhotelli.fi\/~lsdoecli\/tuote\/u-muotoinen-aanieristyskattokiinnike-vibro-ucb-mini\/#primaryimage\"},\"datePublished\":\"2021-09-28T08:21:17+00:00\",\"dateModified\":\"2022-06-09T12:08:50+00:00\",\"description\":\"Vibro-UCB.mini on U-muotoinen \u00e4\u00e4nieristyskiinnike, jota k\u00e4ytet\u00e4\u00e4n erilaisissa seinien ja kattojen sovelluksissa. Tilaa verkkokaupastamme.\",\"breadcrumb\":{\"@id\":\"https:\/\/hotelli03.domainhotelli.fi\/~lsdoecli\/tuote\/u-muotoinen-aanieristyskattokiinnike-vibro-ucb-mini\/#breadcrumb\"},\"inLanguage\":\"fi\",\"potentialAction\":[{\"@type\":\"ReadAction\",\"target\":[\"https:\/\/hotelli03.domainhotelli.fi\/~lsdoecli\/tuote\/u-muotoinen-aanieristyskattokiinnike-vibro-ucb-mini\/\"]}]},{\"@type\":\"BreadcrumbList\",\"@id\":\"https:\/\/hotelli03.domainhotelli.fi\/~lsdoecli\/tuote\/u-muotoinen-aanieristyskattokiinnike-vibro-ucb-mini\/#breadcrumb\",\"itemListElement\":[{\"@type\":\"ListItem\",\"position\":1,\"name\":\"Etusivu\",\"item\":\"https:\/\/hotelli03.domainhotelli.fi\/~lsdoecli\/\"},{\"@type\":\"ListItem\",\"position\":2,\"name\":\"Kauppa\",\"item\":\"https:\/\/hotelli03.domainhotelli.fi\/~lsdoecli\/kauppa\/\"},{\"@type\":\"ListItem\",\"position\":3,\"name\":\"U-muotoinen \u00e4\u00e4nieristyskattokiinnike Vibro-UCB.mini\"}]},{\"@type\":\"PostalAddress\",\"@id\":\"https:\/\/hotelli03.domainhotelli.fi\/~lsdoecli\/tuote\/u-muotoinen-aanieristyskattokiinnike-vibro-ucb-mini\/#local-main-place-address\",\"streetAddress\":\"Pyymosantie 5a\",\"addressLocality\":\"Vantaa\",\"postalCode\":\"01720\",\"addressCountry\":\"FI\"},{\"@type\":\"ImageObject\",\"inLanguage\":\"fi\",\"@id\":\"https:\/\/hotelli03.domainhotelli.fi\/~lsdoecli\/tuote\/u-muotoinen-aanieristyskattokiinnike-vibro-ucb-mini\/#local-main-organization-logo\",\"url\":\"https:\/\/hotelli03.domainhotelli.fi\/~lsdoecli\/wp-content\/uploads\/2021\/08\/JVTuonti_logo_nelio.jpg\",\"contentUrl\":\"https:\/\/hotelli03.domainhotelli.fi\/~lsdoecli\/wp-content\/uploads\/2021\/08\/JVTuonti_logo_nelio.jpg\",\"width\":550,\"height\":550,\"caption\":\"JV Tuonti Oy\"}]}<\/script>\n<meta property=\"og:availability\" content=\"backorder\" \/>\n<meta property=\"product:availability\" content=\"available for order\" \/>\n<meta property=\"product:condition\" content=\"new\" \/>\n<meta name=\"geo.placename\" content=\"Vantaa\" \/>\n<meta name=\"geo.position\" content=\"60.28431;24.81654\" \/>\n<meta name=\"geo.region\" content=\"Suomi\" \/>\n<!-- \/ Yoast SEO Premium plugin. -->","yoast_head_json":{"title":"U-muotoinen \u00e4\u00e4nieristyskattokiinnike Vibro-UCB.mini | JV Tuonti","description":"Vibro-UCB.mini on U-muotoinen \u00e4\u00e4nieristyskiinnike, jota k\u00e4ytet\u00e4\u00e4n erilaisissa seinien ja kattojen sovelluksissa. Tilaa verkkokaupastamme.","robots":{"index":"index","follow":"follow","max-snippet":"max-snippet:-1","max-image-preview":"max-image-preview:large","max-video-preview":"max-video-preview:-1"},"canonical":"https:\/\/hotelli03.domainhotelli.fi\/~lsdoecli\/tuote\/u-muotoinen-aanieristyskattokiinnike-vibro-ucb-mini\/","og_locale":"fi_FI","og_type":"article","og_title":"U-muotoinen \u00e4\u00e4nieristyskattokiinnike Vibro-UCB.mini","og_description":"Vibro-UCB.mini on U-muotoinen \u00e4\u00e4nieristyskiinnike, jota k\u00e4ytet\u00e4\u00e4n erilaisissa seinien ja kattojen sovelluksissa. Tilaa verkkokaupastamme.","og_url":"https:\/\/hotelli03.domainhotelli.fi\/~lsdoecli\/tuote\/u-muotoinen-aanieristyskattokiinnike-vibro-ucb-mini\/","og_site_name":"JV Tuonti","article_publisher":"https:\/\/www.facebook.com\/JVTuontiOy","article_modified_time":"2022-06-09T12:08:50+00:00","og_image":[{"width":800,"height":600,"url":"https:\/\/hotelli03.domainhotelli.fi\/~lsdoecli\/wp-content\/uploads\/2021\/09\/U-muotoinen-aanieristyskattokiinnike-Vibro-UCB.mini_.jpg","type":"image\/jpeg"}],"twitter_card":"summary_large_image","twitter_misc":{"Availability":"On backorder"},"schema":{"@context":"https:\/\/schema.org","@graph":[{"@type":["Organization","Place","WholesaleStore"],"@id":"https:\/\/hotelli03.domainhotelli.fi\/~lsdoecli\/#organization","name":"JV Tuonti Oy","url":"https:\/\/hotelli03.domainhotelli.fi\/~lsdoecli\/","sameAs":["https:\/\/instagram.com\/jvtuontioy?utm_medium=copy_link","https:\/\/www.facebook.com\/JVTuontiOy"],"logo":{"@id":"https:\/\/hotelli03.domainhotelli.fi\/~lsdoecli\/tuote\/u-muotoinen-aanieristyskattokiinnike-vibro-ucb-mini\/#local-main-organization-logo"},"image":{"@id":"https:\/\/hotelli03.domainhotelli.fi\/~lsdoecli\/tuote\/u-muotoinen-aanieristyskattokiinnike-vibro-ucb-mini\/#local-main-organization-logo"},"address":{"@id":"https:\/\/hotelli03.domainhotelli.fi\/~lsdoecli\/tuote\/u-muotoinen-aanieristyskattokiinnike-vibro-ucb-mini\/#local-main-place-address"},"geo":{"@type":"GeoCoordinates","latitude":"60.28431","longitude":"24.81654"},"telephone":["0408369980"],"openingHoursSpecification":[{"@type":"OpeningHoursSpecification","dayOfWeek":["Monday","Tuesday","Wednesday","Thursday","Friday"],"opens":"08:00","closes":"16:00"},{"@type":"OpeningHoursSpecification","dayOfWeek":["Saturday","Sunday"],"opens":"00:00","closes":"00:00"}],"email":"myynti@hotelli03.domainhotelli.fi","areaServed":"Suomi, Ruotsi","vatID":"FI30178387","priceRange":"$$","currenciesAccepted":"\u20ac","paymentAccepted":"Lasku, pankkikortti"},{"@type":"WebSite","@id":"https:\/\/hotelli03.domainhotelli.fi\/~lsdoecli\/#website","url":"https:\/\/hotelli03.domainhotelli.fi\/~lsdoecli\/","name":"JV Tuonti","description":"JV Tuonti Oy:n verkkokauppa","publisher":{"@id":"https:\/\/hotelli03.domainhotelli.fi\/~lsdoecli\/#organization"},"potentialAction":[{"@type":"SearchAction","target":{"@type":"EntryPoint","urlTemplate":"https:\/\/hotelli03.domainhotelli.fi\/~lsdoecli\/?s={search_term_string}"},"query-input":"required name=search_term_string"}],"inLanguage":"fi"},{"@type":"ImageObject","inLanguage":"fi","@id":"https:\/\/hotelli03.domainhotelli.fi\/~lsdoecli\/tuote\/u-muotoinen-aanieristyskattokiinnike-vibro-ucb-mini\/#primaryimage","url":"https:\/\/hotelli03.domainhotelli.fi\/~lsdoecli\/wp-content\/uploads\/2021\/09\/U-muotoinen-aanieristyskattokiinnike-Vibro-UCB.mini_.jpg","contentUrl":"https:\/\/hotelli03.domainhotelli.fi\/~lsdoecli\/wp-content\/uploads\/2021\/09\/U-muotoinen-aanieristyskattokiinnike-Vibro-UCB.mini_.jpg","width":800,"height":600,"caption":"U-muotoinen \u00e4\u00e4nieristyskattokiinnike Vibro-UCB.mini"},{"@type":"WebPage","@id":"https:\/\/hotelli03.domainhotelli.fi\/~lsdoecli\/tuote\/u-muotoinen-aanieristyskattokiinnike-vibro-ucb-mini\/","url":"https:\/\/hotelli03.domainhotelli.fi\/~lsdoecli\/tuote\/u-muotoinen-aanieristyskattokiinnike-vibro-ucb-mini\/","name":"U-muotoinen \u00e4\u00e4nieristyskattokiinnike Vibro-UCB.mini | JV Tuonti","isPartOf":{"@id":"https:\/\/hotelli03.domainhotelli.fi\/~lsdoecli\/#website"},"primaryImageOfPage":{"@id":"https:\/\/hotelli03.domainhotelli.fi\/~lsdoecli\/tuote\/u-muotoinen-aanieristyskattokiinnike-vibro-ucb-mini\/#primaryimage"},"datePublished":"2021-09-28T08:21:17+00:00","dateModified":"2022-06-09T12:08:50+00:00","description":"Vibro-UCB.mini on U-muotoinen \u00e4\u00e4nieristyskiinnike, jota k\u00e4ytet\u00e4\u00e4n erilaisissa seinien ja kattojen sovelluksissa. Tilaa verkkokaupastamme.","breadcrumb":{"@id":"https:\/\/hotelli03.domainhotelli.fi\/~lsdoecli\/tuote\/u-muotoinen-aanieristyskattokiinnike-vibro-ucb-mini\/#breadcrumb"},"inLanguage":"fi","potentialAction":[{"@type":"ReadAction","target":["https:\/\/hotelli03.domainhotelli.fi\/~lsdoecli\/tuote\/u-muotoinen-aanieristyskattokiinnike-vibro-ucb-mini\/"]}]},{"@type":"BreadcrumbList","@id":"https:\/\/hotelli03.domainhotelli.fi\/~lsdoecli\/tuote\/u-muotoinen-aanieristyskattokiinnike-vibro-ucb-mini\/#breadcrumb","itemListElement":[{"@type":"ListItem","position":1,"name":"Etusivu","item":"https:\/\/hotelli03.domainhotelli.fi\/~lsdoecli\/"},{"@type":"ListItem","position":2,"name":"Kauppa","item":"https:\/\/hotelli03.domainhotelli.fi\/~lsdoecli\/kauppa\/"},{"@type":"ListItem","position":3,"name":"U-muotoinen \u00e4\u00e4nieristyskattokiinnike Vibro-UCB.mini"}]},{"@type":"PostalAddress","@id":"https:\/\/hotelli03.domainhotelli.fi\/~lsdoecli\/tuote\/u-muotoinen-aanieristyskattokiinnike-vibro-ucb-mini\/#local-main-place-address","streetAddress":"Pyymosantie 5a","addressLocality":"Vantaa","postalCode":"01720","addressCountry":"FI"},{"@type":"ImageObject","inLanguage":"fi","@id":"https:\/\/hotelli03.domainhotelli.fi\/~lsdoecli\/tuote\/u-muotoinen-aanieristyskattokiinnike-vibro-ucb-mini\/#local-main-organization-logo","url":"https:\/\/hotelli03.domainhotelli.fi\/~lsdoecli\/wp-content\/uploads\/2021\/08\/JVTuonti_logo_nelio.jpg","contentUrl":"https:\/\/hotelli03.domainhotelli.fi\/~lsdoecli\/wp-content\/uploads\/2021\/08\/JVTuonti_logo_nelio.jpg","width":550,"height":550,"caption":"JV Tuonti Oy"}]},"og_availability":"backorder","product_availability":"available for order","product_condition":"new","geo.placename":"Vantaa","geo.position":{"lat":"60.28431","long":"24.81654"},"geo.region":"Suomi"},"_links":{"self":[{"href":"https:\/\/hotelli03.domainhotelli.fi\/~lsdoecli\/wp-json\/wp\/v2\/product\/6369"}],"collection":[{"href":"https:\/\/hotelli03.domainhotelli.fi\/~lsdoecli\/wp-json\/wp\/v2\/product"}],"about":[{"href":"https:\/\/hotelli03.domainhotelli.fi\/~lsdoecli\/wp-json\/wp\/v2\/types\/product"}],"replies":[{"embeddable":true,"href":"https:\/\/hotelli03.domainhotelli.fi\/~lsdoecli\/wp-json\/wp\/v2\/comments?post=6369"}],"wp:featuredmedia":[{"embeddable":true,"href":"https:\/\/hotelli03.domainhotelli.fi\/~lsdoecli\/wp-json\/wp\/v2\/media\/6370"}],"wp:attachment":[{"href":"https:\/\/hotelli03.domainhotelli.fi\/~lsdoecli\/wp-json\/wp\/v2\/media?parent=6369"}],"wp:term":[{"taxonomy":"product_cat","embeddable":true,"href":"https:\/\/hotelli03.domainhotelli.fi\/~lsdoecli\/wp-json\/wp\/v2\/product_cat?post=6369"},{"taxonomy":"product_tag","embeddable":true,"href":"https:\/\/hotelli03.domainhotelli.fi\/~lsdoecli\/wp-json\/wp\/v2\/product_tag?post=6369"}],"curies":[{"name":"wp","href":"https:\/\/api.w.org\/{rel}","templated":true}]}}