{"id":6353,"date":"2021-09-28T07:04:41","date_gmt":"2021-09-28T07:04:41","guid":{"rendered":"https:\/\/hotelli03.domainhotelli.fi\/~lsdoecli\/?post_type=product&#038;p=6353"},"modified":"2022-06-09T12:06:57","modified_gmt":"2022-06-09T12:06:57","slug":"tarinanvaimennus-kumiripustin-vibro-ls-mini","status":"publish","type":"product","link":"https:\/\/hotelli03.domainhotelli.fi\/~lsdoecli\/tuote\/tarinanvaimennus-kumiripustin-vibro-ls-mini\/","title":{"rendered":"T\u00e4rin\u00e4nvaimennus kumiripustin Vibro-LS.mini"},"content":{"rendered":"<p>T\u00e4rin\u00e4nvaimennus kumiripustin Vibro-LS.mini\u00a0katto ripustimia k\u00e4ytet\u00e4\u00e4n kuorman ripustamiseen<\/p>\n<ul>\n<li>kuten kelluvan kipsilevy alakaton ripustamiseen<\/li>\n<li>koneiden ripustamiseen (tuulettimet, ilmastointilaitteet jne.)<\/li>\n<li>putkien t\u00e4rin\u00e4nvaimennukseen, ilmastointikanavat jne<\/li>\n<\/ul>\n<div id='gallery-1' class='gallery galleryid-6353 gallery-columns-2 gallery-size-medium'><figure class='gallery-item'>\n\t\t\t<div class='gallery-icon landscape'>\n\t\t\t\t<a href='https:\/\/hotelli03.domainhotelli.fi\/~lsdoecli\/?attachment_id=6356'><img width=\"300\" height=\"205\" src=\"https:\/\/hotelli03.domainhotelli.fi\/~lsdoecli\/wp-content\/uploads\/2021\/09\/Tarinanvaimennus-kumiripustin-Vibro-LS.mini-alakatto-300x205.jpg\" class=\"attachment-medium size-medium\" alt=\"\" loading=\"lazy\" \/><\/a>\n\t\t\t<\/div><\/figure><figure class='gallery-item'>\n\t\t\t<div class='gallery-icon landscape'>\n\t\t\t\t<a href='https:\/\/hotelli03.domainhotelli.fi\/~lsdoecli\/?attachment_id=6358'><img width=\"300\" height=\"205\" src=\"https:\/\/hotelli03.domainhotelli.fi\/~lsdoecli\/wp-content\/uploads\/2021\/09\/Tarinanvaimennus-kumiripustin-Vibro-LS.mini-asennus-300x205.jpg\" class=\"attachment-medium size-medium\" alt=\"\" loading=\"lazy\" \/><\/a>\n\t\t\t<\/div><\/figure>\n\t\t<\/div>\n\n<p>T\u00e4rin\u00e4nvaimennus kumiripustin Vibro-LS.mini koostuu metallirungosta, joka on erityisesti vahvistettu ja moduloitu kuorman ripustamiseen, ja <a href=\"https:\/\/hotelli03.domainhotelli.fi\/~lsdoecli\/tuote\/vibro-mini-tarinanvaimennuskumi-kevyille-koneille\/\">t\u00e4rin\u00e4nvaimennuskumi Vibro-mini :sta<\/a>. Vibro-mini t\u00e4rin\u00e4vaimennuskumit on erikoistutkimuksen tulos, joka on tehty korkealaatuisesta kumiseoksesta, jossa on eritt\u00e4in hyv\u00e4 taipuma ja kuormitussuhde erinomaiseen t\u00e4rin\u00e4nhallintaan. Sen metallikokoonpano on \u201dvikaturvallinen\u201d rakenne palo- ja iskunkest\u00e4viss\u00e4 sovelluksissa. L\u00e4pivientiruuvi ei kosketa metallikehyst\u00e4, joten \u00e4\u00e4nisiltaa ei synny.<\/p>\n<p>&nbsp;<\/p>\n<table style=\"height: 89px;\" width=\"864\">\n<thead>\n<tr>\n<th>TYYPPI<\/th>\n<th>MAKSIMI KUORMA (daN)<\/th>\n<th>Luonnollinen taajuus (Hz)<\/th>\n<\/tr>\n<\/thead>\n<tbody>\n<tr>\n<td>Vibro-LS.mini.20<\/td>\n<td>20<\/td>\n<td>15<\/td>\n<\/tr>\n<tr>\n<td>Vibro-LS.mini.50<\/td>\n<td>50<\/td>\n<td>15<\/td>\n<\/tr>\n<\/tbody>\n<\/table>\n","protected":false},"excerpt":{"rendered":"<p>Vibro-LS.minin t\u00e4rin\u00e4nvaimennus katto ripustimia k\u00e4ytet\u00e4\u00e4n kuorman ripustamiseen,<\/p>\n<ul>\n<li>kuten kelluvan alakaton ripustamiseen kipsilevyll\u00e4,<\/li>\n<li>koneiden ripustamiseen (tuulettimet, ilmastointilaitteet jne.)<\/li>\n<li>putkien t\u00e4rin\u00e4nvaimennukseen, ilmastointikanavat jne<\/li>\n<\/ul>\n","protected":false},"featured_media":6354,"comment_status":"open","ping_status":"closed","template":"","meta":[],"product_cat":[832],"product_tag":[839,829,735],"yoast_head":"<!-- This site is optimized with the Yoast SEO Premium plugin v18.9 (Yoast SEO v19.3) - https:\/\/yoast.com\/wordpress\/plugins\/seo\/ -->\n<title>T\u00e4rin\u00e4nvaimennus kumiripustin Vibro-LS.mini | JV Tuonti<\/title>\n<meta name=\"description\" content=\"T\u00e4rin\u00e4nvaimennus kumiripustin Vibro-LS.mini\u00a0katto ripustimia k\u00e4ytet\u00e4\u00e4n kuorman ripustamiseen. Tilaa helposti verkkokaupastamme\" \/>\n<meta name=\"robots\" content=\"index, follow, max-snippet:-1, max-image-preview:large, max-video-preview:-1\" \/>\n<link rel=\"canonical\" href=\"https:\/\/hotelli03.domainhotelli.fi\/~lsdoecli\/tuote\/tarinanvaimennus-kumiripustin-vibro-ls-mini\/\" \/>\n<meta property=\"og:locale\" content=\"fi_FI\" \/>\n<meta property=\"og:type\" content=\"article\" \/>\n<meta property=\"og:title\" content=\"T\u00e4rin\u00e4nvaimennus kumiripustin Vibro-LS.mini\" \/>\n<meta property=\"og:description\" content=\"T\u00e4rin\u00e4nvaimennus kumiripustin Vibro-LS.mini\u00a0katto ripustimia k\u00e4ytet\u00e4\u00e4n kuorman ripustamiseen. Tilaa helposti verkkokaupastamme\" \/>\n<meta property=\"og:url\" content=\"https:\/\/hotelli03.domainhotelli.fi\/~lsdoecli\/tuote\/tarinanvaimennus-kumiripustin-vibro-ls-mini\/\" \/>\n<meta property=\"og:site_name\" content=\"JV Tuonti\" \/>\n<meta property=\"article:publisher\" content=\"https:\/\/www.facebook.com\/JVTuontiOy\" \/>\n<meta property=\"article:modified_time\" content=\"2022-06-09T12:06:57+00:00\" \/>\n<meta property=\"og:image\" content=\"https:\/\/hotelli03.domainhotelli.fi\/~lsdoecli\/wp-content\/uploads\/2021\/09\/Tarinanvaimennus-kumiripustin-Vibro-LS.mini_.jpg\" \/>\n\t<meta property=\"og:image:width\" content=\"1024\" \/>\n\t<meta property=\"og:image:height\" content=\"699\" \/>\n\t<meta property=\"og:image:type\" content=\"image\/jpeg\" \/>\n<meta name=\"twitter:card\" content=\"summary_large_image\" \/>\n<meta name=\"twitter:label1\" content=\"Availability\" \/>\n\t<meta name=\"twitter:data1\" content=\"On backorder\" \/>\n<script type=\"application\/ld+json\" class=\"yoast-schema-graph\">{\"@context\":\"https:\/\/schema.org\",\"@graph\":[{\"@type\":[\"Organization\",\"Place\",\"WholesaleStore\"],\"@id\":\"https:\/\/hotelli03.domainhotelli.fi\/~lsdoecli\/#organization\",\"name\":\"JV Tuonti Oy\",\"url\":\"https:\/\/hotelli03.domainhotelli.fi\/~lsdoecli\/\",\"sameAs\":[\"https:\/\/instagram.com\/jvtuontioy?utm_medium=copy_link\",\"https:\/\/www.facebook.com\/JVTuontiOy\"],\"logo\":{\"@id\":\"https:\/\/hotelli03.domainhotelli.fi\/~lsdoecli\/tuote\/tarinanvaimennus-kumiripustin-vibro-ls-mini\/#local-main-organization-logo\"},\"image\":{\"@id\":\"https:\/\/hotelli03.domainhotelli.fi\/~lsdoecli\/tuote\/tarinanvaimennus-kumiripustin-vibro-ls-mini\/#local-main-organization-logo\"},\"address\":{\"@id\":\"https:\/\/hotelli03.domainhotelli.fi\/~lsdoecli\/tuote\/tarinanvaimennus-kumiripustin-vibro-ls-mini\/#local-main-place-address\"},\"geo\":{\"@type\":\"GeoCoordinates\",\"latitude\":\"60.28431\",\"longitude\":\"24.81654\"},\"telephone\":[\"0408369980\"],\"openingHoursSpecification\":[{\"@type\":\"OpeningHoursSpecification\",\"dayOfWeek\":[\"Monday\",\"Tuesday\",\"Wednesday\",\"Thursday\",\"Friday\"],\"opens\":\"08:00\",\"closes\":\"16:00\"},{\"@type\":\"OpeningHoursSpecification\",\"dayOfWeek\":[\"Saturday\",\"Sunday\"],\"opens\":\"00:00\",\"closes\":\"00:00\"}],\"email\":\"myynti@hotelli03.domainhotelli.fi\",\"areaServed\":\"Suomi, Ruotsi\",\"vatID\":\"FI30178387\",\"priceRange\":\"$$\",\"currenciesAccepted\":\"\u20ac\",\"paymentAccepted\":\"Lasku, pankkikortti\"},{\"@type\":\"WebSite\",\"@id\":\"https:\/\/hotelli03.domainhotelli.fi\/~lsdoecli\/#website\",\"url\":\"https:\/\/hotelli03.domainhotelli.fi\/~lsdoecli\/\",\"name\":\"JV Tuonti\",\"description\":\"JV Tuonti Oy:n verkkokauppa\",\"publisher\":{\"@id\":\"https:\/\/hotelli03.domainhotelli.fi\/~lsdoecli\/#organization\"},\"potentialAction\":[{\"@type\":\"SearchAction\",\"target\":{\"@type\":\"EntryPoint\",\"urlTemplate\":\"https:\/\/hotelli03.domainhotelli.fi\/~lsdoecli\/?s={search_term_string}\"},\"query-input\":\"required name=search_term_string\"}],\"inLanguage\":\"fi\"},{\"@type\":\"ImageObject\",\"inLanguage\":\"fi\",\"@id\":\"https:\/\/hotelli03.domainhotelli.fi\/~lsdoecli\/tuote\/tarinanvaimennus-kumiripustin-vibro-ls-mini\/#primaryimage\",\"url\":\"https:\/\/hotelli03.domainhotelli.fi\/~lsdoecli\/wp-content\/uploads\/2021\/09\/Tarinanvaimennus-kumiripustin-Vibro-LS.mini_.jpg\",\"contentUrl\":\"https:\/\/hotelli03.domainhotelli.fi\/~lsdoecli\/wp-content\/uploads\/2021\/09\/Tarinanvaimennus-kumiripustin-Vibro-LS.mini_.jpg\",\"width\":1024,\"height\":699,\"caption\":\"T\u00e4rin\u00e4nvaimennus kumiripustin Vibro-LS.mini\"},{\"@type\":\"WebPage\",\"@id\":\"https:\/\/hotelli03.domainhotelli.fi\/~lsdoecli\/tuote\/tarinanvaimennus-kumiripustin-vibro-ls-mini\/\",\"url\":\"https:\/\/hotelli03.domainhotelli.fi\/~lsdoecli\/tuote\/tarinanvaimennus-kumiripustin-vibro-ls-mini\/\",\"name\":\"T\u00e4rin\u00e4nvaimennus kumiripustin Vibro-LS.mini | JV Tuonti\",\"isPartOf\":{\"@id\":\"https:\/\/hotelli03.domainhotelli.fi\/~lsdoecli\/#website\"},\"primaryImageOfPage\":{\"@id\":\"https:\/\/hotelli03.domainhotelli.fi\/~lsdoecli\/tuote\/tarinanvaimennus-kumiripustin-vibro-ls-mini\/#primaryimage\"},\"datePublished\":\"2021-09-28T07:04:41+00:00\",\"dateModified\":\"2022-06-09T12:06:57+00:00\",\"description\":\"T\u00e4rin\u00e4nvaimennus kumiripustin Vibro-LS.mini\u00a0katto ripustimia k\u00e4ytet\u00e4\u00e4n kuorman ripustamiseen. Tilaa helposti verkkokaupastamme\",\"breadcrumb\":{\"@id\":\"https:\/\/hotelli03.domainhotelli.fi\/~lsdoecli\/tuote\/tarinanvaimennus-kumiripustin-vibro-ls-mini\/#breadcrumb\"},\"inLanguage\":\"fi\",\"potentialAction\":[{\"@type\":\"ReadAction\",\"target\":[\"https:\/\/hotelli03.domainhotelli.fi\/~lsdoecli\/tuote\/tarinanvaimennus-kumiripustin-vibro-ls-mini\/\"]}]},{\"@type\":\"BreadcrumbList\",\"@id\":\"https:\/\/hotelli03.domainhotelli.fi\/~lsdoecli\/tuote\/tarinanvaimennus-kumiripustin-vibro-ls-mini\/#breadcrumb\",\"itemListElement\":[{\"@type\":\"ListItem\",\"position\":1,\"name\":\"Etusivu\",\"item\":\"https:\/\/hotelli03.domainhotelli.fi\/~lsdoecli\/\"},{\"@type\":\"ListItem\",\"position\":2,\"name\":\"Kauppa\",\"item\":\"https:\/\/hotelli03.domainhotelli.fi\/~lsdoecli\/kauppa\/\"},{\"@type\":\"ListItem\",\"position\":3,\"name\":\"T\u00e4rin\u00e4nvaimennus kumiripustin Vibro-LS.mini\"}]},{\"@type\":\"PostalAddress\",\"@id\":\"https:\/\/hotelli03.domainhotelli.fi\/~lsdoecli\/tuote\/tarinanvaimennus-kumiripustin-vibro-ls-mini\/#local-main-place-address\",\"streetAddress\":\"Pyymosantie 5a\",\"addressLocality\":\"Vantaa\",\"postalCode\":\"01720\",\"addressCountry\":\"FI\"},{\"@type\":\"ImageObject\",\"inLanguage\":\"fi\",\"@id\":\"https:\/\/hotelli03.domainhotelli.fi\/~lsdoecli\/tuote\/tarinanvaimennus-kumiripustin-vibro-ls-mini\/#local-main-organization-logo\",\"url\":\"https:\/\/hotelli03.domainhotelli.fi\/~lsdoecli\/wp-content\/uploads\/2021\/08\/JVTuonti_logo_nelio.jpg\",\"contentUrl\":\"https:\/\/hotelli03.domainhotelli.fi\/~lsdoecli\/wp-content\/uploads\/2021\/08\/JVTuonti_logo_nelio.jpg\",\"width\":550,\"height\":550,\"caption\":\"JV Tuonti Oy\"}]}<\/script>\n<meta property=\"og:availability\" content=\"backorder\" \/>\n<meta property=\"product:availability\" content=\"available for order\" \/>\n<meta property=\"product:condition\" content=\"new\" \/>\n<meta name=\"geo.placename\" content=\"Vantaa\" \/>\n<meta name=\"geo.position\" content=\"60.28431;24.81654\" \/>\n<meta name=\"geo.region\" content=\"Suomi\" \/>\n<!-- \/ Yoast SEO Premium plugin. -->","yoast_head_json":{"title":"T\u00e4rin\u00e4nvaimennus kumiripustin Vibro-LS.mini | JV Tuonti","description":"T\u00e4rin\u00e4nvaimennus kumiripustin Vibro-LS.mini\u00a0katto ripustimia k\u00e4ytet\u00e4\u00e4n kuorman ripustamiseen. Tilaa helposti verkkokaupastamme","robots":{"index":"index","follow":"follow","max-snippet":"max-snippet:-1","max-image-preview":"max-image-preview:large","max-video-preview":"max-video-preview:-1"},"canonical":"https:\/\/hotelli03.domainhotelli.fi\/~lsdoecli\/tuote\/tarinanvaimennus-kumiripustin-vibro-ls-mini\/","og_locale":"fi_FI","og_type":"article","og_title":"T\u00e4rin\u00e4nvaimennus kumiripustin Vibro-LS.mini","og_description":"T\u00e4rin\u00e4nvaimennus kumiripustin Vibro-LS.mini\u00a0katto ripustimia k\u00e4ytet\u00e4\u00e4n kuorman ripustamiseen. Tilaa helposti verkkokaupastamme","og_url":"https:\/\/hotelli03.domainhotelli.fi\/~lsdoecli\/tuote\/tarinanvaimennus-kumiripustin-vibro-ls-mini\/","og_site_name":"JV Tuonti","article_publisher":"https:\/\/www.facebook.com\/JVTuontiOy","article_modified_time":"2022-06-09T12:06:57+00:00","og_image":[{"width":1024,"height":699,"url":"https:\/\/hotelli03.domainhotelli.fi\/~lsdoecli\/wp-content\/uploads\/2021\/09\/Tarinanvaimennus-kumiripustin-Vibro-LS.mini_.jpg","type":"image\/jpeg"}],"twitter_card":"summary_large_image","twitter_misc":{"Availability":"On backorder"},"schema":{"@context":"https:\/\/schema.org","@graph":[{"@type":["Organization","Place","WholesaleStore"],"@id":"https:\/\/hotelli03.domainhotelli.fi\/~lsdoecli\/#organization","name":"JV Tuonti Oy","url":"https:\/\/hotelli03.domainhotelli.fi\/~lsdoecli\/","sameAs":["https:\/\/instagram.com\/jvtuontioy?utm_medium=copy_link","https:\/\/www.facebook.com\/JVTuontiOy"],"logo":{"@id":"https:\/\/hotelli03.domainhotelli.fi\/~lsdoecli\/tuote\/tarinanvaimennus-kumiripustin-vibro-ls-mini\/#local-main-organization-logo"},"image":{"@id":"https:\/\/hotelli03.domainhotelli.fi\/~lsdoecli\/tuote\/tarinanvaimennus-kumiripustin-vibro-ls-mini\/#local-main-organization-logo"},"address":{"@id":"https:\/\/hotelli03.domainhotelli.fi\/~lsdoecli\/tuote\/tarinanvaimennus-kumiripustin-vibro-ls-mini\/#local-main-place-address"},"geo":{"@type":"GeoCoordinates","latitude":"60.28431","longitude":"24.81654"},"telephone":["0408369980"],"openingHoursSpecification":[{"@type":"OpeningHoursSpecification","dayOfWeek":["Monday","Tuesday","Wednesday","Thursday","Friday"],"opens":"08:00","closes":"16:00"},{"@type":"OpeningHoursSpecification","dayOfWeek":["Saturday","Sunday"],"opens":"00:00","closes":"00:00"}],"email":"myynti@hotelli03.domainhotelli.fi","areaServed":"Suomi, Ruotsi","vatID":"FI30178387","priceRange":"$$","currenciesAccepted":"\u20ac","paymentAccepted":"Lasku, pankkikortti"},{"@type":"WebSite","@id":"https:\/\/hotelli03.domainhotelli.fi\/~lsdoecli\/#website","url":"https:\/\/hotelli03.domainhotelli.fi\/~lsdoecli\/","name":"JV Tuonti","description":"JV Tuonti Oy:n verkkokauppa","publisher":{"@id":"https:\/\/hotelli03.domainhotelli.fi\/~lsdoecli\/#organization"},"potentialAction":[{"@type":"SearchAction","target":{"@type":"EntryPoint","urlTemplate":"https:\/\/hotelli03.domainhotelli.fi\/~lsdoecli\/?s={search_term_string}"},"query-input":"required name=search_term_string"}],"inLanguage":"fi"},{"@type":"ImageObject","inLanguage":"fi","@id":"https:\/\/hotelli03.domainhotelli.fi\/~lsdoecli\/tuote\/tarinanvaimennus-kumiripustin-vibro-ls-mini\/#primaryimage","url":"https:\/\/hotelli03.domainhotelli.fi\/~lsdoecli\/wp-content\/uploads\/2021\/09\/Tarinanvaimennus-kumiripustin-Vibro-LS.mini_.jpg","contentUrl":"https:\/\/hotelli03.domainhotelli.fi\/~lsdoecli\/wp-content\/uploads\/2021\/09\/Tarinanvaimennus-kumiripustin-Vibro-LS.mini_.jpg","width":1024,"height":699,"caption":"T\u00e4rin\u00e4nvaimennus kumiripustin Vibro-LS.mini"},{"@type":"WebPage","@id":"https:\/\/hotelli03.domainhotelli.fi\/~lsdoecli\/tuote\/tarinanvaimennus-kumiripustin-vibro-ls-mini\/","url":"https:\/\/hotelli03.domainhotelli.fi\/~lsdoecli\/tuote\/tarinanvaimennus-kumiripustin-vibro-ls-mini\/","name":"T\u00e4rin\u00e4nvaimennus kumiripustin Vibro-LS.mini | JV Tuonti","isPartOf":{"@id":"https:\/\/hotelli03.domainhotelli.fi\/~lsdoecli\/#website"},"primaryImageOfPage":{"@id":"https:\/\/hotelli03.domainhotelli.fi\/~lsdoecli\/tuote\/tarinanvaimennus-kumiripustin-vibro-ls-mini\/#primaryimage"},"datePublished":"2021-09-28T07:04:41+00:00","dateModified":"2022-06-09T12:06:57+00:00","description":"T\u00e4rin\u00e4nvaimennus kumiripustin Vibro-LS.mini\u00a0katto ripustimia k\u00e4ytet\u00e4\u00e4n kuorman ripustamiseen. Tilaa helposti verkkokaupastamme","breadcrumb":{"@id":"https:\/\/hotelli03.domainhotelli.fi\/~lsdoecli\/tuote\/tarinanvaimennus-kumiripustin-vibro-ls-mini\/#breadcrumb"},"inLanguage":"fi","potentialAction":[{"@type":"ReadAction","target":["https:\/\/hotelli03.domainhotelli.fi\/~lsdoecli\/tuote\/tarinanvaimennus-kumiripustin-vibro-ls-mini\/"]}]},{"@type":"BreadcrumbList","@id":"https:\/\/hotelli03.domainhotelli.fi\/~lsdoecli\/tuote\/tarinanvaimennus-kumiripustin-vibro-ls-mini\/#breadcrumb","itemListElement":[{"@type":"ListItem","position":1,"name":"Etusivu","item":"https:\/\/hotelli03.domainhotelli.fi\/~lsdoecli\/"},{"@type":"ListItem","position":2,"name":"Kauppa","item":"https:\/\/hotelli03.domainhotelli.fi\/~lsdoecli\/kauppa\/"},{"@type":"ListItem","position":3,"name":"T\u00e4rin\u00e4nvaimennus kumiripustin Vibro-LS.mini"}]},{"@type":"PostalAddress","@id":"https:\/\/hotelli03.domainhotelli.fi\/~lsdoecli\/tuote\/tarinanvaimennus-kumiripustin-vibro-ls-mini\/#local-main-place-address","streetAddress":"Pyymosantie 5a","addressLocality":"Vantaa","postalCode":"01720","addressCountry":"FI"},{"@type":"ImageObject","inLanguage":"fi","@id":"https:\/\/hotelli03.domainhotelli.fi\/~lsdoecli\/tuote\/tarinanvaimennus-kumiripustin-vibro-ls-mini\/#local-main-organization-logo","url":"https:\/\/hotelli03.domainhotelli.fi\/~lsdoecli\/wp-content\/uploads\/2021\/08\/JVTuonti_logo_nelio.jpg","contentUrl":"https:\/\/hotelli03.domainhotelli.fi\/~lsdoecli\/wp-content\/uploads\/2021\/08\/JVTuonti_logo_nelio.jpg","width":550,"height":550,"caption":"JV Tuonti Oy"}]},"og_availability":"backorder","product_availability":"available for order","product_condition":"new","geo.placename":"Vantaa","geo.position":{"lat":"60.28431","long":"24.81654"},"geo.region":"Suomi"},"_links":{"self":[{"href":"https:\/\/hotelli03.domainhotelli.fi\/~lsdoecli\/wp-json\/wp\/v2\/product\/6353"}],"collection":[{"href":"https:\/\/hotelli03.domainhotelli.fi\/~lsdoecli\/wp-json\/wp\/v2\/product"}],"about":[{"href":"https:\/\/hotelli03.domainhotelli.fi\/~lsdoecli\/wp-json\/wp\/v2\/types\/product"}],"replies":[{"embeddable":true,"href":"https:\/\/hotelli03.domainhotelli.fi\/~lsdoecli\/wp-json\/wp\/v2\/comments?post=6353"}],"wp:featuredmedia":[{"embeddable":true,"href":"https:\/\/hotelli03.domainhotelli.fi\/~lsdoecli\/wp-json\/wp\/v2\/media\/6354"}],"wp:attachment":[{"href":"https:\/\/hotelli03.domainhotelli.fi\/~lsdoecli\/wp-json\/wp\/v2\/media?parent=6353"}],"wp:term":[{"taxonomy":"product_cat","embeddable":true,"href":"https:\/\/hotelli03.domainhotelli.fi\/~lsdoecli\/wp-json\/wp\/v2\/product_cat?post=6353"},{"taxonomy":"product_tag","embeddable":true,"href":"https:\/\/hotelli03.domainhotelli.fi\/~lsdoecli\/wp-json\/wp\/v2\/product_tag?post=6353"}],"curies":[{"name":"wp","href":"https:\/\/api.w.org\/{rel}","templated":true}]}}