{"id":6332,"date":"2021-09-27T12:40:03","date_gmt":"2021-09-27T12:40:03","guid":{"rendered":"https:\/\/hotelli03.domainhotelli.fi\/~lsdoecli\/?post_type=product&#038;p=6332"},"modified":"2021-09-28T06:12:42","modified_gmt":"2021-09-28T06:12:42","slug":"tarinanvaimennus-ripustin-regufoam-vibro-ls-f","status":"publish","type":"product","link":"https:\/\/hotelli03.domainhotelli.fi\/~lsdoecli\/tuote\/tarinanvaimennus-ripustin-regufoam-vibro-ls-f\/","title":{"rendered":"T\u00e4rin\u00e4nvaimennus ripustin Regufoam\u00ae Vibro-LS.F"},"content":{"rendered":"<h2>T\u00e4rin\u00e4nvaimennus ripustin Regufoam\u00ae Vibro-LS.F<\/h2>\n<p>Vibro-LS.F-t\u00e4rin\u00e4nvaimentimia k\u00e4ytet\u00e4\u00e4n kuorman ripustamiseen (pystyvoimat):<\/p>\n<ul>\n<li>kuten kelluvan alakaton ripustamiseen kipsilevyll\u00e4<\/li>\n<li>koneiden ripustamiseen (tuulettimet, ilmastointilaitteet jne.)<\/li>\n<li>ilmastointikanavien jne. ripustus<\/li>\n<\/ul>\n<div id='gallery-1' class='gallery galleryid-6332 gallery-columns-2 gallery-size-medium'><figure class='gallery-item'>\n\t\t\t<div class='gallery-icon landscape'>\n\t\t\t\t<a href='https:\/\/hotelli03.domainhotelli.fi\/~lsdoecli\/wp-content\/uploads\/2021\/09\/Tarinanvaimennus-ripustin-Regufoam\u00ae-Vibro-LS.F-alakatto.jpg'><img width=\"300\" height=\"205\" src=\"https:\/\/hotelli03.domainhotelli.fi\/~lsdoecli\/wp-content\/uploads\/2021\/09\/Tarinanvaimennus-ripustin-Regufoam\u00ae-Vibro-LS.F-alakatto-300x205.jpg\" class=\"attachment-medium size-medium\" alt=\"T\u00e4rin\u00e4nvaimennus ripustin Regufoam\u00ae Vibro-LS.F\" loading=\"lazy\" \/><\/a>\n\t\t\t<\/div><\/figure><figure class='gallery-item'>\n\t\t\t<div class='gallery-icon landscape'>\n\t\t\t\t<a href='https:\/\/hotelli03.domainhotelli.fi\/~lsdoecli\/wp-content\/uploads\/2021\/09\/Tarinanvaimennus-ripustin-Regufoam\u00ae-Vibro-LS.F-esimerkki.jpg'><img width=\"300\" height=\"205\" src=\"https:\/\/hotelli03.domainhotelli.fi\/~lsdoecli\/wp-content\/uploads\/2021\/09\/Tarinanvaimennus-ripustin-Regufoam\u00ae-Vibro-LS.F-esimerkki-300x205.jpg\" class=\"attachment-medium size-medium\" alt=\"T\u00e4rin\u00e4nvaimennus ripustin Regufoam\u00ae Vibro-LS.F\" loading=\"lazy\" \/><\/a>\n\t\t\t<\/div><\/figure>\n\t\t<\/div>\n\n<p>T\u00e4rin\u00e4nvaimennus ripustin Regufoam\u00ae Vibro-LS.F koostuu sinkityst\u00e4 metallirungosta, joka on erityisesti moduloitu kuorman ripustamiseen. Keskell\u00e4 on korkealaatuinen polyuretaanivaahto, jossa on puoliksi suljetut kennot, Regufoam\u00ae, joka v\u00e4ltt\u00e4\u00e4 t\u00e4rin\u00e4n siirtymisen ja tarjoaa optimaalisen akustisen tuloksen. Sen metallikokoonpano on \u201dvikaturvallinen\u201d rakenne palo- ja iskunkest\u00e4viss\u00e4 sovelluksissa. L\u00e4pivientiruuvi ei kosketa metallikehyst\u00e4, joten \u00e4\u00e4nisiltaa ei synny.<\/p>\n<p>Sen pohjassa on kaksi soikeaa reik\u00e4\u00e4 asennuksen helpottamiseksi.<\/p>\n<p>&nbsp;<\/p>\n<h5><strong>Vaihtoehdot:<\/strong><\/h5>\n<table class=\"tg\">\n<thead>\n<tr>\n<th class=\"tg-amwm\">TYYPPI<\/th>\n<th class=\"tg-amwm\">V\u00c4RI KOODI<\/th>\n<th class=\"tg-amwm\">MAX AXIAL RESTRAINT (daN)<\/th>\n<\/tr>\n<\/thead>\n<tbody>\n<tr>\n<td class=\"tg-baqh\">Vibro-LS.F 10<\/td>\n<td class=\"tg-baqh\">Black<\/td>\n<td class=\"tg-baqh\">10<\/td>\n<\/tr>\n<tr>\n<td class=\"tg-baqh\">Vibro-LS.F 20<\/td>\n<td class=\"tg-baqh\">Grey<\/td>\n<td class=\"tg-baqh\">20<\/td>\n<\/tr>\n<tr>\n<td class=\"tg-baqh\">Vibro-LS.F 40<\/td>\n<td class=\"tg-baqh\">Beige<\/td>\n<td class=\"tg-baqh\">40<\/td>\n<\/tr>\n<\/tbody>\n<\/table>\n<p><strong>Dynaamiset ominaisuudet:<\/strong><\/p>\n<p>Luonnollinen taajuus (maksimikuormalla):<br \/>\n&#8211; 14 Hz (vaahdon paksuus 12,5 mm)<br \/>\n&#8211; 10 Hz (25 mm vaahdon paksuus)<\/p>\n<p><a href=\"https:\/\/hotelli03.domainhotelli.fi\/~lsdoecli\/tuote-osasto\/akustiikka\/\">Katso my\u00f6s kaikki muut akustiikka tuotteet t\u00e4st\u00e4!\u00a0<\/a><\/p>\n","protected":false},"excerpt":{"rendered":"<p>Vibro-LS.F-t\u00e4rin\u00e4nvaimentimia k\u00e4ytet\u00e4\u00e4n kuorman ripustamiseen (pystyvoimat):<\/p>\n<ul>\n<li>kuten kelluvan alakaton ripustamiseen kipsilevyll\u00e4<\/li>\n<li>koneiden ripustamiseen (tuulettimet, ilmastointilaitteet jne.)<\/li>\n<li>ilmastointikanavien jne. ripustus<\/li>\n<\/ul>\n<p>&nbsp;<\/p>\n<p><strong>Valitse malli alta:<\/strong><\/p>\n","protected":false},"featured_media":6335,"comment_status":"open","ping_status":"closed","template":"","meta":[],"product_cat":[832],"product_tag":[838,839],"yoast_head":"<!-- This site is optimized with the Yoast SEO Premium plugin v18.9 (Yoast SEO v19.3) - https:\/\/yoast.com\/wordpress\/plugins\/seo\/ -->\n<title>T\u00e4rin\u00e4nvaimennus ripustin Regufoam\u00ae Vibro-LS.F | JV Tuonti<\/title>\n<meta name=\"description\" content=\"T\u00e4rin\u00e4nvaimennus ripustin Regufoam\u00ae Vibro-LS.F k\u00e4ytet\u00e4\u00e4n kuorman ripustamiseen. Tilaa helposti verkkokaupastamme tai ole yhteydess\u00e4.\" \/>\n<meta name=\"robots\" content=\"index, follow, max-snippet:-1, max-image-preview:large, max-video-preview:-1\" \/>\n<link rel=\"canonical\" href=\"https:\/\/hotelli03.domainhotelli.fi\/~lsdoecli\/tuote\/tarinanvaimennus-ripustin-regufoam-vibro-ls-f\/\" \/>\n<meta property=\"og:locale\" content=\"fi_FI\" \/>\n<meta property=\"og:type\" content=\"article\" \/>\n<meta property=\"og:title\" content=\"T\u00e4rin\u00e4nvaimennus ripustin Regufoam\u00ae Vibro-LS.F\" \/>\n<meta property=\"og:description\" content=\"T\u00e4rin\u00e4nvaimennus ripustin Regufoam\u00ae Vibro-LS.F k\u00e4ytet\u00e4\u00e4n kuorman ripustamiseen. Tilaa helposti verkkokaupastamme tai ole yhteydess\u00e4.\" \/>\n<meta property=\"og:url\" content=\"https:\/\/hotelli03.domainhotelli.fi\/~lsdoecli\/tuote\/tarinanvaimennus-ripustin-regufoam-vibro-ls-f\/\" \/>\n<meta property=\"og:site_name\" content=\"JV Tuonti\" \/>\n<meta property=\"article:publisher\" content=\"https:\/\/www.facebook.com\/JVTuontiOy\" \/>\n<meta property=\"article:modified_time\" content=\"2021-09-28T06:12:42+00:00\" \/>\n<meta property=\"og:image\" content=\"https:\/\/hotelli03.domainhotelli.fi\/~lsdoecli\/wp-content\/uploads\/2021\/09\/Tarinanvaimennus-ripustin-Regufoam\u00ae-Vibro-LS.F-25mm.jpg\" \/>\n\t<meta property=\"og:image:width\" content=\"1000\" \/>\n\t<meta property=\"og:image:height\" content=\"892\" \/>\n\t<meta property=\"og:image:type\" content=\"image\/jpeg\" \/>\n<meta name=\"twitter:card\" content=\"summary_large_image\" \/>\n<meta name=\"twitter:label1\" content=\"Availability\" \/>\n\t<meta name=\"twitter:data1\" content=\"On backorder\" \/>\n<script type=\"application\/ld+json\" class=\"yoast-schema-graph\">{\"@context\":\"https:\/\/schema.org\",\"@graph\":[{\"@type\":[\"Organization\",\"Place\",\"WholesaleStore\"],\"@id\":\"https:\/\/hotelli03.domainhotelli.fi\/~lsdoecli\/#organization\",\"name\":\"JV Tuonti Oy\",\"url\":\"https:\/\/hotelli03.domainhotelli.fi\/~lsdoecli\/\",\"sameAs\":[\"https:\/\/instagram.com\/jvtuontioy?utm_medium=copy_link\",\"https:\/\/www.facebook.com\/JVTuontiOy\"],\"logo\":{\"@id\":\"https:\/\/hotelli03.domainhotelli.fi\/~lsdoecli\/tuote\/tarinanvaimennus-ripustin-regufoam-vibro-ls-f\/#local-main-organization-logo\"},\"image\":{\"@id\":\"https:\/\/hotelli03.domainhotelli.fi\/~lsdoecli\/tuote\/tarinanvaimennus-ripustin-regufoam-vibro-ls-f\/#local-main-organization-logo\"},\"address\":{\"@id\":\"https:\/\/hotelli03.domainhotelli.fi\/~lsdoecli\/tuote\/tarinanvaimennus-ripustin-regufoam-vibro-ls-f\/#local-main-place-address\"},\"geo\":{\"@type\":\"GeoCoordinates\",\"latitude\":\"60.28431\",\"longitude\":\"24.81654\"},\"telephone\":[\"0408369980\"],\"openingHoursSpecification\":[{\"@type\":\"OpeningHoursSpecification\",\"dayOfWeek\":[\"Monday\",\"Tuesday\",\"Wednesday\",\"Thursday\",\"Friday\"],\"opens\":\"08:00\",\"closes\":\"16:00\"},{\"@type\":\"OpeningHoursSpecification\",\"dayOfWeek\":[\"Saturday\",\"Sunday\"],\"opens\":\"00:00\",\"closes\":\"00:00\"}],\"email\":\"myynti@hotelli03.domainhotelli.fi\",\"areaServed\":\"Suomi, Ruotsi\",\"vatID\":\"FI30178387\",\"priceRange\":\"$$\",\"currenciesAccepted\":\"\u20ac\",\"paymentAccepted\":\"Lasku, pankkikortti\"},{\"@type\":\"WebSite\",\"@id\":\"https:\/\/hotelli03.domainhotelli.fi\/~lsdoecli\/#website\",\"url\":\"https:\/\/hotelli03.domainhotelli.fi\/~lsdoecli\/\",\"name\":\"JV Tuonti\",\"description\":\"JV Tuonti Oy:n verkkokauppa\",\"publisher\":{\"@id\":\"https:\/\/hotelli03.domainhotelli.fi\/~lsdoecli\/#organization\"},\"potentialAction\":[{\"@type\":\"SearchAction\",\"target\":{\"@type\":\"EntryPoint\",\"urlTemplate\":\"https:\/\/hotelli03.domainhotelli.fi\/~lsdoecli\/?s={search_term_string}\"},\"query-input\":\"required name=search_term_string\"}],\"inLanguage\":\"fi\"},{\"@type\":\"ImageObject\",\"inLanguage\":\"fi\",\"@id\":\"https:\/\/hotelli03.domainhotelli.fi\/~lsdoecli\/tuote\/tarinanvaimennus-ripustin-regufoam-vibro-ls-f\/#primaryimage\",\"url\":\"https:\/\/hotelli03.domainhotelli.fi\/~lsdoecli\/wp-content\/uploads\/2021\/09\/Tarinanvaimennus-ripustin-Regufoam\u00ae-Vibro-LS.F-25mm.jpg\",\"contentUrl\":\"https:\/\/hotelli03.domainhotelli.fi\/~lsdoecli\/wp-content\/uploads\/2021\/09\/Tarinanvaimennus-ripustin-Regufoam\u00ae-Vibro-LS.F-25mm.jpg\",\"width\":1000,\"height\":892,\"caption\":\"T\u00e4rin\u00e4nvaimennus ripustin Regufoam\u00ae Vibro-LS\"},{\"@type\":\"WebPage\",\"@id\":\"https:\/\/hotelli03.domainhotelli.fi\/~lsdoecli\/tuote\/tarinanvaimennus-ripustin-regufoam-vibro-ls-f\/\",\"url\":\"https:\/\/hotelli03.domainhotelli.fi\/~lsdoecli\/tuote\/tarinanvaimennus-ripustin-regufoam-vibro-ls-f\/\",\"name\":\"T\u00e4rin\u00e4nvaimennus ripustin Regufoam\u00ae Vibro-LS.F | JV Tuonti\",\"isPartOf\":{\"@id\":\"https:\/\/hotelli03.domainhotelli.fi\/~lsdoecli\/#website\"},\"primaryImageOfPage\":{\"@id\":\"https:\/\/hotelli03.domainhotelli.fi\/~lsdoecli\/tuote\/tarinanvaimennus-ripustin-regufoam-vibro-ls-f\/#primaryimage\"},\"datePublished\":\"2021-09-27T12:40:03+00:00\",\"dateModified\":\"2021-09-28T06:12:42+00:00\",\"description\":\"T\u00e4rin\u00e4nvaimennus ripustin Regufoam\u00ae Vibro-LS.F k\u00e4ytet\u00e4\u00e4n kuorman ripustamiseen. Tilaa helposti verkkokaupastamme tai ole yhteydess\u00e4.\",\"breadcrumb\":{\"@id\":\"https:\/\/hotelli03.domainhotelli.fi\/~lsdoecli\/tuote\/tarinanvaimennus-ripustin-regufoam-vibro-ls-f\/#breadcrumb\"},\"inLanguage\":\"fi\",\"potentialAction\":[{\"@type\":\"ReadAction\",\"target\":[\"https:\/\/hotelli03.domainhotelli.fi\/~lsdoecli\/tuote\/tarinanvaimennus-ripustin-regufoam-vibro-ls-f\/\"]}]},{\"@type\":\"BreadcrumbList\",\"@id\":\"https:\/\/hotelli03.domainhotelli.fi\/~lsdoecli\/tuote\/tarinanvaimennus-ripustin-regufoam-vibro-ls-f\/#breadcrumb\",\"itemListElement\":[{\"@type\":\"ListItem\",\"position\":1,\"name\":\"Etusivu\",\"item\":\"https:\/\/hotelli03.domainhotelli.fi\/~lsdoecli\/\"},{\"@type\":\"ListItem\",\"position\":2,\"name\":\"Kauppa\",\"item\":\"https:\/\/hotelli03.domainhotelli.fi\/~lsdoecli\/kauppa\/\"},{\"@type\":\"ListItem\",\"position\":3,\"name\":\"T\u00e4rin\u00e4nvaimennus ripustin Regufoam\u00ae Vibro-LS.F\"}]},{\"@type\":\"PostalAddress\",\"@id\":\"https:\/\/hotelli03.domainhotelli.fi\/~lsdoecli\/tuote\/tarinanvaimennus-ripustin-regufoam-vibro-ls-f\/#local-main-place-address\",\"streetAddress\":\"Pyymosantie 5a\",\"addressLocality\":\"Vantaa\",\"postalCode\":\"01720\",\"addressCountry\":\"FI\"},{\"@type\":\"ImageObject\",\"inLanguage\":\"fi\",\"@id\":\"https:\/\/hotelli03.domainhotelli.fi\/~lsdoecli\/tuote\/tarinanvaimennus-ripustin-regufoam-vibro-ls-f\/#local-main-organization-logo\",\"url\":\"https:\/\/hotelli03.domainhotelli.fi\/~lsdoecli\/wp-content\/uploads\/2021\/08\/JVTuonti_logo_nelio.jpg\",\"contentUrl\":\"https:\/\/hotelli03.domainhotelli.fi\/~lsdoecli\/wp-content\/uploads\/2021\/08\/JVTuonti_logo_nelio.jpg\",\"width\":550,\"height\":550,\"caption\":\"JV Tuonti Oy\"}]}<\/script>\n<meta property=\"og:availability\" content=\"backorder\" \/>\n<meta property=\"product:availability\" content=\"available for order\" \/>\n<meta property=\"product:condition\" content=\"new\" \/>\n<meta name=\"geo.placename\" content=\"Vantaa\" \/>\n<meta name=\"geo.position\" content=\"60.28431;24.81654\" \/>\n<meta name=\"geo.region\" content=\"Suomi\" \/>\n<!-- \/ Yoast SEO Premium plugin. -->","yoast_head_json":{"title":"T\u00e4rin\u00e4nvaimennus ripustin Regufoam\u00ae Vibro-LS.F | JV Tuonti","description":"T\u00e4rin\u00e4nvaimennus ripustin Regufoam\u00ae Vibro-LS.F k\u00e4ytet\u00e4\u00e4n kuorman ripustamiseen. Tilaa helposti verkkokaupastamme tai ole yhteydess\u00e4.","robots":{"index":"index","follow":"follow","max-snippet":"max-snippet:-1","max-image-preview":"max-image-preview:large","max-video-preview":"max-video-preview:-1"},"canonical":"https:\/\/hotelli03.domainhotelli.fi\/~lsdoecli\/tuote\/tarinanvaimennus-ripustin-regufoam-vibro-ls-f\/","og_locale":"fi_FI","og_type":"article","og_title":"T\u00e4rin\u00e4nvaimennus ripustin Regufoam\u00ae Vibro-LS.F","og_description":"T\u00e4rin\u00e4nvaimennus ripustin Regufoam\u00ae Vibro-LS.F k\u00e4ytet\u00e4\u00e4n kuorman ripustamiseen. Tilaa helposti verkkokaupastamme tai ole yhteydess\u00e4.","og_url":"https:\/\/hotelli03.domainhotelli.fi\/~lsdoecli\/tuote\/tarinanvaimennus-ripustin-regufoam-vibro-ls-f\/","og_site_name":"JV Tuonti","article_publisher":"https:\/\/www.facebook.com\/JVTuontiOy","article_modified_time":"2021-09-28T06:12:42+00:00","og_image":[{"width":1000,"height":892,"url":"https:\/\/hotelli03.domainhotelli.fi\/~lsdoecli\/wp-content\/uploads\/2021\/09\/Tarinanvaimennus-ripustin-Regufoam\u00ae-Vibro-LS.F-25mm.jpg","type":"image\/jpeg"}],"twitter_card":"summary_large_image","twitter_misc":{"Availability":"On backorder"},"schema":{"@context":"https:\/\/schema.org","@graph":[{"@type":["Organization","Place","WholesaleStore"],"@id":"https:\/\/hotelli03.domainhotelli.fi\/~lsdoecli\/#organization","name":"JV Tuonti Oy","url":"https:\/\/hotelli03.domainhotelli.fi\/~lsdoecli\/","sameAs":["https:\/\/instagram.com\/jvtuontioy?utm_medium=copy_link","https:\/\/www.facebook.com\/JVTuontiOy"],"logo":{"@id":"https:\/\/hotelli03.domainhotelli.fi\/~lsdoecli\/tuote\/tarinanvaimennus-ripustin-regufoam-vibro-ls-f\/#local-main-organization-logo"},"image":{"@id":"https:\/\/hotelli03.domainhotelli.fi\/~lsdoecli\/tuote\/tarinanvaimennus-ripustin-regufoam-vibro-ls-f\/#local-main-organization-logo"},"address":{"@id":"https:\/\/hotelli03.domainhotelli.fi\/~lsdoecli\/tuote\/tarinanvaimennus-ripustin-regufoam-vibro-ls-f\/#local-main-place-address"},"geo":{"@type":"GeoCoordinates","latitude":"60.28431","longitude":"24.81654"},"telephone":["0408369980"],"openingHoursSpecification":[{"@type":"OpeningHoursSpecification","dayOfWeek":["Monday","Tuesday","Wednesday","Thursday","Friday"],"opens":"08:00","closes":"16:00"},{"@type":"OpeningHoursSpecification","dayOfWeek":["Saturday","Sunday"],"opens":"00:00","closes":"00:00"}],"email":"myynti@hotelli03.domainhotelli.fi","areaServed":"Suomi, Ruotsi","vatID":"FI30178387","priceRange":"$$","currenciesAccepted":"\u20ac","paymentAccepted":"Lasku, pankkikortti"},{"@type":"WebSite","@id":"https:\/\/hotelli03.domainhotelli.fi\/~lsdoecli\/#website","url":"https:\/\/hotelli03.domainhotelli.fi\/~lsdoecli\/","name":"JV Tuonti","description":"JV Tuonti Oy:n verkkokauppa","publisher":{"@id":"https:\/\/hotelli03.domainhotelli.fi\/~lsdoecli\/#organization"},"potentialAction":[{"@type":"SearchAction","target":{"@type":"EntryPoint","urlTemplate":"https:\/\/hotelli03.domainhotelli.fi\/~lsdoecli\/?s={search_term_string}"},"query-input":"required name=search_term_string"}],"inLanguage":"fi"},{"@type":"ImageObject","inLanguage":"fi","@id":"https:\/\/hotelli03.domainhotelli.fi\/~lsdoecli\/tuote\/tarinanvaimennus-ripustin-regufoam-vibro-ls-f\/#primaryimage","url":"https:\/\/hotelli03.domainhotelli.fi\/~lsdoecli\/wp-content\/uploads\/2021\/09\/Tarinanvaimennus-ripustin-Regufoam\u00ae-Vibro-LS.F-25mm.jpg","contentUrl":"https:\/\/hotelli03.domainhotelli.fi\/~lsdoecli\/wp-content\/uploads\/2021\/09\/Tarinanvaimennus-ripustin-Regufoam\u00ae-Vibro-LS.F-25mm.jpg","width":1000,"height":892,"caption":"T\u00e4rin\u00e4nvaimennus ripustin Regufoam\u00ae Vibro-LS"},{"@type":"WebPage","@id":"https:\/\/hotelli03.domainhotelli.fi\/~lsdoecli\/tuote\/tarinanvaimennus-ripustin-regufoam-vibro-ls-f\/","url":"https:\/\/hotelli03.domainhotelli.fi\/~lsdoecli\/tuote\/tarinanvaimennus-ripustin-regufoam-vibro-ls-f\/","name":"T\u00e4rin\u00e4nvaimennus ripustin Regufoam\u00ae Vibro-LS.F | JV Tuonti","isPartOf":{"@id":"https:\/\/hotelli03.domainhotelli.fi\/~lsdoecli\/#website"},"primaryImageOfPage":{"@id":"https:\/\/hotelli03.domainhotelli.fi\/~lsdoecli\/tuote\/tarinanvaimennus-ripustin-regufoam-vibro-ls-f\/#primaryimage"},"datePublished":"2021-09-27T12:40:03+00:00","dateModified":"2021-09-28T06:12:42+00:00","description":"T\u00e4rin\u00e4nvaimennus ripustin Regufoam\u00ae Vibro-LS.F k\u00e4ytet\u00e4\u00e4n kuorman ripustamiseen. Tilaa helposti verkkokaupastamme tai ole yhteydess\u00e4.","breadcrumb":{"@id":"https:\/\/hotelli03.domainhotelli.fi\/~lsdoecli\/tuote\/tarinanvaimennus-ripustin-regufoam-vibro-ls-f\/#breadcrumb"},"inLanguage":"fi","potentialAction":[{"@type":"ReadAction","target":["https:\/\/hotelli03.domainhotelli.fi\/~lsdoecli\/tuote\/tarinanvaimennus-ripustin-regufoam-vibro-ls-f\/"]}]},{"@type":"BreadcrumbList","@id":"https:\/\/hotelli03.domainhotelli.fi\/~lsdoecli\/tuote\/tarinanvaimennus-ripustin-regufoam-vibro-ls-f\/#breadcrumb","itemListElement":[{"@type":"ListItem","position":1,"name":"Etusivu","item":"https:\/\/hotelli03.domainhotelli.fi\/~lsdoecli\/"},{"@type":"ListItem","position":2,"name":"Kauppa","item":"https:\/\/hotelli03.domainhotelli.fi\/~lsdoecli\/kauppa\/"},{"@type":"ListItem","position":3,"name":"T\u00e4rin\u00e4nvaimennus ripustin Regufoam\u00ae Vibro-LS.F"}]},{"@type":"PostalAddress","@id":"https:\/\/hotelli03.domainhotelli.fi\/~lsdoecli\/tuote\/tarinanvaimennus-ripustin-regufoam-vibro-ls-f\/#local-main-place-address","streetAddress":"Pyymosantie 5a","addressLocality":"Vantaa","postalCode":"01720","addressCountry":"FI"},{"@type":"ImageObject","inLanguage":"fi","@id":"https:\/\/hotelli03.domainhotelli.fi\/~lsdoecli\/tuote\/tarinanvaimennus-ripustin-regufoam-vibro-ls-f\/#local-main-organization-logo","url":"https:\/\/hotelli03.domainhotelli.fi\/~lsdoecli\/wp-content\/uploads\/2021\/08\/JVTuonti_logo_nelio.jpg","contentUrl":"https:\/\/hotelli03.domainhotelli.fi\/~lsdoecli\/wp-content\/uploads\/2021\/08\/JVTuonti_logo_nelio.jpg","width":550,"height":550,"caption":"JV Tuonti Oy"}]},"og_availability":"backorder","product_availability":"available for order","product_condition":"new","geo.placename":"Vantaa","geo.position":{"lat":"60.28431","long":"24.81654"},"geo.region":"Suomi"},"_links":{"self":[{"href":"https:\/\/hotelli03.domainhotelli.fi\/~lsdoecli\/wp-json\/wp\/v2\/product\/6332"}],"collection":[{"href":"https:\/\/hotelli03.domainhotelli.fi\/~lsdoecli\/wp-json\/wp\/v2\/product"}],"about":[{"href":"https:\/\/hotelli03.domainhotelli.fi\/~lsdoecli\/wp-json\/wp\/v2\/types\/product"}],"replies":[{"embeddable":true,"href":"https:\/\/hotelli03.domainhotelli.fi\/~lsdoecli\/wp-json\/wp\/v2\/comments?post=6332"}],"wp:featuredmedia":[{"embeddable":true,"href":"https:\/\/hotelli03.domainhotelli.fi\/~lsdoecli\/wp-json\/wp\/v2\/media\/6335"}],"wp:attachment":[{"href":"https:\/\/hotelli03.domainhotelli.fi\/~lsdoecli\/wp-json\/wp\/v2\/media?parent=6332"}],"wp:term":[{"taxonomy":"product_cat","embeddable":true,"href":"https:\/\/hotelli03.domainhotelli.fi\/~lsdoecli\/wp-json\/wp\/v2\/product_cat?post=6332"},{"taxonomy":"product_tag","embeddable":true,"href":"https:\/\/hotelli03.domainhotelli.fi\/~lsdoecli\/wp-json\/wp\/v2\/product_tag?post=6332"}],"curies":[{"name":"wp","href":"https:\/\/api.w.org\/{rel}","templated":true}]}}