{"id":6098,"date":"2021-09-15T12:31:36","date_gmt":"2021-09-15T12:31:36","guid":{"rendered":"https:\/\/hotelli03.domainhotelli.fi\/~lsdoecli\/?post_type=product&#038;p=6098"},"modified":"2022-03-08T13:15:49","modified_gmt":"2022-03-08T13:15:49","slug":"laservastaanotin-huepar-lr-5rg-punainen-ja-vihrea-laser","status":"publish","type":"product","link":"https:\/\/hotelli03.domainhotelli.fi\/~lsdoecli\/tuote\/laservastaanotin-huepar-lr-5rg-punainen-ja-vihrea-laser\/","title":{"rendered":"Laservastaanotin Huepar LR-5RG punainen ja vihre\u00e4 laser"},"content":{"rendered":"<h2>Laservastaanotin Huepar punainen ja vihre\u00e4 laser<\/h2>\n<p>Huepar- laservastaanotin on tarkoitettu k\u00e4ytett\u00e4v\u00e4ksi Huepar linjalasereiden kanssa. Vastaanotin soveltuu punaiselle ja vihre\u00e4lle lasers\u00e4teelle. Laitteen tarkkuustaso on 2 mm. Vastaanotin on paristok\u00e4ytt\u00f6inen. 2 x AA 1,5 V -paristot myyd\u00e4\u00e4n erikseen. Laservastaanottimen kantama on komeat 50 metri\u00e4<\/p>\n<p>Huepar-linjalaserin vastaanotin auttaa l\u00f6yt\u00e4m\u00e4\u00e4n laserin tuottaman lasers\u00e4teen kirkkaissa valaistusolosuhteissa tai pitk\u00e4n et\u00e4isyyden p\u00e4\u00e4st\u00e4. Vastaanotinta voidaan k\u00e4ytt\u00e4\u00e4 sek\u00e4 sis\u00e4ll\u00e4 ett\u00e4 ulkona tilanteissa, joissa lasers\u00e4teen n\u00e4keminen on vaikeaa. Huepar LR-5RG -vastaanotinta voidaan k\u00e4ytt\u00e4\u00e4 VAIN Huepar linjalasereiden kanssa, joilla on pulssitilatoiminto\u203c Huomaa, ett\u00e4 vastaanotinta EI voi k\u00e4ytt\u00e4\u00e4 py\u00f6riv\u00e4n laserin kanssa\u203c. Osoittaakseen lasers\u00e4teen sijainnin vastaanotin antaa sek\u00e4 visuaalisia signaaleja LCD-n\u00e4yt\u00f6n kautta ett\u00e4 \u00e4\u00e4nisignaaleja kaiuttimen kautta. Huepar-linjalaservastaanotinta voidaan k\u00e4ytt\u00e4\u00e4 vaaituslaatan kiinnikkeen kanssa tai ilman sit\u00e4. Jos sit\u00e4 k\u00e4ytet\u00e4\u00e4n kiinnikkeen kanssa, vastaanotin voidaan sijoittaa vaaituslaattaan, -tankoon, &#8211; tolppaan tai -pylv\u00e4\u00e4seen. Huepar-laservastaanotin toimii kahdella 1,5 V:n AA -paristoilla (ei sis\u00e4lly pakettiin).<\/p>\n<h3>Suuri vastaanottoikkuna ja kaksi LCD -n\u00e4ytt\u00f6\u00e4<\/h3>\n<p>Suuri 2 tuuman vastaanottoikkuna ja optiset ja akustiset signaalit auttavat paikantamaan lasertason nopeasti ja tarkasti. LCD -taustavalo tarjoaa selke\u00e4n n\u00e4kym\u00e4t my\u00f6s h\u00e4m\u00e4r\u00e4ss\u00e4.<\/p>\n<h3>Pitk\u00e4 akun kesto<\/h3>\n<p>Vastaanotin toimii 2 x AA -paristolla (ei sis\u00e4lly pakettiin), joka tarjoaa sinulle noin 20 ty\u00f6tuntia. Laitteessa on my\u00f6s automaattinen sammutusominaisuus, joka sammuttaa laitteen noin 10 minuutin k\u00e4ytt\u00e4m\u00e4tt\u00f6myyden j\u00e4lkeen pident\u00e4\u00e4kseen akun k\u00e4ytt\u00f6ik\u00e4\u00e4.<\/p>\n<p><a href=\"https:\/\/hotelli03.domainhotelli.fi\/~lsdoecli\/tuote\/paristo-aa-allmax-24-kpl\/\">Osta paristot my\u00f6s samalla t\u00e4st\u00e4!<\/a><\/p>\n<h3>Laservastaanotin antaa sek\u00e4 visuaalisia signaaleja LCD-n\u00e4yt\u00f6n kautta ett\u00e4 \u00e4\u00e4nisignaaleja kaiuttimen kautta<\/h3>\n<p>Optiset ja akustiset signaalit auttavat paikantamaan lasertason nopeasti ja tarkasti. LED -ilmaisin antaa selke\u00e4n ja tarkan signaalin. \u00c4\u00e4nimerkit muistuttavat sinua, kun l\u00f6yd\u00e4t kohteen.<\/p>\n<p>&nbsp;<\/p>\n<h4>TEKNISET TIEDOT<\/h4>\n<p>\u2022 tarkkuus: \u00b1 2 mm<\/p>\n<p>\u2022 toimintakantama: &lt;50 m valonl\u00e4hteest\u00e4 riippuen<\/p>\n<p>\u2022 vesivaa\u00b4an tarkkuus: 30\u2019 \/ 2 mm<\/p>\n<p>\u2022 k\u00e4ytt\u00f6l\u00e4mp\u00f6tila: -10\u2026 +50 \u00b0C<\/p>\n<p>\u2022 paristo: 2 x 1,5 V AA<\/p>\n<p>\u2022 k\u00e4ytt\u00f6aika: noin 20 h<\/p>\n<p>\u2022 automaattinen sammutus: 10 minuuttia<\/p>\n<p>\u2022 mitat: 140mm\u00d768mm\u00d726mm<\/p>\n<p>\u2022 paino: 140g<\/p>\n<p>&nbsp;<\/p>\n<p>&nbsp;<\/p>\n<p>&nbsp;<\/p>\n<p>Lue k\u00e4ytt\u00f6ohjeesta tarkemmin laservastaanottimen k\u00e4yt\u00f6st\u00e4.<\/p>\n<p>Tuotevalikoimastamme l\u00f6yd\u00e4t my\u00f6s linjalaserit. <a href=\"https:\/\/hotelli03.domainhotelli.fi\/~lsdoecli\/tuote-osasto\/rakennustarvikkeet\/lasermittarit-ja-mittalaitteet\/linjalaserit\/\">Tutustu tuotteisiin t\u00e4st\u00e4!<\/a><\/p>\n","protected":false},"excerpt":{"rendered":"<p>Huepar- laservastaanotin on tarkoitettu k\u00e4ytett\u00e4v\u00e4ksi Huepar linjalasereiden kanssa. Vastaanotin soveltuu punaiselle ja vihre\u00e4lle lasers\u00e4teelle. Laitteen tarkkuustaso on 2 mm. Vastaanotin on paristok\u00e4ytt\u00f6inen. 2 x AA 1,5 V -paristot myyd\u00e4\u00e4n erikseen. Laservastaanottimen kantama on komeat 50 metri\u00e4<\/p>\n","protected":false},"featured_media":6099,"comment_status":"open","ping_status":"closed","template":"","meta":[],"product_cat":[854],"product_tag":[855,856],"yoast_head":"<!-- This site is optimized with the Yoast SEO Premium plugin v18.9 (Yoast SEO v19.3) - https:\/\/yoast.com\/wordpress\/plugins\/seo\/ -->\n<title>Laservastaanotin Huepar LR-5RG punainen ja vihre\u00e4 laser | JV Tuonti<\/title>\n<meta name=\"description\" content=\"Huepar-laservastaanotin on tarkoitettu k\u00e4ytett\u00e4v\u00e4ksi linjalasereiden kanssa. Vastaanotin soveltuu punaiselle ja vihre\u00e4lle lasers\u00e4teelle.\" \/>\n<meta name=\"robots\" content=\"index, follow, max-snippet:-1, max-image-preview:large, max-video-preview:-1\" \/>\n<link rel=\"canonical\" href=\"https:\/\/hotelli03.domainhotelli.fi\/~lsdoecli\/tuote\/laservastaanotin-huepar-lr-5rg-punainen-ja-vihrea-laser\/\" \/>\n<meta property=\"og:locale\" content=\"fi_FI\" \/>\n<meta property=\"og:type\" content=\"article\" \/>\n<meta property=\"og:title\" content=\"Laservastaanotin Huepar LR-5RG punainen ja vihre\u00e4 laser\" \/>\n<meta property=\"og:description\" content=\"Huepar-laservastaanotin on tarkoitettu k\u00e4ytett\u00e4v\u00e4ksi linjalasereiden kanssa. Vastaanotin soveltuu punaiselle ja vihre\u00e4lle lasers\u00e4teelle.\" \/>\n<meta property=\"og:url\" content=\"https:\/\/hotelli03.domainhotelli.fi\/~lsdoecli\/tuote\/laservastaanotin-huepar-lr-5rg-punainen-ja-vihrea-laser\/\" \/>\n<meta property=\"og:site_name\" content=\"JV Tuonti\" \/>\n<meta property=\"article:publisher\" content=\"https:\/\/www.facebook.com\/JVTuontiOy\" \/>\n<meta property=\"article:modified_time\" content=\"2022-03-08T13:15:49+00:00\" \/>\n<meta property=\"og:image\" content=\"https:\/\/hotelli03.domainhotelli.fi\/~lsdoecli\/wp-content\/uploads\/2021\/09\/Laservastaanotin_LR5RG.jpg\" \/>\n\t<meta property=\"og:image:width\" content=\"300\" \/>\n\t<meta property=\"og:image:height\" content=\"300\" \/>\n\t<meta property=\"og:image:type\" content=\"image\/jpeg\" \/>\n<meta name=\"twitter:card\" content=\"summary_large_image\" \/>\n<meta name=\"twitter:label1\" content=\"Price\" \/>\n\t<meta name=\"twitter:data1\" content=\"97,96&nbsp;&euro; Alv 24%N\u00e4yt\u00e4 veroton hinta79,00&nbsp;&euro; Alv 0%N\u00e4yt\u00e4 verollinen hinta\" \/>\n\t<meta name=\"twitter:label2\" content=\"Availability\" \/>\n\t<meta name=\"twitter:data2\" content=\"In stock\" \/>\n<script type=\"application\/ld+json\" class=\"yoast-schema-graph\">{\"@context\":\"https:\/\/schema.org\",\"@graph\":[{\"@type\":[\"Organization\",\"Place\",\"WholesaleStore\"],\"@id\":\"https:\/\/hotelli03.domainhotelli.fi\/~lsdoecli\/#organization\",\"name\":\"JV Tuonti Oy\",\"url\":\"https:\/\/hotelli03.domainhotelli.fi\/~lsdoecli\/\",\"sameAs\":[\"https:\/\/instagram.com\/jvtuontioy?utm_medium=copy_link\",\"https:\/\/www.facebook.com\/JVTuontiOy\"],\"logo\":{\"@id\":\"https:\/\/hotelli03.domainhotelli.fi\/~lsdoecli\/tuote\/laservastaanotin-huepar-lr-5rg-punainen-ja-vihrea-laser\/#local-main-organization-logo\"},\"image\":{\"@id\":\"https:\/\/hotelli03.domainhotelli.fi\/~lsdoecli\/tuote\/laservastaanotin-huepar-lr-5rg-punainen-ja-vihrea-laser\/#local-main-organization-logo\"},\"address\":{\"@id\":\"https:\/\/hotelli03.domainhotelli.fi\/~lsdoecli\/tuote\/laservastaanotin-huepar-lr-5rg-punainen-ja-vihrea-laser\/#local-main-place-address\"},\"geo\":{\"@type\":\"GeoCoordinates\",\"latitude\":\"60.28431\",\"longitude\":\"24.81654\"},\"telephone\":[\"0408369980\"],\"openingHoursSpecification\":[{\"@type\":\"OpeningHoursSpecification\",\"dayOfWeek\":[\"Monday\",\"Tuesday\",\"Wednesday\",\"Thursday\",\"Friday\"],\"opens\":\"08:00\",\"closes\":\"16:00\"},{\"@type\":\"OpeningHoursSpecification\",\"dayOfWeek\":[\"Saturday\",\"Sunday\"],\"opens\":\"00:00\",\"closes\":\"00:00\"}],\"email\":\"myynti@hotelli03.domainhotelli.fi\",\"areaServed\":\"Suomi, Ruotsi\",\"vatID\":\"FI30178387\",\"priceRange\":\"$$\",\"currenciesAccepted\":\"\u20ac\",\"paymentAccepted\":\"Lasku, pankkikortti\"},{\"@type\":\"WebSite\",\"@id\":\"https:\/\/hotelli03.domainhotelli.fi\/~lsdoecli\/#website\",\"url\":\"https:\/\/hotelli03.domainhotelli.fi\/~lsdoecli\/\",\"name\":\"JV Tuonti\",\"description\":\"JV Tuonti Oy:n verkkokauppa\",\"publisher\":{\"@id\":\"https:\/\/hotelli03.domainhotelli.fi\/~lsdoecli\/#organization\"},\"potentialAction\":[{\"@type\":\"SearchAction\",\"target\":{\"@type\":\"EntryPoint\",\"urlTemplate\":\"https:\/\/hotelli03.domainhotelli.fi\/~lsdoecli\/?s={search_term_string}\"},\"query-input\":\"required name=search_term_string\"}],\"inLanguage\":\"fi\"},{\"@type\":\"ImageObject\",\"inLanguage\":\"fi\",\"@id\":\"https:\/\/hotelli03.domainhotelli.fi\/~lsdoecli\/tuote\/laservastaanotin-huepar-lr-5rg-punainen-ja-vihrea-laser\/#primaryimage\",\"url\":\"https:\/\/hotelli03.domainhotelli.fi\/~lsdoecli\/wp-content\/uploads\/2021\/09\/Laservastaanotin_LR5RG.jpg\",\"contentUrl\":\"https:\/\/hotelli03.domainhotelli.fi\/~lsdoecli\/wp-content\/uploads\/2021\/09\/Laservastaanotin_LR5RG.jpg\",\"width\":300,\"height\":300,\"caption\":\"Laservastaanotin Huepar LR5RG\"},{\"@type\":\"WebPage\",\"@id\":\"https:\/\/hotelli03.domainhotelli.fi\/~lsdoecli\/tuote\/laservastaanotin-huepar-lr-5rg-punainen-ja-vihrea-laser\/\",\"url\":\"https:\/\/hotelli03.domainhotelli.fi\/~lsdoecli\/tuote\/laservastaanotin-huepar-lr-5rg-punainen-ja-vihrea-laser\/\",\"name\":\"Laservastaanotin Huepar LR-5RG punainen ja vihre\u00e4 laser | JV Tuonti\",\"isPartOf\":{\"@id\":\"https:\/\/hotelli03.domainhotelli.fi\/~lsdoecli\/#website\"},\"primaryImageOfPage\":{\"@id\":\"https:\/\/hotelli03.domainhotelli.fi\/~lsdoecli\/tuote\/laservastaanotin-huepar-lr-5rg-punainen-ja-vihrea-laser\/#primaryimage\"},\"datePublished\":\"2021-09-15T12:31:36+00:00\",\"dateModified\":\"2022-03-08T13:15:49+00:00\",\"description\":\"Huepar-laservastaanotin on tarkoitettu k\u00e4ytett\u00e4v\u00e4ksi linjalasereiden kanssa. Vastaanotin soveltuu punaiselle ja vihre\u00e4lle lasers\u00e4teelle.\",\"breadcrumb\":{\"@id\":\"https:\/\/hotelli03.domainhotelli.fi\/~lsdoecli\/tuote\/laservastaanotin-huepar-lr-5rg-punainen-ja-vihrea-laser\/#breadcrumb\"},\"inLanguage\":\"fi\",\"potentialAction\":[{\"@type\":\"ReadAction\",\"target\":[\"https:\/\/hotelli03.domainhotelli.fi\/~lsdoecli\/tuote\/laservastaanotin-huepar-lr-5rg-punainen-ja-vihrea-laser\/\"]}]},{\"@type\":\"BreadcrumbList\",\"@id\":\"https:\/\/hotelli03.domainhotelli.fi\/~lsdoecli\/tuote\/laservastaanotin-huepar-lr-5rg-punainen-ja-vihrea-laser\/#breadcrumb\",\"itemListElement\":[{\"@type\":\"ListItem\",\"position\":1,\"name\":\"Etusivu\",\"item\":\"https:\/\/hotelli03.domainhotelli.fi\/~lsdoecli\/\"},{\"@type\":\"ListItem\",\"position\":2,\"name\":\"Kauppa\",\"item\":\"https:\/\/hotelli03.domainhotelli.fi\/~lsdoecli\/kauppa\/\"},{\"@type\":\"ListItem\",\"position\":3,\"name\":\"Laservastaanotin Huepar LR-5RG punainen ja vihre\u00e4 laser\"}]},{\"@type\":\"PostalAddress\",\"@id\":\"https:\/\/hotelli03.domainhotelli.fi\/~lsdoecli\/tuote\/laservastaanotin-huepar-lr-5rg-punainen-ja-vihrea-laser\/#local-main-place-address\",\"streetAddress\":\"Pyymosantie 5a\",\"addressLocality\":\"Vantaa\",\"postalCode\":\"01720\",\"addressCountry\":\"FI\"},{\"@type\":\"ImageObject\",\"inLanguage\":\"fi\",\"@id\":\"https:\/\/hotelli03.domainhotelli.fi\/~lsdoecli\/tuote\/laservastaanotin-huepar-lr-5rg-punainen-ja-vihrea-laser\/#local-main-organization-logo\",\"url\":\"https:\/\/hotelli03.domainhotelli.fi\/~lsdoecli\/wp-content\/uploads\/2021\/08\/JVTuonti_logo_nelio.jpg\",\"contentUrl\":\"https:\/\/hotelli03.domainhotelli.fi\/~lsdoecli\/wp-content\/uploads\/2021\/08\/JVTuonti_logo_nelio.jpg\",\"width\":550,\"height\":550,\"caption\":\"JV Tuonti Oy\"}]}<\/script>\n<meta property=\"product:brand\" content=\"Huepar\" \/>\n<meta property=\"product:price:amount\" content=\"97.96\" \/>\n<meta property=\"product:price:currency\" content=\"EUR\" \/>\n<meta property=\"og:availability\" content=\"instock\" \/>\n<meta property=\"product:availability\" content=\"instock\" \/>\n<meta property=\"product:retailer_item_id\" content=\"LR5RG\" \/>\n<meta property=\"product:condition\" content=\"new\" \/>\n<meta name=\"geo.placename\" content=\"Vantaa\" \/>\n<meta name=\"geo.position\" content=\"60.28431;24.81654\" \/>\n<meta name=\"geo.region\" content=\"Suomi\" \/>\n<!-- \/ Yoast SEO Premium plugin. -->","yoast_head_json":{"title":"Laservastaanotin Huepar LR-5RG punainen ja vihre\u00e4 laser | JV Tuonti","description":"Huepar-laservastaanotin on tarkoitettu k\u00e4ytett\u00e4v\u00e4ksi linjalasereiden kanssa. Vastaanotin soveltuu punaiselle ja vihre\u00e4lle lasers\u00e4teelle.","robots":{"index":"index","follow":"follow","max-snippet":"max-snippet:-1","max-image-preview":"max-image-preview:large","max-video-preview":"max-video-preview:-1"},"canonical":"https:\/\/hotelli03.domainhotelli.fi\/~lsdoecli\/tuote\/laservastaanotin-huepar-lr-5rg-punainen-ja-vihrea-laser\/","og_locale":"fi_FI","og_type":"article","og_title":"Laservastaanotin Huepar LR-5RG punainen ja vihre\u00e4 laser","og_description":"Huepar-laservastaanotin on tarkoitettu k\u00e4ytett\u00e4v\u00e4ksi linjalasereiden kanssa. Vastaanotin soveltuu punaiselle ja vihre\u00e4lle lasers\u00e4teelle.","og_url":"https:\/\/hotelli03.domainhotelli.fi\/~lsdoecli\/tuote\/laservastaanotin-huepar-lr-5rg-punainen-ja-vihrea-laser\/","og_site_name":"JV Tuonti","article_publisher":"https:\/\/www.facebook.com\/JVTuontiOy","article_modified_time":"2022-03-08T13:15:49+00:00","og_image":[{"width":300,"height":300,"url":"https:\/\/hotelli03.domainhotelli.fi\/~lsdoecli\/wp-content\/uploads\/2021\/09\/Laservastaanotin_LR5RG.jpg","type":"image\/jpeg"}],"twitter_card":"summary_large_image","twitter_misc":{"Price":"97,96&nbsp;&euro; Alv 24%N\u00e4yt\u00e4 veroton hinta79,00&nbsp;&euro; Alv 0%N\u00e4yt\u00e4 verollinen hinta","Availability":"In stock"},"schema":{"@context":"https:\/\/schema.org","@graph":[{"@type":["Organization","Place","WholesaleStore"],"@id":"https:\/\/hotelli03.domainhotelli.fi\/~lsdoecli\/#organization","name":"JV Tuonti Oy","url":"https:\/\/hotelli03.domainhotelli.fi\/~lsdoecli\/","sameAs":["https:\/\/instagram.com\/jvtuontioy?utm_medium=copy_link","https:\/\/www.facebook.com\/JVTuontiOy"],"logo":{"@id":"https:\/\/hotelli03.domainhotelli.fi\/~lsdoecli\/tuote\/laservastaanotin-huepar-lr-5rg-punainen-ja-vihrea-laser\/#local-main-organization-logo"},"image":{"@id":"https:\/\/hotelli03.domainhotelli.fi\/~lsdoecli\/tuote\/laservastaanotin-huepar-lr-5rg-punainen-ja-vihrea-laser\/#local-main-organization-logo"},"address":{"@id":"https:\/\/hotelli03.domainhotelli.fi\/~lsdoecli\/tuote\/laservastaanotin-huepar-lr-5rg-punainen-ja-vihrea-laser\/#local-main-place-address"},"geo":{"@type":"GeoCoordinates","latitude":"60.28431","longitude":"24.81654"},"telephone":["0408369980"],"openingHoursSpecification":[{"@type":"OpeningHoursSpecification","dayOfWeek":["Monday","Tuesday","Wednesday","Thursday","Friday"],"opens":"08:00","closes":"16:00"},{"@type":"OpeningHoursSpecification","dayOfWeek":["Saturday","Sunday"],"opens":"00:00","closes":"00:00"}],"email":"myynti@hotelli03.domainhotelli.fi","areaServed":"Suomi, Ruotsi","vatID":"FI30178387","priceRange":"$$","currenciesAccepted":"\u20ac","paymentAccepted":"Lasku, pankkikortti"},{"@type":"WebSite","@id":"https:\/\/hotelli03.domainhotelli.fi\/~lsdoecli\/#website","url":"https:\/\/hotelli03.domainhotelli.fi\/~lsdoecli\/","name":"JV Tuonti","description":"JV Tuonti Oy:n verkkokauppa","publisher":{"@id":"https:\/\/hotelli03.domainhotelli.fi\/~lsdoecli\/#organization"},"potentialAction":[{"@type":"SearchAction","target":{"@type":"EntryPoint","urlTemplate":"https:\/\/hotelli03.domainhotelli.fi\/~lsdoecli\/?s={search_term_string}"},"query-input":"required name=search_term_string"}],"inLanguage":"fi"},{"@type":"ImageObject","inLanguage":"fi","@id":"https:\/\/hotelli03.domainhotelli.fi\/~lsdoecli\/tuote\/laservastaanotin-huepar-lr-5rg-punainen-ja-vihrea-laser\/#primaryimage","url":"https:\/\/hotelli03.domainhotelli.fi\/~lsdoecli\/wp-content\/uploads\/2021\/09\/Laservastaanotin_LR5RG.jpg","contentUrl":"https:\/\/hotelli03.domainhotelli.fi\/~lsdoecli\/wp-content\/uploads\/2021\/09\/Laservastaanotin_LR5RG.jpg","width":300,"height":300,"caption":"Laservastaanotin Huepar LR5RG"},{"@type":"WebPage","@id":"https:\/\/hotelli03.domainhotelli.fi\/~lsdoecli\/tuote\/laservastaanotin-huepar-lr-5rg-punainen-ja-vihrea-laser\/","url":"https:\/\/hotelli03.domainhotelli.fi\/~lsdoecli\/tuote\/laservastaanotin-huepar-lr-5rg-punainen-ja-vihrea-laser\/","name":"Laservastaanotin Huepar LR-5RG punainen ja vihre\u00e4 laser | JV Tuonti","isPartOf":{"@id":"https:\/\/hotelli03.domainhotelli.fi\/~lsdoecli\/#website"},"primaryImageOfPage":{"@id":"https:\/\/hotelli03.domainhotelli.fi\/~lsdoecli\/tuote\/laservastaanotin-huepar-lr-5rg-punainen-ja-vihrea-laser\/#primaryimage"},"datePublished":"2021-09-15T12:31:36+00:00","dateModified":"2022-03-08T13:15:49+00:00","description":"Huepar-laservastaanotin on tarkoitettu k\u00e4ytett\u00e4v\u00e4ksi linjalasereiden kanssa. Vastaanotin soveltuu punaiselle ja vihre\u00e4lle lasers\u00e4teelle.","breadcrumb":{"@id":"https:\/\/hotelli03.domainhotelli.fi\/~lsdoecli\/tuote\/laservastaanotin-huepar-lr-5rg-punainen-ja-vihrea-laser\/#breadcrumb"},"inLanguage":"fi","potentialAction":[{"@type":"ReadAction","target":["https:\/\/hotelli03.domainhotelli.fi\/~lsdoecli\/tuote\/laservastaanotin-huepar-lr-5rg-punainen-ja-vihrea-laser\/"]}]},{"@type":"BreadcrumbList","@id":"https:\/\/hotelli03.domainhotelli.fi\/~lsdoecli\/tuote\/laservastaanotin-huepar-lr-5rg-punainen-ja-vihrea-laser\/#breadcrumb","itemListElement":[{"@type":"ListItem","position":1,"name":"Etusivu","item":"https:\/\/hotelli03.domainhotelli.fi\/~lsdoecli\/"},{"@type":"ListItem","position":2,"name":"Kauppa","item":"https:\/\/hotelli03.domainhotelli.fi\/~lsdoecli\/kauppa\/"},{"@type":"ListItem","position":3,"name":"Laservastaanotin Huepar LR-5RG punainen ja vihre\u00e4 laser"}]},{"@type":"PostalAddress","@id":"https:\/\/hotelli03.domainhotelli.fi\/~lsdoecli\/tuote\/laservastaanotin-huepar-lr-5rg-punainen-ja-vihrea-laser\/#local-main-place-address","streetAddress":"Pyymosantie 5a","addressLocality":"Vantaa","postalCode":"01720","addressCountry":"FI"},{"@type":"ImageObject","inLanguage":"fi","@id":"https:\/\/hotelli03.domainhotelli.fi\/~lsdoecli\/tuote\/laservastaanotin-huepar-lr-5rg-punainen-ja-vihrea-laser\/#local-main-organization-logo","url":"https:\/\/hotelli03.domainhotelli.fi\/~lsdoecli\/wp-content\/uploads\/2021\/08\/JVTuonti_logo_nelio.jpg","contentUrl":"https:\/\/hotelli03.domainhotelli.fi\/~lsdoecli\/wp-content\/uploads\/2021\/08\/JVTuonti_logo_nelio.jpg","width":550,"height":550,"caption":"JV Tuonti Oy"}]},"product_brand":"Huepar","product_price_amount":"97.96","product_price_currency":"EUR","og_availability":"instock","product_availability":"instock","product_retailer_item_id":"LR5RG","product_condition":"new","geo.placename":"Vantaa","geo.position":{"lat":"60.28431","long":"24.81654"},"geo.region":"Suomi"},"_links":{"self":[{"href":"https:\/\/hotelli03.domainhotelli.fi\/~lsdoecli\/wp-json\/wp\/v2\/product\/6098"}],"collection":[{"href":"https:\/\/hotelli03.domainhotelli.fi\/~lsdoecli\/wp-json\/wp\/v2\/product"}],"about":[{"href":"https:\/\/hotelli03.domainhotelli.fi\/~lsdoecli\/wp-json\/wp\/v2\/types\/product"}],"replies":[{"embeddable":true,"href":"https:\/\/hotelli03.domainhotelli.fi\/~lsdoecli\/wp-json\/wp\/v2\/comments?post=6098"}],"wp:featuredmedia":[{"embeddable":true,"href":"https:\/\/hotelli03.domainhotelli.fi\/~lsdoecli\/wp-json\/wp\/v2\/media\/6099"}],"wp:attachment":[{"href":"https:\/\/hotelli03.domainhotelli.fi\/~lsdoecli\/wp-json\/wp\/v2\/media?parent=6098"}],"wp:term":[{"taxonomy":"product_cat","embeddable":true,"href":"https:\/\/hotelli03.domainhotelli.fi\/~lsdoecli\/wp-json\/wp\/v2\/product_cat?post=6098"},{"taxonomy":"product_tag","embeddable":true,"href":"https:\/\/hotelli03.domainhotelli.fi\/~lsdoecli\/wp-json\/wp\/v2\/product_tag?post=6098"}],"curies":[{"name":"wp","href":"https:\/\/api.w.org\/{rel}","templated":true}]}}