{"id":6012,"date":"2021-09-08T10:13:15","date_gmt":"2021-09-08T10:13:15","guid":{"rendered":"https:\/\/hotelli03.domainhotelli.fi\/~lsdoecli\/?post_type=product&#038;p=6012"},"modified":"2022-09-08T06:26:43","modified_gmt":"2022-09-08T06:26:43","slug":"nauharuuvi-jvt-tiuhakierre-25-x-3-5mm-1000kpl-kipsilevylle","status":"publish","type":"product","link":"https:\/\/hotelli03.domainhotelli.fi\/~lsdoecli\/tuote\/nauharuuvi-jvt-tiuhakierre-25-x-3-5mm-1000kpl-kipsilevylle\/","title":{"rendered":"Nauharuuvi JVT tiuhakierre 25 x 3.5mm kipsilevylle 1000kpl ter\u00e4srangalle PH2"},"content":{"rendered":"<h1>Nauharuuvi JVT tiuhakierre 25 x 3.5mm\u00a0kipsilevylle\u00a01000 kpl ter\u00e4srangalle PH2<\/h1>\n<p>Nauharuuvi tiuhakierre on kipsilevynauharuuvi PH2 kannalla ammattik\u00e4ytt\u00f6\u00f6n. Nauhoitettu gyproc ruuvi \u00a025 x 3.5 mm soveltuu v\u00e4lisein\u00e4n ja sis\u00e4katon asennukseen, kun kipsilevyt asennetaan ter\u00e4srankaan ja rakenteessa on yksinkertainen normaali kipsilevy \u00a0tai sein\u00e4- ja sis\u00e4kattorakenteisiin, joissa ensimm\u00e4inen levy on GN (gyproclevy), KN (Knauf), LN (Muotolevy) ja VN (Volma) kipsilevy.<\/p>\n<p>JVT nauharuuvi tiuhakierre 25 x 3.5 mm on yhteensopiva kaikkien markkinoille olevien nauharuuvaimien kanssa (mm. Hilti, Makita, Spit P18, Dewalt, Hitachi, Senco, Festool, <a href=\"https:\/\/hotelli03.domainhotelli.fi\/~lsdoecli\/tuote\/flex-dw-45-18-0-ec-nauharuuvain-18v-nauharuuvien-syottolaitteella\/\">Flex<\/a>, Duraspin, Ryobi).<\/p>\n<p>Yhdess\u00e4 nauhassa on 50 kpl kipsilevyruuveja ja myyntipakkauksessa 20 kpl nauhoja, eli yhteens\u00e4 1000 nauhoitettuja ruuveja. CE-merkitty kipsiruuvi. Nauharuuvien menekki on noin 15- 16 kappaletta per neli\u00f6.<\/p>\n<p>Laatutakuu! Nauharuuvi toimii kaikilla kipsilevyill\u00e4, ei riko kipsilevyn pintaa. T\u00e4m\u00e4 on asiakkaiden kokemusten perusteella paras nauharuuvi ammattik\u00e4ytt\u00f6\u00f6n. Nauharuuvien k\u00e4ytt\u00f6 nopeutta v\u00e4liseinien ja alakattojen asennusta, kun ruuveja ei tarvitse ruuvata kipsilevyyn yksi kerrallaan, vaan voi painaa menem\u00e4\u00e4n nauha kerralla.<\/p>\n<p>JVT nauharuuvin pakkaus on suunniteltu viem\u00e4n entist\u00e4 v\u00e4hemm\u00e4n tilaa ja niin, ett\u00e4 sit\u00e4 on helppo kuljettaa ty\u00f6maalla.<\/p>\n<h2><strong>Tuotetiedot\u00a0<\/strong><\/h2>\n<ul>\n<li>Valmistaja: JVT Premium Tools<\/li>\n<li>nauharuuvin koko 25 x 3.5 mm<\/li>\n<li>sinkitty kipsruuvi<\/li>\n<li>tiuhakierteinen nauhoitettu kipsilevyruuvi normaalille kipsilevyille (GN levy, KN levy, LN levy tai VN levy)<\/li>\n<li>PH2 kanta<\/li>\n<li>CE merkint\u00e4, EN 14566+A1:2010<\/li>\n<li>EAN koodi: 6429810323477<\/li>\n<\/ul>\n<p>&nbsp;<\/p>\n<p><a href=\"https:\/\/hotelli03.domainhotelli.fi\/~lsdoecli\/tuote-osasto\/rakennustarvikkeet\/kiinnikkeet-ja-ruuvit\/kipsilevyruuvit\/\">Katso my\u00f6s muut kipsilevyruuvit t\u00e4st\u00e4!<\/a><\/p>\n","protected":false},"excerpt":{"rendered":"<ul>\n<li>JVT nauharuuvi tiuhakierre kipsille on kipsilevynauharuuvi ammattik\u00e4ytt\u00f6\u00f6n.<\/li>\n<li>PH2 kanta<\/li>\n<li>ter\u00e4srangalle<\/li>\n<li>sein\u00e4rakenteisiin joissa ensimm\u00e4inen levy on GN\/KN\/LN levy.<\/li>\n<li>Yhteensopiva kaikkien nauharuuvaimien kanssa.<\/li>\n<li>CE-merkitty.<\/li>\n<li>laatutakuu<\/li>\n<\/ul>\n","protected":false},"featured_media":5988,"comment_status":"open","ping_status":"closed","template":"","meta":[],"product_cat":[298],"product_tag":[1126,655,1125,656,657,658,1127],"yoast_head":"<!-- This site is optimized with the Yoast SEO Premium plugin v18.9 (Yoast SEO v19.3) - https:\/\/yoast.com\/wordpress\/plugins\/seo\/ -->\n<title>Nauharuuvi tiuhakierre 25 x 3.5mm JVT kipsilevylle 1000kpl | JV Tuonti<\/title>\n<meta name=\"description\" content=\"Nauharuuvi tiuhakierre 25 x 3.5 mm JVT kipsilevylle. Tilaa kipsilevynauharuuvi tiuhakierteell\u00e4 ammattik\u00e4ytt\u00f6\u00f6n ty\u00f6maalle tai kotiin netist\u00e4.\" \/>\n<meta name=\"robots\" content=\"index, follow, max-snippet:-1, max-image-preview:large, max-video-preview:-1\" \/>\n<link rel=\"canonical\" href=\"https:\/\/hotelli03.domainhotelli.fi\/~lsdoecli\/tuote\/nauharuuvi-jvt-tiuhakierre-25-x-3-5mm-1000kpl-kipsilevylle\/\" \/>\n<meta property=\"og:locale\" content=\"fi_FI\" \/>\n<meta property=\"og:type\" content=\"article\" \/>\n<meta property=\"og:title\" content=\"Nauharuuvi JVT tiuhakierre 25 x 3.5mm kipsilevylle 1000kpl ter\u00e4srangalle PH2\" \/>\n<meta property=\"og:description\" content=\"Nauharuuvi tiuhakierre 25 x 3.5 mm JVT kipsilevylle. Tilaa kipsilevynauharuuvi tiuhakierteell\u00e4 ammattik\u00e4ytt\u00f6\u00f6n ty\u00f6maalle tai kotiin netist\u00e4.\" \/>\n<meta property=\"og:url\" content=\"https:\/\/hotelli03.domainhotelli.fi\/~lsdoecli\/tuote\/nauharuuvi-jvt-tiuhakierre-25-x-3-5mm-1000kpl-kipsilevylle\/\" \/>\n<meta property=\"og:site_name\" content=\"JV Tuonti\" \/>\n<meta property=\"article:publisher\" content=\"https:\/\/www.facebook.com\/JVTuontiOy\" \/>\n<meta property=\"article:modified_time\" content=\"2022-09-08T06:26:43+00:00\" \/>\n<meta property=\"og:image\" content=\"https:\/\/hotelli03.domainhotelli.fi\/~lsdoecli\/wp-content\/uploads\/2021\/05\/JVT-kipsilevynauharuuvi-25x3.5mm-2-scaled.jpg\" \/>\n\t<meta property=\"og:image:width\" content=\"1920\" \/>\n\t<meta property=\"og:image:height\" content=\"2560\" \/>\n\t<meta property=\"og:image:type\" content=\"image\/jpeg\" \/>\n<meta name=\"twitter:card\" content=\"summary_large_image\" \/>\n<meta name=\"twitter:label1\" content=\"Price\" \/>\n\t<meta name=\"twitter:data1\" content=\"15,29&nbsp;&euro; Alv 24%N\u00e4yt\u00e4 veroton hinta12,33&nbsp;&euro; Alv 0%N\u00e4yt\u00e4 verollinen hinta\" \/>\n\t<meta name=\"twitter:label2\" content=\"Availability\" \/>\n\t<meta name=\"twitter:data2\" content=\"In stock\" \/>\n<script type=\"application\/ld+json\" class=\"yoast-schema-graph\">{\"@context\":\"https:\/\/schema.org\",\"@graph\":[{\"@type\":[\"Organization\",\"Place\",\"WholesaleStore\"],\"@id\":\"https:\/\/hotelli03.domainhotelli.fi\/~lsdoecli\/#organization\",\"name\":\"JV Tuonti Oy\",\"url\":\"https:\/\/hotelli03.domainhotelli.fi\/~lsdoecli\/\",\"sameAs\":[\"https:\/\/instagram.com\/jvtuontioy?utm_medium=copy_link\",\"https:\/\/www.facebook.com\/JVTuontiOy\"],\"logo\":{\"@id\":\"https:\/\/hotelli03.domainhotelli.fi\/~lsdoecli\/tuote\/nauharuuvi-jvt-tiuhakierre-25-x-3-5mm-1000kpl-kipsilevylle\/#local-main-organization-logo\"},\"image\":{\"@id\":\"https:\/\/hotelli03.domainhotelli.fi\/~lsdoecli\/tuote\/nauharuuvi-jvt-tiuhakierre-25-x-3-5mm-1000kpl-kipsilevylle\/#local-main-organization-logo\"},\"address\":{\"@id\":\"https:\/\/hotelli03.domainhotelli.fi\/~lsdoecli\/tuote\/nauharuuvi-jvt-tiuhakierre-25-x-3-5mm-1000kpl-kipsilevylle\/#local-main-place-address\"},\"geo\":{\"@type\":\"GeoCoordinates\",\"latitude\":\"60.28431\",\"longitude\":\"24.81654\"},\"telephone\":[\"0408369980\"],\"openingHoursSpecification\":[{\"@type\":\"OpeningHoursSpecification\",\"dayOfWeek\":[\"Monday\",\"Tuesday\",\"Wednesday\",\"Thursday\",\"Friday\"],\"opens\":\"08:00\",\"closes\":\"16:00\"},{\"@type\":\"OpeningHoursSpecification\",\"dayOfWeek\":[\"Saturday\",\"Sunday\"],\"opens\":\"00:00\",\"closes\":\"00:00\"}],\"email\":\"myynti@hotelli03.domainhotelli.fi\",\"areaServed\":\"Suomi, Ruotsi\",\"vatID\":\"FI30178387\",\"priceRange\":\"$$\",\"currenciesAccepted\":\"\u20ac\",\"paymentAccepted\":\"Lasku, pankkikortti\"},{\"@type\":\"WebSite\",\"@id\":\"https:\/\/hotelli03.domainhotelli.fi\/~lsdoecli\/#website\",\"url\":\"https:\/\/hotelli03.domainhotelli.fi\/~lsdoecli\/\",\"name\":\"JV Tuonti\",\"description\":\"JV Tuonti Oy:n verkkokauppa\",\"publisher\":{\"@id\":\"https:\/\/hotelli03.domainhotelli.fi\/~lsdoecli\/#organization\"},\"potentialAction\":[{\"@type\":\"SearchAction\",\"target\":{\"@type\":\"EntryPoint\",\"urlTemplate\":\"https:\/\/hotelli03.domainhotelli.fi\/~lsdoecli\/?s={search_term_string}\"},\"query-input\":\"required name=search_term_string\"}],\"inLanguage\":\"fi\"},{\"@type\":\"ImageObject\",\"inLanguage\":\"fi\",\"@id\":\"https:\/\/hotelli03.domainhotelli.fi\/~lsdoecli\/tuote\/nauharuuvi-jvt-tiuhakierre-25-x-3-5mm-1000kpl-kipsilevylle\/#primaryimage\",\"url\":\"https:\/\/hotelli03.domainhotelli.fi\/~lsdoecli\/wp-content\/uploads\/2021\/05\/JVT-kipsilevynauharuuvi-25x3.5mm-2-scaled.jpg\",\"contentUrl\":\"https:\/\/hotelli03.domainhotelli.fi\/~lsdoecli\/wp-content\/uploads\/2021\/05\/JVT-kipsilevynauharuuvi-25x3.5mm-2-scaled.jpg\",\"width\":1920,\"height\":2560,\"caption\":\"Kipsilevynauharuuvi tiuhakierre 25 x 3.5 mm JVT kipsilevylle 1000kpl\"},{\"@type\":\"WebPage\",\"@id\":\"https:\/\/hotelli03.domainhotelli.fi\/~lsdoecli\/tuote\/nauharuuvi-jvt-tiuhakierre-25-x-3-5mm-1000kpl-kipsilevylle\/\",\"url\":\"https:\/\/hotelli03.domainhotelli.fi\/~lsdoecli\/tuote\/nauharuuvi-jvt-tiuhakierre-25-x-3-5mm-1000kpl-kipsilevylle\/\",\"name\":\"Nauharuuvi tiuhakierre 25 x 3.5mm JVT kipsilevylle 1000kpl | JV Tuonti\",\"isPartOf\":{\"@id\":\"https:\/\/hotelli03.domainhotelli.fi\/~lsdoecli\/#website\"},\"primaryImageOfPage\":{\"@id\":\"https:\/\/hotelli03.domainhotelli.fi\/~lsdoecli\/tuote\/nauharuuvi-jvt-tiuhakierre-25-x-3-5mm-1000kpl-kipsilevylle\/#primaryimage\"},\"datePublished\":\"2021-09-08T10:13:15+00:00\",\"dateModified\":\"2022-09-08T06:26:43+00:00\",\"description\":\"Nauharuuvi tiuhakierre 25 x 3.5 mm JVT kipsilevylle. Tilaa kipsilevynauharuuvi tiuhakierteell\u00e4 ammattik\u00e4ytt\u00f6\u00f6n ty\u00f6maalle tai kotiin netist\u00e4.\",\"breadcrumb\":{\"@id\":\"https:\/\/hotelli03.domainhotelli.fi\/~lsdoecli\/tuote\/nauharuuvi-jvt-tiuhakierre-25-x-3-5mm-1000kpl-kipsilevylle\/#breadcrumb\"},\"inLanguage\":\"fi\",\"potentialAction\":[{\"@type\":\"ReadAction\",\"target\":[\"https:\/\/hotelli03.domainhotelli.fi\/~lsdoecli\/tuote\/nauharuuvi-jvt-tiuhakierre-25-x-3-5mm-1000kpl-kipsilevylle\/\"]}]},{\"@type\":\"BreadcrumbList\",\"@id\":\"https:\/\/hotelli03.domainhotelli.fi\/~lsdoecli\/tuote\/nauharuuvi-jvt-tiuhakierre-25-x-3-5mm-1000kpl-kipsilevylle\/#breadcrumb\",\"itemListElement\":[{\"@type\":\"ListItem\",\"position\":1,\"name\":\"Etusivu\",\"item\":\"https:\/\/hotelli03.domainhotelli.fi\/~lsdoecli\/\"},{\"@type\":\"ListItem\",\"position\":2,\"name\":\"Kauppa\",\"item\":\"https:\/\/hotelli03.domainhotelli.fi\/~lsdoecli\/kauppa\/\"},{\"@type\":\"ListItem\",\"position\":3,\"name\":\"Nauharuuvi JVT tiuhakierre 25 x 3.5mm kipsilevylle 1000kpl ter\u00e4srangalle PH2\"}]},{\"@type\":\"PostalAddress\",\"@id\":\"https:\/\/hotelli03.domainhotelli.fi\/~lsdoecli\/tuote\/nauharuuvi-jvt-tiuhakierre-25-x-3-5mm-1000kpl-kipsilevylle\/#local-main-place-address\",\"streetAddress\":\"Pyymosantie 5a\",\"addressLocality\":\"Vantaa\",\"postalCode\":\"01720\",\"addressCountry\":\"FI\"},{\"@type\":\"ImageObject\",\"inLanguage\":\"fi\",\"@id\":\"https:\/\/hotelli03.domainhotelli.fi\/~lsdoecli\/tuote\/nauharuuvi-jvt-tiuhakierre-25-x-3-5mm-1000kpl-kipsilevylle\/#local-main-organization-logo\",\"url\":\"https:\/\/hotelli03.domainhotelli.fi\/~lsdoecli\/wp-content\/uploads\/2021\/08\/JVTuonti_logo_nelio.jpg\",\"contentUrl\":\"https:\/\/hotelli03.domainhotelli.fi\/~lsdoecli\/wp-content\/uploads\/2021\/08\/JVTuonti_logo_nelio.jpg\",\"width\":550,\"height\":550,\"caption\":\"JV Tuonti Oy\"}]}<\/script>\n<meta property=\"product:brand\" content=\"JVT\" \/>\n<meta property=\"product:price:amount\" content=\"15.29\" \/>\n<meta property=\"product:price:currency\" content=\"EUR\" \/>\n<meta property=\"og:availability\" content=\"instock\" \/>\n<meta property=\"product:availability\" content=\"instock\" \/>\n<meta property=\"product:retailer_item_id\" content=\"JVT3525\" \/>\n<meta property=\"product:condition\" content=\"new\" \/>\n<meta name=\"geo.placename\" content=\"Vantaa\" \/>\n<meta name=\"geo.position\" content=\"60.28431;24.81654\" \/>\n<meta name=\"geo.region\" content=\"Suomi\" \/>\n<!-- \/ Yoast SEO Premium plugin. -->","yoast_head_json":{"title":"Nauharuuvi tiuhakierre 25 x 3.5mm JVT kipsilevylle 1000kpl | JV Tuonti","description":"Nauharuuvi tiuhakierre 25 x 3.5 mm JVT kipsilevylle. Tilaa kipsilevynauharuuvi tiuhakierteell\u00e4 ammattik\u00e4ytt\u00f6\u00f6n ty\u00f6maalle tai kotiin netist\u00e4.","robots":{"index":"index","follow":"follow","max-snippet":"max-snippet:-1","max-image-preview":"max-image-preview:large","max-video-preview":"max-video-preview:-1"},"canonical":"https:\/\/hotelli03.domainhotelli.fi\/~lsdoecli\/tuote\/nauharuuvi-jvt-tiuhakierre-25-x-3-5mm-1000kpl-kipsilevylle\/","og_locale":"fi_FI","og_type":"article","og_title":"Nauharuuvi JVT tiuhakierre 25 x 3.5mm kipsilevylle 1000kpl ter\u00e4srangalle PH2","og_description":"Nauharuuvi tiuhakierre 25 x 3.5 mm JVT kipsilevylle. Tilaa kipsilevynauharuuvi tiuhakierteell\u00e4 ammattik\u00e4ytt\u00f6\u00f6n ty\u00f6maalle tai kotiin netist\u00e4.","og_url":"https:\/\/hotelli03.domainhotelli.fi\/~lsdoecli\/tuote\/nauharuuvi-jvt-tiuhakierre-25-x-3-5mm-1000kpl-kipsilevylle\/","og_site_name":"JV Tuonti","article_publisher":"https:\/\/www.facebook.com\/JVTuontiOy","article_modified_time":"2022-09-08T06:26:43+00:00","og_image":[{"width":1920,"height":2560,"url":"https:\/\/hotelli03.domainhotelli.fi\/~lsdoecli\/wp-content\/uploads\/2021\/05\/JVT-kipsilevynauharuuvi-25x3.5mm-2-scaled.jpg","type":"image\/jpeg"}],"twitter_card":"summary_large_image","twitter_misc":{"Price":"15,29&nbsp;&euro; Alv 24%N\u00e4yt\u00e4 veroton hinta12,33&nbsp;&euro; Alv 0%N\u00e4yt\u00e4 verollinen hinta","Availability":"In stock"},"schema":{"@context":"https:\/\/schema.org","@graph":[{"@type":["Organization","Place","WholesaleStore"],"@id":"https:\/\/hotelli03.domainhotelli.fi\/~lsdoecli\/#organization","name":"JV Tuonti Oy","url":"https:\/\/hotelli03.domainhotelli.fi\/~lsdoecli\/","sameAs":["https:\/\/instagram.com\/jvtuontioy?utm_medium=copy_link","https:\/\/www.facebook.com\/JVTuontiOy"],"logo":{"@id":"https:\/\/hotelli03.domainhotelli.fi\/~lsdoecli\/tuote\/nauharuuvi-jvt-tiuhakierre-25-x-3-5mm-1000kpl-kipsilevylle\/#local-main-organization-logo"},"image":{"@id":"https:\/\/hotelli03.domainhotelli.fi\/~lsdoecli\/tuote\/nauharuuvi-jvt-tiuhakierre-25-x-3-5mm-1000kpl-kipsilevylle\/#local-main-organization-logo"},"address":{"@id":"https:\/\/hotelli03.domainhotelli.fi\/~lsdoecli\/tuote\/nauharuuvi-jvt-tiuhakierre-25-x-3-5mm-1000kpl-kipsilevylle\/#local-main-place-address"},"geo":{"@type":"GeoCoordinates","latitude":"60.28431","longitude":"24.81654"},"telephone":["0408369980"],"openingHoursSpecification":[{"@type":"OpeningHoursSpecification","dayOfWeek":["Monday","Tuesday","Wednesday","Thursday","Friday"],"opens":"08:00","closes":"16:00"},{"@type":"OpeningHoursSpecification","dayOfWeek":["Saturday","Sunday"],"opens":"00:00","closes":"00:00"}],"email":"myynti@hotelli03.domainhotelli.fi","areaServed":"Suomi, Ruotsi","vatID":"FI30178387","priceRange":"$$","currenciesAccepted":"\u20ac","paymentAccepted":"Lasku, pankkikortti"},{"@type":"WebSite","@id":"https:\/\/hotelli03.domainhotelli.fi\/~lsdoecli\/#website","url":"https:\/\/hotelli03.domainhotelli.fi\/~lsdoecli\/","name":"JV Tuonti","description":"JV Tuonti Oy:n verkkokauppa","publisher":{"@id":"https:\/\/hotelli03.domainhotelli.fi\/~lsdoecli\/#organization"},"potentialAction":[{"@type":"SearchAction","target":{"@type":"EntryPoint","urlTemplate":"https:\/\/hotelli03.domainhotelli.fi\/~lsdoecli\/?s={search_term_string}"},"query-input":"required name=search_term_string"}],"inLanguage":"fi"},{"@type":"ImageObject","inLanguage":"fi","@id":"https:\/\/hotelli03.domainhotelli.fi\/~lsdoecli\/tuote\/nauharuuvi-jvt-tiuhakierre-25-x-3-5mm-1000kpl-kipsilevylle\/#primaryimage","url":"https:\/\/hotelli03.domainhotelli.fi\/~lsdoecli\/wp-content\/uploads\/2021\/05\/JVT-kipsilevynauharuuvi-25x3.5mm-2-scaled.jpg","contentUrl":"https:\/\/hotelli03.domainhotelli.fi\/~lsdoecli\/wp-content\/uploads\/2021\/05\/JVT-kipsilevynauharuuvi-25x3.5mm-2-scaled.jpg","width":1920,"height":2560,"caption":"Kipsilevynauharuuvi tiuhakierre 25 x 3.5 mm JVT kipsilevylle 1000kpl"},{"@type":"WebPage","@id":"https:\/\/hotelli03.domainhotelli.fi\/~lsdoecli\/tuote\/nauharuuvi-jvt-tiuhakierre-25-x-3-5mm-1000kpl-kipsilevylle\/","url":"https:\/\/hotelli03.domainhotelli.fi\/~lsdoecli\/tuote\/nauharuuvi-jvt-tiuhakierre-25-x-3-5mm-1000kpl-kipsilevylle\/","name":"Nauharuuvi tiuhakierre 25 x 3.5mm JVT kipsilevylle 1000kpl | JV Tuonti","isPartOf":{"@id":"https:\/\/hotelli03.domainhotelli.fi\/~lsdoecli\/#website"},"primaryImageOfPage":{"@id":"https:\/\/hotelli03.domainhotelli.fi\/~lsdoecli\/tuote\/nauharuuvi-jvt-tiuhakierre-25-x-3-5mm-1000kpl-kipsilevylle\/#primaryimage"},"datePublished":"2021-09-08T10:13:15+00:00","dateModified":"2022-09-08T06:26:43+00:00","description":"Nauharuuvi tiuhakierre 25 x 3.5 mm JVT kipsilevylle. Tilaa kipsilevynauharuuvi tiuhakierteell\u00e4 ammattik\u00e4ytt\u00f6\u00f6n ty\u00f6maalle tai kotiin netist\u00e4.","breadcrumb":{"@id":"https:\/\/hotelli03.domainhotelli.fi\/~lsdoecli\/tuote\/nauharuuvi-jvt-tiuhakierre-25-x-3-5mm-1000kpl-kipsilevylle\/#breadcrumb"},"inLanguage":"fi","potentialAction":[{"@type":"ReadAction","target":["https:\/\/hotelli03.domainhotelli.fi\/~lsdoecli\/tuote\/nauharuuvi-jvt-tiuhakierre-25-x-3-5mm-1000kpl-kipsilevylle\/"]}]},{"@type":"BreadcrumbList","@id":"https:\/\/hotelli03.domainhotelli.fi\/~lsdoecli\/tuote\/nauharuuvi-jvt-tiuhakierre-25-x-3-5mm-1000kpl-kipsilevylle\/#breadcrumb","itemListElement":[{"@type":"ListItem","position":1,"name":"Etusivu","item":"https:\/\/hotelli03.domainhotelli.fi\/~lsdoecli\/"},{"@type":"ListItem","position":2,"name":"Kauppa","item":"https:\/\/hotelli03.domainhotelli.fi\/~lsdoecli\/kauppa\/"},{"@type":"ListItem","position":3,"name":"Nauharuuvi JVT tiuhakierre 25 x 3.5mm kipsilevylle 1000kpl ter\u00e4srangalle PH2"}]},{"@type":"PostalAddress","@id":"https:\/\/hotelli03.domainhotelli.fi\/~lsdoecli\/tuote\/nauharuuvi-jvt-tiuhakierre-25-x-3-5mm-1000kpl-kipsilevylle\/#local-main-place-address","streetAddress":"Pyymosantie 5a","addressLocality":"Vantaa","postalCode":"01720","addressCountry":"FI"},{"@type":"ImageObject","inLanguage":"fi","@id":"https:\/\/hotelli03.domainhotelli.fi\/~lsdoecli\/tuote\/nauharuuvi-jvt-tiuhakierre-25-x-3-5mm-1000kpl-kipsilevylle\/#local-main-organization-logo","url":"https:\/\/hotelli03.domainhotelli.fi\/~lsdoecli\/wp-content\/uploads\/2021\/08\/JVTuonti_logo_nelio.jpg","contentUrl":"https:\/\/hotelli03.domainhotelli.fi\/~lsdoecli\/wp-content\/uploads\/2021\/08\/JVTuonti_logo_nelio.jpg","width":550,"height":550,"caption":"JV Tuonti Oy"}]},"product_brand":"JVT","product_price_amount":"15.29","product_price_currency":"EUR","og_availability":"instock","product_availability":"instock","product_retailer_item_id":"JVT3525","product_condition":"new","geo.placename":"Vantaa","geo.position":{"lat":"60.28431","long":"24.81654"},"geo.region":"Suomi"},"_links":{"self":[{"href":"https:\/\/hotelli03.domainhotelli.fi\/~lsdoecli\/wp-json\/wp\/v2\/product\/6012"}],"collection":[{"href":"https:\/\/hotelli03.domainhotelli.fi\/~lsdoecli\/wp-json\/wp\/v2\/product"}],"about":[{"href":"https:\/\/hotelli03.domainhotelli.fi\/~lsdoecli\/wp-json\/wp\/v2\/types\/product"}],"replies":[{"embeddable":true,"href":"https:\/\/hotelli03.domainhotelli.fi\/~lsdoecli\/wp-json\/wp\/v2\/comments?post=6012"}],"wp:featuredmedia":[{"embeddable":true,"href":"https:\/\/hotelli03.domainhotelli.fi\/~lsdoecli\/wp-json\/wp\/v2\/media\/5988"}],"wp:attachment":[{"href":"https:\/\/hotelli03.domainhotelli.fi\/~lsdoecli\/wp-json\/wp\/v2\/media?parent=6012"}],"wp:term":[{"taxonomy":"product_cat","embeddable":true,"href":"https:\/\/hotelli03.domainhotelli.fi\/~lsdoecli\/wp-json\/wp\/v2\/product_cat?post=6012"},{"taxonomy":"product_tag","embeddable":true,"href":"https:\/\/hotelli03.domainhotelli.fi\/~lsdoecli\/wp-json\/wp\/v2\/product_tag?post=6012"}],"curies":[{"name":"wp","href":"https:\/\/api.w.org\/{rel}","templated":true}]}}