{"id":5934,"date":"2021-09-01T11:41:58","date_gmt":"2021-09-01T11:41:58","guid":{"rendered":"https:\/\/hotelli03.domainhotelli.fi\/~lsdoecli\/?post_type=product&#038;p=5934"},"modified":"2021-10-25T11:57:38","modified_gmt":"2021-10-25T11:57:38","slug":"taskulamppu-trustfire-t30r-lep-460-lumen","status":"publish","type":"product","link":"https:\/\/hotelli03.domainhotelli.fi\/~lsdoecli\/tuote\/taskulamppu-trustfire-t30r-lep-460-lumen\/","title":{"rendered":"Taskulamppu Trustfire T30R LEP 460 lumen"},"content":{"rendered":"<h1>Taskulamppu Trustfire T30R LEP 460 lumen t\u00e4ysin uudenlaisella LEP teknologialla toimiva asevalo.<\/h1>\n<p>T30R on taktinen valkoinen laser taskulamppu, jolla on erinomainen suorituskyky. Sen pisin kantama on 1100 metri\u00e4 ja tiukan valokeilan valkoinen laser, joka soveltuu erinomaisesti taktiseksi lampuksi. Valkoisen laserin eritt\u00e4in v\u00e4kev\u00e4 valo, joka on k\u00e4sitelty kolminkertaisesti p\u00e4\u00e4llystetyill\u00e4 linsseill\u00e4 yksiv\u00e4risen laserin haitallisuuden poistamiseksi, ja siin\u00e4 on Trustfire-litiumioniakku ja suojapiirilevy negatiivisessa osassa pitk\u00e4n k\u00e4ytt\u00f6ajan saavuttamiseksi. Virran merkkivalotoiminnon avulla voit tiet\u00e4\u00e4 j\u00e4ljell\u00e4 olevan virran aina, kun k\u00e4ynnist\u00e4t sen. Lis\u00e4ksi suurin kirkkaus 460 lumenia. Asevalossa on IP68 -suojaustaso. Erinomainen valaisin niin sotilas- kuin viranomaisk\u00e4ytt\u00f6\u00f6n sek\u00e4 yleens\u00e4kin tilanteisiin, joissa vaaditaan maksimaalista kantamaa!<\/p>\n<p>&#8221;LEP tarkoittaa Laser Excited Phosphor, se k\u00e4ytt\u00e4\u00e4 valkoista laseria valonl\u00e4hteen\u00e4. LEP -taskulampuissa on eritt\u00e4in tiukka hotspot ja eritt\u00e4in kirkas ulostulo palkin keskell\u00e4 ilman vuotoa ja heijastus on pitk\u00e4. N\u00e4in ollen LEP tarjoaa huomattavasti pidemm\u00e4n kantaman suhteessa valon m\u00e4\u00e4r\u00e4\u00e4n.&#8221;<\/p>\n<div>Taskulamppu Trustfire T30R saa virtansa 18650 3400mAh -akusta, joka voidaan ladata\u00a0suoraan TYPE-C-latauskaapelin kautta irrottamatta\u00a0taskulampun runkoa. Suuritehoinen akku, jotta sinun ei tarvitse huolehtia\u00a0k\u00e4ytt\u00f6aikaa, jopa 3,5 tuntia t\u00e4ydell\u00e4 teholla ja 58 tuntia matalalla 8 lumenin teholla. Sen kest\u00e4v\u00e4n luokan III kova eloksoidun alumiinin \u00a0rungon ansiosta T30R kest\u00e4\u00e4 1 metrin pudotustestin ilman halkeamista. IP68-luokiteltu valaisin on t\u00e4ydellisesti p\u00f6lylt\u00e4 ja vedelt\u00e4 suojattu 2 metriin asti sek\u00e4 luokiteltu kest\u00e4m\u00e4\u00e4n jopa 1 metrin pudotukset. Valaisimen takuu on 36 kk.<\/div>\n<div><\/div>\n<div>Sivukytkimen merkkivalossa on paristojen varaustason ilmaisin, vihre\u00e4 tarkoittaa akun j\u00e4ljell\u00e4 olevaa virtaa 50%-100%, keltainen tarkoittaa 20%-50%, punainen tarkoittaa 5%-20%, se vilkkuu punaisena varoitusmerkkin\u00e4, kun virta on pienempi kuin 5%<\/div>\n<div><\/div>\n<div>\n<div id='gallery-1' class='gallery galleryid-5934 gallery-columns-3 gallery-size-medium'><figure class='gallery-item'>\n\t\t\t<div class='gallery-icon landscape'>\n\t\t\t\t<a href='https:\/\/hotelli03.domainhotelli.fi\/~lsdoecli\/?attachment_id=5965'><img width=\"300\" height=\"300\" src=\"https:\/\/hotelli03.domainhotelli.fi\/~lsdoecli\/wp-content\/uploads\/2021\/09\/Taskulamppu-Trustfire-T30R-LEP-460-lumen-53-300x300.jpg\" class=\"attachment-medium size-medium\" alt=\"Taskulamppu Trustfire T30R LEP 460 lumen\" loading=\"lazy\" \/><\/a>\n\t\t\t<\/div><\/figure><figure class='gallery-item'>\n\t\t\t<div class='gallery-icon landscape'>\n\t\t\t\t<a href='https:\/\/hotelli03.domainhotelli.fi\/~lsdoecli\/?attachment_id=5957'><img width=\"300\" height=\"300\" src=\"https:\/\/hotelli03.domainhotelli.fi\/~lsdoecli\/wp-content\/uploads\/2021\/09\/Taskulamppu-Trustfire-T30R-LEP-460-lumen-28-300x300.jpg\" class=\"attachment-medium size-medium\" alt=\"Taskulamppu Trustfire T30R LEP 460 lumen\" loading=\"lazy\" \/><\/a>\n\t\t\t<\/div><\/figure><figure class='gallery-item'>\n\t\t\t<div class='gallery-icon landscape'>\n\t\t\t\t<a href='https:\/\/hotelli03.domainhotelli.fi\/~lsdoecli\/?attachment_id=5949'><img width=\"300\" height=\"300\" src=\"https:\/\/hotelli03.domainhotelli.fi\/~lsdoecli\/wp-content\/uploads\/2021\/09\/Taskulamppu-Trustfire-T30R-LEP-460-lumen-22-300x300.jpg\" class=\"attachment-medium size-medium\" alt=\"Taskulamppu Trustfire T30R LEP 460 lumen\" loading=\"lazy\" \/><\/a>\n\t\t\t<\/div><\/figure>\n\t\t<\/div>\n\n<\/div>\n<h2>Tekniset tiedot T30R taskulamppu:<\/h2>\n<ul>\n<li>Merkki ja malli: Trustfire T30R taskulamppu<\/li>\n<li>Akku: TrustFire-18650 3400mAh-litiumioniakku<\/li>\n<li>Valmistajan ilmoittama teho: 460 lm<\/li>\n<li>\u00c4lyt\u00f6n 1100 metrin kantama<\/li>\n<li>Toimintatilat: 3 tehotilaa + Strobo<\/li>\n<li>Kaksipuolinen heijastusta est\u00e4v\u00e4 pinnoitettu karkaistu lasilinssi<\/li>\n<li>Ylikuumenemissuoja<\/li>\n<li>Pituus: 157 mm<\/li>\n<li>Valaisinp\u00e4\u00e4n halkaisija 30 mm<\/li>\n<li>Paino: 112,1 g (ilman akkua)<\/li>\n<li>IP68 suojaus, t\u00e4ysin vesitiivis ja iskunkest\u00e4v\u00e4.<\/li>\n<li>Rungon muotoilu ja pinnoite est\u00e4\u00e4 luistamista k\u00e4sist\u00e4<\/li>\n<li>Takuu: 36 kk<\/li>\n<li>Laserlaitteiden vaaraluokka: Luokka 3B<\/li>\n<\/ul>\n<h2>Toiminta-ajat ja kantama (Valmistajan ilmoittamat)<\/h2>\n<ul>\n<li>High: 460 lm \/ 3,5h \/ 1100 m \/ 302500cd<\/li>\n<li>Med: 95 lm \/ 6,5 h \/ 468 m \/ 54756cd<\/li>\n<li>Moonlight: 8 lm \/ 58 h<\/li>\n<\/ul>\n<h4>Pakkaus sis\u00e4lt\u00e4\u00e4:<\/h4>\n<p>T30R taskulamppu*1kpl,<\/p>\n<p>TrustFire-18650 3400mAh-litiumioniakku\u00a0*1kpl<\/p>\n<p>Tyyppi C ladattava USB-kaapeli*1 kpl,<\/p>\n<p>Kanto nauha*1kpl,<\/p>\n<p>Vara O-rengas*1kpl,<\/p>\n<p>Linssin puhdistusliina *1kpl<\/p>\n<p>Suojapussi *1kpl<\/p>\n<p>K\u00e4ytt\u00f6ohje*1kpl,<\/p>\n<p><a href=\"https:\/\/hotelli03.domainhotelli.fi\/~lsdoecli\/wp-content\/uploads\/2021\/09\/Taskulamppu-Trustfire-T30R-LEP-460-lumen-15.jpg\"><img loading=\"lazy\" class=\"alignnone size-medium wp-image-5945\" src=\"https:\/\/hotelli03.domainhotelli.fi\/~lsdoecli\/wp-content\/uploads\/2021\/09\/Taskulamppu-Trustfire-T30R-LEP-460-lumen-15-300x300.jpg\" alt=\"Taskulamppu Trustfire T30R LEP 460 lumen laatikon sis\u00e4lt\u00f6\" width=\"300\" height=\"300\" \/><\/a><\/p>\n<p>&nbsp;<\/p>\n<p>Tuotteessa on 3 vuoden takuu.<\/p>\n<p><a href=\"https:\/\/hotelli03.domainhotelli.fi\/~lsdoecli\/tuote-osasto\/otsalamput-ja-taskulamput\/\">Katso my\u00f6s kaikki muut tasku- ja otsalamppu mallimme t\u00e4st\u00e4!\u00a0<\/a><\/p>\n<p>&nbsp;<\/p>\n<p><iframe loading=\"lazy\" title=\"Taskulamppu Trustfire T30R LEP 460 lumen\" width=\"1140\" height=\"641\" src=\"https:\/\/www.youtube.com\/embed\/-wXwSCusK30?feature=oembed\" frameborder=\"0\" allow=\"accelerometer; autoplay; clipboard-write; encrypted-media; gyroscope; picture-in-picture\" allowfullscreen><\/iframe><\/p>\n","protected":false},"excerpt":{"rendered":"<p>Taskulamppu Trustfire T30R LEP 460 lumen t\u00e4ysin uudenlaisella LEP teknologialla toimiva asevalo.<\/p>\n<p>T30R on taktinen valkoinen laser taskulamppu, jolla on erinomainen suorituskyky. Sen pisin kantama on 1100 metri\u00e4 ja tiukan valokeilan valkoinen laser, joka soveltuu erinomaisesti taktiseksi lampuksi. Valkoisen laserin eritt\u00e4in v\u00e4kev\u00e4 valo, joka on k\u00e4sitelty kolminkertaisesti p\u00e4\u00e4llystetyill\u00e4 linsseill\u00e4 yksiv\u00e4risen laserin haitallisuuden poistamiseksi<\/p>\n","protected":false},"featured_media":5939,"comment_status":"open","ping_status":"closed","template":"","meta":[],"product_cat":[244],"product_tag":[848,773,847,245,771],"yoast_head":"<!-- This site is optimized with the Yoast SEO Premium plugin v18.9 (Yoast SEO v19.3) - https:\/\/yoast.com\/wordpress\/plugins\/seo\/ -->\n<title>Taskulamppu Trustfire T30R LEP 460 lumen | JV Tuonti<\/title>\n<meta name=\"description\" content=\"Taskulamppu Trustfire T30R LEP 460 lumen t\u00e4ysin uudenlaisella LEP teknologialla toimiva asevalo.\u00a0Huikea 1100metrin valokeila.\" \/>\n<meta name=\"robots\" content=\"index, follow, max-snippet:-1, max-image-preview:large, max-video-preview:-1\" \/>\n<link rel=\"canonical\" href=\"https:\/\/hotelli03.domainhotelli.fi\/~lsdoecli\/tuote\/taskulamppu-trustfire-t30r-lep-460-lumen\/\" \/>\n<meta property=\"og:locale\" content=\"fi_FI\" \/>\n<meta property=\"og:type\" content=\"article\" \/>\n<meta property=\"og:title\" content=\"Taskulamppu Trustfire T30R LEP 460 lumen\" \/>\n<meta property=\"og:description\" content=\"Taskulamppu Trustfire T30R LEP 460 lumen t\u00e4ysin uudenlaisella LEP teknologialla toimiva asevalo.\u00a0Huikea 1100metrin valokeila.\" \/>\n<meta property=\"og:url\" content=\"https:\/\/hotelli03.domainhotelli.fi\/~lsdoecli\/tuote\/taskulamppu-trustfire-t30r-lep-460-lumen\/\" \/>\n<meta property=\"og:site_name\" content=\"JV Tuonti\" \/>\n<meta property=\"article:publisher\" content=\"https:\/\/www.facebook.com\/JVTuontiOy\" \/>\n<meta property=\"article:modified_time\" content=\"2021-10-25T11:57:38+00:00\" \/>\n<meta property=\"og:image\" content=\"https:\/\/hotelli03.domainhotelli.fi\/~lsdoecli\/wp-content\/uploads\/2021\/09\/Taskulamppu-Trustfire-T30R-LEP-460-lumen-8.jpg\" \/>\n\t<meta property=\"og:image:width\" content=\"1000\" \/>\n\t<meta property=\"og:image:height\" content=\"1000\" \/>\n\t<meta property=\"og:image:type\" content=\"image\/jpeg\" \/>\n<meta name=\"twitter:card\" content=\"summary_large_image\" \/>\n<meta name=\"twitter:label1\" content=\"Price\" \/>\n\t<meta name=\"twitter:data1\" content=\"301,32&nbsp;&euro; Alv 24%N\u00e4yt\u00e4 veroton hinta243,00&nbsp;&euro; Alv 0%N\u00e4yt\u00e4 verollinen hinta\" \/>\n\t<meta name=\"twitter:label2\" content=\"Availability\" \/>\n\t<meta name=\"twitter:data2\" content=\"In stock\" \/>\n<script type=\"application\/ld+json\" class=\"yoast-schema-graph\">{\"@context\":\"https:\/\/schema.org\",\"@graph\":[{\"@type\":[\"Organization\",\"Place\",\"WholesaleStore\"],\"@id\":\"https:\/\/hotelli03.domainhotelli.fi\/~lsdoecli\/#organization\",\"name\":\"JV Tuonti Oy\",\"url\":\"https:\/\/hotelli03.domainhotelli.fi\/~lsdoecli\/\",\"sameAs\":[\"https:\/\/instagram.com\/jvtuontioy?utm_medium=copy_link\",\"https:\/\/www.facebook.com\/JVTuontiOy\"],\"logo\":{\"@id\":\"https:\/\/hotelli03.domainhotelli.fi\/~lsdoecli\/tuote\/taskulamppu-trustfire-t30r-lep-460-lumen\/#local-main-organization-logo\"},\"image\":{\"@id\":\"https:\/\/hotelli03.domainhotelli.fi\/~lsdoecli\/tuote\/taskulamppu-trustfire-t30r-lep-460-lumen\/#local-main-organization-logo\"},\"address\":{\"@id\":\"https:\/\/hotelli03.domainhotelli.fi\/~lsdoecli\/tuote\/taskulamppu-trustfire-t30r-lep-460-lumen\/#local-main-place-address\"},\"geo\":{\"@type\":\"GeoCoordinates\",\"latitude\":\"60.28431\",\"longitude\":\"24.81654\"},\"telephone\":[\"0408369980\"],\"openingHoursSpecification\":[{\"@type\":\"OpeningHoursSpecification\",\"dayOfWeek\":[\"Monday\",\"Tuesday\",\"Wednesday\",\"Thursday\",\"Friday\"],\"opens\":\"08:00\",\"closes\":\"16:00\"},{\"@type\":\"OpeningHoursSpecification\",\"dayOfWeek\":[\"Saturday\",\"Sunday\"],\"opens\":\"00:00\",\"closes\":\"00:00\"}],\"email\":\"myynti@hotelli03.domainhotelli.fi\",\"areaServed\":\"Suomi, Ruotsi\",\"vatID\":\"FI30178387\",\"priceRange\":\"$$\",\"currenciesAccepted\":\"\u20ac\",\"paymentAccepted\":\"Lasku, pankkikortti\"},{\"@type\":\"WebSite\",\"@id\":\"https:\/\/hotelli03.domainhotelli.fi\/~lsdoecli\/#website\",\"url\":\"https:\/\/hotelli03.domainhotelli.fi\/~lsdoecli\/\",\"name\":\"JV Tuonti\",\"description\":\"JV Tuonti Oy:n verkkokauppa\",\"publisher\":{\"@id\":\"https:\/\/hotelli03.domainhotelli.fi\/~lsdoecli\/#organization\"},\"potentialAction\":[{\"@type\":\"SearchAction\",\"target\":{\"@type\":\"EntryPoint\",\"urlTemplate\":\"https:\/\/hotelli03.domainhotelli.fi\/~lsdoecli\/?s={search_term_string}\"},\"query-input\":\"required name=search_term_string\"}],\"inLanguage\":\"fi\"},{\"@type\":\"ImageObject\",\"inLanguage\":\"fi\",\"@id\":\"https:\/\/hotelli03.domainhotelli.fi\/~lsdoecli\/tuote\/taskulamppu-trustfire-t30r-lep-460-lumen\/#primaryimage\",\"url\":\"https:\/\/hotelli03.domainhotelli.fi\/~lsdoecli\/wp-content\/uploads\/2021\/09\/Taskulamppu-Trustfire-T30R-LEP-460-lumen-8.jpg\",\"contentUrl\":\"https:\/\/hotelli03.domainhotelli.fi\/~lsdoecli\/wp-content\/uploads\/2021\/09\/Taskulamppu-Trustfire-T30R-LEP-460-lumen-8.jpg\",\"width\":1000,\"height\":1000,\"caption\":\"Taskulamppu Trustfire T30R LEP 460 lumen\"},{\"@type\":\"WebPage\",\"@id\":\"https:\/\/hotelli03.domainhotelli.fi\/~lsdoecli\/tuote\/taskulamppu-trustfire-t30r-lep-460-lumen\/\",\"url\":\"https:\/\/hotelli03.domainhotelli.fi\/~lsdoecli\/tuote\/taskulamppu-trustfire-t30r-lep-460-lumen\/\",\"name\":\"Taskulamppu Trustfire T30R LEP 460 lumen | JV Tuonti\",\"isPartOf\":{\"@id\":\"https:\/\/hotelli03.domainhotelli.fi\/~lsdoecli\/#website\"},\"primaryImageOfPage\":{\"@id\":\"https:\/\/hotelli03.domainhotelli.fi\/~lsdoecli\/tuote\/taskulamppu-trustfire-t30r-lep-460-lumen\/#primaryimage\"},\"datePublished\":\"2021-09-01T11:41:58+00:00\",\"dateModified\":\"2021-10-25T11:57:38+00:00\",\"description\":\"Taskulamppu Trustfire T30R LEP 460 lumen t\u00e4ysin uudenlaisella LEP teknologialla toimiva asevalo.\u00a0Huikea 1100metrin valokeila.\",\"breadcrumb\":{\"@id\":\"https:\/\/hotelli03.domainhotelli.fi\/~lsdoecli\/tuote\/taskulamppu-trustfire-t30r-lep-460-lumen\/#breadcrumb\"},\"inLanguage\":\"fi\",\"potentialAction\":[{\"@type\":\"ReadAction\",\"target\":[\"https:\/\/hotelli03.domainhotelli.fi\/~lsdoecli\/tuote\/taskulamppu-trustfire-t30r-lep-460-lumen\/\"]}]},{\"@type\":\"BreadcrumbList\",\"@id\":\"https:\/\/hotelli03.domainhotelli.fi\/~lsdoecli\/tuote\/taskulamppu-trustfire-t30r-lep-460-lumen\/#breadcrumb\",\"itemListElement\":[{\"@type\":\"ListItem\",\"position\":1,\"name\":\"Etusivu\",\"item\":\"https:\/\/hotelli03.domainhotelli.fi\/~lsdoecli\/\"},{\"@type\":\"ListItem\",\"position\":2,\"name\":\"Kauppa\",\"item\":\"https:\/\/hotelli03.domainhotelli.fi\/~lsdoecli\/kauppa\/\"},{\"@type\":\"ListItem\",\"position\":3,\"name\":\"Taskulamppu Trustfire T30R LEP 460 lumen\"}]},{\"@type\":\"PostalAddress\",\"@id\":\"https:\/\/hotelli03.domainhotelli.fi\/~lsdoecli\/tuote\/taskulamppu-trustfire-t30r-lep-460-lumen\/#local-main-place-address\",\"streetAddress\":\"Pyymosantie 5a\",\"addressLocality\":\"Vantaa\",\"postalCode\":\"01720\",\"addressCountry\":\"FI\"},{\"@type\":\"ImageObject\",\"inLanguage\":\"fi\",\"@id\":\"https:\/\/hotelli03.domainhotelli.fi\/~lsdoecli\/tuote\/taskulamppu-trustfire-t30r-lep-460-lumen\/#local-main-organization-logo\",\"url\":\"https:\/\/hotelli03.domainhotelli.fi\/~lsdoecli\/wp-content\/uploads\/2021\/08\/JVTuonti_logo_nelio.jpg\",\"contentUrl\":\"https:\/\/hotelli03.domainhotelli.fi\/~lsdoecli\/wp-content\/uploads\/2021\/08\/JVTuonti_logo_nelio.jpg\",\"width\":550,\"height\":550,\"caption\":\"JV Tuonti Oy\"}]}<\/script>\n<meta property=\"og:video\" content=\"https:\/\/www.youtube.com\/embed\/-wXwSCusK30\" \/>\n<meta property=\"og:video:type\" content=\"text\/html\" \/>\n<meta property=\"og:video:duration\" content=\"46\" \/>\n<meta property=\"og:video:width\" content=\"480\" \/>\n<meta property=\"og:video:height\" content=\"270\" \/>\n<meta property=\"ya:ovs:adult\" content=\"false\" \/>\n<meta property=\"ya:ovs:upload_date\" content=\"2021-09-01T11:41:58+00:00\" \/>\n<meta property=\"ya:ovs:allow_embed\" content=\"true\" \/>\n<meta property=\"product:brand\" content=\"Trustfire\" \/>\n<meta property=\"product:price:amount\" content=\"301.32\" \/>\n<meta property=\"product:price:currency\" content=\"EUR\" \/>\n<meta property=\"og:availability\" content=\"instock\" \/>\n<meta property=\"product:availability\" content=\"instock\" \/>\n<meta property=\"product:retailer_item_id\" content=\"TFT30R\" \/>\n<meta property=\"product:condition\" content=\"new\" \/>\n<meta name=\"geo.placename\" content=\"Vantaa\" \/>\n<meta name=\"geo.position\" content=\"60.28431;24.81654\" \/>\n<meta name=\"geo.region\" content=\"Suomi\" \/>\n<!-- \/ Yoast SEO Premium plugin. -->","yoast_head_json":{"title":"Taskulamppu Trustfire T30R LEP 460 lumen | JV Tuonti","description":"Taskulamppu Trustfire T30R LEP 460 lumen t\u00e4ysin uudenlaisella LEP teknologialla toimiva asevalo.\u00a0Huikea 1100metrin valokeila.","robots":{"index":"index","follow":"follow","max-snippet":"max-snippet:-1","max-image-preview":"max-image-preview:large","max-video-preview":"max-video-preview:-1"},"canonical":"https:\/\/hotelli03.domainhotelli.fi\/~lsdoecli\/tuote\/taskulamppu-trustfire-t30r-lep-460-lumen\/","og_locale":"fi_FI","og_type":"article","og_title":"Taskulamppu Trustfire T30R LEP 460 lumen","og_description":"Taskulamppu Trustfire T30R LEP 460 lumen t\u00e4ysin uudenlaisella LEP teknologialla toimiva asevalo.\u00a0Huikea 1100metrin valokeila.","og_url":"https:\/\/hotelli03.domainhotelli.fi\/~lsdoecli\/tuote\/taskulamppu-trustfire-t30r-lep-460-lumen\/","og_site_name":"JV Tuonti","article_publisher":"https:\/\/www.facebook.com\/JVTuontiOy","article_modified_time":"2021-10-25T11:57:38+00:00","og_image":[{"width":1000,"height":1000,"url":"https:\/\/hotelli03.domainhotelli.fi\/~lsdoecli\/wp-content\/uploads\/2021\/09\/Taskulamppu-Trustfire-T30R-LEP-460-lumen-8.jpg","type":"image\/jpeg"}],"twitter_card":"summary_large_image","twitter_misc":{"Price":"301,32&nbsp;&euro; Alv 24%N\u00e4yt\u00e4 veroton hinta243,00&nbsp;&euro; Alv 0%N\u00e4yt\u00e4 verollinen hinta","Availability":"In stock"},"schema":{"@context":"https:\/\/schema.org","@graph":[{"@type":["Organization","Place","WholesaleStore"],"@id":"https:\/\/hotelli03.domainhotelli.fi\/~lsdoecli\/#organization","name":"JV Tuonti Oy","url":"https:\/\/hotelli03.domainhotelli.fi\/~lsdoecli\/","sameAs":["https:\/\/instagram.com\/jvtuontioy?utm_medium=copy_link","https:\/\/www.facebook.com\/JVTuontiOy"],"logo":{"@id":"https:\/\/hotelli03.domainhotelli.fi\/~lsdoecli\/tuote\/taskulamppu-trustfire-t30r-lep-460-lumen\/#local-main-organization-logo"},"image":{"@id":"https:\/\/hotelli03.domainhotelli.fi\/~lsdoecli\/tuote\/taskulamppu-trustfire-t30r-lep-460-lumen\/#local-main-organization-logo"},"address":{"@id":"https:\/\/hotelli03.domainhotelli.fi\/~lsdoecli\/tuote\/taskulamppu-trustfire-t30r-lep-460-lumen\/#local-main-place-address"},"geo":{"@type":"GeoCoordinates","latitude":"60.28431","longitude":"24.81654"},"telephone":["0408369980"],"openingHoursSpecification":[{"@type":"OpeningHoursSpecification","dayOfWeek":["Monday","Tuesday","Wednesday","Thursday","Friday"],"opens":"08:00","closes":"16:00"},{"@type":"OpeningHoursSpecification","dayOfWeek":["Saturday","Sunday"],"opens":"00:00","closes":"00:00"}],"email":"myynti@hotelli03.domainhotelli.fi","areaServed":"Suomi, Ruotsi","vatID":"FI30178387","priceRange":"$$","currenciesAccepted":"\u20ac","paymentAccepted":"Lasku, pankkikortti"},{"@type":"WebSite","@id":"https:\/\/hotelli03.domainhotelli.fi\/~lsdoecli\/#website","url":"https:\/\/hotelli03.domainhotelli.fi\/~lsdoecli\/","name":"JV Tuonti","description":"JV Tuonti Oy:n verkkokauppa","publisher":{"@id":"https:\/\/hotelli03.domainhotelli.fi\/~lsdoecli\/#organization"},"potentialAction":[{"@type":"SearchAction","target":{"@type":"EntryPoint","urlTemplate":"https:\/\/hotelli03.domainhotelli.fi\/~lsdoecli\/?s={search_term_string}"},"query-input":"required name=search_term_string"}],"inLanguage":"fi"},{"@type":"ImageObject","inLanguage":"fi","@id":"https:\/\/hotelli03.domainhotelli.fi\/~lsdoecli\/tuote\/taskulamppu-trustfire-t30r-lep-460-lumen\/#primaryimage","url":"https:\/\/hotelli03.domainhotelli.fi\/~lsdoecli\/wp-content\/uploads\/2021\/09\/Taskulamppu-Trustfire-T30R-LEP-460-lumen-8.jpg","contentUrl":"https:\/\/hotelli03.domainhotelli.fi\/~lsdoecli\/wp-content\/uploads\/2021\/09\/Taskulamppu-Trustfire-T30R-LEP-460-lumen-8.jpg","width":1000,"height":1000,"caption":"Taskulamppu Trustfire T30R LEP 460 lumen"},{"@type":"WebPage","@id":"https:\/\/hotelli03.domainhotelli.fi\/~lsdoecli\/tuote\/taskulamppu-trustfire-t30r-lep-460-lumen\/","url":"https:\/\/hotelli03.domainhotelli.fi\/~lsdoecli\/tuote\/taskulamppu-trustfire-t30r-lep-460-lumen\/","name":"Taskulamppu Trustfire T30R LEP 460 lumen | JV Tuonti","isPartOf":{"@id":"https:\/\/hotelli03.domainhotelli.fi\/~lsdoecli\/#website"},"primaryImageOfPage":{"@id":"https:\/\/hotelli03.domainhotelli.fi\/~lsdoecli\/tuote\/taskulamppu-trustfire-t30r-lep-460-lumen\/#primaryimage"},"datePublished":"2021-09-01T11:41:58+00:00","dateModified":"2021-10-25T11:57:38+00:00","description":"Taskulamppu Trustfire T30R LEP 460 lumen t\u00e4ysin uudenlaisella LEP teknologialla toimiva asevalo.\u00a0Huikea 1100metrin valokeila.","breadcrumb":{"@id":"https:\/\/hotelli03.domainhotelli.fi\/~lsdoecli\/tuote\/taskulamppu-trustfire-t30r-lep-460-lumen\/#breadcrumb"},"inLanguage":"fi","potentialAction":[{"@type":"ReadAction","target":["https:\/\/hotelli03.domainhotelli.fi\/~lsdoecli\/tuote\/taskulamppu-trustfire-t30r-lep-460-lumen\/"]}]},{"@type":"BreadcrumbList","@id":"https:\/\/hotelli03.domainhotelli.fi\/~lsdoecli\/tuote\/taskulamppu-trustfire-t30r-lep-460-lumen\/#breadcrumb","itemListElement":[{"@type":"ListItem","position":1,"name":"Etusivu","item":"https:\/\/hotelli03.domainhotelli.fi\/~lsdoecli\/"},{"@type":"ListItem","position":2,"name":"Kauppa","item":"https:\/\/hotelli03.domainhotelli.fi\/~lsdoecli\/kauppa\/"},{"@type":"ListItem","position":3,"name":"Taskulamppu Trustfire T30R LEP 460 lumen"}]},{"@type":"PostalAddress","@id":"https:\/\/hotelli03.domainhotelli.fi\/~lsdoecli\/tuote\/taskulamppu-trustfire-t30r-lep-460-lumen\/#local-main-place-address","streetAddress":"Pyymosantie 5a","addressLocality":"Vantaa","postalCode":"01720","addressCountry":"FI"},{"@type":"ImageObject","inLanguage":"fi","@id":"https:\/\/hotelli03.domainhotelli.fi\/~lsdoecli\/tuote\/taskulamppu-trustfire-t30r-lep-460-lumen\/#local-main-organization-logo","url":"https:\/\/hotelli03.domainhotelli.fi\/~lsdoecli\/wp-content\/uploads\/2021\/08\/JVTuonti_logo_nelio.jpg","contentUrl":"https:\/\/hotelli03.domainhotelli.fi\/~lsdoecli\/wp-content\/uploads\/2021\/08\/JVTuonti_logo_nelio.jpg","width":550,"height":550,"caption":"JV Tuonti Oy"}]},"og_video":"https:\/\/www.youtube.com\/embed\/-wXwSCusK30","og_video_type":"text\/html","og_video_duration":"46","og_video_width":"480","og_video_height":"270","ya_ovs_adult":"false","ya_ovs_upload_date":"2021-09-01T11:41:58+00:00","ya_ovs_allow_embed":"true","product_brand":"Trustfire","product_price_amount":"301.32","product_price_currency":"EUR","og_availability":"instock","product_availability":"instock","product_retailer_item_id":"TFT30R","product_condition":"new","geo.placename":"Vantaa","geo.position":{"lat":"60.28431","long":"24.81654"},"geo.region":"Suomi"},"_links":{"self":[{"href":"https:\/\/hotelli03.domainhotelli.fi\/~lsdoecli\/wp-json\/wp\/v2\/product\/5934"}],"collection":[{"href":"https:\/\/hotelli03.domainhotelli.fi\/~lsdoecli\/wp-json\/wp\/v2\/product"}],"about":[{"href":"https:\/\/hotelli03.domainhotelli.fi\/~lsdoecli\/wp-json\/wp\/v2\/types\/product"}],"replies":[{"embeddable":true,"href":"https:\/\/hotelli03.domainhotelli.fi\/~lsdoecli\/wp-json\/wp\/v2\/comments?post=5934"}],"wp:featuredmedia":[{"embeddable":true,"href":"https:\/\/hotelli03.domainhotelli.fi\/~lsdoecli\/wp-json\/wp\/v2\/media\/5939"}],"wp:attachment":[{"href":"https:\/\/hotelli03.domainhotelli.fi\/~lsdoecli\/wp-json\/wp\/v2\/media?parent=5934"}],"wp:term":[{"taxonomy":"product_cat","embeddable":true,"href":"https:\/\/hotelli03.domainhotelli.fi\/~lsdoecli\/wp-json\/wp\/v2\/product_cat?post=5934"},{"taxonomy":"product_tag","embeddable":true,"href":"https:\/\/hotelli03.domainhotelli.fi\/~lsdoecli\/wp-json\/wp\/v2\/product_tag?post=5934"}],"curies":[{"name":"wp","href":"https:\/\/api.w.org\/{rel}","templated":true}]}}