{"id":5900,"date":"2021-09-01T09:30:49","date_gmt":"2021-09-01T09:30:49","guid":{"rendered":"https:\/\/hotelli03.domainhotelli.fi\/~lsdoecli\/?post_type=product&#038;p=5900"},"modified":"2021-12-06T06:35:45","modified_gmt":"2021-12-06T06:35:45","slug":"sukelluslamppu-trustfire-df50-6500-lumen","status":"publish","type":"product","link":"https:\/\/hotelli03.domainhotelli.fi\/~lsdoecli\/tuote\/sukelluslamppu-trustfire-df50-6500-lumen\/","title":{"rendered":"Sukelluslamppu TrustFire DF50 valoteho 6500 lumenen"},"content":{"rendered":"<h1>Sukelluslamppu TrustFire DF50 valoteho 6500 lumen<\/h1>\n<p><a href=\"https:\/\/hotelli03.domainhotelli.fi\/~lsdoecli\/wp-content\/uploads\/2021\/09\/Trustfire-DF50-sukelluslamppu-6500-lumen.jpg\"><img loading=\"lazy\" class=\"alignnone wp-image-6311 size-full\" src=\"https:\/\/hotelli03.domainhotelli.fi\/~lsdoecli\/wp-content\/uploads\/2021\/09\/Trustfire-DF50-sukelluslamppu-6500-lumen.jpg\" alt=\"\" width=\"1920\" height=\"1080\" srcset=\"https:\/\/hotelli03.domainhotelli.fi\/~lsdoecli\/wp-content\/uploads\/2021\/09\/Trustfire-DF50-sukelluslamppu-6500-lumen.jpg 1920w, https:\/\/hotelli03.domainhotelli.fi\/~lsdoecli\/wp-content\/uploads\/2021\/09\/Trustfire-DF50-sukelluslamppu-6500-lumen-1024x576.jpg 1024w, https:\/\/hotelli03.domainhotelli.fi\/~lsdoecli\/wp-content\/uploads\/2021\/09\/Trustfire-DF50-sukelluslamppu-6500-lumen-768x432.jpg 768w, https:\/\/hotelli03.domainhotelli.fi\/~lsdoecli\/wp-content\/uploads\/2021\/09\/Trustfire-DF50-sukelluslamppu-6500-lumen-1536x864.jpg 1536w, https:\/\/hotelli03.domainhotelli.fi\/~lsdoecli\/wp-content\/uploads\/2021\/09\/Trustfire-DF50-sukelluslamppu-6500-lumen-640x360.jpg 640w, https:\/\/hotelli03.domainhotelli.fi\/~lsdoecli\/wp-content\/uploads\/2021\/09\/Trustfire-DF50-sukelluslamppu-6500-lumen-400x225.jpg 400w, https:\/\/hotelli03.domainhotelli.fi\/~lsdoecli\/wp-content\/uploads\/2021\/09\/Trustfire-DF50-sukelluslamppu-6500-lumen-600x338.jpg 600w\" sizes=\"(max-width: 1920px) 100vw, 1920px\" \/><\/a><\/p>\n<p>&nbsp;<\/p>\n<h2>Sukelluslamppu videon kuvaamiseen veden alla<\/h2>\n<p>Sukelluslamppu TrustFire DF50 6500\u00a0lumen on eritt\u00e4in tehokas\u00a0vedenalaiseen valokuvaukseen suunniteltu huippuluokan ladattava sukellusvalo. Lampun valokeila on\u00a0huikea 150\u00b0 astetta jonka ansiosta ymp\u00e4rist\u00f6si on t\u00e4ysin valaistu. Trustfire DF50 lampun maksimi valoteho on huikeat 6500 lumenen ja sen kantama on 105 metri\u00e4.<\/p>\n<p>Trustfire DF50 erinomaisiin ominaisuuksiin kuuluu my\u00f6s kolmet eri v\u00e4riledit,\u00a0joiden avulla meren mysteerien tutkiminen ja kuvaaminen on avain omalla tasollaan. Neutraali valkoinen valo, punainen valo ja UV valo tuovat aivan uusia , suke vedenalaiseen kuvaukseen. Valaisimen runko\u00a0on valmistettu lentokonealumiinista ja siin\u00e4 on kova eloksoitu pinta kulumista est\u00e4v\u00e4ll\u00e4 k\u00e4sittelyll\u00e4 sek\u00e4 valaisimen rungossa on karhea pinta joten se pysyy k\u00e4siss\u00e4 my\u00f6s m\u00e4rk\u00e4n\u00e4.<\/p>\n<p>Sukkeluslamppu Trustfire DF50 on kooltaan sopivan kokoinen k\u00e4teen mahtuva vedenalainen taskulamppu ja\u00a0on hyv\u00e4 sukellusvalo laitesukellukseen, luolasukellukseen, vapaasukellukseen ja muihin veden alaisiin harrastuksiin.<\/p>\n<h2><a href=\"https:\/\/hotelli03.domainhotelli.fi\/~lsdoecli\/wp-content\/uploads\/2021\/09\/Trustfire-DF50-sukkelluslamppu-6500-lumenen.jpg\"><img loading=\"lazy\" class=\"alignnone wp-image-6305 size-full\" src=\"https:\/\/hotelli03.domainhotelli.fi\/~lsdoecli\/wp-content\/uploads\/2021\/09\/Trustfire-DF50-sukkelluslamppu-6500-lumenen.jpg\" alt=\"\" width=\"1920\" height=\"1080\" srcset=\"https:\/\/hotelli03.domainhotelli.fi\/~lsdoecli\/wp-content\/uploads\/2021\/09\/Trustfire-DF50-sukkelluslamppu-6500-lumenen.jpg 1920w, https:\/\/hotelli03.domainhotelli.fi\/~lsdoecli\/wp-content\/uploads\/2021\/09\/Trustfire-DF50-sukkelluslamppu-6500-lumenen-1024x576.jpg 1024w, https:\/\/hotelli03.domainhotelli.fi\/~lsdoecli\/wp-content\/uploads\/2021\/09\/Trustfire-DF50-sukkelluslamppu-6500-lumenen-768x432.jpg 768w, https:\/\/hotelli03.domainhotelli.fi\/~lsdoecli\/wp-content\/uploads\/2021\/09\/Trustfire-DF50-sukkelluslamppu-6500-lumenen-1536x864.jpg 1536w, https:\/\/hotelli03.domainhotelli.fi\/~lsdoecli\/wp-content\/uploads\/2021\/09\/Trustfire-DF50-sukkelluslamppu-6500-lumenen-640x360.jpg 640w, https:\/\/hotelli03.domainhotelli.fi\/~lsdoecli\/wp-content\/uploads\/2021\/09\/Trustfire-DF50-sukkelluslamppu-6500-lumenen-400x225.jpg 400w, https:\/\/hotelli03.domainhotelli.fi\/~lsdoecli\/wp-content\/uploads\/2021\/09\/Trustfire-DF50-sukkelluslamppu-6500-lumenen-600x338.jpg 600w\" sizes=\"(max-width: 1920px) 100vw, 1920px\" \/><\/a><\/h2>\n<h2>Trustfire DF50 sukkeluslampussa on kolme eri valotoimintaa<\/h2>\n<p>Sukellusvalossa on 4 eri valotehoa, joilla saat sukellusvideoihin ja sukelluskuviin upeat v\u00e4rit ja kontrastit my\u00f6s merten syvyyksiss\u00e4, miss\u00e4 kuvausolosuhteet ovat yleens\u00e4 hankalat. Mit\u00e4 syvemm\u00e4ll\u00e4 menn\u00e4\u00e4n, sit\u00e4 enemm\u00e4n auringonvalon pitk\u00e4t aallot suodattuvat. Ensimm\u00e4isen\u00e4 suodattuvat punainen ja oranssi, mik\u00e4 aiheuttaa v\u00e4rien ja kontrastien v\u00e4henemisen ilman lis\u00e4valaistusta. Kontrastien ja v\u00e4rien v\u00e4heneminen huomaa jo 1,5 metrin syvyydess\u00e4 punaisen v\u00e4rin kohdalla.<\/p>\n<h3>UV valon tehotila<\/h3>\n<p>Sukelluslampussa on UV valo tehotila, joka mahdollistaa pime\u00e4ss\u00e4 ja UV valossa hohtavien kalojen, mustekalojen, ankerioiden, merivuokkojen, merit\u00e4htien ja korallien kuvauksen. UV valolla kuvaaminen avaa aivan uuden maailman. UV valon tehotila k\u00e4ytt\u00e4\u00e4 3 XPU UV Led polttimoa ja UV valon\u00a0aallonpituus on 395 nm.<\/p>\n<h3>Punavalon tehotila<\/h3>\n<p>Punaisen valon tehotilassa sukelluslamppu toimii kolmella XE-3535 punaisilla LED polttimoilla. Sukellusvalon punavalon aallonpituus on 620 nm. Punavalon avulla saat kuviin lis\u00e4\u00e4 v\u00e4rej\u00e4 ja kontrasteja vedenalaisiin sukelluskuviin ja vedenalaisiin videoihin. Punaisen v\u00e4ri allot suodattuvat 4,57 metrin syvyydess\u00e4.<\/p>\n<p>Lis\u00e4ksi vedenalaisessa kuvauksessa pit\u00e4\u00e4 huomioida v\u00e4rien vaimeneminen my\u00f6s vaakasuorassa suunnassa veden alla. Kun kuvaat veden alla 3 metrin syvyydess\u00e4 ja kuvauskohde on 3 metrin p\u00e4\u00e4ss\u00e4, valon matka on 6 metri\u00e4 ja punas\u00e4vyt suodattuvat. T\u00e4st\u00e4 syyst\u00e4 vedenalaisessa kuvauksessa on t\u00e4rke\u00e4 p\u00e4\u00e4st\u00e4 mahdollisemman l\u00e4helle kuvauskohdetta.<\/p>\n<h3>Valkoisen valon tehotila<\/h3>\n<p>Trustfire DF50 sukelluslamppu k\u00e4ytt\u00e4\u00e4 valkoisen valon high mode tehotilassa 6 kappaleta XM2 U3 Led polttimoa, joiden v\u00e4ril\u00e4mp\u00f6 on 6000 K ja jotka valaisevat vedenalaisen ymp\u00e4rist\u00f6n\u00a0150\u00b0 asteisella valokeilalla jopa 105 metriin asti.<\/p>\n<p>Led sukellusvalo Trustfire DF50 toimii 3 kpl 21700 3,7 V 5000 mAh: n r\u00e4\u00e4t\u00e4l\u00f6idyill\u00e4 ladattavilla akkuilla, jotka tarjoavat pitk\u00e4n k\u00e4ytt\u00f6ajan. Sukelluslamppu toimii high tehotilassa jopa 205 minuuttia ja low tehotilassa 6,8 tuntia.<\/p>\n<p>Taskulampussa on \u00e4lyk\u00e4s\u00a0akun varaustason ilmaisin. Vihre\u00e4 valo tarkoittaa, ett\u00e4 akun j\u00e4ljell\u00e4 oleva virtaa on 50%-100%, keltainen valo tarkoittaa ett\u00e4 akkua on 20%-50% j\u00e4ljell\u00e4, punainen valo tarkoittaa ett\u00e4 akussa on 5%-20% virtaa j\u00e4ljell\u00e4 ja vilkkuva punainen valo varoittaa kun akun virtaa on j\u00e4ljell\u00e4 alle 5%. Sukelluslampun Trustfire DF50 rungossa oleva kamerakierre ja pallonivel mahdollistavat kameran helpon ja yksinkertaisen kiinnityksen suoraan valaisimeen.<\/p>\n<p>Sukellusvalon paineenkest\u00e4vyys on 70 metriin asti.<\/p>\n<figure id=\"attachment_6307\" aria-describedby=\"caption-attachment-6307\" style=\"width: 1920px\" class=\"wp-caption alignnone\"><a href=\"https:\/\/hotelli03.domainhotelli.fi\/~lsdoecli\/wp-content\/uploads\/2021\/09\/Sukelluslamppu-Trustfire-DF50.jpg\"><img loading=\"lazy\" class=\"wp-image-6307 size-full\" src=\"https:\/\/hotelli03.domainhotelli.fi\/~lsdoecli\/wp-content\/uploads\/2021\/09\/Sukelluslamppu-Trustfire-DF50.jpg\" alt=\"Trustfire DF50 sukelluslamppu\" width=\"1920\" height=\"1080\" srcset=\"https:\/\/hotelli03.domainhotelli.fi\/~lsdoecli\/wp-content\/uploads\/2021\/09\/Sukelluslamppu-Trustfire-DF50.jpg 1920w, https:\/\/hotelli03.domainhotelli.fi\/~lsdoecli\/wp-content\/uploads\/2021\/09\/Sukelluslamppu-Trustfire-DF50-1024x576.jpg 1024w, https:\/\/hotelli03.domainhotelli.fi\/~lsdoecli\/wp-content\/uploads\/2021\/09\/Sukelluslamppu-Trustfire-DF50-768x432.jpg 768w, https:\/\/hotelli03.domainhotelli.fi\/~lsdoecli\/wp-content\/uploads\/2021\/09\/Sukelluslamppu-Trustfire-DF50-1536x864.jpg 1536w, https:\/\/hotelli03.domainhotelli.fi\/~lsdoecli\/wp-content\/uploads\/2021\/09\/Sukelluslamppu-Trustfire-DF50-640x360.jpg 640w, https:\/\/hotelli03.domainhotelli.fi\/~lsdoecli\/wp-content\/uploads\/2021\/09\/Sukelluslamppu-Trustfire-DF50-400x225.jpg 400w, https:\/\/hotelli03.domainhotelli.fi\/~lsdoecli\/wp-content\/uploads\/2021\/09\/Sukelluslamppu-Trustfire-DF50-600x338.jpg 600w\" sizes=\"(max-width: 1920px) 100vw, 1920px\" \/><\/a><figcaption id=\"caption-attachment-6307\" class=\"wp-caption-text\">Sukelluslamppu 6500 lumen valoteholla, 105 metrin kantamalla<\/figcaption><\/figure>\n<p>&nbsp;<\/p>\n<p>&nbsp;<\/p>\n<h3>Toimitussis\u00e4lt\u00f6 Trustfire DF 50 pakkaus<\/h3>\n<ul>\n<li>1 x TrustFire DF50 6500 lumen sukellusvalo<\/li>\n<li>1 x Akku Trustfire ARB5000U 11,1V \/ 5000mAh \/ 55,5WH<\/li>\n<li>1 x USB-laturin johto (type-c)<\/li>\n<li>1 x kameran kiinnitys pallo<\/li>\n<li>1 x kiinnityshihna<\/li>\n<li>2 x vara O-rengas<\/li>\n<li>k\u00e4ytt\u00f6ohjeet<\/li>\n<\/ul>\n<h2>Tekniset tiedot sukelluslamppu TrustFire DF50<\/h2>\n<ul>\n<li>Merkki ja malli: Trustfire DF50<\/li>\n<li>LED: 3 x XE-3535 (Punainen) 6 x XM2 U3 (Valkoinen) 3 x XPU UV 395nm (UV-valo)<\/li>\n<li>Ilm. maksimi valoteho: 6500 lm<\/li>\n<li>Akku: Trustfire ARB5000U 11,1V \/ 5000mAh \/ 55,5WH &#8211; 3 kpl 21700 3,7 V 5000 mAh<\/li>\n<li>Ladataan latauspistokkeesta joka on akussa. (Akku pit\u00e4\u00e4 irroittaa)<\/li>\n<li>Pituus: 132,55mm<\/li>\n<li>Valaisinp\u00e4\u00e4n halkaisija: 59,6mm<\/li>\n<li>Paino: 294,6 g (ilman akkua)<\/li>\n<li>Materiaali: Runko kest\u00e4v\u00e4 anodisoitua lentokonealumiinia<\/li>\n<li>Tiivesysluokitus: IPX-8, vesitiivis yli 70 metriin asti<\/li>\n<li>Ylil\u00e4mpenemissuoja est\u00e4\u00e4 ledej\u00e4 vahingoittavan ylikuumenemisen<\/li>\n<li>Akun varaustilan kertova LED<\/li>\n<li>pinnoitettu karkaistu lasilinssi v\u00e4hent\u00e4\u00e4 tehokkaasti valon menetyst\u00e4.<\/li>\n<\/ul>\n<p><strong>HUOM!<\/strong> Huuhtele valaisin kunnolla jokaisen k\u00e4yt\u00f6n j\u00e4lkeen! Em\u00e4ksinen vesi saattaa ajan my\u00f6t\u00e4 kuluttaa.<\/p>\n<h2>Toiminta-ajat ja kantama (Valmistajan ilmoittamat)<\/h2>\n<ul>\n<li>High mode: 6500 lm \/ 205 min \/ 105 m \/ 2756CD<\/li>\n<li>Low mode: 1000 lm \/ 6,8 h \/ 43 m \/ 462CD<\/li>\n<li>Red light: 391 lm \/ 5,2 h<\/li>\n<li>UV light: 8,5 lm \/ 12 h<\/li>\n<\/ul>\n<p>&nbsp;<\/p>\n<p><a href=\"https:\/\/hotelli03.domainhotelli.fi\/~lsdoecli\/tuote-osasto\/otsalamput-ja-taskulamput\/\">Katso my\u00f6s kaikki muut tasku- ja otsalamppu mallimme t\u00e4st\u00e4!\u00a0<\/a><\/p>\n","protected":false},"excerpt":{"rendered":"<p>Sukelluslamppu TrustFire DF50 6500\u00a0lumen on eritt\u00e4in tehokas\u00a0vedenalaiseen valokuvaukseen suunniteltu huippuluokan sukellusvalaisin. Lampun valokeila on\u00a0huikea 150\u00b0 astetta jonka ansiosta ymp\u00e4rist\u00f6si on t\u00e4ysin valaistu.<\/p>\n","protected":false},"featured_media":5908,"comment_status":"open","ping_status":"closed","template":"","meta":[],"product_cat":[244],"product_tag":[845,846,245],"yoast_head":"<!-- This site is optimized with the Yoast SEO Premium plugin v18.9 (Yoast SEO v19.3) - https:\/\/yoast.com\/wordpress\/plugins\/seo\/ -->\n<title>Sukelluslamppu TrustFire DF50 valoteho 6500 lumenen | JV Tuonti<\/title>\n<meta name=\"description\" content=\"Sukelluslamppu TrustFire DF50 6500\u00a0lumen on eritt\u00e4in tehokas\u00a0vedenalaiseen valokuvaukseen suunniteltu huippuluokan sukellusvalo.\" \/>\n<meta name=\"robots\" content=\"index, follow, max-snippet:-1, max-image-preview:large, max-video-preview:-1\" \/>\n<link rel=\"canonical\" href=\"https:\/\/hotelli03.domainhotelli.fi\/~lsdoecli\/tuote\/sukelluslamppu-trustfire-df50-6500-lumen\/\" \/>\n<meta property=\"og:locale\" content=\"fi_FI\" \/>\n<meta property=\"og:type\" content=\"article\" \/>\n<meta property=\"og:title\" content=\"Sukelluslamppu TrustFire DF50 valoteho 6500 lumenen\" \/>\n<meta property=\"og:description\" content=\"Sukelluslamppu TrustFire DF50 6500\u00a0lumen on eritt\u00e4in tehokas\u00a0vedenalaiseen valokuvaukseen suunniteltu huippuluokan sukellusvalo.\" \/>\n<meta property=\"og:url\" content=\"https:\/\/hotelli03.domainhotelli.fi\/~lsdoecli\/tuote\/sukelluslamppu-trustfire-df50-6500-lumen\/\" \/>\n<meta property=\"og:site_name\" content=\"JV Tuonti\" \/>\n<meta property=\"article:publisher\" content=\"https:\/\/www.facebook.com\/JVTuontiOy\" \/>\n<meta property=\"article:modified_time\" content=\"2021-12-06T06:35:45+00:00\" \/>\n<meta property=\"og:image\" content=\"https:\/\/hotelli03.domainhotelli.fi\/~lsdoecli\/wp-content\/uploads\/2021\/09\/Sukelluslamppu-TrustFire-DF50-6500-lumen-4.jpg\" \/>\n\t<meta property=\"og:image:width\" content=\"1000\" \/>\n\t<meta property=\"og:image:height\" content=\"1000\" \/>\n\t<meta property=\"og:image:type\" content=\"image\/jpeg\" \/>\n<meta name=\"twitter:card\" content=\"summary_large_image\" \/>\n<meta name=\"twitter:label1\" content=\"Price\" \/>\n\t<meta name=\"twitter:data1\" content=\"240,56&nbsp;&euro; Alv 24%N\u00e4yt\u00e4 veroton hinta194,00&nbsp;&euro; Alv 0%N\u00e4yt\u00e4 verollinen hinta\" \/>\n\t<meta name=\"twitter:label2\" content=\"Availability\" \/>\n\t<meta name=\"twitter:data2\" content=\"In stock\" \/>\n<script type=\"application\/ld+json\" class=\"yoast-schema-graph\">{\"@context\":\"https:\/\/schema.org\",\"@graph\":[{\"@type\":[\"Organization\",\"Place\",\"WholesaleStore\"],\"@id\":\"https:\/\/hotelli03.domainhotelli.fi\/~lsdoecli\/#organization\",\"name\":\"JV Tuonti Oy\",\"url\":\"https:\/\/hotelli03.domainhotelli.fi\/~lsdoecli\/\",\"sameAs\":[\"https:\/\/instagram.com\/jvtuontioy?utm_medium=copy_link\",\"https:\/\/www.facebook.com\/JVTuontiOy\"],\"logo\":{\"@id\":\"https:\/\/hotelli03.domainhotelli.fi\/~lsdoecli\/tuote\/sukelluslamppu-trustfire-df50-6500-lumen\/#local-main-organization-logo\"},\"image\":{\"@id\":\"https:\/\/hotelli03.domainhotelli.fi\/~lsdoecli\/tuote\/sukelluslamppu-trustfire-df50-6500-lumen\/#local-main-organization-logo\"},\"address\":{\"@id\":\"https:\/\/hotelli03.domainhotelli.fi\/~lsdoecli\/tuote\/sukelluslamppu-trustfire-df50-6500-lumen\/#local-main-place-address\"},\"geo\":{\"@type\":\"GeoCoordinates\",\"latitude\":\"60.28431\",\"longitude\":\"24.81654\"},\"telephone\":[\"0408369980\"],\"openingHoursSpecification\":[{\"@type\":\"OpeningHoursSpecification\",\"dayOfWeek\":[\"Monday\",\"Tuesday\",\"Wednesday\",\"Thursday\",\"Friday\"],\"opens\":\"08:00\",\"closes\":\"16:00\"},{\"@type\":\"OpeningHoursSpecification\",\"dayOfWeek\":[\"Saturday\",\"Sunday\"],\"opens\":\"00:00\",\"closes\":\"00:00\"}],\"email\":\"myynti@hotelli03.domainhotelli.fi\",\"areaServed\":\"Suomi, Ruotsi\",\"vatID\":\"FI30178387\",\"priceRange\":\"$$\",\"currenciesAccepted\":\"\u20ac\",\"paymentAccepted\":\"Lasku, pankkikortti\"},{\"@type\":\"WebSite\",\"@id\":\"https:\/\/hotelli03.domainhotelli.fi\/~lsdoecli\/#website\",\"url\":\"https:\/\/hotelli03.domainhotelli.fi\/~lsdoecli\/\",\"name\":\"JV Tuonti\",\"description\":\"JV Tuonti Oy:n verkkokauppa\",\"publisher\":{\"@id\":\"https:\/\/hotelli03.domainhotelli.fi\/~lsdoecli\/#organization\"},\"potentialAction\":[{\"@type\":\"SearchAction\",\"target\":{\"@type\":\"EntryPoint\",\"urlTemplate\":\"https:\/\/hotelli03.domainhotelli.fi\/~lsdoecli\/?s={search_term_string}\"},\"query-input\":\"required name=search_term_string\"}],\"inLanguage\":\"fi\"},{\"@type\":\"ImageObject\",\"inLanguage\":\"fi\",\"@id\":\"https:\/\/hotelli03.domainhotelli.fi\/~lsdoecli\/tuote\/sukelluslamppu-trustfire-df50-6500-lumen\/#primaryimage\",\"url\":\"https:\/\/hotelli03.domainhotelli.fi\/~lsdoecli\/wp-content\/uploads\/2021\/09\/Sukelluslamppu-TrustFire-DF50-6500-lumen-4.jpg\",\"contentUrl\":\"https:\/\/hotelli03.domainhotelli.fi\/~lsdoecli\/wp-content\/uploads\/2021\/09\/Sukelluslamppu-TrustFire-DF50-6500-lumen-4.jpg\",\"width\":1000,\"height\":1000,\"caption\":\"Sukelluslamppu TrustFire DF50 6500 lumen\"},{\"@type\":\"WebPage\",\"@id\":\"https:\/\/hotelli03.domainhotelli.fi\/~lsdoecli\/tuote\/sukelluslamppu-trustfire-df50-6500-lumen\/\",\"url\":\"https:\/\/hotelli03.domainhotelli.fi\/~lsdoecli\/tuote\/sukelluslamppu-trustfire-df50-6500-lumen\/\",\"name\":\"Sukelluslamppu TrustFire DF50 valoteho 6500 lumenen | JV Tuonti\",\"isPartOf\":{\"@id\":\"https:\/\/hotelli03.domainhotelli.fi\/~lsdoecli\/#website\"},\"primaryImageOfPage\":{\"@id\":\"https:\/\/hotelli03.domainhotelli.fi\/~lsdoecli\/tuote\/sukelluslamppu-trustfire-df50-6500-lumen\/#primaryimage\"},\"datePublished\":\"2021-09-01T09:30:49+00:00\",\"dateModified\":\"2021-12-06T06:35:45+00:00\",\"description\":\"Sukelluslamppu TrustFire DF50 6500\u00a0lumen on eritt\u00e4in tehokas\u00a0vedenalaiseen valokuvaukseen suunniteltu huippuluokan sukellusvalo.\",\"breadcrumb\":{\"@id\":\"https:\/\/hotelli03.domainhotelli.fi\/~lsdoecli\/tuote\/sukelluslamppu-trustfire-df50-6500-lumen\/#breadcrumb\"},\"inLanguage\":\"fi\",\"potentialAction\":[{\"@type\":\"ReadAction\",\"target\":[\"https:\/\/hotelli03.domainhotelli.fi\/~lsdoecli\/tuote\/sukelluslamppu-trustfire-df50-6500-lumen\/\"]}]},{\"@type\":\"BreadcrumbList\",\"@id\":\"https:\/\/hotelli03.domainhotelli.fi\/~lsdoecli\/tuote\/sukelluslamppu-trustfire-df50-6500-lumen\/#breadcrumb\",\"itemListElement\":[{\"@type\":\"ListItem\",\"position\":1,\"name\":\"Etusivu\",\"item\":\"https:\/\/hotelli03.domainhotelli.fi\/~lsdoecli\/\"},{\"@type\":\"ListItem\",\"position\":2,\"name\":\"Kauppa\",\"item\":\"https:\/\/hotelli03.domainhotelli.fi\/~lsdoecli\/kauppa\/\"},{\"@type\":\"ListItem\",\"position\":3,\"name\":\"Sukelluslamppu TrustFire DF50 valoteho 6500 lumenen\"}]},{\"@type\":\"PostalAddress\",\"@id\":\"https:\/\/hotelli03.domainhotelli.fi\/~lsdoecli\/tuote\/sukelluslamppu-trustfire-df50-6500-lumen\/#local-main-place-address\",\"streetAddress\":\"Pyymosantie 5a\",\"addressLocality\":\"Vantaa\",\"postalCode\":\"01720\",\"addressCountry\":\"FI\"},{\"@type\":\"ImageObject\",\"inLanguage\":\"fi\",\"@id\":\"https:\/\/hotelli03.domainhotelli.fi\/~lsdoecli\/tuote\/sukelluslamppu-trustfire-df50-6500-lumen\/#local-main-organization-logo\",\"url\":\"https:\/\/hotelli03.domainhotelli.fi\/~lsdoecli\/wp-content\/uploads\/2021\/08\/JVTuonti_logo_nelio.jpg\",\"contentUrl\":\"https:\/\/hotelli03.domainhotelli.fi\/~lsdoecli\/wp-content\/uploads\/2021\/08\/JVTuonti_logo_nelio.jpg\",\"width\":550,\"height\":550,\"caption\":\"JV Tuonti Oy\"}]}<\/script>\n<meta property=\"product:brand\" content=\"Trustfire\" \/>\n<meta property=\"product:price:amount\" content=\"240.56\" \/>\n<meta property=\"product:price:currency\" content=\"EUR\" \/>\n<meta property=\"og:availability\" content=\"instock\" \/>\n<meta property=\"product:availability\" content=\"instock\" \/>\n<meta property=\"product:retailer_item_id\" content=\"TFDF50\" \/>\n<meta property=\"product:condition\" content=\"new\" \/>\n<meta name=\"geo.placename\" content=\"Vantaa\" \/>\n<meta name=\"geo.position\" content=\"60.28431;24.81654\" \/>\n<meta name=\"geo.region\" content=\"Suomi\" \/>\n<!-- \/ Yoast SEO Premium plugin. -->","yoast_head_json":{"title":"Sukelluslamppu TrustFire DF50 valoteho 6500 lumenen | JV Tuonti","description":"Sukelluslamppu TrustFire DF50 6500\u00a0lumen on eritt\u00e4in tehokas\u00a0vedenalaiseen valokuvaukseen suunniteltu huippuluokan sukellusvalo.","robots":{"index":"index","follow":"follow","max-snippet":"max-snippet:-1","max-image-preview":"max-image-preview:large","max-video-preview":"max-video-preview:-1"},"canonical":"https:\/\/hotelli03.domainhotelli.fi\/~lsdoecli\/tuote\/sukelluslamppu-trustfire-df50-6500-lumen\/","og_locale":"fi_FI","og_type":"article","og_title":"Sukelluslamppu TrustFire DF50 valoteho 6500 lumenen","og_description":"Sukelluslamppu TrustFire DF50 6500\u00a0lumen on eritt\u00e4in tehokas\u00a0vedenalaiseen valokuvaukseen suunniteltu huippuluokan sukellusvalo.","og_url":"https:\/\/hotelli03.domainhotelli.fi\/~lsdoecli\/tuote\/sukelluslamppu-trustfire-df50-6500-lumen\/","og_site_name":"JV Tuonti","article_publisher":"https:\/\/www.facebook.com\/JVTuontiOy","article_modified_time":"2021-12-06T06:35:45+00:00","og_image":[{"width":1000,"height":1000,"url":"https:\/\/hotelli03.domainhotelli.fi\/~lsdoecli\/wp-content\/uploads\/2021\/09\/Sukelluslamppu-TrustFire-DF50-6500-lumen-4.jpg","type":"image\/jpeg"}],"twitter_card":"summary_large_image","twitter_misc":{"Price":"240,56&nbsp;&euro; Alv 24%N\u00e4yt\u00e4 veroton hinta194,00&nbsp;&euro; Alv 0%N\u00e4yt\u00e4 verollinen hinta","Availability":"In stock"},"schema":{"@context":"https:\/\/schema.org","@graph":[{"@type":["Organization","Place","WholesaleStore"],"@id":"https:\/\/hotelli03.domainhotelli.fi\/~lsdoecli\/#organization","name":"JV Tuonti Oy","url":"https:\/\/hotelli03.domainhotelli.fi\/~lsdoecli\/","sameAs":["https:\/\/instagram.com\/jvtuontioy?utm_medium=copy_link","https:\/\/www.facebook.com\/JVTuontiOy"],"logo":{"@id":"https:\/\/hotelli03.domainhotelli.fi\/~lsdoecli\/tuote\/sukelluslamppu-trustfire-df50-6500-lumen\/#local-main-organization-logo"},"image":{"@id":"https:\/\/hotelli03.domainhotelli.fi\/~lsdoecli\/tuote\/sukelluslamppu-trustfire-df50-6500-lumen\/#local-main-organization-logo"},"address":{"@id":"https:\/\/hotelli03.domainhotelli.fi\/~lsdoecli\/tuote\/sukelluslamppu-trustfire-df50-6500-lumen\/#local-main-place-address"},"geo":{"@type":"GeoCoordinates","latitude":"60.28431","longitude":"24.81654"},"telephone":["0408369980"],"openingHoursSpecification":[{"@type":"OpeningHoursSpecification","dayOfWeek":["Monday","Tuesday","Wednesday","Thursday","Friday"],"opens":"08:00","closes":"16:00"},{"@type":"OpeningHoursSpecification","dayOfWeek":["Saturday","Sunday"],"opens":"00:00","closes":"00:00"}],"email":"myynti@hotelli03.domainhotelli.fi","areaServed":"Suomi, Ruotsi","vatID":"FI30178387","priceRange":"$$","currenciesAccepted":"\u20ac","paymentAccepted":"Lasku, pankkikortti"},{"@type":"WebSite","@id":"https:\/\/hotelli03.domainhotelli.fi\/~lsdoecli\/#website","url":"https:\/\/hotelli03.domainhotelli.fi\/~lsdoecli\/","name":"JV Tuonti","description":"JV Tuonti Oy:n verkkokauppa","publisher":{"@id":"https:\/\/hotelli03.domainhotelli.fi\/~lsdoecli\/#organization"},"potentialAction":[{"@type":"SearchAction","target":{"@type":"EntryPoint","urlTemplate":"https:\/\/hotelli03.domainhotelli.fi\/~lsdoecli\/?s={search_term_string}"},"query-input":"required name=search_term_string"}],"inLanguage":"fi"},{"@type":"ImageObject","inLanguage":"fi","@id":"https:\/\/hotelli03.domainhotelli.fi\/~lsdoecli\/tuote\/sukelluslamppu-trustfire-df50-6500-lumen\/#primaryimage","url":"https:\/\/hotelli03.domainhotelli.fi\/~lsdoecli\/wp-content\/uploads\/2021\/09\/Sukelluslamppu-TrustFire-DF50-6500-lumen-4.jpg","contentUrl":"https:\/\/hotelli03.domainhotelli.fi\/~lsdoecli\/wp-content\/uploads\/2021\/09\/Sukelluslamppu-TrustFire-DF50-6500-lumen-4.jpg","width":1000,"height":1000,"caption":"Sukelluslamppu TrustFire DF50 6500 lumen"},{"@type":"WebPage","@id":"https:\/\/hotelli03.domainhotelli.fi\/~lsdoecli\/tuote\/sukelluslamppu-trustfire-df50-6500-lumen\/","url":"https:\/\/hotelli03.domainhotelli.fi\/~lsdoecli\/tuote\/sukelluslamppu-trustfire-df50-6500-lumen\/","name":"Sukelluslamppu TrustFire DF50 valoteho 6500 lumenen | JV Tuonti","isPartOf":{"@id":"https:\/\/hotelli03.domainhotelli.fi\/~lsdoecli\/#website"},"primaryImageOfPage":{"@id":"https:\/\/hotelli03.domainhotelli.fi\/~lsdoecli\/tuote\/sukelluslamppu-trustfire-df50-6500-lumen\/#primaryimage"},"datePublished":"2021-09-01T09:30:49+00:00","dateModified":"2021-12-06T06:35:45+00:00","description":"Sukelluslamppu TrustFire DF50 6500\u00a0lumen on eritt\u00e4in tehokas\u00a0vedenalaiseen valokuvaukseen suunniteltu huippuluokan sukellusvalo.","breadcrumb":{"@id":"https:\/\/hotelli03.domainhotelli.fi\/~lsdoecli\/tuote\/sukelluslamppu-trustfire-df50-6500-lumen\/#breadcrumb"},"inLanguage":"fi","potentialAction":[{"@type":"ReadAction","target":["https:\/\/hotelli03.domainhotelli.fi\/~lsdoecli\/tuote\/sukelluslamppu-trustfire-df50-6500-lumen\/"]}]},{"@type":"BreadcrumbList","@id":"https:\/\/hotelli03.domainhotelli.fi\/~lsdoecli\/tuote\/sukelluslamppu-trustfire-df50-6500-lumen\/#breadcrumb","itemListElement":[{"@type":"ListItem","position":1,"name":"Etusivu","item":"https:\/\/hotelli03.domainhotelli.fi\/~lsdoecli\/"},{"@type":"ListItem","position":2,"name":"Kauppa","item":"https:\/\/hotelli03.domainhotelli.fi\/~lsdoecli\/kauppa\/"},{"@type":"ListItem","position":3,"name":"Sukelluslamppu TrustFire DF50 valoteho 6500 lumenen"}]},{"@type":"PostalAddress","@id":"https:\/\/hotelli03.domainhotelli.fi\/~lsdoecli\/tuote\/sukelluslamppu-trustfire-df50-6500-lumen\/#local-main-place-address","streetAddress":"Pyymosantie 5a","addressLocality":"Vantaa","postalCode":"01720","addressCountry":"FI"},{"@type":"ImageObject","inLanguage":"fi","@id":"https:\/\/hotelli03.domainhotelli.fi\/~lsdoecli\/tuote\/sukelluslamppu-trustfire-df50-6500-lumen\/#local-main-organization-logo","url":"https:\/\/hotelli03.domainhotelli.fi\/~lsdoecli\/wp-content\/uploads\/2021\/08\/JVTuonti_logo_nelio.jpg","contentUrl":"https:\/\/hotelli03.domainhotelli.fi\/~lsdoecli\/wp-content\/uploads\/2021\/08\/JVTuonti_logo_nelio.jpg","width":550,"height":550,"caption":"JV Tuonti Oy"}]},"product_brand":"Trustfire","product_price_amount":"240.56","product_price_currency":"EUR","og_availability":"instock","product_availability":"instock","product_retailer_item_id":"TFDF50","product_condition":"new","geo.placename":"Vantaa","geo.position":{"lat":"60.28431","long":"24.81654"},"geo.region":"Suomi"},"_links":{"self":[{"href":"https:\/\/hotelli03.domainhotelli.fi\/~lsdoecli\/wp-json\/wp\/v2\/product\/5900"}],"collection":[{"href":"https:\/\/hotelli03.domainhotelli.fi\/~lsdoecli\/wp-json\/wp\/v2\/product"}],"about":[{"href":"https:\/\/hotelli03.domainhotelli.fi\/~lsdoecli\/wp-json\/wp\/v2\/types\/product"}],"replies":[{"embeddable":true,"href":"https:\/\/hotelli03.domainhotelli.fi\/~lsdoecli\/wp-json\/wp\/v2\/comments?post=5900"}],"wp:featuredmedia":[{"embeddable":true,"href":"https:\/\/hotelli03.domainhotelli.fi\/~lsdoecli\/wp-json\/wp\/v2\/media\/5908"}],"wp:attachment":[{"href":"https:\/\/hotelli03.domainhotelli.fi\/~lsdoecli\/wp-json\/wp\/v2\/media?parent=5900"}],"wp:term":[{"taxonomy":"product_cat","embeddable":true,"href":"https:\/\/hotelli03.domainhotelli.fi\/~lsdoecli\/wp-json\/wp\/v2\/product_cat?post=5900"},{"taxonomy":"product_tag","embeddable":true,"href":"https:\/\/hotelli03.domainhotelli.fi\/~lsdoecli\/wp-json\/wp\/v2\/product_tag?post=5900"}],"curies":[{"name":"wp","href":"https:\/\/api.w.org\/{rel}","templated":true}]}}