{"id":5802,"date":"2021-08-25T13:09:41","date_gmt":"2021-08-25T13:09:41","guid":{"rendered":"https:\/\/hotelli03.domainhotelli.fi\/~lsdoecli\/?post_type=product&#038;p=5802"},"modified":"2022-06-09T10:32:39","modified_gmt":"2022-06-09T10:32:39","slug":"vibro-pb-f-regufoam-tarinaa-vaimentava-seinakiinnike-kelluvat-kipsilevyseinat","status":"publish","type":"product","link":"https:\/\/hotelli03.domainhotelli.fi\/~lsdoecli\/tuote\/vibro-pb-f-regufoam-tarinaa-vaimentava-seinakiinnike-kelluvat-kipsilevyseinat\/","title":{"rendered":"Vibro-PB.F Regufoam\u00ae t\u00e4rin\u00e4\u00e4 vaimentava sein\u00e4kiinnike kelluva kipsilevysein\u00e4"},"content":{"rendered":"<h1><strong>Vibro-PB.F Regufoam\u00ae t\u00e4rin\u00e4\u00e4 vaimentava sein\u00e4kiinnike kelluva kipsilevysein\u00e4\u00a0<\/strong><\/h1>\n<p>Vibro-PB.F\u00a0Regufoam\u00ae t\u00e4rin\u00e4\u00e4\u00a0vaimentava sein\u00e4kiinnikke k\u00e4ytet\u00e4\u00e4n t\u00e4rin\u00e4nvaimentimina sein\u00e4rakenteissa, joissa v\u00e4lisein\u00e4 asennetaan kelluvan lattian p\u00e4\u00e4lle (niin sanottu huone huoneessa rakenne).<\/p>\n<ul>\n<li>Huone huoneessa termi tarkoittaa, ett\u00e4 kaikki huoneen sis\u00e4puolen rakenteet kannatetaan kelluvan lattian p\u00e4\u00e4lt\u00e4.<\/li>\n<li>T\u00e4rin\u00e4nvaimentimen k\u00e4ytt\u00f6\u00e4 suositellaan erityisesti korkeille seinille, jotka on rakennettu kelluvan lattian tai \u00e4\u00e4nieristetyn lattian p\u00e4\u00e4lle.<\/li>\n<li>T\u00e4rin\u00e4\u00e4 vaimentava sein\u00e4kiinnike lis\u00e4\u00e4 sein\u00e4n j\u00e4ykkyytt\u00e4 ja parantaa sein\u00e4n \u00e4\u00e4nenerist\u00e4vyytt\u00e4.<\/li>\n<li>T\u00e4rin\u00e4nvaimennin est\u00e4\u00e4 \u00e4\u00e4nisiltojen muodostumisen kahden sein\u00e4rakenteiden v\u00e4liss\u00e4 ja est\u00e4\u00e4 runkomelun ja t\u00e4rin\u00e4n siirtymisen rakenteesta toiseen.<\/li>\n<li>T\u00e4rin\u00e4\u00e4 vaimentavan sein\u00e4ripustimen runko on valmistettu kest\u00e4v\u00e4st\u00e4 kaksisosaisesta vahvistetusta ja kest\u00e4v\u00e4st\u00e4 metallista. Sen keskiosassa oleva t\u00e4rin\u00e4nvaimennin kumi on Saksalaisen BSW Regupolin valmistama ja se on valmistettu puoliksi suljetusta polyuretaanivaahdosta (Regufoam<strong>\u00ae<\/strong>).<\/li>\n<li>Regufoam elementti est\u00e4\u00e4 t\u00e4rin\u00e4n siirtymist\u00e4 ja parantaa sein\u00e4rakenteen \u00e4\u00e4nenerist\u00e4vyytt\u00e4.<\/li>\n<li>T\u00e4rin\u00e4vaimennin kest\u00e4\u00e4 paloa ja t\u00f6rm\u00e4yst\u00e4.<\/li>\n<li>Ripustimen pohjassa on soikeat rei\u00e4t kiinnitt\u00e4misen helpottamiseksi.<\/li>\n<\/ul>\n<h2>Vibro-PB.F Regufoam\u00ae t\u00e4rin\u00e4\u00e4\u00a0vaimentavan sein\u00e4kiinnikkeen k\u00e4ytt\u00f6<\/h2>\n<ul>\n<li>T\u00e4rin\u00e4\u00e4 vaimentava sein\u00e4kiinnike on tarkoitettu ensisijaisesti v\u00e4lisein\u00e4rakenteisiin, jotka rakennetaan kelluvan lattian p\u00e4\u00e4lt\u00e4 ja ovat irti rakennuksen rungosta.<\/li>\n<li>Ripustinta \u00a0voi k\u00e4ytt\u00e4\u00e4 my\u00f6s\u00a0t\u00e4rin\u00e4n vaimentimena\u00a0putkien, ilmanvaihtokanavien tai muiden kevyiden koneiden vaakasuorien asennuksien kohdalla.<\/li>\n<li>T\u00e4rin\u00e4neristin kiinnitet\u00e4\u00e4n kipsilevysein\u00e4n metallirankaan ohutlevyruuvilla tai itseporautuvilla ruuveilla.<\/li>\n<\/ul>\n<h3>Vibro-PB.F t\u00e4rin\u00e4\u00e4 vaimentava\u00a0sein\u00e4kiinnikke tuotetiedot<\/h3>\n<ul>\n<li>Valmistaja: <a href=\"https:\/\/antivibration-systems.com\">ALPHA ACOUSTIKI Ltd<\/a><\/li>\n<li>Malli: Vibro PB.F<\/li>\n<li>Pakkauskoko: myyd\u00e4\u00e4n yksitt\u00e4in projektin mukaisesti<\/li>\n<li>Tukkupakkaus: 60 kpl<\/li>\n<li>Materiaali: vahvistettu metalli runko ja Regufoam<strong>\u00ae<\/strong>)<\/li>\n<\/ul>\n<p><strong>Tuotevaihtoehdot<\/strong><\/p>\n<table style=\"height: 137px;\" border=\"0\" width=\"553\" cellspacing=\"0\" cellpadding=\"0\">\n<colgroup>\n<col width=\"132\" \/>\n<col width=\"87\" \/>\n<col width=\"147\" \/><\/colgroup>\n<tbody>\n<tr>\n<td width=\"132\" height=\"21\">Malli<\/td>\n<td width=\"87\">V\u00e4ri<\/td>\n<td width=\"147\">Maks. kuorma (dAN)<\/td>\n<\/tr>\n<tr>\n<td height=\"21\">Vibro-PF.B 10<\/td>\n<td>Musta<\/td>\n<td align=\"right\">10<\/td>\n<\/tr>\n<tr>\n<td height=\"21\">Vibro-PF.B 20<\/td>\n<td>Harmaa<\/td>\n<td align=\"right\">20<\/td>\n<\/tr>\n<tr>\n<td height=\"21\">Vibro-PB.F<\/td>\n<td>Beige<\/td>\n<td align=\"right\">40<\/td>\n<\/tr>\n<\/tbody>\n<\/table>\n<p><strong>Dynaamiset ominaisuudet:<\/strong><\/p>\n<p>Luonnollinen taajuus (maksimikuormalla):<br \/>\n&#8211; 14 Hz (Regufoam\u00ae paksuus 12,5 mm)<br \/>\n&#8211; 10 Hz (Regufoam\u00ae mm paksuus 25 mm)<\/p>\n<p>&nbsp;<\/p>\n<p><a href=\"https:\/\/hotelli03.domainhotelli.fi\/~lsdoecli\/tuote-osasto\/akustiikka\/\">Katso my\u00f6s muut t\u00e4rin\u00e4neristys tuotteet t\u00e4st\u00e4!<\/a><\/p>\n<p>&nbsp;<\/p>\n","protected":false},"excerpt":{"rendered":"<ul>\n<li>Vibro-PB.\u00a0Regufoam\u00ae t\u00e4rin\u00e4\u00e4 vaimentava sein\u00e4kiinnike<\/li>\n<li>\u00a0k\u00e4ytet\u00e4\u00e4n t\u00e4rin\u00e4nvaimentimina kelluvissa kipsilevysein\u00e4rakenteissa, jossa sein\u00e4t asennetaan kelluvaan lattiaan.<\/li>\n<li>suositellaan korkeille seinille<\/li>\n<li>lis\u00e4\u00e4 sein\u00e4n dynaamista j\u00e4ykkyytt\u00e4, rakenteen seismist\u00e4 suojaa ja sein\u00e4n \u00e4\u00e4neneristyst\u00e4vyytt\u00e4<\/li>\n<\/ul>\n<p>&nbsp;<\/p>\n<table class=\"tg\">\n<thead>\n<tr>\n<th class=\"tg-amwm\">TYYPPI<\/th>\n<th class=\"tg-amwm\">V\u00c4RI KOODI<\/th>\n<th class=\"tg-amwm\">MAX AXIAL RESTRAINT (daN)<\/th>\n<\/tr>\n<\/thead>\n<tbody>\n<tr>\n<td class=\"tg-baqh\">Vibro-PB.F 10<\/td>\n<td class=\"tg-baqh\">Black<\/td>\n<td class=\"tg-baqh\">10<\/td>\n<\/tr>\n<tr>\n<td class=\"tg-baqh\">Vibro-PB.F 20<\/td>\n<td class=\"tg-baqh\">Grey<\/td>\n<td class=\"tg-baqh\">20<\/td>\n<\/tr>\n<tr>\n<td class=\"tg-baqh\">Vibro-PB.F 40<\/td>\n<td class=\"tg-baqh\">Beige<\/td>\n<td class=\"tg-baqh\">40<\/td>\n<\/tr>\n<\/tbody>\n<\/table>\n","protected":false},"featured_media":5803,"comment_status":"open","ping_status":"closed","template":"","meta":[],"product_cat":[832],"product_tag":[],"yoast_head":"<!-- This site is optimized with the Yoast SEO Premium plugin v18.9 (Yoast SEO v19.3) - https:\/\/yoast.com\/wordpress\/plugins\/seo\/ -->\n<title>Vibro-PB.F t\u00e4rin\u00e4\u00e4 vaimentava sein\u00e4kiinnike kelluvat kipsilevysein\u00e4t<\/title>\n<meta name=\"description\" content=\"Vibro-PB.F Regufoam\u00ae t\u00e4rin\u00e4\u00e4 vaimentava sein\u00e4kiinnike kipsilevysein\u00e4lle kelluvan lattiarakenteen yhteydess\u00e4. Tilaa t\u00e4rin\u00e4invaimennin t\u00e4st\u00e4.\" \/>\n<meta name=\"robots\" content=\"index, follow, max-snippet:-1, max-image-preview:large, max-video-preview:-1\" \/>\n<link rel=\"canonical\" href=\"https:\/\/hotelli03.domainhotelli.fi\/~lsdoecli\/tuote\/vibro-pb-f-regufoam-tarinaa-vaimentava-seinakiinnike-kelluvat-kipsilevyseinat\/\" \/>\n<meta property=\"og:locale\" content=\"fi_FI\" \/>\n<meta property=\"og:type\" content=\"article\" \/>\n<meta property=\"og:title\" content=\"Vibro-PB.F Regufoam\u00ae t\u00e4rin\u00e4\u00e4 vaimentava sein\u00e4kiinnike kelluva kipsilevysein\u00e4\" \/>\n<meta property=\"og:description\" content=\"Vibro-PB.F Regufoam\u00ae t\u00e4rin\u00e4\u00e4 vaimentava sein\u00e4kiinnike kipsilevysein\u00e4lle kelluvan lattiarakenteen yhteydess\u00e4. Tilaa t\u00e4rin\u00e4invaimennin t\u00e4st\u00e4.\" \/>\n<meta property=\"og:url\" content=\"https:\/\/hotelli03.domainhotelli.fi\/~lsdoecli\/tuote\/vibro-pb-f-regufoam-tarinaa-vaimentava-seinakiinnike-kelluvat-kipsilevyseinat\/\" \/>\n<meta property=\"og:site_name\" content=\"JV Tuonti\" \/>\n<meta property=\"article:publisher\" content=\"https:\/\/www.facebook.com\/JVTuontiOy\" \/>\n<meta property=\"article:modified_time\" content=\"2022-06-09T10:32:39+00:00\" \/>\n<meta property=\"og:image\" content=\"https:\/\/hotelli03.domainhotelli.fi\/~lsdoecli\/wp-content\/uploads\/2021\/08\/Regufoam\u00ae-Tarinanvaimentimet-kelluville-kipsilevyjarjestelmille-Vibro-PB-F.jpg\" \/>\n\t<meta property=\"og:image:width\" content=\"1280\" \/>\n\t<meta property=\"og:image:height\" content=\"1024\" \/>\n\t<meta property=\"og:image:type\" content=\"image\/jpeg\" \/>\n<meta name=\"twitter:card\" content=\"summary_large_image\" \/>\n<meta name=\"twitter:label1\" content=\"Availability\" \/>\n\t<meta name=\"twitter:data1\" content=\"In stock\" \/>\n<script type=\"application\/ld+json\" class=\"yoast-schema-graph\">{\"@context\":\"https:\/\/schema.org\",\"@graph\":[{\"@type\":[\"Organization\",\"Place\",\"WholesaleStore\"],\"@id\":\"https:\/\/hotelli03.domainhotelli.fi\/~lsdoecli\/#organization\",\"name\":\"JV Tuonti Oy\",\"url\":\"https:\/\/hotelli03.domainhotelli.fi\/~lsdoecli\/\",\"sameAs\":[\"https:\/\/instagram.com\/jvtuontioy?utm_medium=copy_link\",\"https:\/\/www.facebook.com\/JVTuontiOy\"],\"logo\":{\"@id\":\"https:\/\/hotelli03.domainhotelli.fi\/~lsdoecli\/tuote\/vibro-pb-f-regufoam-tarinaa-vaimentava-seinakiinnike-kelluvat-kipsilevyseinat\/#local-main-organization-logo\"},\"image\":{\"@id\":\"https:\/\/hotelli03.domainhotelli.fi\/~lsdoecli\/tuote\/vibro-pb-f-regufoam-tarinaa-vaimentava-seinakiinnike-kelluvat-kipsilevyseinat\/#local-main-organization-logo\"},\"address\":{\"@id\":\"https:\/\/hotelli03.domainhotelli.fi\/~lsdoecli\/tuote\/vibro-pb-f-regufoam-tarinaa-vaimentava-seinakiinnike-kelluvat-kipsilevyseinat\/#local-main-place-address\"},\"geo\":{\"@type\":\"GeoCoordinates\",\"latitude\":\"60.28431\",\"longitude\":\"24.81654\"},\"telephone\":[\"0408369980\"],\"openingHoursSpecification\":[{\"@type\":\"OpeningHoursSpecification\",\"dayOfWeek\":[\"Monday\",\"Tuesday\",\"Wednesday\",\"Thursday\",\"Friday\"],\"opens\":\"08:00\",\"closes\":\"16:00\"},{\"@type\":\"OpeningHoursSpecification\",\"dayOfWeek\":[\"Saturday\",\"Sunday\"],\"opens\":\"00:00\",\"closes\":\"00:00\"}],\"email\":\"myynti@hotelli03.domainhotelli.fi\",\"areaServed\":\"Suomi, Ruotsi\",\"vatID\":\"FI30178387\",\"priceRange\":\"$$\",\"currenciesAccepted\":\"\u20ac\",\"paymentAccepted\":\"Lasku, pankkikortti\"},{\"@type\":\"WebSite\",\"@id\":\"https:\/\/hotelli03.domainhotelli.fi\/~lsdoecli\/#website\",\"url\":\"https:\/\/hotelli03.domainhotelli.fi\/~lsdoecli\/\",\"name\":\"JV Tuonti\",\"description\":\"JV Tuonti Oy:n verkkokauppa\",\"publisher\":{\"@id\":\"https:\/\/hotelli03.domainhotelli.fi\/~lsdoecli\/#organization\"},\"potentialAction\":[{\"@type\":\"SearchAction\",\"target\":{\"@type\":\"EntryPoint\",\"urlTemplate\":\"https:\/\/hotelli03.domainhotelli.fi\/~lsdoecli\/?s={search_term_string}\"},\"query-input\":\"required name=search_term_string\"}],\"inLanguage\":\"fi\"},{\"@type\":\"ImageObject\",\"inLanguage\":\"fi\",\"@id\":\"https:\/\/hotelli03.domainhotelli.fi\/~lsdoecli\/tuote\/vibro-pb-f-regufoam-tarinaa-vaimentava-seinakiinnike-kelluvat-kipsilevyseinat\/#primaryimage\",\"url\":\"https:\/\/hotelli03.domainhotelli.fi\/~lsdoecli\/wp-content\/uploads\/2021\/08\/Regufoam\u00ae-Tarinanvaimentimet-kelluville-kipsilevyjarjestelmille-Vibro-PB-F.jpg\",\"contentUrl\":\"https:\/\/hotelli03.domainhotelli.fi\/~lsdoecli\/wp-content\/uploads\/2021\/08\/Regufoam\u00ae-Tarinanvaimentimet-kelluville-kipsilevyjarjestelmille-Vibro-PB-F.jpg\",\"width\":1280,\"height\":1024,\"caption\":\"Vibro-PB.F Regufoam\u00ae t\u00e4rin\u00e4\u00e4 vaimentava sein\u00e4kiinnike kelluville kipsilevyseinille\"},{\"@type\":\"WebPage\",\"@id\":\"https:\/\/hotelli03.domainhotelli.fi\/~lsdoecli\/tuote\/vibro-pb-f-regufoam-tarinaa-vaimentava-seinakiinnike-kelluvat-kipsilevyseinat\/\",\"url\":\"https:\/\/hotelli03.domainhotelli.fi\/~lsdoecli\/tuote\/vibro-pb-f-regufoam-tarinaa-vaimentava-seinakiinnike-kelluvat-kipsilevyseinat\/\",\"name\":\"Vibro-PB.F t\u00e4rin\u00e4\u00e4 vaimentava sein\u00e4kiinnike kelluvat kipsilevysein\u00e4t\",\"isPartOf\":{\"@id\":\"https:\/\/hotelli03.domainhotelli.fi\/~lsdoecli\/#website\"},\"primaryImageOfPage\":{\"@id\":\"https:\/\/hotelli03.domainhotelli.fi\/~lsdoecli\/tuote\/vibro-pb-f-regufoam-tarinaa-vaimentava-seinakiinnike-kelluvat-kipsilevyseinat\/#primaryimage\"},\"datePublished\":\"2021-08-25T13:09:41+00:00\",\"dateModified\":\"2022-06-09T10:32:39+00:00\",\"description\":\"Vibro-PB.F Regufoam\u00ae t\u00e4rin\u00e4\u00e4 vaimentava sein\u00e4kiinnike kipsilevysein\u00e4lle kelluvan lattiarakenteen yhteydess\u00e4. Tilaa t\u00e4rin\u00e4invaimennin t\u00e4st\u00e4.\",\"breadcrumb\":{\"@id\":\"https:\/\/hotelli03.domainhotelli.fi\/~lsdoecli\/tuote\/vibro-pb-f-regufoam-tarinaa-vaimentava-seinakiinnike-kelluvat-kipsilevyseinat\/#breadcrumb\"},\"inLanguage\":\"fi\",\"potentialAction\":[{\"@type\":\"ReadAction\",\"target\":[\"https:\/\/hotelli03.domainhotelli.fi\/~lsdoecli\/tuote\/vibro-pb-f-regufoam-tarinaa-vaimentava-seinakiinnike-kelluvat-kipsilevyseinat\/\"]}]},{\"@type\":\"BreadcrumbList\",\"@id\":\"https:\/\/hotelli03.domainhotelli.fi\/~lsdoecli\/tuote\/vibro-pb-f-regufoam-tarinaa-vaimentava-seinakiinnike-kelluvat-kipsilevyseinat\/#breadcrumb\",\"itemListElement\":[{\"@type\":\"ListItem\",\"position\":1,\"name\":\"Etusivu\",\"item\":\"https:\/\/hotelli03.domainhotelli.fi\/~lsdoecli\/\"},{\"@type\":\"ListItem\",\"position\":2,\"name\":\"Kauppa\",\"item\":\"https:\/\/hotelli03.domainhotelli.fi\/~lsdoecli\/kauppa\/\"},{\"@type\":\"ListItem\",\"position\":3,\"name\":\"Vibro-PB.F Regufoam\u00ae t\u00e4rin\u00e4\u00e4 vaimentava sein\u00e4kiinnike kelluva kipsilevysein\u00e4\"}]},{\"@type\":\"PostalAddress\",\"@id\":\"https:\/\/hotelli03.domainhotelli.fi\/~lsdoecli\/tuote\/vibro-pb-f-regufoam-tarinaa-vaimentava-seinakiinnike-kelluvat-kipsilevyseinat\/#local-main-place-address\",\"streetAddress\":\"Pyymosantie 5a\",\"addressLocality\":\"Vantaa\",\"postalCode\":\"01720\",\"addressCountry\":\"FI\"},{\"@type\":\"ImageObject\",\"inLanguage\":\"fi\",\"@id\":\"https:\/\/hotelli03.domainhotelli.fi\/~lsdoecli\/tuote\/vibro-pb-f-regufoam-tarinaa-vaimentava-seinakiinnike-kelluvat-kipsilevyseinat\/#local-main-organization-logo\",\"url\":\"https:\/\/hotelli03.domainhotelli.fi\/~lsdoecli\/wp-content\/uploads\/2021\/08\/JVTuonti_logo_nelio.jpg\",\"contentUrl\":\"https:\/\/hotelli03.domainhotelli.fi\/~lsdoecli\/wp-content\/uploads\/2021\/08\/JVTuonti_logo_nelio.jpg\",\"width\":550,\"height\":550,\"caption\":\"JV Tuonti Oy\"}]}<\/script>\n<meta property=\"og:availability\" content=\"instock\" \/>\n<meta property=\"product:availability\" content=\"instock\" \/>\n<meta property=\"product:retailer_item_id\" content=\"Vibro-PB.F\" \/>\n<meta property=\"product:condition\" content=\"new\" \/>\n<meta name=\"geo.placename\" content=\"Vantaa\" \/>\n<meta name=\"geo.position\" content=\"60.28431;24.81654\" \/>\n<meta name=\"geo.region\" content=\"Suomi\" \/>\n<!-- \/ Yoast SEO Premium plugin. -->","yoast_head_json":{"title":"Vibro-PB.F t\u00e4rin\u00e4\u00e4 vaimentava sein\u00e4kiinnike kelluvat kipsilevysein\u00e4t","description":"Vibro-PB.F Regufoam\u00ae t\u00e4rin\u00e4\u00e4 vaimentava sein\u00e4kiinnike kipsilevysein\u00e4lle kelluvan lattiarakenteen yhteydess\u00e4. Tilaa t\u00e4rin\u00e4invaimennin t\u00e4st\u00e4.","robots":{"index":"index","follow":"follow","max-snippet":"max-snippet:-1","max-image-preview":"max-image-preview:large","max-video-preview":"max-video-preview:-1"},"canonical":"https:\/\/hotelli03.domainhotelli.fi\/~lsdoecli\/tuote\/vibro-pb-f-regufoam-tarinaa-vaimentava-seinakiinnike-kelluvat-kipsilevyseinat\/","og_locale":"fi_FI","og_type":"article","og_title":"Vibro-PB.F Regufoam\u00ae t\u00e4rin\u00e4\u00e4 vaimentava sein\u00e4kiinnike kelluva kipsilevysein\u00e4","og_description":"Vibro-PB.F Regufoam\u00ae t\u00e4rin\u00e4\u00e4 vaimentava sein\u00e4kiinnike kipsilevysein\u00e4lle kelluvan lattiarakenteen yhteydess\u00e4. Tilaa t\u00e4rin\u00e4invaimennin t\u00e4st\u00e4.","og_url":"https:\/\/hotelli03.domainhotelli.fi\/~lsdoecli\/tuote\/vibro-pb-f-regufoam-tarinaa-vaimentava-seinakiinnike-kelluvat-kipsilevyseinat\/","og_site_name":"JV Tuonti","article_publisher":"https:\/\/www.facebook.com\/JVTuontiOy","article_modified_time":"2022-06-09T10:32:39+00:00","og_image":[{"width":1280,"height":1024,"url":"https:\/\/hotelli03.domainhotelli.fi\/~lsdoecli\/wp-content\/uploads\/2021\/08\/Regufoam\u00ae-Tarinanvaimentimet-kelluville-kipsilevyjarjestelmille-Vibro-PB-F.jpg","type":"image\/jpeg"}],"twitter_card":"summary_large_image","twitter_misc":{"Availability":"In stock"},"schema":{"@context":"https:\/\/schema.org","@graph":[{"@type":["Organization","Place","WholesaleStore"],"@id":"https:\/\/hotelli03.domainhotelli.fi\/~lsdoecli\/#organization","name":"JV Tuonti Oy","url":"https:\/\/hotelli03.domainhotelli.fi\/~lsdoecli\/","sameAs":["https:\/\/instagram.com\/jvtuontioy?utm_medium=copy_link","https:\/\/www.facebook.com\/JVTuontiOy"],"logo":{"@id":"https:\/\/hotelli03.domainhotelli.fi\/~lsdoecli\/tuote\/vibro-pb-f-regufoam-tarinaa-vaimentava-seinakiinnike-kelluvat-kipsilevyseinat\/#local-main-organization-logo"},"image":{"@id":"https:\/\/hotelli03.domainhotelli.fi\/~lsdoecli\/tuote\/vibro-pb-f-regufoam-tarinaa-vaimentava-seinakiinnike-kelluvat-kipsilevyseinat\/#local-main-organization-logo"},"address":{"@id":"https:\/\/hotelli03.domainhotelli.fi\/~lsdoecli\/tuote\/vibro-pb-f-regufoam-tarinaa-vaimentava-seinakiinnike-kelluvat-kipsilevyseinat\/#local-main-place-address"},"geo":{"@type":"GeoCoordinates","latitude":"60.28431","longitude":"24.81654"},"telephone":["0408369980"],"openingHoursSpecification":[{"@type":"OpeningHoursSpecification","dayOfWeek":["Monday","Tuesday","Wednesday","Thursday","Friday"],"opens":"08:00","closes":"16:00"},{"@type":"OpeningHoursSpecification","dayOfWeek":["Saturday","Sunday"],"opens":"00:00","closes":"00:00"}],"email":"myynti@hotelli03.domainhotelli.fi","areaServed":"Suomi, Ruotsi","vatID":"FI30178387","priceRange":"$$","currenciesAccepted":"\u20ac","paymentAccepted":"Lasku, pankkikortti"},{"@type":"WebSite","@id":"https:\/\/hotelli03.domainhotelli.fi\/~lsdoecli\/#website","url":"https:\/\/hotelli03.domainhotelli.fi\/~lsdoecli\/","name":"JV Tuonti","description":"JV Tuonti Oy:n verkkokauppa","publisher":{"@id":"https:\/\/hotelli03.domainhotelli.fi\/~lsdoecli\/#organization"},"potentialAction":[{"@type":"SearchAction","target":{"@type":"EntryPoint","urlTemplate":"https:\/\/hotelli03.domainhotelli.fi\/~lsdoecli\/?s={search_term_string}"},"query-input":"required name=search_term_string"}],"inLanguage":"fi"},{"@type":"ImageObject","inLanguage":"fi","@id":"https:\/\/hotelli03.domainhotelli.fi\/~lsdoecli\/tuote\/vibro-pb-f-regufoam-tarinaa-vaimentava-seinakiinnike-kelluvat-kipsilevyseinat\/#primaryimage","url":"https:\/\/hotelli03.domainhotelli.fi\/~lsdoecli\/wp-content\/uploads\/2021\/08\/Regufoam\u00ae-Tarinanvaimentimet-kelluville-kipsilevyjarjestelmille-Vibro-PB-F.jpg","contentUrl":"https:\/\/hotelli03.domainhotelli.fi\/~lsdoecli\/wp-content\/uploads\/2021\/08\/Regufoam\u00ae-Tarinanvaimentimet-kelluville-kipsilevyjarjestelmille-Vibro-PB-F.jpg","width":1280,"height":1024,"caption":"Vibro-PB.F Regufoam\u00ae t\u00e4rin\u00e4\u00e4 vaimentava sein\u00e4kiinnike kelluville kipsilevyseinille"},{"@type":"WebPage","@id":"https:\/\/hotelli03.domainhotelli.fi\/~lsdoecli\/tuote\/vibro-pb-f-regufoam-tarinaa-vaimentava-seinakiinnike-kelluvat-kipsilevyseinat\/","url":"https:\/\/hotelli03.domainhotelli.fi\/~lsdoecli\/tuote\/vibro-pb-f-regufoam-tarinaa-vaimentava-seinakiinnike-kelluvat-kipsilevyseinat\/","name":"Vibro-PB.F t\u00e4rin\u00e4\u00e4 vaimentava sein\u00e4kiinnike kelluvat kipsilevysein\u00e4t","isPartOf":{"@id":"https:\/\/hotelli03.domainhotelli.fi\/~lsdoecli\/#website"},"primaryImageOfPage":{"@id":"https:\/\/hotelli03.domainhotelli.fi\/~lsdoecli\/tuote\/vibro-pb-f-regufoam-tarinaa-vaimentava-seinakiinnike-kelluvat-kipsilevyseinat\/#primaryimage"},"datePublished":"2021-08-25T13:09:41+00:00","dateModified":"2022-06-09T10:32:39+00:00","description":"Vibro-PB.F Regufoam\u00ae t\u00e4rin\u00e4\u00e4 vaimentava sein\u00e4kiinnike kipsilevysein\u00e4lle kelluvan lattiarakenteen yhteydess\u00e4. Tilaa t\u00e4rin\u00e4invaimennin t\u00e4st\u00e4.","breadcrumb":{"@id":"https:\/\/hotelli03.domainhotelli.fi\/~lsdoecli\/tuote\/vibro-pb-f-regufoam-tarinaa-vaimentava-seinakiinnike-kelluvat-kipsilevyseinat\/#breadcrumb"},"inLanguage":"fi","potentialAction":[{"@type":"ReadAction","target":["https:\/\/hotelli03.domainhotelli.fi\/~lsdoecli\/tuote\/vibro-pb-f-regufoam-tarinaa-vaimentava-seinakiinnike-kelluvat-kipsilevyseinat\/"]}]},{"@type":"BreadcrumbList","@id":"https:\/\/hotelli03.domainhotelli.fi\/~lsdoecli\/tuote\/vibro-pb-f-regufoam-tarinaa-vaimentava-seinakiinnike-kelluvat-kipsilevyseinat\/#breadcrumb","itemListElement":[{"@type":"ListItem","position":1,"name":"Etusivu","item":"https:\/\/hotelli03.domainhotelli.fi\/~lsdoecli\/"},{"@type":"ListItem","position":2,"name":"Kauppa","item":"https:\/\/hotelli03.domainhotelli.fi\/~lsdoecli\/kauppa\/"},{"@type":"ListItem","position":3,"name":"Vibro-PB.F Regufoam\u00ae t\u00e4rin\u00e4\u00e4 vaimentava sein\u00e4kiinnike kelluva kipsilevysein\u00e4"}]},{"@type":"PostalAddress","@id":"https:\/\/hotelli03.domainhotelli.fi\/~lsdoecli\/tuote\/vibro-pb-f-regufoam-tarinaa-vaimentava-seinakiinnike-kelluvat-kipsilevyseinat\/#local-main-place-address","streetAddress":"Pyymosantie 5a","addressLocality":"Vantaa","postalCode":"01720","addressCountry":"FI"},{"@type":"ImageObject","inLanguage":"fi","@id":"https:\/\/hotelli03.domainhotelli.fi\/~lsdoecli\/tuote\/vibro-pb-f-regufoam-tarinaa-vaimentava-seinakiinnike-kelluvat-kipsilevyseinat\/#local-main-organization-logo","url":"https:\/\/hotelli03.domainhotelli.fi\/~lsdoecli\/wp-content\/uploads\/2021\/08\/JVTuonti_logo_nelio.jpg","contentUrl":"https:\/\/hotelli03.domainhotelli.fi\/~lsdoecli\/wp-content\/uploads\/2021\/08\/JVTuonti_logo_nelio.jpg","width":550,"height":550,"caption":"JV Tuonti Oy"}]},"og_availability":"instock","product_availability":"instock","product_retailer_item_id":"Vibro-PB.F","product_condition":"new","geo.placename":"Vantaa","geo.position":{"lat":"60.28431","long":"24.81654"},"geo.region":"Suomi"},"_links":{"self":[{"href":"https:\/\/hotelli03.domainhotelli.fi\/~lsdoecli\/wp-json\/wp\/v2\/product\/5802"}],"collection":[{"href":"https:\/\/hotelli03.domainhotelli.fi\/~lsdoecli\/wp-json\/wp\/v2\/product"}],"about":[{"href":"https:\/\/hotelli03.domainhotelli.fi\/~lsdoecli\/wp-json\/wp\/v2\/types\/product"}],"replies":[{"embeddable":true,"href":"https:\/\/hotelli03.domainhotelli.fi\/~lsdoecli\/wp-json\/wp\/v2\/comments?post=5802"}],"wp:featuredmedia":[{"embeddable":true,"href":"https:\/\/hotelli03.domainhotelli.fi\/~lsdoecli\/wp-json\/wp\/v2\/media\/5803"}],"wp:attachment":[{"href":"https:\/\/hotelli03.domainhotelli.fi\/~lsdoecli\/wp-json\/wp\/v2\/media?parent=5802"}],"wp:term":[{"taxonomy":"product_cat","embeddable":true,"href":"https:\/\/hotelli03.domainhotelli.fi\/~lsdoecli\/wp-json\/wp\/v2\/product_cat?post=5802"},{"taxonomy":"product_tag","embeddable":true,"href":"https:\/\/hotelli03.domainhotelli.fi\/~lsdoecli\/wp-json\/wp\/v2\/product_tag?post=5802"}],"curies":[{"name":"wp","href":"https:\/\/api.w.org\/{rel}","templated":true}]}}