{"id":5762,"date":"2021-08-25T11:49:55","date_gmt":"2021-08-25T11:49:55","guid":{"rendered":"https:\/\/hotelli03.domainhotelli.fi\/~lsdoecli\/?post_type=product&#038;p=5762"},"modified":"2022-01-14T13:05:51","modified_gmt":"2022-01-14T13:05:51","slug":"regufoam-ripustin-vibro-ch-f","status":"publish","type":"product","link":"https:\/\/hotelli03.domainhotelli.fi\/~lsdoecli\/tuote\/regufoam-ripustin-vibro-ch-f\/","title":{"rendered":"Regufoam\u00ae -ripustin Vibro-CH-F"},"content":{"rendered":"<h2>Regufoam\u00ae -ripustin Vibro-CH-F<\/h2>\n<p>Regufoam\u00ae -ripustin Vibro-CH-F mahdollistavat tehokkaan t\u00e4rin\u00e4nvaimennuksen seiniss\u00e4, alakatoissa ja muissa riippuvissa rakenteissa.<\/p>\n<p>Regufoam\u00ae -ripustin Vibro-CH-F, on saatavana nelj\u00e4ss\u00e4 eri paksuudessa.<\/p>\n<p>Sit\u00e4 voidaan k\u00e4ytt\u00e4\u00e4:<br \/>\nKoneiden t\u00e4rin\u00e4nvaimennusjousitus (tuulettimet, ilmastointi jne.)<br \/>\n\u00c4\u00e4nieristetty alakatto (kipsilevy).<br \/>\nPutkien, ilmakanavien t\u00e4rin\u00e4nvaimennus.<br \/>\nVibro CH.F: n runko on sinkitty\u00e4 metallia. Tarkasti suunnitellut viillot mahdollistavat kehyksen helpon taivuttamisen tietyiss\u00e4 muodoissa, jotka voidaan saavuttaa yhdell\u00e4 k\u00e4dell\u00e4. Siksi Vibro CH.F voidaan helposti muuntaa nelj\u00e4\u00e4n eri muotoon, jotta asentaja voi k\u00e4ytt\u00e4\u00e4 sit\u00e4 parhaimmassa muodossa.<\/p>\n<p>Sit\u00e4 voidaan k\u00e4ytt\u00e4\u00e4 seuraavissa muodoissa:<\/p>\n<p>Kuvio (1) ruuvattu metallisen ripustuksen profiilin molemmille puolille.<br \/>\nKuvio (2) on kiinnitetty 2 ankkurilla kattoon.<br \/>\nKuvio (3) on kiinnitetty 1 ankkurilla kattoon.<br \/>\nKuvio (4) ripustetaan koukulla tai muulla asianmukaisella laitteella.<\/p>\n<p>Ripustimen joustava elementti on korkealaatuinen polyuretaanivaahto puoliksi suljetuilla kennoilla, jonka valmistaa saksalainen BSW, jolla on tavaramerkki Regufoam\u00ae. Kaikki Dresdenin yliopistossa tehdyt mekaaniset k\u00e4ytt\u00e4ytymiskaaviot ja todistukset ovat saatavilla pyynn\u00f6st\u00e4.<\/p>\n<p>Vibro CH.F t\u00e4rin\u00e4nvaimennusjousitus on saatavana nelj\u00e4ll\u00e4 eri paksuisella joustavalla tyynyll\u00e4, jotka saavuttavat eri luonnollisen taajuuden:<\/p>\n<p>12 mm (luonnollinen taajuus 17 Hz)<br \/>\n25 mm (luonnollinen taajuus 12 Hz)<br \/>\n37 mm (luonnollinen taajuus 9,5 Hz)<br \/>\n50 mm (luonnollinen taajuus 8 Hz)<\/p>\n<p>&nbsp;<\/p>\n<p>Valmistaja: <a href=\"https:\/\/antivibration-systems.com\">ALPHA ACOUSTIKI Ltd<\/a><\/p>\n<p>&nbsp;<\/p>\n<p><a href=\"https:\/\/hotelli03.domainhotelli.fi\/~lsdoecli\/tuote-osasto\/akustiikka\/\">Katso my\u00f6s muut t\u00e4rin\u00e4eristys tuotteet t\u00e4st\u00e4!<\/a><\/p>\n","protected":false},"excerpt":{"rendered":"<p>Regufoam\u00ae -ripustin Vibro-CH-F mahdollistavat tehokkaan t\u00e4rin\u00e4nvaimennuksen seiniss\u00e4, alakatoissa ja muissa riippuvissa rakenteissa.<\/p>\n<p>&nbsp;<\/p>\n<table style=\"height: 233px;\" border=\"1\" width=\"318\" cellspacing=\"1\" cellpadding=\"1\">\n<tbody>\n<tr>\n<td>\n<p align=\"center\">TYYPPI<\/p>\n<\/td>\n<td>\u00a0MAKSIMI KUORMITUS (kp)<\/td>\n<\/tr>\n<tr>\n<td>\n<p align=\"center\">CH-F.20<\/p>\n<\/td>\n<td>\n<p align=\"center\">20<\/p>\n<\/td>\n<\/tr>\n<tr>\n<td>\n<p align=\"center\">CH-F.50<\/p>\n<\/td>\n<td>\n<p align=\"center\">50<\/p>\n<\/td>\n<\/tr>\n<\/tbody>\n<\/table>\n<p><em>*1kp = 10N<\/em><\/p>\n","protected":false},"featured_media":5763,"comment_status":"open","ping_status":"closed","template":"","meta":[],"product_cat":[592],"product_tag":[839,843],"yoast_head":"<!-- This site is optimized with the Yoast SEO Premium plugin v18.9 (Yoast SEO v19.3) - https:\/\/yoast.com\/wordpress\/plugins\/seo\/ -->\n<title>Regufoam\u00ae -ripustin Vibro-CH-F | Tilaa verkosta | JV Tuonti<\/title>\n<meta name=\"description\" content=\"Regufoam\u00ae -ripustin Vibro-CH-F mahdollistavat tehokkaan t\u00e4rin\u00e4nvaimennuksen seiniss\u00e4, alakatoissa ja muissa riippuvissa rakenteissa.\u00a0\" \/>\n<meta name=\"robots\" content=\"index, follow, max-snippet:-1, max-image-preview:large, max-video-preview:-1\" \/>\n<link rel=\"canonical\" href=\"https:\/\/hotelli03.domainhotelli.fi\/~lsdoecli\/tuote\/regufoam-ripustin-vibro-ch-f\/\" \/>\n<meta property=\"og:locale\" content=\"fi_FI\" \/>\n<meta property=\"og:type\" content=\"article\" \/>\n<meta property=\"og:title\" content=\"Regufoam\u00ae -ripustin Vibro-CH-F\" \/>\n<meta property=\"og:description\" content=\"Regufoam\u00ae -ripustin Vibro-CH-F mahdollistavat tehokkaan t\u00e4rin\u00e4nvaimennuksen seiniss\u00e4, alakatoissa ja muissa riippuvissa rakenteissa.\u00a0\" \/>\n<meta property=\"og:url\" content=\"https:\/\/hotelli03.domainhotelli.fi\/~lsdoecli\/tuote\/regufoam-ripustin-vibro-ch-f\/\" \/>\n<meta property=\"og:site_name\" content=\"JV Tuonti\" \/>\n<meta property=\"article:publisher\" content=\"https:\/\/www.facebook.com\/JVTuontiOy\" \/>\n<meta property=\"article:modified_time\" content=\"2022-01-14T13:05:51+00:00\" \/>\n<meta property=\"og:image\" content=\"https:\/\/hotelli03.domainhotelli.fi\/~lsdoecli\/wp-content\/uploads\/2021\/08\/Regufoam\u00ae-ripustin-Vibro-CH-F.jpg\" \/>\n\t<meta property=\"og:image:width\" content=\"280\" \/>\n\t<meta property=\"og:image:height\" content=\"210\" \/>\n\t<meta property=\"og:image:type\" content=\"image\/jpeg\" \/>\n<meta name=\"twitter:card\" content=\"summary_large_image\" \/>\n<meta name=\"twitter:label1\" content=\"Availability\" \/>\n\t<meta name=\"twitter:data1\" content=\"In stock\" \/>\n<script type=\"application\/ld+json\" class=\"yoast-schema-graph\">{\"@context\":\"https:\/\/schema.org\",\"@graph\":[{\"@type\":[\"Organization\",\"Place\",\"WholesaleStore\"],\"@id\":\"https:\/\/hotelli03.domainhotelli.fi\/~lsdoecli\/#organization\",\"name\":\"JV Tuonti Oy\",\"url\":\"https:\/\/hotelli03.domainhotelli.fi\/~lsdoecli\/\",\"sameAs\":[\"https:\/\/instagram.com\/jvtuontioy?utm_medium=copy_link\",\"https:\/\/www.facebook.com\/JVTuontiOy\"],\"logo\":{\"@id\":\"https:\/\/hotelli03.domainhotelli.fi\/~lsdoecli\/tuote\/regufoam-ripustin-vibro-ch-f\/#local-main-organization-logo\"},\"image\":{\"@id\":\"https:\/\/hotelli03.domainhotelli.fi\/~lsdoecli\/tuote\/regufoam-ripustin-vibro-ch-f\/#local-main-organization-logo\"},\"address\":{\"@id\":\"https:\/\/hotelli03.domainhotelli.fi\/~lsdoecli\/tuote\/regufoam-ripustin-vibro-ch-f\/#local-main-place-address\"},\"geo\":{\"@type\":\"GeoCoordinates\",\"latitude\":\"60.28431\",\"longitude\":\"24.81654\"},\"telephone\":[\"0408369980\"],\"openingHoursSpecification\":[{\"@type\":\"OpeningHoursSpecification\",\"dayOfWeek\":[\"Monday\",\"Tuesday\",\"Wednesday\",\"Thursday\",\"Friday\"],\"opens\":\"08:00\",\"closes\":\"16:00\"},{\"@type\":\"OpeningHoursSpecification\",\"dayOfWeek\":[\"Saturday\",\"Sunday\"],\"opens\":\"00:00\",\"closes\":\"00:00\"}],\"email\":\"myynti@hotelli03.domainhotelli.fi\",\"areaServed\":\"Suomi, Ruotsi\",\"vatID\":\"FI30178387\",\"priceRange\":\"$$\",\"currenciesAccepted\":\"\u20ac\",\"paymentAccepted\":\"Lasku, pankkikortti\"},{\"@type\":\"WebSite\",\"@id\":\"https:\/\/hotelli03.domainhotelli.fi\/~lsdoecli\/#website\",\"url\":\"https:\/\/hotelli03.domainhotelli.fi\/~lsdoecli\/\",\"name\":\"JV Tuonti\",\"description\":\"JV Tuonti Oy:n verkkokauppa\",\"publisher\":{\"@id\":\"https:\/\/hotelli03.domainhotelli.fi\/~lsdoecli\/#organization\"},\"potentialAction\":[{\"@type\":\"SearchAction\",\"target\":{\"@type\":\"EntryPoint\",\"urlTemplate\":\"https:\/\/hotelli03.domainhotelli.fi\/~lsdoecli\/?s={search_term_string}\"},\"query-input\":\"required name=search_term_string\"}],\"inLanguage\":\"fi\"},{\"@type\":\"ImageObject\",\"inLanguage\":\"fi\",\"@id\":\"https:\/\/hotelli03.domainhotelli.fi\/~lsdoecli\/tuote\/regufoam-ripustin-vibro-ch-f\/#primaryimage\",\"url\":\"https:\/\/hotelli03.domainhotelli.fi\/~lsdoecli\/wp-content\/uploads\/2021\/08\/Regufoam\u00ae-ripustin-Vibro-CH-F.jpg\",\"contentUrl\":\"https:\/\/hotelli03.domainhotelli.fi\/~lsdoecli\/wp-content\/uploads\/2021\/08\/Regufoam\u00ae-ripustin-Vibro-CH-F.jpg\",\"width\":280,\"height\":210,\"caption\":\"Regufoam\u00ae -ripustin Vibro-CH-F\"},{\"@type\":\"WebPage\",\"@id\":\"https:\/\/hotelli03.domainhotelli.fi\/~lsdoecli\/tuote\/regufoam-ripustin-vibro-ch-f\/\",\"url\":\"https:\/\/hotelli03.domainhotelli.fi\/~lsdoecli\/tuote\/regufoam-ripustin-vibro-ch-f\/\",\"name\":\"Regufoam\u00ae -ripustin Vibro-CH-F | Tilaa verkosta | JV Tuonti\",\"isPartOf\":{\"@id\":\"https:\/\/hotelli03.domainhotelli.fi\/~lsdoecli\/#website\"},\"primaryImageOfPage\":{\"@id\":\"https:\/\/hotelli03.domainhotelli.fi\/~lsdoecli\/tuote\/regufoam-ripustin-vibro-ch-f\/#primaryimage\"},\"datePublished\":\"2021-08-25T11:49:55+00:00\",\"dateModified\":\"2022-01-14T13:05:51+00:00\",\"description\":\"Regufoam\u00ae -ripustin Vibro-CH-F mahdollistavat tehokkaan t\u00e4rin\u00e4nvaimennuksen seiniss\u00e4, alakatoissa ja muissa riippuvissa rakenteissa.\u00a0\",\"breadcrumb\":{\"@id\":\"https:\/\/hotelli03.domainhotelli.fi\/~lsdoecli\/tuote\/regufoam-ripustin-vibro-ch-f\/#breadcrumb\"},\"inLanguage\":\"fi\",\"potentialAction\":[{\"@type\":\"ReadAction\",\"target\":[\"https:\/\/hotelli03.domainhotelli.fi\/~lsdoecli\/tuote\/regufoam-ripustin-vibro-ch-f\/\"]}]},{\"@type\":\"BreadcrumbList\",\"@id\":\"https:\/\/hotelli03.domainhotelli.fi\/~lsdoecli\/tuote\/regufoam-ripustin-vibro-ch-f\/#breadcrumb\",\"itemListElement\":[{\"@type\":\"ListItem\",\"position\":1,\"name\":\"Etusivu\",\"item\":\"https:\/\/hotelli03.domainhotelli.fi\/~lsdoecli\/\"},{\"@type\":\"ListItem\",\"position\":2,\"name\":\"Kauppa\",\"item\":\"https:\/\/hotelli03.domainhotelli.fi\/~lsdoecli\/kauppa\/\"},{\"@type\":\"ListItem\",\"position\":3,\"name\":\"Regufoam\u00ae -ripustin Vibro-CH-F\"}]},{\"@type\":\"PostalAddress\",\"@id\":\"https:\/\/hotelli03.domainhotelli.fi\/~lsdoecli\/tuote\/regufoam-ripustin-vibro-ch-f\/#local-main-place-address\",\"streetAddress\":\"Pyymosantie 5a\",\"addressLocality\":\"Vantaa\",\"postalCode\":\"01720\",\"addressCountry\":\"FI\"},{\"@type\":\"ImageObject\",\"inLanguage\":\"fi\",\"@id\":\"https:\/\/hotelli03.domainhotelli.fi\/~lsdoecli\/tuote\/regufoam-ripustin-vibro-ch-f\/#local-main-organization-logo\",\"url\":\"https:\/\/hotelli03.domainhotelli.fi\/~lsdoecli\/wp-content\/uploads\/2021\/08\/JVTuonti_logo_nelio.jpg\",\"contentUrl\":\"https:\/\/hotelli03.domainhotelli.fi\/~lsdoecli\/wp-content\/uploads\/2021\/08\/JVTuonti_logo_nelio.jpg\",\"width\":550,\"height\":550,\"caption\":\"JV Tuonti Oy\"}]}<\/script>\n<meta property=\"og:availability\" content=\"instock\" \/>\n<meta property=\"product:availability\" content=\"instock\" \/>\n<meta property=\"product:condition\" content=\"new\" \/>\n<meta name=\"geo.placename\" content=\"Vantaa\" \/>\n<meta name=\"geo.position\" content=\"60.28431;24.81654\" \/>\n<meta name=\"geo.region\" content=\"Suomi\" \/>\n<!-- \/ Yoast SEO Premium plugin. -->","yoast_head_json":{"title":"Regufoam\u00ae -ripustin Vibro-CH-F | Tilaa verkosta | JV Tuonti","description":"Regufoam\u00ae -ripustin Vibro-CH-F mahdollistavat tehokkaan t\u00e4rin\u00e4nvaimennuksen seiniss\u00e4, alakatoissa ja muissa riippuvissa rakenteissa.\u00a0","robots":{"index":"index","follow":"follow","max-snippet":"max-snippet:-1","max-image-preview":"max-image-preview:large","max-video-preview":"max-video-preview:-1"},"canonical":"https:\/\/hotelli03.domainhotelli.fi\/~lsdoecli\/tuote\/regufoam-ripustin-vibro-ch-f\/","og_locale":"fi_FI","og_type":"article","og_title":"Regufoam\u00ae -ripustin Vibro-CH-F","og_description":"Regufoam\u00ae -ripustin Vibro-CH-F mahdollistavat tehokkaan t\u00e4rin\u00e4nvaimennuksen seiniss\u00e4, alakatoissa ja muissa riippuvissa rakenteissa.\u00a0","og_url":"https:\/\/hotelli03.domainhotelli.fi\/~lsdoecli\/tuote\/regufoam-ripustin-vibro-ch-f\/","og_site_name":"JV Tuonti","article_publisher":"https:\/\/www.facebook.com\/JVTuontiOy","article_modified_time":"2022-01-14T13:05:51+00:00","og_image":[{"width":280,"height":210,"url":"https:\/\/hotelli03.domainhotelli.fi\/~lsdoecli\/wp-content\/uploads\/2021\/08\/Regufoam\u00ae-ripustin-Vibro-CH-F.jpg","type":"image\/jpeg"}],"twitter_card":"summary_large_image","twitter_misc":{"Availability":"In stock"},"schema":{"@context":"https:\/\/schema.org","@graph":[{"@type":["Organization","Place","WholesaleStore"],"@id":"https:\/\/hotelli03.domainhotelli.fi\/~lsdoecli\/#organization","name":"JV Tuonti Oy","url":"https:\/\/hotelli03.domainhotelli.fi\/~lsdoecli\/","sameAs":["https:\/\/instagram.com\/jvtuontioy?utm_medium=copy_link","https:\/\/www.facebook.com\/JVTuontiOy"],"logo":{"@id":"https:\/\/hotelli03.domainhotelli.fi\/~lsdoecli\/tuote\/regufoam-ripustin-vibro-ch-f\/#local-main-organization-logo"},"image":{"@id":"https:\/\/hotelli03.domainhotelli.fi\/~lsdoecli\/tuote\/regufoam-ripustin-vibro-ch-f\/#local-main-organization-logo"},"address":{"@id":"https:\/\/hotelli03.domainhotelli.fi\/~lsdoecli\/tuote\/regufoam-ripustin-vibro-ch-f\/#local-main-place-address"},"geo":{"@type":"GeoCoordinates","latitude":"60.28431","longitude":"24.81654"},"telephone":["0408369980"],"openingHoursSpecification":[{"@type":"OpeningHoursSpecification","dayOfWeek":["Monday","Tuesday","Wednesday","Thursday","Friday"],"opens":"08:00","closes":"16:00"},{"@type":"OpeningHoursSpecification","dayOfWeek":["Saturday","Sunday"],"opens":"00:00","closes":"00:00"}],"email":"myynti@hotelli03.domainhotelli.fi","areaServed":"Suomi, Ruotsi","vatID":"FI30178387","priceRange":"$$","currenciesAccepted":"\u20ac","paymentAccepted":"Lasku, pankkikortti"},{"@type":"WebSite","@id":"https:\/\/hotelli03.domainhotelli.fi\/~lsdoecli\/#website","url":"https:\/\/hotelli03.domainhotelli.fi\/~lsdoecli\/","name":"JV Tuonti","description":"JV Tuonti Oy:n verkkokauppa","publisher":{"@id":"https:\/\/hotelli03.domainhotelli.fi\/~lsdoecli\/#organization"},"potentialAction":[{"@type":"SearchAction","target":{"@type":"EntryPoint","urlTemplate":"https:\/\/hotelli03.domainhotelli.fi\/~lsdoecli\/?s={search_term_string}"},"query-input":"required name=search_term_string"}],"inLanguage":"fi"},{"@type":"ImageObject","inLanguage":"fi","@id":"https:\/\/hotelli03.domainhotelli.fi\/~lsdoecli\/tuote\/regufoam-ripustin-vibro-ch-f\/#primaryimage","url":"https:\/\/hotelli03.domainhotelli.fi\/~lsdoecli\/wp-content\/uploads\/2021\/08\/Regufoam\u00ae-ripustin-Vibro-CH-F.jpg","contentUrl":"https:\/\/hotelli03.domainhotelli.fi\/~lsdoecli\/wp-content\/uploads\/2021\/08\/Regufoam\u00ae-ripustin-Vibro-CH-F.jpg","width":280,"height":210,"caption":"Regufoam\u00ae -ripustin Vibro-CH-F"},{"@type":"WebPage","@id":"https:\/\/hotelli03.domainhotelli.fi\/~lsdoecli\/tuote\/regufoam-ripustin-vibro-ch-f\/","url":"https:\/\/hotelli03.domainhotelli.fi\/~lsdoecli\/tuote\/regufoam-ripustin-vibro-ch-f\/","name":"Regufoam\u00ae -ripustin Vibro-CH-F | Tilaa verkosta | JV Tuonti","isPartOf":{"@id":"https:\/\/hotelli03.domainhotelli.fi\/~lsdoecli\/#website"},"primaryImageOfPage":{"@id":"https:\/\/hotelli03.domainhotelli.fi\/~lsdoecli\/tuote\/regufoam-ripustin-vibro-ch-f\/#primaryimage"},"datePublished":"2021-08-25T11:49:55+00:00","dateModified":"2022-01-14T13:05:51+00:00","description":"Regufoam\u00ae -ripustin Vibro-CH-F mahdollistavat tehokkaan t\u00e4rin\u00e4nvaimennuksen seiniss\u00e4, alakatoissa ja muissa riippuvissa rakenteissa.\u00a0","breadcrumb":{"@id":"https:\/\/hotelli03.domainhotelli.fi\/~lsdoecli\/tuote\/regufoam-ripustin-vibro-ch-f\/#breadcrumb"},"inLanguage":"fi","potentialAction":[{"@type":"ReadAction","target":["https:\/\/hotelli03.domainhotelli.fi\/~lsdoecli\/tuote\/regufoam-ripustin-vibro-ch-f\/"]}]},{"@type":"BreadcrumbList","@id":"https:\/\/hotelli03.domainhotelli.fi\/~lsdoecli\/tuote\/regufoam-ripustin-vibro-ch-f\/#breadcrumb","itemListElement":[{"@type":"ListItem","position":1,"name":"Etusivu","item":"https:\/\/hotelli03.domainhotelli.fi\/~lsdoecli\/"},{"@type":"ListItem","position":2,"name":"Kauppa","item":"https:\/\/hotelli03.domainhotelli.fi\/~lsdoecli\/kauppa\/"},{"@type":"ListItem","position":3,"name":"Regufoam\u00ae -ripustin Vibro-CH-F"}]},{"@type":"PostalAddress","@id":"https:\/\/hotelli03.domainhotelli.fi\/~lsdoecli\/tuote\/regufoam-ripustin-vibro-ch-f\/#local-main-place-address","streetAddress":"Pyymosantie 5a","addressLocality":"Vantaa","postalCode":"01720","addressCountry":"FI"},{"@type":"ImageObject","inLanguage":"fi","@id":"https:\/\/hotelli03.domainhotelli.fi\/~lsdoecli\/tuote\/regufoam-ripustin-vibro-ch-f\/#local-main-organization-logo","url":"https:\/\/hotelli03.domainhotelli.fi\/~lsdoecli\/wp-content\/uploads\/2021\/08\/JVTuonti_logo_nelio.jpg","contentUrl":"https:\/\/hotelli03.domainhotelli.fi\/~lsdoecli\/wp-content\/uploads\/2021\/08\/JVTuonti_logo_nelio.jpg","width":550,"height":550,"caption":"JV Tuonti Oy"}]},"og_availability":"instock","product_availability":"instock","product_condition":"new","geo.placename":"Vantaa","geo.position":{"lat":"60.28431","long":"24.81654"},"geo.region":"Suomi"},"_links":{"self":[{"href":"https:\/\/hotelli03.domainhotelli.fi\/~lsdoecli\/wp-json\/wp\/v2\/product\/5762"}],"collection":[{"href":"https:\/\/hotelli03.domainhotelli.fi\/~lsdoecli\/wp-json\/wp\/v2\/product"}],"about":[{"href":"https:\/\/hotelli03.domainhotelli.fi\/~lsdoecli\/wp-json\/wp\/v2\/types\/product"}],"replies":[{"embeddable":true,"href":"https:\/\/hotelli03.domainhotelli.fi\/~lsdoecli\/wp-json\/wp\/v2\/comments?post=5762"}],"wp:featuredmedia":[{"embeddable":true,"href":"https:\/\/hotelli03.domainhotelli.fi\/~lsdoecli\/wp-json\/wp\/v2\/media\/5763"}],"wp:attachment":[{"href":"https:\/\/hotelli03.domainhotelli.fi\/~lsdoecli\/wp-json\/wp\/v2\/media?parent=5762"}],"wp:term":[{"taxonomy":"product_cat","embeddable":true,"href":"https:\/\/hotelli03.domainhotelli.fi\/~lsdoecli\/wp-json\/wp\/v2\/product_cat?post=5762"},{"taxonomy":"product_tag","embeddable":true,"href":"https:\/\/hotelli03.domainhotelli.fi\/~lsdoecli\/wp-json\/wp\/v2\/product_tag?post=5762"}],"curies":[{"name":"wp","href":"https:\/\/api.w.org\/{rel}","templated":true}]}}