{"id":5706,"date":"2021-08-25T08:43:44","date_gmt":"2021-08-25T08:43:44","guid":{"rendered":"https:\/\/hotelli03.domainhotelli.fi\/~lsdoecli\/?post_type=product&#038;p=5706"},"modified":"2021-08-25T08:43:44","modified_gmt":"2021-08-25T08:43:44","slug":"jousiripustin-regufoam-vibro-shr","status":"publish","type":"product","link":"https:\/\/hotelli03.domainhotelli.fi\/~lsdoecli\/tuote\/jousiripustin-regufoam-vibro-shr\/","title":{"rendered":"Jousiripustin + regufoam Vibro-SHR"},"content":{"rendered":"<h1>Jousiripustin + regufoam Vibro-SHR 25mm joustolla<\/h1>\n<p>Jousiripustin + regufoam Vibro-SHR 25mm joustolla on yhdistelm\u00e4 korkealaatuista polyuretaanikennovaahtoa (Regufoam\u00ae) ja metallijousi, jotka on erityisesti suunniteltu erist\u00e4m\u00e4\u00e4n eritt\u00e4in laaja v\u00e4r\u00e4htelytaajuusalue ihmisen korvaspektrist\u00e4. Sit\u00e4 voidaan k\u00e4ytt\u00e4\u00e4 alakattojen tai putkien, kanavien ja kaiuttimien t\u00e4rin\u00e4nvaimennuksessa. Se koostuu ter\u00e4srungosta, jossa on maalattu pinta tai sinkitty suoja. Ne voidaan my\u00f6s esij\u00e4nnitt\u00e4\u00e4 kirist\u00e4m\u00e4ll\u00e4 mutteri. Ripustuspultti ja mutterit eiv\u00e4t sis\u00e4lly toimitukseen.<br \/>\nSit\u00e4 voidaan k\u00e4ytt\u00e4\u00e4 kipsilevyll\u00e4 katon \u00e4\u00e4nieristyksess\u00e4 tai putkien, kanavien, kaiuttimien jne.<\/p>\n<p>&nbsp;<\/p>\n<p>Valmistaja: <a href=\"https:\/\/antivibration-systems.com\">ALPHA ACOUSTIKI Ltd<\/a><\/p>\n<p>&nbsp;<\/p>\n<p><a href=\"https:\/\/hotelli03.domainhotelli.fi\/~lsdoecli\/tuote-osasto\/akustiikka\/\">Katso my\u00f6s muut t\u00e4rin\u00e4eristys tuotteet t\u00e4st\u00e4!<\/a><\/p>\n","protected":false},"excerpt":{"rendered":"<p>Jousiripustin + regufoam Vibro-SHR on yhdistelm\u00e4 korkealaatuista polyuretaanikennovaahtoa (Regufoam\u00ae) ja metallijousi, jotka on erityisesti suunniteltu erist\u00e4m\u00e4\u00e4n eritt\u00e4in laaja v\u00e4r\u00e4htelytaajuusalue ihmisen korvaspektrist\u00e4.<\/p>\n<p><img loading=\"lazy\" class=\"alignleft size-full wp-image-4929\" src=\"https:\/\/antivibration-systems.com\/wp-content\/uploads\/2012\/10\/Vibro-SHR-Selection-Table.png\" sizes=\"(max-width: 537px) 100vw, 537px\" srcset=\"https:\/\/antivibration-systems.com\/wp-content\/uploads\/2012\/10\/Vibro-SHR-Selection-Table.png 537w, https:\/\/antivibration-systems.com\/wp-content\/uploads\/2012\/10\/Vibro-SHR-Selection-Table-300x104.png 300w\" alt=\"Vibro-SHR Selection Table\" width=\"537\" height=\"187\" \/><\/p>\n<p>&nbsp;<\/p>\n<p>&nbsp;<\/p>\n<p>&nbsp;<\/p>\n<p>&nbsp;<\/p>\n<p>&nbsp;<\/p>\n<p>&nbsp;<\/p>\n<p>DYNAAMISET OMINAISUUDET<\/p>\n<p>Luonnontaajuus 3 Hz maksimikuormalla.<br \/>\nStaattinen taipuma noin 25 mm maksimikuormalla.<\/p>\n","protected":false},"featured_media":5709,"comment_status":"open","ping_status":"closed","template":"","meta":[],"product_cat":[832],"product_tag":[836,835],"yoast_head":"<!-- This site is optimized with the Yoast SEO Premium plugin v18.9 (Yoast SEO v19.3) - https:\/\/yoast.com\/wordpress\/plugins\/seo\/ -->\n<title>Jousiripustin + regufoam Vibro-SHR | Tilaa verkosta | JV Tuonti<\/title>\n<meta name=\"description\" content=\"Jousiripustin + regufoam Vibro-SHR on yhdistelm\u00e4 korkealaatuista polyuretaanikennovaahtoa (Regufoam\u00ae) ja metallijousi. Tilaa verkkokaupasta!\" \/>\n<meta name=\"robots\" content=\"index, follow, max-snippet:-1, max-image-preview:large, max-video-preview:-1\" \/>\n<link rel=\"canonical\" href=\"https:\/\/hotelli03.domainhotelli.fi\/~lsdoecli\/tuote\/jousiripustin-regufoam-vibro-shr\/\" \/>\n<meta property=\"og:locale\" content=\"fi_FI\" \/>\n<meta property=\"og:type\" content=\"article\" \/>\n<meta property=\"og:title\" content=\"Jousiripustin + regufoam Vibro-SHR\" \/>\n<meta property=\"og:description\" content=\"Jousiripustin + regufoam Vibro-SHR on yhdistelm\u00e4 korkealaatuista polyuretaanikennovaahtoa (Regufoam\u00ae) ja metallijousi. Tilaa verkkokaupasta!\" \/>\n<meta property=\"og:url\" content=\"https:\/\/hotelli03.domainhotelli.fi\/~lsdoecli\/tuote\/jousiripustin-regufoam-vibro-shr\/\" \/>\n<meta property=\"og:site_name\" content=\"JV Tuonti\" \/>\n<meta property=\"article:publisher\" content=\"https:\/\/www.facebook.com\/JVTuontiOy\" \/>\n<meta property=\"og:image\" content=\"https:\/\/hotelli03.domainhotelli.fi\/~lsdoecli\/wp-content\/uploads\/2021\/08\/Vibro-SHR.jpg\" \/>\n\t<meta property=\"og:image:width\" content=\"640\" \/>\n\t<meta property=\"og:image:height\" content=\"427\" \/>\n\t<meta property=\"og:image:type\" content=\"image\/jpeg\" \/>\n<meta name=\"twitter:card\" content=\"summary_large_image\" \/>\n<meta name=\"twitter:label1\" content=\"Availability\" \/>\n\t<meta name=\"twitter:data1\" content=\"On backorder\" \/>\n<script type=\"application\/ld+json\" class=\"yoast-schema-graph\">{\"@context\":\"https:\/\/schema.org\",\"@graph\":[{\"@type\":[\"Organization\",\"Place\",\"WholesaleStore\"],\"@id\":\"https:\/\/hotelli03.domainhotelli.fi\/~lsdoecli\/#organization\",\"name\":\"JV Tuonti Oy\",\"url\":\"https:\/\/hotelli03.domainhotelli.fi\/~lsdoecli\/\",\"sameAs\":[\"https:\/\/instagram.com\/jvtuontioy?utm_medium=copy_link\",\"https:\/\/www.facebook.com\/JVTuontiOy\"],\"logo\":{\"@id\":\"https:\/\/hotelli03.domainhotelli.fi\/~lsdoecli\/tuote\/jousiripustin-regufoam-vibro-shr\/#local-main-organization-logo\"},\"image\":{\"@id\":\"https:\/\/hotelli03.domainhotelli.fi\/~lsdoecli\/tuote\/jousiripustin-regufoam-vibro-shr\/#local-main-organization-logo\"},\"address\":{\"@id\":\"https:\/\/hotelli03.domainhotelli.fi\/~lsdoecli\/tuote\/jousiripustin-regufoam-vibro-shr\/#local-main-place-address\"},\"geo\":{\"@type\":\"GeoCoordinates\",\"latitude\":\"60.28431\",\"longitude\":\"24.81654\"},\"telephone\":[\"0408369980\"],\"openingHoursSpecification\":[{\"@type\":\"OpeningHoursSpecification\",\"dayOfWeek\":[\"Monday\",\"Tuesday\",\"Wednesday\",\"Thursday\",\"Friday\"],\"opens\":\"08:00\",\"closes\":\"16:00\"},{\"@type\":\"OpeningHoursSpecification\",\"dayOfWeek\":[\"Saturday\",\"Sunday\"],\"opens\":\"00:00\",\"closes\":\"00:00\"}],\"email\":\"myynti@hotelli03.domainhotelli.fi\",\"areaServed\":\"Suomi, Ruotsi\",\"vatID\":\"FI30178387\",\"priceRange\":\"$$\",\"currenciesAccepted\":\"\u20ac\",\"paymentAccepted\":\"Lasku, pankkikortti\"},{\"@type\":\"WebSite\",\"@id\":\"https:\/\/hotelli03.domainhotelli.fi\/~lsdoecli\/#website\",\"url\":\"https:\/\/hotelli03.domainhotelli.fi\/~lsdoecli\/\",\"name\":\"JV Tuonti\",\"description\":\"JV Tuonti Oy:n verkkokauppa\",\"publisher\":{\"@id\":\"https:\/\/hotelli03.domainhotelli.fi\/~lsdoecli\/#organization\"},\"potentialAction\":[{\"@type\":\"SearchAction\",\"target\":{\"@type\":\"EntryPoint\",\"urlTemplate\":\"https:\/\/hotelli03.domainhotelli.fi\/~lsdoecli\/?s={search_term_string}\"},\"query-input\":\"required name=search_term_string\"}],\"inLanguage\":\"fi\"},{\"@type\":\"ImageObject\",\"inLanguage\":\"fi\",\"@id\":\"https:\/\/hotelli03.domainhotelli.fi\/~lsdoecli\/tuote\/jousiripustin-regufoam-vibro-shr\/#primaryimage\",\"url\":\"https:\/\/hotelli03.domainhotelli.fi\/~lsdoecli\/wp-content\/uploads\/2021\/08\/Vibro-SHR.jpg\",\"contentUrl\":\"https:\/\/hotelli03.domainhotelli.fi\/~lsdoecli\/wp-content\/uploads\/2021\/08\/Vibro-SHR.jpg\",\"width\":640,\"height\":427,\"caption\":\"Vibro-SHR Jousiripustin + regufoam\"},{\"@type\":\"WebPage\",\"@id\":\"https:\/\/hotelli03.domainhotelli.fi\/~lsdoecli\/tuote\/jousiripustin-regufoam-vibro-shr\/\",\"url\":\"https:\/\/hotelli03.domainhotelli.fi\/~lsdoecli\/tuote\/jousiripustin-regufoam-vibro-shr\/\",\"name\":\"Jousiripustin + regufoam Vibro-SHR | Tilaa verkosta | JV Tuonti\",\"isPartOf\":{\"@id\":\"https:\/\/hotelli03.domainhotelli.fi\/~lsdoecli\/#website\"},\"primaryImageOfPage\":{\"@id\":\"https:\/\/hotelli03.domainhotelli.fi\/~lsdoecli\/tuote\/jousiripustin-regufoam-vibro-shr\/#primaryimage\"},\"datePublished\":\"2021-08-25T08:43:44+00:00\",\"dateModified\":\"2021-08-25T08:43:44+00:00\",\"description\":\"Jousiripustin + regufoam Vibro-SHR on yhdistelm\u00e4 korkealaatuista polyuretaanikennovaahtoa (Regufoam\u00ae) ja metallijousi. Tilaa verkkokaupasta!\",\"breadcrumb\":{\"@id\":\"https:\/\/hotelli03.domainhotelli.fi\/~lsdoecli\/tuote\/jousiripustin-regufoam-vibro-shr\/#breadcrumb\"},\"inLanguage\":\"fi\",\"potentialAction\":[{\"@type\":\"ReadAction\",\"target\":[\"https:\/\/hotelli03.domainhotelli.fi\/~lsdoecli\/tuote\/jousiripustin-regufoam-vibro-shr\/\"]}]},{\"@type\":\"BreadcrumbList\",\"@id\":\"https:\/\/hotelli03.domainhotelli.fi\/~lsdoecli\/tuote\/jousiripustin-regufoam-vibro-shr\/#breadcrumb\",\"itemListElement\":[{\"@type\":\"ListItem\",\"position\":1,\"name\":\"Etusivu\",\"item\":\"https:\/\/hotelli03.domainhotelli.fi\/~lsdoecli\/\"},{\"@type\":\"ListItem\",\"position\":2,\"name\":\"Kauppa\",\"item\":\"https:\/\/hotelli03.domainhotelli.fi\/~lsdoecli\/kauppa\/\"},{\"@type\":\"ListItem\",\"position\":3,\"name\":\"Jousiripustin + regufoam Vibro-SHR\"}]},{\"@type\":\"PostalAddress\",\"@id\":\"https:\/\/hotelli03.domainhotelli.fi\/~lsdoecli\/tuote\/jousiripustin-regufoam-vibro-shr\/#local-main-place-address\",\"streetAddress\":\"Pyymosantie 5a\",\"addressLocality\":\"Vantaa\",\"postalCode\":\"01720\",\"addressCountry\":\"FI\"},{\"@type\":\"ImageObject\",\"inLanguage\":\"fi\",\"@id\":\"https:\/\/hotelli03.domainhotelli.fi\/~lsdoecli\/tuote\/jousiripustin-regufoam-vibro-shr\/#local-main-organization-logo\",\"url\":\"https:\/\/hotelli03.domainhotelli.fi\/~lsdoecli\/wp-content\/uploads\/2021\/08\/JVTuonti_logo_nelio.jpg\",\"contentUrl\":\"https:\/\/hotelli03.domainhotelli.fi\/~lsdoecli\/wp-content\/uploads\/2021\/08\/JVTuonti_logo_nelio.jpg\",\"width\":550,\"height\":550,\"caption\":\"JV Tuonti Oy\"}]}<\/script>\n<meta property=\"og:availability\" content=\"backorder\" \/>\n<meta property=\"product:availability\" content=\"available for order\" \/>\n<meta property=\"product:condition\" content=\"new\" \/>\n<meta name=\"geo.placename\" content=\"Vantaa\" \/>\n<meta name=\"geo.position\" content=\"60.28431;24.81654\" \/>\n<meta name=\"geo.region\" content=\"Suomi\" \/>\n<!-- \/ Yoast SEO Premium plugin. -->","yoast_head_json":{"title":"Jousiripustin + regufoam Vibro-SHR | Tilaa verkosta | JV Tuonti","description":"Jousiripustin + regufoam Vibro-SHR on yhdistelm\u00e4 korkealaatuista polyuretaanikennovaahtoa (Regufoam\u00ae) ja metallijousi. Tilaa verkkokaupasta!","robots":{"index":"index","follow":"follow","max-snippet":"max-snippet:-1","max-image-preview":"max-image-preview:large","max-video-preview":"max-video-preview:-1"},"canonical":"https:\/\/hotelli03.domainhotelli.fi\/~lsdoecli\/tuote\/jousiripustin-regufoam-vibro-shr\/","og_locale":"fi_FI","og_type":"article","og_title":"Jousiripustin + regufoam Vibro-SHR","og_description":"Jousiripustin + regufoam Vibro-SHR on yhdistelm\u00e4 korkealaatuista polyuretaanikennovaahtoa (Regufoam\u00ae) ja metallijousi. Tilaa verkkokaupasta!","og_url":"https:\/\/hotelli03.domainhotelli.fi\/~lsdoecli\/tuote\/jousiripustin-regufoam-vibro-shr\/","og_site_name":"JV Tuonti","article_publisher":"https:\/\/www.facebook.com\/JVTuontiOy","og_image":[{"width":640,"height":427,"url":"https:\/\/hotelli03.domainhotelli.fi\/~lsdoecli\/wp-content\/uploads\/2021\/08\/Vibro-SHR.jpg","type":"image\/jpeg"}],"twitter_card":"summary_large_image","twitter_misc":{"Availability":"On backorder"},"schema":{"@context":"https:\/\/schema.org","@graph":[{"@type":["Organization","Place","WholesaleStore"],"@id":"https:\/\/hotelli03.domainhotelli.fi\/~lsdoecli\/#organization","name":"JV Tuonti Oy","url":"https:\/\/hotelli03.domainhotelli.fi\/~lsdoecli\/","sameAs":["https:\/\/instagram.com\/jvtuontioy?utm_medium=copy_link","https:\/\/www.facebook.com\/JVTuontiOy"],"logo":{"@id":"https:\/\/hotelli03.domainhotelli.fi\/~lsdoecli\/tuote\/jousiripustin-regufoam-vibro-shr\/#local-main-organization-logo"},"image":{"@id":"https:\/\/hotelli03.domainhotelli.fi\/~lsdoecli\/tuote\/jousiripustin-regufoam-vibro-shr\/#local-main-organization-logo"},"address":{"@id":"https:\/\/hotelli03.domainhotelli.fi\/~lsdoecli\/tuote\/jousiripustin-regufoam-vibro-shr\/#local-main-place-address"},"geo":{"@type":"GeoCoordinates","latitude":"60.28431","longitude":"24.81654"},"telephone":["0408369980"],"openingHoursSpecification":[{"@type":"OpeningHoursSpecification","dayOfWeek":["Monday","Tuesday","Wednesday","Thursday","Friday"],"opens":"08:00","closes":"16:00"},{"@type":"OpeningHoursSpecification","dayOfWeek":["Saturday","Sunday"],"opens":"00:00","closes":"00:00"}],"email":"myynti@hotelli03.domainhotelli.fi","areaServed":"Suomi, Ruotsi","vatID":"FI30178387","priceRange":"$$","currenciesAccepted":"\u20ac","paymentAccepted":"Lasku, pankkikortti"},{"@type":"WebSite","@id":"https:\/\/hotelli03.domainhotelli.fi\/~lsdoecli\/#website","url":"https:\/\/hotelli03.domainhotelli.fi\/~lsdoecli\/","name":"JV Tuonti","description":"JV Tuonti Oy:n verkkokauppa","publisher":{"@id":"https:\/\/hotelli03.domainhotelli.fi\/~lsdoecli\/#organization"},"potentialAction":[{"@type":"SearchAction","target":{"@type":"EntryPoint","urlTemplate":"https:\/\/hotelli03.domainhotelli.fi\/~lsdoecli\/?s={search_term_string}"},"query-input":"required name=search_term_string"}],"inLanguage":"fi"},{"@type":"ImageObject","inLanguage":"fi","@id":"https:\/\/hotelli03.domainhotelli.fi\/~lsdoecli\/tuote\/jousiripustin-regufoam-vibro-shr\/#primaryimage","url":"https:\/\/hotelli03.domainhotelli.fi\/~lsdoecli\/wp-content\/uploads\/2021\/08\/Vibro-SHR.jpg","contentUrl":"https:\/\/hotelli03.domainhotelli.fi\/~lsdoecli\/wp-content\/uploads\/2021\/08\/Vibro-SHR.jpg","width":640,"height":427,"caption":"Vibro-SHR Jousiripustin + regufoam"},{"@type":"WebPage","@id":"https:\/\/hotelli03.domainhotelli.fi\/~lsdoecli\/tuote\/jousiripustin-regufoam-vibro-shr\/","url":"https:\/\/hotelli03.domainhotelli.fi\/~lsdoecli\/tuote\/jousiripustin-regufoam-vibro-shr\/","name":"Jousiripustin + regufoam Vibro-SHR | Tilaa verkosta | JV Tuonti","isPartOf":{"@id":"https:\/\/hotelli03.domainhotelli.fi\/~lsdoecli\/#website"},"primaryImageOfPage":{"@id":"https:\/\/hotelli03.domainhotelli.fi\/~lsdoecli\/tuote\/jousiripustin-regufoam-vibro-shr\/#primaryimage"},"datePublished":"2021-08-25T08:43:44+00:00","dateModified":"2021-08-25T08:43:44+00:00","description":"Jousiripustin + regufoam Vibro-SHR on yhdistelm\u00e4 korkealaatuista polyuretaanikennovaahtoa (Regufoam\u00ae) ja metallijousi. Tilaa verkkokaupasta!","breadcrumb":{"@id":"https:\/\/hotelli03.domainhotelli.fi\/~lsdoecli\/tuote\/jousiripustin-regufoam-vibro-shr\/#breadcrumb"},"inLanguage":"fi","potentialAction":[{"@type":"ReadAction","target":["https:\/\/hotelli03.domainhotelli.fi\/~lsdoecli\/tuote\/jousiripustin-regufoam-vibro-shr\/"]}]},{"@type":"BreadcrumbList","@id":"https:\/\/hotelli03.domainhotelli.fi\/~lsdoecli\/tuote\/jousiripustin-regufoam-vibro-shr\/#breadcrumb","itemListElement":[{"@type":"ListItem","position":1,"name":"Etusivu","item":"https:\/\/hotelli03.domainhotelli.fi\/~lsdoecli\/"},{"@type":"ListItem","position":2,"name":"Kauppa","item":"https:\/\/hotelli03.domainhotelli.fi\/~lsdoecli\/kauppa\/"},{"@type":"ListItem","position":3,"name":"Jousiripustin + regufoam Vibro-SHR"}]},{"@type":"PostalAddress","@id":"https:\/\/hotelli03.domainhotelli.fi\/~lsdoecli\/tuote\/jousiripustin-regufoam-vibro-shr\/#local-main-place-address","streetAddress":"Pyymosantie 5a","addressLocality":"Vantaa","postalCode":"01720","addressCountry":"FI"},{"@type":"ImageObject","inLanguage":"fi","@id":"https:\/\/hotelli03.domainhotelli.fi\/~lsdoecli\/tuote\/jousiripustin-regufoam-vibro-shr\/#local-main-organization-logo","url":"https:\/\/hotelli03.domainhotelli.fi\/~lsdoecli\/wp-content\/uploads\/2021\/08\/JVTuonti_logo_nelio.jpg","contentUrl":"https:\/\/hotelli03.domainhotelli.fi\/~lsdoecli\/wp-content\/uploads\/2021\/08\/JVTuonti_logo_nelio.jpg","width":550,"height":550,"caption":"JV Tuonti Oy"}]},"og_availability":"backorder","product_availability":"available for order","product_condition":"new","geo.placename":"Vantaa","geo.position":{"lat":"60.28431","long":"24.81654"},"geo.region":"Suomi"},"_links":{"self":[{"href":"https:\/\/hotelli03.domainhotelli.fi\/~lsdoecli\/wp-json\/wp\/v2\/product\/5706"}],"collection":[{"href":"https:\/\/hotelli03.domainhotelli.fi\/~lsdoecli\/wp-json\/wp\/v2\/product"}],"about":[{"href":"https:\/\/hotelli03.domainhotelli.fi\/~lsdoecli\/wp-json\/wp\/v2\/types\/product"}],"replies":[{"embeddable":true,"href":"https:\/\/hotelli03.domainhotelli.fi\/~lsdoecli\/wp-json\/wp\/v2\/comments?post=5706"}],"wp:featuredmedia":[{"embeddable":true,"href":"https:\/\/hotelli03.domainhotelli.fi\/~lsdoecli\/wp-json\/wp\/v2\/media\/5709"}],"wp:attachment":[{"href":"https:\/\/hotelli03.domainhotelli.fi\/~lsdoecli\/wp-json\/wp\/v2\/media?parent=5706"}],"wp:term":[{"taxonomy":"product_cat","embeddable":true,"href":"https:\/\/hotelli03.domainhotelli.fi\/~lsdoecli\/wp-json\/wp\/v2\/product_cat?post=5706"},{"taxonomy":"product_tag","embeddable":true,"href":"https:\/\/hotelli03.domainhotelli.fi\/~lsdoecli\/wp-json\/wp\/v2\/product_tag?post=5706"}],"curies":[{"name":"wp","href":"https:\/\/api.w.org\/{rel}","templated":true}]}}