{"id":5685,"date":"2021-08-25T07:29:46","date_gmt":"2021-08-25T07:29:46","guid":{"rendered":"https:\/\/hotelli03.domainhotelli.fi\/~lsdoecli\/?post_type=product&#038;p=5685"},"modified":"2021-08-25T07:45:53","modified_gmt":"2021-08-25T07:45:53","slug":"jousiripustin-vibro-ch","status":"publish","type":"product","link":"https:\/\/hotelli03.domainhotelli.fi\/~lsdoecli\/tuote\/jousiripustin-vibro-ch\/","title":{"rendered":"Jousiripustin Vibro-CH"},"content":{"rendered":"<h2>Jousiripustin Vibro-CH<\/h2>\n<p>Vibro-CH on jousiripustin, joka koostuu t\u00e4rin\u00e4nvaimentavan kumin ja metallijousen yhdistelm\u00e4st\u00e4 matalan ja korkean taajuuden t\u00e4rin\u00e4n erist\u00e4miseksi paremmin.<\/p>\n<p>T\u00e4rin\u00e4nvaimennin Vibro-CH koostuu:<br \/>\n\u2022 Ter\u00e4srunko maalatulla pinnoitteella tai sinkitty metalli suojaa<br \/>\n\u2022 Ter\u00e4sjousi DIN -standardin mukainen, sinkitty pinta<br \/>\n\u2022 Ter\u00e4skuppi est\u00e4\u00e4 jousen liikkeen<br \/>\n\u2022 Kumielementti p\u00e4\u00e4ll\u00e4, joka erist\u00e4\u00e4 paremmin kuulotaajuuden (polyuretaanivaahto puoliksi suljetuilla kennoilla)<br \/>\n\u2022 Ripustustanko turvamutterilla (pyynn\u00f6st\u00e4)<br \/>\n\u2022 Esilatausmahdollisuus k\u00e4\u00e4nt\u00e4m\u00e4ll\u00e4 alamutteria<br \/>\n\u2022 Kulmapoikkeama jopa 30 astetta ilman kosketusta metallikehykseen<br \/>\n\u2022 Kuminen jousikuppi, jossa on ulkoneva holkki \u00e4\u00e4nisillan est\u00e4miseksi<br \/>\n\u2022 Erilaiset ripustustyypit.<br \/>\n\u2022 Esilatauspakkaus (pyynn\u00f6st\u00e4).<\/p>\n<p>*Ripustuspultti ei sis\u00e4lly toimitukseen.<\/p>\n<p>&nbsp;<\/p>\n<p>SOVELLUKSET<\/p>\n<p>T\u00e4rin\u00e4nvaimenninta Vibro CH voidaan k\u00e4ytt\u00e4\u00e4 seuraavissa sovelluksissa:<\/p>\n<p>\u00c4\u00e4nieristys kelluvissa katoissa t\u00e4rin\u00e4nvaimentimena (katto kipsilevyll\u00e4)<br \/>\nT\u00e4rin\u00e4nvaimennuskoneen roikkuu (eli FCU), putkien, ilmakanavien, kaiuttimien jne. T\u00e4rin\u00e4neristys.<\/p>\n<p>&nbsp;<\/p>\n<table border=\"1\" width=\"281\" cellspacing=\"1\" cellpadding=\"1\">\n<tbody>\n<tr>\n<td>\n<p align=\"center\"><strong>TYPE<\/strong><\/p>\n<\/td>\n<td>\n<p align=\"center\"><strong>MAXIMUM LOAD (kp*)<\/strong><\/p>\n<\/td>\n<\/tr>\n<tr>\n<td>\n<p align=\"center\"><strong><em>Vibro<\/em>-CH.25<\/strong><\/p>\n<\/td>\n<td>\n<p align=\"center\">25<\/p>\n<\/td>\n<\/tr>\n<tr>\n<td>\n<p align=\"center\"><strong><em>Vibro<\/em>-CH.50<\/strong><\/p>\n<\/td>\n<td>\n<p align=\"center\">50<\/p>\n<\/td>\n<\/tr>\n<tr>\n<td>\n<p align=\"center\"><strong><em>Vibro<\/em>-CH.100<\/strong><\/p>\n<\/td>\n<td>\n<p align=\"center\">100<\/p>\n<\/td>\n<\/tr>\n<tr>\n<td>\n<p align=\"center\"><strong><em>Vibro<\/em>-CH.150<\/strong><\/p>\n<\/td>\n<td>\n<p align=\"center\">150<\/p>\n<\/td>\n<\/tr>\n<\/tbody>\n<\/table>\n<p><em>*1kp = 10N<\/em><\/p>\n<p><strong>Dynaamiset ominaisuudet<\/strong><\/p>\n<p>Luonnollinen taajuus jopa 3 Hz<br \/>\nStaattinen taipuma noin 25 mm suurimmalla kuormituksella<\/p>\n<p>&nbsp;<\/p>\n<p>Valmistaja: <a href=\"https:\/\/antivibration-systems.com\">ALPHA ACOUSTIKI Ltd<\/a><\/p>\n<p>&nbsp;<\/p>\n<p><a href=\"https:\/\/hotelli03.domainhotelli.fi\/~lsdoecli\/tuote-osasto\/akustiikka\/\">Katso my\u00f6s muut t\u00e4rin\u00e4eristys tuotteet t\u00e4st\u00e4!<\/a><\/p>\n","protected":false},"excerpt":{"rendered":"<p>Jousiripustin, joka koostuu t\u00e4rin\u00e4nesto kumista ja metallijousen yhdistelm\u00e4st\u00e4 t\u00e4rin\u00e4n erist\u00e4miseksi paremmin. T\u00e4rin\u00e4nvaimennin Vibro CH: t\u00e4 voidaan k\u00e4ytt\u00e4\u00e4 seuraavissa sovelluksissa: \u00c4\u00e4nieristys kelluvissa katoissa t\u00e4rin\u00e4nvaimentimena (ripustuskatto kipsilevyll\u00e4) T\u00e4rin\u00e4nvaimentimen ripustaminen (eli FCU), putkien, ilmakanavien, kaiuttimien jne.<\/p>\n","protected":false},"featured_media":5686,"comment_status":"open","ping_status":"closed","template":"","meta":[],"product_cat":[832],"product_tag":[],"yoast_head":"<!-- This site is optimized with the Yoast SEO Premium plugin v18.9 (Yoast SEO v19.3) - https:\/\/yoast.com\/wordpress\/plugins\/seo\/ -->\n<title>Jousiripustin Vibro-CH | Laadukkaat ripustimet | JV Tuonti<\/title>\n<meta name=\"description\" content=\"Jousiripustin Vibro-CH koostuu t\u00e4rin\u00e4nvaimentavan kumin ja metallijousen yhdistelm\u00e4st\u00e4 matalan ja korkean taajuuden t\u00e4rin\u00e4n erist\u00e4miseksi\" \/>\n<meta name=\"robots\" content=\"index, follow, max-snippet:-1, max-image-preview:large, max-video-preview:-1\" \/>\n<link rel=\"canonical\" href=\"https:\/\/hotelli03.domainhotelli.fi\/~lsdoecli\/tuote\/jousiripustin-vibro-ch\/\" \/>\n<meta property=\"og:locale\" content=\"fi_FI\" \/>\n<meta property=\"og:type\" content=\"article\" \/>\n<meta property=\"og:title\" content=\"Jousiripustin Vibro-CH\" \/>\n<meta property=\"og:description\" content=\"Jousiripustin Vibro-CH koostuu t\u00e4rin\u00e4nvaimentavan kumin ja metallijousen yhdistelm\u00e4st\u00e4 matalan ja korkean taajuuden t\u00e4rin\u00e4n erist\u00e4miseksi\" \/>\n<meta property=\"og:url\" content=\"https:\/\/hotelli03.domainhotelli.fi\/~lsdoecli\/tuote\/jousiripustin-vibro-ch\/\" \/>\n<meta property=\"og:site_name\" content=\"JV Tuonti\" \/>\n<meta property=\"article:publisher\" content=\"https:\/\/www.facebook.com\/JVTuontiOy\" \/>\n<meta property=\"article:modified_time\" content=\"2021-08-25T07:45:53+00:00\" \/>\n<meta property=\"og:image\" content=\"https:\/\/hotelli03.domainhotelli.fi\/~lsdoecli\/wp-content\/uploads\/2021\/08\/Jousiripustin-Vibro-CH.jpg\" \/>\n\t<meta property=\"og:image:width\" content=\"280\" \/>\n\t<meta property=\"og:image:height\" content=\"210\" \/>\n\t<meta property=\"og:image:type\" content=\"image\/jpeg\" \/>\n<meta name=\"twitter:card\" content=\"summary_large_image\" \/>\n<meta name=\"twitter:label1\" content=\"Availability\" \/>\n\t<meta name=\"twitter:data1\" content=\"On backorder\" \/>\n<script type=\"application\/ld+json\" class=\"yoast-schema-graph\">{\"@context\":\"https:\/\/schema.org\",\"@graph\":[{\"@type\":[\"Organization\",\"Place\",\"WholesaleStore\"],\"@id\":\"https:\/\/hotelli03.domainhotelli.fi\/~lsdoecli\/#organization\",\"name\":\"JV Tuonti Oy\",\"url\":\"https:\/\/hotelli03.domainhotelli.fi\/~lsdoecli\/\",\"sameAs\":[\"https:\/\/instagram.com\/jvtuontioy?utm_medium=copy_link\",\"https:\/\/www.facebook.com\/JVTuontiOy\"],\"logo\":{\"@id\":\"https:\/\/hotelli03.domainhotelli.fi\/~lsdoecli\/tuote\/jousiripustin-vibro-ch\/#local-main-organization-logo\"},\"image\":{\"@id\":\"https:\/\/hotelli03.domainhotelli.fi\/~lsdoecli\/tuote\/jousiripustin-vibro-ch\/#local-main-organization-logo\"},\"address\":{\"@id\":\"https:\/\/hotelli03.domainhotelli.fi\/~lsdoecli\/tuote\/jousiripustin-vibro-ch\/#local-main-place-address\"},\"geo\":{\"@type\":\"GeoCoordinates\",\"latitude\":\"60.28431\",\"longitude\":\"24.81654\"},\"telephone\":[\"0408369980\"],\"openingHoursSpecification\":[{\"@type\":\"OpeningHoursSpecification\",\"dayOfWeek\":[\"Monday\",\"Tuesday\",\"Wednesday\",\"Thursday\",\"Friday\"],\"opens\":\"08:00\",\"closes\":\"16:00\"},{\"@type\":\"OpeningHoursSpecification\",\"dayOfWeek\":[\"Saturday\",\"Sunday\"],\"opens\":\"00:00\",\"closes\":\"00:00\"}],\"email\":\"myynti@hotelli03.domainhotelli.fi\",\"areaServed\":\"Suomi, Ruotsi\",\"vatID\":\"FI30178387\",\"priceRange\":\"$$\",\"currenciesAccepted\":\"\u20ac\",\"paymentAccepted\":\"Lasku, pankkikortti\"},{\"@type\":\"WebSite\",\"@id\":\"https:\/\/hotelli03.domainhotelli.fi\/~lsdoecli\/#website\",\"url\":\"https:\/\/hotelli03.domainhotelli.fi\/~lsdoecli\/\",\"name\":\"JV Tuonti\",\"description\":\"JV Tuonti Oy:n verkkokauppa\",\"publisher\":{\"@id\":\"https:\/\/hotelli03.domainhotelli.fi\/~lsdoecli\/#organization\"},\"potentialAction\":[{\"@type\":\"SearchAction\",\"target\":{\"@type\":\"EntryPoint\",\"urlTemplate\":\"https:\/\/hotelli03.domainhotelli.fi\/~lsdoecli\/?s={search_term_string}\"},\"query-input\":\"required name=search_term_string\"}],\"inLanguage\":\"fi\"},{\"@type\":\"ImageObject\",\"inLanguage\":\"fi\",\"@id\":\"https:\/\/hotelli03.domainhotelli.fi\/~lsdoecli\/tuote\/jousiripustin-vibro-ch\/#primaryimage\",\"url\":\"https:\/\/hotelli03.domainhotelli.fi\/~lsdoecli\/wp-content\/uploads\/2021\/08\/Jousiripustin-Vibro-CH.jpg\",\"contentUrl\":\"https:\/\/hotelli03.domainhotelli.fi\/~lsdoecli\/wp-content\/uploads\/2021\/08\/Jousiripustin-Vibro-CH.jpg\",\"width\":280,\"height\":210,\"caption\":\"Jousiripustin Vibro-CH\"},{\"@type\":\"WebPage\",\"@id\":\"https:\/\/hotelli03.domainhotelli.fi\/~lsdoecli\/tuote\/jousiripustin-vibro-ch\/\",\"url\":\"https:\/\/hotelli03.domainhotelli.fi\/~lsdoecli\/tuote\/jousiripustin-vibro-ch\/\",\"name\":\"Jousiripustin Vibro-CH | Laadukkaat ripustimet | JV Tuonti\",\"isPartOf\":{\"@id\":\"https:\/\/hotelli03.domainhotelli.fi\/~lsdoecli\/#website\"},\"primaryImageOfPage\":{\"@id\":\"https:\/\/hotelli03.domainhotelli.fi\/~lsdoecli\/tuote\/jousiripustin-vibro-ch\/#primaryimage\"},\"datePublished\":\"2021-08-25T07:29:46+00:00\",\"dateModified\":\"2021-08-25T07:45:53+00:00\",\"description\":\"Jousiripustin Vibro-CH koostuu t\u00e4rin\u00e4nvaimentavan kumin ja metallijousen yhdistelm\u00e4st\u00e4 matalan ja korkean taajuuden t\u00e4rin\u00e4n erist\u00e4miseksi\",\"breadcrumb\":{\"@id\":\"https:\/\/hotelli03.domainhotelli.fi\/~lsdoecli\/tuote\/jousiripustin-vibro-ch\/#breadcrumb\"},\"inLanguage\":\"fi\",\"potentialAction\":[{\"@type\":\"ReadAction\",\"target\":[\"https:\/\/hotelli03.domainhotelli.fi\/~lsdoecli\/tuote\/jousiripustin-vibro-ch\/\"]}]},{\"@type\":\"BreadcrumbList\",\"@id\":\"https:\/\/hotelli03.domainhotelli.fi\/~lsdoecli\/tuote\/jousiripustin-vibro-ch\/#breadcrumb\",\"itemListElement\":[{\"@type\":\"ListItem\",\"position\":1,\"name\":\"Etusivu\",\"item\":\"https:\/\/hotelli03.domainhotelli.fi\/~lsdoecli\/\"},{\"@type\":\"ListItem\",\"position\":2,\"name\":\"Kauppa\",\"item\":\"https:\/\/hotelli03.domainhotelli.fi\/~lsdoecli\/kauppa\/\"},{\"@type\":\"ListItem\",\"position\":3,\"name\":\"Jousiripustin Vibro-CH\"}]},{\"@type\":\"PostalAddress\",\"@id\":\"https:\/\/hotelli03.domainhotelli.fi\/~lsdoecli\/tuote\/jousiripustin-vibro-ch\/#local-main-place-address\",\"streetAddress\":\"Pyymosantie 5a\",\"addressLocality\":\"Vantaa\",\"postalCode\":\"01720\",\"addressCountry\":\"FI\"},{\"@type\":\"ImageObject\",\"inLanguage\":\"fi\",\"@id\":\"https:\/\/hotelli03.domainhotelli.fi\/~lsdoecli\/tuote\/jousiripustin-vibro-ch\/#local-main-organization-logo\",\"url\":\"https:\/\/hotelli03.domainhotelli.fi\/~lsdoecli\/wp-content\/uploads\/2021\/08\/JVTuonti_logo_nelio.jpg\",\"contentUrl\":\"https:\/\/hotelli03.domainhotelli.fi\/~lsdoecli\/wp-content\/uploads\/2021\/08\/JVTuonti_logo_nelio.jpg\",\"width\":550,\"height\":550,\"caption\":\"JV Tuonti Oy\"}]}<\/script>\n<meta property=\"og:availability\" content=\"backorder\" \/>\n<meta property=\"product:availability\" content=\"available for order\" \/>\n<meta property=\"product:condition\" content=\"new\" \/>\n<meta name=\"geo.placename\" content=\"Vantaa\" \/>\n<meta name=\"geo.position\" content=\"60.28431;24.81654\" \/>\n<meta name=\"geo.region\" content=\"Suomi\" \/>\n<!-- \/ Yoast SEO Premium plugin. -->","yoast_head_json":{"title":"Jousiripustin Vibro-CH | Laadukkaat ripustimet | JV Tuonti","description":"Jousiripustin Vibro-CH koostuu t\u00e4rin\u00e4nvaimentavan kumin ja metallijousen yhdistelm\u00e4st\u00e4 matalan ja korkean taajuuden t\u00e4rin\u00e4n erist\u00e4miseksi","robots":{"index":"index","follow":"follow","max-snippet":"max-snippet:-1","max-image-preview":"max-image-preview:large","max-video-preview":"max-video-preview:-1"},"canonical":"https:\/\/hotelli03.domainhotelli.fi\/~lsdoecli\/tuote\/jousiripustin-vibro-ch\/","og_locale":"fi_FI","og_type":"article","og_title":"Jousiripustin Vibro-CH","og_description":"Jousiripustin Vibro-CH koostuu t\u00e4rin\u00e4nvaimentavan kumin ja metallijousen yhdistelm\u00e4st\u00e4 matalan ja korkean taajuuden t\u00e4rin\u00e4n erist\u00e4miseksi","og_url":"https:\/\/hotelli03.domainhotelli.fi\/~lsdoecli\/tuote\/jousiripustin-vibro-ch\/","og_site_name":"JV Tuonti","article_publisher":"https:\/\/www.facebook.com\/JVTuontiOy","article_modified_time":"2021-08-25T07:45:53+00:00","og_image":[{"width":280,"height":210,"url":"https:\/\/hotelli03.domainhotelli.fi\/~lsdoecli\/wp-content\/uploads\/2021\/08\/Jousiripustin-Vibro-CH.jpg","type":"image\/jpeg"}],"twitter_card":"summary_large_image","twitter_misc":{"Availability":"On backorder"},"schema":{"@context":"https:\/\/schema.org","@graph":[{"@type":["Organization","Place","WholesaleStore"],"@id":"https:\/\/hotelli03.domainhotelli.fi\/~lsdoecli\/#organization","name":"JV Tuonti Oy","url":"https:\/\/hotelli03.domainhotelli.fi\/~lsdoecli\/","sameAs":["https:\/\/instagram.com\/jvtuontioy?utm_medium=copy_link","https:\/\/www.facebook.com\/JVTuontiOy"],"logo":{"@id":"https:\/\/hotelli03.domainhotelli.fi\/~lsdoecli\/tuote\/jousiripustin-vibro-ch\/#local-main-organization-logo"},"image":{"@id":"https:\/\/hotelli03.domainhotelli.fi\/~lsdoecli\/tuote\/jousiripustin-vibro-ch\/#local-main-organization-logo"},"address":{"@id":"https:\/\/hotelli03.domainhotelli.fi\/~lsdoecli\/tuote\/jousiripustin-vibro-ch\/#local-main-place-address"},"geo":{"@type":"GeoCoordinates","latitude":"60.28431","longitude":"24.81654"},"telephone":["0408369980"],"openingHoursSpecification":[{"@type":"OpeningHoursSpecification","dayOfWeek":["Monday","Tuesday","Wednesday","Thursday","Friday"],"opens":"08:00","closes":"16:00"},{"@type":"OpeningHoursSpecification","dayOfWeek":["Saturday","Sunday"],"opens":"00:00","closes":"00:00"}],"email":"myynti@hotelli03.domainhotelli.fi","areaServed":"Suomi, Ruotsi","vatID":"FI30178387","priceRange":"$$","currenciesAccepted":"\u20ac","paymentAccepted":"Lasku, pankkikortti"},{"@type":"WebSite","@id":"https:\/\/hotelli03.domainhotelli.fi\/~lsdoecli\/#website","url":"https:\/\/hotelli03.domainhotelli.fi\/~lsdoecli\/","name":"JV Tuonti","description":"JV Tuonti Oy:n verkkokauppa","publisher":{"@id":"https:\/\/hotelli03.domainhotelli.fi\/~lsdoecli\/#organization"},"potentialAction":[{"@type":"SearchAction","target":{"@type":"EntryPoint","urlTemplate":"https:\/\/hotelli03.domainhotelli.fi\/~lsdoecli\/?s={search_term_string}"},"query-input":"required name=search_term_string"}],"inLanguage":"fi"},{"@type":"ImageObject","inLanguage":"fi","@id":"https:\/\/hotelli03.domainhotelli.fi\/~lsdoecli\/tuote\/jousiripustin-vibro-ch\/#primaryimage","url":"https:\/\/hotelli03.domainhotelli.fi\/~lsdoecli\/wp-content\/uploads\/2021\/08\/Jousiripustin-Vibro-CH.jpg","contentUrl":"https:\/\/hotelli03.domainhotelli.fi\/~lsdoecli\/wp-content\/uploads\/2021\/08\/Jousiripustin-Vibro-CH.jpg","width":280,"height":210,"caption":"Jousiripustin Vibro-CH"},{"@type":"WebPage","@id":"https:\/\/hotelli03.domainhotelli.fi\/~lsdoecli\/tuote\/jousiripustin-vibro-ch\/","url":"https:\/\/hotelli03.domainhotelli.fi\/~lsdoecli\/tuote\/jousiripustin-vibro-ch\/","name":"Jousiripustin Vibro-CH | Laadukkaat ripustimet | JV Tuonti","isPartOf":{"@id":"https:\/\/hotelli03.domainhotelli.fi\/~lsdoecli\/#website"},"primaryImageOfPage":{"@id":"https:\/\/hotelli03.domainhotelli.fi\/~lsdoecli\/tuote\/jousiripustin-vibro-ch\/#primaryimage"},"datePublished":"2021-08-25T07:29:46+00:00","dateModified":"2021-08-25T07:45:53+00:00","description":"Jousiripustin Vibro-CH koostuu t\u00e4rin\u00e4nvaimentavan kumin ja metallijousen yhdistelm\u00e4st\u00e4 matalan ja korkean taajuuden t\u00e4rin\u00e4n erist\u00e4miseksi","breadcrumb":{"@id":"https:\/\/hotelli03.domainhotelli.fi\/~lsdoecli\/tuote\/jousiripustin-vibro-ch\/#breadcrumb"},"inLanguage":"fi","potentialAction":[{"@type":"ReadAction","target":["https:\/\/hotelli03.domainhotelli.fi\/~lsdoecli\/tuote\/jousiripustin-vibro-ch\/"]}]},{"@type":"BreadcrumbList","@id":"https:\/\/hotelli03.domainhotelli.fi\/~lsdoecli\/tuote\/jousiripustin-vibro-ch\/#breadcrumb","itemListElement":[{"@type":"ListItem","position":1,"name":"Etusivu","item":"https:\/\/hotelli03.domainhotelli.fi\/~lsdoecli\/"},{"@type":"ListItem","position":2,"name":"Kauppa","item":"https:\/\/hotelli03.domainhotelli.fi\/~lsdoecli\/kauppa\/"},{"@type":"ListItem","position":3,"name":"Jousiripustin Vibro-CH"}]},{"@type":"PostalAddress","@id":"https:\/\/hotelli03.domainhotelli.fi\/~lsdoecli\/tuote\/jousiripustin-vibro-ch\/#local-main-place-address","streetAddress":"Pyymosantie 5a","addressLocality":"Vantaa","postalCode":"01720","addressCountry":"FI"},{"@type":"ImageObject","inLanguage":"fi","@id":"https:\/\/hotelli03.domainhotelli.fi\/~lsdoecli\/tuote\/jousiripustin-vibro-ch\/#local-main-organization-logo","url":"https:\/\/hotelli03.domainhotelli.fi\/~lsdoecli\/wp-content\/uploads\/2021\/08\/JVTuonti_logo_nelio.jpg","contentUrl":"https:\/\/hotelli03.domainhotelli.fi\/~lsdoecli\/wp-content\/uploads\/2021\/08\/JVTuonti_logo_nelio.jpg","width":550,"height":550,"caption":"JV Tuonti Oy"}]},"og_availability":"backorder","product_availability":"available for order","product_condition":"new","geo.placename":"Vantaa","geo.position":{"lat":"60.28431","long":"24.81654"},"geo.region":"Suomi"},"_links":{"self":[{"href":"https:\/\/hotelli03.domainhotelli.fi\/~lsdoecli\/wp-json\/wp\/v2\/product\/5685"}],"collection":[{"href":"https:\/\/hotelli03.domainhotelli.fi\/~lsdoecli\/wp-json\/wp\/v2\/product"}],"about":[{"href":"https:\/\/hotelli03.domainhotelli.fi\/~lsdoecli\/wp-json\/wp\/v2\/types\/product"}],"replies":[{"embeddable":true,"href":"https:\/\/hotelli03.domainhotelli.fi\/~lsdoecli\/wp-json\/wp\/v2\/comments?post=5685"}],"wp:featuredmedia":[{"embeddable":true,"href":"https:\/\/hotelli03.domainhotelli.fi\/~lsdoecli\/wp-json\/wp\/v2\/media\/5686"}],"wp:attachment":[{"href":"https:\/\/hotelli03.domainhotelli.fi\/~lsdoecli\/wp-json\/wp\/v2\/media?parent=5685"}],"wp:term":[{"taxonomy":"product_cat","embeddable":true,"href":"https:\/\/hotelli03.domainhotelli.fi\/~lsdoecli\/wp-json\/wp\/v2\/product_cat?post=5685"},{"taxonomy":"product_tag","embeddable":true,"href":"https:\/\/hotelli03.domainhotelli.fi\/~lsdoecli\/wp-json\/wp\/v2\/product_tag?post=5685"}],"curies":[{"name":"wp","href":"https:\/\/api.w.org\/{rel}","templated":true}]}}