{"id":5659,"date":"2021-08-24T11:23:14","date_gmt":"2021-08-24T11:23:14","guid":{"rendered":"https:\/\/hotelli03.domainhotelli.fi\/~lsdoecli\/?post_type=product&#038;p=5659"},"modified":"2022-06-09T11:38:25","modified_gmt":"2022-06-09T11:38:25","slug":"jousivaimennusblokit-seisminen-vibro-msr","status":"publish","type":"product","link":"https:\/\/hotelli03.domainhotelli.fi\/~lsdoecli\/tuote\/jousivaimennusblokit-seisminen-vibro-msr\/","title":{"rendered":"Jousivaimennusblokit seisminen Vibro-MSR"},"content":{"rendered":"<h2>Jousivaimennusblokit seisminen Vibro-MSR<\/h2>\n<p>Jousivaimennusblokit seisminen Vibro-MSR\u00a0 kotelo on suunniteltu rajoittamaan eristettyjen laitteiden pystysuoraa ja vaakasuoraa liikett\u00e4 ja tarjoaa seismisen suojan.<\/p>\n<p>Vibro-MSR on t\u00e4rin\u00e4nvaimennuskiinnike, jossa on useita jousia ja jotka voivat tarjota monisuuntaisen pid\u00e4tyksen. Sit\u00e4 voidaan k\u00e4ytt\u00e4\u00e4 matalataajuisilla t\u00e4rin\u00e4nhallintasovelluksilla (hidas kierros 400 rpm yl\u00f6sp\u00e4in) raskaisiin koneisiin, joissa tarvitaan sivuttais- ja pystysuoraa tukea ja suojaa maanj\u00e4ristyksilt\u00e4 ja liialliselta tuulenpaineelta. Ne kest\u00e4v\u00e4t j\u00e4nnitys-, puristus- ja leikkausvoimia.<\/p>\n<p>Tyypillisi\u00e4 k\u00e4ytt\u00f6kohteita ovat ilmakompressorit, kaksitahtimoottorit, j\u00e4\u00e4hdyttimet, vesij\u00e4\u00e4hdytystornit, ilmank\u00e4sittelykoneet jne.<\/p>\n<p>Innovatiivisella rakenteellaan varustettu jousieristin Vibro-MSR voi tarjota samanaikaisesti seismisen suojan, tuulenpaineen sivuvoimien onnistuneen yll\u00e4pit\u00e4misen ja samalla v\u00e4hent\u00e4\u00e4 t\u00e4rin\u00e4n siirtymist\u00e4 tukirakenteisiin.<\/p>\n<p>Pohjassa oleva kumiprofiili toimii \u00e4\u00e4nieristeen\u00e4 ja lis\u00e4\u00e4 eristystehokkuutta korkeilla taajuuksilla, jotka voidaan l\u00e4hett\u00e4\u00e4 jousien kautta (valinnainen).<\/p>\n<p>SOVELLUKSET<\/p>\n<p>Vibro-MSR.Restrained on suositeltavaa k\u00e4ytt\u00e4\u00e4 mekaaniseen melun ja t\u00e4rin\u00e4n erist\u00e4miseen seuraavissa tilanteissa:<\/p>\n<p>T\u00e4rin\u00e4laitteet altistuvat todenn\u00e4k\u00f6isesti seismisille tapahtumille.<br \/>\nKun v\u00e4r\u00e4htelevill\u00e4 laitteilla on todenn\u00e4k\u00f6isesti merkitt\u00e4vi\u00e4 massakeskivaihteluita.<br \/>\nKun kohdistuu suuria tuulikuormia tai muita ulkoisia voimia.<\/p>\n<p>Valmistaja: <a href=\"https:\/\/antivibration-systems.com\">ALPHA ACOUSTIKI Ltd.<\/a><\/p>\n<p><a href=\"https:\/\/hotelli03.domainhotelli.fi\/~lsdoecli\/tuote-osasto\/akustiikka\/\">Katso my\u00f6s muut akustiikka tuotteet t\u00e4st\u00e4!<\/a><\/p>\n","protected":false},"excerpt":{"rendered":"<p><span lang=\"en-FI\">Iskunvaimennin rajoittaa vaakasuunteista liikett\u00e4 tehokkaasti, esim. tuulikuormaa<\/span><\/p>\n<p>&nbsp;<\/p>\n<p><img loading=\"lazy\" class=\"wp-image-4427 alignleft\" src=\"https:\/\/antivibration-systems.com\/wp-content\/uploads\/2014\/12\/table-msr.png\" sizes=\"(max-width: 611px) 100vw, 611px\" srcset=\"https:\/\/antivibration-systems.com\/wp-content\/uploads\/2014\/12\/table-msr.png 969w, https:\/\/antivibration-systems.com\/wp-content\/uploads\/2014\/12\/table-msr-300x101.png 300w\" alt=\"table msr\" width=\"611\" height=\"205\" \/><\/p>\n","protected":false},"featured_media":5668,"comment_status":"open","ping_status":"closed","template":"","meta":[],"product_cat":[832],"product_tag":[833,834],"yoast_head":"<!-- This site is optimized with the Yoast SEO Premium plugin v18.9 (Yoast SEO v19.3) - https:\/\/yoast.com\/wordpress\/plugins\/seo\/ -->\n<title>Jousivaimennusblokit seisminen Vibro-MSR | Tilaa verkosta | JV Tuonti<\/title>\n<meta name=\"description\" content=\"Jousivaimennusblokit seisminen Vibro-MSR\u00a0 kotelo on suunniteltu rajoittamaan eristettyjen laitteiden pystysuoraa ja vaakasuoraa liikett\u00e4.\" \/>\n<meta name=\"robots\" content=\"index, follow, max-snippet:-1, max-image-preview:large, max-video-preview:-1\" \/>\n<link rel=\"canonical\" href=\"https:\/\/hotelli03.domainhotelli.fi\/~lsdoecli\/tuote\/jousivaimennusblokit-seisminen-vibro-msr\/\" \/>\n<meta property=\"og:locale\" content=\"fi_FI\" \/>\n<meta property=\"og:type\" content=\"article\" \/>\n<meta property=\"og:title\" content=\"Jousivaimennusblokit seisminen Vibro-MSR\" \/>\n<meta property=\"og:description\" content=\"Jousivaimennusblokit seisminen Vibro-MSR\u00a0 kotelo on suunniteltu rajoittamaan eristettyjen laitteiden pystysuoraa ja vaakasuoraa liikett\u00e4.\" \/>\n<meta property=\"og:url\" content=\"https:\/\/hotelli03.domainhotelli.fi\/~lsdoecli\/tuote\/jousivaimennusblokit-seisminen-vibro-msr\/\" \/>\n<meta property=\"og:site_name\" content=\"JV Tuonti\" \/>\n<meta property=\"article:publisher\" content=\"https:\/\/www.facebook.com\/JVTuontiOy\" \/>\n<meta property=\"article:modified_time\" content=\"2022-06-09T11:38:25+00:00\" \/>\n<meta property=\"og:image\" content=\"https:\/\/hotelli03.domainhotelli.fi\/~lsdoecli\/wp-content\/uploads\/2021\/08\/Jousivaimennusblokit-seisminen-Vibro-MSR-.jpg\" \/>\n\t<meta property=\"og:image:width\" content=\"255\" \/>\n\t<meta property=\"og:image:height\" content=\"199\" \/>\n\t<meta property=\"og:image:type\" content=\"image\/jpeg\" \/>\n<meta name=\"twitter:card\" content=\"summary_large_image\" \/>\n<meta name=\"twitter:label1\" content=\"Availability\" \/>\n\t<meta name=\"twitter:data1\" content=\"On backorder\" \/>\n<script type=\"application\/ld+json\" class=\"yoast-schema-graph\">{\"@context\":\"https:\/\/schema.org\",\"@graph\":[{\"@type\":[\"Organization\",\"Place\",\"WholesaleStore\"],\"@id\":\"https:\/\/hotelli03.domainhotelli.fi\/~lsdoecli\/#organization\",\"name\":\"JV Tuonti Oy\",\"url\":\"https:\/\/hotelli03.domainhotelli.fi\/~lsdoecli\/\",\"sameAs\":[\"https:\/\/instagram.com\/jvtuontioy?utm_medium=copy_link\",\"https:\/\/www.facebook.com\/JVTuontiOy\"],\"logo\":{\"@id\":\"https:\/\/hotelli03.domainhotelli.fi\/~lsdoecli\/tuote\/jousivaimennusblokit-seisminen-vibro-msr\/#local-main-organization-logo\"},\"image\":{\"@id\":\"https:\/\/hotelli03.domainhotelli.fi\/~lsdoecli\/tuote\/jousivaimennusblokit-seisminen-vibro-msr\/#local-main-organization-logo\"},\"address\":{\"@id\":\"https:\/\/hotelli03.domainhotelli.fi\/~lsdoecli\/tuote\/jousivaimennusblokit-seisminen-vibro-msr\/#local-main-place-address\"},\"geo\":{\"@type\":\"GeoCoordinates\",\"latitude\":\"60.28431\",\"longitude\":\"24.81654\"},\"telephone\":[\"0408369980\"],\"openingHoursSpecification\":[{\"@type\":\"OpeningHoursSpecification\",\"dayOfWeek\":[\"Monday\",\"Tuesday\",\"Wednesday\",\"Thursday\",\"Friday\"],\"opens\":\"08:00\",\"closes\":\"16:00\"},{\"@type\":\"OpeningHoursSpecification\",\"dayOfWeek\":[\"Saturday\",\"Sunday\"],\"opens\":\"00:00\",\"closes\":\"00:00\"}],\"email\":\"myynti@hotelli03.domainhotelli.fi\",\"areaServed\":\"Suomi, Ruotsi\",\"vatID\":\"FI30178387\",\"priceRange\":\"$$\",\"currenciesAccepted\":\"\u20ac\",\"paymentAccepted\":\"Lasku, pankkikortti\"},{\"@type\":\"WebSite\",\"@id\":\"https:\/\/hotelli03.domainhotelli.fi\/~lsdoecli\/#website\",\"url\":\"https:\/\/hotelli03.domainhotelli.fi\/~lsdoecli\/\",\"name\":\"JV Tuonti\",\"description\":\"JV Tuonti Oy:n verkkokauppa\",\"publisher\":{\"@id\":\"https:\/\/hotelli03.domainhotelli.fi\/~lsdoecli\/#organization\"},\"potentialAction\":[{\"@type\":\"SearchAction\",\"target\":{\"@type\":\"EntryPoint\",\"urlTemplate\":\"https:\/\/hotelli03.domainhotelli.fi\/~lsdoecli\/?s={search_term_string}\"},\"query-input\":\"required name=search_term_string\"}],\"inLanguage\":\"fi\"},{\"@type\":\"ImageObject\",\"inLanguage\":\"fi\",\"@id\":\"https:\/\/hotelli03.domainhotelli.fi\/~lsdoecli\/tuote\/jousivaimennusblokit-seisminen-vibro-msr\/#primaryimage\",\"url\":\"https:\/\/hotelli03.domainhotelli.fi\/~lsdoecli\/wp-content\/uploads\/2021\/08\/Jousivaimennusblokit-seisminen-Vibro-MSR-.jpg\",\"contentUrl\":\"https:\/\/hotelli03.domainhotelli.fi\/~lsdoecli\/wp-content\/uploads\/2021\/08\/Jousivaimennusblokit-seisminen-Vibro-MSR-.jpg\",\"width\":255,\"height\":199,\"caption\":\"Jousivaimennusblokit seisminen Vibro-MSR\"},{\"@type\":\"WebPage\",\"@id\":\"https:\/\/hotelli03.domainhotelli.fi\/~lsdoecli\/tuote\/jousivaimennusblokit-seisminen-vibro-msr\/\",\"url\":\"https:\/\/hotelli03.domainhotelli.fi\/~lsdoecli\/tuote\/jousivaimennusblokit-seisminen-vibro-msr\/\",\"name\":\"Jousivaimennusblokit seisminen Vibro-MSR | Tilaa verkosta | JV Tuonti\",\"isPartOf\":{\"@id\":\"https:\/\/hotelli03.domainhotelli.fi\/~lsdoecli\/#website\"},\"primaryImageOfPage\":{\"@id\":\"https:\/\/hotelli03.domainhotelli.fi\/~lsdoecli\/tuote\/jousivaimennusblokit-seisminen-vibro-msr\/#primaryimage\"},\"datePublished\":\"2021-08-24T11:23:14+00:00\",\"dateModified\":\"2022-06-09T11:38:25+00:00\",\"description\":\"Jousivaimennusblokit seisminen Vibro-MSR\u00a0 kotelo on suunniteltu rajoittamaan eristettyjen laitteiden pystysuoraa ja vaakasuoraa liikett\u00e4.\",\"breadcrumb\":{\"@id\":\"https:\/\/hotelli03.domainhotelli.fi\/~lsdoecli\/tuote\/jousivaimennusblokit-seisminen-vibro-msr\/#breadcrumb\"},\"inLanguage\":\"fi\",\"potentialAction\":[{\"@type\":\"ReadAction\",\"target\":[\"https:\/\/hotelli03.domainhotelli.fi\/~lsdoecli\/tuote\/jousivaimennusblokit-seisminen-vibro-msr\/\"]}]},{\"@type\":\"BreadcrumbList\",\"@id\":\"https:\/\/hotelli03.domainhotelli.fi\/~lsdoecli\/tuote\/jousivaimennusblokit-seisminen-vibro-msr\/#breadcrumb\",\"itemListElement\":[{\"@type\":\"ListItem\",\"position\":1,\"name\":\"Etusivu\",\"item\":\"https:\/\/hotelli03.domainhotelli.fi\/~lsdoecli\/\"},{\"@type\":\"ListItem\",\"position\":2,\"name\":\"Kauppa\",\"item\":\"https:\/\/hotelli03.domainhotelli.fi\/~lsdoecli\/kauppa\/\"},{\"@type\":\"ListItem\",\"position\":3,\"name\":\"Jousivaimennusblokit seisminen Vibro-MSR\"}]},{\"@type\":\"PostalAddress\",\"@id\":\"https:\/\/hotelli03.domainhotelli.fi\/~lsdoecli\/tuote\/jousivaimennusblokit-seisminen-vibro-msr\/#local-main-place-address\",\"streetAddress\":\"Pyymosantie 5a\",\"addressLocality\":\"Vantaa\",\"postalCode\":\"01720\",\"addressCountry\":\"FI\"},{\"@type\":\"ImageObject\",\"inLanguage\":\"fi\",\"@id\":\"https:\/\/hotelli03.domainhotelli.fi\/~lsdoecli\/tuote\/jousivaimennusblokit-seisminen-vibro-msr\/#local-main-organization-logo\",\"url\":\"https:\/\/hotelli03.domainhotelli.fi\/~lsdoecli\/wp-content\/uploads\/2021\/08\/JVTuonti_logo_nelio.jpg\",\"contentUrl\":\"https:\/\/hotelli03.domainhotelli.fi\/~lsdoecli\/wp-content\/uploads\/2021\/08\/JVTuonti_logo_nelio.jpg\",\"width\":550,\"height\":550,\"caption\":\"JV Tuonti Oy\"}]}<\/script>\n<meta property=\"og:availability\" content=\"backorder\" \/>\n<meta property=\"product:availability\" content=\"available for order\" \/>\n<meta property=\"product:condition\" content=\"new\" \/>\n<meta name=\"geo.placename\" content=\"Vantaa\" \/>\n<meta name=\"geo.position\" content=\"60.28431;24.81654\" \/>\n<meta name=\"geo.region\" content=\"Suomi\" \/>\n<!-- \/ Yoast SEO Premium plugin. -->","yoast_head_json":{"title":"Jousivaimennusblokit seisminen Vibro-MSR | Tilaa verkosta | JV Tuonti","description":"Jousivaimennusblokit seisminen Vibro-MSR\u00a0 kotelo on suunniteltu rajoittamaan eristettyjen laitteiden pystysuoraa ja vaakasuoraa liikett\u00e4.","robots":{"index":"index","follow":"follow","max-snippet":"max-snippet:-1","max-image-preview":"max-image-preview:large","max-video-preview":"max-video-preview:-1"},"canonical":"https:\/\/hotelli03.domainhotelli.fi\/~lsdoecli\/tuote\/jousivaimennusblokit-seisminen-vibro-msr\/","og_locale":"fi_FI","og_type":"article","og_title":"Jousivaimennusblokit seisminen Vibro-MSR","og_description":"Jousivaimennusblokit seisminen Vibro-MSR\u00a0 kotelo on suunniteltu rajoittamaan eristettyjen laitteiden pystysuoraa ja vaakasuoraa liikett\u00e4.","og_url":"https:\/\/hotelli03.domainhotelli.fi\/~lsdoecli\/tuote\/jousivaimennusblokit-seisminen-vibro-msr\/","og_site_name":"JV Tuonti","article_publisher":"https:\/\/www.facebook.com\/JVTuontiOy","article_modified_time":"2022-06-09T11:38:25+00:00","og_image":[{"width":255,"height":199,"url":"https:\/\/hotelli03.domainhotelli.fi\/~lsdoecli\/wp-content\/uploads\/2021\/08\/Jousivaimennusblokit-seisminen-Vibro-MSR-.jpg","type":"image\/jpeg"}],"twitter_card":"summary_large_image","twitter_misc":{"Availability":"On backorder"},"schema":{"@context":"https:\/\/schema.org","@graph":[{"@type":["Organization","Place","WholesaleStore"],"@id":"https:\/\/hotelli03.domainhotelli.fi\/~lsdoecli\/#organization","name":"JV Tuonti Oy","url":"https:\/\/hotelli03.domainhotelli.fi\/~lsdoecli\/","sameAs":["https:\/\/instagram.com\/jvtuontioy?utm_medium=copy_link","https:\/\/www.facebook.com\/JVTuontiOy"],"logo":{"@id":"https:\/\/hotelli03.domainhotelli.fi\/~lsdoecli\/tuote\/jousivaimennusblokit-seisminen-vibro-msr\/#local-main-organization-logo"},"image":{"@id":"https:\/\/hotelli03.domainhotelli.fi\/~lsdoecli\/tuote\/jousivaimennusblokit-seisminen-vibro-msr\/#local-main-organization-logo"},"address":{"@id":"https:\/\/hotelli03.domainhotelli.fi\/~lsdoecli\/tuote\/jousivaimennusblokit-seisminen-vibro-msr\/#local-main-place-address"},"geo":{"@type":"GeoCoordinates","latitude":"60.28431","longitude":"24.81654"},"telephone":["0408369980"],"openingHoursSpecification":[{"@type":"OpeningHoursSpecification","dayOfWeek":["Monday","Tuesday","Wednesday","Thursday","Friday"],"opens":"08:00","closes":"16:00"},{"@type":"OpeningHoursSpecification","dayOfWeek":["Saturday","Sunday"],"opens":"00:00","closes":"00:00"}],"email":"myynti@hotelli03.domainhotelli.fi","areaServed":"Suomi, Ruotsi","vatID":"FI30178387","priceRange":"$$","currenciesAccepted":"\u20ac","paymentAccepted":"Lasku, pankkikortti"},{"@type":"WebSite","@id":"https:\/\/hotelli03.domainhotelli.fi\/~lsdoecli\/#website","url":"https:\/\/hotelli03.domainhotelli.fi\/~lsdoecli\/","name":"JV Tuonti","description":"JV Tuonti Oy:n verkkokauppa","publisher":{"@id":"https:\/\/hotelli03.domainhotelli.fi\/~lsdoecli\/#organization"},"potentialAction":[{"@type":"SearchAction","target":{"@type":"EntryPoint","urlTemplate":"https:\/\/hotelli03.domainhotelli.fi\/~lsdoecli\/?s={search_term_string}"},"query-input":"required name=search_term_string"}],"inLanguage":"fi"},{"@type":"ImageObject","inLanguage":"fi","@id":"https:\/\/hotelli03.domainhotelli.fi\/~lsdoecli\/tuote\/jousivaimennusblokit-seisminen-vibro-msr\/#primaryimage","url":"https:\/\/hotelli03.domainhotelli.fi\/~lsdoecli\/wp-content\/uploads\/2021\/08\/Jousivaimennusblokit-seisminen-Vibro-MSR-.jpg","contentUrl":"https:\/\/hotelli03.domainhotelli.fi\/~lsdoecli\/wp-content\/uploads\/2021\/08\/Jousivaimennusblokit-seisminen-Vibro-MSR-.jpg","width":255,"height":199,"caption":"Jousivaimennusblokit seisminen Vibro-MSR"},{"@type":"WebPage","@id":"https:\/\/hotelli03.domainhotelli.fi\/~lsdoecli\/tuote\/jousivaimennusblokit-seisminen-vibro-msr\/","url":"https:\/\/hotelli03.domainhotelli.fi\/~lsdoecli\/tuote\/jousivaimennusblokit-seisminen-vibro-msr\/","name":"Jousivaimennusblokit seisminen Vibro-MSR | Tilaa verkosta | JV Tuonti","isPartOf":{"@id":"https:\/\/hotelli03.domainhotelli.fi\/~lsdoecli\/#website"},"primaryImageOfPage":{"@id":"https:\/\/hotelli03.domainhotelli.fi\/~lsdoecli\/tuote\/jousivaimennusblokit-seisminen-vibro-msr\/#primaryimage"},"datePublished":"2021-08-24T11:23:14+00:00","dateModified":"2022-06-09T11:38:25+00:00","description":"Jousivaimennusblokit seisminen Vibro-MSR\u00a0 kotelo on suunniteltu rajoittamaan eristettyjen laitteiden pystysuoraa ja vaakasuoraa liikett\u00e4.","breadcrumb":{"@id":"https:\/\/hotelli03.domainhotelli.fi\/~lsdoecli\/tuote\/jousivaimennusblokit-seisminen-vibro-msr\/#breadcrumb"},"inLanguage":"fi","potentialAction":[{"@type":"ReadAction","target":["https:\/\/hotelli03.domainhotelli.fi\/~lsdoecli\/tuote\/jousivaimennusblokit-seisminen-vibro-msr\/"]}]},{"@type":"BreadcrumbList","@id":"https:\/\/hotelli03.domainhotelli.fi\/~lsdoecli\/tuote\/jousivaimennusblokit-seisminen-vibro-msr\/#breadcrumb","itemListElement":[{"@type":"ListItem","position":1,"name":"Etusivu","item":"https:\/\/hotelli03.domainhotelli.fi\/~lsdoecli\/"},{"@type":"ListItem","position":2,"name":"Kauppa","item":"https:\/\/hotelli03.domainhotelli.fi\/~lsdoecli\/kauppa\/"},{"@type":"ListItem","position":3,"name":"Jousivaimennusblokit seisminen Vibro-MSR"}]},{"@type":"PostalAddress","@id":"https:\/\/hotelli03.domainhotelli.fi\/~lsdoecli\/tuote\/jousivaimennusblokit-seisminen-vibro-msr\/#local-main-place-address","streetAddress":"Pyymosantie 5a","addressLocality":"Vantaa","postalCode":"01720","addressCountry":"FI"},{"@type":"ImageObject","inLanguage":"fi","@id":"https:\/\/hotelli03.domainhotelli.fi\/~lsdoecli\/tuote\/jousivaimennusblokit-seisminen-vibro-msr\/#local-main-organization-logo","url":"https:\/\/hotelli03.domainhotelli.fi\/~lsdoecli\/wp-content\/uploads\/2021\/08\/JVTuonti_logo_nelio.jpg","contentUrl":"https:\/\/hotelli03.domainhotelli.fi\/~lsdoecli\/wp-content\/uploads\/2021\/08\/JVTuonti_logo_nelio.jpg","width":550,"height":550,"caption":"JV Tuonti Oy"}]},"og_availability":"backorder","product_availability":"available for order","product_condition":"new","geo.placename":"Vantaa","geo.position":{"lat":"60.28431","long":"24.81654"},"geo.region":"Suomi"},"_links":{"self":[{"href":"https:\/\/hotelli03.domainhotelli.fi\/~lsdoecli\/wp-json\/wp\/v2\/product\/5659"}],"collection":[{"href":"https:\/\/hotelli03.domainhotelli.fi\/~lsdoecli\/wp-json\/wp\/v2\/product"}],"about":[{"href":"https:\/\/hotelli03.domainhotelli.fi\/~lsdoecli\/wp-json\/wp\/v2\/types\/product"}],"replies":[{"embeddable":true,"href":"https:\/\/hotelli03.domainhotelli.fi\/~lsdoecli\/wp-json\/wp\/v2\/comments?post=5659"}],"wp:featuredmedia":[{"embeddable":true,"href":"https:\/\/hotelli03.domainhotelli.fi\/~lsdoecli\/wp-json\/wp\/v2\/media\/5668"}],"wp:attachment":[{"href":"https:\/\/hotelli03.domainhotelli.fi\/~lsdoecli\/wp-json\/wp\/v2\/media?parent=5659"}],"wp:term":[{"taxonomy":"product_cat","embeddable":true,"href":"https:\/\/hotelli03.domainhotelli.fi\/~lsdoecli\/wp-json\/wp\/v2\/product_cat?post=5659"},{"taxonomy":"product_tag","embeddable":true,"href":"https:\/\/hotelli03.domainhotelli.fi\/~lsdoecli\/wp-json\/wp\/v2\/product_tag?post=5659"}],"curies":[{"name":"wp","href":"https:\/\/api.w.org\/{rel}","templated":true}]}}