{"id":5627,"date":"2021-08-24T10:10:11","date_gmt":"2021-08-24T10:10:11","guid":{"rendered":"https:\/\/hotelli03.domainhotelli.fi\/~lsdoecli\/?post_type=product&#038;p=5627"},"modified":"2022-06-09T11:28:12","modified_gmt":"2022-06-09T11:28:12","slug":"jousivaimennin-vibro-amr","status":"publish","type":"product","link":"https:\/\/hotelli03.domainhotelli.fi\/~lsdoecli\/tuote\/jousivaimennin-vibro-amr\/","title":{"rendered":"Jousivaimennin Vibro-AMR"},"content":{"rendered":"<h1>Jousivaimennin Vibro-AMR<\/h1>\n<p>Vibro-AMR jousivaimennin on monisuuntainen t\u00e4rin\u00e4nvaimennin. Sit\u00e4 voidaan k\u00e4ytt\u00e4\u00e4 matalataajuisen t\u00e4rin\u00e4n hallintaan (400 rpm yl\u00f6sp\u00e4in), joka vaatii my\u00f6s sivuttaista ja pystysuoraa rajoitusta ja suojaa maanj\u00e4ristyksilt\u00e4 ja liialliselta tuulen paineelta. Jousivaimennin kest\u00e4\u00e4 j\u00e4nnitys-, puristus- ja leikkausvoimia.<\/p>\n<p>Polyesterijauhemaali suojaa metallirunkoa hapettumiselta.<\/p>\n<h2>Jousivaimennin Vibro-AMR k\u00e4ytt\u00f6kohteet<\/h2>\n<p>Vibro-AM jousivaimenninta suositellaan k\u00e4ytett\u00e4v\u00e4ksi mekaanisen melun- ja t\u00e4rin\u00e4nvaimennuksen yhteydess\u00e4:<\/p>\n<ul>\n<li>t\u00e4rin\u00e4\u00e4 aiheuttava laite tai kone altistuu todenn\u00e4k\u00f6isesti seismisille tapahtumille.<\/li>\n<li>koneen tai laitteen massakeskipiste todenn\u00e4k\u00f6isesti muuttuu merkitt\u00e4v\u00e4sti t\u00e4rin\u00e4n seurauksena.<\/li>\n<li>koneeseen tai laitteeseen kohdistuu suuria tuulikuormia tai muita ulkoisia voimia.<\/li>\n<\/ul>\n<p>Jousivaimentimen pohjassa on kaksi kiinnitysreik\u00e4 M8 kokoisille ruuveille. (eiv\u00e4t sis\u00e4lly toimitukseen). Yl\u00e4osassa on M8-pultti, jolla Vibro-AMR voidaan kiinnitt\u00e4\u00e4 suoraan koneeseen tai laitteeseen. Vibro-AMR: n runko on suunniteltu rajoittamaan laitteiden pystysuoraa ja vaakasuoraa liikett\u00e4 ja tarjoamaan seismist\u00e4 suojaa.<\/p>\n<p>Vibro-AMR: n jousivaimentimen metalliosat on valmistettu metallilevyist\u00e4, joiden paksuus on asianmukaisesti muotoiltu ilman hitsauspisteit\u00e4. Pohjassa oleva kumiprofiili toimii \u00e4\u00e4nieristeen\u00e4 ja lis\u00e4\u00e4 \u00e4\u00e4nieristyksen tehokkuutta korkeilla taajuuksilla. Kaksi vaakasuoraa akselia, jotka est\u00e4v\u00e4t \u00a0pysty- ja vaakasuunnassa, on peitetty kumilla melun siirtymisen est\u00e4miseksi.<\/p>\n<p>Vibro-AMR tarjoaa samanaikaisesti seismisen suojan, yll\u00e4pit\u00e4\u00e4 onnistuneesti tuulenpaineen sivuvoimia ja samalla v\u00e4hent\u00e4\u00e4 t\u00e4rin\u00e4n siirtymist\u00e4 tukirakenteisiin.<\/p>\n<p>Korkeuden s\u00e4\u00e4t\u00f6\u00e4 varten, toimitetaan mukana siihen tarkoitettu ruuvi sek\u00e4 tarvittavat mutterit ja aluslaatat.<\/p>\n<p>Valmistaja: <a href=\"https:\/\/antivibration-systems.com\">ALPHA ACOUSTIKI Ltd<\/a><\/p>\n<p>&nbsp;<\/p>\n<p><a href=\"https:\/\/hotelli03.domainhotelli.fi\/~lsdoecli\/tuote-osasto\/akustiikka\/\">Katso my\u00f6s muut t\u00e4rin\u00e4eristys tuotteet t\u00e4st\u00e4!<\/a><\/p>\n<p>&nbsp;<\/p>\n","protected":false},"excerpt":{"rendered":"<p>Vibro-AMR-jousivaimennin on monisuuntainen t\u00e4rin\u00e4nvaimennus. Sit\u00e4 voidaan k\u00e4ytt\u00e4\u00e4 matalataajuisen t\u00e4rin\u00e4n hallintaan (400 rpm yl\u00f6sp\u00e4in), joka vaatii my\u00f6s sivuttaista ja pystysuoraa rajoitusta ja suojaa maanj\u00e4ristyksilt\u00e4 ja liialliselta tuulen paineelta.<\/p>\n<p>&nbsp;<\/p>\n<p><img loading=\"lazy\" class=\"alignleft size-full wp-image-4899\" src=\"https:\/\/antivibration-systems.com\/wp-content\/uploads\/2014\/01\/Vibro-AMR-Selection-Table.jpg\" alt=\"Vibro-AMR Selection Table\" width=\"297\" height=\"169\" \/><\/p>\n<p>&nbsp;<\/p>\n<p>&nbsp;<\/p>\n<p>&nbsp;<\/p>\n<p>&nbsp;<\/p>\n","protected":false},"featured_media":5628,"comment_status":"open","ping_status":"closed","template":"","meta":[],"product_cat":[832],"product_tag":[1024,1026,1025],"yoast_head":"<!-- This site is optimized with the Yoast SEO Premium plugin v18.9 (Yoast SEO v19.3) - https:\/\/yoast.com\/wordpress\/plugins\/seo\/ -->\n<title>Jousivaimennin Vibro-AMR | Tilaa verkosta | JV Tuonti<\/title>\n<meta name=\"description\" content=\"Vibro-AMR-jousivaimennin on monisuuntainen t\u00e4rin\u00e4nvaimennus. Sit\u00e4 voidaan k\u00e4ytt\u00e4\u00e4 matalataajuisen t\u00e4rin\u00e4n hallintaan (400 rpm yl\u00f6sp\u00e4in).\" \/>\n<meta name=\"robots\" content=\"index, follow, max-snippet:-1, max-image-preview:large, max-video-preview:-1\" \/>\n<link rel=\"canonical\" href=\"https:\/\/hotelli03.domainhotelli.fi\/~lsdoecli\/tuote\/jousivaimennin-vibro-amr\/\" \/>\n<meta property=\"og:locale\" content=\"fi_FI\" \/>\n<meta property=\"og:type\" content=\"article\" \/>\n<meta property=\"og:title\" content=\"Jousivaimennin Vibro-AMR\" \/>\n<meta property=\"og:description\" content=\"Vibro-AMR-jousivaimennin on monisuuntainen t\u00e4rin\u00e4nvaimennus. Sit\u00e4 voidaan k\u00e4ytt\u00e4\u00e4 matalataajuisen t\u00e4rin\u00e4n hallintaan (400 rpm yl\u00f6sp\u00e4in).\" \/>\n<meta property=\"og:url\" content=\"https:\/\/hotelli03.domainhotelli.fi\/~lsdoecli\/tuote\/jousivaimennin-vibro-amr\/\" \/>\n<meta property=\"og:site_name\" content=\"JV Tuonti\" \/>\n<meta property=\"article:publisher\" content=\"https:\/\/www.facebook.com\/JVTuontiOy\" \/>\n<meta property=\"article:modified_time\" content=\"2022-06-09T11:28:12+00:00\" \/>\n<meta property=\"og:image\" content=\"https:\/\/hotelli03.domainhotelli.fi\/~lsdoecli\/wp-content\/uploads\/2021\/08\/Jousivaimennin-Vibro-AMR.jpg\" \/>\n\t<meta property=\"og:image:width\" content=\"412\" \/>\n\t<meta property=\"og:image:height\" content=\"330\" \/>\n\t<meta property=\"og:image:type\" content=\"image\/jpeg\" \/>\n<meta name=\"twitter:card\" content=\"summary_large_image\" \/>\n<meta name=\"twitter:label1\" content=\"Availability\" \/>\n\t<meta name=\"twitter:data1\" content=\"On backorder\" \/>\n<script type=\"application\/ld+json\" class=\"yoast-schema-graph\">{\"@context\":\"https:\/\/schema.org\",\"@graph\":[{\"@type\":[\"Organization\",\"Place\",\"WholesaleStore\"],\"@id\":\"https:\/\/hotelli03.domainhotelli.fi\/~lsdoecli\/#organization\",\"name\":\"JV Tuonti Oy\",\"url\":\"https:\/\/hotelli03.domainhotelli.fi\/~lsdoecli\/\",\"sameAs\":[\"https:\/\/instagram.com\/jvtuontioy?utm_medium=copy_link\",\"https:\/\/www.facebook.com\/JVTuontiOy\"],\"logo\":{\"@id\":\"https:\/\/hotelli03.domainhotelli.fi\/~lsdoecli\/tuote\/jousivaimennin-vibro-amr\/#local-main-organization-logo\"},\"image\":{\"@id\":\"https:\/\/hotelli03.domainhotelli.fi\/~lsdoecli\/tuote\/jousivaimennin-vibro-amr\/#local-main-organization-logo\"},\"address\":{\"@id\":\"https:\/\/hotelli03.domainhotelli.fi\/~lsdoecli\/tuote\/jousivaimennin-vibro-amr\/#local-main-place-address\"},\"geo\":{\"@type\":\"GeoCoordinates\",\"latitude\":\"60.28431\",\"longitude\":\"24.81654\"},\"telephone\":[\"0408369980\"],\"openingHoursSpecification\":[{\"@type\":\"OpeningHoursSpecification\",\"dayOfWeek\":[\"Monday\",\"Tuesday\",\"Wednesday\",\"Thursday\",\"Friday\"],\"opens\":\"08:00\",\"closes\":\"16:00\"},{\"@type\":\"OpeningHoursSpecification\",\"dayOfWeek\":[\"Saturday\",\"Sunday\"],\"opens\":\"00:00\",\"closes\":\"00:00\"}],\"email\":\"myynti@hotelli03.domainhotelli.fi\",\"areaServed\":\"Suomi, Ruotsi\",\"vatID\":\"FI30178387\",\"priceRange\":\"$$\",\"currenciesAccepted\":\"\u20ac\",\"paymentAccepted\":\"Lasku, pankkikortti\"},{\"@type\":\"WebSite\",\"@id\":\"https:\/\/hotelli03.domainhotelli.fi\/~lsdoecli\/#website\",\"url\":\"https:\/\/hotelli03.domainhotelli.fi\/~lsdoecli\/\",\"name\":\"JV Tuonti\",\"description\":\"JV Tuonti Oy:n verkkokauppa\",\"publisher\":{\"@id\":\"https:\/\/hotelli03.domainhotelli.fi\/~lsdoecli\/#organization\"},\"potentialAction\":[{\"@type\":\"SearchAction\",\"target\":{\"@type\":\"EntryPoint\",\"urlTemplate\":\"https:\/\/hotelli03.domainhotelli.fi\/~lsdoecli\/?s={search_term_string}\"},\"query-input\":\"required name=search_term_string\"}],\"inLanguage\":\"fi\"},{\"@type\":\"ImageObject\",\"inLanguage\":\"fi\",\"@id\":\"https:\/\/hotelli03.domainhotelli.fi\/~lsdoecli\/tuote\/jousivaimennin-vibro-amr\/#primaryimage\",\"url\":\"https:\/\/hotelli03.domainhotelli.fi\/~lsdoecli\/wp-content\/uploads\/2021\/08\/Jousivaimennin-Vibro-AMR.jpg\",\"contentUrl\":\"https:\/\/hotelli03.domainhotelli.fi\/~lsdoecli\/wp-content\/uploads\/2021\/08\/Jousivaimennin-Vibro-AMR.jpg\",\"width\":412,\"height\":330,\"caption\":\"Jousivaimennin Vibro-AMR\"},{\"@type\":\"WebPage\",\"@id\":\"https:\/\/hotelli03.domainhotelli.fi\/~lsdoecli\/tuote\/jousivaimennin-vibro-amr\/\",\"url\":\"https:\/\/hotelli03.domainhotelli.fi\/~lsdoecli\/tuote\/jousivaimennin-vibro-amr\/\",\"name\":\"Jousivaimennin Vibro-AMR | Tilaa verkosta | JV Tuonti\",\"isPartOf\":{\"@id\":\"https:\/\/hotelli03.domainhotelli.fi\/~lsdoecli\/#website\"},\"primaryImageOfPage\":{\"@id\":\"https:\/\/hotelli03.domainhotelli.fi\/~lsdoecli\/tuote\/jousivaimennin-vibro-amr\/#primaryimage\"},\"datePublished\":\"2021-08-24T10:10:11+00:00\",\"dateModified\":\"2022-06-09T11:28:12+00:00\",\"description\":\"Vibro-AMR-jousivaimennin on monisuuntainen t\u00e4rin\u00e4nvaimennus. Sit\u00e4 voidaan k\u00e4ytt\u00e4\u00e4 matalataajuisen t\u00e4rin\u00e4n hallintaan (400 rpm yl\u00f6sp\u00e4in).\",\"breadcrumb\":{\"@id\":\"https:\/\/hotelli03.domainhotelli.fi\/~lsdoecli\/tuote\/jousivaimennin-vibro-amr\/#breadcrumb\"},\"inLanguage\":\"fi\",\"potentialAction\":[{\"@type\":\"ReadAction\",\"target\":[\"https:\/\/hotelli03.domainhotelli.fi\/~lsdoecli\/tuote\/jousivaimennin-vibro-amr\/\"]}]},{\"@type\":\"BreadcrumbList\",\"@id\":\"https:\/\/hotelli03.domainhotelli.fi\/~lsdoecli\/tuote\/jousivaimennin-vibro-amr\/#breadcrumb\",\"itemListElement\":[{\"@type\":\"ListItem\",\"position\":1,\"name\":\"Etusivu\",\"item\":\"https:\/\/hotelli03.domainhotelli.fi\/~lsdoecli\/\"},{\"@type\":\"ListItem\",\"position\":2,\"name\":\"Kauppa\",\"item\":\"https:\/\/hotelli03.domainhotelli.fi\/~lsdoecli\/kauppa\/\"},{\"@type\":\"ListItem\",\"position\":3,\"name\":\"Jousivaimennin Vibro-AMR\"}]},{\"@type\":\"PostalAddress\",\"@id\":\"https:\/\/hotelli03.domainhotelli.fi\/~lsdoecli\/tuote\/jousivaimennin-vibro-amr\/#local-main-place-address\",\"streetAddress\":\"Pyymosantie 5a\",\"addressLocality\":\"Vantaa\",\"postalCode\":\"01720\",\"addressCountry\":\"FI\"},{\"@type\":\"ImageObject\",\"inLanguage\":\"fi\",\"@id\":\"https:\/\/hotelli03.domainhotelli.fi\/~lsdoecli\/tuote\/jousivaimennin-vibro-amr\/#local-main-organization-logo\",\"url\":\"https:\/\/hotelli03.domainhotelli.fi\/~lsdoecli\/wp-content\/uploads\/2021\/08\/JVTuonti_logo_nelio.jpg\",\"contentUrl\":\"https:\/\/hotelli03.domainhotelli.fi\/~lsdoecli\/wp-content\/uploads\/2021\/08\/JVTuonti_logo_nelio.jpg\",\"width\":550,\"height\":550,\"caption\":\"JV Tuonti Oy\"}]}<\/script>\n<meta property=\"og:availability\" content=\"backorder\" \/>\n<meta property=\"product:availability\" content=\"available for order\" \/>\n<meta property=\"product:condition\" content=\"new\" \/>\n<meta name=\"geo.placename\" content=\"Vantaa\" \/>\n<meta name=\"geo.position\" content=\"60.28431;24.81654\" \/>\n<meta name=\"geo.region\" content=\"Suomi\" \/>\n<!-- \/ Yoast SEO Premium plugin. -->","yoast_head_json":{"title":"Jousivaimennin Vibro-AMR | Tilaa verkosta | JV Tuonti","description":"Vibro-AMR-jousivaimennin on monisuuntainen t\u00e4rin\u00e4nvaimennus. Sit\u00e4 voidaan k\u00e4ytt\u00e4\u00e4 matalataajuisen t\u00e4rin\u00e4n hallintaan (400 rpm yl\u00f6sp\u00e4in).","robots":{"index":"index","follow":"follow","max-snippet":"max-snippet:-1","max-image-preview":"max-image-preview:large","max-video-preview":"max-video-preview:-1"},"canonical":"https:\/\/hotelli03.domainhotelli.fi\/~lsdoecli\/tuote\/jousivaimennin-vibro-amr\/","og_locale":"fi_FI","og_type":"article","og_title":"Jousivaimennin Vibro-AMR","og_description":"Vibro-AMR-jousivaimennin on monisuuntainen t\u00e4rin\u00e4nvaimennus. Sit\u00e4 voidaan k\u00e4ytt\u00e4\u00e4 matalataajuisen t\u00e4rin\u00e4n hallintaan (400 rpm yl\u00f6sp\u00e4in).","og_url":"https:\/\/hotelli03.domainhotelli.fi\/~lsdoecli\/tuote\/jousivaimennin-vibro-amr\/","og_site_name":"JV Tuonti","article_publisher":"https:\/\/www.facebook.com\/JVTuontiOy","article_modified_time":"2022-06-09T11:28:12+00:00","og_image":[{"width":412,"height":330,"url":"https:\/\/hotelli03.domainhotelli.fi\/~lsdoecli\/wp-content\/uploads\/2021\/08\/Jousivaimennin-Vibro-AMR.jpg","type":"image\/jpeg"}],"twitter_card":"summary_large_image","twitter_misc":{"Availability":"On backorder"},"schema":{"@context":"https:\/\/schema.org","@graph":[{"@type":["Organization","Place","WholesaleStore"],"@id":"https:\/\/hotelli03.domainhotelli.fi\/~lsdoecli\/#organization","name":"JV Tuonti Oy","url":"https:\/\/hotelli03.domainhotelli.fi\/~lsdoecli\/","sameAs":["https:\/\/instagram.com\/jvtuontioy?utm_medium=copy_link","https:\/\/www.facebook.com\/JVTuontiOy"],"logo":{"@id":"https:\/\/hotelli03.domainhotelli.fi\/~lsdoecli\/tuote\/jousivaimennin-vibro-amr\/#local-main-organization-logo"},"image":{"@id":"https:\/\/hotelli03.domainhotelli.fi\/~lsdoecli\/tuote\/jousivaimennin-vibro-amr\/#local-main-organization-logo"},"address":{"@id":"https:\/\/hotelli03.domainhotelli.fi\/~lsdoecli\/tuote\/jousivaimennin-vibro-amr\/#local-main-place-address"},"geo":{"@type":"GeoCoordinates","latitude":"60.28431","longitude":"24.81654"},"telephone":["0408369980"],"openingHoursSpecification":[{"@type":"OpeningHoursSpecification","dayOfWeek":["Monday","Tuesday","Wednesday","Thursday","Friday"],"opens":"08:00","closes":"16:00"},{"@type":"OpeningHoursSpecification","dayOfWeek":["Saturday","Sunday"],"opens":"00:00","closes":"00:00"}],"email":"myynti@hotelli03.domainhotelli.fi","areaServed":"Suomi, Ruotsi","vatID":"FI30178387","priceRange":"$$","currenciesAccepted":"\u20ac","paymentAccepted":"Lasku, pankkikortti"},{"@type":"WebSite","@id":"https:\/\/hotelli03.domainhotelli.fi\/~lsdoecli\/#website","url":"https:\/\/hotelli03.domainhotelli.fi\/~lsdoecli\/","name":"JV Tuonti","description":"JV Tuonti Oy:n verkkokauppa","publisher":{"@id":"https:\/\/hotelli03.domainhotelli.fi\/~lsdoecli\/#organization"},"potentialAction":[{"@type":"SearchAction","target":{"@type":"EntryPoint","urlTemplate":"https:\/\/hotelli03.domainhotelli.fi\/~lsdoecli\/?s={search_term_string}"},"query-input":"required name=search_term_string"}],"inLanguage":"fi"},{"@type":"ImageObject","inLanguage":"fi","@id":"https:\/\/hotelli03.domainhotelli.fi\/~lsdoecli\/tuote\/jousivaimennin-vibro-amr\/#primaryimage","url":"https:\/\/hotelli03.domainhotelli.fi\/~lsdoecli\/wp-content\/uploads\/2021\/08\/Jousivaimennin-Vibro-AMR.jpg","contentUrl":"https:\/\/hotelli03.domainhotelli.fi\/~lsdoecli\/wp-content\/uploads\/2021\/08\/Jousivaimennin-Vibro-AMR.jpg","width":412,"height":330,"caption":"Jousivaimennin Vibro-AMR"},{"@type":"WebPage","@id":"https:\/\/hotelli03.domainhotelli.fi\/~lsdoecli\/tuote\/jousivaimennin-vibro-amr\/","url":"https:\/\/hotelli03.domainhotelli.fi\/~lsdoecli\/tuote\/jousivaimennin-vibro-amr\/","name":"Jousivaimennin Vibro-AMR | Tilaa verkosta | JV Tuonti","isPartOf":{"@id":"https:\/\/hotelli03.domainhotelli.fi\/~lsdoecli\/#website"},"primaryImageOfPage":{"@id":"https:\/\/hotelli03.domainhotelli.fi\/~lsdoecli\/tuote\/jousivaimennin-vibro-amr\/#primaryimage"},"datePublished":"2021-08-24T10:10:11+00:00","dateModified":"2022-06-09T11:28:12+00:00","description":"Vibro-AMR-jousivaimennin on monisuuntainen t\u00e4rin\u00e4nvaimennus. Sit\u00e4 voidaan k\u00e4ytt\u00e4\u00e4 matalataajuisen t\u00e4rin\u00e4n hallintaan (400 rpm yl\u00f6sp\u00e4in).","breadcrumb":{"@id":"https:\/\/hotelli03.domainhotelli.fi\/~lsdoecli\/tuote\/jousivaimennin-vibro-amr\/#breadcrumb"},"inLanguage":"fi","potentialAction":[{"@type":"ReadAction","target":["https:\/\/hotelli03.domainhotelli.fi\/~lsdoecli\/tuote\/jousivaimennin-vibro-amr\/"]}]},{"@type":"BreadcrumbList","@id":"https:\/\/hotelli03.domainhotelli.fi\/~lsdoecli\/tuote\/jousivaimennin-vibro-amr\/#breadcrumb","itemListElement":[{"@type":"ListItem","position":1,"name":"Etusivu","item":"https:\/\/hotelli03.domainhotelli.fi\/~lsdoecli\/"},{"@type":"ListItem","position":2,"name":"Kauppa","item":"https:\/\/hotelli03.domainhotelli.fi\/~lsdoecli\/kauppa\/"},{"@type":"ListItem","position":3,"name":"Jousivaimennin Vibro-AMR"}]},{"@type":"PostalAddress","@id":"https:\/\/hotelli03.domainhotelli.fi\/~lsdoecli\/tuote\/jousivaimennin-vibro-amr\/#local-main-place-address","streetAddress":"Pyymosantie 5a","addressLocality":"Vantaa","postalCode":"01720","addressCountry":"FI"},{"@type":"ImageObject","inLanguage":"fi","@id":"https:\/\/hotelli03.domainhotelli.fi\/~lsdoecli\/tuote\/jousivaimennin-vibro-amr\/#local-main-organization-logo","url":"https:\/\/hotelli03.domainhotelli.fi\/~lsdoecli\/wp-content\/uploads\/2021\/08\/JVTuonti_logo_nelio.jpg","contentUrl":"https:\/\/hotelli03.domainhotelli.fi\/~lsdoecli\/wp-content\/uploads\/2021\/08\/JVTuonti_logo_nelio.jpg","width":550,"height":550,"caption":"JV Tuonti Oy"}]},"og_availability":"backorder","product_availability":"available for order","product_condition":"new","geo.placename":"Vantaa","geo.position":{"lat":"60.28431","long":"24.81654"},"geo.region":"Suomi"},"_links":{"self":[{"href":"https:\/\/hotelli03.domainhotelli.fi\/~lsdoecli\/wp-json\/wp\/v2\/product\/5627"}],"collection":[{"href":"https:\/\/hotelli03.domainhotelli.fi\/~lsdoecli\/wp-json\/wp\/v2\/product"}],"about":[{"href":"https:\/\/hotelli03.domainhotelli.fi\/~lsdoecli\/wp-json\/wp\/v2\/types\/product"}],"replies":[{"embeddable":true,"href":"https:\/\/hotelli03.domainhotelli.fi\/~lsdoecli\/wp-json\/wp\/v2\/comments?post=5627"}],"wp:featuredmedia":[{"embeddable":true,"href":"https:\/\/hotelli03.domainhotelli.fi\/~lsdoecli\/wp-json\/wp\/v2\/media\/5628"}],"wp:attachment":[{"href":"https:\/\/hotelli03.domainhotelli.fi\/~lsdoecli\/wp-json\/wp\/v2\/media?parent=5627"}],"wp:term":[{"taxonomy":"product_cat","embeddable":true,"href":"https:\/\/hotelli03.domainhotelli.fi\/~lsdoecli\/wp-json\/wp\/v2\/product_cat?post=5627"},{"taxonomy":"product_tag","embeddable":true,"href":"https:\/\/hotelli03.domainhotelli.fi\/~lsdoecli\/wp-json\/wp\/v2\/product_tag?post=5627"}],"curies":[{"name":"wp","href":"https:\/\/api.w.org\/{rel}","templated":true}]}}