{"id":5610,"date":"2021-08-24T08:36:09","date_gmt":"2021-08-24T08:36:09","guid":{"rendered":"https:\/\/hotelli03.domainhotelli.fi\/~lsdoecli\/?post_type=product&#038;p=5610"},"modified":"2022-06-09T11:26:33","modified_gmt":"2022-06-09T11:26:33","slug":"vibro-am-vapaasti-seisova-jousikiinnikke","status":"publish","type":"product","link":"https:\/\/hotelli03.domainhotelli.fi\/~lsdoecli\/tuote\/vibro-am-vapaasti-seisova-jousikiinnikke\/","title":{"rendered":"Vibro-AM: Vapaasti seisova jousikiinnikke"},"content":{"rendered":"<h2>Vibro-AM: Vapaasti seisova jousikiinnikke<\/h2>\n<p>KUVAUS<\/p>\n<p>Soveltuu matalataajuiseen t\u00e4rin\u00e4nhallintaan<br \/>\nMATALAN TAAJUUDEN T\u00c4RIN\u00c4NHALLINTAJOUSIKIINNITYS<br \/>\nHELPPO ASENTAA<br \/>\nT\u00e4rin\u00e4nvaimennusjousikiinnikkeill\u00e4 Vibro-AM: n pohjassa on riitt\u00e4v\u00e4n paksu metallilevy ja erityinen elastinen profiili, joka kest\u00e4\u00e4 ulkoolosuhteita ja tarjoaa siten paremman eristystehon korkeilla taajuuksilla. Sek\u00e4 metallilevyss\u00e4 ett\u00e4 elastisessa profiilissa on kaksi reik\u00e4\u00e4 jousikiinnityksen pohjassa l\u00e4pipultteilla kiinnitt\u00e4mist\u00e4 varten. Jousikiinnityksen yl\u00e4osassa on M8 -pultti niiden s\u00e4\u00e4t\u00e4miseksi koneeseen. Jousi t\u00e4ytt\u00e4\u00e4 ISO EN 10270 -vaatimukset.<\/p>\n<p>K\u00c4YTT\u00d6<br \/>\nT\u00e4rin\u00e4\u00e4 est\u00e4v\u00e4t jousikiinnikkeet Vibro-AM: \u00e4\u00e4 k\u00e4ytet\u00e4\u00e4n matalataajuisen t\u00e4rin\u00e4n hallintaan (hidas kierros 400 r \/ min yl\u00f6sp\u00e4in), kuten kompressorit, kaksitahtimoottorit, j\u00e4\u00e4hdyttimet, ilmank\u00e4sittelykoneet jne.<\/p>\n<p>DYNAAMISET OMINAISUUDET<\/p>\n<p>Taipuma: 25 mm* (maksimikuormalla)<br \/>\nLuonnollinen taajuus: 3 Hz (maksimikuormalla)<\/p>\n<p>*Saatavana my\u00f6s 50 mm: n taipumalla<\/p>\n<p>ASENNUS<\/p>\n<p>Paikanna jokainen jousieriste paikalleen k\u00e4ytt\u00e4m\u00e4ll\u00e4 v\u00e4rikoodattuja jousia tai merkint\u00f6j\u00e4<br \/>\nVie ylempi ruuvi M8 asennuskiinnikkeen asianmukaisen rei\u00e4n l\u00e4pi. Kirist\u00e4 yl\u00e4mutteri laitteen jalustaan \u200b\u200bkiinnitt\u00e4\u00e4ksesi sen M8 -pultilla.<br \/>\nJos sinun on jatkettava vaaituss\u00e4\u00e4t\u00f6\u00e4, k\u00e4yt\u00e4 kahta pulttia &lt;8 ja metallialuslevy\u00e4. kierr\u00e4 alempaa mutteria my\u00f6t\u00e4p\u00e4iv\u00e4\u00e4n kahteen kierrokseen kussakin jousieristimess\u00e4. Jatka n\u00e4in, kunnes saavutat vaaditun tason.<br \/>\nKierr\u00e4 Vibro-AM niin paljon kuin on tarpeen varmistaaksesi, ett\u00e4 jousieristimen kiinnitysrei\u00e4t ovat k\u00e4ytett\u00e4viss\u00e4 laitteeseen asennuksen j\u00e4lkeen. Jos t\u00e4m\u00e4 ei ole mahdollista, voit kiinnitt\u00e4\u00e4 t\u00e4rin\u00e4nvaimentimen alustan kahdella sopivalla ruuvilla M8.<br \/>\nMuussa tapauksessa k\u00e4yt\u00e4 kahta alareunassa olevaa reik\u00e4\u00e4 (\u22058 mm) kiinnitt\u00e4\u00e4ksesi eristimen l\u00e4pivientipultteilla metallirungon alle.<\/p>\n<p>&nbsp;<\/p>\n<h4>Vapaasti seisova jousikiinnikke kesto:<\/h4>\n<table border=\"1\" width=\"283\" cellspacing=\"1\" cellpadding=\"1\">\n<tbody>\n<tr>\n<td>\n<p align=\"center\"><strong>TYPE<\/strong><\/p>\n<\/td>\n<td>\n<p align=\"center\"><strong>LOAD RANGE (kp*)<\/strong><\/p>\n<\/td>\n<\/tr>\n<tr>\n<td>\n<p align=\"center\">Vibro-AM 25<\/p>\n<\/td>\n<td>\n<p align=\"center\">25<\/p>\n<\/td>\n<\/tr>\n<tr>\n<td>\n<p align=\"center\">Vibro-AM 50<\/p>\n<\/td>\n<td>\n<p align=\"center\">50<\/p>\n<\/td>\n<\/tr>\n<tr>\n<td>\n<p align=\"center\">Vibro-AM 100<\/p>\n<\/td>\n<td>\n<p align=\"center\">100<\/p>\n<\/td>\n<\/tr>\n<tr>\n<td>\n<p align=\"center\">Vibro-AM 150<\/p>\n<\/td>\n<td>\n<p align=\"center\">150<\/p>\n<\/td>\n<\/tr>\n<\/tbody>\n<\/table>\n<p><em>Other load range on request\u00a0\u00a0\u00a0\u00a0\u00a0\u00a0\u00a0\u00a0\u00a0\u00a0\u00a0\u00a0\u00a0\u00a0\u00a0\u00a0\u00a0\u00a0\u00a0\u00a0\u00a0\u00a0\u00a0\u00a0\u00a0\u00a0\u00a0\u00a0\u00a0\u00a0\u00a0\u00a0\u00a0\u00a0\u00a0\u00a0\u00a0\u00a0\u00a0 *1kp =10N<\/em><\/p>\n<p>Static deflection 25 mm under maximum load<br \/>\nNatural frequency up to 3 Hz under maximum load<\/p>\n<p>&nbsp;<\/p>\n<p><a href=\"https:\/\/hotelli03.domainhotelli.fi\/~lsdoecli\/tuote-osasto\/akustiikka\/\">Katso my\u00f6s muut akustiikka tuotteet t\u00e4st\u00e4!\u00a0<\/a><\/p>\n","protected":false},"excerpt":{"rendered":"<p>Jousikiinnike, joka soveltuu matalataajuiseen t\u00e4rin\u00e4nhallintaan. Sen pohjassa on joustava profiili, joka tarjoaa paremman eristystehokkuuden korkeilla taajuuksilla.<\/p>\n<p>&nbsp;<\/p>\n<table border=\"1\" width=\"283\" cellspacing=\"1\" cellpadding=\"1\">\n<tbody>\n<tr>\n<td>\n<p align=\"center\"><strong>TYPE<\/strong><\/p>\n<\/td>\n<td>\n<p align=\"center\"><strong>LOAD RANGE (kp*)<\/strong><\/p>\n<\/td>\n<\/tr>\n<tr>\n<td>\n<p align=\"center\">Vibro-AM 25<\/p>\n<\/td>\n<td>\n<p align=\"center\">25<\/p>\n<\/td>\n<\/tr>\n<tr>\n<td>\n<p align=\"center\">Vibro-AM 50<\/p>\n<\/td>\n<td>\n<p align=\"center\">50<\/p>\n<\/td>\n<\/tr>\n<tr>\n<td>\n<p align=\"center\">Vibro-AM 100<\/p>\n<\/td>\n<td>\n<p align=\"center\">100<\/p>\n<\/td>\n<\/tr>\n<tr>\n<td>\n<p align=\"center\">Vibro-AM 150<\/p>\n<\/td>\n<td>\n<p align=\"center\">150<\/p>\n<\/td>\n<\/tr>\n<\/tbody>\n<\/table>\n","protected":false},"featured_media":5611,"comment_status":"open","ping_status":"closed","template":"","meta":[],"product_cat":[832],"product_tag":[831,830],"yoast_head":"<!-- This site is optimized with the Yoast SEO Premium plugin v18.9 (Yoast SEO v19.3) - https:\/\/yoast.com\/wordpress\/plugins\/seo\/ -->\n<title>Vapaasti seisova jousikiinnikke Vibro-AM | JV Tuonti<\/title>\n<meta name=\"description\" content=\"Vibro-AM: Vapaasti seisova jousikiinnikke. Soveltuu matalataajuiseen t\u00e4rin\u00e4nhallintaan. Helppo asentaa. Tilaa verkkokaupastamme.\" \/>\n<meta name=\"robots\" content=\"index, follow, max-snippet:-1, max-image-preview:large, max-video-preview:-1\" \/>\n<link rel=\"canonical\" href=\"https:\/\/hotelli03.domainhotelli.fi\/~lsdoecli\/tuote\/vibro-am-vapaasti-seisova-jousikiinnikke\/\" \/>\n<meta property=\"og:locale\" content=\"fi_FI\" \/>\n<meta property=\"og:type\" content=\"article\" \/>\n<meta property=\"og:title\" content=\"Vibro-AM: Vapaasti seisova jousikiinnikke\" \/>\n<meta property=\"og:description\" content=\"Vibro-AM: Vapaasti seisova jousikiinnikke. Soveltuu matalataajuiseen t\u00e4rin\u00e4nhallintaan. Helppo asentaa. Tilaa verkkokaupastamme.\" \/>\n<meta property=\"og:url\" content=\"https:\/\/hotelli03.domainhotelli.fi\/~lsdoecli\/tuote\/vibro-am-vapaasti-seisova-jousikiinnikke\/\" \/>\n<meta property=\"og:site_name\" content=\"JV Tuonti\" \/>\n<meta property=\"article:publisher\" content=\"https:\/\/www.facebook.com\/JVTuontiOy\" \/>\n<meta property=\"article:modified_time\" content=\"2022-06-09T11:26:33+00:00\" \/>\n<meta property=\"og:image\" content=\"https:\/\/hotelli03.domainhotelli.fi\/~lsdoecli\/wp-content\/uploads\/2021\/08\/Vibro-AM-Vapaasti-seisova-jousikiinnikke.jpg\" \/>\n\t<meta property=\"og:image:width\" content=\"280\" \/>\n\t<meta property=\"og:image:height\" content=\"210\" \/>\n\t<meta property=\"og:image:type\" content=\"image\/jpeg\" \/>\n<meta name=\"twitter:card\" content=\"summary_large_image\" \/>\n<meta name=\"twitter:label1\" content=\"Availability\" \/>\n\t<meta name=\"twitter:data1\" content=\"On backorder\" \/>\n<script type=\"application\/ld+json\" class=\"yoast-schema-graph\">{\"@context\":\"https:\/\/schema.org\",\"@graph\":[{\"@type\":[\"Organization\",\"Place\",\"WholesaleStore\"],\"@id\":\"https:\/\/hotelli03.domainhotelli.fi\/~lsdoecli\/#organization\",\"name\":\"JV Tuonti Oy\",\"url\":\"https:\/\/hotelli03.domainhotelli.fi\/~lsdoecli\/\",\"sameAs\":[\"https:\/\/instagram.com\/jvtuontioy?utm_medium=copy_link\",\"https:\/\/www.facebook.com\/JVTuontiOy\"],\"logo\":{\"@id\":\"https:\/\/hotelli03.domainhotelli.fi\/~lsdoecli\/tuote\/vibro-am-vapaasti-seisova-jousikiinnikke\/#local-main-organization-logo\"},\"image\":{\"@id\":\"https:\/\/hotelli03.domainhotelli.fi\/~lsdoecli\/tuote\/vibro-am-vapaasti-seisova-jousikiinnikke\/#local-main-organization-logo\"},\"address\":{\"@id\":\"https:\/\/hotelli03.domainhotelli.fi\/~lsdoecli\/tuote\/vibro-am-vapaasti-seisova-jousikiinnikke\/#local-main-place-address\"},\"geo\":{\"@type\":\"GeoCoordinates\",\"latitude\":\"60.28431\",\"longitude\":\"24.81654\"},\"telephone\":[\"0408369980\"],\"openingHoursSpecification\":[{\"@type\":\"OpeningHoursSpecification\",\"dayOfWeek\":[\"Monday\",\"Tuesday\",\"Wednesday\",\"Thursday\",\"Friday\"],\"opens\":\"08:00\",\"closes\":\"16:00\"},{\"@type\":\"OpeningHoursSpecification\",\"dayOfWeek\":[\"Saturday\",\"Sunday\"],\"opens\":\"00:00\",\"closes\":\"00:00\"}],\"email\":\"myynti@hotelli03.domainhotelli.fi\",\"areaServed\":\"Suomi, Ruotsi\",\"vatID\":\"FI30178387\",\"priceRange\":\"$$\",\"currenciesAccepted\":\"\u20ac\",\"paymentAccepted\":\"Lasku, pankkikortti\"},{\"@type\":\"WebSite\",\"@id\":\"https:\/\/hotelli03.domainhotelli.fi\/~lsdoecli\/#website\",\"url\":\"https:\/\/hotelli03.domainhotelli.fi\/~lsdoecli\/\",\"name\":\"JV Tuonti\",\"description\":\"JV Tuonti Oy:n verkkokauppa\",\"publisher\":{\"@id\":\"https:\/\/hotelli03.domainhotelli.fi\/~lsdoecli\/#organization\"},\"potentialAction\":[{\"@type\":\"SearchAction\",\"target\":{\"@type\":\"EntryPoint\",\"urlTemplate\":\"https:\/\/hotelli03.domainhotelli.fi\/~lsdoecli\/?s={search_term_string}\"},\"query-input\":\"required name=search_term_string\"}],\"inLanguage\":\"fi\"},{\"@type\":\"ImageObject\",\"inLanguage\":\"fi\",\"@id\":\"https:\/\/hotelli03.domainhotelli.fi\/~lsdoecli\/tuote\/vibro-am-vapaasti-seisova-jousikiinnikke\/#primaryimage\",\"url\":\"https:\/\/hotelli03.domainhotelli.fi\/~lsdoecli\/wp-content\/uploads\/2021\/08\/Vibro-AM-Vapaasti-seisova-jousikiinnikke.jpg\",\"contentUrl\":\"https:\/\/hotelli03.domainhotelli.fi\/~lsdoecli\/wp-content\/uploads\/2021\/08\/Vibro-AM-Vapaasti-seisova-jousikiinnikke.jpg\",\"width\":280,\"height\":210,\"caption\":\"Vibro-AM vapaasti seisova ter\u00e4sjousivaimennin\"},{\"@type\":\"WebPage\",\"@id\":\"https:\/\/hotelli03.domainhotelli.fi\/~lsdoecli\/tuote\/vibro-am-vapaasti-seisova-jousikiinnikke\/\",\"url\":\"https:\/\/hotelli03.domainhotelli.fi\/~lsdoecli\/tuote\/vibro-am-vapaasti-seisova-jousikiinnikke\/\",\"name\":\"Vapaasti seisova jousikiinnikke Vibro-AM | JV Tuonti\",\"isPartOf\":{\"@id\":\"https:\/\/hotelli03.domainhotelli.fi\/~lsdoecli\/#website\"},\"primaryImageOfPage\":{\"@id\":\"https:\/\/hotelli03.domainhotelli.fi\/~lsdoecli\/tuote\/vibro-am-vapaasti-seisova-jousikiinnikke\/#primaryimage\"},\"datePublished\":\"2021-08-24T08:36:09+00:00\",\"dateModified\":\"2022-06-09T11:26:33+00:00\",\"description\":\"Vibro-AM: Vapaasti seisova jousikiinnikke. Soveltuu matalataajuiseen t\u00e4rin\u00e4nhallintaan. Helppo asentaa. Tilaa verkkokaupastamme.\",\"breadcrumb\":{\"@id\":\"https:\/\/hotelli03.domainhotelli.fi\/~lsdoecli\/tuote\/vibro-am-vapaasti-seisova-jousikiinnikke\/#breadcrumb\"},\"inLanguage\":\"fi\",\"potentialAction\":[{\"@type\":\"ReadAction\",\"target\":[\"https:\/\/hotelli03.domainhotelli.fi\/~lsdoecli\/tuote\/vibro-am-vapaasti-seisova-jousikiinnikke\/\"]}]},{\"@type\":\"BreadcrumbList\",\"@id\":\"https:\/\/hotelli03.domainhotelli.fi\/~lsdoecli\/tuote\/vibro-am-vapaasti-seisova-jousikiinnikke\/#breadcrumb\",\"itemListElement\":[{\"@type\":\"ListItem\",\"position\":1,\"name\":\"Etusivu\",\"item\":\"https:\/\/hotelli03.domainhotelli.fi\/~lsdoecli\/\"},{\"@type\":\"ListItem\",\"position\":2,\"name\":\"Kauppa\",\"item\":\"https:\/\/hotelli03.domainhotelli.fi\/~lsdoecli\/kauppa\/\"},{\"@type\":\"ListItem\",\"position\":3,\"name\":\"Vibro-AM: Vapaasti seisova jousikiinnikke\"}]},{\"@type\":\"PostalAddress\",\"@id\":\"https:\/\/hotelli03.domainhotelli.fi\/~lsdoecli\/tuote\/vibro-am-vapaasti-seisova-jousikiinnikke\/#local-main-place-address\",\"streetAddress\":\"Pyymosantie 5a\",\"addressLocality\":\"Vantaa\",\"postalCode\":\"01720\",\"addressCountry\":\"FI\"},{\"@type\":\"ImageObject\",\"inLanguage\":\"fi\",\"@id\":\"https:\/\/hotelli03.domainhotelli.fi\/~lsdoecli\/tuote\/vibro-am-vapaasti-seisova-jousikiinnikke\/#local-main-organization-logo\",\"url\":\"https:\/\/hotelli03.domainhotelli.fi\/~lsdoecli\/wp-content\/uploads\/2021\/08\/JVTuonti_logo_nelio.jpg\",\"contentUrl\":\"https:\/\/hotelli03.domainhotelli.fi\/~lsdoecli\/wp-content\/uploads\/2021\/08\/JVTuonti_logo_nelio.jpg\",\"width\":550,\"height\":550,\"caption\":\"JV Tuonti Oy\"}]}<\/script>\n<meta property=\"og:availability\" content=\"backorder\" \/>\n<meta property=\"product:availability\" content=\"available for order\" \/>\n<meta property=\"product:condition\" content=\"new\" \/>\n<meta name=\"geo.placename\" content=\"Vantaa\" \/>\n<meta name=\"geo.position\" content=\"60.28431;24.81654\" \/>\n<meta name=\"geo.region\" content=\"Suomi\" \/>\n<!-- \/ Yoast SEO Premium plugin. -->","yoast_head_json":{"title":"Vapaasti seisova jousikiinnikke Vibro-AM | JV Tuonti","description":"Vibro-AM: Vapaasti seisova jousikiinnikke. Soveltuu matalataajuiseen t\u00e4rin\u00e4nhallintaan. Helppo asentaa. Tilaa verkkokaupastamme.","robots":{"index":"index","follow":"follow","max-snippet":"max-snippet:-1","max-image-preview":"max-image-preview:large","max-video-preview":"max-video-preview:-1"},"canonical":"https:\/\/hotelli03.domainhotelli.fi\/~lsdoecli\/tuote\/vibro-am-vapaasti-seisova-jousikiinnikke\/","og_locale":"fi_FI","og_type":"article","og_title":"Vibro-AM: Vapaasti seisova jousikiinnikke","og_description":"Vibro-AM: Vapaasti seisova jousikiinnikke. Soveltuu matalataajuiseen t\u00e4rin\u00e4nhallintaan. Helppo asentaa. Tilaa verkkokaupastamme.","og_url":"https:\/\/hotelli03.domainhotelli.fi\/~lsdoecli\/tuote\/vibro-am-vapaasti-seisova-jousikiinnikke\/","og_site_name":"JV Tuonti","article_publisher":"https:\/\/www.facebook.com\/JVTuontiOy","article_modified_time":"2022-06-09T11:26:33+00:00","og_image":[{"width":280,"height":210,"url":"https:\/\/hotelli03.domainhotelli.fi\/~lsdoecli\/wp-content\/uploads\/2021\/08\/Vibro-AM-Vapaasti-seisova-jousikiinnikke.jpg","type":"image\/jpeg"}],"twitter_card":"summary_large_image","twitter_misc":{"Availability":"On backorder"},"schema":{"@context":"https:\/\/schema.org","@graph":[{"@type":["Organization","Place","WholesaleStore"],"@id":"https:\/\/hotelli03.domainhotelli.fi\/~lsdoecli\/#organization","name":"JV Tuonti Oy","url":"https:\/\/hotelli03.domainhotelli.fi\/~lsdoecli\/","sameAs":["https:\/\/instagram.com\/jvtuontioy?utm_medium=copy_link","https:\/\/www.facebook.com\/JVTuontiOy"],"logo":{"@id":"https:\/\/hotelli03.domainhotelli.fi\/~lsdoecli\/tuote\/vibro-am-vapaasti-seisova-jousikiinnikke\/#local-main-organization-logo"},"image":{"@id":"https:\/\/hotelli03.domainhotelli.fi\/~lsdoecli\/tuote\/vibro-am-vapaasti-seisova-jousikiinnikke\/#local-main-organization-logo"},"address":{"@id":"https:\/\/hotelli03.domainhotelli.fi\/~lsdoecli\/tuote\/vibro-am-vapaasti-seisova-jousikiinnikke\/#local-main-place-address"},"geo":{"@type":"GeoCoordinates","latitude":"60.28431","longitude":"24.81654"},"telephone":["0408369980"],"openingHoursSpecification":[{"@type":"OpeningHoursSpecification","dayOfWeek":["Monday","Tuesday","Wednesday","Thursday","Friday"],"opens":"08:00","closes":"16:00"},{"@type":"OpeningHoursSpecification","dayOfWeek":["Saturday","Sunday"],"opens":"00:00","closes":"00:00"}],"email":"myynti@hotelli03.domainhotelli.fi","areaServed":"Suomi, Ruotsi","vatID":"FI30178387","priceRange":"$$","currenciesAccepted":"\u20ac","paymentAccepted":"Lasku, pankkikortti"},{"@type":"WebSite","@id":"https:\/\/hotelli03.domainhotelli.fi\/~lsdoecli\/#website","url":"https:\/\/hotelli03.domainhotelli.fi\/~lsdoecli\/","name":"JV Tuonti","description":"JV Tuonti Oy:n verkkokauppa","publisher":{"@id":"https:\/\/hotelli03.domainhotelli.fi\/~lsdoecli\/#organization"},"potentialAction":[{"@type":"SearchAction","target":{"@type":"EntryPoint","urlTemplate":"https:\/\/hotelli03.domainhotelli.fi\/~lsdoecli\/?s={search_term_string}"},"query-input":"required name=search_term_string"}],"inLanguage":"fi"},{"@type":"ImageObject","inLanguage":"fi","@id":"https:\/\/hotelli03.domainhotelli.fi\/~lsdoecli\/tuote\/vibro-am-vapaasti-seisova-jousikiinnikke\/#primaryimage","url":"https:\/\/hotelli03.domainhotelli.fi\/~lsdoecli\/wp-content\/uploads\/2021\/08\/Vibro-AM-Vapaasti-seisova-jousikiinnikke.jpg","contentUrl":"https:\/\/hotelli03.domainhotelli.fi\/~lsdoecli\/wp-content\/uploads\/2021\/08\/Vibro-AM-Vapaasti-seisova-jousikiinnikke.jpg","width":280,"height":210,"caption":"Vibro-AM vapaasti seisova ter\u00e4sjousivaimennin"},{"@type":"WebPage","@id":"https:\/\/hotelli03.domainhotelli.fi\/~lsdoecli\/tuote\/vibro-am-vapaasti-seisova-jousikiinnikke\/","url":"https:\/\/hotelli03.domainhotelli.fi\/~lsdoecli\/tuote\/vibro-am-vapaasti-seisova-jousikiinnikke\/","name":"Vapaasti seisova jousikiinnikke Vibro-AM | JV Tuonti","isPartOf":{"@id":"https:\/\/hotelli03.domainhotelli.fi\/~lsdoecli\/#website"},"primaryImageOfPage":{"@id":"https:\/\/hotelli03.domainhotelli.fi\/~lsdoecli\/tuote\/vibro-am-vapaasti-seisova-jousikiinnikke\/#primaryimage"},"datePublished":"2021-08-24T08:36:09+00:00","dateModified":"2022-06-09T11:26:33+00:00","description":"Vibro-AM: Vapaasti seisova jousikiinnikke. Soveltuu matalataajuiseen t\u00e4rin\u00e4nhallintaan. Helppo asentaa. Tilaa verkkokaupastamme.","breadcrumb":{"@id":"https:\/\/hotelli03.domainhotelli.fi\/~lsdoecli\/tuote\/vibro-am-vapaasti-seisova-jousikiinnikke\/#breadcrumb"},"inLanguage":"fi","potentialAction":[{"@type":"ReadAction","target":["https:\/\/hotelli03.domainhotelli.fi\/~lsdoecli\/tuote\/vibro-am-vapaasti-seisova-jousikiinnikke\/"]}]},{"@type":"BreadcrumbList","@id":"https:\/\/hotelli03.domainhotelli.fi\/~lsdoecli\/tuote\/vibro-am-vapaasti-seisova-jousikiinnikke\/#breadcrumb","itemListElement":[{"@type":"ListItem","position":1,"name":"Etusivu","item":"https:\/\/hotelli03.domainhotelli.fi\/~lsdoecli\/"},{"@type":"ListItem","position":2,"name":"Kauppa","item":"https:\/\/hotelli03.domainhotelli.fi\/~lsdoecli\/kauppa\/"},{"@type":"ListItem","position":3,"name":"Vibro-AM: Vapaasti seisova jousikiinnikke"}]},{"@type":"PostalAddress","@id":"https:\/\/hotelli03.domainhotelli.fi\/~lsdoecli\/tuote\/vibro-am-vapaasti-seisova-jousikiinnikke\/#local-main-place-address","streetAddress":"Pyymosantie 5a","addressLocality":"Vantaa","postalCode":"01720","addressCountry":"FI"},{"@type":"ImageObject","inLanguage":"fi","@id":"https:\/\/hotelli03.domainhotelli.fi\/~lsdoecli\/tuote\/vibro-am-vapaasti-seisova-jousikiinnikke\/#local-main-organization-logo","url":"https:\/\/hotelli03.domainhotelli.fi\/~lsdoecli\/wp-content\/uploads\/2021\/08\/JVTuonti_logo_nelio.jpg","contentUrl":"https:\/\/hotelli03.domainhotelli.fi\/~lsdoecli\/wp-content\/uploads\/2021\/08\/JVTuonti_logo_nelio.jpg","width":550,"height":550,"caption":"JV Tuonti Oy"}]},"og_availability":"backorder","product_availability":"available for order","product_condition":"new","geo.placename":"Vantaa","geo.position":{"lat":"60.28431","long":"24.81654"},"geo.region":"Suomi"},"_links":{"self":[{"href":"https:\/\/hotelli03.domainhotelli.fi\/~lsdoecli\/wp-json\/wp\/v2\/product\/5610"}],"collection":[{"href":"https:\/\/hotelli03.domainhotelli.fi\/~lsdoecli\/wp-json\/wp\/v2\/product"}],"about":[{"href":"https:\/\/hotelli03.domainhotelli.fi\/~lsdoecli\/wp-json\/wp\/v2\/types\/product"}],"replies":[{"embeddable":true,"href":"https:\/\/hotelli03.domainhotelli.fi\/~lsdoecli\/wp-json\/wp\/v2\/comments?post=5610"}],"wp:featuredmedia":[{"embeddable":true,"href":"https:\/\/hotelli03.domainhotelli.fi\/~lsdoecli\/wp-json\/wp\/v2\/media\/5611"}],"wp:attachment":[{"href":"https:\/\/hotelli03.domainhotelli.fi\/~lsdoecli\/wp-json\/wp\/v2\/media?parent=5610"}],"wp:term":[{"taxonomy":"product_cat","embeddable":true,"href":"https:\/\/hotelli03.domainhotelli.fi\/~lsdoecli\/wp-json\/wp\/v2\/product_cat?post=5610"},{"taxonomy":"product_tag","embeddable":true,"href":"https:\/\/hotelli03.domainhotelli.fi\/~lsdoecli\/wp-json\/wp\/v2\/product_tag?post=5610"}],"curies":[{"name":"wp","href":"https:\/\/api.w.org\/{rel}","templated":true}]}}