{"id":5597,"date":"2021-08-24T07:06:58","date_gmt":"2021-08-24T07:06:58","guid":{"rendered":"https:\/\/hotelli03.domainhotelli.fi\/~lsdoecli\/?post_type=product&#038;p=5597"},"modified":"2022-06-09T11:20:54","modified_gmt":"2022-06-09T11:20:54","slug":"tarinanvaimennus-metalli-kumikiinnike-vibro-em-3","status":"publish","type":"product","link":"https:\/\/hotelli03.domainhotelli.fi\/~lsdoecli\/tuote\/tarinanvaimennus-metalli-kumikiinnike-vibro-em-3\/","title":{"rendered":"T\u00e4rin\u00e4nvaimennus metalli-kumikiinnike Vibro-EM 3"},"content":{"rendered":"<h2>T\u00e4rin\u00e4nvaimennus metalli-kumikiinnike Vibro-EM 3<\/h2>\n<p>Vibro EM.3 on t\u00e4rin\u00e4nvaimennus metalli-kumikiinnike, joka on valmistettu kumi- ja metalliliitososien yhdistelm\u00e4st\u00e4. Metalliosat on peitetty kumilla ja suojattu paremmin hapettumiselta, kun taas yl\u00e4- ja alapinnalla on erityinen vuori, joka lis\u00e4\u00e4 kitkaa ja v\u00e4hent\u00e4\u00e4 pinnan liukumista.<\/p>\n<p>Elastista t\u00e4rin\u00e4nvaimennusta Vibro EM.3 voidaan k\u00e4ytt\u00e4\u00e4 t\u00e4rin\u00e4n vaimentamiseen<\/p>\n<p>ilmastointilaitteet<br \/>\npumput<br \/>\nilmakompressorit<br \/>\ntuulettimet<br \/>\nmuuntajat<br \/>\nmoottorin generaattorit<br \/>\nkatkaisukoneet<br \/>\npainokoneet<br \/>\nhissit jne.<\/p>\n<p>Merkint\u00e4 (L: Valkoinen, B: Sininen) ilmaisee kumin kovuuden ja suurimman mahdollisen kuormituksen.<\/p>\n<p>&nbsp;<\/p>\n<p>Taulukko Vibro-EM.3<br \/>\nTyyppi (v\u00e4rikoodi) Max. Kuormitus (daN)<br \/>\nVibro-EM.3 (sininen) 200<br \/>\nVibro-EM.3 (Valkoinen) 350<br \/>\nDynaamiset ominaisuudet:<\/p>\n<p>Taipuma: 3 mm maksimikuormalla<br \/>\nLuonnollinen taajuus: 10 Hz maksimikuormalla<\/p>\n<p>&nbsp;<\/p>\n<p><a href=\"https:\/\/hotelli03.domainhotelli.fi\/~lsdoecli\/tuote-osasto\/akustiikka\/\">Katso my\u00f6s muut t\u00e4rin\u00e4nvaimennus tuotteet t\u00e4st\u00e4!\u00a0<\/a><\/p>\n","protected":false},"excerpt":{"rendered":"<p>Vibro EM.3 on t\u00e4rin\u00e4nvaimennus metalli-kumikiinnike, joka on valmistettu kumi- ja metalliliitososien yhdistelm\u00e4st\u00e4. Metalliosat on peitetty kumilla ja suojattu paremmin hapettumiselta, kun taas yl\u00e4- ja alapinnalla on erityinen vuori, joka lis\u00e4\u00e4 kitkaa ja v\u00e4hent\u00e4\u00e4 pinnan liukumista.<\/p>\n","protected":false},"featured_media":5602,"comment_status":"open","ping_status":"closed","template":"","meta":[],"product_cat":[592],"product_tag":[829,745,735],"yoast_head":"<!-- This site is optimized with the Yoast SEO Premium plugin v18.9 (Yoast SEO v19.3) - https:\/\/yoast.com\/wordpress\/plugins\/seo\/ -->\n<title>T\u00e4rin\u00e4nvaimennus metalli-kumikiinnike Vibro-EM 3 | JV Tuonti<\/title>\n<meta name=\"description\" content=\"Vibro EM.3 on t\u00e4rin\u00e4nvaimennus metalli-kumikiinnike, joka on valmistettu kumi- ja metalliliitososien yhdistelm\u00e4st\u00e4. Tilaa verkkokaupastamme.\" \/>\n<meta name=\"robots\" content=\"index, follow, max-snippet:-1, max-image-preview:large, max-video-preview:-1\" \/>\n<link rel=\"canonical\" href=\"https:\/\/hotelli03.domainhotelli.fi\/~lsdoecli\/tuote\/tarinanvaimennus-metalli-kumikiinnike-vibro-em-3\/\" \/>\n<meta property=\"og:locale\" content=\"fi_FI\" \/>\n<meta property=\"og:type\" content=\"article\" \/>\n<meta property=\"og:title\" content=\"T\u00e4rin\u00e4nvaimennus metalli-kumikiinnike Vibro-EM 3\" \/>\n<meta property=\"og:description\" content=\"Vibro EM.3 on t\u00e4rin\u00e4nvaimennus metalli-kumikiinnike, joka on valmistettu kumi- ja metalliliitososien yhdistelm\u00e4st\u00e4. Tilaa verkkokaupastamme.\" \/>\n<meta property=\"og:url\" content=\"https:\/\/hotelli03.domainhotelli.fi\/~lsdoecli\/tuote\/tarinanvaimennus-metalli-kumikiinnike-vibro-em-3\/\" \/>\n<meta property=\"og:site_name\" content=\"JV Tuonti\" \/>\n<meta property=\"article:publisher\" content=\"https:\/\/www.facebook.com\/JVTuontiOy\" \/>\n<meta property=\"article:modified_time\" content=\"2022-06-09T11:20:54+00:00\" \/>\n<meta property=\"og:image\" content=\"https:\/\/hotelli03.domainhotelli.fi\/~lsdoecli\/wp-content\/uploads\/2021\/08\/Vibro-EM.3.-Tarinanvaimennus-metalli-kumikiinnike.jpg\" \/>\n\t<meta property=\"og:image:width\" content=\"280\" \/>\n\t<meta property=\"og:image:height\" content=\"210\" \/>\n\t<meta property=\"og:image:type\" content=\"image\/jpeg\" \/>\n<meta name=\"twitter:card\" content=\"summary_large_image\" \/>\n<meta name=\"twitter:label1\" content=\"Availability\" \/>\n\t<meta name=\"twitter:data1\" content=\"On backorder\" \/>\n<script type=\"application\/ld+json\" class=\"yoast-schema-graph\">{\"@context\":\"https:\/\/schema.org\",\"@graph\":[{\"@type\":[\"Organization\",\"Place\",\"WholesaleStore\"],\"@id\":\"https:\/\/hotelli03.domainhotelli.fi\/~lsdoecli\/#organization\",\"name\":\"JV Tuonti Oy\",\"url\":\"https:\/\/hotelli03.domainhotelli.fi\/~lsdoecli\/\",\"sameAs\":[\"https:\/\/instagram.com\/jvtuontioy?utm_medium=copy_link\",\"https:\/\/www.facebook.com\/JVTuontiOy\"],\"logo\":{\"@id\":\"https:\/\/hotelli03.domainhotelli.fi\/~lsdoecli\/tuote\/tarinanvaimennus-metalli-kumikiinnike-vibro-em-3\/#local-main-organization-logo\"},\"image\":{\"@id\":\"https:\/\/hotelli03.domainhotelli.fi\/~lsdoecli\/tuote\/tarinanvaimennus-metalli-kumikiinnike-vibro-em-3\/#local-main-organization-logo\"},\"address\":{\"@id\":\"https:\/\/hotelli03.domainhotelli.fi\/~lsdoecli\/tuote\/tarinanvaimennus-metalli-kumikiinnike-vibro-em-3\/#local-main-place-address\"},\"geo\":{\"@type\":\"GeoCoordinates\",\"latitude\":\"60.28431\",\"longitude\":\"24.81654\"},\"telephone\":[\"0408369980\"],\"openingHoursSpecification\":[{\"@type\":\"OpeningHoursSpecification\",\"dayOfWeek\":[\"Monday\",\"Tuesday\",\"Wednesday\",\"Thursday\",\"Friday\"],\"opens\":\"08:00\",\"closes\":\"16:00\"},{\"@type\":\"OpeningHoursSpecification\",\"dayOfWeek\":[\"Saturday\",\"Sunday\"],\"opens\":\"00:00\",\"closes\":\"00:00\"}],\"email\":\"myynti@hotelli03.domainhotelli.fi\",\"areaServed\":\"Suomi, Ruotsi\",\"vatID\":\"FI30178387\",\"priceRange\":\"$$\",\"currenciesAccepted\":\"\u20ac\",\"paymentAccepted\":\"Lasku, pankkikortti\"},{\"@type\":\"WebSite\",\"@id\":\"https:\/\/hotelli03.domainhotelli.fi\/~lsdoecli\/#website\",\"url\":\"https:\/\/hotelli03.domainhotelli.fi\/~lsdoecli\/\",\"name\":\"JV Tuonti\",\"description\":\"JV Tuonti Oy:n verkkokauppa\",\"publisher\":{\"@id\":\"https:\/\/hotelli03.domainhotelli.fi\/~lsdoecli\/#organization\"},\"potentialAction\":[{\"@type\":\"SearchAction\",\"target\":{\"@type\":\"EntryPoint\",\"urlTemplate\":\"https:\/\/hotelli03.domainhotelli.fi\/~lsdoecli\/?s={search_term_string}\"},\"query-input\":\"required name=search_term_string\"}],\"inLanguage\":\"fi\"},{\"@type\":\"ImageObject\",\"inLanguage\":\"fi\",\"@id\":\"https:\/\/hotelli03.domainhotelli.fi\/~lsdoecli\/tuote\/tarinanvaimennus-metalli-kumikiinnike-vibro-em-3\/#primaryimage\",\"url\":\"https:\/\/hotelli03.domainhotelli.fi\/~lsdoecli\/wp-content\/uploads\/2021\/08\/Vibro-EM.3.-Tarinanvaimennus-metalli-kumikiinnike.jpg\",\"contentUrl\":\"https:\/\/hotelli03.domainhotelli.fi\/~lsdoecli\/wp-content\/uploads\/2021\/08\/Vibro-EM.3.-Tarinanvaimennus-metalli-kumikiinnike.jpg\",\"width\":280,\"height\":210,\"caption\":\"Vibro-EM.3. T\u00e4rin\u00e4nvaimennus metalli-kumikiinnike\"},{\"@type\":\"WebPage\",\"@id\":\"https:\/\/hotelli03.domainhotelli.fi\/~lsdoecli\/tuote\/tarinanvaimennus-metalli-kumikiinnike-vibro-em-3\/\",\"url\":\"https:\/\/hotelli03.domainhotelli.fi\/~lsdoecli\/tuote\/tarinanvaimennus-metalli-kumikiinnike-vibro-em-3\/\",\"name\":\"T\u00e4rin\u00e4nvaimennus metalli-kumikiinnike Vibro-EM 3 | JV Tuonti\",\"isPartOf\":{\"@id\":\"https:\/\/hotelli03.domainhotelli.fi\/~lsdoecli\/#website\"},\"primaryImageOfPage\":{\"@id\":\"https:\/\/hotelli03.domainhotelli.fi\/~lsdoecli\/tuote\/tarinanvaimennus-metalli-kumikiinnike-vibro-em-3\/#primaryimage\"},\"datePublished\":\"2021-08-24T07:06:58+00:00\",\"dateModified\":\"2022-06-09T11:20:54+00:00\",\"description\":\"Vibro EM.3 on t\u00e4rin\u00e4nvaimennus metalli-kumikiinnike, joka on valmistettu kumi- ja metalliliitososien yhdistelm\u00e4st\u00e4. Tilaa verkkokaupastamme.\",\"breadcrumb\":{\"@id\":\"https:\/\/hotelli03.domainhotelli.fi\/~lsdoecli\/tuote\/tarinanvaimennus-metalli-kumikiinnike-vibro-em-3\/#breadcrumb\"},\"inLanguage\":\"fi\",\"potentialAction\":[{\"@type\":\"ReadAction\",\"target\":[\"https:\/\/hotelli03.domainhotelli.fi\/~lsdoecli\/tuote\/tarinanvaimennus-metalli-kumikiinnike-vibro-em-3\/\"]}]},{\"@type\":\"BreadcrumbList\",\"@id\":\"https:\/\/hotelli03.domainhotelli.fi\/~lsdoecli\/tuote\/tarinanvaimennus-metalli-kumikiinnike-vibro-em-3\/#breadcrumb\",\"itemListElement\":[{\"@type\":\"ListItem\",\"position\":1,\"name\":\"Etusivu\",\"item\":\"https:\/\/hotelli03.domainhotelli.fi\/~lsdoecli\/\"},{\"@type\":\"ListItem\",\"position\":2,\"name\":\"Kauppa\",\"item\":\"https:\/\/hotelli03.domainhotelli.fi\/~lsdoecli\/kauppa\/\"},{\"@type\":\"ListItem\",\"position\":3,\"name\":\"T\u00e4rin\u00e4nvaimennus metalli-kumikiinnike Vibro-EM 3\"}]},{\"@type\":\"PostalAddress\",\"@id\":\"https:\/\/hotelli03.domainhotelli.fi\/~lsdoecli\/tuote\/tarinanvaimennus-metalli-kumikiinnike-vibro-em-3\/#local-main-place-address\",\"streetAddress\":\"Pyymosantie 5a\",\"addressLocality\":\"Vantaa\",\"postalCode\":\"01720\",\"addressCountry\":\"FI\"},{\"@type\":\"ImageObject\",\"inLanguage\":\"fi\",\"@id\":\"https:\/\/hotelli03.domainhotelli.fi\/~lsdoecli\/tuote\/tarinanvaimennus-metalli-kumikiinnike-vibro-em-3\/#local-main-organization-logo\",\"url\":\"https:\/\/hotelli03.domainhotelli.fi\/~lsdoecli\/wp-content\/uploads\/2021\/08\/JVTuonti_logo_nelio.jpg\",\"contentUrl\":\"https:\/\/hotelli03.domainhotelli.fi\/~lsdoecli\/wp-content\/uploads\/2021\/08\/JVTuonti_logo_nelio.jpg\",\"width\":550,\"height\":550,\"caption\":\"JV Tuonti Oy\"}]}<\/script>\n<meta property=\"og:availability\" content=\"backorder\" \/>\n<meta property=\"product:availability\" content=\"available for order\" \/>\n<meta property=\"product:condition\" content=\"new\" \/>\n<meta name=\"geo.placename\" content=\"Vantaa\" \/>\n<meta name=\"geo.position\" content=\"60.28431;24.81654\" \/>\n<meta name=\"geo.region\" content=\"Suomi\" \/>\n<!-- \/ Yoast SEO Premium plugin. -->","yoast_head_json":{"title":"T\u00e4rin\u00e4nvaimennus metalli-kumikiinnike Vibro-EM 3 | JV Tuonti","description":"Vibro EM.3 on t\u00e4rin\u00e4nvaimennus metalli-kumikiinnike, joka on valmistettu kumi- ja metalliliitososien yhdistelm\u00e4st\u00e4. Tilaa verkkokaupastamme.","robots":{"index":"index","follow":"follow","max-snippet":"max-snippet:-1","max-image-preview":"max-image-preview:large","max-video-preview":"max-video-preview:-1"},"canonical":"https:\/\/hotelli03.domainhotelli.fi\/~lsdoecli\/tuote\/tarinanvaimennus-metalli-kumikiinnike-vibro-em-3\/","og_locale":"fi_FI","og_type":"article","og_title":"T\u00e4rin\u00e4nvaimennus metalli-kumikiinnike Vibro-EM 3","og_description":"Vibro EM.3 on t\u00e4rin\u00e4nvaimennus metalli-kumikiinnike, joka on valmistettu kumi- ja metalliliitososien yhdistelm\u00e4st\u00e4. Tilaa verkkokaupastamme.","og_url":"https:\/\/hotelli03.domainhotelli.fi\/~lsdoecli\/tuote\/tarinanvaimennus-metalli-kumikiinnike-vibro-em-3\/","og_site_name":"JV Tuonti","article_publisher":"https:\/\/www.facebook.com\/JVTuontiOy","article_modified_time":"2022-06-09T11:20:54+00:00","og_image":[{"width":280,"height":210,"url":"https:\/\/hotelli03.domainhotelli.fi\/~lsdoecli\/wp-content\/uploads\/2021\/08\/Vibro-EM.3.-Tarinanvaimennus-metalli-kumikiinnike.jpg","type":"image\/jpeg"}],"twitter_card":"summary_large_image","twitter_misc":{"Availability":"On backorder"},"schema":{"@context":"https:\/\/schema.org","@graph":[{"@type":["Organization","Place","WholesaleStore"],"@id":"https:\/\/hotelli03.domainhotelli.fi\/~lsdoecli\/#organization","name":"JV Tuonti Oy","url":"https:\/\/hotelli03.domainhotelli.fi\/~lsdoecli\/","sameAs":["https:\/\/instagram.com\/jvtuontioy?utm_medium=copy_link","https:\/\/www.facebook.com\/JVTuontiOy"],"logo":{"@id":"https:\/\/hotelli03.domainhotelli.fi\/~lsdoecli\/tuote\/tarinanvaimennus-metalli-kumikiinnike-vibro-em-3\/#local-main-organization-logo"},"image":{"@id":"https:\/\/hotelli03.domainhotelli.fi\/~lsdoecli\/tuote\/tarinanvaimennus-metalli-kumikiinnike-vibro-em-3\/#local-main-organization-logo"},"address":{"@id":"https:\/\/hotelli03.domainhotelli.fi\/~lsdoecli\/tuote\/tarinanvaimennus-metalli-kumikiinnike-vibro-em-3\/#local-main-place-address"},"geo":{"@type":"GeoCoordinates","latitude":"60.28431","longitude":"24.81654"},"telephone":["0408369980"],"openingHoursSpecification":[{"@type":"OpeningHoursSpecification","dayOfWeek":["Monday","Tuesday","Wednesday","Thursday","Friday"],"opens":"08:00","closes":"16:00"},{"@type":"OpeningHoursSpecification","dayOfWeek":["Saturday","Sunday"],"opens":"00:00","closes":"00:00"}],"email":"myynti@hotelli03.domainhotelli.fi","areaServed":"Suomi, Ruotsi","vatID":"FI30178387","priceRange":"$$","currenciesAccepted":"\u20ac","paymentAccepted":"Lasku, pankkikortti"},{"@type":"WebSite","@id":"https:\/\/hotelli03.domainhotelli.fi\/~lsdoecli\/#website","url":"https:\/\/hotelli03.domainhotelli.fi\/~lsdoecli\/","name":"JV Tuonti","description":"JV Tuonti Oy:n verkkokauppa","publisher":{"@id":"https:\/\/hotelli03.domainhotelli.fi\/~lsdoecli\/#organization"},"potentialAction":[{"@type":"SearchAction","target":{"@type":"EntryPoint","urlTemplate":"https:\/\/hotelli03.domainhotelli.fi\/~lsdoecli\/?s={search_term_string}"},"query-input":"required name=search_term_string"}],"inLanguage":"fi"},{"@type":"ImageObject","inLanguage":"fi","@id":"https:\/\/hotelli03.domainhotelli.fi\/~lsdoecli\/tuote\/tarinanvaimennus-metalli-kumikiinnike-vibro-em-3\/#primaryimage","url":"https:\/\/hotelli03.domainhotelli.fi\/~lsdoecli\/wp-content\/uploads\/2021\/08\/Vibro-EM.3.-Tarinanvaimennus-metalli-kumikiinnike.jpg","contentUrl":"https:\/\/hotelli03.domainhotelli.fi\/~lsdoecli\/wp-content\/uploads\/2021\/08\/Vibro-EM.3.-Tarinanvaimennus-metalli-kumikiinnike.jpg","width":280,"height":210,"caption":"Vibro-EM.3. T\u00e4rin\u00e4nvaimennus metalli-kumikiinnike"},{"@type":"WebPage","@id":"https:\/\/hotelli03.domainhotelli.fi\/~lsdoecli\/tuote\/tarinanvaimennus-metalli-kumikiinnike-vibro-em-3\/","url":"https:\/\/hotelli03.domainhotelli.fi\/~lsdoecli\/tuote\/tarinanvaimennus-metalli-kumikiinnike-vibro-em-3\/","name":"T\u00e4rin\u00e4nvaimennus metalli-kumikiinnike Vibro-EM 3 | JV Tuonti","isPartOf":{"@id":"https:\/\/hotelli03.domainhotelli.fi\/~lsdoecli\/#website"},"primaryImageOfPage":{"@id":"https:\/\/hotelli03.domainhotelli.fi\/~lsdoecli\/tuote\/tarinanvaimennus-metalli-kumikiinnike-vibro-em-3\/#primaryimage"},"datePublished":"2021-08-24T07:06:58+00:00","dateModified":"2022-06-09T11:20:54+00:00","description":"Vibro EM.3 on t\u00e4rin\u00e4nvaimennus metalli-kumikiinnike, joka on valmistettu kumi- ja metalliliitososien yhdistelm\u00e4st\u00e4. Tilaa verkkokaupastamme.","breadcrumb":{"@id":"https:\/\/hotelli03.domainhotelli.fi\/~lsdoecli\/tuote\/tarinanvaimennus-metalli-kumikiinnike-vibro-em-3\/#breadcrumb"},"inLanguage":"fi","potentialAction":[{"@type":"ReadAction","target":["https:\/\/hotelli03.domainhotelli.fi\/~lsdoecli\/tuote\/tarinanvaimennus-metalli-kumikiinnike-vibro-em-3\/"]}]},{"@type":"BreadcrumbList","@id":"https:\/\/hotelli03.domainhotelli.fi\/~lsdoecli\/tuote\/tarinanvaimennus-metalli-kumikiinnike-vibro-em-3\/#breadcrumb","itemListElement":[{"@type":"ListItem","position":1,"name":"Etusivu","item":"https:\/\/hotelli03.domainhotelli.fi\/~lsdoecli\/"},{"@type":"ListItem","position":2,"name":"Kauppa","item":"https:\/\/hotelli03.domainhotelli.fi\/~lsdoecli\/kauppa\/"},{"@type":"ListItem","position":3,"name":"T\u00e4rin\u00e4nvaimennus metalli-kumikiinnike Vibro-EM 3"}]},{"@type":"PostalAddress","@id":"https:\/\/hotelli03.domainhotelli.fi\/~lsdoecli\/tuote\/tarinanvaimennus-metalli-kumikiinnike-vibro-em-3\/#local-main-place-address","streetAddress":"Pyymosantie 5a","addressLocality":"Vantaa","postalCode":"01720","addressCountry":"FI"},{"@type":"ImageObject","inLanguage":"fi","@id":"https:\/\/hotelli03.domainhotelli.fi\/~lsdoecli\/tuote\/tarinanvaimennus-metalli-kumikiinnike-vibro-em-3\/#local-main-organization-logo","url":"https:\/\/hotelli03.domainhotelli.fi\/~lsdoecli\/wp-content\/uploads\/2021\/08\/JVTuonti_logo_nelio.jpg","contentUrl":"https:\/\/hotelli03.domainhotelli.fi\/~lsdoecli\/wp-content\/uploads\/2021\/08\/JVTuonti_logo_nelio.jpg","width":550,"height":550,"caption":"JV Tuonti Oy"}]},"og_availability":"backorder","product_availability":"available for order","product_condition":"new","geo.placename":"Vantaa","geo.position":{"lat":"60.28431","long":"24.81654"},"geo.region":"Suomi"},"_links":{"self":[{"href":"https:\/\/hotelli03.domainhotelli.fi\/~lsdoecli\/wp-json\/wp\/v2\/product\/5597"}],"collection":[{"href":"https:\/\/hotelli03.domainhotelli.fi\/~lsdoecli\/wp-json\/wp\/v2\/product"}],"about":[{"href":"https:\/\/hotelli03.domainhotelli.fi\/~lsdoecli\/wp-json\/wp\/v2\/types\/product"}],"replies":[{"embeddable":true,"href":"https:\/\/hotelli03.domainhotelli.fi\/~lsdoecli\/wp-json\/wp\/v2\/comments?post=5597"}],"wp:featuredmedia":[{"embeddable":true,"href":"https:\/\/hotelli03.domainhotelli.fi\/~lsdoecli\/wp-json\/wp\/v2\/media\/5602"}],"wp:attachment":[{"href":"https:\/\/hotelli03.domainhotelli.fi\/~lsdoecli\/wp-json\/wp\/v2\/media?parent=5597"}],"wp:term":[{"taxonomy":"product_cat","embeddable":true,"href":"https:\/\/hotelli03.domainhotelli.fi\/~lsdoecli\/wp-json\/wp\/v2\/product_cat?post=5597"},{"taxonomy":"product_tag","embeddable":true,"href":"https:\/\/hotelli03.domainhotelli.fi\/~lsdoecli\/wp-json\/wp\/v2\/product_tag?post=5597"}],"curies":[{"name":"wp","href":"https:\/\/api.w.org\/{rel}","templated":true}]}}