{"id":5583,"date":"2021-08-24T05:36:09","date_gmt":"2021-08-24T05:36:09","guid":{"rendered":"https:\/\/hotelli03.domainhotelli.fi\/~lsdoecli\/?post_type=product&#038;p=5583"},"modified":"2022-06-09T11:22:16","modified_gmt":"2022-06-09T11:22:16","slug":"vibro-em-2-tarinanvaimennin-koneille-ja-laitteille","status":"publish","type":"product","link":"https:\/\/hotelli03.domainhotelli.fi\/~lsdoecli\/tuote\/vibro-em-2-tarinanvaimennin-koneille-ja-laitteille\/","title":{"rendered":"Vibro-EM.2 t\u00e4rin\u00e4nvaimennin koneille ja laitteille"},"content":{"rendered":"<h2>Vibro-EM.2 t\u00e4rin\u00e4nvaimennin koneille ja laitteille<\/h2>\n<p>Vibro-E\u039c.2 on elastinen t\u00e4rin\u00e4nvaimennin, joka on valmistettu kumi- ja metalliliitososien yhdistelm\u00e4st\u00e4. Metallinen kansi suojaa eri nesteilt\u00e4, kuten \u00f6ljylt\u00e4 ja vedelt\u00e4 ja jakaa koneen painon tasaisesti t\u00e4rin\u00e4nvaimentimelle. Lis\u00e4ksi se suojaa t\u00e4rin\u00e4nvaimentimen runkoa auringolta ja pident\u00e4\u00e4 sen k\u00e4ytt\u00f6ik\u00e4\u00e4.<\/p>\n<p>Metallikansi on valmistettu sinkityst\u00e4 metallilevyst\u00e4, joka suojaa sit\u00e4 hapettumiselta. Muut metalliosat on p\u00e4\u00e4llystetty kumilla paremman hapettumissuojan takaamiseksi, kun taas yl\u00e4- ja alapinnoilla on erityiset vuoraukset, jotka lis\u00e4\u00e4v\u00e4t kitkaa ja v\u00e4hent\u00e4v\u00e4t liukastumispintaa.<\/p>\n<h2>Vibro-EM.2 koneiden ja laitteiden t\u00e4rin\u00e4nvaimennukseen<\/h2>\n<p>T\u00e4m\u00e4 t\u00e4rin\u00e4nvaimennin v\u00e4hent\u00e4\u00e4 koneiden ja laitteiden t\u00e4rin\u00e4st\u00e4 syntyvi\u00e4 haittoja.<\/p>\n<p>Koneet ja laitteet, joissa on py\u00f6rivi\u00e4 osia aiheuttavat t\u00e4rin\u00e4\u00e4, joka siirtyy ymp\u00e4r\u00f6iviin rakenteisiin. T\u00e4rin\u00e4 aiheuttaa rakenteiden kautta siirtyv\u00e4\u00e4 runkomelua ja t\u00e4rin\u00e4\u00e4. T\u00e4rin\u00e4nvaimennin est\u00e4\u00e4 koneiden ja laitteiden t\u00e4rin\u00e4n ja ehk\u00e4isee t\u00e4rin\u00e4st\u00e4 aiheutuvia haittoja.<\/p>\n<p>Vibro-EM.2 t\u00e4rin\u00e4nvaimennin soveltuu n\u00e4ille koneille ja laitteille:<\/p>\n<ul>\n<li>Ilmastointilaitteet<\/li>\n<li>l\u00e4mp\u00f6pumput ja pumput, ilmal\u00e4mp\u00f6pumput, ilma-vesil\u00e4mp\u00f6pumppujen ulkoyksik\u00f6t<\/li>\n<li>ilmakompressorit<\/li>\n<li>tuulettimet<\/li>\n<li>muuntajat<\/li>\n<li>moottorin generaattorit<\/li>\n<li>leikkauskoneet<\/li>\n<li>painokoneet<\/li>\n<li>hissit jne.<\/li>\n<\/ul>\n<p>T\u00e4rin\u00e4nvaimentimen merkint\u00e4 (W: Valkoinen, B: Sininen, R: Punainen) osoittaa k\u00e4ytetyn kumin kovuuden ja suurimman kuorman, jonka se kest\u00e4\u00e4.<\/p>\n<ul>\n<li>Vibro-EM.2 (R punainen) maksimaalinen kuorma (daN) 40<\/li>\n<li>Vibro-EM.2 (B sininen) maksimaalinen kuorma (daN) 80<\/li>\n<li>Vibro-EM.2 (W valkoinen) maksimaalinen kuorma (daN) 150<\/li>\n<\/ul>\n<p>&nbsp;<\/p>\n<p><a href=\"https:\/\/hotelli03.domainhotelli.fi\/~lsdoecli\/tuote-osasto\/akustiikka\/\">Katso my\u00f6s muut t\u00e4rin\u00e4nvaimentimet t\u00e4st\u00e4!\u00a0<\/a><\/p>\n","protected":false},"excerpt":{"rendered":"<p>Vibro-E\u039c.2\u00a0Elastinen t\u00e4rin\u00e4nvaimennuskiinnike\u00a0on valmistettu kumi- ja metalliliitososien yhdistelm\u00e4st\u00e4. Metallinen korkki suojaa eri nesteilt\u00e4, kuten \u00f6ljylt\u00e4 ja vedelt\u00e4. Lis\u00e4ksi se suojaa t\u00e4rin\u00e4nvaimentimen runkoa auringolta ja pident\u00e4\u00e4 sen k\u00e4ytt\u00f6ik\u00e4\u00e4.<\/p>\n<p>&nbsp;<\/p>\n<p>Valitse malli alta (V\u00e4rit ovat vain koodi kest\u00e4vyydelle):<\/p>\n","protected":false},"featured_media":5587,"comment_status":"open","ping_status":"closed","template":"","meta":[],"product_cat":[1023,592],"product_tag":[1147,1149,1148,1104,1151,1150,1108,1105,1112,1115,1107,1106,1113,1111,1114,1109,1110],"yoast_head":"<!-- This site is optimized with the Yoast SEO Premium plugin v18.9 (Yoast SEO v19.3) - https:\/\/yoast.com\/wordpress\/plugins\/seo\/ -->\n<title>Vibro-EM.2 t\u00e4rin\u00e4nvaimennin koneille ja laitteille<\/title>\n<meta name=\"description\" content=\"Elastinen t\u00e4rin\u00e4nvaimennin Vibro-EM.2 koneille ja laitteille. Metallinen kansi suojaa nesteilt\u00e4, kuten \u00f6ljylt\u00e4, vedelt\u00e4 ja UV valolta.\" \/>\n<meta name=\"robots\" content=\"index, follow, max-snippet:-1, max-image-preview:large, max-video-preview:-1\" \/>\n<link rel=\"canonical\" href=\"https:\/\/hotelli03.domainhotelli.fi\/~lsdoecli\/tuote\/vibro-em-2-tarinanvaimennin-koneille-ja-laitteille\/\" \/>\n<meta property=\"og:locale\" content=\"fi_FI\" \/>\n<meta property=\"og:type\" content=\"article\" \/>\n<meta property=\"og:title\" content=\"Vibro-EM.2 t\u00e4rin\u00e4nvaimennin koneille ja laitteille\" \/>\n<meta property=\"og:description\" content=\"Elastinen t\u00e4rin\u00e4nvaimennin Vibro-EM.2 koneille ja laitteille. Metallinen kansi suojaa nesteilt\u00e4, kuten \u00f6ljylt\u00e4, vedelt\u00e4 ja UV valolta.\" \/>\n<meta property=\"og:url\" content=\"https:\/\/hotelli03.domainhotelli.fi\/~lsdoecli\/tuote\/vibro-em-2-tarinanvaimennin-koneille-ja-laitteille\/\" \/>\n<meta property=\"og:site_name\" content=\"JV Tuonti\" \/>\n<meta property=\"article:publisher\" content=\"https:\/\/www.facebook.com\/JVTuontiOy\" \/>\n<meta property=\"article:modified_time\" content=\"2022-06-09T11:22:16+00:00\" \/>\n<meta property=\"og:image\" content=\"https:\/\/hotelli03.domainhotelli.fi\/~lsdoecli\/wp-content\/uploads\/2021\/08\/Vibro-EM2.jpg\" \/>\n\t<meta property=\"og:image:width\" content=\"280\" \/>\n\t<meta property=\"og:image:height\" content=\"210\" \/>\n\t<meta property=\"og:image:type\" content=\"image\/jpeg\" \/>\n<meta name=\"twitter:card\" content=\"summary_large_image\" \/>\n<meta name=\"twitter:label1\" content=\"Availability\" \/>\n\t<meta name=\"twitter:data1\" content=\"On backorder\" \/>\n<script type=\"application\/ld+json\" class=\"yoast-schema-graph\">{\"@context\":\"https:\/\/schema.org\",\"@graph\":[{\"@type\":[\"Organization\",\"Place\",\"WholesaleStore\"],\"@id\":\"https:\/\/hotelli03.domainhotelli.fi\/~lsdoecli\/#organization\",\"name\":\"JV Tuonti Oy\",\"url\":\"https:\/\/hotelli03.domainhotelli.fi\/~lsdoecli\/\",\"sameAs\":[\"https:\/\/instagram.com\/jvtuontioy?utm_medium=copy_link\",\"https:\/\/www.facebook.com\/JVTuontiOy\"],\"logo\":{\"@id\":\"https:\/\/hotelli03.domainhotelli.fi\/~lsdoecli\/tuote\/vibro-em-2-tarinanvaimennin-koneille-ja-laitteille\/#local-main-organization-logo\"},\"image\":{\"@id\":\"https:\/\/hotelli03.domainhotelli.fi\/~lsdoecli\/tuote\/vibro-em-2-tarinanvaimennin-koneille-ja-laitteille\/#local-main-organization-logo\"},\"address\":{\"@id\":\"https:\/\/hotelli03.domainhotelli.fi\/~lsdoecli\/tuote\/vibro-em-2-tarinanvaimennin-koneille-ja-laitteille\/#local-main-place-address\"},\"geo\":{\"@type\":\"GeoCoordinates\",\"latitude\":\"60.28431\",\"longitude\":\"24.81654\"},\"telephone\":[\"0408369980\"],\"openingHoursSpecification\":[{\"@type\":\"OpeningHoursSpecification\",\"dayOfWeek\":[\"Monday\",\"Tuesday\",\"Wednesday\",\"Thursday\",\"Friday\"],\"opens\":\"08:00\",\"closes\":\"16:00\"},{\"@type\":\"OpeningHoursSpecification\",\"dayOfWeek\":[\"Saturday\",\"Sunday\"],\"opens\":\"00:00\",\"closes\":\"00:00\"}],\"email\":\"myynti@hotelli03.domainhotelli.fi\",\"areaServed\":\"Suomi, Ruotsi\",\"vatID\":\"FI30178387\",\"priceRange\":\"$$\",\"currenciesAccepted\":\"\u20ac\",\"paymentAccepted\":\"Lasku, pankkikortti\"},{\"@type\":\"WebSite\",\"@id\":\"https:\/\/hotelli03.domainhotelli.fi\/~lsdoecli\/#website\",\"url\":\"https:\/\/hotelli03.domainhotelli.fi\/~lsdoecli\/\",\"name\":\"JV Tuonti\",\"description\":\"JV Tuonti Oy:n verkkokauppa\",\"publisher\":{\"@id\":\"https:\/\/hotelli03.domainhotelli.fi\/~lsdoecli\/#organization\"},\"potentialAction\":[{\"@type\":\"SearchAction\",\"target\":{\"@type\":\"EntryPoint\",\"urlTemplate\":\"https:\/\/hotelli03.domainhotelli.fi\/~lsdoecli\/?s={search_term_string}\"},\"query-input\":\"required name=search_term_string\"}],\"inLanguage\":\"fi\"},{\"@type\":\"ImageObject\",\"inLanguage\":\"fi\",\"@id\":\"https:\/\/hotelli03.domainhotelli.fi\/~lsdoecli\/tuote\/vibro-em-2-tarinanvaimennin-koneille-ja-laitteille\/#primaryimage\",\"url\":\"https:\/\/hotelli03.domainhotelli.fi\/~lsdoecli\/wp-content\/uploads\/2021\/08\/Vibro-EM2.jpg\",\"contentUrl\":\"https:\/\/hotelli03.domainhotelli.fi\/~lsdoecli\/wp-content\/uploads\/2021\/08\/Vibro-EM2.jpg\",\"width\":280,\"height\":210,\"caption\":\"Elastinen metalli-kumi t\u00e4rin\u00e4nvaimennin Vibro-EM.2 koneille ja laitteille\"},{\"@type\":\"WebPage\",\"@id\":\"https:\/\/hotelli03.domainhotelli.fi\/~lsdoecli\/tuote\/vibro-em-2-tarinanvaimennin-koneille-ja-laitteille\/\",\"url\":\"https:\/\/hotelli03.domainhotelli.fi\/~lsdoecli\/tuote\/vibro-em-2-tarinanvaimennin-koneille-ja-laitteille\/\",\"name\":\"Vibro-EM.2 t\u00e4rin\u00e4nvaimennin koneille ja laitteille\",\"isPartOf\":{\"@id\":\"https:\/\/hotelli03.domainhotelli.fi\/~lsdoecli\/#website\"},\"primaryImageOfPage\":{\"@id\":\"https:\/\/hotelli03.domainhotelli.fi\/~lsdoecli\/tuote\/vibro-em-2-tarinanvaimennin-koneille-ja-laitteille\/#primaryimage\"},\"datePublished\":\"2021-08-24T05:36:09+00:00\",\"dateModified\":\"2022-06-09T11:22:16+00:00\",\"description\":\"Elastinen t\u00e4rin\u00e4nvaimennin Vibro-EM.2 koneille ja laitteille. Metallinen kansi suojaa nesteilt\u00e4, kuten \u00f6ljylt\u00e4, vedelt\u00e4 ja UV valolta.\",\"breadcrumb\":{\"@id\":\"https:\/\/hotelli03.domainhotelli.fi\/~lsdoecli\/tuote\/vibro-em-2-tarinanvaimennin-koneille-ja-laitteille\/#breadcrumb\"},\"inLanguage\":\"fi\",\"potentialAction\":[{\"@type\":\"ReadAction\",\"target\":[\"https:\/\/hotelli03.domainhotelli.fi\/~lsdoecli\/tuote\/vibro-em-2-tarinanvaimennin-koneille-ja-laitteille\/\"]}]},{\"@type\":\"BreadcrumbList\",\"@id\":\"https:\/\/hotelli03.domainhotelli.fi\/~lsdoecli\/tuote\/vibro-em-2-tarinanvaimennin-koneille-ja-laitteille\/#breadcrumb\",\"itemListElement\":[{\"@type\":\"ListItem\",\"position\":1,\"name\":\"Etusivu\",\"item\":\"https:\/\/hotelli03.domainhotelli.fi\/~lsdoecli\/\"},{\"@type\":\"ListItem\",\"position\":2,\"name\":\"Kauppa\",\"item\":\"https:\/\/hotelli03.domainhotelli.fi\/~lsdoecli\/kauppa\/\"},{\"@type\":\"ListItem\",\"position\":3,\"name\":\"Vibro-EM.2 t\u00e4rin\u00e4nvaimennin koneille ja laitteille\"}]},{\"@type\":\"PostalAddress\",\"@id\":\"https:\/\/hotelli03.domainhotelli.fi\/~lsdoecli\/tuote\/vibro-em-2-tarinanvaimennin-koneille-ja-laitteille\/#local-main-place-address\",\"streetAddress\":\"Pyymosantie 5a\",\"addressLocality\":\"Vantaa\",\"postalCode\":\"01720\",\"addressCountry\":\"FI\"},{\"@type\":\"ImageObject\",\"inLanguage\":\"fi\",\"@id\":\"https:\/\/hotelli03.domainhotelli.fi\/~lsdoecli\/tuote\/vibro-em-2-tarinanvaimennin-koneille-ja-laitteille\/#local-main-organization-logo\",\"url\":\"https:\/\/hotelli03.domainhotelli.fi\/~lsdoecli\/wp-content\/uploads\/2021\/08\/JVTuonti_logo_nelio.jpg\",\"contentUrl\":\"https:\/\/hotelli03.domainhotelli.fi\/~lsdoecli\/wp-content\/uploads\/2021\/08\/JVTuonti_logo_nelio.jpg\",\"width\":550,\"height\":550,\"caption\":\"JV Tuonti Oy\"}]}<\/script>\n<meta property=\"og:availability\" content=\"backorder\" \/>\n<meta property=\"product:availability\" content=\"available for order\" \/>\n<meta property=\"product:condition\" content=\"new\" \/>\n<meta name=\"geo.placename\" content=\"Vantaa\" \/>\n<meta name=\"geo.position\" content=\"60.28431;24.81654\" \/>\n<meta name=\"geo.region\" content=\"Suomi\" \/>\n<!-- \/ Yoast SEO Premium plugin. -->","yoast_head_json":{"title":"Vibro-EM.2 t\u00e4rin\u00e4nvaimennin koneille ja laitteille","description":"Elastinen t\u00e4rin\u00e4nvaimennin Vibro-EM.2 koneille ja laitteille. Metallinen kansi suojaa nesteilt\u00e4, kuten \u00f6ljylt\u00e4, vedelt\u00e4 ja UV valolta.","robots":{"index":"index","follow":"follow","max-snippet":"max-snippet:-1","max-image-preview":"max-image-preview:large","max-video-preview":"max-video-preview:-1"},"canonical":"https:\/\/hotelli03.domainhotelli.fi\/~lsdoecli\/tuote\/vibro-em-2-tarinanvaimennin-koneille-ja-laitteille\/","og_locale":"fi_FI","og_type":"article","og_title":"Vibro-EM.2 t\u00e4rin\u00e4nvaimennin koneille ja laitteille","og_description":"Elastinen t\u00e4rin\u00e4nvaimennin Vibro-EM.2 koneille ja laitteille. Metallinen kansi suojaa nesteilt\u00e4, kuten \u00f6ljylt\u00e4, vedelt\u00e4 ja UV valolta.","og_url":"https:\/\/hotelli03.domainhotelli.fi\/~lsdoecli\/tuote\/vibro-em-2-tarinanvaimennin-koneille-ja-laitteille\/","og_site_name":"JV Tuonti","article_publisher":"https:\/\/www.facebook.com\/JVTuontiOy","article_modified_time":"2022-06-09T11:22:16+00:00","og_image":[{"width":280,"height":210,"url":"https:\/\/hotelli03.domainhotelli.fi\/~lsdoecli\/wp-content\/uploads\/2021\/08\/Vibro-EM2.jpg","type":"image\/jpeg"}],"twitter_card":"summary_large_image","twitter_misc":{"Availability":"On backorder"},"schema":{"@context":"https:\/\/schema.org","@graph":[{"@type":["Organization","Place","WholesaleStore"],"@id":"https:\/\/hotelli03.domainhotelli.fi\/~lsdoecli\/#organization","name":"JV Tuonti Oy","url":"https:\/\/hotelli03.domainhotelli.fi\/~lsdoecli\/","sameAs":["https:\/\/instagram.com\/jvtuontioy?utm_medium=copy_link","https:\/\/www.facebook.com\/JVTuontiOy"],"logo":{"@id":"https:\/\/hotelli03.domainhotelli.fi\/~lsdoecli\/tuote\/vibro-em-2-tarinanvaimennin-koneille-ja-laitteille\/#local-main-organization-logo"},"image":{"@id":"https:\/\/hotelli03.domainhotelli.fi\/~lsdoecli\/tuote\/vibro-em-2-tarinanvaimennin-koneille-ja-laitteille\/#local-main-organization-logo"},"address":{"@id":"https:\/\/hotelli03.domainhotelli.fi\/~lsdoecli\/tuote\/vibro-em-2-tarinanvaimennin-koneille-ja-laitteille\/#local-main-place-address"},"geo":{"@type":"GeoCoordinates","latitude":"60.28431","longitude":"24.81654"},"telephone":["0408369980"],"openingHoursSpecification":[{"@type":"OpeningHoursSpecification","dayOfWeek":["Monday","Tuesday","Wednesday","Thursday","Friday"],"opens":"08:00","closes":"16:00"},{"@type":"OpeningHoursSpecification","dayOfWeek":["Saturday","Sunday"],"opens":"00:00","closes":"00:00"}],"email":"myynti@hotelli03.domainhotelli.fi","areaServed":"Suomi, Ruotsi","vatID":"FI30178387","priceRange":"$$","currenciesAccepted":"\u20ac","paymentAccepted":"Lasku, pankkikortti"},{"@type":"WebSite","@id":"https:\/\/hotelli03.domainhotelli.fi\/~lsdoecli\/#website","url":"https:\/\/hotelli03.domainhotelli.fi\/~lsdoecli\/","name":"JV Tuonti","description":"JV Tuonti Oy:n verkkokauppa","publisher":{"@id":"https:\/\/hotelli03.domainhotelli.fi\/~lsdoecli\/#organization"},"potentialAction":[{"@type":"SearchAction","target":{"@type":"EntryPoint","urlTemplate":"https:\/\/hotelli03.domainhotelli.fi\/~lsdoecli\/?s={search_term_string}"},"query-input":"required name=search_term_string"}],"inLanguage":"fi"},{"@type":"ImageObject","inLanguage":"fi","@id":"https:\/\/hotelli03.domainhotelli.fi\/~lsdoecli\/tuote\/vibro-em-2-tarinanvaimennin-koneille-ja-laitteille\/#primaryimage","url":"https:\/\/hotelli03.domainhotelli.fi\/~lsdoecli\/wp-content\/uploads\/2021\/08\/Vibro-EM2.jpg","contentUrl":"https:\/\/hotelli03.domainhotelli.fi\/~lsdoecli\/wp-content\/uploads\/2021\/08\/Vibro-EM2.jpg","width":280,"height":210,"caption":"Elastinen metalli-kumi t\u00e4rin\u00e4nvaimennin Vibro-EM.2 koneille ja laitteille"},{"@type":"WebPage","@id":"https:\/\/hotelli03.domainhotelli.fi\/~lsdoecli\/tuote\/vibro-em-2-tarinanvaimennin-koneille-ja-laitteille\/","url":"https:\/\/hotelli03.domainhotelli.fi\/~lsdoecli\/tuote\/vibro-em-2-tarinanvaimennin-koneille-ja-laitteille\/","name":"Vibro-EM.2 t\u00e4rin\u00e4nvaimennin koneille ja laitteille","isPartOf":{"@id":"https:\/\/hotelli03.domainhotelli.fi\/~lsdoecli\/#website"},"primaryImageOfPage":{"@id":"https:\/\/hotelli03.domainhotelli.fi\/~lsdoecli\/tuote\/vibro-em-2-tarinanvaimennin-koneille-ja-laitteille\/#primaryimage"},"datePublished":"2021-08-24T05:36:09+00:00","dateModified":"2022-06-09T11:22:16+00:00","description":"Elastinen t\u00e4rin\u00e4nvaimennin Vibro-EM.2 koneille ja laitteille. Metallinen kansi suojaa nesteilt\u00e4, kuten \u00f6ljylt\u00e4, vedelt\u00e4 ja UV valolta.","breadcrumb":{"@id":"https:\/\/hotelli03.domainhotelli.fi\/~lsdoecli\/tuote\/vibro-em-2-tarinanvaimennin-koneille-ja-laitteille\/#breadcrumb"},"inLanguage":"fi","potentialAction":[{"@type":"ReadAction","target":["https:\/\/hotelli03.domainhotelli.fi\/~lsdoecli\/tuote\/vibro-em-2-tarinanvaimennin-koneille-ja-laitteille\/"]}]},{"@type":"BreadcrumbList","@id":"https:\/\/hotelli03.domainhotelli.fi\/~lsdoecli\/tuote\/vibro-em-2-tarinanvaimennin-koneille-ja-laitteille\/#breadcrumb","itemListElement":[{"@type":"ListItem","position":1,"name":"Etusivu","item":"https:\/\/hotelli03.domainhotelli.fi\/~lsdoecli\/"},{"@type":"ListItem","position":2,"name":"Kauppa","item":"https:\/\/hotelli03.domainhotelli.fi\/~lsdoecli\/kauppa\/"},{"@type":"ListItem","position":3,"name":"Vibro-EM.2 t\u00e4rin\u00e4nvaimennin koneille ja laitteille"}]},{"@type":"PostalAddress","@id":"https:\/\/hotelli03.domainhotelli.fi\/~lsdoecli\/tuote\/vibro-em-2-tarinanvaimennin-koneille-ja-laitteille\/#local-main-place-address","streetAddress":"Pyymosantie 5a","addressLocality":"Vantaa","postalCode":"01720","addressCountry":"FI"},{"@type":"ImageObject","inLanguage":"fi","@id":"https:\/\/hotelli03.domainhotelli.fi\/~lsdoecli\/tuote\/vibro-em-2-tarinanvaimennin-koneille-ja-laitteille\/#local-main-organization-logo","url":"https:\/\/hotelli03.domainhotelli.fi\/~lsdoecli\/wp-content\/uploads\/2021\/08\/JVTuonti_logo_nelio.jpg","contentUrl":"https:\/\/hotelli03.domainhotelli.fi\/~lsdoecli\/wp-content\/uploads\/2021\/08\/JVTuonti_logo_nelio.jpg","width":550,"height":550,"caption":"JV Tuonti Oy"}]},"og_availability":"backorder","product_availability":"available for order","product_condition":"new","geo.placename":"Vantaa","geo.position":{"lat":"60.28431","long":"24.81654"},"geo.region":"Suomi"},"_links":{"self":[{"href":"https:\/\/hotelli03.domainhotelli.fi\/~lsdoecli\/wp-json\/wp\/v2\/product\/5583"}],"collection":[{"href":"https:\/\/hotelli03.domainhotelli.fi\/~lsdoecli\/wp-json\/wp\/v2\/product"}],"about":[{"href":"https:\/\/hotelli03.domainhotelli.fi\/~lsdoecli\/wp-json\/wp\/v2\/types\/product"}],"replies":[{"embeddable":true,"href":"https:\/\/hotelli03.domainhotelli.fi\/~lsdoecli\/wp-json\/wp\/v2\/comments?post=5583"}],"wp:featuredmedia":[{"embeddable":true,"href":"https:\/\/hotelli03.domainhotelli.fi\/~lsdoecli\/wp-json\/wp\/v2\/media\/5587"}],"wp:attachment":[{"href":"https:\/\/hotelli03.domainhotelli.fi\/~lsdoecli\/wp-json\/wp\/v2\/media?parent=5583"}],"wp:term":[{"taxonomy":"product_cat","embeddable":true,"href":"https:\/\/hotelli03.domainhotelli.fi\/~lsdoecli\/wp-json\/wp\/v2\/product_cat?post=5583"},{"taxonomy":"product_tag","embeddable":true,"href":"https:\/\/hotelli03.domainhotelli.fi\/~lsdoecli\/wp-json\/wp\/v2\/product_tag?post=5583"}],"curies":[{"name":"wp","href":"https:\/\/api.w.org\/{rel}","templated":true}]}}