{"id":5468,"date":"2021-08-09T11:19:33","date_gmt":"2021-08-09T11:19:33","guid":{"rendered":"https:\/\/hotelli03.domainhotelli.fi\/~lsdoecli\/?post_type=product&#038;p=5468"},"modified":"2021-10-25T03:19:42","modified_gmt":"2021-10-25T03:19:42","slug":"ffp2-sj2278v-ventiililla-2kpl-kuppimalli","status":"publish","type":"product","link":"https:\/\/hotelli03.domainhotelli.fi\/~lsdoecli\/tuote\/ffp2-sj2278v-ventiililla-2kpl-kuppimalli\/","title":{"rendered":"FFP2 SJ2278V venttiilill\u00e4 kuppimalli 2kpl pakkaus"},"content":{"rendered":"<h1><strong>FFP2 SJ2278V venttiilill\u00e4 kuppimalli, 2kpl pakkaus<\/strong><\/h1>\n<p>FFP2 SJ2278V venttiilill\u00e4, k\u00e4tev\u00e4ss\u00e4 2 kappaleen pakkauksessa:<\/p>\n<ul>\n<li>Suojausaste: FFP2-tason hengityssuojain (suojaa bakteereilta, viruksilta, hiukkasilta, p\u00f6lylt\u00e4)<\/li>\n<li>t\u00e4ytt\u00e4\u00e4\u00a0<a href=\"https:\/\/sales.sfs.fi\/fi\/index\/tuotteet\/SFS\/CEN\/ID2\/1\/194846.html.stx\">standardi EN149: 2001 + A1: 2009<\/a>\u00a0vaatimukset<\/li>\n<li>CE merkint\u00e4.\u00a0<a href=\"https:\/\/ec.europa.eu\/growth\/tools-databases\/nando\/index.cfm?fuseaction=notifiedbody.notifiedbody&amp;refe_cd=EPOS%5F43404&amp;version_no=8\">Ilmoitettu laitos: CE 0082<\/a><\/li>\n<li><a href=\"https:\/\/eur-lex.europa.eu\/legal-content\/FI\/TXT\/PDF\/?uri=CELEX:32016R0425&amp;from=de\">EU 2016\/425 asetuksen henkil\u00f6nsuojaimista<\/a>\u00a0vaatimusten mukainen luokan III henkil\u00f6nsuojain<\/li>\n<li>s\u00e4\u00e4dett\u00e4v\u00e4 nen\u00e4tuki<\/li>\n<li>kuppimallinen suojain venttiilill\u00e4<\/li>\n<li>suomenkieliset ja ruotsinkieliset k\u00e4ytt\u00f6ohjeet, suomen- ja ruotsinkielinen pakkaus<\/li>\n<li><a href=\"https:\/\/tukes.fi\/tuotteet-ja-palvelut\/vaatimustenmukaisuus\/eu-vaatimustenmukaisuusvakuutus#85793f1d\">EU vaatimuksenmukaisuusvakuutus<\/a><\/li>\n<\/ul>\n<p>&nbsp;<\/p>\n<h2><strong>FFP2 kuppimallinen suojain venttiilill\u00e4 SJ2278V suojaa vaarallisilta hiukkasilta kuten p\u00f6lylt\u00e4<\/strong><\/h2>\n<p>FFP2 suodatusteho on 94 %, mik\u00e4 tarkoittaa ett\u00e4 se suodattaa hengitysilmasta 94 % haitallisista hiukkasista.<\/p>\n<p>FFP2 NR tason hengitys suojain suojaa mm. terveydelle vaarallisilta kiinteilt\u00e4 ja nestem\u00e4isilt\u00e4 hiukkasilta, siite- ja katup\u00f6lyilt\u00e4, sek\u00e4 rakennusp\u00f6lylt\u00e4.<\/p>\n<p>Hengityssuojaimessa on uloshengitysventtiili, \u00a0joka helpottaa hengitt\u00e4mist\u00e4.<\/p>\n<h2>FFP2 S2278V soveltuu seuraaviin tilanteisiin<\/h2>\n<ul>\n<li>teollisuuden k\u00e4ytt\u00f6\u00f6n suojautumiseen hiontap\u00f6lylt\u00e4, p\u00f6lylt\u00e4 joka syntyy metallin hionta, nestesumuilta, siivouksen yhteydess\u00e4 syntyv\u00e4lt\u00e4 p\u00f6lylt\u00e4, sahauksen yhteydess\u00e4 syntyv\u00e4lt\u00e4 puup\u00f6lylt\u00e4, porausp\u00f6lylt\u00e4 ja kemikaaleilta<\/li>\n<li>rakennusalan k\u00e4ytt\u00f6\u00f6n (suojaa purkut\u00f6iden yhteydess\u00e4 syntyv\u00e4t hienolta betonip\u00f6lylt\u00e4, puun sahausp\u00f6lylt\u00e4, p\u00f6lylt\u00e4 siivoust\u00f6iden yhteydess\u00e4, lattia &#8211; ja sein\u00e4pinnoitteiden hiontap\u00f6lylt\u00e4, eristekuitujen p\u00f6lylt\u00e4 eristeiden asennuksen yhteydess\u00e4, maanrakennust\u00f6iss\u00e4 ja murskauksessa syntyv\u00e4lt\u00e4 p\u00f6lylt\u00e4, p\u00f6lylt\u00e4 joka syntyy\u00a0lasimurskeen ja murskeen levityksen yhteydess\u00e4)<\/li>\n<li>suojautumiseen maataloudessa haitallisia hiukkasia vastaan, suojautuminen sikalassa MRSA bakteeria ja sikalassa esiintyv\u00e4\u00e4 p\u00f6ly\u00e4 vastaan, suojatuminen lintuinfluenssaa vastaan siipikarjan yhteydess\u00e4, suojautuminen nautakarjoissa cryptosporidium alkuel\u00e4int\u00e4 vastaan<\/li>\n<li>jokap\u00e4iv\u00e4iseen k\u00e4ytt\u00f6\u00f6n suojautumiseen p\u00f6lylt\u00e4, ilmansaasteilta, siitep\u00f6lyilt\u00e4 sek\u00e4 katup\u00f6lylt\u00e4<\/li>\n<\/ul>\n<h3><strong>FFP2 kuppimallinen suojain venttiilill\u00e4 SJ2278V k\u00e4ytt\u00f6ohje<\/strong><\/h3>\n<ul>\n<li>Ennen k\u00e4ytt\u00f6\u00e4 varmista, ett\u00e4 kiinnitysnauhat on kiinnitetty kunnolla.<\/li>\n<li>Tarkista ett\u00e4 suojain on ehj\u00e4. \u00c4l\u00e4 k\u00e4yt\u00e4 suojainta, jos siin\u00e4 on n\u00e4kyvi\u00e4 vaurioita tai likaa.<\/li>\n<li>Tarkista hengityssuojaimen viimeinen k\u00e4ytt\u00f6p\u00e4iv\u00e4m\u00e4\u00e4r\u00e4 pakkauksesta.<\/li>\n<li>Ota hengityssuojain k\u00e4teen, niin ett\u00e4 metallinen nen\u00e4pidike osoittaa yl\u00f6sp\u00e4in ja kiinnitysnauhat roikkuvat alasp\u00e4in.<\/li>\n<li>Aseta SJ2278V FFP2 hengityssuojain nen\u00e4n ja suun p\u00e4\u00e4lle.<\/li>\n<li>Vie hengityssuojaimen alempi kiinnytysnauha niskan taakse ja ylempi kiinnitysnauha p\u00e4\u00e4n taakse.<\/li>\n<li>Muotoile ja paina k\u00e4sill\u00e4 nen\u00e4tukea, niin ett\u00e4 se istuu sopivasti ja tiivisti nen\u00e4n ymp\u00e4rille.<\/li>\n<li>Tarkista, ett\u00e4 hengityssuojain SJ2278V istuu tiiviisti kasvoille. Varmista, ett\u00e4 suojain ei vuoda reunoilta tai nen\u00e4n kohdalta. Aseta molemmat k\u00e4det suojaimen ymp\u00e4rille ja hengit\u00e4 voimakkaasti sis\u00e4\u00e4n ja ulos. Jos suojaimen nen\u00e4n ymp\u00e4rill\u00e4 tuntuu ilmavirtaus, s\u00e4\u00e4d\u00e4 nen\u00e4pidikett\u00e4.<\/li>\n<li>Jos FFP2 hengityssuojain vuotaa reunoilta, eli tunnet reunoilla ilmavirtauksen, s\u00e4\u00e4d\u00e4 hengityssuojainta ja aseta se paremmin. Toista tiiveyden tarkistus, niin kauan, kun hengityssuojain istuu tiivisti kasvoja vasten.<\/li>\n<\/ul>\n<p>Hengityssuojain venttiilill\u00e4 auttaa suojautumaan terveydelle haitallisia pienhuikkasia vastaan, mutta ei poista sairauksien ja infektioiden tartuntariski\u00e4 tai niille altistumista.<\/p>\n<h3>Hengityssuojain SJ2278V tuotetiedot<\/h3>\n<ul>\n<li>Valmistaja: <a href=\"http:\/\/www.sj-mask.com\">Shengjie Mask<\/a><\/li>\n<li>Malli: FFP2 SJ2278V venttiilill\u00e4 valkoinen<\/li>\n<li>Pakkauskoko: 2 kpl<\/li>\n<li>Tukkupakkaus: 400 kpl<\/li>\n<li>Tuotteen EAN koodi (GTIN-13): 6430077580558<\/li>\n<li>Materiaali: Kuitukangas, Meltblown kuitukangas<\/li>\n<li>FFP2 hengityssuojaimen koko: 16 x 12 cm<\/li>\n<\/ul>\n<p>&nbsp;<\/p>\n<p>Oletko j\u00e4lleenmyyj\u00e4 tai hankkimassa suurempia m\u00e4\u00e4ri\u00e4 kerralla? Pyyd\u00e4 tarjous FFP2 ja <a href=\"https:\/\/hotelli03.domainhotelli.fi\/~lsdoecli\/tuote-osasto\/hengityssuojain-hengityssuojaimet\/ffp3-hengityssuojaimet\/\">FFP3 hengityssuojaimista<\/a>, kysy lis\u00e4\u00e4\u00a0<a href=\"mailto:myynti@hotelli03.domainhotelli.fi\">myynti@hotelli03.domainhotelli.fi<\/a>. Olemme henkil\u00f6nsuojaimien\u00a0maahantuoja.<\/p>\n<p>&nbsp;<\/p>\n","protected":false},"excerpt":{"rendered":"<ul>\n<li>FFP2-tason hengityssuojain venttiilill\u00e4, SJ2278V<\/li>\n<li>2 kpl pakkauksessa<\/li>\n<li>Kuppimallinen suojain.<\/li>\n<li>Suojaa haitallisilta huikkasilta, kuten p\u00f6lylt\u00e4.<\/li>\n<li>Suosittu malli rakentamiseen ja teollisuusk\u00e4ytt\u00f6\u00f6n.<\/li>\n<\/ul>\n<p>&nbsp;<\/p>\n","protected":false},"featured_media":5461,"comment_status":"open","ping_status":"closed","template":"","meta":[],"product_cat":[94],"product_tag":[148,815,241,168,819,817,760,816,240,818,147,146,814],"yoast_head":"<!-- This site is optimized with the Yoast SEO Premium plugin v18.9 (Yoast SEO v19.3) - https:\/\/yoast.com\/wordpress\/plugins\/seo\/ -->\n<title>FFP2 hengityssuojain venttiilill\u00e4 kuppimalli, 2kpl pakkaus | JV Tuonti<\/title>\n<meta name=\"description\" content=\"FFP2\u00a0hengityssuojain\u00a0ventiilill\u00e4 SJ2278V 2 kpl pakkauksessa. Hengitys suojain rakennus - ja teollisuusk\u00e4ytt\u00f6\u00f6n - tilaa t\u00e4st\u00e4!\" \/>\n<meta name=\"robots\" content=\"index, follow, max-snippet:-1, max-image-preview:large, max-video-preview:-1\" \/>\n<link rel=\"canonical\" href=\"https:\/\/hotelli03.domainhotelli.fi\/~lsdoecli\/tuote\/ffp2-sj2278v-ventiililla-2kpl-kuppimalli\/\" \/>\n<meta property=\"og:locale\" content=\"fi_FI\" \/>\n<meta property=\"og:type\" content=\"article\" \/>\n<meta property=\"og:title\" content=\"FFP2 SJ2278V venttiilill\u00e4 kuppimalli 2kpl pakkaus\" \/>\n<meta property=\"og:description\" content=\"FFP2\u00a0hengityssuojain\u00a0ventiilill\u00e4 SJ2278V 2 kpl pakkauksessa. Hengitys suojain rakennus - ja teollisuusk\u00e4ytt\u00f6\u00f6n - tilaa t\u00e4st\u00e4!\" \/>\n<meta property=\"og:url\" content=\"https:\/\/hotelli03.domainhotelli.fi\/~lsdoecli\/tuote\/ffp2-sj2278v-ventiililla-2kpl-kuppimalli\/\" \/>\n<meta property=\"og:site_name\" content=\"JV Tuonti\" \/>\n<meta property=\"article:publisher\" content=\"https:\/\/www.facebook.com\/JVTuontiOy\" \/>\n<meta property=\"article:modified_time\" content=\"2021-10-25T03:19:42+00:00\" \/>\n<meta property=\"og:image\" content=\"https:\/\/hotelli03.domainhotelli.fi\/~lsdoecli\/wp-content\/uploads\/2021\/08\/FFP2-hengityssuojain-SJ2278V-venttiilin-kanssa-CE-hyvaksytty-2-kpl-1.jpg\" \/>\n\t<meta property=\"og:image:width\" content=\"850\" \/>\n\t<meta property=\"og:image:height\" content=\"1032\" \/>\n\t<meta property=\"og:image:type\" content=\"image\/jpeg\" \/>\n<meta name=\"twitter:card\" content=\"summary_large_image\" \/>\n<meta name=\"twitter:label1\" content=\"Price\" \/>\n\t<meta name=\"twitter:data1\" content=\"4,90&nbsp;&euro; Alv 24%N\u00e4yt\u00e4 veroton hinta3,95&nbsp;&euro; Alv 0%N\u00e4yt\u00e4 verollinen hinta\" \/>\n\t<meta name=\"twitter:label2\" content=\"Availability\" \/>\n\t<meta name=\"twitter:data2\" content=\"In stock\" \/>\n<script type=\"application\/ld+json\" class=\"yoast-schema-graph\">{\"@context\":\"https:\/\/schema.org\",\"@graph\":[{\"@type\":[\"Organization\",\"Place\",\"WholesaleStore\"],\"@id\":\"https:\/\/hotelli03.domainhotelli.fi\/~lsdoecli\/#organization\",\"name\":\"JV Tuonti Oy\",\"url\":\"https:\/\/hotelli03.domainhotelli.fi\/~lsdoecli\/\",\"sameAs\":[\"https:\/\/instagram.com\/jvtuontioy?utm_medium=copy_link\",\"https:\/\/www.facebook.com\/JVTuontiOy\"],\"logo\":{\"@id\":\"https:\/\/hotelli03.domainhotelli.fi\/~lsdoecli\/tuote\/ffp2-sj2278v-ventiililla-2kpl-kuppimalli\/#local-main-organization-logo\"},\"image\":{\"@id\":\"https:\/\/hotelli03.domainhotelli.fi\/~lsdoecli\/tuote\/ffp2-sj2278v-ventiililla-2kpl-kuppimalli\/#local-main-organization-logo\"},\"address\":{\"@id\":\"https:\/\/hotelli03.domainhotelli.fi\/~lsdoecli\/tuote\/ffp2-sj2278v-ventiililla-2kpl-kuppimalli\/#local-main-place-address\"},\"geo\":{\"@type\":\"GeoCoordinates\",\"latitude\":\"60.28431\",\"longitude\":\"24.81654\"},\"telephone\":[\"0408369980\"],\"openingHoursSpecification\":[{\"@type\":\"OpeningHoursSpecification\",\"dayOfWeek\":[\"Monday\",\"Tuesday\",\"Wednesday\",\"Thursday\",\"Friday\"],\"opens\":\"08:00\",\"closes\":\"16:00\"},{\"@type\":\"OpeningHoursSpecification\",\"dayOfWeek\":[\"Saturday\",\"Sunday\"],\"opens\":\"00:00\",\"closes\":\"00:00\"}],\"email\":\"myynti@hotelli03.domainhotelli.fi\",\"areaServed\":\"Suomi, Ruotsi\",\"vatID\":\"FI30178387\",\"priceRange\":\"$$\",\"currenciesAccepted\":\"\u20ac\",\"paymentAccepted\":\"Lasku, pankkikortti\"},{\"@type\":\"WebSite\",\"@id\":\"https:\/\/hotelli03.domainhotelli.fi\/~lsdoecli\/#website\",\"url\":\"https:\/\/hotelli03.domainhotelli.fi\/~lsdoecli\/\",\"name\":\"JV Tuonti\",\"description\":\"JV Tuonti Oy:n verkkokauppa\",\"publisher\":{\"@id\":\"https:\/\/hotelli03.domainhotelli.fi\/~lsdoecli\/#organization\"},\"potentialAction\":[{\"@type\":\"SearchAction\",\"target\":{\"@type\":\"EntryPoint\",\"urlTemplate\":\"https:\/\/hotelli03.domainhotelli.fi\/~lsdoecli\/?s={search_term_string}\"},\"query-input\":\"required name=search_term_string\"}],\"inLanguage\":\"fi\"},{\"@type\":\"ImageObject\",\"inLanguage\":\"fi\",\"@id\":\"https:\/\/hotelli03.domainhotelli.fi\/~lsdoecli\/tuote\/ffp2-sj2278v-ventiililla-2kpl-kuppimalli\/#primaryimage\",\"url\":\"https:\/\/hotelli03.domainhotelli.fi\/~lsdoecli\/wp-content\/uploads\/2021\/08\/FFP2-hengityssuojain-SJ2278V-venttiilin-kanssa-CE-hyvaksytty-2-kpl-1.jpg\",\"contentUrl\":\"https:\/\/hotelli03.domainhotelli.fi\/~lsdoecli\/wp-content\/uploads\/2021\/08\/FFP2-hengityssuojain-SJ2278V-venttiilin-kanssa-CE-hyvaksytty-2-kpl-1.jpg\",\"width\":850,\"height\":1032,\"caption\":\"FFP2 SJ2278V venttiilin kanssa CE hyv\u00e4ksytty 2 kpl\"},{\"@type\":\"WebPage\",\"@id\":\"https:\/\/hotelli03.domainhotelli.fi\/~lsdoecli\/tuote\/ffp2-sj2278v-ventiililla-2kpl-kuppimalli\/\",\"url\":\"https:\/\/hotelli03.domainhotelli.fi\/~lsdoecli\/tuote\/ffp2-sj2278v-ventiililla-2kpl-kuppimalli\/\",\"name\":\"FFP2 hengityssuojain venttiilill\u00e4 kuppimalli, 2kpl pakkaus | JV Tuonti\",\"isPartOf\":{\"@id\":\"https:\/\/hotelli03.domainhotelli.fi\/~lsdoecli\/#website\"},\"primaryImageOfPage\":{\"@id\":\"https:\/\/hotelli03.domainhotelli.fi\/~lsdoecli\/tuote\/ffp2-sj2278v-ventiililla-2kpl-kuppimalli\/#primaryimage\"},\"datePublished\":\"2021-08-09T11:19:33+00:00\",\"dateModified\":\"2021-10-25T03:19:42+00:00\",\"description\":\"FFP2\u00a0hengityssuojain\u00a0ventiilill\u00e4 SJ2278V 2 kpl pakkauksessa. Hengitys suojain rakennus - ja teollisuusk\u00e4ytt\u00f6\u00f6n - tilaa t\u00e4st\u00e4!\",\"breadcrumb\":{\"@id\":\"https:\/\/hotelli03.domainhotelli.fi\/~lsdoecli\/tuote\/ffp2-sj2278v-ventiililla-2kpl-kuppimalli\/#breadcrumb\"},\"inLanguage\":\"fi\",\"potentialAction\":[{\"@type\":\"ReadAction\",\"target\":[\"https:\/\/hotelli03.domainhotelli.fi\/~lsdoecli\/tuote\/ffp2-sj2278v-ventiililla-2kpl-kuppimalli\/\"]}]},{\"@type\":\"BreadcrumbList\",\"@id\":\"https:\/\/hotelli03.domainhotelli.fi\/~lsdoecli\/tuote\/ffp2-sj2278v-ventiililla-2kpl-kuppimalli\/#breadcrumb\",\"itemListElement\":[{\"@type\":\"ListItem\",\"position\":1,\"name\":\"Etusivu\",\"item\":\"https:\/\/hotelli03.domainhotelli.fi\/~lsdoecli\/\"},{\"@type\":\"ListItem\",\"position\":2,\"name\":\"Kauppa\",\"item\":\"https:\/\/hotelli03.domainhotelli.fi\/~lsdoecli\/kauppa\/\"},{\"@type\":\"ListItem\",\"position\":3,\"name\":\"FFP2 SJ2278V venttiilill\u00e4 kuppimalli 2kpl pakkaus\"}]},{\"@type\":\"PostalAddress\",\"@id\":\"https:\/\/hotelli03.domainhotelli.fi\/~lsdoecli\/tuote\/ffp2-sj2278v-ventiililla-2kpl-kuppimalli\/#local-main-place-address\",\"streetAddress\":\"Pyymosantie 5a\",\"addressLocality\":\"Vantaa\",\"postalCode\":\"01720\",\"addressCountry\":\"FI\"},{\"@type\":\"ImageObject\",\"inLanguage\":\"fi\",\"@id\":\"https:\/\/hotelli03.domainhotelli.fi\/~lsdoecli\/tuote\/ffp2-sj2278v-ventiililla-2kpl-kuppimalli\/#local-main-organization-logo\",\"url\":\"https:\/\/hotelli03.domainhotelli.fi\/~lsdoecli\/wp-content\/uploads\/2021\/08\/JVTuonti_logo_nelio.jpg\",\"contentUrl\":\"https:\/\/hotelli03.domainhotelli.fi\/~lsdoecli\/wp-content\/uploads\/2021\/08\/JVTuonti_logo_nelio.jpg\",\"width\":550,\"height\":550,\"caption\":\"JV Tuonti Oy\"}]}<\/script>\n<meta property=\"product:price:amount\" content=\"4.90\" \/>\n<meta property=\"product:price:currency\" content=\"EUR\" \/>\n<meta property=\"og:availability\" content=\"instock\" \/>\n<meta property=\"product:availability\" content=\"instock\" \/>\n<meta property=\"product:retailer_item_id\" content=\"JVTSJ2278V-2pack\" \/>\n<meta property=\"product:condition\" content=\"new\" \/>\n<meta name=\"geo.placename\" content=\"Vantaa\" \/>\n<meta name=\"geo.position\" content=\"60.28431;24.81654\" \/>\n<meta name=\"geo.region\" content=\"Suomi\" \/>\n<!-- \/ Yoast SEO Premium plugin. -->","yoast_head_json":{"title":"FFP2 hengityssuojain venttiilill\u00e4 kuppimalli, 2kpl pakkaus | JV Tuonti","description":"FFP2\u00a0hengityssuojain\u00a0ventiilill\u00e4 SJ2278V 2 kpl pakkauksessa. Hengitys suojain rakennus - ja teollisuusk\u00e4ytt\u00f6\u00f6n - tilaa t\u00e4st\u00e4!","robots":{"index":"index","follow":"follow","max-snippet":"max-snippet:-1","max-image-preview":"max-image-preview:large","max-video-preview":"max-video-preview:-1"},"canonical":"https:\/\/hotelli03.domainhotelli.fi\/~lsdoecli\/tuote\/ffp2-sj2278v-ventiililla-2kpl-kuppimalli\/","og_locale":"fi_FI","og_type":"article","og_title":"FFP2 SJ2278V venttiilill\u00e4 kuppimalli 2kpl pakkaus","og_description":"FFP2\u00a0hengityssuojain\u00a0ventiilill\u00e4 SJ2278V 2 kpl pakkauksessa. Hengitys suojain rakennus - ja teollisuusk\u00e4ytt\u00f6\u00f6n - tilaa t\u00e4st\u00e4!","og_url":"https:\/\/hotelli03.domainhotelli.fi\/~lsdoecli\/tuote\/ffp2-sj2278v-ventiililla-2kpl-kuppimalli\/","og_site_name":"JV Tuonti","article_publisher":"https:\/\/www.facebook.com\/JVTuontiOy","article_modified_time":"2021-10-25T03:19:42+00:00","og_image":[{"width":850,"height":1032,"url":"https:\/\/hotelli03.domainhotelli.fi\/~lsdoecli\/wp-content\/uploads\/2021\/08\/FFP2-hengityssuojain-SJ2278V-venttiilin-kanssa-CE-hyvaksytty-2-kpl-1.jpg","type":"image\/jpeg"}],"twitter_card":"summary_large_image","twitter_misc":{"Price":"4,90&nbsp;&euro; Alv 24%N\u00e4yt\u00e4 veroton hinta3,95&nbsp;&euro; Alv 0%N\u00e4yt\u00e4 verollinen hinta","Availability":"In stock"},"schema":{"@context":"https:\/\/schema.org","@graph":[{"@type":["Organization","Place","WholesaleStore"],"@id":"https:\/\/hotelli03.domainhotelli.fi\/~lsdoecli\/#organization","name":"JV Tuonti Oy","url":"https:\/\/hotelli03.domainhotelli.fi\/~lsdoecli\/","sameAs":["https:\/\/instagram.com\/jvtuontioy?utm_medium=copy_link","https:\/\/www.facebook.com\/JVTuontiOy"],"logo":{"@id":"https:\/\/hotelli03.domainhotelli.fi\/~lsdoecli\/tuote\/ffp2-sj2278v-ventiililla-2kpl-kuppimalli\/#local-main-organization-logo"},"image":{"@id":"https:\/\/hotelli03.domainhotelli.fi\/~lsdoecli\/tuote\/ffp2-sj2278v-ventiililla-2kpl-kuppimalli\/#local-main-organization-logo"},"address":{"@id":"https:\/\/hotelli03.domainhotelli.fi\/~lsdoecli\/tuote\/ffp2-sj2278v-ventiililla-2kpl-kuppimalli\/#local-main-place-address"},"geo":{"@type":"GeoCoordinates","latitude":"60.28431","longitude":"24.81654"},"telephone":["0408369980"],"openingHoursSpecification":[{"@type":"OpeningHoursSpecification","dayOfWeek":["Monday","Tuesday","Wednesday","Thursday","Friday"],"opens":"08:00","closes":"16:00"},{"@type":"OpeningHoursSpecification","dayOfWeek":["Saturday","Sunday"],"opens":"00:00","closes":"00:00"}],"email":"myynti@hotelli03.domainhotelli.fi","areaServed":"Suomi, Ruotsi","vatID":"FI30178387","priceRange":"$$","currenciesAccepted":"\u20ac","paymentAccepted":"Lasku, pankkikortti"},{"@type":"WebSite","@id":"https:\/\/hotelli03.domainhotelli.fi\/~lsdoecli\/#website","url":"https:\/\/hotelli03.domainhotelli.fi\/~lsdoecli\/","name":"JV Tuonti","description":"JV Tuonti Oy:n verkkokauppa","publisher":{"@id":"https:\/\/hotelli03.domainhotelli.fi\/~lsdoecli\/#organization"},"potentialAction":[{"@type":"SearchAction","target":{"@type":"EntryPoint","urlTemplate":"https:\/\/hotelli03.domainhotelli.fi\/~lsdoecli\/?s={search_term_string}"},"query-input":"required name=search_term_string"}],"inLanguage":"fi"},{"@type":"ImageObject","inLanguage":"fi","@id":"https:\/\/hotelli03.domainhotelli.fi\/~lsdoecli\/tuote\/ffp2-sj2278v-ventiililla-2kpl-kuppimalli\/#primaryimage","url":"https:\/\/hotelli03.domainhotelli.fi\/~lsdoecli\/wp-content\/uploads\/2021\/08\/FFP2-hengityssuojain-SJ2278V-venttiilin-kanssa-CE-hyvaksytty-2-kpl-1.jpg","contentUrl":"https:\/\/hotelli03.domainhotelli.fi\/~lsdoecli\/wp-content\/uploads\/2021\/08\/FFP2-hengityssuojain-SJ2278V-venttiilin-kanssa-CE-hyvaksytty-2-kpl-1.jpg","width":850,"height":1032,"caption":"FFP2 SJ2278V venttiilin kanssa CE hyv\u00e4ksytty 2 kpl"},{"@type":"WebPage","@id":"https:\/\/hotelli03.domainhotelli.fi\/~lsdoecli\/tuote\/ffp2-sj2278v-ventiililla-2kpl-kuppimalli\/","url":"https:\/\/hotelli03.domainhotelli.fi\/~lsdoecli\/tuote\/ffp2-sj2278v-ventiililla-2kpl-kuppimalli\/","name":"FFP2 hengityssuojain venttiilill\u00e4 kuppimalli, 2kpl pakkaus | JV Tuonti","isPartOf":{"@id":"https:\/\/hotelli03.domainhotelli.fi\/~lsdoecli\/#website"},"primaryImageOfPage":{"@id":"https:\/\/hotelli03.domainhotelli.fi\/~lsdoecli\/tuote\/ffp2-sj2278v-ventiililla-2kpl-kuppimalli\/#primaryimage"},"datePublished":"2021-08-09T11:19:33+00:00","dateModified":"2021-10-25T03:19:42+00:00","description":"FFP2\u00a0hengityssuojain\u00a0ventiilill\u00e4 SJ2278V 2 kpl pakkauksessa. Hengitys suojain rakennus - ja teollisuusk\u00e4ytt\u00f6\u00f6n - tilaa t\u00e4st\u00e4!","breadcrumb":{"@id":"https:\/\/hotelli03.domainhotelli.fi\/~lsdoecli\/tuote\/ffp2-sj2278v-ventiililla-2kpl-kuppimalli\/#breadcrumb"},"inLanguage":"fi","potentialAction":[{"@type":"ReadAction","target":["https:\/\/hotelli03.domainhotelli.fi\/~lsdoecli\/tuote\/ffp2-sj2278v-ventiililla-2kpl-kuppimalli\/"]}]},{"@type":"BreadcrumbList","@id":"https:\/\/hotelli03.domainhotelli.fi\/~lsdoecli\/tuote\/ffp2-sj2278v-ventiililla-2kpl-kuppimalli\/#breadcrumb","itemListElement":[{"@type":"ListItem","position":1,"name":"Etusivu","item":"https:\/\/hotelli03.domainhotelli.fi\/~lsdoecli\/"},{"@type":"ListItem","position":2,"name":"Kauppa","item":"https:\/\/hotelli03.domainhotelli.fi\/~lsdoecli\/kauppa\/"},{"@type":"ListItem","position":3,"name":"FFP2 SJ2278V venttiilill\u00e4 kuppimalli 2kpl pakkaus"}]},{"@type":"PostalAddress","@id":"https:\/\/hotelli03.domainhotelli.fi\/~lsdoecli\/tuote\/ffp2-sj2278v-ventiililla-2kpl-kuppimalli\/#local-main-place-address","streetAddress":"Pyymosantie 5a","addressLocality":"Vantaa","postalCode":"01720","addressCountry":"FI"},{"@type":"ImageObject","inLanguage":"fi","@id":"https:\/\/hotelli03.domainhotelli.fi\/~lsdoecli\/tuote\/ffp2-sj2278v-ventiililla-2kpl-kuppimalli\/#local-main-organization-logo","url":"https:\/\/hotelli03.domainhotelli.fi\/~lsdoecli\/wp-content\/uploads\/2021\/08\/JVTuonti_logo_nelio.jpg","contentUrl":"https:\/\/hotelli03.domainhotelli.fi\/~lsdoecli\/wp-content\/uploads\/2021\/08\/JVTuonti_logo_nelio.jpg","width":550,"height":550,"caption":"JV Tuonti Oy"}]},"product_price_amount":"4.90","product_price_currency":"EUR","og_availability":"instock","product_availability":"instock","product_retailer_item_id":"JVTSJ2278V-2pack","product_condition":"new","geo.placename":"Vantaa","geo.position":{"lat":"60.28431","long":"24.81654"},"geo.region":"Suomi"},"_links":{"self":[{"href":"https:\/\/hotelli03.domainhotelli.fi\/~lsdoecli\/wp-json\/wp\/v2\/product\/5468"}],"collection":[{"href":"https:\/\/hotelli03.domainhotelli.fi\/~lsdoecli\/wp-json\/wp\/v2\/product"}],"about":[{"href":"https:\/\/hotelli03.domainhotelli.fi\/~lsdoecli\/wp-json\/wp\/v2\/types\/product"}],"replies":[{"embeddable":true,"href":"https:\/\/hotelli03.domainhotelli.fi\/~lsdoecli\/wp-json\/wp\/v2\/comments?post=5468"}],"wp:featuredmedia":[{"embeddable":true,"href":"https:\/\/hotelli03.domainhotelli.fi\/~lsdoecli\/wp-json\/wp\/v2\/media\/5461"}],"wp:attachment":[{"href":"https:\/\/hotelli03.domainhotelli.fi\/~lsdoecli\/wp-json\/wp\/v2\/media?parent=5468"}],"wp:term":[{"taxonomy":"product_cat","embeddable":true,"href":"https:\/\/hotelli03.domainhotelli.fi\/~lsdoecli\/wp-json\/wp\/v2\/product_cat?post=5468"},{"taxonomy":"product_tag","embeddable":true,"href":"https:\/\/hotelli03.domainhotelli.fi\/~lsdoecli\/wp-json\/wp\/v2\/product_tag?post=5468"}],"curies":[{"name":"wp","href":"https:\/\/api.w.org\/{rel}","templated":true}]}}