{"id":5454,"date":"2021-08-09T09:24:36","date_gmt":"2021-08-09T09:24:36","guid":{"rendered":"https:\/\/hotelli03.domainhotelli.fi\/~lsdoecli\/?post_type=product&#038;p=5454"},"modified":"2022-02-02T19:15:53","modified_gmt":"2022-02-02T19:15:53","slug":"kirurginen-maski-tyyppi-iir-intco-50-kpl-pakkaus","status":"publish","type":"product","link":"https:\/\/hotelli03.domainhotelli.fi\/~lsdoecli\/tuote\/kirurginen-maski-tyyppi-iir-intco-50-kpl-pakkaus\/","title":{"rendered":"Kirurginen maski sininen Intco, 50 kpl pakkaus"},"content":{"rendered":"<h1><strong>Kirurginen maski sininen Intco, 50 kpl pakkaus<\/strong><\/h1>\n<p>Kertak\u00e4ytt\u00f6inen kirurginen maski tyyppi IIR\u00a0on tarkoitettu suojaamaan asiakasta terveydenhuollon eritteilt\u00e4 ja siin\u00e4 on lis\u00e4ksi roiskesuoja, joka suojaa henkil\u00f6kuntaa veriroiskeilta ja muilta roiskeilta leikkaussalissa. Kirurginen maski est\u00e4\u00e4 pisaroiden levi\u00e4mist\u00e4 hengitysilman kautta \u00a0ja suojaa muita k\u00e4ytt\u00e4j\u00e4n aerosoleilta. Kirurgisen suu-nen\u00e4suojaimen Intco IIR suodatustehokkuus on yli 98 % ja se on kasvomaskin tyyppi II kanssa yleisin terveydenhuollossa k\u00e4ytetty suusuojain.<\/p>\n<h2><strong>Kirurginen maski tyyppi IIR k\u00e4ytt\u00f6tilanteet<\/strong><\/h2>\n<p>Kirurgista maskia suositellaan k\u00e4ytett\u00e4v\u00e4ksi \u00a0sis\u00e4tiloissa, miss\u00e4 on paljon muita ihmisi\u00e4. Kirurgisten maskien k\u00e4ytt\u00f6\u00e4 suositellaan est\u00e4m\u00e4\u00e4n pisaroiden levi\u00e4mist\u00e4 ymp\u00e4rist\u00f6\u00f6n ja v\u00e4hent\u00e4m\u00e4\u00e4n tartuntoja:<\/p>\n<ul>\n<li>joukkoliikenteess\u00e4<\/li>\n<li>koronavirustestiin hakeutuvalle henkil\u00f6lle kun pit\u00e4\u00e4 liikkua kodin ulkopuolella<\/li>\n<li>kaupoissa ja ostoskeskuksissa, postissa, pankissa, kirjastoissa ja muissa vastaavissa sis\u00e4tiloissa<\/li>\n<li>ty\u00f6paikalla jos samassa tilassa ty\u00f6skentelee tai oleskelee useampi henkil\u00f6<\/li>\n<li>liikunta \u2013 ja urheilupaikoissa<\/li>\n<li>uimahallien, kylpyl\u00f6iden ja saunojen yleis \u2013 ja pukeutumistiloissa<\/li>\n<li>kirkoissa<\/li>\n<li>konserttisaleissa<\/li>\n<li>teattereissa ja elokuvateattereissa<\/li>\n<li>peruskoulussa 6. luokasta yl\u00f6sp\u00e4in, lukioissa ja korkeakouluissa<\/li>\n<\/ul>\n<h2><strong>Intco kirurgimaskin k\u00e4ytt\u00f6ohje\u00a0<\/strong><\/h2>\n<p>Pese tai desinfoi k\u00e4det ennen kun k\u00e4yt\u00e4t kirurgista maskia. Aseta maski kasvoille ja muotoile k\u00e4sill\u00e4 nen\u00e4pidike, niin ett\u00e4 se asettuu nen\u00e4n p\u00e4\u00e4lle. Tarkista ja s\u00e4\u00e4d\u00e4 kasvomaskia, niin ett\u00e4 se istuu tiivisti kasvoille ja peitt\u00e4\u00e4 suun, nen\u00e4n ja leuan. Riisu kasvomaski pit\u00e4m\u00e4ll\u00e4 korvalenkeist\u00e4 kiinni ja heit\u00e4 kiruginen suu-nen\u00e4suojus roskiin. Vaihda suusuojain, jos se tuntuu kostealta tai likaantuu. Suusuojain tyyppi IIR on kertak\u00e4ytt\u00f6inen.<\/p>\n<p><strong>Tuotetiedot<\/strong><\/p>\n<ul>\n<li>Valmistaja:\u00a0<a href=\"https:\/\/www.intcomedical.com\/\">Intco Medical<\/a><\/li>\n<li>Tuotenumero: FM301<\/li>\n<li>Pakkaus: 50 kpl<\/li>\n<li>V\u00e4ri: sininen<\/li>\n<li style=\"list-style-type: none;\"><\/li>\n<\/ul>\n<p>Lue lis\u00e4\u00e4 kasvomaskeista ja hengityssuojaimista, ja niiden eroista <a href=\"https:\/\/hotelli03.domainhotelli.fi\/~lsdoecli\/koronavirus-ja-suojautuminen\/miksi-koronavirus-tartuntamaarat-ovat-suomessa-ja-euroopassa-kasvussa-rokotteista-huolimatta-ja-mika-on-paras-tapa-suojautua-delta-virusta-vastaan\/\">t\u00e4\u00e4lt\u00e4!<\/a><\/p>\n<p>&nbsp;<\/p>\n","protected":false},"excerpt":{"rendered":"<p><strong>Intco Kirurginen kasvomaski tyyppi IIR, Sininen\u00a0, 50 kpl pakkaus.<\/strong><\/p>\n","protected":false},"featured_media":5465,"comment_status":"open","ping_status":"closed","template":"","meta":[],"product_cat":[756],"product_tag":[210,281,211,208,1016,209,1017,1015],"yoast_head":"<!-- This site is optimized with the Yoast SEO Premium plugin v18.9 (Yoast SEO v19.3) - https:\/\/yoast.com\/wordpress\/plugins\/seo\/ -->\n<title>Kirurginen maski sininen Intco, 50 kpl pakkaus | JV Tuonti<\/title>\n<meta name=\"description\" content=\"Kirurginen maski Intco IIR, 50 kpl pakkaus. Kirurginen kasvomaskin IIR suodatustehokkuus on yli 98 %. Tilaa maskit suoraan verkkokaupasta.\" \/>\n<meta name=\"robots\" content=\"index, follow, max-snippet:-1, max-image-preview:large, max-video-preview:-1\" \/>\n<link rel=\"canonical\" href=\"https:\/\/hotelli03.domainhotelli.fi\/~lsdoecli\/tuote\/kirurginen-maski-tyyppi-iir-intco-50-kpl-pakkaus\/\" \/>\n<meta property=\"og:locale\" content=\"fi_FI\" \/>\n<meta property=\"og:type\" content=\"article\" \/>\n<meta property=\"og:title\" content=\"Kirurginen maski sininen Intco, 50 kpl pakkaus\" \/>\n<meta property=\"og:description\" content=\"Kirurginen maski Intco IIR, 50 kpl pakkaus. Kirurginen kasvomaskin IIR suodatustehokkuus on yli 98 %. Tilaa maskit suoraan verkkokaupasta.\" \/>\n<meta property=\"og:url\" content=\"https:\/\/hotelli03.domainhotelli.fi\/~lsdoecli\/tuote\/kirurginen-maski-tyyppi-iir-intco-50-kpl-pakkaus\/\" \/>\n<meta property=\"og:site_name\" content=\"JV Tuonti\" \/>\n<meta property=\"article:publisher\" content=\"https:\/\/www.facebook.com\/JVTuontiOy\" \/>\n<meta property=\"article:modified_time\" content=\"2022-02-02T19:15:53+00:00\" \/>\n<meta property=\"og:image\" content=\"https:\/\/hotelli03.domainhotelli.fi\/~lsdoecli\/wp-content\/uploads\/2021\/08\/Kirurginen-kasvomaski-IIR-50-kpl-pakkaus-1.jpg\" \/>\n\t<meta property=\"og:image:width\" content=\"850\" \/>\n\t<meta property=\"og:image:height\" content=\"1134\" \/>\n\t<meta property=\"og:image:type\" content=\"image\/jpeg\" \/>\n<meta name=\"twitter:card\" content=\"summary_large_image\" \/>\n<meta name=\"twitter:label1\" content=\"Price\" \/>\n\t<meta name=\"twitter:data1\" content=\"5,83&nbsp;&euro; Alv 24%N\u00e4yt\u00e4 veroton hinta4,70&nbsp;&euro; Alv 0%N\u00e4yt\u00e4 verollinen hinta\" \/>\n\t<meta name=\"twitter:label2\" content=\"Availability\" \/>\n\t<meta name=\"twitter:data2\" content=\"In stock\" \/>\n<script type=\"application\/ld+json\" class=\"yoast-schema-graph\">{\"@context\":\"https:\/\/schema.org\",\"@graph\":[{\"@type\":[\"Organization\",\"Place\",\"WholesaleStore\"],\"@id\":\"https:\/\/hotelli03.domainhotelli.fi\/~lsdoecli\/#organization\",\"name\":\"JV Tuonti Oy\",\"url\":\"https:\/\/hotelli03.domainhotelli.fi\/~lsdoecli\/\",\"sameAs\":[\"https:\/\/instagram.com\/jvtuontioy?utm_medium=copy_link\",\"https:\/\/www.facebook.com\/JVTuontiOy\"],\"logo\":{\"@id\":\"https:\/\/hotelli03.domainhotelli.fi\/~lsdoecli\/tuote\/kirurginen-maski-tyyppi-iir-intco-50-kpl-pakkaus\/#local-main-organization-logo\"},\"image\":{\"@id\":\"https:\/\/hotelli03.domainhotelli.fi\/~lsdoecli\/tuote\/kirurginen-maski-tyyppi-iir-intco-50-kpl-pakkaus\/#local-main-organization-logo\"},\"address\":{\"@id\":\"https:\/\/hotelli03.domainhotelli.fi\/~lsdoecli\/tuote\/kirurginen-maski-tyyppi-iir-intco-50-kpl-pakkaus\/#local-main-place-address\"},\"geo\":{\"@type\":\"GeoCoordinates\",\"latitude\":\"60.28431\",\"longitude\":\"24.81654\"},\"telephone\":[\"0408369980\"],\"openingHoursSpecification\":[{\"@type\":\"OpeningHoursSpecification\",\"dayOfWeek\":[\"Monday\",\"Tuesday\",\"Wednesday\",\"Thursday\",\"Friday\"],\"opens\":\"08:00\",\"closes\":\"16:00\"},{\"@type\":\"OpeningHoursSpecification\",\"dayOfWeek\":[\"Saturday\",\"Sunday\"],\"opens\":\"00:00\",\"closes\":\"00:00\"}],\"email\":\"myynti@hotelli03.domainhotelli.fi\",\"areaServed\":\"Suomi, Ruotsi\",\"vatID\":\"FI30178387\",\"priceRange\":\"$$\",\"currenciesAccepted\":\"\u20ac\",\"paymentAccepted\":\"Lasku, pankkikortti\"},{\"@type\":\"WebSite\",\"@id\":\"https:\/\/hotelli03.domainhotelli.fi\/~lsdoecli\/#website\",\"url\":\"https:\/\/hotelli03.domainhotelli.fi\/~lsdoecli\/\",\"name\":\"JV Tuonti\",\"description\":\"JV Tuonti Oy:n verkkokauppa\",\"publisher\":{\"@id\":\"https:\/\/hotelli03.domainhotelli.fi\/~lsdoecli\/#organization\"},\"potentialAction\":[{\"@type\":\"SearchAction\",\"target\":{\"@type\":\"EntryPoint\",\"urlTemplate\":\"https:\/\/hotelli03.domainhotelli.fi\/~lsdoecli\/?s={search_term_string}\"},\"query-input\":\"required name=search_term_string\"}],\"inLanguage\":\"fi\"},{\"@type\":\"ImageObject\",\"inLanguage\":\"fi\",\"@id\":\"https:\/\/hotelli03.domainhotelli.fi\/~lsdoecli\/tuote\/kirurginen-maski-tyyppi-iir-intco-50-kpl-pakkaus\/#primaryimage\",\"url\":\"https:\/\/hotelli03.domainhotelli.fi\/~lsdoecli\/wp-content\/uploads\/2021\/08\/Kirurginen-kasvomaski-IIR-50-kpl-pakkaus-1.jpg\",\"contentUrl\":\"https:\/\/hotelli03.domainhotelli.fi\/~lsdoecli\/wp-content\/uploads\/2021\/08\/Kirurginen-kasvomaski-IIR-50-kpl-pakkaus-1.jpg\",\"width\":850,\"height\":1134,\"caption\":\"Kirurginen maski Intco IIR, 50 kpl pakkaus\"},{\"@type\":\"WebPage\",\"@id\":\"https:\/\/hotelli03.domainhotelli.fi\/~lsdoecli\/tuote\/kirurginen-maski-tyyppi-iir-intco-50-kpl-pakkaus\/\",\"url\":\"https:\/\/hotelli03.domainhotelli.fi\/~lsdoecli\/tuote\/kirurginen-maski-tyyppi-iir-intco-50-kpl-pakkaus\/\",\"name\":\"Kirurginen maski sininen Intco, 50 kpl pakkaus | JV Tuonti\",\"isPartOf\":{\"@id\":\"https:\/\/hotelli03.domainhotelli.fi\/~lsdoecli\/#website\"},\"primaryImageOfPage\":{\"@id\":\"https:\/\/hotelli03.domainhotelli.fi\/~lsdoecli\/tuote\/kirurginen-maski-tyyppi-iir-intco-50-kpl-pakkaus\/#primaryimage\"},\"datePublished\":\"2021-08-09T09:24:36+00:00\",\"dateModified\":\"2022-02-02T19:15:53+00:00\",\"description\":\"Kirurginen maski Intco IIR, 50 kpl pakkaus. Kirurginen kasvomaskin IIR suodatustehokkuus on yli 98 %. Tilaa maskit suoraan verkkokaupasta.\",\"breadcrumb\":{\"@id\":\"https:\/\/hotelli03.domainhotelli.fi\/~lsdoecli\/tuote\/kirurginen-maski-tyyppi-iir-intco-50-kpl-pakkaus\/#breadcrumb\"},\"inLanguage\":\"fi\",\"potentialAction\":[{\"@type\":\"ReadAction\",\"target\":[\"https:\/\/hotelli03.domainhotelli.fi\/~lsdoecli\/tuote\/kirurginen-maski-tyyppi-iir-intco-50-kpl-pakkaus\/\"]}]},{\"@type\":\"BreadcrumbList\",\"@id\":\"https:\/\/hotelli03.domainhotelli.fi\/~lsdoecli\/tuote\/kirurginen-maski-tyyppi-iir-intco-50-kpl-pakkaus\/#breadcrumb\",\"itemListElement\":[{\"@type\":\"ListItem\",\"position\":1,\"name\":\"Etusivu\",\"item\":\"https:\/\/hotelli03.domainhotelli.fi\/~lsdoecli\/\"},{\"@type\":\"ListItem\",\"position\":2,\"name\":\"Kauppa\",\"item\":\"https:\/\/hotelli03.domainhotelli.fi\/~lsdoecli\/kauppa\/\"},{\"@type\":\"ListItem\",\"position\":3,\"name\":\"Kirurginen maski sininen Intco, 50 kpl pakkaus\"}]},{\"@type\":\"PostalAddress\",\"@id\":\"https:\/\/hotelli03.domainhotelli.fi\/~lsdoecli\/tuote\/kirurginen-maski-tyyppi-iir-intco-50-kpl-pakkaus\/#local-main-place-address\",\"streetAddress\":\"Pyymosantie 5a\",\"addressLocality\":\"Vantaa\",\"postalCode\":\"01720\",\"addressCountry\":\"FI\"},{\"@type\":\"ImageObject\",\"inLanguage\":\"fi\",\"@id\":\"https:\/\/hotelli03.domainhotelli.fi\/~lsdoecli\/tuote\/kirurginen-maski-tyyppi-iir-intco-50-kpl-pakkaus\/#local-main-organization-logo\",\"url\":\"https:\/\/hotelli03.domainhotelli.fi\/~lsdoecli\/wp-content\/uploads\/2021\/08\/JVTuonti_logo_nelio.jpg\",\"contentUrl\":\"https:\/\/hotelli03.domainhotelli.fi\/~lsdoecli\/wp-content\/uploads\/2021\/08\/JVTuonti_logo_nelio.jpg\",\"width\":550,\"height\":550,\"caption\":\"JV Tuonti Oy\"}]}<\/script>\n<meta property=\"product:price:amount\" content=\"5.83\" \/>\n<meta property=\"product:price:currency\" content=\"EUR\" \/>\n<meta property=\"og:availability\" content=\"instock\" \/>\n<meta property=\"product:availability\" content=\"instock\" \/>\n<meta property=\"product:retailer_item_id\" content=\"IntcoIIR\" \/>\n<meta property=\"product:condition\" content=\"new\" \/>\n<meta name=\"geo.placename\" content=\"Vantaa\" \/>\n<meta name=\"geo.position\" content=\"60.28431;24.81654\" \/>\n<meta name=\"geo.region\" content=\"Suomi\" \/>\n<!-- \/ Yoast SEO Premium plugin. -->","yoast_head_json":{"title":"Kirurginen maski sininen Intco, 50 kpl pakkaus | JV Tuonti","description":"Kirurginen maski Intco IIR, 50 kpl pakkaus. Kirurginen kasvomaskin IIR suodatustehokkuus on yli 98 %. Tilaa maskit suoraan verkkokaupasta.","robots":{"index":"index","follow":"follow","max-snippet":"max-snippet:-1","max-image-preview":"max-image-preview:large","max-video-preview":"max-video-preview:-1"},"canonical":"https:\/\/hotelli03.domainhotelli.fi\/~lsdoecli\/tuote\/kirurginen-maski-tyyppi-iir-intco-50-kpl-pakkaus\/","og_locale":"fi_FI","og_type":"article","og_title":"Kirurginen maski sininen Intco, 50 kpl pakkaus","og_description":"Kirurginen maski Intco IIR, 50 kpl pakkaus. Kirurginen kasvomaskin IIR suodatustehokkuus on yli 98 %. Tilaa maskit suoraan verkkokaupasta.","og_url":"https:\/\/hotelli03.domainhotelli.fi\/~lsdoecli\/tuote\/kirurginen-maski-tyyppi-iir-intco-50-kpl-pakkaus\/","og_site_name":"JV Tuonti","article_publisher":"https:\/\/www.facebook.com\/JVTuontiOy","article_modified_time":"2022-02-02T19:15:53+00:00","og_image":[{"width":850,"height":1134,"url":"https:\/\/hotelli03.domainhotelli.fi\/~lsdoecli\/wp-content\/uploads\/2021\/08\/Kirurginen-kasvomaski-IIR-50-kpl-pakkaus-1.jpg","type":"image\/jpeg"}],"twitter_card":"summary_large_image","twitter_misc":{"Price":"5,83&nbsp;&euro; Alv 24%N\u00e4yt\u00e4 veroton hinta4,70&nbsp;&euro; Alv 0%N\u00e4yt\u00e4 verollinen hinta","Availability":"In stock"},"schema":{"@context":"https:\/\/schema.org","@graph":[{"@type":["Organization","Place","WholesaleStore"],"@id":"https:\/\/hotelli03.domainhotelli.fi\/~lsdoecli\/#organization","name":"JV Tuonti Oy","url":"https:\/\/hotelli03.domainhotelli.fi\/~lsdoecli\/","sameAs":["https:\/\/instagram.com\/jvtuontioy?utm_medium=copy_link","https:\/\/www.facebook.com\/JVTuontiOy"],"logo":{"@id":"https:\/\/hotelli03.domainhotelli.fi\/~lsdoecli\/tuote\/kirurginen-maski-tyyppi-iir-intco-50-kpl-pakkaus\/#local-main-organization-logo"},"image":{"@id":"https:\/\/hotelli03.domainhotelli.fi\/~lsdoecli\/tuote\/kirurginen-maski-tyyppi-iir-intco-50-kpl-pakkaus\/#local-main-organization-logo"},"address":{"@id":"https:\/\/hotelli03.domainhotelli.fi\/~lsdoecli\/tuote\/kirurginen-maski-tyyppi-iir-intco-50-kpl-pakkaus\/#local-main-place-address"},"geo":{"@type":"GeoCoordinates","latitude":"60.28431","longitude":"24.81654"},"telephone":["0408369980"],"openingHoursSpecification":[{"@type":"OpeningHoursSpecification","dayOfWeek":["Monday","Tuesday","Wednesday","Thursday","Friday"],"opens":"08:00","closes":"16:00"},{"@type":"OpeningHoursSpecification","dayOfWeek":["Saturday","Sunday"],"opens":"00:00","closes":"00:00"}],"email":"myynti@hotelli03.domainhotelli.fi","areaServed":"Suomi, Ruotsi","vatID":"FI30178387","priceRange":"$$","currenciesAccepted":"\u20ac","paymentAccepted":"Lasku, pankkikortti"},{"@type":"WebSite","@id":"https:\/\/hotelli03.domainhotelli.fi\/~lsdoecli\/#website","url":"https:\/\/hotelli03.domainhotelli.fi\/~lsdoecli\/","name":"JV Tuonti","description":"JV Tuonti Oy:n verkkokauppa","publisher":{"@id":"https:\/\/hotelli03.domainhotelli.fi\/~lsdoecli\/#organization"},"potentialAction":[{"@type":"SearchAction","target":{"@type":"EntryPoint","urlTemplate":"https:\/\/hotelli03.domainhotelli.fi\/~lsdoecli\/?s={search_term_string}"},"query-input":"required name=search_term_string"}],"inLanguage":"fi"},{"@type":"ImageObject","inLanguage":"fi","@id":"https:\/\/hotelli03.domainhotelli.fi\/~lsdoecli\/tuote\/kirurginen-maski-tyyppi-iir-intco-50-kpl-pakkaus\/#primaryimage","url":"https:\/\/hotelli03.domainhotelli.fi\/~lsdoecli\/wp-content\/uploads\/2021\/08\/Kirurginen-kasvomaski-IIR-50-kpl-pakkaus-1.jpg","contentUrl":"https:\/\/hotelli03.domainhotelli.fi\/~lsdoecli\/wp-content\/uploads\/2021\/08\/Kirurginen-kasvomaski-IIR-50-kpl-pakkaus-1.jpg","width":850,"height":1134,"caption":"Kirurginen maski Intco IIR, 50 kpl pakkaus"},{"@type":"WebPage","@id":"https:\/\/hotelli03.domainhotelli.fi\/~lsdoecli\/tuote\/kirurginen-maski-tyyppi-iir-intco-50-kpl-pakkaus\/","url":"https:\/\/hotelli03.domainhotelli.fi\/~lsdoecli\/tuote\/kirurginen-maski-tyyppi-iir-intco-50-kpl-pakkaus\/","name":"Kirurginen maski sininen Intco, 50 kpl pakkaus | JV Tuonti","isPartOf":{"@id":"https:\/\/hotelli03.domainhotelli.fi\/~lsdoecli\/#website"},"primaryImageOfPage":{"@id":"https:\/\/hotelli03.domainhotelli.fi\/~lsdoecli\/tuote\/kirurginen-maski-tyyppi-iir-intco-50-kpl-pakkaus\/#primaryimage"},"datePublished":"2021-08-09T09:24:36+00:00","dateModified":"2022-02-02T19:15:53+00:00","description":"Kirurginen maski Intco IIR, 50 kpl pakkaus. Kirurginen kasvomaskin IIR suodatustehokkuus on yli 98 %. Tilaa maskit suoraan verkkokaupasta.","breadcrumb":{"@id":"https:\/\/hotelli03.domainhotelli.fi\/~lsdoecli\/tuote\/kirurginen-maski-tyyppi-iir-intco-50-kpl-pakkaus\/#breadcrumb"},"inLanguage":"fi","potentialAction":[{"@type":"ReadAction","target":["https:\/\/hotelli03.domainhotelli.fi\/~lsdoecli\/tuote\/kirurginen-maski-tyyppi-iir-intco-50-kpl-pakkaus\/"]}]},{"@type":"BreadcrumbList","@id":"https:\/\/hotelli03.domainhotelli.fi\/~lsdoecli\/tuote\/kirurginen-maski-tyyppi-iir-intco-50-kpl-pakkaus\/#breadcrumb","itemListElement":[{"@type":"ListItem","position":1,"name":"Etusivu","item":"https:\/\/hotelli03.domainhotelli.fi\/~lsdoecli\/"},{"@type":"ListItem","position":2,"name":"Kauppa","item":"https:\/\/hotelli03.domainhotelli.fi\/~lsdoecli\/kauppa\/"},{"@type":"ListItem","position":3,"name":"Kirurginen maski sininen Intco, 50 kpl pakkaus"}]},{"@type":"PostalAddress","@id":"https:\/\/hotelli03.domainhotelli.fi\/~lsdoecli\/tuote\/kirurginen-maski-tyyppi-iir-intco-50-kpl-pakkaus\/#local-main-place-address","streetAddress":"Pyymosantie 5a","addressLocality":"Vantaa","postalCode":"01720","addressCountry":"FI"},{"@type":"ImageObject","inLanguage":"fi","@id":"https:\/\/hotelli03.domainhotelli.fi\/~lsdoecli\/tuote\/kirurginen-maski-tyyppi-iir-intco-50-kpl-pakkaus\/#local-main-organization-logo","url":"https:\/\/hotelli03.domainhotelli.fi\/~lsdoecli\/wp-content\/uploads\/2021\/08\/JVTuonti_logo_nelio.jpg","contentUrl":"https:\/\/hotelli03.domainhotelli.fi\/~lsdoecli\/wp-content\/uploads\/2021\/08\/JVTuonti_logo_nelio.jpg","width":550,"height":550,"caption":"JV Tuonti Oy"}]},"product_price_amount":"5.83","product_price_currency":"EUR","og_availability":"instock","product_availability":"instock","product_retailer_item_id":"IntcoIIR","product_condition":"new","geo.placename":"Vantaa","geo.position":{"lat":"60.28431","long":"24.81654"},"geo.region":"Suomi"},"_links":{"self":[{"href":"https:\/\/hotelli03.domainhotelli.fi\/~lsdoecli\/wp-json\/wp\/v2\/product\/5454"}],"collection":[{"href":"https:\/\/hotelli03.domainhotelli.fi\/~lsdoecli\/wp-json\/wp\/v2\/product"}],"about":[{"href":"https:\/\/hotelli03.domainhotelli.fi\/~lsdoecli\/wp-json\/wp\/v2\/types\/product"}],"replies":[{"embeddable":true,"href":"https:\/\/hotelli03.domainhotelli.fi\/~lsdoecli\/wp-json\/wp\/v2\/comments?post=5454"}],"wp:featuredmedia":[{"embeddable":true,"href":"https:\/\/hotelli03.domainhotelli.fi\/~lsdoecli\/wp-json\/wp\/v2\/media\/5465"}],"wp:attachment":[{"href":"https:\/\/hotelli03.domainhotelli.fi\/~lsdoecli\/wp-json\/wp\/v2\/media?parent=5454"}],"wp:term":[{"taxonomy":"product_cat","embeddable":true,"href":"https:\/\/hotelli03.domainhotelli.fi\/~lsdoecli\/wp-json\/wp\/v2\/product_cat?post=5454"},{"taxonomy":"product_tag","embeddable":true,"href":"https:\/\/hotelli03.domainhotelli.fi\/~lsdoecli\/wp-json\/wp\/v2\/product_tag?post=5454"}],"curies":[{"name":"wp","href":"https:\/\/api.w.org\/{rel}","templated":true}]}}