{"id":5409,"date":"2021-08-06T10:42:40","date_gmt":"2021-08-06T10:42:40","guid":{"rendered":"https:\/\/hotelli03.domainhotelli.fi\/~lsdoecli\/?post_type=product&#038;p=5409"},"modified":"2022-02-08T13:12:26","modified_gmt":"2022-02-08T13:12:26","slug":"kasidesi-500-ml-pumppupullo-diversey-soft-care-des-e","status":"publish","type":"product","link":"https:\/\/hotelli03.domainhotelli.fi\/~lsdoecli\/tuote\/kasidesi-500-ml-pumppupullo-diversey-soft-care-des-e\/","title":{"rendered":"K\u00e4sidesi 500 ml pumppupullo Diversey Soft Care Des E"},"content":{"rendered":"<h1>K\u00e4sidesi 500 ml pumppupullo Diversey Soft Care Des E<\/h1>\n<h3><span style=\"font-size: 16px;\">Kuvaus tuotteesta<\/span><\/h3>\n<div class=\"page\" title=\"Page 1\">\n<div class=\"section\">\n<div class=\"layoutArea\">\n<div class=\"column\">\n<p><strong>Safe Des E<\/strong> -k\u00e4sidesi on etanolipohjainen desinfektiogeeli, joka sopii k\u00e4sien desinfioimiseen terveydenhoitosektorilla, kuten sairaaloissa, terveyskeskuksissa, hoitolaitoksissa, kotisairaanhoidossa, l\u00e4\u00e4k\u00e4rien ja hammasl\u00e4\u00e4k\u00e4rien vastaanotoilla; elintarvikealalla kuten elintarviketeollisuuden ja ammattikeitti\u00f6iden valmistusosastoilla; ateriapalveluissa sek\u00e4 p\u00e4iv\u00e4kodeissa. \u00a0Safe Des E -k\u00e4sihuuhde on kehitetty yhdess\u00e4 ihotautien asiantuntijoiden kanssa.<\/p>\n<h3>Ominaisuudet<\/h3>\n<p>Safe Des E -k\u00e4sidesi sis\u00e4lt\u00e4\u00e4 ihoa hoitavia ja kosteuttavia ainesosia, jotka\u00a0pit\u00e4v\u00e4t ihon pehme\u00e4n\u00e4 ja joustavana. Tuote ei kuivaa k\u00e4si\u00e4 toistuvastikaan\u00a0k\u00e4ytettyn\u00e4, vaan j\u00e4tt\u00e4\u00e4 ne miellytt\u00e4v\u00e4n tuntuisiksi. Tuote ei sis\u00e4ll\u00e4 hajusteita eik\u00e4\u00a0v\u00e4riaineita. Tuote l\u00e4p\u00e4isee standardit EN1276, EN 1500, EN1650, EN12791,\u00a0EN13727 ja EN14476, se on Astma- ja Allergialiiton hyv\u00e4ksym\u00e4 ja\u00a0dermatologisesti tutkittu.<\/p>\n<p>Soft Care Safe -tuotteiden koostumusta ja laatua tarkkaillaan jatkuvasti raakaaineiden\u00a0ja valmiiden tuotteiden laboratoriotestein.<\/p>\n<h3>K\u00e4sidesin Edut<\/h3>\n<p>\u2022 Tutkitusti tehokas<\/p>\n<p>\u2022 Sis\u00e4lt\u00e4\u00e4 ihoa hoitavaa ja kosteuttavaa ainetta. Ei kuivata ihoa.<\/p>\n<p>\u2022 Soveltuu usein toistuvaan k\u00e4sien desinfektioon<\/p>\n<p>\u2022 Soveltuu kirurgiseen k\u00e4sien desinfektioon<\/p>\n<p>\u2022 Miedon tuoksuinen<\/p>\n<h3>K\u00e4ytt\u00f6ohje<\/h3>\n<p>Annostele 3.5 ml k\u00e4sidesi\u00e4 kuiviin k\u00e4siin. Kasta sormenp\u00e4\u00e4t geeliin. Hiero\u00a0ainetta huolellisesti k\u00e4mmeniin, sormiv\u00e4leihin ja peukaloihin, kunnes k\u00e4det ovat\u00a0kuivat. Desinfektio tapahtuu alkoholin haihtumisen aikana (30 s). K\u00e4si\u00e4 ei saa\u00a0kuivata.<\/p>\n<h3>Tekniset tiedot<\/h3>\n<p>Ulkon\u00e4k\u00f6 &#8211; kirkas neste<\/p>\n<p>Suhteellinen tiheys (20 \u00b0C) &#8211; 880 g\/l<\/p>\n<p>Viskositeetti (mPa.s; 20 \u00b0C) &#8211; 1000<\/p>\n<p>pH-arvo &#8211; 7.7,5<\/p>\n<p>&nbsp;<\/p>\n<p>Yll\u00e4 olevat tiedot ovat tyypillisi\u00e4 normaalituotannossa. Niit\u00e4 ei voi k\u00e4ytt\u00e4\u00e4ohjearvoina.<\/p>\n<h3>K\u00e4sidesin koostumus<\/h3>\n<p>Alcohol denat (etanol) &#8211; Etanoli (A12t) &gt; 70 painoprosentti<\/p>\n<p>Aqua<\/p>\n<p>Glycerin &#8211; Ihoa kosteuttava aine<\/p>\n<p>Cyclomethicone &#8211; Hoitava aine<\/p>\n<p>Tetrahydroxypropyl Ethylenediamine &#8211; pH:ta s\u00e4\u00e4t\u00e4v\u00e4 aine<\/p>\n<p>Acrylates\/C10.30 alkyl acrylate\u00a0crosspolymer &#8211;\u00a0Tuotteen paksuuteen vaikuttava aine<\/p>\n<p>&nbsp;<\/p>\n<h3>K\u00e4ytt\u00f6turvallisuus ja varastointi<\/h3>\n<p>S\u00e4ilytys alkuper\u00e4ispakkauksessa suurilta l\u00e4mp\u00f6tilojen vaihteluilta suojattuna.<\/p>\n<p>Ohjeet tuotteen k\u00e4sittelyyn ja h\u00e4vitt\u00e4miseen l\u00f6ytyv\u00e4t k\u00e4ytt\u00f6turvallisuustiedotteesta.<\/p>\n<p>&nbsp;<\/p>\n<h3>Hyv\u00e4ksynn\u00e4t<\/h3>\n<p>Yhteisty\u00f6ss\u00e4 Allergia- ja Astmaliiton kanssa<\/p>\n<p>K\u00e4sidesi on dermatologisesti testattu<\/p>\n<p>Checking in Human of the Skin Compatibility of a Disinfectant Hand Rub After Repeated Open<\/p>\n<p>Application &#8211; Open test under dermatological control, 2008<\/p>\n<p>Assessment of the Effect on the Skin Barrier of a Disinfectant Hand Rub Test under dermatological<\/p>\n<p>control with instrumental measurements, TEWL (Transepidermal water loss), 2008<\/p>\n<p>EN1276 Elintarviketeollisuudessa, teollisuudessa, kotitalouksissa, julkisissa tiloissa k\u00e4ytett\u00e4vien<\/p>\n<p>kemiallisten ja antiseptisten aineiden bakteereja tappavan vaikutuksen m\u00e4\u00e4ritt\u00e4misen kvantitatiivinen<\/p>\n<p>suspensiotesti.<\/p>\n<p>Suspensiotesti bakteerit<\/p>\n<p>EN 1500, Kemialliset desinfektioaineet ja antiseptiset aineet. Hygieeninen k\u00e4sienpesu ilman vett\u00e4.<\/p>\n<p>K\u00e4sien desinfektiotesti<\/p>\n<p>EN1650 Kemialliset desinfektioaineet ja antiseptiset aineet. Kvantitatiivinen suspensiotesti elintarviketeollisuudessa,<\/p>\n<p>teollisuudessa, kotitalouksissa ja julkisissa tiloissa k\u00e4ytett\u00e4vien kemiallisten<\/p>\n<p>desinfektioaineiden ja antiseptisten aineiden sieni\u00e4 tappavan vaikutuksen m\u00e4\u00e4ritt\u00e4miseen.<\/p>\n<p>Suspensiotesti sienet<\/p>\n<p>EN12791 Kemialliset desinfektioaineet ja antiseptiset aineet. Leikkausta ennen k\u00e4ytett\u00e4v\u00e4t\u00a0desinfektioaineet.<\/p>\n<p>Pitk\u00e4aikaisteho, kirurginen k\u00e4sidesinfektiotesti<\/p>\n<p>EN13727 Kemialliset desinfektioaineet ja antiseptiset aineet. Kvantitatiivinen suspensiotesti sellaisten<\/p>\n<p>desinfektioaineiden bakterisidisen tehon arvioimiseksi, joilla desinfioidaan l\u00e4\u00e4ketieteen alalla<\/p>\n<p>k\u00e4ytett\u00e4vi\u00e4 instrumentteja.<\/p>\n<p>Suspensiotesti bakteerit instrumenttien desinfektio, k\u00e4sidesinfektio ja pinnat<\/p>\n<p>EN13727 Kemialliset desinfektioaineet ja antiseptiset aineet. Kvantitatiivinen suspensiotesti sellaisten<\/p>\n<p>desinfektioaineiden bakterisidisen tehon arvioimiseksi, joilla desinfioidaan l\u00e4\u00e4ketieteen alalla<\/p>\n<p>k\u00e4ytett\u00e4vi\u00e4 instrumentteja.<\/p>\n<p>Suspensiotesti bakteerit instrumenttien desinfektio, k\u00e4sidesinfektio ja pinnat<\/p>\n<p>EN14476 Kemialliset desinfektioaineet ja antiseptiset aineet. Virusidinen kvantitatiivinen suspensio<\/p>\n<p>testi kemiallisille desinfektioaineille.<\/p>\n<p><strong>Virustesti<\/strong><\/p>\n<h3>Ymp\u00e4rist\u00f6tiedot<\/h3>\n<p>Raaka-aineista sek\u00e4 muista ymp\u00e4rist\u00f6\u00f6n vaikuttavista yksityiskohdista p\u00e4\u00e4tett\u00e4ess\u00e4 noudatetaan Diverseyn ymp\u00e4rist\u00f6ohjelmaa. Pakkaukset ja etiketit soveltuvat kierr\u00e4tykseen tai energiahy\u00f6tyk\u00e4ytt\u00f6\u00f6n.<\/p>\n<\/div>\n<p>Katso my\u00f6s\u00a0<a href=\"https:\/\/hotelli03.domainhotelli.fi\/~lsdoecli\/tuote\/k9-kosketusvapaa-automaattinen-kuumemittari-ja-desinfiointilaite\/\">automaattinen k\u00e4sidesiannostelija<\/a><\/p>\n<\/div>\n<\/div>\n<\/div>\n","protected":false},"excerpt":{"rendered":"<p>K\u00e4sidesi 500 ml pumppupullo Diversey. K\u00e4sidesi ei kuivaa k\u00e4si\u00e4 toistuvastikaan\u00a0k\u00e4ytettyn\u00e4, vaan j\u00e4tt\u00e4\u00e4 ne miellytt\u00e4v\u00e4n tuntuisiksi.<\/p>\n<p>&nbsp;<\/p>\n<p>Yhteisty\u00f6ss\u00e4 Allergia- ja Astmaliiton kanssa<\/p>\n<p>K\u00e4sidesi on dermatologisesti testattu<\/p>\n","protected":false},"featured_media":9520,"comment_status":"open","ping_status":"closed","template":"","meta":[],"product_cat":[1007],"product_tag":[533,806,805],"yoast_head":"<!-- This site is optimized with the Yoast SEO Premium plugin v18.9 (Yoast SEO v19.3) - https:\/\/yoast.com\/wordpress\/plugins\/seo\/ -->\n<title>K\u00e4sidesi 500 ml pumppupullo Diversey Soft Care Des E | JV Tuonti<\/title>\n<meta name=\"description\" content=\"K\u00e4sidesi 500 ml pumppupullo Diversey. K\u00e4sidesi ei kuivaa k\u00e4si\u00e4 toistuvastikaan\u00a0k\u00e4ytettyn\u00e4, vaan j\u00e4tt\u00e4\u00e4 ne miellytt\u00e4v\u00e4n tuntuisiksi.\" \/>\n<meta name=\"robots\" content=\"index, follow, max-snippet:-1, max-image-preview:large, max-video-preview:-1\" \/>\n<link rel=\"canonical\" href=\"https:\/\/hotelli03.domainhotelli.fi\/~lsdoecli\/tuote\/kasidesi-500-ml-pumppupullo-diversey-soft-care-des-e\/\" \/>\n<meta property=\"og:locale\" content=\"fi_FI\" \/>\n<meta property=\"og:type\" content=\"article\" \/>\n<meta property=\"og:title\" content=\"K\u00e4sidesi 500 ml pumppupullo Diversey Soft Care Des E\" \/>\n<meta property=\"og:description\" content=\"K\u00e4sidesi 500 ml pumppupullo Diversey. K\u00e4sidesi ei kuivaa k\u00e4si\u00e4 toistuvastikaan\u00a0k\u00e4ytettyn\u00e4, vaan j\u00e4tt\u00e4\u00e4 ne miellytt\u00e4v\u00e4n tuntuisiksi.\" \/>\n<meta property=\"og:url\" content=\"https:\/\/hotelli03.domainhotelli.fi\/~lsdoecli\/tuote\/kasidesi-500-ml-pumppupullo-diversey-soft-care-des-e\/\" \/>\n<meta property=\"og:site_name\" content=\"JV Tuonti\" \/>\n<meta property=\"article:publisher\" content=\"https:\/\/www.facebook.com\/JVTuontiOy\" \/>\n<meta property=\"article:modified_time\" content=\"2022-02-08T13:12:26+00:00\" \/>\n<meta property=\"og:image\" content=\"https:\/\/hotelli03.domainhotelli.fi\/~lsdoecli\/wp-content\/uploads\/2021\/08\/Kasidesi-500-ml-pumppupullo-Diversey-Soft-Care-Des-E-scaled.jpg\" \/>\n\t<meta property=\"og:image:width\" content=\"1737\" \/>\n\t<meta property=\"og:image:height\" content=\"2560\" \/>\n\t<meta property=\"og:image:type\" content=\"image\/jpeg\" \/>\n<meta name=\"twitter:card\" content=\"summary_large_image\" \/>\n<meta name=\"twitter:label1\" content=\"Price\" \/>\n\t<meta name=\"twitter:data1\" content=\"5,54&nbsp;&euro; Alv 24%N\u00e4yt\u00e4 veroton hinta4,47&nbsp;&euro; Alv 0%N\u00e4yt\u00e4 verollinen hinta\" \/>\n\t<meta name=\"twitter:label2\" content=\"Availability\" \/>\n\t<meta name=\"twitter:data2\" content=\"In stock\" \/>\n<script type=\"application\/ld+json\" class=\"yoast-schema-graph\">{\"@context\":\"https:\/\/schema.org\",\"@graph\":[{\"@type\":[\"Organization\",\"Place\",\"WholesaleStore\"],\"@id\":\"https:\/\/hotelli03.domainhotelli.fi\/~lsdoecli\/#organization\",\"name\":\"JV Tuonti Oy\",\"url\":\"https:\/\/hotelli03.domainhotelli.fi\/~lsdoecli\/\",\"sameAs\":[\"https:\/\/instagram.com\/jvtuontioy?utm_medium=copy_link\",\"https:\/\/www.facebook.com\/JVTuontiOy\"],\"logo\":{\"@id\":\"https:\/\/hotelli03.domainhotelli.fi\/~lsdoecli\/tuote\/kasidesi-500-ml-pumppupullo-diversey-soft-care-des-e\/#local-main-organization-logo\"},\"image\":{\"@id\":\"https:\/\/hotelli03.domainhotelli.fi\/~lsdoecli\/tuote\/kasidesi-500-ml-pumppupullo-diversey-soft-care-des-e\/#local-main-organization-logo\"},\"address\":{\"@id\":\"https:\/\/hotelli03.domainhotelli.fi\/~lsdoecli\/tuote\/kasidesi-500-ml-pumppupullo-diversey-soft-care-des-e\/#local-main-place-address\"},\"geo\":{\"@type\":\"GeoCoordinates\",\"latitude\":\"60.28431\",\"longitude\":\"24.81654\"},\"telephone\":[\"0408369980\"],\"openingHoursSpecification\":[{\"@type\":\"OpeningHoursSpecification\",\"dayOfWeek\":[\"Monday\",\"Tuesday\",\"Wednesday\",\"Thursday\",\"Friday\"],\"opens\":\"08:00\",\"closes\":\"16:00\"},{\"@type\":\"OpeningHoursSpecification\",\"dayOfWeek\":[\"Saturday\",\"Sunday\"],\"opens\":\"00:00\",\"closes\":\"00:00\"}],\"email\":\"myynti@hotelli03.domainhotelli.fi\",\"areaServed\":\"Suomi, Ruotsi\",\"vatID\":\"FI30178387\",\"priceRange\":\"$$\",\"currenciesAccepted\":\"\u20ac\",\"paymentAccepted\":\"Lasku, pankkikortti\"},{\"@type\":\"WebSite\",\"@id\":\"https:\/\/hotelli03.domainhotelli.fi\/~lsdoecli\/#website\",\"url\":\"https:\/\/hotelli03.domainhotelli.fi\/~lsdoecli\/\",\"name\":\"JV Tuonti\",\"description\":\"JV Tuonti Oy:n verkkokauppa\",\"publisher\":{\"@id\":\"https:\/\/hotelli03.domainhotelli.fi\/~lsdoecli\/#organization\"},\"potentialAction\":[{\"@type\":\"SearchAction\",\"target\":{\"@type\":\"EntryPoint\",\"urlTemplate\":\"https:\/\/hotelli03.domainhotelli.fi\/~lsdoecli\/?s={search_term_string}\"},\"query-input\":\"required name=search_term_string\"}],\"inLanguage\":\"fi\"},{\"@type\":\"ImageObject\",\"inLanguage\":\"fi\",\"@id\":\"https:\/\/hotelli03.domainhotelli.fi\/~lsdoecli\/tuote\/kasidesi-500-ml-pumppupullo-diversey-soft-care-des-e\/#primaryimage\",\"url\":\"https:\/\/hotelli03.domainhotelli.fi\/~lsdoecli\/wp-content\/uploads\/2021\/08\/Kasidesi-500-ml-pumppupullo-Diversey-Soft-Care-Des-E-scaled.jpg\",\"contentUrl\":\"https:\/\/hotelli03.domainhotelli.fi\/~lsdoecli\/wp-content\/uploads\/2021\/08\/Kasidesi-500-ml-pumppupullo-Diversey-Soft-Care-Des-E-scaled.jpg\",\"width\":1737,\"height\":2560,\"caption\":\"K\u00e4sidesi 500 ml pumppupullo Diversey Soft Care Des E\"},{\"@type\":\"WebPage\",\"@id\":\"https:\/\/hotelli03.domainhotelli.fi\/~lsdoecli\/tuote\/kasidesi-500-ml-pumppupullo-diversey-soft-care-des-e\/\",\"url\":\"https:\/\/hotelli03.domainhotelli.fi\/~lsdoecli\/tuote\/kasidesi-500-ml-pumppupullo-diversey-soft-care-des-e\/\",\"name\":\"K\u00e4sidesi 500 ml pumppupullo Diversey Soft Care Des E | JV Tuonti\",\"isPartOf\":{\"@id\":\"https:\/\/hotelli03.domainhotelli.fi\/~lsdoecli\/#website\"},\"primaryImageOfPage\":{\"@id\":\"https:\/\/hotelli03.domainhotelli.fi\/~lsdoecli\/tuote\/kasidesi-500-ml-pumppupullo-diversey-soft-care-des-e\/#primaryimage\"},\"datePublished\":\"2021-08-06T10:42:40+00:00\",\"dateModified\":\"2022-02-08T13:12:26+00:00\",\"description\":\"K\u00e4sidesi 500 ml pumppupullo Diversey. K\u00e4sidesi ei kuivaa k\u00e4si\u00e4 toistuvastikaan\u00a0k\u00e4ytettyn\u00e4, vaan j\u00e4tt\u00e4\u00e4 ne miellytt\u00e4v\u00e4n tuntuisiksi.\",\"breadcrumb\":{\"@id\":\"https:\/\/hotelli03.domainhotelli.fi\/~lsdoecli\/tuote\/kasidesi-500-ml-pumppupullo-diversey-soft-care-des-e\/#breadcrumb\"},\"inLanguage\":\"fi\",\"potentialAction\":[{\"@type\":\"ReadAction\",\"target\":[\"https:\/\/hotelli03.domainhotelli.fi\/~lsdoecli\/tuote\/kasidesi-500-ml-pumppupullo-diversey-soft-care-des-e\/\"]}]},{\"@type\":\"BreadcrumbList\",\"@id\":\"https:\/\/hotelli03.domainhotelli.fi\/~lsdoecli\/tuote\/kasidesi-500-ml-pumppupullo-diversey-soft-care-des-e\/#breadcrumb\",\"itemListElement\":[{\"@type\":\"ListItem\",\"position\":1,\"name\":\"Etusivu\",\"item\":\"https:\/\/hotelli03.domainhotelli.fi\/~lsdoecli\/\"},{\"@type\":\"ListItem\",\"position\":2,\"name\":\"Kauppa\",\"item\":\"https:\/\/hotelli03.domainhotelli.fi\/~lsdoecli\/kauppa\/\"},{\"@type\":\"ListItem\",\"position\":3,\"name\":\"K\u00e4sidesi 500 ml pumppupullo Diversey Soft Care Des E\"}]},{\"@type\":\"PostalAddress\",\"@id\":\"https:\/\/hotelli03.domainhotelli.fi\/~lsdoecli\/tuote\/kasidesi-500-ml-pumppupullo-diversey-soft-care-des-e\/#local-main-place-address\",\"streetAddress\":\"Pyymosantie 5a\",\"addressLocality\":\"Vantaa\",\"postalCode\":\"01720\",\"addressCountry\":\"FI\"},{\"@type\":\"ImageObject\",\"inLanguage\":\"fi\",\"@id\":\"https:\/\/hotelli03.domainhotelli.fi\/~lsdoecli\/tuote\/kasidesi-500-ml-pumppupullo-diversey-soft-care-des-e\/#local-main-organization-logo\",\"url\":\"https:\/\/hotelli03.domainhotelli.fi\/~lsdoecli\/wp-content\/uploads\/2021\/08\/JVTuonti_logo_nelio.jpg\",\"contentUrl\":\"https:\/\/hotelli03.domainhotelli.fi\/~lsdoecli\/wp-content\/uploads\/2021\/08\/JVTuonti_logo_nelio.jpg\",\"width\":550,\"height\":550,\"caption\":\"JV Tuonti Oy\"}]}<\/script>\n<meta property=\"product:price:amount\" content=\"5.54\" \/>\n<meta property=\"product:price:currency\" content=\"EUR\" \/>\n<meta property=\"og:availability\" content=\"instock\" \/>\n<meta property=\"product:availability\" content=\"instock\" \/>\n<meta property=\"product:retailer_item_id\" content=\"Softcare500\" \/>\n<meta property=\"product:condition\" content=\"new\" \/>\n<meta name=\"geo.placename\" content=\"Vantaa\" \/>\n<meta name=\"geo.position\" content=\"60.28431;24.81654\" \/>\n<meta name=\"geo.region\" content=\"Suomi\" \/>\n<!-- \/ Yoast SEO Premium plugin. -->","yoast_head_json":{"title":"K\u00e4sidesi 500 ml pumppupullo Diversey Soft Care Des E | JV Tuonti","description":"K\u00e4sidesi 500 ml pumppupullo Diversey. K\u00e4sidesi ei kuivaa k\u00e4si\u00e4 toistuvastikaan\u00a0k\u00e4ytettyn\u00e4, vaan j\u00e4tt\u00e4\u00e4 ne miellytt\u00e4v\u00e4n tuntuisiksi.","robots":{"index":"index","follow":"follow","max-snippet":"max-snippet:-1","max-image-preview":"max-image-preview:large","max-video-preview":"max-video-preview:-1"},"canonical":"https:\/\/hotelli03.domainhotelli.fi\/~lsdoecli\/tuote\/kasidesi-500-ml-pumppupullo-diversey-soft-care-des-e\/","og_locale":"fi_FI","og_type":"article","og_title":"K\u00e4sidesi 500 ml pumppupullo Diversey Soft Care Des E","og_description":"K\u00e4sidesi 500 ml pumppupullo Diversey. K\u00e4sidesi ei kuivaa k\u00e4si\u00e4 toistuvastikaan\u00a0k\u00e4ytettyn\u00e4, vaan j\u00e4tt\u00e4\u00e4 ne miellytt\u00e4v\u00e4n tuntuisiksi.","og_url":"https:\/\/hotelli03.domainhotelli.fi\/~lsdoecli\/tuote\/kasidesi-500-ml-pumppupullo-diversey-soft-care-des-e\/","og_site_name":"JV Tuonti","article_publisher":"https:\/\/www.facebook.com\/JVTuontiOy","article_modified_time":"2022-02-08T13:12:26+00:00","og_image":[{"width":1737,"height":2560,"url":"https:\/\/hotelli03.domainhotelli.fi\/~lsdoecli\/wp-content\/uploads\/2021\/08\/Kasidesi-500-ml-pumppupullo-Diversey-Soft-Care-Des-E-scaled.jpg","type":"image\/jpeg"}],"twitter_card":"summary_large_image","twitter_misc":{"Price":"5,54&nbsp;&euro; Alv 24%N\u00e4yt\u00e4 veroton hinta4,47&nbsp;&euro; Alv 0%N\u00e4yt\u00e4 verollinen hinta","Availability":"In stock"},"schema":{"@context":"https:\/\/schema.org","@graph":[{"@type":["Organization","Place","WholesaleStore"],"@id":"https:\/\/hotelli03.domainhotelli.fi\/~lsdoecli\/#organization","name":"JV Tuonti Oy","url":"https:\/\/hotelli03.domainhotelli.fi\/~lsdoecli\/","sameAs":["https:\/\/instagram.com\/jvtuontioy?utm_medium=copy_link","https:\/\/www.facebook.com\/JVTuontiOy"],"logo":{"@id":"https:\/\/hotelli03.domainhotelli.fi\/~lsdoecli\/tuote\/kasidesi-500-ml-pumppupullo-diversey-soft-care-des-e\/#local-main-organization-logo"},"image":{"@id":"https:\/\/hotelli03.domainhotelli.fi\/~lsdoecli\/tuote\/kasidesi-500-ml-pumppupullo-diversey-soft-care-des-e\/#local-main-organization-logo"},"address":{"@id":"https:\/\/hotelli03.domainhotelli.fi\/~lsdoecli\/tuote\/kasidesi-500-ml-pumppupullo-diversey-soft-care-des-e\/#local-main-place-address"},"geo":{"@type":"GeoCoordinates","latitude":"60.28431","longitude":"24.81654"},"telephone":["0408369980"],"openingHoursSpecification":[{"@type":"OpeningHoursSpecification","dayOfWeek":["Monday","Tuesday","Wednesday","Thursday","Friday"],"opens":"08:00","closes":"16:00"},{"@type":"OpeningHoursSpecification","dayOfWeek":["Saturday","Sunday"],"opens":"00:00","closes":"00:00"}],"email":"myynti@hotelli03.domainhotelli.fi","areaServed":"Suomi, Ruotsi","vatID":"FI30178387","priceRange":"$$","currenciesAccepted":"\u20ac","paymentAccepted":"Lasku, pankkikortti"},{"@type":"WebSite","@id":"https:\/\/hotelli03.domainhotelli.fi\/~lsdoecli\/#website","url":"https:\/\/hotelli03.domainhotelli.fi\/~lsdoecli\/","name":"JV Tuonti","description":"JV Tuonti Oy:n verkkokauppa","publisher":{"@id":"https:\/\/hotelli03.domainhotelli.fi\/~lsdoecli\/#organization"},"potentialAction":[{"@type":"SearchAction","target":{"@type":"EntryPoint","urlTemplate":"https:\/\/hotelli03.domainhotelli.fi\/~lsdoecli\/?s={search_term_string}"},"query-input":"required name=search_term_string"}],"inLanguage":"fi"},{"@type":"ImageObject","inLanguage":"fi","@id":"https:\/\/hotelli03.domainhotelli.fi\/~lsdoecli\/tuote\/kasidesi-500-ml-pumppupullo-diversey-soft-care-des-e\/#primaryimage","url":"https:\/\/hotelli03.domainhotelli.fi\/~lsdoecli\/wp-content\/uploads\/2021\/08\/Kasidesi-500-ml-pumppupullo-Diversey-Soft-Care-Des-E-scaled.jpg","contentUrl":"https:\/\/hotelli03.domainhotelli.fi\/~lsdoecli\/wp-content\/uploads\/2021\/08\/Kasidesi-500-ml-pumppupullo-Diversey-Soft-Care-Des-E-scaled.jpg","width":1737,"height":2560,"caption":"K\u00e4sidesi 500 ml pumppupullo Diversey Soft Care Des E"},{"@type":"WebPage","@id":"https:\/\/hotelli03.domainhotelli.fi\/~lsdoecli\/tuote\/kasidesi-500-ml-pumppupullo-diversey-soft-care-des-e\/","url":"https:\/\/hotelli03.domainhotelli.fi\/~lsdoecli\/tuote\/kasidesi-500-ml-pumppupullo-diversey-soft-care-des-e\/","name":"K\u00e4sidesi 500 ml pumppupullo Diversey Soft Care Des E | JV Tuonti","isPartOf":{"@id":"https:\/\/hotelli03.domainhotelli.fi\/~lsdoecli\/#website"},"primaryImageOfPage":{"@id":"https:\/\/hotelli03.domainhotelli.fi\/~lsdoecli\/tuote\/kasidesi-500-ml-pumppupullo-diversey-soft-care-des-e\/#primaryimage"},"datePublished":"2021-08-06T10:42:40+00:00","dateModified":"2022-02-08T13:12:26+00:00","description":"K\u00e4sidesi 500 ml pumppupullo Diversey. K\u00e4sidesi ei kuivaa k\u00e4si\u00e4 toistuvastikaan\u00a0k\u00e4ytettyn\u00e4, vaan j\u00e4tt\u00e4\u00e4 ne miellytt\u00e4v\u00e4n tuntuisiksi.","breadcrumb":{"@id":"https:\/\/hotelli03.domainhotelli.fi\/~lsdoecli\/tuote\/kasidesi-500-ml-pumppupullo-diversey-soft-care-des-e\/#breadcrumb"},"inLanguage":"fi","potentialAction":[{"@type":"ReadAction","target":["https:\/\/hotelli03.domainhotelli.fi\/~lsdoecli\/tuote\/kasidesi-500-ml-pumppupullo-diversey-soft-care-des-e\/"]}]},{"@type":"BreadcrumbList","@id":"https:\/\/hotelli03.domainhotelli.fi\/~lsdoecli\/tuote\/kasidesi-500-ml-pumppupullo-diversey-soft-care-des-e\/#breadcrumb","itemListElement":[{"@type":"ListItem","position":1,"name":"Etusivu","item":"https:\/\/hotelli03.domainhotelli.fi\/~lsdoecli\/"},{"@type":"ListItem","position":2,"name":"Kauppa","item":"https:\/\/hotelli03.domainhotelli.fi\/~lsdoecli\/kauppa\/"},{"@type":"ListItem","position":3,"name":"K\u00e4sidesi 500 ml pumppupullo Diversey Soft Care Des E"}]},{"@type":"PostalAddress","@id":"https:\/\/hotelli03.domainhotelli.fi\/~lsdoecli\/tuote\/kasidesi-500-ml-pumppupullo-diversey-soft-care-des-e\/#local-main-place-address","streetAddress":"Pyymosantie 5a","addressLocality":"Vantaa","postalCode":"01720","addressCountry":"FI"},{"@type":"ImageObject","inLanguage":"fi","@id":"https:\/\/hotelli03.domainhotelli.fi\/~lsdoecli\/tuote\/kasidesi-500-ml-pumppupullo-diversey-soft-care-des-e\/#local-main-organization-logo","url":"https:\/\/hotelli03.domainhotelli.fi\/~lsdoecli\/wp-content\/uploads\/2021\/08\/JVTuonti_logo_nelio.jpg","contentUrl":"https:\/\/hotelli03.domainhotelli.fi\/~lsdoecli\/wp-content\/uploads\/2021\/08\/JVTuonti_logo_nelio.jpg","width":550,"height":550,"caption":"JV Tuonti Oy"}]},"product_price_amount":"5.54","product_price_currency":"EUR","og_availability":"instock","product_availability":"instock","product_retailer_item_id":"Softcare500","product_condition":"new","geo.placename":"Vantaa","geo.position":{"lat":"60.28431","long":"24.81654"},"geo.region":"Suomi"},"_links":{"self":[{"href":"https:\/\/hotelli03.domainhotelli.fi\/~lsdoecli\/wp-json\/wp\/v2\/product\/5409"}],"collection":[{"href":"https:\/\/hotelli03.domainhotelli.fi\/~lsdoecli\/wp-json\/wp\/v2\/product"}],"about":[{"href":"https:\/\/hotelli03.domainhotelli.fi\/~lsdoecli\/wp-json\/wp\/v2\/types\/product"}],"replies":[{"embeddable":true,"href":"https:\/\/hotelli03.domainhotelli.fi\/~lsdoecli\/wp-json\/wp\/v2\/comments?post=5409"}],"wp:featuredmedia":[{"embeddable":true,"href":"https:\/\/hotelli03.domainhotelli.fi\/~lsdoecli\/wp-json\/wp\/v2\/media\/9520"}],"wp:attachment":[{"href":"https:\/\/hotelli03.domainhotelli.fi\/~lsdoecli\/wp-json\/wp\/v2\/media?parent=5409"}],"wp:term":[{"taxonomy":"product_cat","embeddable":true,"href":"https:\/\/hotelli03.domainhotelli.fi\/~lsdoecli\/wp-json\/wp\/v2\/product_cat?post=5409"},{"taxonomy":"product_tag","embeddable":true,"href":"https:\/\/hotelli03.domainhotelli.fi\/~lsdoecli\/wp-json\/wp\/v2\/product_tag?post=5409"}],"curies":[{"name":"wp","href":"https:\/\/api.w.org\/{rel}","templated":true}]}}