{"id":5296,"date":"2021-06-30T12:54:08","date_gmt":"2021-06-30T12:54:08","guid":{"rendered":"https:\/\/hotelli03.domainhotelli.fi\/~lsdoecli\/?post_type=product&#038;p=5296"},"modified":"2022-06-09T11:16:18","modified_gmt":"2022-06-09T11:16:18","slug":"vibro-midi-tarinanvaimennuskumi","status":"publish","type":"product","link":"https:\/\/hotelli03.domainhotelli.fi\/~lsdoecli\/tuote\/vibro-midi-tarinanvaimennuskumi\/","title":{"rendered":"Vibro-Midi: T\u00e4rin\u00e4nvaimennuskumi"},"content":{"rendered":"<div class=\"page\" title=\"Page 1\">\n<h1>Vibro-Midi: T\u00e4rin\u00e4nvaimennuskumi<\/h1>\n<h4>Kuvaus<\/h4>\n<p>T\u00e4rin\u00e4nvaimennuskumi Vibro-Midi on nerokas edullinen ratkaisu t\u00e4rin\u00e4ongelmiin. Innovatiivisen suunnittelunsa ansiosta Vibro-Midi tarjoaa suuremman taipuman kuormituksesta. Se voidaan asentaa lattialle ankkurilla tai ripustaa katosta kierretankojen avulla tai jopa asettaa metallialustalle l\u00e4pivientiruuvilla M8 &#8211; M10 mm. Ruuvi ei luo \u00e4\u00e4nisiltaa sylinterim\u00e4isen, kumikaulansa takia. Ruuvi\u00a0est\u00e4\u00e4 koneita putoamasta kumiosien tuhoutuessa.<\/p>\n<p>Katso ohjeellinen sovellusseloste, jotta voit k\u00e4ytt\u00e4\u00e4 metallialuslevy\u00e4 oikein. Huomaa\u00a0aseta my\u00f6s kumialuslevy kaulan puolelta kosketuksen v\u00e4ltt\u00e4miseksi metallialuslevyyn.<\/p>\n<p>Sovellukset<br \/>\nVibro-Midi\u00e4 voidaan k\u00e4ytt\u00e4\u00e4 koneiden t\u00e4rin\u00e4nvaimentimena, koneiden ripustuksena (ilmastointilaitteet, tuulettimet, ilmakanavat jne.), Kelluvien kipsilevykattojen ripustuksina, sein\u00e4kiinnikkein\u00e4 jne.<br \/>\nDynaamiset ominaisuudet<br \/>\nTaipuma (maksimikuormitukseen): 8 mm<br \/>\nLuonnollinen taajuus:<br \/>\nVibro-Midi soveltuu yli 8 Hz: n luonnollisen taajuuden v\u00e4r\u00e4htelyihin<\/p>\n<\/div>\n<p>PALJON LIS\u00c4TIETOJA KOHDASTA TIEDOSTOT.<\/p>\n<div class=\"page\" title=\"Page 1\">\n<p>&nbsp;<\/p>\n<table>\n<colgroup>\n<col \/>\n<col \/><\/colgroup>\n<tbody>\n<tr>\n<td colspan=\"2\" rowspan=\"1\">\n<div class=\"layoutArea\">\n<div class=\"column\">\n<p>Eri mallit:<\/p>\n<\/div>\n<\/div>\n<\/td>\n<\/tr>\n<tr>\n<td>\n<div class=\"layoutArea\">\n<div class=\"column\">\n<p>Malli (v\u00e4rikoodi)<\/p>\n<\/div>\n<\/div>\n<\/td>\n<td>\n<div class=\"layoutArea\">\n<div class=\"column\">\n<p>Max kantavuus (Kp*)<\/p>\n<\/div>\n<\/div>\n<\/td>\n<\/tr>\n<tr>\n<td>\n<div class=\"layoutArea\">\n<div class=\"column\">\n<p>Vibro-Midi (Punainen)<\/p>\n<\/div>\n<\/div>\n<\/td>\n<td>\n<div class=\"layoutArea\">\n<div class=\"column\">\n<p>90<\/p>\n<\/div>\n<\/div>\n<\/td>\n<\/tr>\n<tr>\n<td>\n<div class=\"layoutArea\">\n<div class=\"column\">\n<p>Vibro-Midi (Sininen)<\/p>\n<\/div>\n<\/div>\n<\/td>\n<td>\n<div class=\"layoutArea\">\n<div class=\"column\">\n<p>180<\/p>\n<\/div>\n<\/div>\n<\/td>\n<\/tr>\n<tr>\n<td>\n<div class=\"layoutArea\">\n<div class=\"column\">\n<p>Vibro-Midi (Valkoinen)<\/p>\n<\/div>\n<\/div>\n<\/td>\n<td>\n<div class=\"layoutArea\">\n<div class=\"column\">\n<p>270<\/p>\n<\/div>\n<\/div>\n<\/td>\n<\/tr>\n<\/tbody>\n<\/table>\n<div class=\"page\" title=\"Page 1\">\n<div class=\"section\">\n<div class=\"layoutArea\">\n<div class=\"column\">\n<p>*1 kp = 10 N<\/p>\n<\/div>\n<\/div>\n<\/div>\n<\/div>\n<\/div>\n","protected":false},"excerpt":{"rendered":"<p>&nbsp;<\/p>\n<p>PALJON LIS\u00c4TIETOJA KOHDASTA TIEDOSTOT.<\/p>\n","protected":false},"featured_media":5297,"comment_status":"open","ping_status":"closed","template":"","meta":[],"product_cat":[592],"product_tag":[744,745,735,734,736],"yoast_head":"<!-- This site is optimized with the Yoast SEO Premium plugin v18.9 (Yoast SEO v19.3) - https:\/\/yoast.com\/wordpress\/plugins\/seo\/ -->\n<title>T\u00e4rin\u00e4nvaimennuskumi Vibro-Midi | Tilaa verkkokaupasta | JV Tuonti<\/title>\n<meta name=\"description\" content=\"T\u00e4rin\u00e4nvaimennuskumi Vibro-Midi on nerokas edullinen ratkaisu t\u00e4rin\u00e4ongelmiin. Tilaa verkkokaupasta helposti ja nopeasti.\" \/>\n<meta name=\"robots\" content=\"index, follow, max-snippet:-1, max-image-preview:large, max-video-preview:-1\" \/>\n<link rel=\"canonical\" href=\"https:\/\/hotelli03.domainhotelli.fi\/~lsdoecli\/tuote\/vibro-midi-tarinanvaimennuskumi\/\" \/>\n<meta property=\"og:locale\" content=\"fi_FI\" \/>\n<meta property=\"og:type\" content=\"article\" \/>\n<meta property=\"og:title\" content=\"Vibro-Midi: T\u00e4rin\u00e4nvaimennuskumi\" \/>\n<meta property=\"og:description\" content=\"T\u00e4rin\u00e4nvaimennuskumi Vibro-Midi on nerokas edullinen ratkaisu t\u00e4rin\u00e4ongelmiin. Tilaa verkkokaupasta helposti ja nopeasti.\" \/>\n<meta property=\"og:url\" content=\"https:\/\/hotelli03.domainhotelli.fi\/~lsdoecli\/tuote\/vibro-midi-tarinanvaimennuskumi\/\" \/>\n<meta property=\"og:site_name\" content=\"JV Tuonti\" \/>\n<meta property=\"article:publisher\" content=\"https:\/\/www.facebook.com\/JVTuontiOy\" \/>\n<meta property=\"article:modified_time\" content=\"2022-06-09T11:16:18+00:00\" \/>\n<meta property=\"og:image\" content=\"https:\/\/hotelli03.domainhotelli.fi\/~lsdoecli\/wp-content\/uploads\/2021\/06\/Vibro-Midi.jpg\" \/>\n\t<meta property=\"og:image:width\" content=\"200\" \/>\n\t<meta property=\"og:image:height\" content=\"185\" \/>\n\t<meta property=\"og:image:type\" content=\"image\/jpeg\" \/>\n<meta name=\"twitter:card\" content=\"summary_large_image\" \/>\n<meta name=\"twitter:label1\" content=\"Availability\" \/>\n\t<meta name=\"twitter:data1\" content=\"On backorder\" \/>\n<script type=\"application\/ld+json\" class=\"yoast-schema-graph\">{\"@context\":\"https:\/\/schema.org\",\"@graph\":[{\"@type\":[\"Organization\",\"Place\",\"WholesaleStore\"],\"@id\":\"https:\/\/hotelli03.domainhotelli.fi\/~lsdoecli\/#organization\",\"name\":\"JV Tuonti Oy\",\"url\":\"https:\/\/hotelli03.domainhotelli.fi\/~lsdoecli\/\",\"sameAs\":[\"https:\/\/instagram.com\/jvtuontioy?utm_medium=copy_link\",\"https:\/\/www.facebook.com\/JVTuontiOy\"],\"logo\":{\"@id\":\"https:\/\/hotelli03.domainhotelli.fi\/~lsdoecli\/tuote\/vibro-midi-tarinanvaimennuskumi\/#local-main-organization-logo\"},\"image\":{\"@id\":\"https:\/\/hotelli03.domainhotelli.fi\/~lsdoecli\/tuote\/vibro-midi-tarinanvaimennuskumi\/#local-main-organization-logo\"},\"address\":{\"@id\":\"https:\/\/hotelli03.domainhotelli.fi\/~lsdoecli\/tuote\/vibro-midi-tarinanvaimennuskumi\/#local-main-place-address\"},\"geo\":{\"@type\":\"GeoCoordinates\",\"latitude\":\"60.28431\",\"longitude\":\"24.81654\"},\"telephone\":[\"0408369980\"],\"openingHoursSpecification\":[{\"@type\":\"OpeningHoursSpecification\",\"dayOfWeek\":[\"Monday\",\"Tuesday\",\"Wednesday\",\"Thursday\",\"Friday\"],\"opens\":\"08:00\",\"closes\":\"16:00\"},{\"@type\":\"OpeningHoursSpecification\",\"dayOfWeek\":[\"Saturday\",\"Sunday\"],\"opens\":\"00:00\",\"closes\":\"00:00\"}],\"email\":\"myynti@hotelli03.domainhotelli.fi\",\"areaServed\":\"Suomi, Ruotsi\",\"vatID\":\"FI30178387\",\"priceRange\":\"$$\",\"currenciesAccepted\":\"\u20ac\",\"paymentAccepted\":\"Lasku, pankkikortti\"},{\"@type\":\"WebSite\",\"@id\":\"https:\/\/hotelli03.domainhotelli.fi\/~lsdoecli\/#website\",\"url\":\"https:\/\/hotelli03.domainhotelli.fi\/~lsdoecli\/\",\"name\":\"JV Tuonti\",\"description\":\"JV Tuonti Oy:n verkkokauppa\",\"publisher\":{\"@id\":\"https:\/\/hotelli03.domainhotelli.fi\/~lsdoecli\/#organization\"},\"potentialAction\":[{\"@type\":\"SearchAction\",\"target\":{\"@type\":\"EntryPoint\",\"urlTemplate\":\"https:\/\/hotelli03.domainhotelli.fi\/~lsdoecli\/?s={search_term_string}\"},\"query-input\":\"required name=search_term_string\"}],\"inLanguage\":\"fi\"},{\"@type\":\"ImageObject\",\"inLanguage\":\"fi\",\"@id\":\"https:\/\/hotelli03.domainhotelli.fi\/~lsdoecli\/tuote\/vibro-midi-tarinanvaimennuskumi\/#primaryimage\",\"url\":\"https:\/\/hotelli03.domainhotelli.fi\/~lsdoecli\/wp-content\/uploads\/2021\/06\/Vibro-Midi.jpg\",\"contentUrl\":\"https:\/\/hotelli03.domainhotelli.fi\/~lsdoecli\/wp-content\/uploads\/2021\/06\/Vibro-Midi.jpg\",\"width\":200,\"height\":185,\"caption\":\"T\u00e4rin\u00e4nvaimennuskumi Vibro-Midi\"},{\"@type\":\"WebPage\",\"@id\":\"https:\/\/hotelli03.domainhotelli.fi\/~lsdoecli\/tuote\/vibro-midi-tarinanvaimennuskumi\/\",\"url\":\"https:\/\/hotelli03.domainhotelli.fi\/~lsdoecli\/tuote\/vibro-midi-tarinanvaimennuskumi\/\",\"name\":\"T\u00e4rin\u00e4nvaimennuskumi Vibro-Midi | Tilaa verkkokaupasta | JV Tuonti\",\"isPartOf\":{\"@id\":\"https:\/\/hotelli03.domainhotelli.fi\/~lsdoecli\/#website\"},\"primaryImageOfPage\":{\"@id\":\"https:\/\/hotelli03.domainhotelli.fi\/~lsdoecli\/tuote\/vibro-midi-tarinanvaimennuskumi\/#primaryimage\"},\"datePublished\":\"2021-06-30T12:54:08+00:00\",\"dateModified\":\"2022-06-09T11:16:18+00:00\",\"description\":\"T\u00e4rin\u00e4nvaimennuskumi Vibro-Midi on nerokas edullinen ratkaisu t\u00e4rin\u00e4ongelmiin. Tilaa verkkokaupasta helposti ja nopeasti.\",\"breadcrumb\":{\"@id\":\"https:\/\/hotelli03.domainhotelli.fi\/~lsdoecli\/tuote\/vibro-midi-tarinanvaimennuskumi\/#breadcrumb\"},\"inLanguage\":\"fi\",\"potentialAction\":[{\"@type\":\"ReadAction\",\"target\":[\"https:\/\/hotelli03.domainhotelli.fi\/~lsdoecli\/tuote\/vibro-midi-tarinanvaimennuskumi\/\"]}]},{\"@type\":\"BreadcrumbList\",\"@id\":\"https:\/\/hotelli03.domainhotelli.fi\/~lsdoecli\/tuote\/vibro-midi-tarinanvaimennuskumi\/#breadcrumb\",\"itemListElement\":[{\"@type\":\"ListItem\",\"position\":1,\"name\":\"Etusivu\",\"item\":\"https:\/\/hotelli03.domainhotelli.fi\/~lsdoecli\/\"},{\"@type\":\"ListItem\",\"position\":2,\"name\":\"Kauppa\",\"item\":\"https:\/\/hotelli03.domainhotelli.fi\/~lsdoecli\/kauppa\/\"},{\"@type\":\"ListItem\",\"position\":3,\"name\":\"Vibro-Midi: T\u00e4rin\u00e4nvaimennuskumi\"}]},{\"@type\":\"PostalAddress\",\"@id\":\"https:\/\/hotelli03.domainhotelli.fi\/~lsdoecli\/tuote\/vibro-midi-tarinanvaimennuskumi\/#local-main-place-address\",\"streetAddress\":\"Pyymosantie 5a\",\"addressLocality\":\"Vantaa\",\"postalCode\":\"01720\",\"addressCountry\":\"FI\"},{\"@type\":\"ImageObject\",\"inLanguage\":\"fi\",\"@id\":\"https:\/\/hotelli03.domainhotelli.fi\/~lsdoecli\/tuote\/vibro-midi-tarinanvaimennuskumi\/#local-main-organization-logo\",\"url\":\"https:\/\/hotelli03.domainhotelli.fi\/~lsdoecli\/wp-content\/uploads\/2021\/08\/JVTuonti_logo_nelio.jpg\",\"contentUrl\":\"https:\/\/hotelli03.domainhotelli.fi\/~lsdoecli\/wp-content\/uploads\/2021\/08\/JVTuonti_logo_nelio.jpg\",\"width\":550,\"height\":550,\"caption\":\"JV Tuonti Oy\"}]}<\/script>\n<meta property=\"og:availability\" content=\"backorder\" \/>\n<meta property=\"product:availability\" content=\"available for order\" \/>\n<meta property=\"product:condition\" content=\"new\" \/>\n<meta name=\"geo.placename\" content=\"Vantaa\" \/>\n<meta name=\"geo.position\" content=\"60.28431;24.81654\" \/>\n<meta name=\"geo.region\" content=\"Suomi\" \/>\n<!-- \/ Yoast SEO Premium plugin. -->","yoast_head_json":{"title":"T\u00e4rin\u00e4nvaimennuskumi Vibro-Midi | Tilaa verkkokaupasta | JV Tuonti","description":"T\u00e4rin\u00e4nvaimennuskumi Vibro-Midi on nerokas edullinen ratkaisu t\u00e4rin\u00e4ongelmiin. Tilaa verkkokaupasta helposti ja nopeasti.","robots":{"index":"index","follow":"follow","max-snippet":"max-snippet:-1","max-image-preview":"max-image-preview:large","max-video-preview":"max-video-preview:-1"},"canonical":"https:\/\/hotelli03.domainhotelli.fi\/~lsdoecli\/tuote\/vibro-midi-tarinanvaimennuskumi\/","og_locale":"fi_FI","og_type":"article","og_title":"Vibro-Midi: T\u00e4rin\u00e4nvaimennuskumi","og_description":"T\u00e4rin\u00e4nvaimennuskumi Vibro-Midi on nerokas edullinen ratkaisu t\u00e4rin\u00e4ongelmiin. Tilaa verkkokaupasta helposti ja nopeasti.","og_url":"https:\/\/hotelli03.domainhotelli.fi\/~lsdoecli\/tuote\/vibro-midi-tarinanvaimennuskumi\/","og_site_name":"JV Tuonti","article_publisher":"https:\/\/www.facebook.com\/JVTuontiOy","article_modified_time":"2022-06-09T11:16:18+00:00","og_image":[{"width":200,"height":185,"url":"https:\/\/hotelli03.domainhotelli.fi\/~lsdoecli\/wp-content\/uploads\/2021\/06\/Vibro-Midi.jpg","type":"image\/jpeg"}],"twitter_card":"summary_large_image","twitter_misc":{"Availability":"On backorder"},"schema":{"@context":"https:\/\/schema.org","@graph":[{"@type":["Organization","Place","WholesaleStore"],"@id":"https:\/\/hotelli03.domainhotelli.fi\/~lsdoecli\/#organization","name":"JV Tuonti Oy","url":"https:\/\/hotelli03.domainhotelli.fi\/~lsdoecli\/","sameAs":["https:\/\/instagram.com\/jvtuontioy?utm_medium=copy_link","https:\/\/www.facebook.com\/JVTuontiOy"],"logo":{"@id":"https:\/\/hotelli03.domainhotelli.fi\/~lsdoecli\/tuote\/vibro-midi-tarinanvaimennuskumi\/#local-main-organization-logo"},"image":{"@id":"https:\/\/hotelli03.domainhotelli.fi\/~lsdoecli\/tuote\/vibro-midi-tarinanvaimennuskumi\/#local-main-organization-logo"},"address":{"@id":"https:\/\/hotelli03.domainhotelli.fi\/~lsdoecli\/tuote\/vibro-midi-tarinanvaimennuskumi\/#local-main-place-address"},"geo":{"@type":"GeoCoordinates","latitude":"60.28431","longitude":"24.81654"},"telephone":["0408369980"],"openingHoursSpecification":[{"@type":"OpeningHoursSpecification","dayOfWeek":["Monday","Tuesday","Wednesday","Thursday","Friday"],"opens":"08:00","closes":"16:00"},{"@type":"OpeningHoursSpecification","dayOfWeek":["Saturday","Sunday"],"opens":"00:00","closes":"00:00"}],"email":"myynti@hotelli03.domainhotelli.fi","areaServed":"Suomi, Ruotsi","vatID":"FI30178387","priceRange":"$$","currenciesAccepted":"\u20ac","paymentAccepted":"Lasku, pankkikortti"},{"@type":"WebSite","@id":"https:\/\/hotelli03.domainhotelli.fi\/~lsdoecli\/#website","url":"https:\/\/hotelli03.domainhotelli.fi\/~lsdoecli\/","name":"JV Tuonti","description":"JV Tuonti Oy:n verkkokauppa","publisher":{"@id":"https:\/\/hotelli03.domainhotelli.fi\/~lsdoecli\/#organization"},"potentialAction":[{"@type":"SearchAction","target":{"@type":"EntryPoint","urlTemplate":"https:\/\/hotelli03.domainhotelli.fi\/~lsdoecli\/?s={search_term_string}"},"query-input":"required name=search_term_string"}],"inLanguage":"fi"},{"@type":"ImageObject","inLanguage":"fi","@id":"https:\/\/hotelli03.domainhotelli.fi\/~lsdoecli\/tuote\/vibro-midi-tarinanvaimennuskumi\/#primaryimage","url":"https:\/\/hotelli03.domainhotelli.fi\/~lsdoecli\/wp-content\/uploads\/2021\/06\/Vibro-Midi.jpg","contentUrl":"https:\/\/hotelli03.domainhotelli.fi\/~lsdoecli\/wp-content\/uploads\/2021\/06\/Vibro-Midi.jpg","width":200,"height":185,"caption":"T\u00e4rin\u00e4nvaimennuskumi Vibro-Midi"},{"@type":"WebPage","@id":"https:\/\/hotelli03.domainhotelli.fi\/~lsdoecli\/tuote\/vibro-midi-tarinanvaimennuskumi\/","url":"https:\/\/hotelli03.domainhotelli.fi\/~lsdoecli\/tuote\/vibro-midi-tarinanvaimennuskumi\/","name":"T\u00e4rin\u00e4nvaimennuskumi Vibro-Midi | Tilaa verkkokaupasta | JV Tuonti","isPartOf":{"@id":"https:\/\/hotelli03.domainhotelli.fi\/~lsdoecli\/#website"},"primaryImageOfPage":{"@id":"https:\/\/hotelli03.domainhotelli.fi\/~lsdoecli\/tuote\/vibro-midi-tarinanvaimennuskumi\/#primaryimage"},"datePublished":"2021-06-30T12:54:08+00:00","dateModified":"2022-06-09T11:16:18+00:00","description":"T\u00e4rin\u00e4nvaimennuskumi Vibro-Midi on nerokas edullinen ratkaisu t\u00e4rin\u00e4ongelmiin. Tilaa verkkokaupasta helposti ja nopeasti.","breadcrumb":{"@id":"https:\/\/hotelli03.domainhotelli.fi\/~lsdoecli\/tuote\/vibro-midi-tarinanvaimennuskumi\/#breadcrumb"},"inLanguage":"fi","potentialAction":[{"@type":"ReadAction","target":["https:\/\/hotelli03.domainhotelli.fi\/~lsdoecli\/tuote\/vibro-midi-tarinanvaimennuskumi\/"]}]},{"@type":"BreadcrumbList","@id":"https:\/\/hotelli03.domainhotelli.fi\/~lsdoecli\/tuote\/vibro-midi-tarinanvaimennuskumi\/#breadcrumb","itemListElement":[{"@type":"ListItem","position":1,"name":"Etusivu","item":"https:\/\/hotelli03.domainhotelli.fi\/~lsdoecli\/"},{"@type":"ListItem","position":2,"name":"Kauppa","item":"https:\/\/hotelli03.domainhotelli.fi\/~lsdoecli\/kauppa\/"},{"@type":"ListItem","position":3,"name":"Vibro-Midi: T\u00e4rin\u00e4nvaimennuskumi"}]},{"@type":"PostalAddress","@id":"https:\/\/hotelli03.domainhotelli.fi\/~lsdoecli\/tuote\/vibro-midi-tarinanvaimennuskumi\/#local-main-place-address","streetAddress":"Pyymosantie 5a","addressLocality":"Vantaa","postalCode":"01720","addressCountry":"FI"},{"@type":"ImageObject","inLanguage":"fi","@id":"https:\/\/hotelli03.domainhotelli.fi\/~lsdoecli\/tuote\/vibro-midi-tarinanvaimennuskumi\/#local-main-organization-logo","url":"https:\/\/hotelli03.domainhotelli.fi\/~lsdoecli\/wp-content\/uploads\/2021\/08\/JVTuonti_logo_nelio.jpg","contentUrl":"https:\/\/hotelli03.domainhotelli.fi\/~lsdoecli\/wp-content\/uploads\/2021\/08\/JVTuonti_logo_nelio.jpg","width":550,"height":550,"caption":"JV Tuonti Oy"}]},"og_availability":"backorder","product_availability":"available for order","product_condition":"new","geo.placename":"Vantaa","geo.position":{"lat":"60.28431","long":"24.81654"},"geo.region":"Suomi"},"_links":{"self":[{"href":"https:\/\/hotelli03.domainhotelli.fi\/~lsdoecli\/wp-json\/wp\/v2\/product\/5296"}],"collection":[{"href":"https:\/\/hotelli03.domainhotelli.fi\/~lsdoecli\/wp-json\/wp\/v2\/product"}],"about":[{"href":"https:\/\/hotelli03.domainhotelli.fi\/~lsdoecli\/wp-json\/wp\/v2\/types\/product"}],"replies":[{"embeddable":true,"href":"https:\/\/hotelli03.domainhotelli.fi\/~lsdoecli\/wp-json\/wp\/v2\/comments?post=5296"}],"wp:featuredmedia":[{"embeddable":true,"href":"https:\/\/hotelli03.domainhotelli.fi\/~lsdoecli\/wp-json\/wp\/v2\/media\/5297"}],"wp:attachment":[{"href":"https:\/\/hotelli03.domainhotelli.fi\/~lsdoecli\/wp-json\/wp\/v2\/media?parent=5296"}],"wp:term":[{"taxonomy":"product_cat","embeddable":true,"href":"https:\/\/hotelli03.domainhotelli.fi\/~lsdoecli\/wp-json\/wp\/v2\/product_cat?post=5296"},{"taxonomy":"product_tag","embeddable":true,"href":"https:\/\/hotelli03.domainhotelli.fi\/~lsdoecli\/wp-json\/wp\/v2\/product_tag?post=5296"}],"curies":[{"name":"wp","href":"https:\/\/api.w.org\/{rel}","templated":true}]}}