{"id":5265,"date":"2021-06-30T12:29:12","date_gmt":"2021-06-30T12:29:12","guid":{"rendered":"https:\/\/hotelli03.domainhotelli.fi\/~lsdoecli\/?post_type=product&#038;p=5265"},"modified":"2022-06-16T12:13:21","modified_gmt":"2022-06-16T12:13:21","slug":"vibro-mini-tarinanvaimennuskumi-kevyille-koneille","status":"publish","type":"product","link":"https:\/\/hotelli03.domainhotelli.fi\/~lsdoecli\/tuote\/vibro-mini-tarinanvaimennuskumi-kevyille-koneille\/","title":{"rendered":"Vibro-mini: T\u00e4rin\u00e4nvaimennuskumi kevyille koneille"},"content":{"rendered":"<h1>Vibro-mini: t\u00e4rin\u00e4nvaimennuskumi kevyille koneille<\/h1>\n<p>T\u00e4rin\u00e4nvaimennuskumi Vibro-mini on edullinen ratkaisu kevyiden koneiden aiheuttamiin t\u00e4rin\u00e4\u00e4n ja runkomeluhaittoihin. T\u00e4m\u00e4 tuote on loistava ratkaisu t\u00e4rin\u00e4vaimennukseen, kun aksiaalinen\u00a0kuorma on alhainen.<\/p>\n<p>Vibro-mini voidaan kiinnitt\u00e4\u00e4 M8 kiila-ankkurilla, kierretangolla tai betoniruuvilla lattiaan, ripustaa kattosta M8 kierretangolla tai M8 betoniruuvin avulla ja asentaa metallialustalle M8 ruuvilla. Tuotte on muotoiltu niin, ett\u00e4 sen l\u00e4pimenev\u00e4 ruuvi ei muodosta \u00e4\u00e4nisiltaa.<\/p>\n<p>Edistyksellisen muotoilun ansiosta t\u00e4m\u00e4 t\u00e4rin\u00e4nvaimennuskumi taipuu kuormitettuna erinomaisesti. T\u00e4rin\u00e4nvaimennuksessa p\u00e4tee: mit\u00e4 suurempi tapuvuus, sit\u00e4 parempi t\u00e4rin\u00e4nvaimennus.<\/p>\n<h3>T\u00e4rin\u00e4nvaimennuskumi Vibro-mini kevyille koneille k\u00e4ytt\u00f6kohteet<\/h3>\n<ul>\n<li>kevyiden koneiden t\u00e4rin\u00e4nvaimennin, sijoitetaan koneiden alle<\/li>\n<li>t\u00e4rin\u00e4neristin kevyiden koneiden ja laitteiden ripustus (ilmastointilaitteet,ilmal\u00e4mp\u00f6pumput, puhallinkonvektorit, tuulettimet jne.)<\/li>\n<li>t\u00e4rin\u00e4neristys ripustetut kipsilevyalakatot<\/li>\n<\/ul>\n<h3><strong>Vibro-mini asennuksessa huomioitaviaa asioita<\/strong><\/h3>\n<ul>\n<li>kun k\u00e4yt\u00e4t kevyen koneen tai laitteen ripustuksen yhteydess\u00e4, kierretangon on oltava kohtisuorassa.<\/li>\n<li>kumin l\u00e4pimenev\u00e4 ruuvi est\u00e4\u00e4 koneita putoamasta sen p\u00e4\u00e4lt\u00e4, jos joustavat osat tuhoutuvat t\u00e4rin\u00e4n seurauksena.<\/li>\n<li>koneen paino tulee kohdistua t\u00e4rin\u00e4nvaimennuskumin yl\u00e4pinnalle.<\/li>\n<li>\u00e4l\u00e4 kierr\u00e4 kiinnitysruuvia liian tuikasti, ruuvi ja mutteri eiv\u00e4t saa purista t\u00e4rin\u00e4nvaimennuskumin elastisia osia<\/li>\n<li>k\u00e4yt\u00e4 alusleyv\u00e4<\/li>\n<\/ul>\n<h3>Dynaamiset ominaisuudet<\/h3>\n<ul>\n<li>Kuormitusalue 8-50 daN<\/li>\n<li>Luonnollinen taajuus yli 15 Hz.<\/li>\n<\/ul>\n<h3>Saatavilla olevat mallit<\/h3>\n<ul>\n<li>Vibro-mini.20 &#8211; Max kuorma 20 (daN), luonnollinen tajuus 15 Hz<\/li>\n<li>Vibro-mini.50 &#8211; Max kuorma 50(daN), luonnollinen tajuus 15 Hz<\/li>\n<\/ul>\n<p>T\u00e4rin\u00e4nvaimennuskumin on 30 mm korkea ja 40 mm leve\u00e4.<\/p>\n<p>&nbsp;<\/p>\n","protected":false},"excerpt":{"rendered":"<p>Vibro-mini: T\u00e4rin\u00e4nvaimennuskumi kevyille koneille. Edullinen ratkaisu kevyiden koneiden aiheuttamaan t\u00e4rin\u00e4\u00e4n ja runkomeluhaittoihin. Voidaan k\u00e4ytt\u00e4\u00e4 LVI-laitteiden t\u00e4rin\u00e4nvaimennukseen tai n\u00e4iden ripustamiseen katosta.<\/p>\n","protected":false},"featured_media":5274,"comment_status":"open","ping_status":"closed","template":"","meta":[],"product_cat":[592,1019],"product_tag":[744,1021,745,735,734,1020,1022,736,737],"yoast_head":"<!-- This site is optimized with the Yoast SEO Premium plugin v18.9 (Yoast SEO v19.3) - https:\/\/yoast.com\/wordpress\/plugins\/seo\/ -->\n<title>Vibro-mini: T\u00e4rin\u00e4nvaimennuskumi kevyille koneille | JV Tuonti<\/title>\n<meta name=\"description\" content=\"Vibro-mini: T\u00e4rin\u00e4nvaimennuskumi kevyille koneille. Edullinen t\u00e4rin\u00e4neristin koneiden t\u00e4rin\u00e4nvaimennukseen ja LVI laitteiden ripustamiseen.\" \/>\n<meta name=\"robots\" content=\"index, follow, max-snippet:-1, max-image-preview:large, max-video-preview:-1\" \/>\n<link rel=\"canonical\" href=\"https:\/\/hotelli03.domainhotelli.fi\/~lsdoecli\/tuote\/vibro-mini-tarinanvaimennuskumi-kevyille-koneille\/\" \/>\n<meta property=\"og:locale\" content=\"fi_FI\" \/>\n<meta property=\"og:type\" content=\"article\" \/>\n<meta property=\"og:title\" content=\"Vibro-mini: T\u00e4rin\u00e4nvaimennuskumi kevyille koneille\" \/>\n<meta property=\"og:description\" content=\"Vibro-mini: T\u00e4rin\u00e4nvaimennuskumi kevyille koneille. Edullinen t\u00e4rin\u00e4neristin koneiden t\u00e4rin\u00e4nvaimennukseen ja LVI laitteiden ripustamiseen.\" \/>\n<meta property=\"og:url\" content=\"https:\/\/hotelli03.domainhotelli.fi\/~lsdoecli\/tuote\/vibro-mini-tarinanvaimennuskumi-kevyille-koneille\/\" \/>\n<meta property=\"og:site_name\" content=\"JV Tuonti\" \/>\n<meta property=\"article:publisher\" content=\"https:\/\/www.facebook.com\/JVTuontiOy\" \/>\n<meta property=\"article:modified_time\" content=\"2022-06-16T12:13:21+00:00\" \/>\n<meta property=\"og:image\" content=\"https:\/\/hotelli03.domainhotelli.fi\/~lsdoecli\/wp-content\/uploads\/2021\/06\/Vibro-Mini.jpg\" \/>\n\t<meta property=\"og:image:width\" content=\"280\" \/>\n\t<meta property=\"og:image:height\" content=\"210\" \/>\n\t<meta property=\"og:image:type\" content=\"image\/jpeg\" \/>\n<meta name=\"twitter:card\" content=\"summary_large_image\" \/>\n<meta name=\"twitter:label1\" content=\"Availability\" \/>\n\t<meta name=\"twitter:data1\" content=\"In stock\" \/>\n<script type=\"application\/ld+json\" class=\"yoast-schema-graph\">{\"@context\":\"https:\/\/schema.org\",\"@graph\":[{\"@type\":[\"Organization\",\"Place\",\"WholesaleStore\"],\"@id\":\"https:\/\/hotelli03.domainhotelli.fi\/~lsdoecli\/#organization\",\"name\":\"JV Tuonti Oy\",\"url\":\"https:\/\/hotelli03.domainhotelli.fi\/~lsdoecli\/\",\"sameAs\":[\"https:\/\/instagram.com\/jvtuontioy?utm_medium=copy_link\",\"https:\/\/www.facebook.com\/JVTuontiOy\"],\"logo\":{\"@id\":\"https:\/\/hotelli03.domainhotelli.fi\/~lsdoecli\/tuote\/vibro-mini-tarinanvaimennuskumi-kevyille-koneille\/#local-main-organization-logo\"},\"image\":{\"@id\":\"https:\/\/hotelli03.domainhotelli.fi\/~lsdoecli\/tuote\/vibro-mini-tarinanvaimennuskumi-kevyille-koneille\/#local-main-organization-logo\"},\"address\":{\"@id\":\"https:\/\/hotelli03.domainhotelli.fi\/~lsdoecli\/tuote\/vibro-mini-tarinanvaimennuskumi-kevyille-koneille\/#local-main-place-address\"},\"geo\":{\"@type\":\"GeoCoordinates\",\"latitude\":\"60.28431\",\"longitude\":\"24.81654\"},\"telephone\":[\"0408369980\"],\"openingHoursSpecification\":[{\"@type\":\"OpeningHoursSpecification\",\"dayOfWeek\":[\"Monday\",\"Tuesday\",\"Wednesday\",\"Thursday\",\"Friday\"],\"opens\":\"08:00\",\"closes\":\"16:00\"},{\"@type\":\"OpeningHoursSpecification\",\"dayOfWeek\":[\"Saturday\",\"Sunday\"],\"opens\":\"00:00\",\"closes\":\"00:00\"}],\"email\":\"myynti@hotelli03.domainhotelli.fi\",\"areaServed\":\"Suomi, Ruotsi\",\"vatID\":\"FI30178387\",\"priceRange\":\"$$\",\"currenciesAccepted\":\"\u20ac\",\"paymentAccepted\":\"Lasku, pankkikortti\"},{\"@type\":\"WebSite\",\"@id\":\"https:\/\/hotelli03.domainhotelli.fi\/~lsdoecli\/#website\",\"url\":\"https:\/\/hotelli03.domainhotelli.fi\/~lsdoecli\/\",\"name\":\"JV Tuonti\",\"description\":\"JV Tuonti Oy:n verkkokauppa\",\"publisher\":{\"@id\":\"https:\/\/hotelli03.domainhotelli.fi\/~lsdoecli\/#organization\"},\"potentialAction\":[{\"@type\":\"SearchAction\",\"target\":{\"@type\":\"EntryPoint\",\"urlTemplate\":\"https:\/\/hotelli03.domainhotelli.fi\/~lsdoecli\/?s={search_term_string}\"},\"query-input\":\"required name=search_term_string\"}],\"inLanguage\":\"fi\"},{\"@type\":\"ImageObject\",\"inLanguage\":\"fi\",\"@id\":\"https:\/\/hotelli03.domainhotelli.fi\/~lsdoecli\/tuote\/vibro-mini-tarinanvaimennuskumi-kevyille-koneille\/#primaryimage\",\"url\":\"https:\/\/hotelli03.domainhotelli.fi\/~lsdoecli\/wp-content\/uploads\/2021\/06\/Vibro-Mini.jpg\",\"contentUrl\":\"https:\/\/hotelli03.domainhotelli.fi\/~lsdoecli\/wp-content\/uploads\/2021\/06\/Vibro-Mini.jpg\",\"width\":280,\"height\":210,\"caption\":\"T\u00e4rin\u00e4nvaimennuskumi Vibro-mini kevyille koneille ja laitteille\"},{\"@type\":\"WebPage\",\"@id\":\"https:\/\/hotelli03.domainhotelli.fi\/~lsdoecli\/tuote\/vibro-mini-tarinanvaimennuskumi-kevyille-koneille\/\",\"url\":\"https:\/\/hotelli03.domainhotelli.fi\/~lsdoecli\/tuote\/vibro-mini-tarinanvaimennuskumi-kevyille-koneille\/\",\"name\":\"Vibro-mini: T\u00e4rin\u00e4nvaimennuskumi kevyille koneille | JV Tuonti\",\"isPartOf\":{\"@id\":\"https:\/\/hotelli03.domainhotelli.fi\/~lsdoecli\/#website\"},\"primaryImageOfPage\":{\"@id\":\"https:\/\/hotelli03.domainhotelli.fi\/~lsdoecli\/tuote\/vibro-mini-tarinanvaimennuskumi-kevyille-koneille\/#primaryimage\"},\"datePublished\":\"2021-06-30T12:29:12+00:00\",\"dateModified\":\"2022-06-16T12:13:21+00:00\",\"description\":\"Vibro-mini: T\u00e4rin\u00e4nvaimennuskumi kevyille koneille. Edullinen t\u00e4rin\u00e4neristin koneiden t\u00e4rin\u00e4nvaimennukseen ja LVI laitteiden ripustamiseen.\",\"breadcrumb\":{\"@id\":\"https:\/\/hotelli03.domainhotelli.fi\/~lsdoecli\/tuote\/vibro-mini-tarinanvaimennuskumi-kevyille-koneille\/#breadcrumb\"},\"inLanguage\":\"fi\",\"potentialAction\":[{\"@type\":\"ReadAction\",\"target\":[\"https:\/\/hotelli03.domainhotelli.fi\/~lsdoecli\/tuote\/vibro-mini-tarinanvaimennuskumi-kevyille-koneille\/\"]}]},{\"@type\":\"BreadcrumbList\",\"@id\":\"https:\/\/hotelli03.domainhotelli.fi\/~lsdoecli\/tuote\/vibro-mini-tarinanvaimennuskumi-kevyille-koneille\/#breadcrumb\",\"itemListElement\":[{\"@type\":\"ListItem\",\"position\":1,\"name\":\"Etusivu\",\"item\":\"https:\/\/hotelli03.domainhotelli.fi\/~lsdoecli\/\"},{\"@type\":\"ListItem\",\"position\":2,\"name\":\"Kauppa\",\"item\":\"https:\/\/hotelli03.domainhotelli.fi\/~lsdoecli\/kauppa\/\"},{\"@type\":\"ListItem\",\"position\":3,\"name\":\"Vibro-mini: T\u00e4rin\u00e4nvaimennuskumi kevyille koneille\"}]},{\"@type\":\"PostalAddress\",\"@id\":\"https:\/\/hotelli03.domainhotelli.fi\/~lsdoecli\/tuote\/vibro-mini-tarinanvaimennuskumi-kevyille-koneille\/#local-main-place-address\",\"streetAddress\":\"Pyymosantie 5a\",\"addressLocality\":\"Vantaa\",\"postalCode\":\"01720\",\"addressCountry\":\"FI\"},{\"@type\":\"ImageObject\",\"inLanguage\":\"fi\",\"@id\":\"https:\/\/hotelli03.domainhotelli.fi\/~lsdoecli\/tuote\/vibro-mini-tarinanvaimennuskumi-kevyille-koneille\/#local-main-organization-logo\",\"url\":\"https:\/\/hotelli03.domainhotelli.fi\/~lsdoecli\/wp-content\/uploads\/2021\/08\/JVTuonti_logo_nelio.jpg\",\"contentUrl\":\"https:\/\/hotelli03.domainhotelli.fi\/~lsdoecli\/wp-content\/uploads\/2021\/08\/JVTuonti_logo_nelio.jpg\",\"width\":550,\"height\":550,\"caption\":\"JV Tuonti Oy\"}]}<\/script>\n<meta property=\"og:availability\" content=\"instock\" \/>\n<meta property=\"product:availability\" content=\"instock\" \/>\n<meta property=\"product:condition\" content=\"new\" \/>\n<meta name=\"geo.placename\" content=\"Vantaa\" \/>\n<meta name=\"geo.position\" content=\"60.28431;24.81654\" \/>\n<meta name=\"geo.region\" content=\"Suomi\" \/>\n<!-- \/ Yoast SEO Premium plugin. -->","yoast_head_json":{"title":"Vibro-mini: T\u00e4rin\u00e4nvaimennuskumi kevyille koneille | JV Tuonti","description":"Vibro-mini: T\u00e4rin\u00e4nvaimennuskumi kevyille koneille. Edullinen t\u00e4rin\u00e4neristin koneiden t\u00e4rin\u00e4nvaimennukseen ja LVI laitteiden ripustamiseen.","robots":{"index":"index","follow":"follow","max-snippet":"max-snippet:-1","max-image-preview":"max-image-preview:large","max-video-preview":"max-video-preview:-1"},"canonical":"https:\/\/hotelli03.domainhotelli.fi\/~lsdoecli\/tuote\/vibro-mini-tarinanvaimennuskumi-kevyille-koneille\/","og_locale":"fi_FI","og_type":"article","og_title":"Vibro-mini: T\u00e4rin\u00e4nvaimennuskumi kevyille koneille","og_description":"Vibro-mini: T\u00e4rin\u00e4nvaimennuskumi kevyille koneille. Edullinen t\u00e4rin\u00e4neristin koneiden t\u00e4rin\u00e4nvaimennukseen ja LVI laitteiden ripustamiseen.","og_url":"https:\/\/hotelli03.domainhotelli.fi\/~lsdoecli\/tuote\/vibro-mini-tarinanvaimennuskumi-kevyille-koneille\/","og_site_name":"JV Tuonti","article_publisher":"https:\/\/www.facebook.com\/JVTuontiOy","article_modified_time":"2022-06-16T12:13:21+00:00","og_image":[{"width":280,"height":210,"url":"https:\/\/hotelli03.domainhotelli.fi\/~lsdoecli\/wp-content\/uploads\/2021\/06\/Vibro-Mini.jpg","type":"image\/jpeg"}],"twitter_card":"summary_large_image","twitter_misc":{"Availability":"In stock"},"schema":{"@context":"https:\/\/schema.org","@graph":[{"@type":["Organization","Place","WholesaleStore"],"@id":"https:\/\/hotelli03.domainhotelli.fi\/~lsdoecli\/#organization","name":"JV Tuonti Oy","url":"https:\/\/hotelli03.domainhotelli.fi\/~lsdoecli\/","sameAs":["https:\/\/instagram.com\/jvtuontioy?utm_medium=copy_link","https:\/\/www.facebook.com\/JVTuontiOy"],"logo":{"@id":"https:\/\/hotelli03.domainhotelli.fi\/~lsdoecli\/tuote\/vibro-mini-tarinanvaimennuskumi-kevyille-koneille\/#local-main-organization-logo"},"image":{"@id":"https:\/\/hotelli03.domainhotelli.fi\/~lsdoecli\/tuote\/vibro-mini-tarinanvaimennuskumi-kevyille-koneille\/#local-main-organization-logo"},"address":{"@id":"https:\/\/hotelli03.domainhotelli.fi\/~lsdoecli\/tuote\/vibro-mini-tarinanvaimennuskumi-kevyille-koneille\/#local-main-place-address"},"geo":{"@type":"GeoCoordinates","latitude":"60.28431","longitude":"24.81654"},"telephone":["0408369980"],"openingHoursSpecification":[{"@type":"OpeningHoursSpecification","dayOfWeek":["Monday","Tuesday","Wednesday","Thursday","Friday"],"opens":"08:00","closes":"16:00"},{"@type":"OpeningHoursSpecification","dayOfWeek":["Saturday","Sunday"],"opens":"00:00","closes":"00:00"}],"email":"myynti@hotelli03.domainhotelli.fi","areaServed":"Suomi, Ruotsi","vatID":"FI30178387","priceRange":"$$","currenciesAccepted":"\u20ac","paymentAccepted":"Lasku, pankkikortti"},{"@type":"WebSite","@id":"https:\/\/hotelli03.domainhotelli.fi\/~lsdoecli\/#website","url":"https:\/\/hotelli03.domainhotelli.fi\/~lsdoecli\/","name":"JV Tuonti","description":"JV Tuonti Oy:n verkkokauppa","publisher":{"@id":"https:\/\/hotelli03.domainhotelli.fi\/~lsdoecli\/#organization"},"potentialAction":[{"@type":"SearchAction","target":{"@type":"EntryPoint","urlTemplate":"https:\/\/hotelli03.domainhotelli.fi\/~lsdoecli\/?s={search_term_string}"},"query-input":"required name=search_term_string"}],"inLanguage":"fi"},{"@type":"ImageObject","inLanguage":"fi","@id":"https:\/\/hotelli03.domainhotelli.fi\/~lsdoecli\/tuote\/vibro-mini-tarinanvaimennuskumi-kevyille-koneille\/#primaryimage","url":"https:\/\/hotelli03.domainhotelli.fi\/~lsdoecli\/wp-content\/uploads\/2021\/06\/Vibro-Mini.jpg","contentUrl":"https:\/\/hotelli03.domainhotelli.fi\/~lsdoecli\/wp-content\/uploads\/2021\/06\/Vibro-Mini.jpg","width":280,"height":210,"caption":"T\u00e4rin\u00e4nvaimennuskumi Vibro-mini kevyille koneille ja laitteille"},{"@type":"WebPage","@id":"https:\/\/hotelli03.domainhotelli.fi\/~lsdoecli\/tuote\/vibro-mini-tarinanvaimennuskumi-kevyille-koneille\/","url":"https:\/\/hotelli03.domainhotelli.fi\/~lsdoecli\/tuote\/vibro-mini-tarinanvaimennuskumi-kevyille-koneille\/","name":"Vibro-mini: T\u00e4rin\u00e4nvaimennuskumi kevyille koneille | JV Tuonti","isPartOf":{"@id":"https:\/\/hotelli03.domainhotelli.fi\/~lsdoecli\/#website"},"primaryImageOfPage":{"@id":"https:\/\/hotelli03.domainhotelli.fi\/~lsdoecli\/tuote\/vibro-mini-tarinanvaimennuskumi-kevyille-koneille\/#primaryimage"},"datePublished":"2021-06-30T12:29:12+00:00","dateModified":"2022-06-16T12:13:21+00:00","description":"Vibro-mini: T\u00e4rin\u00e4nvaimennuskumi kevyille koneille. Edullinen t\u00e4rin\u00e4neristin koneiden t\u00e4rin\u00e4nvaimennukseen ja LVI laitteiden ripustamiseen.","breadcrumb":{"@id":"https:\/\/hotelli03.domainhotelli.fi\/~lsdoecli\/tuote\/vibro-mini-tarinanvaimennuskumi-kevyille-koneille\/#breadcrumb"},"inLanguage":"fi","potentialAction":[{"@type":"ReadAction","target":["https:\/\/hotelli03.domainhotelli.fi\/~lsdoecli\/tuote\/vibro-mini-tarinanvaimennuskumi-kevyille-koneille\/"]}]},{"@type":"BreadcrumbList","@id":"https:\/\/hotelli03.domainhotelli.fi\/~lsdoecli\/tuote\/vibro-mini-tarinanvaimennuskumi-kevyille-koneille\/#breadcrumb","itemListElement":[{"@type":"ListItem","position":1,"name":"Etusivu","item":"https:\/\/hotelli03.domainhotelli.fi\/~lsdoecli\/"},{"@type":"ListItem","position":2,"name":"Kauppa","item":"https:\/\/hotelli03.domainhotelli.fi\/~lsdoecli\/kauppa\/"},{"@type":"ListItem","position":3,"name":"Vibro-mini: T\u00e4rin\u00e4nvaimennuskumi kevyille koneille"}]},{"@type":"PostalAddress","@id":"https:\/\/hotelli03.domainhotelli.fi\/~lsdoecli\/tuote\/vibro-mini-tarinanvaimennuskumi-kevyille-koneille\/#local-main-place-address","streetAddress":"Pyymosantie 5a","addressLocality":"Vantaa","postalCode":"01720","addressCountry":"FI"},{"@type":"ImageObject","inLanguage":"fi","@id":"https:\/\/hotelli03.domainhotelli.fi\/~lsdoecli\/tuote\/vibro-mini-tarinanvaimennuskumi-kevyille-koneille\/#local-main-organization-logo","url":"https:\/\/hotelli03.domainhotelli.fi\/~lsdoecli\/wp-content\/uploads\/2021\/08\/JVTuonti_logo_nelio.jpg","contentUrl":"https:\/\/hotelli03.domainhotelli.fi\/~lsdoecli\/wp-content\/uploads\/2021\/08\/JVTuonti_logo_nelio.jpg","width":550,"height":550,"caption":"JV Tuonti Oy"}]},"og_availability":"instock","product_availability":"instock","product_condition":"new","geo.placename":"Vantaa","geo.position":{"lat":"60.28431","long":"24.81654"},"geo.region":"Suomi"},"_links":{"self":[{"href":"https:\/\/hotelli03.domainhotelli.fi\/~lsdoecli\/wp-json\/wp\/v2\/product\/5265"}],"collection":[{"href":"https:\/\/hotelli03.domainhotelli.fi\/~lsdoecli\/wp-json\/wp\/v2\/product"}],"about":[{"href":"https:\/\/hotelli03.domainhotelli.fi\/~lsdoecli\/wp-json\/wp\/v2\/types\/product"}],"replies":[{"embeddable":true,"href":"https:\/\/hotelli03.domainhotelli.fi\/~lsdoecli\/wp-json\/wp\/v2\/comments?post=5265"}],"wp:featuredmedia":[{"embeddable":true,"href":"https:\/\/hotelli03.domainhotelli.fi\/~lsdoecli\/wp-json\/wp\/v2\/media\/5274"}],"wp:attachment":[{"href":"https:\/\/hotelli03.domainhotelli.fi\/~lsdoecli\/wp-json\/wp\/v2\/media?parent=5265"}],"wp:term":[{"taxonomy":"product_cat","embeddable":true,"href":"https:\/\/hotelli03.domainhotelli.fi\/~lsdoecli\/wp-json\/wp\/v2\/product_cat?post=5265"},{"taxonomy":"product_tag","embeddable":true,"href":"https:\/\/hotelli03.domainhotelli.fi\/~lsdoecli\/wp-json\/wp\/v2\/product_tag?post=5265"}],"curies":[{"name":"wp","href":"https:\/\/api.w.org\/{rel}","templated":true}]}}