{"id":5241,"date":"2021-06-30T08:37:25","date_gmt":"2021-06-30T08:37:25","guid":{"rendered":"https:\/\/hotelli03.domainhotelli.fi\/~lsdoecli\/?post_type=product&#038;p=5241"},"modified":"2022-06-09T11:08:34","modified_gmt":"2022-06-09T11:08:34","slug":"vibro-profi-vaimennusmatto","status":"publish","type":"product","link":"https:\/\/hotelli03.domainhotelli.fi\/~lsdoecli\/tuote\/vibro-profi-vaimennusmatto\/","title":{"rendered":"Vibro-Profi t\u00e4rin\u00e4n vaimennusmatto"},"content":{"rendered":"<h1>Vibro-Profi t\u00e4rin\u00e4n vaimennusmatto<\/h1>\n<p>Vibro-Profi t\u00e4rin\u00e4n vaimennusmatto on kustannustehokas t\u00e4rin\u00e4nvaimennusmatto, joka on valmistettu kierr\u00e4tetyist\u00e4 PU-sidotuista autonrenkaiden kumigranulaatista munakenno muodossa. Sen muotoilu tarjoaa korkean t\u00e4rin\u00e4eristyksen laajalla kuormitusalueella.<\/p>\n<p>Vaimennusmatto toimitetaan 100 mm: n levyisin\u00e4, 1,25 m: n pituisina rullina tai 120 x 100 mm: n paloina. Materiaali on ymp\u00e4rist\u00f6yst\u00e4v\u00e4llist\u00e4, koska se on valmistettu 100% kierr\u00e4tetyst\u00e4 kumista ja se on t\u00e4ysin kierr\u00e4tett\u00e4v\u00e4.<br \/>\nSe tarjoaa pitk\u00e4n aikav\u00e4lin suorituskyvyn ilman ett\u00e4 se painuu kokoon tai siin\u00e4 esintyy muodonmuutoksia.<br \/>\nErinomaiset vaimennusominaisuudet ja pitk\u00e4 k\u00e4ytt\u00f6ik\u00e4 tekev\u00e4t tuotteesta eritt\u00e4in hyv\u00e4n teknis-taloudellisen valinnan.<\/p>\n<p>Vibro-Profi t\u00e4rin\u00e4n vaimenusmattoa voidaan k\u00e4ytt\u00e4\u00e4 t\u00e4risevien koneiden tai metallirakenteiden alla tai inertiamassan alla rakenteellisten voimien tasoittamiseksi.<\/p>\n<p>Tyypillisi\u00e4 k\u00e4ytt\u00f6kohteita t\u00e4rin\u00e4nvaimennusmatolle ovat laitoshuoneet, generaattorit, boilerit, leikkauskoneet, ilmastointilaitteet, j\u00e4\u00e4hdytyslaitteet ja kelluvat lattiat jne. Vibro-Profi t\u00e4rin\u00e4n vaimennusmattoa voidaan k\u00e4ytt\u00e4\u00e4 my\u00f6s erotuskaistana kelluvissa betonilattiarakenteissa, jotta v\u00e4ltet\u00e4\u00e4n \u00e4\u00e4nen siirtymist\u00e4.Lis\u00e4ksi sit\u00e4 voidaan k\u00e4ytt\u00e4\u00e4 kipsilevy v\u00e4liseiniss\u00e4 lattiakiskon ja kattokiskon (U-profiili) alla kelluvissa rakenteissa.<\/p>\n<p>T\u00e4rin\u00e4nvaimennusmatto voidaan asentaa t\u00e4rin\u00e4nvaimennuksen tarpeen mukaisesti, valitsemalla yksi, kaksi tai kolme kerrosta (yksi kerros toisen p\u00e4\u00e4lle, takapuolet vastakkain).<\/p>\n<p>Vibro-Profi t\u00e4rin\u00e4n vaimennusmatto toimitetaan valmiiksi leikattuna kaistaleena, joissa on viiltoja 12,5 cm v\u00e4lein, jotta ne voidaan helposti leikata yksitt\u00e4isiin paloiksi.<\/p>\n<h2>Vibro-Profi vaimennusmatto tekniset ominaisuudet<\/h2>\n<ul>\n<li>Koostumus : Kierr\u00e4tetty\u00e4 polyuretaanilla sidottua rengaskumia<\/li>\n<li>Pinta : Rakeinen rakenne, jossa toisella puolella on aaltomainen muotoilu.<\/li>\n<li>Mitat : 125 x 10 cm rullina tai esileikattuina paloina 10 x 12,5 cm<\/li>\n<li>Paksuus : Enint\u00e4\u00e4n 17 mm, min 8 mm.<\/li>\n<li>Kuormitusalue : \u00a00-0,05 N \/ mm2<\/li>\n<li>Suurin kuorma : 500 kg \/ Lm<\/li>\n<li>Suurin kuorma : 60 kg \/ kpl (10 x 12,5 cm)<\/li>\n<li>Luonnollinen taajuus fo = 19 Hz maksimikuormalla<\/li>\n<\/ul>\n<p>Vibro-Profi toimitetaan leikattuina nauhoina, joissa on viiltoja.<\/p>\n<p><a href=\"https:\/\/hotelli03.domainhotelli.fi\/~lsdoecli\/wp-content\/uploads\/2021\/06\/Vibro-Profi-Eco.png\"><img loading=\"lazy\" class=\"alignnone wp-image-5242\" src=\"https:\/\/hotelli03.domainhotelli.fi\/~lsdoecli\/wp-content\/uploads\/2021\/06\/Vibro-Profi-Eco.png\" alt=\"\" width=\"150\" height=\"125\" \/><\/a><a href=\"https:\/\/hotelli03.domainhotelli.fi\/~lsdoecli\/wp-content\/uploads\/2021\/06\/Vibro-Profi-mitat.png\"><img loading=\"lazy\" class=\"alignnone size-medium wp-image-5244\" src=\"https:\/\/hotelli03.domainhotelli.fi\/~lsdoecli\/wp-content\/uploads\/2021\/06\/Vibro-Profi-mitat-300x96.png\" alt=\"\" width=\"300\" height=\"96\" \/><\/a><\/p>\n","protected":false},"excerpt":{"rendered":"<p>Vibro-Profi on kustannustehokas t\u00e4rin\u00e4nvaimennusmatto, joka on valmistettu kierr\u00e4tetyist\u00e4 PU-sidotuista auton renkaista munakenno muodossa.<\/p>\n<p>Mitat : 125 x 10 cm rullina tai Esileikattuina paloina 10 x 12,5 cm<br \/>\nPaksuus : Enint\u00e4\u00e4n 17 mm, min 8 mm.<\/p>\n<p><a href=\"https:\/\/hotelli03.domainhotelli.fi\/~lsdoecli\/wp-content\/uploads\/2021\/06\/Vibro-Profi-Eco.png\"><img loading=\"lazy\" class=\"alignnone size-full wp-image-5242\" src=\"https:\/\/hotelli03.domainhotelli.fi\/~lsdoecli\/wp-content\/uploads\/2021\/06\/Vibro-Profi-Eco.png\" alt=\"\" width=\"274\" height=\"228\" \/><\/a> <a href=\"https:\/\/hotelli03.domainhotelli.fi\/~lsdoecli\/wp-content\/uploads\/2021\/06\/Vibro-Profi-mitat.png\"><img loading=\"lazy\" class=\"alignnone size-medium wp-image-5244\" src=\"https:\/\/hotelli03.domainhotelli.fi\/~lsdoecli\/wp-content\/uploads\/2021\/06\/Vibro-Profi-mitat-300x96.png\" alt=\"\" width=\"300\" height=\"96\" \/><\/a><\/p>\n","protected":false},"featured_media":5246,"comment_status":"open","ping_status":"closed","template":"","meta":[],"product_cat":[593],"product_tag":[738,739,735,734,736,737,1146],"yoast_head":"<!-- This site is optimized with the Yoast SEO Premium plugin v18.9 (Yoast SEO v19.3) - https:\/\/yoast.com\/wordpress\/plugins\/seo\/ -->\n<title>Vibro-Profi t\u00e4rin\u00e4n vaimennusmatto | JV Tuonti<\/title>\n<meta name=\"description\" content=\"Vibro-Profi on kustannustehokas t\u00e4rin\u00e4n vaimennusmatto, joka on valmistettu kier\u00e4tetyn autonrenkaiden kumista. Tilaa vaimennusmatto netist\u00e4.\" \/>\n<meta name=\"robots\" content=\"index, follow, max-snippet:-1, max-image-preview:large, max-video-preview:-1\" \/>\n<link rel=\"canonical\" href=\"https:\/\/hotelli03.domainhotelli.fi\/~lsdoecli\/tuote\/vibro-profi-vaimennusmatto\/\" \/>\n<meta property=\"og:locale\" content=\"fi_FI\" \/>\n<meta property=\"og:type\" content=\"article\" \/>\n<meta property=\"og:title\" content=\"Vibro-Profi t\u00e4rin\u00e4n vaimennusmatto\" \/>\n<meta property=\"og:description\" content=\"Vibro-Profi on kustannustehokas t\u00e4rin\u00e4n vaimennusmatto, joka on valmistettu kier\u00e4tetyn autonrenkaiden kumista. Tilaa vaimennusmatto netist\u00e4.\" \/>\n<meta property=\"og:url\" content=\"https:\/\/hotelli03.domainhotelli.fi\/~lsdoecli\/tuote\/vibro-profi-vaimennusmatto\/\" \/>\n<meta property=\"og:site_name\" content=\"JV Tuonti\" \/>\n<meta property=\"article:publisher\" content=\"https:\/\/www.facebook.com\/JVTuontiOy\" \/>\n<meta property=\"article:modified_time\" content=\"2022-06-09T11:08:34+00:00\" \/>\n<meta property=\"og:image\" content=\"https:\/\/hotelli03.domainhotelli.fi\/~lsdoecli\/wp-content\/uploads\/2021\/06\/Vibro-profi-vaimennusmatto.jpg\" \/>\n\t<meta property=\"og:image:width\" content=\"176\" \/>\n\t<meta property=\"og:image:height\" content=\"150\" \/>\n\t<meta property=\"og:image:type\" content=\"image\/jpeg\" \/>\n<meta name=\"twitter:card\" content=\"summary_large_image\" \/>\n<meta name=\"twitter:label1\" content=\"Availability\" \/>\n\t<meta name=\"twitter:data1\" content=\"On backorder\" \/>\n<script type=\"application\/ld+json\" class=\"yoast-schema-graph\">{\"@context\":\"https:\/\/schema.org\",\"@graph\":[{\"@type\":[\"Organization\",\"Place\",\"WholesaleStore\"],\"@id\":\"https:\/\/hotelli03.domainhotelli.fi\/~lsdoecli\/#organization\",\"name\":\"JV Tuonti Oy\",\"url\":\"https:\/\/hotelli03.domainhotelli.fi\/~lsdoecli\/\",\"sameAs\":[\"https:\/\/instagram.com\/jvtuontioy?utm_medium=copy_link\",\"https:\/\/www.facebook.com\/JVTuontiOy\"],\"logo\":{\"@id\":\"https:\/\/hotelli03.domainhotelli.fi\/~lsdoecli\/tuote\/vibro-profi-vaimennusmatto\/#local-main-organization-logo\"},\"image\":{\"@id\":\"https:\/\/hotelli03.domainhotelli.fi\/~lsdoecli\/tuote\/vibro-profi-vaimennusmatto\/#local-main-organization-logo\"},\"address\":{\"@id\":\"https:\/\/hotelli03.domainhotelli.fi\/~lsdoecli\/tuote\/vibro-profi-vaimennusmatto\/#local-main-place-address\"},\"geo\":{\"@type\":\"GeoCoordinates\",\"latitude\":\"60.28431\",\"longitude\":\"24.81654\"},\"telephone\":[\"0408369980\"],\"openingHoursSpecification\":[{\"@type\":\"OpeningHoursSpecification\",\"dayOfWeek\":[\"Monday\",\"Tuesday\",\"Wednesday\",\"Thursday\",\"Friday\"],\"opens\":\"08:00\",\"closes\":\"16:00\"},{\"@type\":\"OpeningHoursSpecification\",\"dayOfWeek\":[\"Saturday\",\"Sunday\"],\"opens\":\"00:00\",\"closes\":\"00:00\"}],\"email\":\"myynti@hotelli03.domainhotelli.fi\",\"areaServed\":\"Suomi, Ruotsi\",\"vatID\":\"FI30178387\",\"priceRange\":\"$$\",\"currenciesAccepted\":\"\u20ac\",\"paymentAccepted\":\"Lasku, pankkikortti\"},{\"@type\":\"WebSite\",\"@id\":\"https:\/\/hotelli03.domainhotelli.fi\/~lsdoecli\/#website\",\"url\":\"https:\/\/hotelli03.domainhotelli.fi\/~lsdoecli\/\",\"name\":\"JV Tuonti\",\"description\":\"JV Tuonti Oy:n verkkokauppa\",\"publisher\":{\"@id\":\"https:\/\/hotelli03.domainhotelli.fi\/~lsdoecli\/#organization\"},\"potentialAction\":[{\"@type\":\"SearchAction\",\"target\":{\"@type\":\"EntryPoint\",\"urlTemplate\":\"https:\/\/hotelli03.domainhotelli.fi\/~lsdoecli\/?s={search_term_string}\"},\"query-input\":\"required name=search_term_string\"}],\"inLanguage\":\"fi\"},{\"@type\":\"ImageObject\",\"inLanguage\":\"fi\",\"@id\":\"https:\/\/hotelli03.domainhotelli.fi\/~lsdoecli\/tuote\/vibro-profi-vaimennusmatto\/#primaryimage\",\"url\":\"https:\/\/hotelli03.domainhotelli.fi\/~lsdoecli\/wp-content\/uploads\/2021\/06\/Vibro-profi-vaimennusmatto.jpg\",\"contentUrl\":\"https:\/\/hotelli03.domainhotelli.fi\/~lsdoecli\/wp-content\/uploads\/2021\/06\/Vibro-profi-vaimennusmatto.jpg\",\"width\":176,\"height\":150,\"caption\":\"Vibro-Profi vaimennusmatto\"},{\"@type\":\"WebPage\",\"@id\":\"https:\/\/hotelli03.domainhotelli.fi\/~lsdoecli\/tuote\/vibro-profi-vaimennusmatto\/\",\"url\":\"https:\/\/hotelli03.domainhotelli.fi\/~lsdoecli\/tuote\/vibro-profi-vaimennusmatto\/\",\"name\":\"Vibro-Profi t\u00e4rin\u00e4n vaimennusmatto | JV Tuonti\",\"isPartOf\":{\"@id\":\"https:\/\/hotelli03.domainhotelli.fi\/~lsdoecli\/#website\"},\"primaryImageOfPage\":{\"@id\":\"https:\/\/hotelli03.domainhotelli.fi\/~lsdoecli\/tuote\/vibro-profi-vaimennusmatto\/#primaryimage\"},\"datePublished\":\"2021-06-30T08:37:25+00:00\",\"dateModified\":\"2022-06-09T11:08:34+00:00\",\"description\":\"Vibro-Profi on kustannustehokas t\u00e4rin\u00e4n vaimennusmatto, joka on valmistettu kier\u00e4tetyn autonrenkaiden kumista. Tilaa vaimennusmatto netist\u00e4.\",\"breadcrumb\":{\"@id\":\"https:\/\/hotelli03.domainhotelli.fi\/~lsdoecli\/tuote\/vibro-profi-vaimennusmatto\/#breadcrumb\"},\"inLanguage\":\"fi\",\"potentialAction\":[{\"@type\":\"ReadAction\",\"target\":[\"https:\/\/hotelli03.domainhotelli.fi\/~lsdoecli\/tuote\/vibro-profi-vaimennusmatto\/\"]}]},{\"@type\":\"BreadcrumbList\",\"@id\":\"https:\/\/hotelli03.domainhotelli.fi\/~lsdoecli\/tuote\/vibro-profi-vaimennusmatto\/#breadcrumb\",\"itemListElement\":[{\"@type\":\"ListItem\",\"position\":1,\"name\":\"Etusivu\",\"item\":\"https:\/\/hotelli03.domainhotelli.fi\/~lsdoecli\/\"},{\"@type\":\"ListItem\",\"position\":2,\"name\":\"Kauppa\",\"item\":\"https:\/\/hotelli03.domainhotelli.fi\/~lsdoecli\/kauppa\/\"},{\"@type\":\"ListItem\",\"position\":3,\"name\":\"Vibro-Profi t\u00e4rin\u00e4n vaimennusmatto\"}]},{\"@type\":\"PostalAddress\",\"@id\":\"https:\/\/hotelli03.domainhotelli.fi\/~lsdoecli\/tuote\/vibro-profi-vaimennusmatto\/#local-main-place-address\",\"streetAddress\":\"Pyymosantie 5a\",\"addressLocality\":\"Vantaa\",\"postalCode\":\"01720\",\"addressCountry\":\"FI\"},{\"@type\":\"ImageObject\",\"inLanguage\":\"fi\",\"@id\":\"https:\/\/hotelli03.domainhotelli.fi\/~lsdoecli\/tuote\/vibro-profi-vaimennusmatto\/#local-main-organization-logo\",\"url\":\"https:\/\/hotelli03.domainhotelli.fi\/~lsdoecli\/wp-content\/uploads\/2021\/08\/JVTuonti_logo_nelio.jpg\",\"contentUrl\":\"https:\/\/hotelli03.domainhotelli.fi\/~lsdoecli\/wp-content\/uploads\/2021\/08\/JVTuonti_logo_nelio.jpg\",\"width\":550,\"height\":550,\"caption\":\"JV Tuonti Oy\"}]}<\/script>\n<meta property=\"og:availability\" content=\"backorder\" \/>\n<meta property=\"product:availability\" content=\"available for order\" \/>\n<meta property=\"product:condition\" content=\"new\" \/>\n<meta name=\"geo.placename\" content=\"Vantaa\" \/>\n<meta name=\"geo.position\" content=\"60.28431;24.81654\" \/>\n<meta name=\"geo.region\" content=\"Suomi\" \/>\n<!-- \/ Yoast SEO Premium plugin. -->","yoast_head_json":{"title":"Vibro-Profi t\u00e4rin\u00e4n vaimennusmatto | JV Tuonti","description":"Vibro-Profi on kustannustehokas t\u00e4rin\u00e4n vaimennusmatto, joka on valmistettu kier\u00e4tetyn autonrenkaiden kumista. Tilaa vaimennusmatto netist\u00e4.","robots":{"index":"index","follow":"follow","max-snippet":"max-snippet:-1","max-image-preview":"max-image-preview:large","max-video-preview":"max-video-preview:-1"},"canonical":"https:\/\/hotelli03.domainhotelli.fi\/~lsdoecli\/tuote\/vibro-profi-vaimennusmatto\/","og_locale":"fi_FI","og_type":"article","og_title":"Vibro-Profi t\u00e4rin\u00e4n vaimennusmatto","og_description":"Vibro-Profi on kustannustehokas t\u00e4rin\u00e4n vaimennusmatto, joka on valmistettu kier\u00e4tetyn autonrenkaiden kumista. Tilaa vaimennusmatto netist\u00e4.","og_url":"https:\/\/hotelli03.domainhotelli.fi\/~lsdoecli\/tuote\/vibro-profi-vaimennusmatto\/","og_site_name":"JV Tuonti","article_publisher":"https:\/\/www.facebook.com\/JVTuontiOy","article_modified_time":"2022-06-09T11:08:34+00:00","og_image":[{"width":176,"height":150,"url":"https:\/\/hotelli03.domainhotelli.fi\/~lsdoecli\/wp-content\/uploads\/2021\/06\/Vibro-profi-vaimennusmatto.jpg","type":"image\/jpeg"}],"twitter_card":"summary_large_image","twitter_misc":{"Availability":"On backorder"},"schema":{"@context":"https:\/\/schema.org","@graph":[{"@type":["Organization","Place","WholesaleStore"],"@id":"https:\/\/hotelli03.domainhotelli.fi\/~lsdoecli\/#organization","name":"JV Tuonti Oy","url":"https:\/\/hotelli03.domainhotelli.fi\/~lsdoecli\/","sameAs":["https:\/\/instagram.com\/jvtuontioy?utm_medium=copy_link","https:\/\/www.facebook.com\/JVTuontiOy"],"logo":{"@id":"https:\/\/hotelli03.domainhotelli.fi\/~lsdoecli\/tuote\/vibro-profi-vaimennusmatto\/#local-main-organization-logo"},"image":{"@id":"https:\/\/hotelli03.domainhotelli.fi\/~lsdoecli\/tuote\/vibro-profi-vaimennusmatto\/#local-main-organization-logo"},"address":{"@id":"https:\/\/hotelli03.domainhotelli.fi\/~lsdoecli\/tuote\/vibro-profi-vaimennusmatto\/#local-main-place-address"},"geo":{"@type":"GeoCoordinates","latitude":"60.28431","longitude":"24.81654"},"telephone":["0408369980"],"openingHoursSpecification":[{"@type":"OpeningHoursSpecification","dayOfWeek":["Monday","Tuesday","Wednesday","Thursday","Friday"],"opens":"08:00","closes":"16:00"},{"@type":"OpeningHoursSpecification","dayOfWeek":["Saturday","Sunday"],"opens":"00:00","closes":"00:00"}],"email":"myynti@hotelli03.domainhotelli.fi","areaServed":"Suomi, Ruotsi","vatID":"FI30178387","priceRange":"$$","currenciesAccepted":"\u20ac","paymentAccepted":"Lasku, pankkikortti"},{"@type":"WebSite","@id":"https:\/\/hotelli03.domainhotelli.fi\/~lsdoecli\/#website","url":"https:\/\/hotelli03.domainhotelli.fi\/~lsdoecli\/","name":"JV Tuonti","description":"JV Tuonti Oy:n verkkokauppa","publisher":{"@id":"https:\/\/hotelli03.domainhotelli.fi\/~lsdoecli\/#organization"},"potentialAction":[{"@type":"SearchAction","target":{"@type":"EntryPoint","urlTemplate":"https:\/\/hotelli03.domainhotelli.fi\/~lsdoecli\/?s={search_term_string}"},"query-input":"required name=search_term_string"}],"inLanguage":"fi"},{"@type":"ImageObject","inLanguage":"fi","@id":"https:\/\/hotelli03.domainhotelli.fi\/~lsdoecli\/tuote\/vibro-profi-vaimennusmatto\/#primaryimage","url":"https:\/\/hotelli03.domainhotelli.fi\/~lsdoecli\/wp-content\/uploads\/2021\/06\/Vibro-profi-vaimennusmatto.jpg","contentUrl":"https:\/\/hotelli03.domainhotelli.fi\/~lsdoecli\/wp-content\/uploads\/2021\/06\/Vibro-profi-vaimennusmatto.jpg","width":176,"height":150,"caption":"Vibro-Profi vaimennusmatto"},{"@type":"WebPage","@id":"https:\/\/hotelli03.domainhotelli.fi\/~lsdoecli\/tuote\/vibro-profi-vaimennusmatto\/","url":"https:\/\/hotelli03.domainhotelli.fi\/~lsdoecli\/tuote\/vibro-profi-vaimennusmatto\/","name":"Vibro-Profi t\u00e4rin\u00e4n vaimennusmatto | JV Tuonti","isPartOf":{"@id":"https:\/\/hotelli03.domainhotelli.fi\/~lsdoecli\/#website"},"primaryImageOfPage":{"@id":"https:\/\/hotelli03.domainhotelli.fi\/~lsdoecli\/tuote\/vibro-profi-vaimennusmatto\/#primaryimage"},"datePublished":"2021-06-30T08:37:25+00:00","dateModified":"2022-06-09T11:08:34+00:00","description":"Vibro-Profi on kustannustehokas t\u00e4rin\u00e4n vaimennusmatto, joka on valmistettu kier\u00e4tetyn autonrenkaiden kumista. Tilaa vaimennusmatto netist\u00e4.","breadcrumb":{"@id":"https:\/\/hotelli03.domainhotelli.fi\/~lsdoecli\/tuote\/vibro-profi-vaimennusmatto\/#breadcrumb"},"inLanguage":"fi","potentialAction":[{"@type":"ReadAction","target":["https:\/\/hotelli03.domainhotelli.fi\/~lsdoecli\/tuote\/vibro-profi-vaimennusmatto\/"]}]},{"@type":"BreadcrumbList","@id":"https:\/\/hotelli03.domainhotelli.fi\/~lsdoecli\/tuote\/vibro-profi-vaimennusmatto\/#breadcrumb","itemListElement":[{"@type":"ListItem","position":1,"name":"Etusivu","item":"https:\/\/hotelli03.domainhotelli.fi\/~lsdoecli\/"},{"@type":"ListItem","position":2,"name":"Kauppa","item":"https:\/\/hotelli03.domainhotelli.fi\/~lsdoecli\/kauppa\/"},{"@type":"ListItem","position":3,"name":"Vibro-Profi t\u00e4rin\u00e4n vaimennusmatto"}]},{"@type":"PostalAddress","@id":"https:\/\/hotelli03.domainhotelli.fi\/~lsdoecli\/tuote\/vibro-profi-vaimennusmatto\/#local-main-place-address","streetAddress":"Pyymosantie 5a","addressLocality":"Vantaa","postalCode":"01720","addressCountry":"FI"},{"@type":"ImageObject","inLanguage":"fi","@id":"https:\/\/hotelli03.domainhotelli.fi\/~lsdoecli\/tuote\/vibro-profi-vaimennusmatto\/#local-main-organization-logo","url":"https:\/\/hotelli03.domainhotelli.fi\/~lsdoecli\/wp-content\/uploads\/2021\/08\/JVTuonti_logo_nelio.jpg","contentUrl":"https:\/\/hotelli03.domainhotelli.fi\/~lsdoecli\/wp-content\/uploads\/2021\/08\/JVTuonti_logo_nelio.jpg","width":550,"height":550,"caption":"JV Tuonti Oy"}]},"og_availability":"backorder","product_availability":"available for order","product_condition":"new","geo.placename":"Vantaa","geo.position":{"lat":"60.28431","long":"24.81654"},"geo.region":"Suomi"},"_links":{"self":[{"href":"https:\/\/hotelli03.domainhotelli.fi\/~lsdoecli\/wp-json\/wp\/v2\/product\/5241"}],"collection":[{"href":"https:\/\/hotelli03.domainhotelli.fi\/~lsdoecli\/wp-json\/wp\/v2\/product"}],"about":[{"href":"https:\/\/hotelli03.domainhotelli.fi\/~lsdoecli\/wp-json\/wp\/v2\/types\/product"}],"replies":[{"embeddable":true,"href":"https:\/\/hotelli03.domainhotelli.fi\/~lsdoecli\/wp-json\/wp\/v2\/comments?post=5241"}],"wp:featuredmedia":[{"embeddable":true,"href":"https:\/\/hotelli03.domainhotelli.fi\/~lsdoecli\/wp-json\/wp\/v2\/media\/5246"}],"wp:attachment":[{"href":"https:\/\/hotelli03.domainhotelli.fi\/~lsdoecli\/wp-json\/wp\/v2\/media?parent=5241"}],"wp:term":[{"taxonomy":"product_cat","embeddable":true,"href":"https:\/\/hotelli03.domainhotelli.fi\/~lsdoecli\/wp-json\/wp\/v2\/product_cat?post=5241"},{"taxonomy":"product_tag","embeddable":true,"href":"https:\/\/hotelli03.domainhotelli.fi\/~lsdoecli\/wp-json\/wp\/v2\/product_tag?post=5241"}],"curies":[{"name":"wp","href":"https:\/\/api.w.org\/{rel}","templated":true}]}}