{"id":5213,"date":"2021-06-30T07:45:50","date_gmt":"2021-06-30T07:45:50","guid":{"rendered":"https:\/\/hotelli03.domainhotelli.fi\/~lsdoecli\/?post_type=product&#038;p=5213"},"modified":"2022-06-09T11:04:32","modified_gmt":"2022-06-09T11:04:32","slug":"vibro-ep-lattian-tarinaeristys-metalli-kuorella","status":"publish","type":"product","link":"https:\/\/hotelli03.domainhotelli.fi\/~lsdoecli\/tuote\/vibro-ep-lattian-tarinaeristys-metalli-kuorella\/","title":{"rendered":"Vibro EP lattian t\u00e4rin\u00e4eristys metalli kuorella"},"content":{"rendered":"<p>Vibro-EP Metal koostuu joustavasta elementist\u00e4 (mitat 12,5 \u00d7 12,5 cm) ja erityisesti muodostetusta galvanoidusta metallikannesta. Ter\u00e4skuorien v\u00e4litys koneen pohjan ja elastisen v\u00e4lill\u00e4 varmistaa, ett\u00e4 kuorma jakautuu tasaisesti elastisen elementin koko pintaan. Samanaikaisesti suojus suojaa kumia auringon s\u00e4teilylt\u00e4. Kannen yl\u00e4osan keskelle on sis\u00e4llytetty sis\u00e4inen M12-kierre, \u00a0johon voidaan kiinnitt\u00e4\u00e4 vastaava kiinnitysruuvi (ei sis\u00e4lly toimitukseen). Beige, vihre\u00e4 ja keltainen joustava tyyny on valmistettu neopreenityyppisest\u00e4 kumista.<\/p>\n<h4>Miksi Vibro EP lattian t\u00e4rin\u00e4eristys metalli kuorella:<\/h4>\n<ul>\n<li>Se on helppo asentaa<\/li>\n<li>Voidaan k\u00e4ytt\u00e4\u00e4 t\u00e4rin\u00e4nvaimennuskoneiden tukena<\/li>\n<li>Voidaan k\u00e4ytt\u00e4\u00e4 koneiden kiinnitykseen<\/li>\n<\/ul>\n<h4>SOVELLUKSET<\/h4>\n<p>Vibro-EP-Metal levy\u00e4 voidaan k\u00e4ytt\u00e4\u00e4 t\u00e4rin\u00e4nvaimentimena ja runkomelun vaimennukseen esimerkiksi:<\/p>\n<p>\u2022 t\u00e4rin\u00e4eristys ilmakompressorit \u2013 ilmastointilaitteiteet \u2013 pumpput \u2013 puhaltimet- \u00a0generaattorit \u2013 \u00a0leikkauskoneet\u00a0jne.<\/p>\n<h4>MITAT<\/h4>\n<p>Elastisen elementin mitat: 12,5 \u00d7 12,5 \u00d7 2,5 cm<br \/>\nKokonaiskorkeus: 2,8 cm<br \/>\nKierre: M12<\/p>\n<p>VIBRO-EP-kumiv\u00e4r\u00e4htelyeristyslevyt (itsen\u00e4iset) ovat Vibro-EP-metallin syd\u00e4n. Se on erikoistutkimuksen tulos ja tuotettu t\u00e4ss\u00e4 muodossa vuodesta 1989 l\u00e4htien, valmistettu ensiluokkaisesta elastomeerimateriaalista sekoitettuna erityisiin aineisiin sen edelleen parantamiseksi.<br \/>\nSen pitkitt\u00e4isrei\u00e4t lis\u00e4\u00e4v\u00e4t tarjottua puristusta ja parantavat t\u00e4rin\u00e4nvaimennusta.<br \/>\nUseita VIBRO-EP-kumiv\u00e4r\u00e4htelyeristimi\u00e4 voidaan k\u00e4ytt\u00e4\u00e4 kerroksittain. Sitten k\u00e4ytt\u00e4m\u00e4ll\u00e4 ter\u00e4slevy\u00e4 v\u00e4liss\u00e4 voimme saavuttaa luonnollisen taajuuden pienenemisen 4 Hz: iin.<\/p>\n<table>\n<thead>\n<tr>\n<th>V\u00e4ri<\/th>\n<th>Mitat (cm)<\/th>\n<th>Max staattinen kuormitus (daN)<\/th>\n<\/tr>\n<\/thead>\n<tbody>\n<tr>\n<td>Harmaa tai Beige<\/td>\n<td>12.5 x 12.5 x 2.5<\/td>\n<td>300<\/td>\n<\/tr>\n<tr>\n<td>Sininen tai Vihre\u00e4<\/td>\n<td>12.5 x 12.5 x 2.5<\/td>\n<td>200<\/td>\n<\/tr>\n<tr>\n<td>Punainen tai keltainen<\/td>\n<td>12.5 x 12.5 x 2.5<\/td>\n<td>100<\/td>\n<\/tr>\n<\/tbody>\n<\/table>\n<p>&nbsp;<\/p>\n<table>\n<thead>\n<tr>\n<th>Kumi tyyppi<\/th>\n<th>V\u00e4ri<\/th>\n<\/tr>\n<\/thead>\n<tbody>\n<tr>\n<td>Elastomeerinen erikois kumiyhdiste<\/td>\n<td>harmaa \u2013 sininen \u2013 punainen<\/td>\n<\/tr>\n<tr>\n<td>Neopreeni<\/td>\n<td>beige \u2013 vihre\u00e4 \u2013 keltainen<\/td>\n<\/tr>\n<\/tbody>\n<\/table>\n<p>Dynaamiset ominaisuudet ovat identtiset <a href=\"https:\/\/hotelli03.domainhotelli.fi\/~lsdoecli\/tuote\/vibro-ep-lattian-tarinaeristys-ja-tarinavaimennus-kelluva-lattia-runkoaanen-vaimennus\/\">Vibro-EP: n<\/a> kanssa.<\/p>\n","protected":false},"excerpt":{"rendered":"<p>Vibro-EP Metal koostuu joustavasta elementist\u00e4 (mitat 12,5 \u00d7 12,5 cm) ja erityisesti muodostetusta galvanoidusta metallikannesta. Ter\u00e4skuorien v\u00e4litys koneen pohjan ja elastisen v\u00e4lill\u00e4 varmistaa, ett\u00e4 kuorma jakautuu tasaisesti elastisen elementin koko pintaan. Samanaikaisesti suojus suojaa kumia auringon s\u00e4teilylt\u00e4. Kannen yl\u00e4osan keskelle on sis\u00e4llytetty sis\u00e4inen M12-kierre, \u00a0johon voidaan kiinnitt\u00e4\u00e4 vastaava kiinnitysruuvi (ei sis\u00e4lly toimitukseen). Beige, vihre\u00e4 ja keltainen joustava tyyny on valmistettu neopreenityyppisest\u00e4 kumista.<\/p>\n<h4><\/h4>\n","protected":false},"featured_media":5226,"comment_status":"open","ping_status":"closed","template":"","meta":[],"product_cat":[593],"product_tag":[738,739,735,734,736,737],"yoast_head":"<!-- This site is optimized with the Yoast SEO Premium plugin v18.9 (Yoast SEO v19.3) - https:\/\/yoast.com\/wordpress\/plugins\/seo\/ -->\n<title>JV Tuonti | Vibro EP lattian t\u00e4rin\u00e4eristys metalli kuorella<\/title>\n<meta name=\"description\" content=\"Vibro-EP Metal koostuu joustavasta elementist\u00e4 (mitat 12,5 \u00d7 12,5 cm) ja erityisesti muodostetusta galvanoidusta metallikannesta. Ter\u00e4skuorien v\u00e4litys koneen pohjan ja elastisen v\u00e4lill\u00e4 varmistaa, ett\u00e4 kuorma jakautuu tasaisesti elastisen elementin koko pintaan. Samanaikaisesti suojus suojaa kumia auringon s\u00e4teilylt\u00e4. Kannen yl\u00e4osan keskelle on sis\u00e4llytetty sis\u00e4inen M12-kierre, \u00a0johon voidaan kiinnitt\u00e4\u00e4 vastaava kiinnitysruuvi (ei sis\u00e4lly toimitukseen). Beige, vihre\u00e4 ja keltainen joustava tyyny on valmistettu neopreenityyppisest\u00e4 kumista.\" \/>\n<meta name=\"robots\" content=\"index, follow, max-snippet:-1, max-image-preview:large, max-video-preview:-1\" \/>\n<link rel=\"canonical\" href=\"https:\/\/hotelli03.domainhotelli.fi\/~lsdoecli\/tuote\/vibro-ep-lattian-tarinaeristys-metalli-kuorella\/\" \/>\n<meta property=\"og:locale\" content=\"fi_FI\" \/>\n<meta property=\"og:type\" content=\"article\" \/>\n<meta property=\"og:title\" content=\"Vibro EP lattian t\u00e4rin\u00e4eristys metalli kuorella\" \/>\n<meta property=\"og:description\" content=\"Vibro-EP Metal koostuu joustavasta elementist\u00e4 (mitat 12,5 \u00d7 12,5 cm) ja erityisesti muodostetusta galvanoidusta metallikannesta. Ter\u00e4skuorien v\u00e4litys koneen pohjan ja elastisen v\u00e4lill\u00e4 varmistaa, ett\u00e4 kuorma jakautuu tasaisesti elastisen elementin koko pintaan. Samanaikaisesti suojus suojaa kumia auringon s\u00e4teilylt\u00e4. Kannen yl\u00e4osan keskelle on sis\u00e4llytetty sis\u00e4inen M12-kierre, \u00a0johon voidaan kiinnitt\u00e4\u00e4 vastaava kiinnitysruuvi (ei sis\u00e4lly toimitukseen). Beige, vihre\u00e4 ja keltainen joustava tyyny on valmistettu neopreenityyppisest\u00e4 kumista.\" \/>\n<meta property=\"og:url\" content=\"https:\/\/hotelli03.domainhotelli.fi\/~lsdoecli\/tuote\/vibro-ep-lattian-tarinaeristys-metalli-kuorella\/\" \/>\n<meta property=\"og:site_name\" content=\"JV Tuonti\" \/>\n<meta property=\"article:publisher\" content=\"https:\/\/www.facebook.com\/JVTuontiOy\" \/>\n<meta property=\"article:modified_time\" content=\"2022-06-09T11:04:32+00:00\" \/>\n<meta property=\"og:image\" content=\"https:\/\/hotelli03.domainhotelli.fi\/~lsdoecli\/wp-content\/uploads\/2021\/06\/Vibro-EP-metalli.jpg\" \/>\n\t<meta property=\"og:image:width\" content=\"280\" \/>\n\t<meta property=\"og:image:height\" content=\"210\" \/>\n\t<meta property=\"og:image:type\" content=\"image\/jpeg\" \/>\n<meta name=\"twitter:card\" content=\"summary_large_image\" \/>\n<meta name=\"twitter:label1\" content=\"Availability\" \/>\n\t<meta name=\"twitter:data1\" content=\"On backorder\" \/>\n<script type=\"application\/ld+json\" class=\"yoast-schema-graph\">{\"@context\":\"https:\/\/schema.org\",\"@graph\":[{\"@type\":[\"Organization\",\"Place\",\"WholesaleStore\"],\"@id\":\"https:\/\/hotelli03.domainhotelli.fi\/~lsdoecli\/#organization\",\"name\":\"JV Tuonti Oy\",\"url\":\"https:\/\/hotelli03.domainhotelli.fi\/~lsdoecli\/\",\"sameAs\":[\"https:\/\/instagram.com\/jvtuontioy?utm_medium=copy_link\",\"https:\/\/www.facebook.com\/JVTuontiOy\"],\"logo\":{\"@id\":\"https:\/\/hotelli03.domainhotelli.fi\/~lsdoecli\/tuote\/vibro-ep-lattian-tarinaeristys-metalli-kuorella\/#local-main-organization-logo\"},\"image\":{\"@id\":\"https:\/\/hotelli03.domainhotelli.fi\/~lsdoecli\/tuote\/vibro-ep-lattian-tarinaeristys-metalli-kuorella\/#local-main-organization-logo\"},\"address\":{\"@id\":\"https:\/\/hotelli03.domainhotelli.fi\/~lsdoecli\/tuote\/vibro-ep-lattian-tarinaeristys-metalli-kuorella\/#local-main-place-address\"},\"geo\":{\"@type\":\"GeoCoordinates\",\"latitude\":\"60.28431\",\"longitude\":\"24.81654\"},\"telephone\":[\"0408369980\"],\"openingHoursSpecification\":[{\"@type\":\"OpeningHoursSpecification\",\"dayOfWeek\":[\"Monday\",\"Tuesday\",\"Wednesday\",\"Thursday\",\"Friday\"],\"opens\":\"08:00\",\"closes\":\"16:00\"},{\"@type\":\"OpeningHoursSpecification\",\"dayOfWeek\":[\"Saturday\",\"Sunday\"],\"opens\":\"00:00\",\"closes\":\"00:00\"}],\"email\":\"myynti@hotelli03.domainhotelli.fi\",\"areaServed\":\"Suomi, Ruotsi\",\"vatID\":\"FI30178387\",\"priceRange\":\"$$\",\"currenciesAccepted\":\"\u20ac\",\"paymentAccepted\":\"Lasku, pankkikortti\"},{\"@type\":\"WebSite\",\"@id\":\"https:\/\/hotelli03.domainhotelli.fi\/~lsdoecli\/#website\",\"url\":\"https:\/\/hotelli03.domainhotelli.fi\/~lsdoecli\/\",\"name\":\"JV Tuonti\",\"description\":\"JV Tuonti Oy:n verkkokauppa\",\"publisher\":{\"@id\":\"https:\/\/hotelli03.domainhotelli.fi\/~lsdoecli\/#organization\"},\"potentialAction\":[{\"@type\":\"SearchAction\",\"target\":{\"@type\":\"EntryPoint\",\"urlTemplate\":\"https:\/\/hotelli03.domainhotelli.fi\/~lsdoecli\/?s={search_term_string}\"},\"query-input\":\"required name=search_term_string\"}],\"inLanguage\":\"fi\"},{\"@type\":\"ImageObject\",\"inLanguage\":\"fi\",\"@id\":\"https:\/\/hotelli03.domainhotelli.fi\/~lsdoecli\/tuote\/vibro-ep-lattian-tarinaeristys-metalli-kuorella\/#primaryimage\",\"url\":\"https:\/\/hotelli03.domainhotelli.fi\/~lsdoecli\/wp-content\/uploads\/2021\/06\/Vibro-EP-metalli.jpg\",\"contentUrl\":\"https:\/\/hotelli03.domainhotelli.fi\/~lsdoecli\/wp-content\/uploads\/2021\/06\/Vibro-EP-metalli.jpg\",\"width\":280,\"height\":210,\"caption\":\"Vibro-EP Complex t\u00e4rin\u00e4nvaimennuskumi ter\u00e4slevyll\u00e4\"},{\"@type\":\"WebPage\",\"@id\":\"https:\/\/hotelli03.domainhotelli.fi\/~lsdoecli\/tuote\/vibro-ep-lattian-tarinaeristys-metalli-kuorella\/\",\"url\":\"https:\/\/hotelli03.domainhotelli.fi\/~lsdoecli\/tuote\/vibro-ep-lattian-tarinaeristys-metalli-kuorella\/\",\"name\":\"JV Tuonti | Vibro EP lattian t\u00e4rin\u00e4eristys metalli kuorella\",\"isPartOf\":{\"@id\":\"https:\/\/hotelli03.domainhotelli.fi\/~lsdoecli\/#website\"},\"primaryImageOfPage\":{\"@id\":\"https:\/\/hotelli03.domainhotelli.fi\/~lsdoecli\/tuote\/vibro-ep-lattian-tarinaeristys-metalli-kuorella\/#primaryimage\"},\"datePublished\":\"2021-06-30T07:45:50+00:00\",\"dateModified\":\"2022-06-09T11:04:32+00:00\",\"description\":\"Vibro-EP Metal koostuu joustavasta elementist\u00e4 (mitat 12,5 \u00d7 12,5 cm) ja erityisesti muodostetusta galvanoidusta metallikannesta. Ter\u00e4skuorien v\u00e4litys koneen pohjan ja elastisen v\u00e4lill\u00e4 varmistaa, ett\u00e4 kuorma jakautuu tasaisesti elastisen elementin koko pintaan. Samanaikaisesti suojus suojaa kumia auringon s\u00e4teilylt\u00e4. Kannen yl\u00e4osan keskelle on sis\u00e4llytetty sis\u00e4inen M12-kierre, \u00a0johon voidaan kiinnitt\u00e4\u00e4 vastaava kiinnitysruuvi (ei sis\u00e4lly toimitukseen). Beige, vihre\u00e4 ja keltainen joustava tyyny on valmistettu neopreenityyppisest\u00e4 kumista.\",\"breadcrumb\":{\"@id\":\"https:\/\/hotelli03.domainhotelli.fi\/~lsdoecli\/tuote\/vibro-ep-lattian-tarinaeristys-metalli-kuorella\/#breadcrumb\"},\"inLanguage\":\"fi\",\"potentialAction\":[{\"@type\":\"ReadAction\",\"target\":[\"https:\/\/hotelli03.domainhotelli.fi\/~lsdoecli\/tuote\/vibro-ep-lattian-tarinaeristys-metalli-kuorella\/\"]}]},{\"@type\":\"BreadcrumbList\",\"@id\":\"https:\/\/hotelli03.domainhotelli.fi\/~lsdoecli\/tuote\/vibro-ep-lattian-tarinaeristys-metalli-kuorella\/#breadcrumb\",\"itemListElement\":[{\"@type\":\"ListItem\",\"position\":1,\"name\":\"Etusivu\",\"item\":\"https:\/\/hotelli03.domainhotelli.fi\/~lsdoecli\/\"},{\"@type\":\"ListItem\",\"position\":2,\"name\":\"Kauppa\",\"item\":\"https:\/\/hotelli03.domainhotelli.fi\/~lsdoecli\/kauppa\/\"},{\"@type\":\"ListItem\",\"position\":3,\"name\":\"Vibro EP lattian t\u00e4rin\u00e4eristys metalli kuorella\"}]},{\"@type\":\"PostalAddress\",\"@id\":\"https:\/\/hotelli03.domainhotelli.fi\/~lsdoecli\/tuote\/vibro-ep-lattian-tarinaeristys-metalli-kuorella\/#local-main-place-address\",\"streetAddress\":\"Pyymosantie 5a\",\"addressLocality\":\"Vantaa\",\"postalCode\":\"01720\",\"addressCountry\":\"FI\"},{\"@type\":\"ImageObject\",\"inLanguage\":\"fi\",\"@id\":\"https:\/\/hotelli03.domainhotelli.fi\/~lsdoecli\/tuote\/vibro-ep-lattian-tarinaeristys-metalli-kuorella\/#local-main-organization-logo\",\"url\":\"https:\/\/hotelli03.domainhotelli.fi\/~lsdoecli\/wp-content\/uploads\/2021\/08\/JVTuonti_logo_nelio.jpg\",\"contentUrl\":\"https:\/\/hotelli03.domainhotelli.fi\/~lsdoecli\/wp-content\/uploads\/2021\/08\/JVTuonti_logo_nelio.jpg\",\"width\":550,\"height\":550,\"caption\":\"JV Tuonti Oy\"}]}<\/script>\n<meta property=\"og:availability\" content=\"backorder\" \/>\n<meta property=\"product:availability\" content=\"available for order\" \/>\n<meta property=\"product:condition\" content=\"new\" \/>\n<meta name=\"geo.placename\" content=\"Vantaa\" \/>\n<meta name=\"geo.position\" content=\"60.28431;24.81654\" \/>\n<meta name=\"geo.region\" content=\"Suomi\" \/>\n<!-- \/ Yoast SEO Premium plugin. -->","yoast_head_json":{"title":"JV Tuonti | Vibro EP lattian t\u00e4rin\u00e4eristys metalli kuorella","description":"Vibro-EP Metal koostuu joustavasta elementist\u00e4 (mitat 12,5 \u00d7 12,5 cm) ja erityisesti muodostetusta galvanoidusta metallikannesta. Ter\u00e4skuorien v\u00e4litys koneen pohjan ja elastisen v\u00e4lill\u00e4 varmistaa, ett\u00e4 kuorma jakautuu tasaisesti elastisen elementin koko pintaan. Samanaikaisesti suojus suojaa kumia auringon s\u00e4teilylt\u00e4. Kannen yl\u00e4osan keskelle on sis\u00e4llytetty sis\u00e4inen M12-kierre, \u00a0johon voidaan kiinnitt\u00e4\u00e4 vastaava kiinnitysruuvi (ei sis\u00e4lly toimitukseen). Beige, vihre\u00e4 ja keltainen joustava tyyny on valmistettu neopreenityyppisest\u00e4 kumista.","robots":{"index":"index","follow":"follow","max-snippet":"max-snippet:-1","max-image-preview":"max-image-preview:large","max-video-preview":"max-video-preview:-1"},"canonical":"https:\/\/hotelli03.domainhotelli.fi\/~lsdoecli\/tuote\/vibro-ep-lattian-tarinaeristys-metalli-kuorella\/","og_locale":"fi_FI","og_type":"article","og_title":"Vibro EP lattian t\u00e4rin\u00e4eristys metalli kuorella","og_description":"Vibro-EP Metal koostuu joustavasta elementist\u00e4 (mitat 12,5 \u00d7 12,5 cm) ja erityisesti muodostetusta galvanoidusta metallikannesta. Ter\u00e4skuorien v\u00e4litys koneen pohjan ja elastisen v\u00e4lill\u00e4 varmistaa, ett\u00e4 kuorma jakautuu tasaisesti elastisen elementin koko pintaan. Samanaikaisesti suojus suojaa kumia auringon s\u00e4teilylt\u00e4. Kannen yl\u00e4osan keskelle on sis\u00e4llytetty sis\u00e4inen M12-kierre, \u00a0johon voidaan kiinnitt\u00e4\u00e4 vastaava kiinnitysruuvi (ei sis\u00e4lly toimitukseen). Beige, vihre\u00e4 ja keltainen joustava tyyny on valmistettu neopreenityyppisest\u00e4 kumista.","og_url":"https:\/\/hotelli03.domainhotelli.fi\/~lsdoecli\/tuote\/vibro-ep-lattian-tarinaeristys-metalli-kuorella\/","og_site_name":"JV Tuonti","article_publisher":"https:\/\/www.facebook.com\/JVTuontiOy","article_modified_time":"2022-06-09T11:04:32+00:00","og_image":[{"width":280,"height":210,"url":"https:\/\/hotelli03.domainhotelli.fi\/~lsdoecli\/wp-content\/uploads\/2021\/06\/Vibro-EP-metalli.jpg","type":"image\/jpeg"}],"twitter_card":"summary_large_image","twitter_misc":{"Availability":"On backorder"},"schema":{"@context":"https:\/\/schema.org","@graph":[{"@type":["Organization","Place","WholesaleStore"],"@id":"https:\/\/hotelli03.domainhotelli.fi\/~lsdoecli\/#organization","name":"JV Tuonti Oy","url":"https:\/\/hotelli03.domainhotelli.fi\/~lsdoecli\/","sameAs":["https:\/\/instagram.com\/jvtuontioy?utm_medium=copy_link","https:\/\/www.facebook.com\/JVTuontiOy"],"logo":{"@id":"https:\/\/hotelli03.domainhotelli.fi\/~lsdoecli\/tuote\/vibro-ep-lattian-tarinaeristys-metalli-kuorella\/#local-main-organization-logo"},"image":{"@id":"https:\/\/hotelli03.domainhotelli.fi\/~lsdoecli\/tuote\/vibro-ep-lattian-tarinaeristys-metalli-kuorella\/#local-main-organization-logo"},"address":{"@id":"https:\/\/hotelli03.domainhotelli.fi\/~lsdoecli\/tuote\/vibro-ep-lattian-tarinaeristys-metalli-kuorella\/#local-main-place-address"},"geo":{"@type":"GeoCoordinates","latitude":"60.28431","longitude":"24.81654"},"telephone":["0408369980"],"openingHoursSpecification":[{"@type":"OpeningHoursSpecification","dayOfWeek":["Monday","Tuesday","Wednesday","Thursday","Friday"],"opens":"08:00","closes":"16:00"},{"@type":"OpeningHoursSpecification","dayOfWeek":["Saturday","Sunday"],"opens":"00:00","closes":"00:00"}],"email":"myynti@hotelli03.domainhotelli.fi","areaServed":"Suomi, Ruotsi","vatID":"FI30178387","priceRange":"$$","currenciesAccepted":"\u20ac","paymentAccepted":"Lasku, pankkikortti"},{"@type":"WebSite","@id":"https:\/\/hotelli03.domainhotelli.fi\/~lsdoecli\/#website","url":"https:\/\/hotelli03.domainhotelli.fi\/~lsdoecli\/","name":"JV Tuonti","description":"JV Tuonti Oy:n verkkokauppa","publisher":{"@id":"https:\/\/hotelli03.domainhotelli.fi\/~lsdoecli\/#organization"},"potentialAction":[{"@type":"SearchAction","target":{"@type":"EntryPoint","urlTemplate":"https:\/\/hotelli03.domainhotelli.fi\/~lsdoecli\/?s={search_term_string}"},"query-input":"required name=search_term_string"}],"inLanguage":"fi"},{"@type":"ImageObject","inLanguage":"fi","@id":"https:\/\/hotelli03.domainhotelli.fi\/~lsdoecli\/tuote\/vibro-ep-lattian-tarinaeristys-metalli-kuorella\/#primaryimage","url":"https:\/\/hotelli03.domainhotelli.fi\/~lsdoecli\/wp-content\/uploads\/2021\/06\/Vibro-EP-metalli.jpg","contentUrl":"https:\/\/hotelli03.domainhotelli.fi\/~lsdoecli\/wp-content\/uploads\/2021\/06\/Vibro-EP-metalli.jpg","width":280,"height":210,"caption":"Vibro-EP Complex t\u00e4rin\u00e4nvaimennuskumi ter\u00e4slevyll\u00e4"},{"@type":"WebPage","@id":"https:\/\/hotelli03.domainhotelli.fi\/~lsdoecli\/tuote\/vibro-ep-lattian-tarinaeristys-metalli-kuorella\/","url":"https:\/\/hotelli03.domainhotelli.fi\/~lsdoecli\/tuote\/vibro-ep-lattian-tarinaeristys-metalli-kuorella\/","name":"JV Tuonti | Vibro EP lattian t\u00e4rin\u00e4eristys metalli kuorella","isPartOf":{"@id":"https:\/\/hotelli03.domainhotelli.fi\/~lsdoecli\/#website"},"primaryImageOfPage":{"@id":"https:\/\/hotelli03.domainhotelli.fi\/~lsdoecli\/tuote\/vibro-ep-lattian-tarinaeristys-metalli-kuorella\/#primaryimage"},"datePublished":"2021-06-30T07:45:50+00:00","dateModified":"2022-06-09T11:04:32+00:00","description":"Vibro-EP Metal koostuu joustavasta elementist\u00e4 (mitat 12,5 \u00d7 12,5 cm) ja erityisesti muodostetusta galvanoidusta metallikannesta. Ter\u00e4skuorien v\u00e4litys koneen pohjan ja elastisen v\u00e4lill\u00e4 varmistaa, ett\u00e4 kuorma jakautuu tasaisesti elastisen elementin koko pintaan. Samanaikaisesti suojus suojaa kumia auringon s\u00e4teilylt\u00e4. Kannen yl\u00e4osan keskelle on sis\u00e4llytetty sis\u00e4inen M12-kierre, \u00a0johon voidaan kiinnitt\u00e4\u00e4 vastaava kiinnitysruuvi (ei sis\u00e4lly toimitukseen). Beige, vihre\u00e4 ja keltainen joustava tyyny on valmistettu neopreenityyppisest\u00e4 kumista.","breadcrumb":{"@id":"https:\/\/hotelli03.domainhotelli.fi\/~lsdoecli\/tuote\/vibro-ep-lattian-tarinaeristys-metalli-kuorella\/#breadcrumb"},"inLanguage":"fi","potentialAction":[{"@type":"ReadAction","target":["https:\/\/hotelli03.domainhotelli.fi\/~lsdoecli\/tuote\/vibro-ep-lattian-tarinaeristys-metalli-kuorella\/"]}]},{"@type":"BreadcrumbList","@id":"https:\/\/hotelli03.domainhotelli.fi\/~lsdoecli\/tuote\/vibro-ep-lattian-tarinaeristys-metalli-kuorella\/#breadcrumb","itemListElement":[{"@type":"ListItem","position":1,"name":"Etusivu","item":"https:\/\/hotelli03.domainhotelli.fi\/~lsdoecli\/"},{"@type":"ListItem","position":2,"name":"Kauppa","item":"https:\/\/hotelli03.domainhotelli.fi\/~lsdoecli\/kauppa\/"},{"@type":"ListItem","position":3,"name":"Vibro EP lattian t\u00e4rin\u00e4eristys metalli kuorella"}]},{"@type":"PostalAddress","@id":"https:\/\/hotelli03.domainhotelli.fi\/~lsdoecli\/tuote\/vibro-ep-lattian-tarinaeristys-metalli-kuorella\/#local-main-place-address","streetAddress":"Pyymosantie 5a","addressLocality":"Vantaa","postalCode":"01720","addressCountry":"FI"},{"@type":"ImageObject","inLanguage":"fi","@id":"https:\/\/hotelli03.domainhotelli.fi\/~lsdoecli\/tuote\/vibro-ep-lattian-tarinaeristys-metalli-kuorella\/#local-main-organization-logo","url":"https:\/\/hotelli03.domainhotelli.fi\/~lsdoecli\/wp-content\/uploads\/2021\/08\/JVTuonti_logo_nelio.jpg","contentUrl":"https:\/\/hotelli03.domainhotelli.fi\/~lsdoecli\/wp-content\/uploads\/2021\/08\/JVTuonti_logo_nelio.jpg","width":550,"height":550,"caption":"JV Tuonti Oy"}]},"og_availability":"backorder","product_availability":"available for order","product_condition":"new","geo.placename":"Vantaa","geo.position":{"lat":"60.28431","long":"24.81654"},"geo.region":"Suomi"},"_links":{"self":[{"href":"https:\/\/hotelli03.domainhotelli.fi\/~lsdoecli\/wp-json\/wp\/v2\/product\/5213"}],"collection":[{"href":"https:\/\/hotelli03.domainhotelli.fi\/~lsdoecli\/wp-json\/wp\/v2\/product"}],"about":[{"href":"https:\/\/hotelli03.domainhotelli.fi\/~lsdoecli\/wp-json\/wp\/v2\/types\/product"}],"replies":[{"embeddable":true,"href":"https:\/\/hotelli03.domainhotelli.fi\/~lsdoecli\/wp-json\/wp\/v2\/comments?post=5213"}],"wp:featuredmedia":[{"embeddable":true,"href":"https:\/\/hotelli03.domainhotelli.fi\/~lsdoecli\/wp-json\/wp\/v2\/media\/5226"}],"wp:attachment":[{"href":"https:\/\/hotelli03.domainhotelli.fi\/~lsdoecli\/wp-json\/wp\/v2\/media?parent=5213"}],"wp:term":[{"taxonomy":"product_cat","embeddable":true,"href":"https:\/\/hotelli03.domainhotelli.fi\/~lsdoecli\/wp-json\/wp\/v2\/product_cat?post=5213"},{"taxonomy":"product_tag","embeddable":true,"href":"https:\/\/hotelli03.domainhotelli.fi\/~lsdoecli\/wp-json\/wp\/v2\/product_tag?post=5213"}],"curies":[{"name":"wp","href":"https:\/\/api.w.org\/{rel}","templated":true}]}}