{"id":5196,"date":"2021-06-30T07:09:01","date_gmt":"2021-06-30T07:09:01","guid":{"rendered":"https:\/\/hotelli03.domainhotelli.fi\/~lsdoecli\/?post_type=product&#038;p=5196"},"modified":"2022-06-09T10:39:39","modified_gmt":"2022-06-09T10:39:39","slug":"vibro-ju-saadettava-lattiavaimennin","status":"publish","type":"product","link":"https:\/\/hotelli03.domainhotelli.fi\/~lsdoecli\/tuote\/vibro-ju-saadettava-lattiavaimennin\/","title":{"rendered":"Vibro-JU s\u00e4\u00e4dett\u00e4v\u00e4 lattiavaimennin"},"content":{"rendered":"<h4>KUVAUS<\/h4>\n<p>T\u00e4rin\u00e4nvaimennuskumi Vibro-JU on edistyksellinen t\u00e4rin\u00e4neristysj\u00e4rjestelm\u00e4 korotetuille betonisille kelluville lattioille. Vibro-JU koostuu metallikuoresta, joka sis\u00e4lt\u00e4\u00e4 v\u00e4r\u00e4htelyj\u00e4 est\u00e4v\u00e4\u00e4 Regufoam-polyuretaanielastomeeria, joka on suunniteltu absorboimaan t\u00e4rin\u00e4\u00e4. Se on eritt\u00e4in helppo asentaa, mahdollistaa korkeuden s\u00e4\u00e4t\u00e4misen eik\u00e4 vanerimuotojen k\u00e4ytt\u00f6\u00e4 ole tarpeen. Luo my\u00f6s suotuisan ilmarakon, mik\u00e4 on hy\u00f6dyllist\u00e4 my\u00f6s ilman \u00e4\u00e4nieristykselle ja t\u00e4rin\u00e4nvaimennusominaisuuksille.<\/p>\n<p>JU on saatavana kolmella eri Regufoam-tiheydell\u00e4 kunkin sovelluksen tarpeiden mukaan. Lis\u00e4ksi Regufoamin paksuus voi vaihdella vaaditun v\u00e4r\u00e4htelyj\u00e4rjestelm\u00e4n luonnollisen taajuuden saavuttamiseksi.<\/p>\n<p>Se on varustettu innovatiivisella j\u00e4rjestelm\u00e4ll\u00e4 lattian nostamiseksi erityisen mutterin avulla, joka voidaan nostaa k\u00e4ytt\u00e4m\u00e4ll\u00e4 toimittamaamme s\u00e4\u00e4t\u00f6avainta. Se on my\u00f6s varustettu sivu lis\u00e4kkeill\u00e4 metallivahvikkeiden pit\u00e4miseksi paikallaan ja pit\u00e4miseksi ennen betonin kaatamista t\u00e4ydelliseksi t\u00e4rin\u00e4nvaimennusratkaisuksi kelluville lattioille.<\/p>\n<h4>ASENNUS<\/h4>\n<ul>\n<li>Aseta polyeteenilevy betonisen kelluvan lattian pinnan alle ja ymp\u00e4ri koko aluetta.<\/li>\n<li>Erist\u00e4 kelluva lattia rakennuksen rakenteesta sopivalla t\u00e4rin\u00e4nestolevyll\u00e4 kelluvan lattian ja sein\u00e4n v\u00e4liss\u00e4. (ISOLFON-FF).<\/li>\n<li>Aseta t\u00e4rin\u00e4nvaimennuskumi Vibro &#8211; JR.<\/li>\n<li>Aseta joustava putki peitt\u00e4m\u00e4\u00e4n ruuvia. Leikkaa joustava putki sopivaan pituuteen, jotta se on pidempi kuin betonilaatan paksuus.<\/li>\n<li>Rakennusinsin\u00f6\u00f6rin on laskettava betonin laatu, riitt\u00e4v\u00e4 vahvistus ja vaatimukset. Aseta laatan vahvistusrakenne ja kaada betoni. Anna betonin kovettua muutama p\u00e4iv\u00e4.<\/li>\n<li>Kuormita asteittain ja s\u00e4\u00e4d\u00e4 nostomekanismia my\u00f6t\u00e4p\u00e4iv\u00e4\u00e4n, sopivalla naaraspuolisella kuusikulmaisella k\u00e4sik\u00e4ytt\u00f6isell\u00e4 avaimella betonisen kelluvan lattian nostamiseksi.<\/li>\n<li>Aseta kansi tarvittaessa.<\/li>\n<\/ul>\n<h4>Maksimi kuormat:<\/h4>\n<p>Vibro-JU.100 &#8211; 100kg<\/p>\n<p>Vibro-Ju.200 &#8211; 200kg<\/p>\n<p>Vibro-Ju.400 &#8211; 400kg<\/p>\n","protected":false},"excerpt":{"rendered":"<p>T\u00e4rin\u00e4nvaimennuskumi Vibro-JU on edistyksellinen t\u00e4rin\u00e4neristysj\u00e4rjestelm\u00e4 korotetuille betonisille kelluville lattioille. Vibro-JU koostuu metallikuoresta, joka sis\u00e4lt\u00e4\u00e4 v\u00e4r\u00e4htelyj\u00e4 est\u00e4v\u00e4\u00e4 Regufoam-polyuretaanielastomeeria, joka on suunniteltu absorboimaan t\u00e4rin\u00e4\u00e4. Se on eritt\u00e4in helppo asentaa, mahdollistaa korkeuden s\u00e4\u00e4t\u00e4misen eik\u00e4 vanerimuotojen k\u00e4ytt\u00f6\u00e4 ole tarpeen. Luo my\u00f6s suotuisan ilmarakon, mik\u00e4 on hy\u00f6dyllist\u00e4 my\u00f6s ilman \u00e4\u00e4nieristykselle ja t\u00e4rin\u00e4nvaimennusominaisuuksille.<\/p>\n<h4>Maksimi kuormat:<\/h4>\n<p>Vibro-JU.100 &#8211; 100kg<\/p>\n<p>Vibro-Ju.200 &#8211; 200kg<\/p>\n<p>Vibro-Ju.400 &#8211; 400kg<\/p>\n<p>&nbsp;<\/p>\n","protected":false},"featured_media":5197,"comment_status":"open","ping_status":"closed","template":"","meta":[],"product_cat":[593],"product_tag":[738,739,735,734,736],"yoast_head":"<!-- This site is optimized with the Yoast SEO Premium plugin v18.9 (Yoast SEO v19.3) - https:\/\/yoast.com\/wordpress\/plugins\/seo\/ -->\n<title>JV Tuonti | Vibro-JU s\u00e4\u00e4dett\u00e4v\u00e4 lattiavaimennin<\/title>\n<meta name=\"description\" content=\"T\u00e4rin\u00e4nvaimennuskumi Vibro-JU on edistyksellinen t\u00e4rin\u00e4neristysj\u00e4rjestelm\u00e4 korotetuille betonisille kelluville lattioille. Vibro-JU koostuu metallikuoresta, joka sis\u00e4lt\u00e4\u00e4 v\u00e4r\u00e4htelyj\u00e4 est\u00e4v\u00e4\u00e4 Regufoam-polyuretaanielastomeeria, joka on suunniteltu absorboimaan t\u00e4rin\u00e4\u00e4. Se on eritt\u00e4in helppo asentaa, mahdollistaa korkeuden s\u00e4\u00e4t\u00e4misen eik\u00e4 vanerimuotojen k\u00e4ytt\u00f6\u00e4 ole tarpeen. Luo my\u00f6s suotuisan ilmarakon, mik\u00e4 on hy\u00f6dyllist\u00e4 my\u00f6s ilman \u00e4\u00e4nieristykselle ja t\u00e4rin\u00e4nvaimennusominaisuuksille. Maksimi kuormat: Vibro-JU.100 - 100kg  Vibro-Ju.200 - 200kg  Vibro-Ju.400 - 400kg  &nbsp;\" \/>\n<meta name=\"robots\" content=\"index, follow, max-snippet:-1, max-image-preview:large, max-video-preview:-1\" \/>\n<link rel=\"canonical\" href=\"https:\/\/hotelli03.domainhotelli.fi\/~lsdoecli\/tuote\/vibro-ju-saadettava-lattiavaimennin\/\" \/>\n<meta property=\"og:locale\" content=\"fi_FI\" \/>\n<meta property=\"og:type\" content=\"article\" \/>\n<meta property=\"og:title\" content=\"Vibro-JU s\u00e4\u00e4dett\u00e4v\u00e4 lattiavaimennin\" \/>\n<meta property=\"og:description\" content=\"T\u00e4rin\u00e4nvaimennuskumi Vibro-JU on edistyksellinen t\u00e4rin\u00e4neristysj\u00e4rjestelm\u00e4 korotetuille betonisille kelluville lattioille. Vibro-JU koostuu metallikuoresta, joka sis\u00e4lt\u00e4\u00e4 v\u00e4r\u00e4htelyj\u00e4 est\u00e4v\u00e4\u00e4 Regufoam-polyuretaanielastomeeria, joka on suunniteltu absorboimaan t\u00e4rin\u00e4\u00e4. Se on eritt\u00e4in helppo asentaa, mahdollistaa korkeuden s\u00e4\u00e4t\u00e4misen eik\u00e4 vanerimuotojen k\u00e4ytt\u00f6\u00e4 ole tarpeen. Luo my\u00f6s suotuisan ilmarakon, mik\u00e4 on hy\u00f6dyllist\u00e4 my\u00f6s ilman \u00e4\u00e4nieristykselle ja t\u00e4rin\u00e4nvaimennusominaisuuksille. Maksimi kuormat: Vibro-JU.100 - 100kg  Vibro-Ju.200 - 200kg  Vibro-Ju.400 - 400kg  &nbsp;\" \/>\n<meta property=\"og:url\" content=\"https:\/\/hotelli03.domainhotelli.fi\/~lsdoecli\/tuote\/vibro-ju-saadettava-lattiavaimennin\/\" \/>\n<meta property=\"og:site_name\" content=\"JV Tuonti\" \/>\n<meta property=\"article:publisher\" content=\"https:\/\/www.facebook.com\/JVTuontiOy\" \/>\n<meta property=\"article:modified_time\" content=\"2022-06-09T10:39:39+00:00\" \/>\n<meta property=\"og:image\" content=\"https:\/\/hotelli03.domainhotelli.fi\/~lsdoecli\/wp-content\/uploads\/2021\/06\/Vibro-JU.jpg\" \/>\n\t<meta property=\"og:image:width\" content=\"600\" \/>\n\t<meta property=\"og:image:height\" content=\"600\" \/>\n\t<meta property=\"og:image:type\" content=\"image\/jpeg\" \/>\n<meta name=\"twitter:card\" content=\"summary_large_image\" \/>\n<meta name=\"twitter:label1\" content=\"Availability\" \/>\n\t<meta name=\"twitter:data1\" content=\"On backorder\" \/>\n<script type=\"application\/ld+json\" class=\"yoast-schema-graph\">{\"@context\":\"https:\/\/schema.org\",\"@graph\":[{\"@type\":[\"Organization\",\"Place\",\"WholesaleStore\"],\"@id\":\"https:\/\/hotelli03.domainhotelli.fi\/~lsdoecli\/#organization\",\"name\":\"JV Tuonti Oy\",\"url\":\"https:\/\/hotelli03.domainhotelli.fi\/~lsdoecli\/\",\"sameAs\":[\"https:\/\/instagram.com\/jvtuontioy?utm_medium=copy_link\",\"https:\/\/www.facebook.com\/JVTuontiOy\"],\"logo\":{\"@id\":\"https:\/\/hotelli03.domainhotelli.fi\/~lsdoecli\/tuote\/vibro-ju-saadettava-lattiavaimennin\/#local-main-organization-logo\"},\"image\":{\"@id\":\"https:\/\/hotelli03.domainhotelli.fi\/~lsdoecli\/tuote\/vibro-ju-saadettava-lattiavaimennin\/#local-main-organization-logo\"},\"address\":{\"@id\":\"https:\/\/hotelli03.domainhotelli.fi\/~lsdoecli\/tuote\/vibro-ju-saadettava-lattiavaimennin\/#local-main-place-address\"},\"geo\":{\"@type\":\"GeoCoordinates\",\"latitude\":\"60.28431\",\"longitude\":\"24.81654\"},\"telephone\":[\"0408369980\"],\"openingHoursSpecification\":[{\"@type\":\"OpeningHoursSpecification\",\"dayOfWeek\":[\"Monday\",\"Tuesday\",\"Wednesday\",\"Thursday\",\"Friday\"],\"opens\":\"08:00\",\"closes\":\"16:00\"},{\"@type\":\"OpeningHoursSpecification\",\"dayOfWeek\":[\"Saturday\",\"Sunday\"],\"opens\":\"00:00\",\"closes\":\"00:00\"}],\"email\":\"myynti@hotelli03.domainhotelli.fi\",\"areaServed\":\"Suomi, Ruotsi\",\"vatID\":\"FI30178387\",\"priceRange\":\"$$\",\"currenciesAccepted\":\"\u20ac\",\"paymentAccepted\":\"Lasku, pankkikortti\"},{\"@type\":\"WebSite\",\"@id\":\"https:\/\/hotelli03.domainhotelli.fi\/~lsdoecli\/#website\",\"url\":\"https:\/\/hotelli03.domainhotelli.fi\/~lsdoecli\/\",\"name\":\"JV Tuonti\",\"description\":\"JV Tuonti Oy:n verkkokauppa\",\"publisher\":{\"@id\":\"https:\/\/hotelli03.domainhotelli.fi\/~lsdoecli\/#organization\"},\"potentialAction\":[{\"@type\":\"SearchAction\",\"target\":{\"@type\":\"EntryPoint\",\"urlTemplate\":\"https:\/\/hotelli03.domainhotelli.fi\/~lsdoecli\/?s={search_term_string}\"},\"query-input\":\"required name=search_term_string\"}],\"inLanguage\":\"fi\"},{\"@type\":\"ImageObject\",\"inLanguage\":\"fi\",\"@id\":\"https:\/\/hotelli03.domainhotelli.fi\/~lsdoecli\/tuote\/vibro-ju-saadettava-lattiavaimennin\/#primaryimage\",\"url\":\"https:\/\/hotelli03.domainhotelli.fi\/~lsdoecli\/wp-content\/uploads\/2021\/06\/Vibro-JU.jpg\",\"contentUrl\":\"https:\/\/hotelli03.domainhotelli.fi\/~lsdoecli\/wp-content\/uploads\/2021\/06\/Vibro-JU.jpg\",\"width\":600,\"height\":600},{\"@type\":\"WebPage\",\"@id\":\"https:\/\/hotelli03.domainhotelli.fi\/~lsdoecli\/tuote\/vibro-ju-saadettava-lattiavaimennin\/\",\"url\":\"https:\/\/hotelli03.domainhotelli.fi\/~lsdoecli\/tuote\/vibro-ju-saadettava-lattiavaimennin\/\",\"name\":\"JV Tuonti | Vibro-JU s\u00e4\u00e4dett\u00e4v\u00e4 lattiavaimennin\",\"isPartOf\":{\"@id\":\"https:\/\/hotelli03.domainhotelli.fi\/~lsdoecli\/#website\"},\"primaryImageOfPage\":{\"@id\":\"https:\/\/hotelli03.domainhotelli.fi\/~lsdoecli\/tuote\/vibro-ju-saadettava-lattiavaimennin\/#primaryimage\"},\"datePublished\":\"2021-06-30T07:09:01+00:00\",\"dateModified\":\"2022-06-09T10:39:39+00:00\",\"description\":\"T\u00e4rin\u00e4nvaimennuskumi Vibro-JU on edistyksellinen t\u00e4rin\u00e4neristysj\u00e4rjestelm\u00e4 korotetuille betonisille kelluville lattioille. Vibro-JU koostuu metallikuoresta, joka sis\u00e4lt\u00e4\u00e4 v\u00e4r\u00e4htelyj\u00e4 est\u00e4v\u00e4\u00e4 Regufoam-polyuretaanielastomeeria, joka on suunniteltu absorboimaan t\u00e4rin\u00e4\u00e4. Se on eritt\u00e4in helppo asentaa, mahdollistaa korkeuden s\u00e4\u00e4t\u00e4misen eik\u00e4 vanerimuotojen k\u00e4ytt\u00f6\u00e4 ole tarpeen. Luo my\u00f6s suotuisan ilmarakon, mik\u00e4 on hy\u00f6dyllist\u00e4 my\u00f6s ilman \u00e4\u00e4nieristykselle ja t\u00e4rin\u00e4nvaimennusominaisuuksille. Maksimi kuormat: Vibro-JU.100 - 100kg Vibro-Ju.200 - 200kg Vibro-Ju.400 - 400kg &nbsp;\",\"breadcrumb\":{\"@id\":\"https:\/\/hotelli03.domainhotelli.fi\/~lsdoecli\/tuote\/vibro-ju-saadettava-lattiavaimennin\/#breadcrumb\"},\"inLanguage\":\"fi\",\"potentialAction\":[{\"@type\":\"ReadAction\",\"target\":[\"https:\/\/hotelli03.domainhotelli.fi\/~lsdoecli\/tuote\/vibro-ju-saadettava-lattiavaimennin\/\"]}]},{\"@type\":\"BreadcrumbList\",\"@id\":\"https:\/\/hotelli03.domainhotelli.fi\/~lsdoecli\/tuote\/vibro-ju-saadettava-lattiavaimennin\/#breadcrumb\",\"itemListElement\":[{\"@type\":\"ListItem\",\"position\":1,\"name\":\"Etusivu\",\"item\":\"https:\/\/hotelli03.domainhotelli.fi\/~lsdoecli\/\"},{\"@type\":\"ListItem\",\"position\":2,\"name\":\"Kauppa\",\"item\":\"https:\/\/hotelli03.domainhotelli.fi\/~lsdoecli\/kauppa\/\"},{\"@type\":\"ListItem\",\"position\":3,\"name\":\"Vibro-JU s\u00e4\u00e4dett\u00e4v\u00e4 lattiavaimennin\"}]},{\"@type\":\"PostalAddress\",\"@id\":\"https:\/\/hotelli03.domainhotelli.fi\/~lsdoecli\/tuote\/vibro-ju-saadettava-lattiavaimennin\/#local-main-place-address\",\"streetAddress\":\"Pyymosantie 5a\",\"addressLocality\":\"Vantaa\",\"postalCode\":\"01720\",\"addressCountry\":\"FI\"},{\"@type\":\"ImageObject\",\"inLanguage\":\"fi\",\"@id\":\"https:\/\/hotelli03.domainhotelli.fi\/~lsdoecli\/tuote\/vibro-ju-saadettava-lattiavaimennin\/#local-main-organization-logo\",\"url\":\"https:\/\/hotelli03.domainhotelli.fi\/~lsdoecli\/wp-content\/uploads\/2021\/08\/JVTuonti_logo_nelio.jpg\",\"contentUrl\":\"https:\/\/hotelli03.domainhotelli.fi\/~lsdoecli\/wp-content\/uploads\/2021\/08\/JVTuonti_logo_nelio.jpg\",\"width\":550,\"height\":550,\"caption\":\"JV Tuonti Oy\"}]}<\/script>\n<meta property=\"og:availability\" content=\"backorder\" \/>\n<meta property=\"product:availability\" content=\"available for order\" \/>\n<meta property=\"product:condition\" content=\"new\" \/>\n<meta name=\"geo.placename\" content=\"Vantaa\" \/>\n<meta name=\"geo.position\" content=\"60.28431;24.81654\" \/>\n<meta name=\"geo.region\" content=\"Suomi\" \/>\n<!-- \/ Yoast SEO Premium plugin. -->","yoast_head_json":{"title":"JV Tuonti | Vibro-JU s\u00e4\u00e4dett\u00e4v\u00e4 lattiavaimennin","description":"T\u00e4rin\u00e4nvaimennuskumi Vibro-JU on edistyksellinen t\u00e4rin\u00e4neristysj\u00e4rjestelm\u00e4 korotetuille betonisille kelluville lattioille. Vibro-JU koostuu metallikuoresta, joka sis\u00e4lt\u00e4\u00e4 v\u00e4r\u00e4htelyj\u00e4 est\u00e4v\u00e4\u00e4 Regufoam-polyuretaanielastomeeria, joka on suunniteltu absorboimaan t\u00e4rin\u00e4\u00e4. Se on eritt\u00e4in helppo asentaa, mahdollistaa korkeuden s\u00e4\u00e4t\u00e4misen eik\u00e4 vanerimuotojen k\u00e4ytt\u00f6\u00e4 ole tarpeen. Luo my\u00f6s suotuisan ilmarakon, mik\u00e4 on hy\u00f6dyllist\u00e4 my\u00f6s ilman \u00e4\u00e4nieristykselle ja t\u00e4rin\u00e4nvaimennusominaisuuksille. Maksimi kuormat: Vibro-JU.100 - 100kg  Vibro-Ju.200 - 200kg  Vibro-Ju.400 - 400kg  &nbsp;","robots":{"index":"index","follow":"follow","max-snippet":"max-snippet:-1","max-image-preview":"max-image-preview:large","max-video-preview":"max-video-preview:-1"},"canonical":"https:\/\/hotelli03.domainhotelli.fi\/~lsdoecli\/tuote\/vibro-ju-saadettava-lattiavaimennin\/","og_locale":"fi_FI","og_type":"article","og_title":"Vibro-JU s\u00e4\u00e4dett\u00e4v\u00e4 lattiavaimennin","og_description":"T\u00e4rin\u00e4nvaimennuskumi Vibro-JU on edistyksellinen t\u00e4rin\u00e4neristysj\u00e4rjestelm\u00e4 korotetuille betonisille kelluville lattioille. Vibro-JU koostuu metallikuoresta, joka sis\u00e4lt\u00e4\u00e4 v\u00e4r\u00e4htelyj\u00e4 est\u00e4v\u00e4\u00e4 Regufoam-polyuretaanielastomeeria, joka on suunniteltu absorboimaan t\u00e4rin\u00e4\u00e4. Se on eritt\u00e4in helppo asentaa, mahdollistaa korkeuden s\u00e4\u00e4t\u00e4misen eik\u00e4 vanerimuotojen k\u00e4ytt\u00f6\u00e4 ole tarpeen. Luo my\u00f6s suotuisan ilmarakon, mik\u00e4 on hy\u00f6dyllist\u00e4 my\u00f6s ilman \u00e4\u00e4nieristykselle ja t\u00e4rin\u00e4nvaimennusominaisuuksille. Maksimi kuormat: Vibro-JU.100 - 100kg  Vibro-Ju.200 - 200kg  Vibro-Ju.400 - 400kg  &nbsp;","og_url":"https:\/\/hotelli03.domainhotelli.fi\/~lsdoecli\/tuote\/vibro-ju-saadettava-lattiavaimennin\/","og_site_name":"JV Tuonti","article_publisher":"https:\/\/www.facebook.com\/JVTuontiOy","article_modified_time":"2022-06-09T10:39:39+00:00","og_image":[{"width":600,"height":600,"url":"https:\/\/hotelli03.domainhotelli.fi\/~lsdoecli\/wp-content\/uploads\/2021\/06\/Vibro-JU.jpg","type":"image\/jpeg"}],"twitter_card":"summary_large_image","twitter_misc":{"Availability":"On backorder"},"schema":{"@context":"https:\/\/schema.org","@graph":[{"@type":["Organization","Place","WholesaleStore"],"@id":"https:\/\/hotelli03.domainhotelli.fi\/~lsdoecli\/#organization","name":"JV Tuonti Oy","url":"https:\/\/hotelli03.domainhotelli.fi\/~lsdoecli\/","sameAs":["https:\/\/instagram.com\/jvtuontioy?utm_medium=copy_link","https:\/\/www.facebook.com\/JVTuontiOy"],"logo":{"@id":"https:\/\/hotelli03.domainhotelli.fi\/~lsdoecli\/tuote\/vibro-ju-saadettava-lattiavaimennin\/#local-main-organization-logo"},"image":{"@id":"https:\/\/hotelli03.domainhotelli.fi\/~lsdoecli\/tuote\/vibro-ju-saadettava-lattiavaimennin\/#local-main-organization-logo"},"address":{"@id":"https:\/\/hotelli03.domainhotelli.fi\/~lsdoecli\/tuote\/vibro-ju-saadettava-lattiavaimennin\/#local-main-place-address"},"geo":{"@type":"GeoCoordinates","latitude":"60.28431","longitude":"24.81654"},"telephone":["0408369980"],"openingHoursSpecification":[{"@type":"OpeningHoursSpecification","dayOfWeek":["Monday","Tuesday","Wednesday","Thursday","Friday"],"opens":"08:00","closes":"16:00"},{"@type":"OpeningHoursSpecification","dayOfWeek":["Saturday","Sunday"],"opens":"00:00","closes":"00:00"}],"email":"myynti@hotelli03.domainhotelli.fi","areaServed":"Suomi, Ruotsi","vatID":"FI30178387","priceRange":"$$","currenciesAccepted":"\u20ac","paymentAccepted":"Lasku, pankkikortti"},{"@type":"WebSite","@id":"https:\/\/hotelli03.domainhotelli.fi\/~lsdoecli\/#website","url":"https:\/\/hotelli03.domainhotelli.fi\/~lsdoecli\/","name":"JV Tuonti","description":"JV Tuonti Oy:n verkkokauppa","publisher":{"@id":"https:\/\/hotelli03.domainhotelli.fi\/~lsdoecli\/#organization"},"potentialAction":[{"@type":"SearchAction","target":{"@type":"EntryPoint","urlTemplate":"https:\/\/hotelli03.domainhotelli.fi\/~lsdoecli\/?s={search_term_string}"},"query-input":"required name=search_term_string"}],"inLanguage":"fi"},{"@type":"ImageObject","inLanguage":"fi","@id":"https:\/\/hotelli03.domainhotelli.fi\/~lsdoecli\/tuote\/vibro-ju-saadettava-lattiavaimennin\/#primaryimage","url":"https:\/\/hotelli03.domainhotelli.fi\/~lsdoecli\/wp-content\/uploads\/2021\/06\/Vibro-JU.jpg","contentUrl":"https:\/\/hotelli03.domainhotelli.fi\/~lsdoecli\/wp-content\/uploads\/2021\/06\/Vibro-JU.jpg","width":600,"height":600},{"@type":"WebPage","@id":"https:\/\/hotelli03.domainhotelli.fi\/~lsdoecli\/tuote\/vibro-ju-saadettava-lattiavaimennin\/","url":"https:\/\/hotelli03.domainhotelli.fi\/~lsdoecli\/tuote\/vibro-ju-saadettava-lattiavaimennin\/","name":"JV Tuonti | Vibro-JU s\u00e4\u00e4dett\u00e4v\u00e4 lattiavaimennin","isPartOf":{"@id":"https:\/\/hotelli03.domainhotelli.fi\/~lsdoecli\/#website"},"primaryImageOfPage":{"@id":"https:\/\/hotelli03.domainhotelli.fi\/~lsdoecli\/tuote\/vibro-ju-saadettava-lattiavaimennin\/#primaryimage"},"datePublished":"2021-06-30T07:09:01+00:00","dateModified":"2022-06-09T10:39:39+00:00","description":"T\u00e4rin\u00e4nvaimennuskumi Vibro-JU on edistyksellinen t\u00e4rin\u00e4neristysj\u00e4rjestelm\u00e4 korotetuille betonisille kelluville lattioille. Vibro-JU koostuu metallikuoresta, joka sis\u00e4lt\u00e4\u00e4 v\u00e4r\u00e4htelyj\u00e4 est\u00e4v\u00e4\u00e4 Regufoam-polyuretaanielastomeeria, joka on suunniteltu absorboimaan t\u00e4rin\u00e4\u00e4. Se on eritt\u00e4in helppo asentaa, mahdollistaa korkeuden s\u00e4\u00e4t\u00e4misen eik\u00e4 vanerimuotojen k\u00e4ytt\u00f6\u00e4 ole tarpeen. Luo my\u00f6s suotuisan ilmarakon, mik\u00e4 on hy\u00f6dyllist\u00e4 my\u00f6s ilman \u00e4\u00e4nieristykselle ja t\u00e4rin\u00e4nvaimennusominaisuuksille. Maksimi kuormat: Vibro-JU.100 - 100kg Vibro-Ju.200 - 200kg Vibro-Ju.400 - 400kg &nbsp;","breadcrumb":{"@id":"https:\/\/hotelli03.domainhotelli.fi\/~lsdoecli\/tuote\/vibro-ju-saadettava-lattiavaimennin\/#breadcrumb"},"inLanguage":"fi","potentialAction":[{"@type":"ReadAction","target":["https:\/\/hotelli03.domainhotelli.fi\/~lsdoecli\/tuote\/vibro-ju-saadettava-lattiavaimennin\/"]}]},{"@type":"BreadcrumbList","@id":"https:\/\/hotelli03.domainhotelli.fi\/~lsdoecli\/tuote\/vibro-ju-saadettava-lattiavaimennin\/#breadcrumb","itemListElement":[{"@type":"ListItem","position":1,"name":"Etusivu","item":"https:\/\/hotelli03.domainhotelli.fi\/~lsdoecli\/"},{"@type":"ListItem","position":2,"name":"Kauppa","item":"https:\/\/hotelli03.domainhotelli.fi\/~lsdoecli\/kauppa\/"},{"@type":"ListItem","position":3,"name":"Vibro-JU s\u00e4\u00e4dett\u00e4v\u00e4 lattiavaimennin"}]},{"@type":"PostalAddress","@id":"https:\/\/hotelli03.domainhotelli.fi\/~lsdoecli\/tuote\/vibro-ju-saadettava-lattiavaimennin\/#local-main-place-address","streetAddress":"Pyymosantie 5a","addressLocality":"Vantaa","postalCode":"01720","addressCountry":"FI"},{"@type":"ImageObject","inLanguage":"fi","@id":"https:\/\/hotelli03.domainhotelli.fi\/~lsdoecli\/tuote\/vibro-ju-saadettava-lattiavaimennin\/#local-main-organization-logo","url":"https:\/\/hotelli03.domainhotelli.fi\/~lsdoecli\/wp-content\/uploads\/2021\/08\/JVTuonti_logo_nelio.jpg","contentUrl":"https:\/\/hotelli03.domainhotelli.fi\/~lsdoecli\/wp-content\/uploads\/2021\/08\/JVTuonti_logo_nelio.jpg","width":550,"height":550,"caption":"JV Tuonti Oy"}]},"og_availability":"backorder","product_availability":"available for order","product_condition":"new","geo.placename":"Vantaa","geo.position":{"lat":"60.28431","long":"24.81654"},"geo.region":"Suomi"},"_links":{"self":[{"href":"https:\/\/hotelli03.domainhotelli.fi\/~lsdoecli\/wp-json\/wp\/v2\/product\/5196"}],"collection":[{"href":"https:\/\/hotelli03.domainhotelli.fi\/~lsdoecli\/wp-json\/wp\/v2\/product"}],"about":[{"href":"https:\/\/hotelli03.domainhotelli.fi\/~lsdoecli\/wp-json\/wp\/v2\/types\/product"}],"replies":[{"embeddable":true,"href":"https:\/\/hotelli03.domainhotelli.fi\/~lsdoecli\/wp-json\/wp\/v2\/comments?post=5196"}],"wp:featuredmedia":[{"embeddable":true,"href":"https:\/\/hotelli03.domainhotelli.fi\/~lsdoecli\/wp-json\/wp\/v2\/media\/5197"}],"wp:attachment":[{"href":"https:\/\/hotelli03.domainhotelli.fi\/~lsdoecli\/wp-json\/wp\/v2\/media?parent=5196"}],"wp:term":[{"taxonomy":"product_cat","embeddable":true,"href":"https:\/\/hotelli03.domainhotelli.fi\/~lsdoecli\/wp-json\/wp\/v2\/product_cat?post=5196"},{"taxonomy":"product_tag","embeddable":true,"href":"https:\/\/hotelli03.domainhotelli.fi\/~lsdoecli\/wp-json\/wp\/v2\/product_tag?post=5196"}],"curies":[{"name":"wp","href":"https:\/\/api.w.org\/{rel}","templated":true}]}}