{"id":5156,"date":"2021-06-29T11:36:03","date_gmt":"2021-06-29T11:36:03","guid":{"rendered":"https:\/\/hotelli03.domainhotelli.fi\/~lsdoecli\/?post_type=product&#038;p=5156"},"modified":"2022-06-09T10:36:49","modified_gmt":"2022-06-09T10:36:49","slug":"vibro-js-lattiavaimentimet-kelluville-lattioille","status":"publish","type":"product","link":"https:\/\/hotelli03.domainhotelli.fi\/~lsdoecli\/tuote\/vibro-js-lattiavaimentimet-kelluville-lattioille\/","title":{"rendered":"Vibro JS lattiavaimentimet kelluville lattioille"},"content":{"rendered":"<h3>Vibro JS lattiavaimentimet kelluville lattioille.<\/h3>\n<h4>KUVAUS<\/h4>\n<p>Vibro-JS on jousellinen lattiavaimennin, edistyksellinen t\u00e4rin\u00e4nvaimennusj\u00e4rjestelm\u00e4 kelluville betoni lattioille.<br \/>\nVibro-JS koostuu metallikuoresta. Kuoren sis\u00e4\u00e4n on sijoitettu jousi t\u00e4rin\u00e4n absorboimiseksi. Valettu betoni ei koske tukilattiaa, joten \u00e4\u00e4nisilta kelluvan lattian ja tukilattian v\u00e4lill\u00e4 v\u00e4ltet\u00e4\u00e4n.<\/p>\n<p>Miksi k\u00e4ytt\u00e4\u00e4 Vibro-JS Jack-up Spring Mountia?<\/p>\n<ol>\n<li>Se on eritt\u00e4in helppo asentaa<\/li>\n<li>Mahdollistaa korkeuden s\u00e4\u00e4t\u00e4misen<\/li>\n<li>Auttaa v\u00e4ltt\u00e4m\u00e4\u00e4n vanerimuotojen k\u00e4ytt\u00f6\u00e4<\/li>\n<li>Luo ilmaraon, mik\u00e4 on hy\u00f6dyllist\u00e4 \u00e4\u00e4nieristykselle ja t\u00e4rin\u00e4nhallinnalle.<\/li>\n<\/ol>\n<h4>ASENNUS<\/h4>\n<p>Erist\u00e4 kelluva lattia rakennusrakenteesta sopivalla t\u00e4rin\u00e4nestolevyll\u00e4,\u00a0kelluvan lattian ja sein\u00e4n v\u00e4liss\u00e4. (esim. Vibro-Strip).<\/p>\n<ul>\n<li>Aseta Vibro-JS lattiavaimennin ja sen peitelevy paikalleen.<\/li>\n<li>Aseta laatan vahvistus ja kaada betoni. Rakennusinsin\u00f6\u00f6ri suorittaa laskelmat betonin laadusta, riitt\u00e4v\u00e4st\u00e4 raudoituksesta ja muista vaatimuksista).<\/li>\n<li>Aseta Vibro-JS: n sis\u00e4inen t\u00e4rin\u00e4nvaimennusj\u00e4rjestelm\u00e4.<\/li>\n<li>Kierr\u00e4 asteittain ja tasaisesti kohotusmekanismin mutteria ja\u00a0nosta &#8211; s\u00e4\u00e4d\u00e4 betonilaatta sopivalla korkeudella.<\/li>\n<li>Aseta peitelevy.<\/li>\n<\/ul>\n<p><a href=\"https:\/\/hotelli03.domainhotelli.fi\/~lsdoecli\/wp-content\/uploads\/2021\/06\/JS-4-applications.jpg\"><img loading=\"lazy\" class=\"alignnone size-medium wp-image-5175\" src=\"https:\/\/hotelli03.domainhotelli.fi\/~lsdoecli\/wp-content\/uploads\/2021\/06\/JS-4-applications-300x233.jpg\" alt=\"\" width=\"300\" height=\"233\" \/><\/a><\/p>\n<h4>DYNAAMISET OMINAISUUDET<\/h4>\n<p>Taipuma: 25 mm (maksimikuormalla).<\/p>\n<p>Luonnollinen taajuus: 3 Hz (maksimikuormalla).<\/p>\n<p>Vibro-JS 300 maksimi kuorma 300kg.<\/p>\n<p>Vibro-JS 500 maksimi kuorma 500kg.<\/p>\n","protected":false},"excerpt":{"rendered":"<p>Vibro-JS on jousellinen lattiavaimennin, edistyksellinen t\u00e4rin\u00e4nvaimennusj\u00e4rjestelm\u00e4 kelluville betoni lattioille.<\/p>\n<p>Ihanteellinen kelluvaan lattiaan studioissa ja eritt\u00e4in herkiss\u00e4 mekaanisissa sovelluksissa.<\/p>\n<p>&nbsp;<\/p>\n<p><a href=\"https:\/\/hotelli03.domainhotelli.fi\/~lsdoecli\/wp-content\/uploads\/2021\/06\/Vibro-JS-Selection-Table.jpg\"><img loading=\"lazy\" class=\"alignnone size-medium wp-image-5183\" src=\"https:\/\/hotelli03.domainhotelli.fi\/~lsdoecli\/wp-content\/uploads\/2021\/06\/Vibro-JS-Selection-Table-300x47.jpg\" alt=\"\" width=\"300\" height=\"47\" \/><\/a><\/p>\n","protected":false},"featured_media":5177,"comment_status":"open","ping_status":"closed","template":"","meta":[],"product_cat":[593],"product_tag":[739,735,734,736,737],"yoast_head":"<!-- This site is optimized with the Yoast SEO Premium plugin v18.9 (Yoast SEO v19.3) - https:\/\/yoast.com\/wordpress\/plugins\/seo\/ -->\n<title>JV Tuonti | Vibro JS lattiavaimentimet kelluville lattioille<\/title>\n<meta name=\"description\" content=\"Vibro-JS on jousellinen lattiavaimennin, edistyksellinen t\u00e4rin\u00e4nvaimennusj\u00e4rjestelm\u00e4 kelluville betoni lattioille.  Ihanteellinen kelluvaan lattiaan studioissa ja eritt\u00e4in herkiss\u00e4 mekaanisissa sovelluksissa.  &nbsp;\" \/>\n<meta name=\"robots\" content=\"index, follow, max-snippet:-1, max-image-preview:large, max-video-preview:-1\" \/>\n<link rel=\"canonical\" href=\"https:\/\/hotelli03.domainhotelli.fi\/~lsdoecli\/tuote\/vibro-js-lattiavaimentimet-kelluville-lattioille\/\" \/>\n<meta property=\"og:locale\" content=\"fi_FI\" \/>\n<meta property=\"og:type\" content=\"article\" \/>\n<meta property=\"og:title\" content=\"Vibro JS lattiavaimentimet kelluville lattioille\" \/>\n<meta property=\"og:description\" content=\"Vibro-JS on jousellinen lattiavaimennin, edistyksellinen t\u00e4rin\u00e4nvaimennusj\u00e4rjestelm\u00e4 kelluville betoni lattioille.  Ihanteellinen kelluvaan lattiaan studioissa ja eritt\u00e4in herkiss\u00e4 mekaanisissa sovelluksissa.  &nbsp;\" \/>\n<meta property=\"og:url\" content=\"https:\/\/hotelli03.domainhotelli.fi\/~lsdoecli\/tuote\/vibro-js-lattiavaimentimet-kelluville-lattioille\/\" \/>\n<meta property=\"og:site_name\" content=\"JV Tuonti\" \/>\n<meta property=\"article:publisher\" content=\"https:\/\/www.facebook.com\/JVTuontiOy\" \/>\n<meta property=\"article:modified_time\" content=\"2022-06-09T10:36:49+00:00\" \/>\n<meta property=\"og:image\" content=\"https:\/\/hotelli03.domainhotelli.fi\/~lsdoecli\/wp-content\/uploads\/2021\/06\/Vibro-JS.jpg\" \/>\n\t<meta property=\"og:image:width\" content=\"280\" \/>\n\t<meta property=\"og:image:height\" content=\"210\" \/>\n\t<meta property=\"og:image:type\" content=\"image\/jpeg\" \/>\n<meta name=\"twitter:card\" content=\"summary_large_image\" \/>\n<meta name=\"twitter:label1\" content=\"Availability\" \/>\n\t<meta name=\"twitter:data1\" content=\"On backorder\" \/>\n<script type=\"application\/ld+json\" class=\"yoast-schema-graph\">{\"@context\":\"https:\/\/schema.org\",\"@graph\":[{\"@type\":[\"Organization\",\"Place\",\"WholesaleStore\"],\"@id\":\"https:\/\/hotelli03.domainhotelli.fi\/~lsdoecli\/#organization\",\"name\":\"JV Tuonti Oy\",\"url\":\"https:\/\/hotelli03.domainhotelli.fi\/~lsdoecli\/\",\"sameAs\":[\"https:\/\/instagram.com\/jvtuontioy?utm_medium=copy_link\",\"https:\/\/www.facebook.com\/JVTuontiOy\"],\"logo\":{\"@id\":\"https:\/\/hotelli03.domainhotelli.fi\/~lsdoecli\/tuote\/vibro-js-lattiavaimentimet-kelluville-lattioille\/#local-main-organization-logo\"},\"image\":{\"@id\":\"https:\/\/hotelli03.domainhotelli.fi\/~lsdoecli\/tuote\/vibro-js-lattiavaimentimet-kelluville-lattioille\/#local-main-organization-logo\"},\"address\":{\"@id\":\"https:\/\/hotelli03.domainhotelli.fi\/~lsdoecli\/tuote\/vibro-js-lattiavaimentimet-kelluville-lattioille\/#local-main-place-address\"},\"geo\":{\"@type\":\"GeoCoordinates\",\"latitude\":\"60.28431\",\"longitude\":\"24.81654\"},\"telephone\":[\"0408369980\"],\"openingHoursSpecification\":[{\"@type\":\"OpeningHoursSpecification\",\"dayOfWeek\":[\"Monday\",\"Tuesday\",\"Wednesday\",\"Thursday\",\"Friday\"],\"opens\":\"08:00\",\"closes\":\"16:00\"},{\"@type\":\"OpeningHoursSpecification\",\"dayOfWeek\":[\"Saturday\",\"Sunday\"],\"opens\":\"00:00\",\"closes\":\"00:00\"}],\"email\":\"myynti@hotelli03.domainhotelli.fi\",\"areaServed\":\"Suomi, Ruotsi\",\"vatID\":\"FI30178387\",\"priceRange\":\"$$\",\"currenciesAccepted\":\"\u20ac\",\"paymentAccepted\":\"Lasku, pankkikortti\"},{\"@type\":\"WebSite\",\"@id\":\"https:\/\/hotelli03.domainhotelli.fi\/~lsdoecli\/#website\",\"url\":\"https:\/\/hotelli03.domainhotelli.fi\/~lsdoecli\/\",\"name\":\"JV Tuonti\",\"description\":\"JV Tuonti Oy:n verkkokauppa\",\"publisher\":{\"@id\":\"https:\/\/hotelli03.domainhotelli.fi\/~lsdoecli\/#organization\"},\"potentialAction\":[{\"@type\":\"SearchAction\",\"target\":{\"@type\":\"EntryPoint\",\"urlTemplate\":\"https:\/\/hotelli03.domainhotelli.fi\/~lsdoecli\/?s={search_term_string}\"},\"query-input\":\"required name=search_term_string\"}],\"inLanguage\":\"fi\"},{\"@type\":\"ImageObject\",\"inLanguage\":\"fi\",\"@id\":\"https:\/\/hotelli03.domainhotelli.fi\/~lsdoecli\/tuote\/vibro-js-lattiavaimentimet-kelluville-lattioille\/#primaryimage\",\"url\":\"https:\/\/hotelli03.domainhotelli.fi\/~lsdoecli\/wp-content\/uploads\/2021\/06\/Vibro-JS.jpg\",\"contentUrl\":\"https:\/\/hotelli03.domainhotelli.fi\/~lsdoecli\/wp-content\/uploads\/2021\/06\/Vibro-JS.jpg\",\"width\":280,\"height\":210},{\"@type\":\"WebPage\",\"@id\":\"https:\/\/hotelli03.domainhotelli.fi\/~lsdoecli\/tuote\/vibro-js-lattiavaimentimet-kelluville-lattioille\/\",\"url\":\"https:\/\/hotelli03.domainhotelli.fi\/~lsdoecli\/tuote\/vibro-js-lattiavaimentimet-kelluville-lattioille\/\",\"name\":\"JV Tuonti | Vibro JS lattiavaimentimet kelluville lattioille\",\"isPartOf\":{\"@id\":\"https:\/\/hotelli03.domainhotelli.fi\/~lsdoecli\/#website\"},\"primaryImageOfPage\":{\"@id\":\"https:\/\/hotelli03.domainhotelli.fi\/~lsdoecli\/tuote\/vibro-js-lattiavaimentimet-kelluville-lattioille\/#primaryimage\"},\"datePublished\":\"2021-06-29T11:36:03+00:00\",\"dateModified\":\"2022-06-09T10:36:49+00:00\",\"description\":\"Vibro-JS on jousellinen lattiavaimennin, edistyksellinen t\u00e4rin\u00e4nvaimennusj\u00e4rjestelm\u00e4 kelluville betoni lattioille. Ihanteellinen kelluvaan lattiaan studioissa ja eritt\u00e4in herkiss\u00e4 mekaanisissa sovelluksissa. &nbsp;\",\"breadcrumb\":{\"@id\":\"https:\/\/hotelli03.domainhotelli.fi\/~lsdoecli\/tuote\/vibro-js-lattiavaimentimet-kelluville-lattioille\/#breadcrumb\"},\"inLanguage\":\"fi\",\"potentialAction\":[{\"@type\":\"ReadAction\",\"target\":[\"https:\/\/hotelli03.domainhotelli.fi\/~lsdoecli\/tuote\/vibro-js-lattiavaimentimet-kelluville-lattioille\/\"]}]},{\"@type\":\"BreadcrumbList\",\"@id\":\"https:\/\/hotelli03.domainhotelli.fi\/~lsdoecli\/tuote\/vibro-js-lattiavaimentimet-kelluville-lattioille\/#breadcrumb\",\"itemListElement\":[{\"@type\":\"ListItem\",\"position\":1,\"name\":\"Etusivu\",\"item\":\"https:\/\/hotelli03.domainhotelli.fi\/~lsdoecli\/\"},{\"@type\":\"ListItem\",\"position\":2,\"name\":\"Kauppa\",\"item\":\"https:\/\/hotelli03.domainhotelli.fi\/~lsdoecli\/kauppa\/\"},{\"@type\":\"ListItem\",\"position\":3,\"name\":\"Vibro JS lattiavaimentimet kelluville lattioille\"}]},{\"@type\":\"PostalAddress\",\"@id\":\"https:\/\/hotelli03.domainhotelli.fi\/~lsdoecli\/tuote\/vibro-js-lattiavaimentimet-kelluville-lattioille\/#local-main-place-address\",\"streetAddress\":\"Pyymosantie 5a\",\"addressLocality\":\"Vantaa\",\"postalCode\":\"01720\",\"addressCountry\":\"FI\"},{\"@type\":\"ImageObject\",\"inLanguage\":\"fi\",\"@id\":\"https:\/\/hotelli03.domainhotelli.fi\/~lsdoecli\/tuote\/vibro-js-lattiavaimentimet-kelluville-lattioille\/#local-main-organization-logo\",\"url\":\"https:\/\/hotelli03.domainhotelli.fi\/~lsdoecli\/wp-content\/uploads\/2021\/08\/JVTuonti_logo_nelio.jpg\",\"contentUrl\":\"https:\/\/hotelli03.domainhotelli.fi\/~lsdoecli\/wp-content\/uploads\/2021\/08\/JVTuonti_logo_nelio.jpg\",\"width\":550,\"height\":550,\"caption\":\"JV Tuonti Oy\"}]}<\/script>\n<meta property=\"og:availability\" content=\"backorder\" \/>\n<meta property=\"product:availability\" content=\"available for order\" \/>\n<meta property=\"product:condition\" content=\"new\" \/>\n<meta name=\"geo.placename\" content=\"Vantaa\" \/>\n<meta name=\"geo.position\" content=\"60.28431;24.81654\" \/>\n<meta name=\"geo.region\" content=\"Suomi\" \/>\n<!-- \/ Yoast SEO Premium plugin. -->","yoast_head_json":{"title":"JV Tuonti | Vibro JS lattiavaimentimet kelluville lattioille","description":"Vibro-JS on jousellinen lattiavaimennin, edistyksellinen t\u00e4rin\u00e4nvaimennusj\u00e4rjestelm\u00e4 kelluville betoni lattioille.  Ihanteellinen kelluvaan lattiaan studioissa ja eritt\u00e4in herkiss\u00e4 mekaanisissa sovelluksissa.  &nbsp;","robots":{"index":"index","follow":"follow","max-snippet":"max-snippet:-1","max-image-preview":"max-image-preview:large","max-video-preview":"max-video-preview:-1"},"canonical":"https:\/\/hotelli03.domainhotelli.fi\/~lsdoecli\/tuote\/vibro-js-lattiavaimentimet-kelluville-lattioille\/","og_locale":"fi_FI","og_type":"article","og_title":"Vibro JS lattiavaimentimet kelluville lattioille","og_description":"Vibro-JS on jousellinen lattiavaimennin, edistyksellinen t\u00e4rin\u00e4nvaimennusj\u00e4rjestelm\u00e4 kelluville betoni lattioille.  Ihanteellinen kelluvaan lattiaan studioissa ja eritt\u00e4in herkiss\u00e4 mekaanisissa sovelluksissa.  &nbsp;","og_url":"https:\/\/hotelli03.domainhotelli.fi\/~lsdoecli\/tuote\/vibro-js-lattiavaimentimet-kelluville-lattioille\/","og_site_name":"JV Tuonti","article_publisher":"https:\/\/www.facebook.com\/JVTuontiOy","article_modified_time":"2022-06-09T10:36:49+00:00","og_image":[{"width":280,"height":210,"url":"https:\/\/hotelli03.domainhotelli.fi\/~lsdoecli\/wp-content\/uploads\/2021\/06\/Vibro-JS.jpg","type":"image\/jpeg"}],"twitter_card":"summary_large_image","twitter_misc":{"Availability":"On backorder"},"schema":{"@context":"https:\/\/schema.org","@graph":[{"@type":["Organization","Place","WholesaleStore"],"@id":"https:\/\/hotelli03.domainhotelli.fi\/~lsdoecli\/#organization","name":"JV Tuonti Oy","url":"https:\/\/hotelli03.domainhotelli.fi\/~lsdoecli\/","sameAs":["https:\/\/instagram.com\/jvtuontioy?utm_medium=copy_link","https:\/\/www.facebook.com\/JVTuontiOy"],"logo":{"@id":"https:\/\/hotelli03.domainhotelli.fi\/~lsdoecli\/tuote\/vibro-js-lattiavaimentimet-kelluville-lattioille\/#local-main-organization-logo"},"image":{"@id":"https:\/\/hotelli03.domainhotelli.fi\/~lsdoecli\/tuote\/vibro-js-lattiavaimentimet-kelluville-lattioille\/#local-main-organization-logo"},"address":{"@id":"https:\/\/hotelli03.domainhotelli.fi\/~lsdoecli\/tuote\/vibro-js-lattiavaimentimet-kelluville-lattioille\/#local-main-place-address"},"geo":{"@type":"GeoCoordinates","latitude":"60.28431","longitude":"24.81654"},"telephone":["0408369980"],"openingHoursSpecification":[{"@type":"OpeningHoursSpecification","dayOfWeek":["Monday","Tuesday","Wednesday","Thursday","Friday"],"opens":"08:00","closes":"16:00"},{"@type":"OpeningHoursSpecification","dayOfWeek":["Saturday","Sunday"],"opens":"00:00","closes":"00:00"}],"email":"myynti@hotelli03.domainhotelli.fi","areaServed":"Suomi, Ruotsi","vatID":"FI30178387","priceRange":"$$","currenciesAccepted":"\u20ac","paymentAccepted":"Lasku, pankkikortti"},{"@type":"WebSite","@id":"https:\/\/hotelli03.domainhotelli.fi\/~lsdoecli\/#website","url":"https:\/\/hotelli03.domainhotelli.fi\/~lsdoecli\/","name":"JV Tuonti","description":"JV Tuonti Oy:n verkkokauppa","publisher":{"@id":"https:\/\/hotelli03.domainhotelli.fi\/~lsdoecli\/#organization"},"potentialAction":[{"@type":"SearchAction","target":{"@type":"EntryPoint","urlTemplate":"https:\/\/hotelli03.domainhotelli.fi\/~lsdoecli\/?s={search_term_string}"},"query-input":"required name=search_term_string"}],"inLanguage":"fi"},{"@type":"ImageObject","inLanguage":"fi","@id":"https:\/\/hotelli03.domainhotelli.fi\/~lsdoecli\/tuote\/vibro-js-lattiavaimentimet-kelluville-lattioille\/#primaryimage","url":"https:\/\/hotelli03.domainhotelli.fi\/~lsdoecli\/wp-content\/uploads\/2021\/06\/Vibro-JS.jpg","contentUrl":"https:\/\/hotelli03.domainhotelli.fi\/~lsdoecli\/wp-content\/uploads\/2021\/06\/Vibro-JS.jpg","width":280,"height":210},{"@type":"WebPage","@id":"https:\/\/hotelli03.domainhotelli.fi\/~lsdoecli\/tuote\/vibro-js-lattiavaimentimet-kelluville-lattioille\/","url":"https:\/\/hotelli03.domainhotelli.fi\/~lsdoecli\/tuote\/vibro-js-lattiavaimentimet-kelluville-lattioille\/","name":"JV Tuonti | Vibro JS lattiavaimentimet kelluville lattioille","isPartOf":{"@id":"https:\/\/hotelli03.domainhotelli.fi\/~lsdoecli\/#website"},"primaryImageOfPage":{"@id":"https:\/\/hotelli03.domainhotelli.fi\/~lsdoecli\/tuote\/vibro-js-lattiavaimentimet-kelluville-lattioille\/#primaryimage"},"datePublished":"2021-06-29T11:36:03+00:00","dateModified":"2022-06-09T10:36:49+00:00","description":"Vibro-JS on jousellinen lattiavaimennin, edistyksellinen t\u00e4rin\u00e4nvaimennusj\u00e4rjestelm\u00e4 kelluville betoni lattioille. Ihanteellinen kelluvaan lattiaan studioissa ja eritt\u00e4in herkiss\u00e4 mekaanisissa sovelluksissa. &nbsp;","breadcrumb":{"@id":"https:\/\/hotelli03.domainhotelli.fi\/~lsdoecli\/tuote\/vibro-js-lattiavaimentimet-kelluville-lattioille\/#breadcrumb"},"inLanguage":"fi","potentialAction":[{"@type":"ReadAction","target":["https:\/\/hotelli03.domainhotelli.fi\/~lsdoecli\/tuote\/vibro-js-lattiavaimentimet-kelluville-lattioille\/"]}]},{"@type":"BreadcrumbList","@id":"https:\/\/hotelli03.domainhotelli.fi\/~lsdoecli\/tuote\/vibro-js-lattiavaimentimet-kelluville-lattioille\/#breadcrumb","itemListElement":[{"@type":"ListItem","position":1,"name":"Etusivu","item":"https:\/\/hotelli03.domainhotelli.fi\/~lsdoecli\/"},{"@type":"ListItem","position":2,"name":"Kauppa","item":"https:\/\/hotelli03.domainhotelli.fi\/~lsdoecli\/kauppa\/"},{"@type":"ListItem","position":3,"name":"Vibro JS lattiavaimentimet kelluville lattioille"}]},{"@type":"PostalAddress","@id":"https:\/\/hotelli03.domainhotelli.fi\/~lsdoecli\/tuote\/vibro-js-lattiavaimentimet-kelluville-lattioille\/#local-main-place-address","streetAddress":"Pyymosantie 5a","addressLocality":"Vantaa","postalCode":"01720","addressCountry":"FI"},{"@type":"ImageObject","inLanguage":"fi","@id":"https:\/\/hotelli03.domainhotelli.fi\/~lsdoecli\/tuote\/vibro-js-lattiavaimentimet-kelluville-lattioille\/#local-main-organization-logo","url":"https:\/\/hotelli03.domainhotelli.fi\/~lsdoecli\/wp-content\/uploads\/2021\/08\/JVTuonti_logo_nelio.jpg","contentUrl":"https:\/\/hotelli03.domainhotelli.fi\/~lsdoecli\/wp-content\/uploads\/2021\/08\/JVTuonti_logo_nelio.jpg","width":550,"height":550,"caption":"JV Tuonti Oy"}]},"og_availability":"backorder","product_availability":"available for order","product_condition":"new","geo.placename":"Vantaa","geo.position":{"lat":"60.28431","long":"24.81654"},"geo.region":"Suomi"},"_links":{"self":[{"href":"https:\/\/hotelli03.domainhotelli.fi\/~lsdoecli\/wp-json\/wp\/v2\/product\/5156"}],"collection":[{"href":"https:\/\/hotelli03.domainhotelli.fi\/~lsdoecli\/wp-json\/wp\/v2\/product"}],"about":[{"href":"https:\/\/hotelli03.domainhotelli.fi\/~lsdoecli\/wp-json\/wp\/v2\/types\/product"}],"replies":[{"embeddable":true,"href":"https:\/\/hotelli03.domainhotelli.fi\/~lsdoecli\/wp-json\/wp\/v2\/comments?post=5156"}],"wp:featuredmedia":[{"embeddable":true,"href":"https:\/\/hotelli03.domainhotelli.fi\/~lsdoecli\/wp-json\/wp\/v2\/media\/5177"}],"wp:attachment":[{"href":"https:\/\/hotelli03.domainhotelli.fi\/~lsdoecli\/wp-json\/wp\/v2\/media?parent=5156"}],"wp:term":[{"taxonomy":"product_cat","embeddable":true,"href":"https:\/\/hotelli03.domainhotelli.fi\/~lsdoecli\/wp-json\/wp\/v2\/product_cat?post=5156"},{"taxonomy":"product_tag","embeddable":true,"href":"https:\/\/hotelli03.domainhotelli.fi\/~lsdoecli\/wp-json\/wp\/v2\/product_tag?post=5156"}],"curies":[{"name":"wp","href":"https:\/\/api.w.org\/{rel}","templated":true}]}}