{"id":5131,"date":"2021-06-29T09:17:33","date_gmt":"2021-06-29T09:17:33","guid":{"rendered":"https:\/\/hotelli03.domainhotelli.fi\/~lsdoecli\/?post_type=product&#038;p=5131"},"modified":"2022-06-09T10:19:05","modified_gmt":"2022-06-09T10:19:05","slug":"vibro-sc-tarinanvaimennus-seinaliitin","status":"publish","type":"product","link":"https:\/\/hotelli03.domainhotelli.fi\/~lsdoecli\/tuote\/vibro-sc-tarinanvaimennus-seinaliitin\/","title":{"rendered":"Vibro SC: T\u00e4rin\u00e4nvaimennus sein\u00e4liitin"},"content":{"rendered":"<h4>KUVAUS<\/h4>\n<p>Vibro-SC on matalaprofiilinen, t\u00e4rin\u00e4\u00e4 est\u00e4v\u00e4 sein\u00e4liitin, jota k\u00e4ytet\u00e4\u00e4n lis\u00e4\u00e4m\u00e4\u00e4n rakenteellista eheytt\u00e4 pitkille ja korkeille kipsilevyseinille, asennettuna t\u00e4rin\u00e4nvaimennustyynyjen p\u00e4\u00e4lle tai tuettuina kelluville lattioille. Eristetyt sein\u00e4t ovat eritt\u00e4in kriittinen t\u00e4rin\u00e4n l\u00e4p\u00e4isyn est\u00e4miseksi rakennuksessa.<br \/>\nKelluvia seini\u00e4, joissa on t\u00e4rin\u00e4neristystuotteita, k\u00e4ytet\u00e4\u00e4n usein musiikkistudioissa, kotiteattereissa ja akustisesti herkill\u00e4 alueilla. Kelluvassa sein\u00e4rakenteessa on t\u00e4rke\u00e4\u00e4, ett\u00e4 tilan sein\u00e4t eristet\u00e4\u00e4n rakennuksen rakenneosista.<\/p>\n<p>Vibro-SC ovat sein\u00e4tukia, joita k\u00e4ytet\u00e4\u00e4n, kun eristetyn sein\u00e4n ja p\u00e4\u00e4rakennuksen v\u00e4lill\u00e4 on rajallinen tila. Vibro-SC-akustinen heiluri on vain 40 mm leve\u00e4, joten se voidaan asentaa useimpiin onteloihin.<br \/>\nSe auttaa erist\u00e4m\u00e4\u00e4n akustisesti herk\u00e4n tilan kokonaan est\u00e4m\u00e4ll\u00e4 t\u00e4rin\u00e4nsiirron ja \u00e4\u00e4nisillat.<br \/>\nJos sein\u00e4 vaatii sivutuen puristus- ja leikkausvoimien yll\u00e4pit\u00e4miseksi, tarvitaan t\u00e4rin\u00e4\u00e4 est\u00e4vi\u00e4 sein\u00e4tukia.<\/p>\n<h4>OMINAISUUDET<\/h4>\n<p>Vibro-SC t\u00e4rin\u00e4nvaimennussein\u00e4liittimet koostuvat kahdesta galvanoidusta metallikehyksest\u00e4, sopivia vahvistettuina ja moduloituina. Metallikehysten v\u00e4liin asetetaan vaahtokumielementti \u00e4\u00e4nisiltojen poistamiseksi ja ei-toivottujen kuultavien taajuuksien l\u00e4pikulun v\u00e4ltt\u00e4miseksi.<br \/>\nSein\u00e4kiinnikkeit\u00e4 ei saa k\u00e4ytt\u00e4\u00e4 pystytukeen.<\/p>\n<p><a href=\"https:\/\/hotelli03.domainhotelli.fi\/~lsdoecli\/wp-content\/uploads\/2021\/06\/Vibro-SC-Selection-Table.png\"><img loading=\"lazy\" class=\"alignnone size-medium wp-image-5145\" src=\"https:\/\/hotelli03.domainhotelli.fi\/~lsdoecli\/wp-content\/uploads\/2021\/06\/Vibro-SC-Selection-Table-300x87.png\" alt=\"\" width=\"300\" height=\"87\" \/><\/a><\/p>\n","protected":false},"excerpt":{"rendered":"<p>T\u00e4rin\u00e4\u00e4 est\u00e4v\u00e4 sein\u00e4kiinnike, joka est\u00e4\u00e4 vaakasuuntaisen t\u00e4rin\u00e4nsiirron ja \u00e4\u00e4nisillat sein\u00e4rakenteissa.<\/p>\n<p><a href=\"https:\/\/hotelli03.domainhotelli.fi\/~lsdoecli\/wp-content\/uploads\/2021\/06\/Vibro-SC-Selection-Table.png\"><img loading=\"lazy\" class=\"alignnone size-medium wp-image-5145\" src=\"https:\/\/hotelli03.domainhotelli.fi\/~lsdoecli\/wp-content\/uploads\/2021\/06\/Vibro-SC-Selection-Table-300x87.png\" alt=\"\" width=\"300\" height=\"87\" \/><\/a><\/p>\n","protected":false},"featured_media":5143,"comment_status":"open","ping_status":"closed","template":"","meta":[],"product_cat":[740],"product_tag":[741,735,734,736,737],"yoast_head":"<!-- This site is optimized with the Yoast SEO Premium plugin v18.9 (Yoast SEO v19.3) - https:\/\/yoast.com\/wordpress\/plugins\/seo\/ -->\n<title>JV Tuonti | Vibro SC: T\u00e4rin\u00e4nvaimennus sein\u00e4liitin<\/title>\n<meta name=\"description\" content=\"T\u00e4rin\u00e4\u00e4 est\u00e4v\u00e4 sein\u00e4kiinnike, joka est\u00e4\u00e4 vaakasuuntaisen t\u00e4rin\u00e4nsiirron ja \u00e4\u00e4nisillat sein\u00e4rakenteissa.\" \/>\n<meta name=\"robots\" content=\"index, follow, max-snippet:-1, max-image-preview:large, max-video-preview:-1\" \/>\n<link rel=\"canonical\" href=\"https:\/\/hotelli03.domainhotelli.fi\/~lsdoecli\/tuote\/vibro-sc-tarinanvaimennus-seinaliitin\/\" \/>\n<meta property=\"og:locale\" content=\"fi_FI\" \/>\n<meta property=\"og:type\" content=\"article\" \/>\n<meta property=\"og:title\" content=\"Vibro SC: T\u00e4rin\u00e4nvaimennus sein\u00e4liitin\" \/>\n<meta property=\"og:description\" content=\"T\u00e4rin\u00e4\u00e4 est\u00e4v\u00e4 sein\u00e4kiinnike, joka est\u00e4\u00e4 vaakasuuntaisen t\u00e4rin\u00e4nsiirron ja \u00e4\u00e4nisillat sein\u00e4rakenteissa.\" \/>\n<meta property=\"og:url\" content=\"https:\/\/hotelli03.domainhotelli.fi\/~lsdoecli\/tuote\/vibro-sc-tarinanvaimennus-seinaliitin\/\" \/>\n<meta property=\"og:site_name\" content=\"JV Tuonti\" \/>\n<meta property=\"article:publisher\" content=\"https:\/\/www.facebook.com\/JVTuontiOy\" \/>\n<meta property=\"article:modified_time\" content=\"2022-06-09T10:19:05+00:00\" \/>\n<meta property=\"og:image\" content=\"https:\/\/hotelli03.domainhotelli.fi\/~lsdoecli\/wp-content\/uploads\/2021\/06\/Vibro-SC-640x427-1.png\" \/>\n\t<meta property=\"og:image:width\" content=\"640\" \/>\n\t<meta property=\"og:image:height\" content=\"427\" \/>\n\t<meta property=\"og:image:type\" content=\"image\/png\" \/>\n<meta name=\"twitter:card\" content=\"summary_large_image\" \/>\n<meta name=\"twitter:label1\" content=\"Availability\" \/>\n\t<meta name=\"twitter:data1\" content=\"On backorder\" \/>\n<script type=\"application\/ld+json\" class=\"yoast-schema-graph\">{\"@context\":\"https:\/\/schema.org\",\"@graph\":[{\"@type\":[\"Organization\",\"Place\",\"WholesaleStore\"],\"@id\":\"https:\/\/hotelli03.domainhotelli.fi\/~lsdoecli\/#organization\",\"name\":\"JV Tuonti Oy\",\"url\":\"https:\/\/hotelli03.domainhotelli.fi\/~lsdoecli\/\",\"sameAs\":[\"https:\/\/instagram.com\/jvtuontioy?utm_medium=copy_link\",\"https:\/\/www.facebook.com\/JVTuontiOy\"],\"logo\":{\"@id\":\"https:\/\/hotelli03.domainhotelli.fi\/~lsdoecli\/tuote\/vibro-sc-tarinanvaimennus-seinaliitin\/#local-main-organization-logo\"},\"image\":{\"@id\":\"https:\/\/hotelli03.domainhotelli.fi\/~lsdoecli\/tuote\/vibro-sc-tarinanvaimennus-seinaliitin\/#local-main-organization-logo\"},\"address\":{\"@id\":\"https:\/\/hotelli03.domainhotelli.fi\/~lsdoecli\/tuote\/vibro-sc-tarinanvaimennus-seinaliitin\/#local-main-place-address\"},\"geo\":{\"@type\":\"GeoCoordinates\",\"latitude\":\"60.28431\",\"longitude\":\"24.81654\"},\"telephone\":[\"0408369980\"],\"openingHoursSpecification\":[{\"@type\":\"OpeningHoursSpecification\",\"dayOfWeek\":[\"Monday\",\"Tuesday\",\"Wednesday\",\"Thursday\",\"Friday\"],\"opens\":\"08:00\",\"closes\":\"16:00\"},{\"@type\":\"OpeningHoursSpecification\",\"dayOfWeek\":[\"Saturday\",\"Sunday\"],\"opens\":\"00:00\",\"closes\":\"00:00\"}],\"email\":\"myynti@hotelli03.domainhotelli.fi\",\"areaServed\":\"Suomi, Ruotsi\",\"vatID\":\"FI30178387\",\"priceRange\":\"$$\",\"currenciesAccepted\":\"\u20ac\",\"paymentAccepted\":\"Lasku, pankkikortti\"},{\"@type\":\"WebSite\",\"@id\":\"https:\/\/hotelli03.domainhotelli.fi\/~lsdoecli\/#website\",\"url\":\"https:\/\/hotelli03.domainhotelli.fi\/~lsdoecli\/\",\"name\":\"JV Tuonti\",\"description\":\"JV Tuonti Oy:n verkkokauppa\",\"publisher\":{\"@id\":\"https:\/\/hotelli03.domainhotelli.fi\/~lsdoecli\/#organization\"},\"potentialAction\":[{\"@type\":\"SearchAction\",\"target\":{\"@type\":\"EntryPoint\",\"urlTemplate\":\"https:\/\/hotelli03.domainhotelli.fi\/~lsdoecli\/?s={search_term_string}\"},\"query-input\":\"required name=search_term_string\"}],\"inLanguage\":\"fi\"},{\"@type\":\"ImageObject\",\"inLanguage\":\"fi\",\"@id\":\"https:\/\/hotelli03.domainhotelli.fi\/~lsdoecli\/tuote\/vibro-sc-tarinanvaimennus-seinaliitin\/#primaryimage\",\"url\":\"https:\/\/hotelli03.domainhotelli.fi\/~lsdoecli\/wp-content\/uploads\/2021\/06\/Vibro-SC-640x427-1.png\",\"contentUrl\":\"https:\/\/hotelli03.domainhotelli.fi\/~lsdoecli\/wp-content\/uploads\/2021\/06\/Vibro-SC-640x427-1.png\",\"width\":640,\"height\":427,\"caption\":\"Vibro-SC\"},{\"@type\":\"WebPage\",\"@id\":\"https:\/\/hotelli03.domainhotelli.fi\/~lsdoecli\/tuote\/vibro-sc-tarinanvaimennus-seinaliitin\/\",\"url\":\"https:\/\/hotelli03.domainhotelli.fi\/~lsdoecli\/tuote\/vibro-sc-tarinanvaimennus-seinaliitin\/\",\"name\":\"JV Tuonti | Vibro SC: T\u00e4rin\u00e4nvaimennus sein\u00e4liitin\",\"isPartOf\":{\"@id\":\"https:\/\/hotelli03.domainhotelli.fi\/~lsdoecli\/#website\"},\"primaryImageOfPage\":{\"@id\":\"https:\/\/hotelli03.domainhotelli.fi\/~lsdoecli\/tuote\/vibro-sc-tarinanvaimennus-seinaliitin\/#primaryimage\"},\"datePublished\":\"2021-06-29T09:17:33+00:00\",\"dateModified\":\"2022-06-09T10:19:05+00:00\",\"description\":\"T\u00e4rin\u00e4\u00e4 est\u00e4v\u00e4 sein\u00e4kiinnike, joka est\u00e4\u00e4 vaakasuuntaisen t\u00e4rin\u00e4nsiirron ja \u00e4\u00e4nisillat sein\u00e4rakenteissa.\",\"breadcrumb\":{\"@id\":\"https:\/\/hotelli03.domainhotelli.fi\/~lsdoecli\/tuote\/vibro-sc-tarinanvaimennus-seinaliitin\/#breadcrumb\"},\"inLanguage\":\"fi\",\"potentialAction\":[{\"@type\":\"ReadAction\",\"target\":[\"https:\/\/hotelli03.domainhotelli.fi\/~lsdoecli\/tuote\/vibro-sc-tarinanvaimennus-seinaliitin\/\"]}]},{\"@type\":\"BreadcrumbList\",\"@id\":\"https:\/\/hotelli03.domainhotelli.fi\/~lsdoecli\/tuote\/vibro-sc-tarinanvaimennus-seinaliitin\/#breadcrumb\",\"itemListElement\":[{\"@type\":\"ListItem\",\"position\":1,\"name\":\"Etusivu\",\"item\":\"https:\/\/hotelli03.domainhotelli.fi\/~lsdoecli\/\"},{\"@type\":\"ListItem\",\"position\":2,\"name\":\"Kauppa\",\"item\":\"https:\/\/hotelli03.domainhotelli.fi\/~lsdoecli\/kauppa\/\"},{\"@type\":\"ListItem\",\"position\":3,\"name\":\"Vibro SC: T\u00e4rin\u00e4nvaimennus sein\u00e4liitin\"}]},{\"@type\":\"PostalAddress\",\"@id\":\"https:\/\/hotelli03.domainhotelli.fi\/~lsdoecli\/tuote\/vibro-sc-tarinanvaimennus-seinaliitin\/#local-main-place-address\",\"streetAddress\":\"Pyymosantie 5a\",\"addressLocality\":\"Vantaa\",\"postalCode\":\"01720\",\"addressCountry\":\"FI\"},{\"@type\":\"ImageObject\",\"inLanguage\":\"fi\",\"@id\":\"https:\/\/hotelli03.domainhotelli.fi\/~lsdoecli\/tuote\/vibro-sc-tarinanvaimennus-seinaliitin\/#local-main-organization-logo\",\"url\":\"https:\/\/hotelli03.domainhotelli.fi\/~lsdoecli\/wp-content\/uploads\/2021\/08\/JVTuonti_logo_nelio.jpg\",\"contentUrl\":\"https:\/\/hotelli03.domainhotelli.fi\/~lsdoecli\/wp-content\/uploads\/2021\/08\/JVTuonti_logo_nelio.jpg\",\"width\":550,\"height\":550,\"caption\":\"JV Tuonti Oy\"}]}<\/script>\n<meta property=\"og:availability\" content=\"backorder\" \/>\n<meta property=\"product:availability\" content=\"available for order\" \/>\n<meta property=\"product:condition\" content=\"new\" \/>\n<meta name=\"geo.placename\" content=\"Vantaa\" \/>\n<meta name=\"geo.position\" content=\"60.28431;24.81654\" \/>\n<meta name=\"geo.region\" content=\"Suomi\" \/>\n<!-- \/ Yoast SEO Premium plugin. -->","yoast_head_json":{"title":"JV Tuonti | Vibro SC: T\u00e4rin\u00e4nvaimennus sein\u00e4liitin","description":"T\u00e4rin\u00e4\u00e4 est\u00e4v\u00e4 sein\u00e4kiinnike, joka est\u00e4\u00e4 vaakasuuntaisen t\u00e4rin\u00e4nsiirron ja \u00e4\u00e4nisillat sein\u00e4rakenteissa.","robots":{"index":"index","follow":"follow","max-snippet":"max-snippet:-1","max-image-preview":"max-image-preview:large","max-video-preview":"max-video-preview:-1"},"canonical":"https:\/\/hotelli03.domainhotelli.fi\/~lsdoecli\/tuote\/vibro-sc-tarinanvaimennus-seinaliitin\/","og_locale":"fi_FI","og_type":"article","og_title":"Vibro SC: T\u00e4rin\u00e4nvaimennus sein\u00e4liitin","og_description":"T\u00e4rin\u00e4\u00e4 est\u00e4v\u00e4 sein\u00e4kiinnike, joka est\u00e4\u00e4 vaakasuuntaisen t\u00e4rin\u00e4nsiirron ja \u00e4\u00e4nisillat sein\u00e4rakenteissa.","og_url":"https:\/\/hotelli03.domainhotelli.fi\/~lsdoecli\/tuote\/vibro-sc-tarinanvaimennus-seinaliitin\/","og_site_name":"JV Tuonti","article_publisher":"https:\/\/www.facebook.com\/JVTuontiOy","article_modified_time":"2022-06-09T10:19:05+00:00","og_image":[{"width":640,"height":427,"url":"https:\/\/hotelli03.domainhotelli.fi\/~lsdoecli\/wp-content\/uploads\/2021\/06\/Vibro-SC-640x427-1.png","type":"image\/png"}],"twitter_card":"summary_large_image","twitter_misc":{"Availability":"On backorder"},"schema":{"@context":"https:\/\/schema.org","@graph":[{"@type":["Organization","Place","WholesaleStore"],"@id":"https:\/\/hotelli03.domainhotelli.fi\/~lsdoecli\/#organization","name":"JV Tuonti Oy","url":"https:\/\/hotelli03.domainhotelli.fi\/~lsdoecli\/","sameAs":["https:\/\/instagram.com\/jvtuontioy?utm_medium=copy_link","https:\/\/www.facebook.com\/JVTuontiOy"],"logo":{"@id":"https:\/\/hotelli03.domainhotelli.fi\/~lsdoecli\/tuote\/vibro-sc-tarinanvaimennus-seinaliitin\/#local-main-organization-logo"},"image":{"@id":"https:\/\/hotelli03.domainhotelli.fi\/~lsdoecli\/tuote\/vibro-sc-tarinanvaimennus-seinaliitin\/#local-main-organization-logo"},"address":{"@id":"https:\/\/hotelli03.domainhotelli.fi\/~lsdoecli\/tuote\/vibro-sc-tarinanvaimennus-seinaliitin\/#local-main-place-address"},"geo":{"@type":"GeoCoordinates","latitude":"60.28431","longitude":"24.81654"},"telephone":["0408369980"],"openingHoursSpecification":[{"@type":"OpeningHoursSpecification","dayOfWeek":["Monday","Tuesday","Wednesday","Thursday","Friday"],"opens":"08:00","closes":"16:00"},{"@type":"OpeningHoursSpecification","dayOfWeek":["Saturday","Sunday"],"opens":"00:00","closes":"00:00"}],"email":"myynti@hotelli03.domainhotelli.fi","areaServed":"Suomi, Ruotsi","vatID":"FI30178387","priceRange":"$$","currenciesAccepted":"\u20ac","paymentAccepted":"Lasku, pankkikortti"},{"@type":"WebSite","@id":"https:\/\/hotelli03.domainhotelli.fi\/~lsdoecli\/#website","url":"https:\/\/hotelli03.domainhotelli.fi\/~lsdoecli\/","name":"JV Tuonti","description":"JV Tuonti Oy:n verkkokauppa","publisher":{"@id":"https:\/\/hotelli03.domainhotelli.fi\/~lsdoecli\/#organization"},"potentialAction":[{"@type":"SearchAction","target":{"@type":"EntryPoint","urlTemplate":"https:\/\/hotelli03.domainhotelli.fi\/~lsdoecli\/?s={search_term_string}"},"query-input":"required name=search_term_string"}],"inLanguage":"fi"},{"@type":"ImageObject","inLanguage":"fi","@id":"https:\/\/hotelli03.domainhotelli.fi\/~lsdoecli\/tuote\/vibro-sc-tarinanvaimennus-seinaliitin\/#primaryimage","url":"https:\/\/hotelli03.domainhotelli.fi\/~lsdoecli\/wp-content\/uploads\/2021\/06\/Vibro-SC-640x427-1.png","contentUrl":"https:\/\/hotelli03.domainhotelli.fi\/~lsdoecli\/wp-content\/uploads\/2021\/06\/Vibro-SC-640x427-1.png","width":640,"height":427,"caption":"Vibro-SC"},{"@type":"WebPage","@id":"https:\/\/hotelli03.domainhotelli.fi\/~lsdoecli\/tuote\/vibro-sc-tarinanvaimennus-seinaliitin\/","url":"https:\/\/hotelli03.domainhotelli.fi\/~lsdoecli\/tuote\/vibro-sc-tarinanvaimennus-seinaliitin\/","name":"JV Tuonti | Vibro SC: T\u00e4rin\u00e4nvaimennus sein\u00e4liitin","isPartOf":{"@id":"https:\/\/hotelli03.domainhotelli.fi\/~lsdoecli\/#website"},"primaryImageOfPage":{"@id":"https:\/\/hotelli03.domainhotelli.fi\/~lsdoecli\/tuote\/vibro-sc-tarinanvaimennus-seinaliitin\/#primaryimage"},"datePublished":"2021-06-29T09:17:33+00:00","dateModified":"2022-06-09T10:19:05+00:00","description":"T\u00e4rin\u00e4\u00e4 est\u00e4v\u00e4 sein\u00e4kiinnike, joka est\u00e4\u00e4 vaakasuuntaisen t\u00e4rin\u00e4nsiirron ja \u00e4\u00e4nisillat sein\u00e4rakenteissa.","breadcrumb":{"@id":"https:\/\/hotelli03.domainhotelli.fi\/~lsdoecli\/tuote\/vibro-sc-tarinanvaimennus-seinaliitin\/#breadcrumb"},"inLanguage":"fi","potentialAction":[{"@type":"ReadAction","target":["https:\/\/hotelli03.domainhotelli.fi\/~lsdoecli\/tuote\/vibro-sc-tarinanvaimennus-seinaliitin\/"]}]},{"@type":"BreadcrumbList","@id":"https:\/\/hotelli03.domainhotelli.fi\/~lsdoecli\/tuote\/vibro-sc-tarinanvaimennus-seinaliitin\/#breadcrumb","itemListElement":[{"@type":"ListItem","position":1,"name":"Etusivu","item":"https:\/\/hotelli03.domainhotelli.fi\/~lsdoecli\/"},{"@type":"ListItem","position":2,"name":"Kauppa","item":"https:\/\/hotelli03.domainhotelli.fi\/~lsdoecli\/kauppa\/"},{"@type":"ListItem","position":3,"name":"Vibro SC: T\u00e4rin\u00e4nvaimennus sein\u00e4liitin"}]},{"@type":"PostalAddress","@id":"https:\/\/hotelli03.domainhotelli.fi\/~lsdoecli\/tuote\/vibro-sc-tarinanvaimennus-seinaliitin\/#local-main-place-address","streetAddress":"Pyymosantie 5a","addressLocality":"Vantaa","postalCode":"01720","addressCountry":"FI"},{"@type":"ImageObject","inLanguage":"fi","@id":"https:\/\/hotelli03.domainhotelli.fi\/~lsdoecli\/tuote\/vibro-sc-tarinanvaimennus-seinaliitin\/#local-main-organization-logo","url":"https:\/\/hotelli03.domainhotelli.fi\/~lsdoecli\/wp-content\/uploads\/2021\/08\/JVTuonti_logo_nelio.jpg","contentUrl":"https:\/\/hotelli03.domainhotelli.fi\/~lsdoecli\/wp-content\/uploads\/2021\/08\/JVTuonti_logo_nelio.jpg","width":550,"height":550,"caption":"JV Tuonti Oy"}]},"og_availability":"backorder","product_availability":"available for order","product_condition":"new","geo.placename":"Vantaa","geo.position":{"lat":"60.28431","long":"24.81654"},"geo.region":"Suomi"},"_links":{"self":[{"href":"https:\/\/hotelli03.domainhotelli.fi\/~lsdoecli\/wp-json\/wp\/v2\/product\/5131"}],"collection":[{"href":"https:\/\/hotelli03.domainhotelli.fi\/~lsdoecli\/wp-json\/wp\/v2\/product"}],"about":[{"href":"https:\/\/hotelli03.domainhotelli.fi\/~lsdoecli\/wp-json\/wp\/v2\/types\/product"}],"replies":[{"embeddable":true,"href":"https:\/\/hotelli03.domainhotelli.fi\/~lsdoecli\/wp-json\/wp\/v2\/comments?post=5131"}],"wp:featuredmedia":[{"embeddable":true,"href":"https:\/\/hotelli03.domainhotelli.fi\/~lsdoecli\/wp-json\/wp\/v2\/media\/5143"}],"wp:attachment":[{"href":"https:\/\/hotelli03.domainhotelli.fi\/~lsdoecli\/wp-json\/wp\/v2\/media?parent=5131"}],"wp:term":[{"taxonomy":"product_cat","embeddable":true,"href":"https:\/\/hotelli03.domainhotelli.fi\/~lsdoecli\/wp-json\/wp\/v2\/product_cat?post=5131"},{"taxonomy":"product_tag","embeddable":true,"href":"https:\/\/hotelli03.domainhotelli.fi\/~lsdoecli\/wp-json\/wp\/v2\/product_tag?post=5131"}],"curies":[{"name":"wp","href":"https:\/\/api.w.org\/{rel}","templated":true}]}}