{"id":5122,"date":"2021-06-29T12:17:32","date_gmt":"2021-06-29T12:17:32","guid":{"rendered":"https:\/\/hotelli03.domainhotelli.fi\/~lsdoecli\/?post_type=product&#038;p=5122"},"modified":"2022-06-09T10:22:40","modified_gmt":"2022-06-09T10:22:40","slug":"vibro-wb-tarinanvaimennin-seinalle","status":"publish","type":"product","link":"https:\/\/hotelli03.domainhotelli.fi\/~lsdoecli\/tuote\/vibro-wb-tarinanvaimennin-seinalle\/","title":{"rendered":"Vibro-WB: T\u00e4rin\u00e4nvaimennin sein\u00e4lle"},"content":{"rendered":"<h4>KUVAUS<\/h4>\n<p>T\u00e4rin\u00e4nvaimentimia Vibro-WB-sein\u00e4tukia k\u00e4ytet\u00e4\u00e4n lis\u00e4\u00e4m\u00e4\u00e4n pitkien ja korkeiden kipsilevyseinien rakenteellista eheytt\u00e4, jotka on asennettu t\u00e4rin\u00e4nvaimentimiin tai perustuvat kelluvaan lattiaan.<br \/>\nEristetyt sein\u00e4t ovat eritt\u00e4in kriittinen tekij\u00e4 t\u00e4rin\u00e4n l\u00e4p\u00e4isyn est\u00e4miseksi rakennuksessa. Kelluvia seini\u00e4, joissa on t\u00e4rin\u00e4neristystuotteita, k\u00e4ytet\u00e4\u00e4n usein musiikkistudioissa, kotiteattereissa ja akustisesti herkill\u00e4 alueilla.<br \/>\nKelluvassa sein\u00e4rakenteessa on t\u00e4rke\u00e4\u00e4, ett\u00e4 tilan sein\u00e4t eristet\u00e4\u00e4n rakennuksen rakenneosista. Vibro-WB -sein\u00e4telineet erist\u00e4v\u00e4t akustisesti herk\u00e4n tilan kokonaan est\u00e4m\u00e4ll\u00e4 t\u00e4rin\u00e4nsiirron ja \u00e4\u00e4nisillat. Jos sein\u00e4 vaatii sivutuen puristus- ja leikkausvoimien yll\u00e4pit\u00e4miseksi, tarvitaan t\u00e4rin\u00e4\u00e4 est\u00e4vi\u00e4 sein\u00e4tukia.<\/p>\n<h4>Miksi k\u00e4ytt\u00e4\u00e4 Vibro-WB: t\u00e4?<\/h4>\n<p>Kaksinkertaisten seinien v\u00e4lisen suoran yhteyden v\u00e4ltt\u00e4miseksi ja niiden j\u00e4ykkyyden lis\u00e4\u00e4miseksi.<br \/>\nSein\u00e4n taittumisen est\u00e4miseksi maanj\u00e4ristysten aikana.<br \/>\nHy\u00f6dyllinen, kun toissijaista sein\u00e4\u00e4 k\u00e4ytet\u00e4\u00e4n parantamaan \u00e4\u00e4nieristyst\u00e4, jossa j\u00e4yk\u00e4t liit\u00e4nn\u00e4t aiheuttavat ei-toivottuja \u00e4\u00e4nisiltoja.<\/p>\n<h4>OMINAISUUDET<\/h4>\n<p>Vibro-WB -sein\u00e4telineet koostuvat metallirungosta, joka on sopiva vahvistettu ja moduloitu. Kaksi erityist\u00e4 t\u00e4rin\u00e4nvaimenninta, Vibro-mini, on sijoitettu sis\u00e4puolelle absorboimaan positiiviset ja negatiiviset aksiaalivoimat. L\u00e4pivientiruuvi ei ole kosketuksessa metallirungon kanssa, joten \u00e4\u00e4nisillaa ei synny.<br \/>\nSein\u00e4kiinnikkeit\u00e4 ei saa k\u00e4ytt\u00e4\u00e4 pystytukeen.<\/p>\n<h4>DYNAAMISET OMINAISUUDET<\/h4>\n<p>Luonnollinen taajuus (maksimikuormalla): 10 Hz<\/p>\n<p>&nbsp;<\/p>\n<p>MAKSIMI Aksiaalinen pid\u00e4tys (kp *)<\/p>\n<div class=\"page\" title=\"Page 1\">\n<table style=\"height: 107px;\" width=\"319\">\n<colgroup>\n<col \/>\n<col \/><\/colgroup>\n<tbody>\n<tr>\n<td><\/td>\n<td><\/td>\n<\/tr>\n<tr>\n<td>\n<div class=\"layoutArea\">\n<div class=\"column\">\n<p>Vibro-WB.25 (Black)<\/p>\n<\/div>\n<\/div>\n<\/td>\n<td>\n<div class=\"layoutArea\">\n<div class=\"column\">\n<p>25<\/p>\n<\/div>\n<\/div>\n<\/td>\n<\/tr>\n<tr>\n<td>\n<div class=\"layoutArea\">\n<div class=\"column\">\n<p>Vibro-WB.50 (White)<\/p>\n<\/div>\n<\/div>\n<\/td>\n<td>\n<div class=\"layoutArea\">\n<div class=\"column\">\n<p>50<\/p>\n<\/div>\n<\/div>\n<\/td>\n<\/tr>\n<\/tbody>\n<\/table>\n<\/div>\n<p>*1 kp = 10 N<\/p>\n","protected":false},"excerpt":{"rendered":"<p>T\u00e4rin\u00e4\u00e4 est\u00e4v\u00e4 sein\u00e4kiinnike, joka est\u00e4\u00e4 vaakasuuntaisen t\u00e4rin\u00e4nsiirron ja \u00e4\u00e4nisillat sein\u00e4rakenteissa.<\/p>\n<p>MAKSIMI Aksiaalinen pid\u00e4tys (kp *)<\/p>\n<div class=\"page\" title=\"Page 1\">\n<table style=\"height: 107px;\" width=\"319\">\n<colgroup>\n<col \/>\n<col \/><\/colgroup>\n<tbody>\n<tr>\n<td><\/td>\n<td><\/td>\n<\/tr>\n<tr>\n<td>\n<div class=\"layoutArea\">\n<div class=\"column\">\n<p>Vibro-WB.25 (Black)<\/p>\n<\/div>\n<\/div>\n<\/td>\n<td>\n<div class=\"layoutArea\">\n<div class=\"column\">\n<p>25<\/p>\n<\/div>\n<\/div>\n<\/td>\n<\/tr>\n<tr>\n<td>\n<div class=\"layoutArea\">\n<div class=\"column\">\n<p>Vibro-WB.50 (White)<\/p>\n<\/div>\n<\/div>\n<\/td>\n<td>\n<div class=\"layoutArea\">\n<div class=\"column\">\n<p>50<\/p>\n<\/div>\n<\/div>\n<\/td>\n<\/tr>\n<\/tbody>\n<\/table>\n<\/div>\n<p>*1 kp = 10 N<\/p>\n","protected":false},"featured_media":5129,"comment_status":"open","ping_status":"closed","template":"","meta":[],"product_cat":[740],"product_tag":[741,735,734,736,737],"yoast_head":"<!-- This site is optimized with the Yoast SEO Premium plugin v18.9 (Yoast SEO v19.3) - https:\/\/yoast.com\/wordpress\/plugins\/seo\/ -->\n<title>Vibro-WB: T\u00e4rin\u00e4nvaimennin sein\u00e4lle | JV Tuonti<\/title>\n<meta name=\"description\" content=\"T\u00e4rin\u00e4nvaimentimia Vibro-WB-sein\u00e4tukia k\u00e4ytet\u00e4\u00e4n lis\u00e4\u00e4m\u00e4\u00e4n pitkien ja korkeiden kipsilevyseinien rakenteellista eheytt\u00e4.\" \/>\n<meta name=\"robots\" content=\"index, follow, max-snippet:-1, max-image-preview:large, max-video-preview:-1\" \/>\n<link rel=\"canonical\" href=\"https:\/\/hotelli03.domainhotelli.fi\/~lsdoecli\/tuote\/vibro-wb-tarinanvaimennin-seinalle\/\" \/>\n<meta property=\"og:locale\" content=\"fi_FI\" \/>\n<meta property=\"og:type\" content=\"article\" \/>\n<meta property=\"og:title\" content=\"Vibro-WB: T\u00e4rin\u00e4nvaimennin sein\u00e4lle\" \/>\n<meta property=\"og:description\" content=\"T\u00e4rin\u00e4nvaimentimia Vibro-WB-sein\u00e4tukia k\u00e4ytet\u00e4\u00e4n lis\u00e4\u00e4m\u00e4\u00e4n pitkien ja korkeiden kipsilevyseinien rakenteellista eheytt\u00e4.\" \/>\n<meta property=\"og:url\" content=\"https:\/\/hotelli03.domainhotelli.fi\/~lsdoecli\/tuote\/vibro-wb-tarinanvaimennin-seinalle\/\" \/>\n<meta property=\"og:site_name\" content=\"JV Tuonti\" \/>\n<meta property=\"article:publisher\" content=\"https:\/\/www.facebook.com\/JVTuontiOy\" \/>\n<meta property=\"article:modified_time\" content=\"2022-06-09T10:22:40+00:00\" \/>\n<meta property=\"og:image\" content=\"https:\/\/hotelli03.domainhotelli.fi\/~lsdoecli\/wp-content\/uploads\/2021\/06\/Vibro-WB-640x427-1.png\" \/>\n\t<meta property=\"og:image:width\" content=\"640\" \/>\n\t<meta property=\"og:image:height\" content=\"427\" \/>\n\t<meta property=\"og:image:type\" content=\"image\/png\" \/>\n<meta name=\"twitter:card\" content=\"summary_large_image\" \/>\n<meta name=\"twitter:label1\" content=\"Availability\" \/>\n\t<meta name=\"twitter:data1\" content=\"In stock\" \/>\n<script type=\"application\/ld+json\" class=\"yoast-schema-graph\">{\"@context\":\"https:\/\/schema.org\",\"@graph\":[{\"@type\":[\"Organization\",\"Place\",\"WholesaleStore\"],\"@id\":\"https:\/\/hotelli03.domainhotelli.fi\/~lsdoecli\/#organization\",\"name\":\"JV Tuonti Oy\",\"url\":\"https:\/\/hotelli03.domainhotelli.fi\/~lsdoecli\/\",\"sameAs\":[\"https:\/\/instagram.com\/jvtuontioy?utm_medium=copy_link\",\"https:\/\/www.facebook.com\/JVTuontiOy\"],\"logo\":{\"@id\":\"https:\/\/hotelli03.domainhotelli.fi\/~lsdoecli\/tuote\/vibro-wb-tarinanvaimennin-seinalle\/#local-main-organization-logo\"},\"image\":{\"@id\":\"https:\/\/hotelli03.domainhotelli.fi\/~lsdoecli\/tuote\/vibro-wb-tarinanvaimennin-seinalle\/#local-main-organization-logo\"},\"address\":{\"@id\":\"https:\/\/hotelli03.domainhotelli.fi\/~lsdoecli\/tuote\/vibro-wb-tarinanvaimennin-seinalle\/#local-main-place-address\"},\"geo\":{\"@type\":\"GeoCoordinates\",\"latitude\":\"60.28431\",\"longitude\":\"24.81654\"},\"telephone\":[\"0408369980\"],\"openingHoursSpecification\":[{\"@type\":\"OpeningHoursSpecification\",\"dayOfWeek\":[\"Monday\",\"Tuesday\",\"Wednesday\",\"Thursday\",\"Friday\"],\"opens\":\"08:00\",\"closes\":\"16:00\"},{\"@type\":\"OpeningHoursSpecification\",\"dayOfWeek\":[\"Saturday\",\"Sunday\"],\"opens\":\"00:00\",\"closes\":\"00:00\"}],\"email\":\"myynti@hotelli03.domainhotelli.fi\",\"areaServed\":\"Suomi, Ruotsi\",\"vatID\":\"FI30178387\",\"priceRange\":\"$$\",\"currenciesAccepted\":\"\u20ac\",\"paymentAccepted\":\"Lasku, pankkikortti\"},{\"@type\":\"WebSite\",\"@id\":\"https:\/\/hotelli03.domainhotelli.fi\/~lsdoecli\/#website\",\"url\":\"https:\/\/hotelli03.domainhotelli.fi\/~lsdoecli\/\",\"name\":\"JV Tuonti\",\"description\":\"JV Tuonti Oy:n verkkokauppa\",\"publisher\":{\"@id\":\"https:\/\/hotelli03.domainhotelli.fi\/~lsdoecli\/#organization\"},\"potentialAction\":[{\"@type\":\"SearchAction\",\"target\":{\"@type\":\"EntryPoint\",\"urlTemplate\":\"https:\/\/hotelli03.domainhotelli.fi\/~lsdoecli\/?s={search_term_string}\"},\"query-input\":\"required name=search_term_string\"}],\"inLanguage\":\"fi\"},{\"@type\":\"ImageObject\",\"inLanguage\":\"fi\",\"@id\":\"https:\/\/hotelli03.domainhotelli.fi\/~lsdoecli\/tuote\/vibro-wb-tarinanvaimennin-seinalle\/#primaryimage\",\"url\":\"https:\/\/hotelli03.domainhotelli.fi\/~lsdoecli\/wp-content\/uploads\/2021\/06\/Vibro-WB-640x427-1.png\",\"contentUrl\":\"https:\/\/hotelli03.domainhotelli.fi\/~lsdoecli\/wp-content\/uploads\/2021\/06\/Vibro-WB-640x427-1.png\",\"width\":640,\"height\":427,\"caption\":\"Vibro-WP t\u00e4rin\u00e4nvaimennin v\u00e4lisein\u00e4lle\"},{\"@type\":\"WebPage\",\"@id\":\"https:\/\/hotelli03.domainhotelli.fi\/~lsdoecli\/tuote\/vibro-wb-tarinanvaimennin-seinalle\/\",\"url\":\"https:\/\/hotelli03.domainhotelli.fi\/~lsdoecli\/tuote\/vibro-wb-tarinanvaimennin-seinalle\/\",\"name\":\"Vibro-WB: T\u00e4rin\u00e4nvaimennin sein\u00e4lle | JV Tuonti\",\"isPartOf\":{\"@id\":\"https:\/\/hotelli03.domainhotelli.fi\/~lsdoecli\/#website\"},\"primaryImageOfPage\":{\"@id\":\"https:\/\/hotelli03.domainhotelli.fi\/~lsdoecli\/tuote\/vibro-wb-tarinanvaimennin-seinalle\/#primaryimage\"},\"datePublished\":\"2021-06-29T12:17:32+00:00\",\"dateModified\":\"2022-06-09T10:22:40+00:00\",\"description\":\"T\u00e4rin\u00e4nvaimentimia Vibro-WB-sein\u00e4tukia k\u00e4ytet\u00e4\u00e4n lis\u00e4\u00e4m\u00e4\u00e4n pitkien ja korkeiden kipsilevyseinien rakenteellista eheytt\u00e4.\",\"breadcrumb\":{\"@id\":\"https:\/\/hotelli03.domainhotelli.fi\/~lsdoecli\/tuote\/vibro-wb-tarinanvaimennin-seinalle\/#breadcrumb\"},\"inLanguage\":\"fi\",\"potentialAction\":[{\"@type\":\"ReadAction\",\"target\":[\"https:\/\/hotelli03.domainhotelli.fi\/~lsdoecli\/tuote\/vibro-wb-tarinanvaimennin-seinalle\/\"]}]},{\"@type\":\"BreadcrumbList\",\"@id\":\"https:\/\/hotelli03.domainhotelli.fi\/~lsdoecli\/tuote\/vibro-wb-tarinanvaimennin-seinalle\/#breadcrumb\",\"itemListElement\":[{\"@type\":\"ListItem\",\"position\":1,\"name\":\"Etusivu\",\"item\":\"https:\/\/hotelli03.domainhotelli.fi\/~lsdoecli\/\"},{\"@type\":\"ListItem\",\"position\":2,\"name\":\"Kauppa\",\"item\":\"https:\/\/hotelli03.domainhotelli.fi\/~lsdoecli\/kauppa\/\"},{\"@type\":\"ListItem\",\"position\":3,\"name\":\"Vibro-WB: T\u00e4rin\u00e4nvaimennin sein\u00e4lle\"}]},{\"@type\":\"PostalAddress\",\"@id\":\"https:\/\/hotelli03.domainhotelli.fi\/~lsdoecli\/tuote\/vibro-wb-tarinanvaimennin-seinalle\/#local-main-place-address\",\"streetAddress\":\"Pyymosantie 5a\",\"addressLocality\":\"Vantaa\",\"postalCode\":\"01720\",\"addressCountry\":\"FI\"},{\"@type\":\"ImageObject\",\"inLanguage\":\"fi\",\"@id\":\"https:\/\/hotelli03.domainhotelli.fi\/~lsdoecli\/tuote\/vibro-wb-tarinanvaimennin-seinalle\/#local-main-organization-logo\",\"url\":\"https:\/\/hotelli03.domainhotelli.fi\/~lsdoecli\/wp-content\/uploads\/2021\/08\/JVTuonti_logo_nelio.jpg\",\"contentUrl\":\"https:\/\/hotelli03.domainhotelli.fi\/~lsdoecli\/wp-content\/uploads\/2021\/08\/JVTuonti_logo_nelio.jpg\",\"width\":550,\"height\":550,\"caption\":\"JV Tuonti Oy\"}]}<\/script>\n<meta property=\"og:availability\" content=\"instock\" \/>\n<meta property=\"product:availability\" content=\"instock\" \/>\n<meta property=\"product:condition\" content=\"new\" \/>\n<meta name=\"geo.placename\" content=\"Vantaa\" \/>\n<meta name=\"geo.position\" content=\"60.28431;24.81654\" \/>\n<meta name=\"geo.region\" content=\"Suomi\" \/>\n<!-- \/ Yoast SEO Premium plugin. -->","yoast_head_json":{"title":"Vibro-WB: T\u00e4rin\u00e4nvaimennin sein\u00e4lle | JV Tuonti","description":"T\u00e4rin\u00e4nvaimentimia Vibro-WB-sein\u00e4tukia k\u00e4ytet\u00e4\u00e4n lis\u00e4\u00e4m\u00e4\u00e4n pitkien ja korkeiden kipsilevyseinien rakenteellista eheytt\u00e4.","robots":{"index":"index","follow":"follow","max-snippet":"max-snippet:-1","max-image-preview":"max-image-preview:large","max-video-preview":"max-video-preview:-1"},"canonical":"https:\/\/hotelli03.domainhotelli.fi\/~lsdoecli\/tuote\/vibro-wb-tarinanvaimennin-seinalle\/","og_locale":"fi_FI","og_type":"article","og_title":"Vibro-WB: T\u00e4rin\u00e4nvaimennin sein\u00e4lle","og_description":"T\u00e4rin\u00e4nvaimentimia Vibro-WB-sein\u00e4tukia k\u00e4ytet\u00e4\u00e4n lis\u00e4\u00e4m\u00e4\u00e4n pitkien ja korkeiden kipsilevyseinien rakenteellista eheytt\u00e4.","og_url":"https:\/\/hotelli03.domainhotelli.fi\/~lsdoecli\/tuote\/vibro-wb-tarinanvaimennin-seinalle\/","og_site_name":"JV Tuonti","article_publisher":"https:\/\/www.facebook.com\/JVTuontiOy","article_modified_time":"2022-06-09T10:22:40+00:00","og_image":[{"width":640,"height":427,"url":"https:\/\/hotelli03.domainhotelli.fi\/~lsdoecli\/wp-content\/uploads\/2021\/06\/Vibro-WB-640x427-1.png","type":"image\/png"}],"twitter_card":"summary_large_image","twitter_misc":{"Availability":"In stock"},"schema":{"@context":"https:\/\/schema.org","@graph":[{"@type":["Organization","Place","WholesaleStore"],"@id":"https:\/\/hotelli03.domainhotelli.fi\/~lsdoecli\/#organization","name":"JV Tuonti Oy","url":"https:\/\/hotelli03.domainhotelli.fi\/~lsdoecli\/","sameAs":["https:\/\/instagram.com\/jvtuontioy?utm_medium=copy_link","https:\/\/www.facebook.com\/JVTuontiOy"],"logo":{"@id":"https:\/\/hotelli03.domainhotelli.fi\/~lsdoecli\/tuote\/vibro-wb-tarinanvaimennin-seinalle\/#local-main-organization-logo"},"image":{"@id":"https:\/\/hotelli03.domainhotelli.fi\/~lsdoecli\/tuote\/vibro-wb-tarinanvaimennin-seinalle\/#local-main-organization-logo"},"address":{"@id":"https:\/\/hotelli03.domainhotelli.fi\/~lsdoecli\/tuote\/vibro-wb-tarinanvaimennin-seinalle\/#local-main-place-address"},"geo":{"@type":"GeoCoordinates","latitude":"60.28431","longitude":"24.81654"},"telephone":["0408369980"],"openingHoursSpecification":[{"@type":"OpeningHoursSpecification","dayOfWeek":["Monday","Tuesday","Wednesday","Thursday","Friday"],"opens":"08:00","closes":"16:00"},{"@type":"OpeningHoursSpecification","dayOfWeek":["Saturday","Sunday"],"opens":"00:00","closes":"00:00"}],"email":"myynti@hotelli03.domainhotelli.fi","areaServed":"Suomi, Ruotsi","vatID":"FI30178387","priceRange":"$$","currenciesAccepted":"\u20ac","paymentAccepted":"Lasku, pankkikortti"},{"@type":"WebSite","@id":"https:\/\/hotelli03.domainhotelli.fi\/~lsdoecli\/#website","url":"https:\/\/hotelli03.domainhotelli.fi\/~lsdoecli\/","name":"JV Tuonti","description":"JV Tuonti Oy:n verkkokauppa","publisher":{"@id":"https:\/\/hotelli03.domainhotelli.fi\/~lsdoecli\/#organization"},"potentialAction":[{"@type":"SearchAction","target":{"@type":"EntryPoint","urlTemplate":"https:\/\/hotelli03.domainhotelli.fi\/~lsdoecli\/?s={search_term_string}"},"query-input":"required name=search_term_string"}],"inLanguage":"fi"},{"@type":"ImageObject","inLanguage":"fi","@id":"https:\/\/hotelli03.domainhotelli.fi\/~lsdoecli\/tuote\/vibro-wb-tarinanvaimennin-seinalle\/#primaryimage","url":"https:\/\/hotelli03.domainhotelli.fi\/~lsdoecli\/wp-content\/uploads\/2021\/06\/Vibro-WB-640x427-1.png","contentUrl":"https:\/\/hotelli03.domainhotelli.fi\/~lsdoecli\/wp-content\/uploads\/2021\/06\/Vibro-WB-640x427-1.png","width":640,"height":427,"caption":"Vibro-WP t\u00e4rin\u00e4nvaimennin v\u00e4lisein\u00e4lle"},{"@type":"WebPage","@id":"https:\/\/hotelli03.domainhotelli.fi\/~lsdoecli\/tuote\/vibro-wb-tarinanvaimennin-seinalle\/","url":"https:\/\/hotelli03.domainhotelli.fi\/~lsdoecli\/tuote\/vibro-wb-tarinanvaimennin-seinalle\/","name":"Vibro-WB: T\u00e4rin\u00e4nvaimennin sein\u00e4lle | JV Tuonti","isPartOf":{"@id":"https:\/\/hotelli03.domainhotelli.fi\/~lsdoecli\/#website"},"primaryImageOfPage":{"@id":"https:\/\/hotelli03.domainhotelli.fi\/~lsdoecli\/tuote\/vibro-wb-tarinanvaimennin-seinalle\/#primaryimage"},"datePublished":"2021-06-29T12:17:32+00:00","dateModified":"2022-06-09T10:22:40+00:00","description":"T\u00e4rin\u00e4nvaimentimia Vibro-WB-sein\u00e4tukia k\u00e4ytet\u00e4\u00e4n lis\u00e4\u00e4m\u00e4\u00e4n pitkien ja korkeiden kipsilevyseinien rakenteellista eheytt\u00e4.","breadcrumb":{"@id":"https:\/\/hotelli03.domainhotelli.fi\/~lsdoecli\/tuote\/vibro-wb-tarinanvaimennin-seinalle\/#breadcrumb"},"inLanguage":"fi","potentialAction":[{"@type":"ReadAction","target":["https:\/\/hotelli03.domainhotelli.fi\/~lsdoecli\/tuote\/vibro-wb-tarinanvaimennin-seinalle\/"]}]},{"@type":"BreadcrumbList","@id":"https:\/\/hotelli03.domainhotelli.fi\/~lsdoecli\/tuote\/vibro-wb-tarinanvaimennin-seinalle\/#breadcrumb","itemListElement":[{"@type":"ListItem","position":1,"name":"Etusivu","item":"https:\/\/hotelli03.domainhotelli.fi\/~lsdoecli\/"},{"@type":"ListItem","position":2,"name":"Kauppa","item":"https:\/\/hotelli03.domainhotelli.fi\/~lsdoecli\/kauppa\/"},{"@type":"ListItem","position":3,"name":"Vibro-WB: T\u00e4rin\u00e4nvaimennin sein\u00e4lle"}]},{"@type":"PostalAddress","@id":"https:\/\/hotelli03.domainhotelli.fi\/~lsdoecli\/tuote\/vibro-wb-tarinanvaimennin-seinalle\/#local-main-place-address","streetAddress":"Pyymosantie 5a","addressLocality":"Vantaa","postalCode":"01720","addressCountry":"FI"},{"@type":"ImageObject","inLanguage":"fi","@id":"https:\/\/hotelli03.domainhotelli.fi\/~lsdoecli\/tuote\/vibro-wb-tarinanvaimennin-seinalle\/#local-main-organization-logo","url":"https:\/\/hotelli03.domainhotelli.fi\/~lsdoecli\/wp-content\/uploads\/2021\/08\/JVTuonti_logo_nelio.jpg","contentUrl":"https:\/\/hotelli03.domainhotelli.fi\/~lsdoecli\/wp-content\/uploads\/2021\/08\/JVTuonti_logo_nelio.jpg","width":550,"height":550,"caption":"JV Tuonti Oy"}]},"og_availability":"instock","product_availability":"instock","product_condition":"new","geo.placename":"Vantaa","geo.position":{"lat":"60.28431","long":"24.81654"},"geo.region":"Suomi"},"_links":{"self":[{"href":"https:\/\/hotelli03.domainhotelli.fi\/~lsdoecli\/wp-json\/wp\/v2\/product\/5122"}],"collection":[{"href":"https:\/\/hotelli03.domainhotelli.fi\/~lsdoecli\/wp-json\/wp\/v2\/product"}],"about":[{"href":"https:\/\/hotelli03.domainhotelli.fi\/~lsdoecli\/wp-json\/wp\/v2\/types\/product"}],"replies":[{"embeddable":true,"href":"https:\/\/hotelli03.domainhotelli.fi\/~lsdoecli\/wp-json\/wp\/v2\/comments?post=5122"}],"wp:featuredmedia":[{"embeddable":true,"href":"https:\/\/hotelli03.domainhotelli.fi\/~lsdoecli\/wp-json\/wp\/v2\/media\/5129"}],"wp:attachment":[{"href":"https:\/\/hotelli03.domainhotelli.fi\/~lsdoecli\/wp-json\/wp\/v2\/media?parent=5122"}],"wp:term":[{"taxonomy":"product_cat","embeddable":true,"href":"https:\/\/hotelli03.domainhotelli.fi\/~lsdoecli\/wp-json\/wp\/v2\/product_cat?post=5122"},{"taxonomy":"product_tag","embeddable":true,"href":"https:\/\/hotelli03.domainhotelli.fi\/~lsdoecli\/wp-json\/wp\/v2\/product_tag?post=5122"}],"curies":[{"name":"wp","href":"https:\/\/api.w.org\/{rel}","templated":true}]}}