{"id":5101,"date":"2021-06-29T08:24:51","date_gmt":"2021-06-29T08:24:51","guid":{"rendered":"https:\/\/hotelli03.domainhotelli.fi\/~lsdoecli\/?post_type=product&#038;p=5101"},"modified":"2022-06-09T10:15:15","modified_gmt":"2022-06-09T10:15:15","slug":"vibro-ws-tarinanvaimentimet-kipsilevy-valiseinille","status":"publish","type":"product","link":"https:\/\/hotelli03.domainhotelli.fi\/~lsdoecli\/tuote\/vibro-ws-tarinanvaimentimet-kipsilevy-valiseinille\/","title":{"rendered":"Vibro-WS: T\u00e4rin\u00e4nvaimentimet kipsilevy v\u00e4liseinille."},"content":{"rendered":"<h1>Vibro-WS: T\u00e4rin\u00e4nvaimentimet kipsilevy v\u00e4liseinille.<\/h1>\n<h4>KUVAUS<\/h4>\n<p>Vibro-WS T\u00e4rin\u00e4nvaimentimet on erityisesti suunniteltu homogeeninen kumisuojaj\u00e4rjestelm\u00e4 kipsilevy v\u00e4liseinille. Puolisylinterim\u00e4inen modulaatio niiden pohjassa (WS.75 &amp; 100) ja poikittaiset rei\u00e4t (WS.50) tarjoavat tarvittavan tilan kumin laajenemiseen taipuman ja siten t\u00e4rin\u00e4neristyksen lis\u00e4\u00e4miseksi. Vibro-WS: n kaltevat l\u00e4p\u00e4t peitt\u00e4v\u00e4t alustan kiinnityspultit ja est\u00e4v\u00e4t mahdollisen kosketuksen kipsilevyyn.<\/p>\n<h4>SOVELLUKSET<\/h4>\n<p>Vibro-WS: n k\u00e4ytt\u00f6 kelluvissa kipsilevy seiniss\u00e4:<\/p>\n<ul>\n<li>V\u00e4hent\u00e4\u00e4 reunamelun l\u00e4p\u00e4isy\u00e4.<\/li>\n<li>Keskeyt\u00e4 l\u00e4mp\u00f6sillat ja kosteuden lis\u00e4\u00e4ntyminen kostean lattian ja seinien v\u00e4lill\u00e4.<\/li>\n<\/ul>\n<h4>ASENNUS<\/h4>\n<p>Vibro-WS-kipsilevyjen t\u00e4rin\u00e4nvaimennustuet asennetaan lattia- tai katto-metalliprofiileihin (U-juoksija, leveys 50, 75 tai 100 mm) C-nastojen mukaisesti tai ne voidaan my\u00f6s asentaa yhten\u00e4isesti U-kiskon alle. Ne voidaan kiinnitt\u00e4\u00e4 profiileihin pultilla ja lattiaan tai kattoon laajennusruuveilla. Vapaa tila on t\u00e4ytett\u00e4v\u00e4 \u00e4\u00e4nenvaimennusmateriaalilla (esim. Kivivilla). Osa tai kaikki Vibro-WS-alustan sivul\u00e4p\u00e4t voidaan leikata helposti viillojensa vuoksi sovelluksiin, joiden paksuus on pienempi (esim. Yksi kipsilevy) kuin l\u00e4p\u00e4n pituus. Jokaisessa kiinnitys pisteess\u00e4 on k\u00e4ytett\u00e4v\u00e4 my\u00f6s metallialuslevy\u00e4.<\/p>\n<h4>VAADITTU M\u00c4\u00c4R\u00c4<\/h4>\n<p>2 kpl \/ 60 cm (yksi katossa, yksi lattialla).<\/p>\n<h4>MAKSIMIKUORMA<\/h4>\n<p>80 kg \/ kiinnityskohta.<\/p>\n<p>&nbsp;<\/p>\n<p>Katso my\u00f6s kaikki muut T\u00e4rin\u00e4nvaimentimet <a href=\"https:\/\/hotelli03.domainhotelli.fi\/~lsdoecli\/tuote-osasto\/akustiikka\/\"><span style=\"color: #3366ff;\">t\u00e4st\u00e4!<\/span><\/a><\/p>\n","protected":false},"excerpt":{"rendered":"<p>T\u00e4rin\u00e4nvaimentimet kipsilevyseinille. Sit\u00e4 voidaan k\u00e4ytt\u00e4\u00e4 \u00e4\u00e4nitys- tai harjoitusstudioissa tai miss\u00e4 vaan tarvitaan kelluvaa sein\u00e4\u00e4.<\/p>\n<p>Kolme eri kokoa sis\u00e4mitta: 50mm, 75mm tai 100mm.<\/p>\n","protected":false},"featured_media":5106,"comment_status":"open","ping_status":"closed","template":"","meta":[],"product_cat":[740],"product_tag":[735,734,736,737],"yoast_head":"<!-- This site is optimized with the Yoast SEO Premium plugin v18.9 (Yoast SEO v19.3) - https:\/\/yoast.com\/wordpress\/plugins\/seo\/ -->\n<title>T\u00e4rin\u00e4nvaimentimet kipsilevy v\u00e4liseinille, Vibro-WS | JV Tuonti<\/title>\n<meta name=\"description\" content=\"T\u00e4rin\u00e4nvaimentimet kipsilevy v\u00e4liseinille. Sit\u00e4 voidaan k\u00e4ytt\u00e4\u00e4 \u00e4\u00e4nitys- tai harjoitusstudioissa tai miss\u00e4 vaan tarvitaan kelluvaa sein\u00e4\u00e4.\" \/>\n<meta name=\"robots\" content=\"index, follow, max-snippet:-1, max-image-preview:large, max-video-preview:-1\" \/>\n<link rel=\"canonical\" href=\"https:\/\/hotelli03.domainhotelli.fi\/~lsdoecli\/tuote\/vibro-ws-tarinanvaimentimet-kipsilevy-valiseinille\/\" \/>\n<meta property=\"og:locale\" content=\"fi_FI\" \/>\n<meta property=\"og:type\" content=\"article\" \/>\n<meta property=\"og:title\" content=\"Vibro-WS: T\u00e4rin\u00e4nvaimentimet kipsilevy v\u00e4liseinille.\" \/>\n<meta property=\"og:description\" content=\"T\u00e4rin\u00e4nvaimentimet kipsilevy v\u00e4liseinille. Sit\u00e4 voidaan k\u00e4ytt\u00e4\u00e4 \u00e4\u00e4nitys- tai harjoitusstudioissa tai miss\u00e4 vaan tarvitaan kelluvaa sein\u00e4\u00e4.\" \/>\n<meta property=\"og:url\" content=\"https:\/\/hotelli03.domainhotelli.fi\/~lsdoecli\/tuote\/vibro-ws-tarinanvaimentimet-kipsilevy-valiseinille\/\" \/>\n<meta property=\"og:site_name\" content=\"JV Tuonti\" \/>\n<meta property=\"article:publisher\" content=\"https:\/\/www.facebook.com\/JVTuontiOy\" \/>\n<meta property=\"article:modified_time\" content=\"2022-06-09T10:15:15+00:00\" \/>\n<meta property=\"og:image\" content=\"https:\/\/hotelli03.domainhotelli.fi\/~lsdoecli\/wp-content\/uploads\/2021\/06\/Vibro-WS.jpg\" \/>\n\t<meta property=\"og:image:width\" content=\"280\" \/>\n\t<meta property=\"og:image:height\" content=\"210\" \/>\n\t<meta property=\"og:image:type\" content=\"image\/jpeg\" \/>\n<meta name=\"twitter:card\" content=\"summary_large_image\" \/>\n<meta name=\"twitter:label1\" content=\"Availability\" \/>\n\t<meta name=\"twitter:data1\" content=\"In stock\" \/>\n<script type=\"application\/ld+json\" class=\"yoast-schema-graph\">{\"@context\":\"https:\/\/schema.org\",\"@graph\":[{\"@type\":[\"Organization\",\"Place\",\"WholesaleStore\"],\"@id\":\"https:\/\/hotelli03.domainhotelli.fi\/~lsdoecli\/#organization\",\"name\":\"JV Tuonti Oy\",\"url\":\"https:\/\/hotelli03.domainhotelli.fi\/~lsdoecli\/\",\"sameAs\":[\"https:\/\/instagram.com\/jvtuontioy?utm_medium=copy_link\",\"https:\/\/www.facebook.com\/JVTuontiOy\"],\"logo\":{\"@id\":\"https:\/\/hotelli03.domainhotelli.fi\/~lsdoecli\/tuote\/vibro-ws-tarinanvaimentimet-kipsilevy-valiseinille\/#local-main-organization-logo\"},\"image\":{\"@id\":\"https:\/\/hotelli03.domainhotelli.fi\/~lsdoecli\/tuote\/vibro-ws-tarinanvaimentimet-kipsilevy-valiseinille\/#local-main-organization-logo\"},\"address\":{\"@id\":\"https:\/\/hotelli03.domainhotelli.fi\/~lsdoecli\/tuote\/vibro-ws-tarinanvaimentimet-kipsilevy-valiseinille\/#local-main-place-address\"},\"geo\":{\"@type\":\"GeoCoordinates\",\"latitude\":\"60.28431\",\"longitude\":\"24.81654\"},\"telephone\":[\"0408369980\"],\"openingHoursSpecification\":[{\"@type\":\"OpeningHoursSpecification\",\"dayOfWeek\":[\"Monday\",\"Tuesday\",\"Wednesday\",\"Thursday\",\"Friday\"],\"opens\":\"08:00\",\"closes\":\"16:00\"},{\"@type\":\"OpeningHoursSpecification\",\"dayOfWeek\":[\"Saturday\",\"Sunday\"],\"opens\":\"00:00\",\"closes\":\"00:00\"}],\"email\":\"myynti@hotelli03.domainhotelli.fi\",\"areaServed\":\"Suomi, Ruotsi\",\"vatID\":\"FI30178387\",\"priceRange\":\"$$\",\"currenciesAccepted\":\"\u20ac\",\"paymentAccepted\":\"Lasku, pankkikortti\"},{\"@type\":\"WebSite\",\"@id\":\"https:\/\/hotelli03.domainhotelli.fi\/~lsdoecli\/#website\",\"url\":\"https:\/\/hotelli03.domainhotelli.fi\/~lsdoecli\/\",\"name\":\"JV Tuonti\",\"description\":\"JV Tuonti Oy:n verkkokauppa\",\"publisher\":{\"@id\":\"https:\/\/hotelli03.domainhotelli.fi\/~lsdoecli\/#organization\"},\"potentialAction\":[{\"@type\":\"SearchAction\",\"target\":{\"@type\":\"EntryPoint\",\"urlTemplate\":\"https:\/\/hotelli03.domainhotelli.fi\/~lsdoecli\/?s={search_term_string}\"},\"query-input\":\"required name=search_term_string\"}],\"inLanguage\":\"fi\"},{\"@type\":\"ImageObject\",\"inLanguage\":\"fi\",\"@id\":\"https:\/\/hotelli03.domainhotelli.fi\/~lsdoecli\/tuote\/vibro-ws-tarinanvaimentimet-kipsilevy-valiseinille\/#primaryimage\",\"url\":\"https:\/\/hotelli03.domainhotelli.fi\/~lsdoecli\/wp-content\/uploads\/2021\/06\/Vibro-WS.jpg\",\"contentUrl\":\"https:\/\/hotelli03.domainhotelli.fi\/~lsdoecli\/wp-content\/uploads\/2021\/06\/Vibro-WS.jpg\",\"width\":280,\"height\":210,\"caption\":\"T\u00e4rin\u00e4nvaimentimet kipsilevy v\u00e4liseinille\"},{\"@type\":\"WebPage\",\"@id\":\"https:\/\/hotelli03.domainhotelli.fi\/~lsdoecli\/tuote\/vibro-ws-tarinanvaimentimet-kipsilevy-valiseinille\/\",\"url\":\"https:\/\/hotelli03.domainhotelli.fi\/~lsdoecli\/tuote\/vibro-ws-tarinanvaimentimet-kipsilevy-valiseinille\/\",\"name\":\"T\u00e4rin\u00e4nvaimentimet kipsilevy v\u00e4liseinille, Vibro-WS | JV Tuonti\",\"isPartOf\":{\"@id\":\"https:\/\/hotelli03.domainhotelli.fi\/~lsdoecli\/#website\"},\"primaryImageOfPage\":{\"@id\":\"https:\/\/hotelli03.domainhotelli.fi\/~lsdoecli\/tuote\/vibro-ws-tarinanvaimentimet-kipsilevy-valiseinille\/#primaryimage\"},\"datePublished\":\"2021-06-29T08:24:51+00:00\",\"dateModified\":\"2022-06-09T10:15:15+00:00\",\"description\":\"T\u00e4rin\u00e4nvaimentimet kipsilevy v\u00e4liseinille. Sit\u00e4 voidaan k\u00e4ytt\u00e4\u00e4 \u00e4\u00e4nitys- tai harjoitusstudioissa tai miss\u00e4 vaan tarvitaan kelluvaa sein\u00e4\u00e4.\",\"breadcrumb\":{\"@id\":\"https:\/\/hotelli03.domainhotelli.fi\/~lsdoecli\/tuote\/vibro-ws-tarinanvaimentimet-kipsilevy-valiseinille\/#breadcrumb\"},\"inLanguage\":\"fi\",\"potentialAction\":[{\"@type\":\"ReadAction\",\"target\":[\"https:\/\/hotelli03.domainhotelli.fi\/~lsdoecli\/tuote\/vibro-ws-tarinanvaimentimet-kipsilevy-valiseinille\/\"]}]},{\"@type\":\"BreadcrumbList\",\"@id\":\"https:\/\/hotelli03.domainhotelli.fi\/~lsdoecli\/tuote\/vibro-ws-tarinanvaimentimet-kipsilevy-valiseinille\/#breadcrumb\",\"itemListElement\":[{\"@type\":\"ListItem\",\"position\":1,\"name\":\"Etusivu\",\"item\":\"https:\/\/hotelli03.domainhotelli.fi\/~lsdoecli\/\"},{\"@type\":\"ListItem\",\"position\":2,\"name\":\"Kauppa\",\"item\":\"https:\/\/hotelli03.domainhotelli.fi\/~lsdoecli\/kauppa\/\"},{\"@type\":\"ListItem\",\"position\":3,\"name\":\"Vibro-WS: T\u00e4rin\u00e4nvaimentimet kipsilevy v\u00e4liseinille.\"}]},{\"@type\":\"PostalAddress\",\"@id\":\"https:\/\/hotelli03.domainhotelli.fi\/~lsdoecli\/tuote\/vibro-ws-tarinanvaimentimet-kipsilevy-valiseinille\/#local-main-place-address\",\"streetAddress\":\"Pyymosantie 5a\",\"addressLocality\":\"Vantaa\",\"postalCode\":\"01720\",\"addressCountry\":\"FI\"},{\"@type\":\"ImageObject\",\"inLanguage\":\"fi\",\"@id\":\"https:\/\/hotelli03.domainhotelli.fi\/~lsdoecli\/tuote\/vibro-ws-tarinanvaimentimet-kipsilevy-valiseinille\/#local-main-organization-logo\",\"url\":\"https:\/\/hotelli03.domainhotelli.fi\/~lsdoecli\/wp-content\/uploads\/2021\/08\/JVTuonti_logo_nelio.jpg\",\"contentUrl\":\"https:\/\/hotelli03.domainhotelli.fi\/~lsdoecli\/wp-content\/uploads\/2021\/08\/JVTuonti_logo_nelio.jpg\",\"width\":550,\"height\":550,\"caption\":\"JV Tuonti Oy\"}]}<\/script>\n<meta property=\"og:availability\" content=\"instock\" \/>\n<meta property=\"product:availability\" content=\"instock\" \/>\n<meta property=\"product:condition\" content=\"new\" \/>\n<meta name=\"geo.placename\" content=\"Vantaa\" \/>\n<meta name=\"geo.position\" content=\"60.28431;24.81654\" \/>\n<meta name=\"geo.region\" content=\"Suomi\" \/>\n<!-- \/ Yoast SEO Premium plugin. -->","yoast_head_json":{"title":"T\u00e4rin\u00e4nvaimentimet kipsilevy v\u00e4liseinille, Vibro-WS | JV Tuonti","description":"T\u00e4rin\u00e4nvaimentimet kipsilevy v\u00e4liseinille. Sit\u00e4 voidaan k\u00e4ytt\u00e4\u00e4 \u00e4\u00e4nitys- tai harjoitusstudioissa tai miss\u00e4 vaan tarvitaan kelluvaa sein\u00e4\u00e4.","robots":{"index":"index","follow":"follow","max-snippet":"max-snippet:-1","max-image-preview":"max-image-preview:large","max-video-preview":"max-video-preview:-1"},"canonical":"https:\/\/hotelli03.domainhotelli.fi\/~lsdoecli\/tuote\/vibro-ws-tarinanvaimentimet-kipsilevy-valiseinille\/","og_locale":"fi_FI","og_type":"article","og_title":"Vibro-WS: T\u00e4rin\u00e4nvaimentimet kipsilevy v\u00e4liseinille.","og_description":"T\u00e4rin\u00e4nvaimentimet kipsilevy v\u00e4liseinille. Sit\u00e4 voidaan k\u00e4ytt\u00e4\u00e4 \u00e4\u00e4nitys- tai harjoitusstudioissa tai miss\u00e4 vaan tarvitaan kelluvaa sein\u00e4\u00e4.","og_url":"https:\/\/hotelli03.domainhotelli.fi\/~lsdoecli\/tuote\/vibro-ws-tarinanvaimentimet-kipsilevy-valiseinille\/","og_site_name":"JV Tuonti","article_publisher":"https:\/\/www.facebook.com\/JVTuontiOy","article_modified_time":"2022-06-09T10:15:15+00:00","og_image":[{"width":280,"height":210,"url":"https:\/\/hotelli03.domainhotelli.fi\/~lsdoecli\/wp-content\/uploads\/2021\/06\/Vibro-WS.jpg","type":"image\/jpeg"}],"twitter_card":"summary_large_image","twitter_misc":{"Availability":"In stock"},"schema":{"@context":"https:\/\/schema.org","@graph":[{"@type":["Organization","Place","WholesaleStore"],"@id":"https:\/\/hotelli03.domainhotelli.fi\/~lsdoecli\/#organization","name":"JV Tuonti Oy","url":"https:\/\/hotelli03.domainhotelli.fi\/~lsdoecli\/","sameAs":["https:\/\/instagram.com\/jvtuontioy?utm_medium=copy_link","https:\/\/www.facebook.com\/JVTuontiOy"],"logo":{"@id":"https:\/\/hotelli03.domainhotelli.fi\/~lsdoecli\/tuote\/vibro-ws-tarinanvaimentimet-kipsilevy-valiseinille\/#local-main-organization-logo"},"image":{"@id":"https:\/\/hotelli03.domainhotelli.fi\/~lsdoecli\/tuote\/vibro-ws-tarinanvaimentimet-kipsilevy-valiseinille\/#local-main-organization-logo"},"address":{"@id":"https:\/\/hotelli03.domainhotelli.fi\/~lsdoecli\/tuote\/vibro-ws-tarinanvaimentimet-kipsilevy-valiseinille\/#local-main-place-address"},"geo":{"@type":"GeoCoordinates","latitude":"60.28431","longitude":"24.81654"},"telephone":["0408369980"],"openingHoursSpecification":[{"@type":"OpeningHoursSpecification","dayOfWeek":["Monday","Tuesday","Wednesday","Thursday","Friday"],"opens":"08:00","closes":"16:00"},{"@type":"OpeningHoursSpecification","dayOfWeek":["Saturday","Sunday"],"opens":"00:00","closes":"00:00"}],"email":"myynti@hotelli03.domainhotelli.fi","areaServed":"Suomi, Ruotsi","vatID":"FI30178387","priceRange":"$$","currenciesAccepted":"\u20ac","paymentAccepted":"Lasku, pankkikortti"},{"@type":"WebSite","@id":"https:\/\/hotelli03.domainhotelli.fi\/~lsdoecli\/#website","url":"https:\/\/hotelli03.domainhotelli.fi\/~lsdoecli\/","name":"JV Tuonti","description":"JV Tuonti Oy:n verkkokauppa","publisher":{"@id":"https:\/\/hotelli03.domainhotelli.fi\/~lsdoecli\/#organization"},"potentialAction":[{"@type":"SearchAction","target":{"@type":"EntryPoint","urlTemplate":"https:\/\/hotelli03.domainhotelli.fi\/~lsdoecli\/?s={search_term_string}"},"query-input":"required name=search_term_string"}],"inLanguage":"fi"},{"@type":"ImageObject","inLanguage":"fi","@id":"https:\/\/hotelli03.domainhotelli.fi\/~lsdoecli\/tuote\/vibro-ws-tarinanvaimentimet-kipsilevy-valiseinille\/#primaryimage","url":"https:\/\/hotelli03.domainhotelli.fi\/~lsdoecli\/wp-content\/uploads\/2021\/06\/Vibro-WS.jpg","contentUrl":"https:\/\/hotelli03.domainhotelli.fi\/~lsdoecli\/wp-content\/uploads\/2021\/06\/Vibro-WS.jpg","width":280,"height":210,"caption":"T\u00e4rin\u00e4nvaimentimet kipsilevy v\u00e4liseinille"},{"@type":"WebPage","@id":"https:\/\/hotelli03.domainhotelli.fi\/~lsdoecli\/tuote\/vibro-ws-tarinanvaimentimet-kipsilevy-valiseinille\/","url":"https:\/\/hotelli03.domainhotelli.fi\/~lsdoecli\/tuote\/vibro-ws-tarinanvaimentimet-kipsilevy-valiseinille\/","name":"T\u00e4rin\u00e4nvaimentimet kipsilevy v\u00e4liseinille, Vibro-WS | JV Tuonti","isPartOf":{"@id":"https:\/\/hotelli03.domainhotelli.fi\/~lsdoecli\/#website"},"primaryImageOfPage":{"@id":"https:\/\/hotelli03.domainhotelli.fi\/~lsdoecli\/tuote\/vibro-ws-tarinanvaimentimet-kipsilevy-valiseinille\/#primaryimage"},"datePublished":"2021-06-29T08:24:51+00:00","dateModified":"2022-06-09T10:15:15+00:00","description":"T\u00e4rin\u00e4nvaimentimet kipsilevy v\u00e4liseinille. Sit\u00e4 voidaan k\u00e4ytt\u00e4\u00e4 \u00e4\u00e4nitys- tai harjoitusstudioissa tai miss\u00e4 vaan tarvitaan kelluvaa sein\u00e4\u00e4.","breadcrumb":{"@id":"https:\/\/hotelli03.domainhotelli.fi\/~lsdoecli\/tuote\/vibro-ws-tarinanvaimentimet-kipsilevy-valiseinille\/#breadcrumb"},"inLanguage":"fi","potentialAction":[{"@type":"ReadAction","target":["https:\/\/hotelli03.domainhotelli.fi\/~lsdoecli\/tuote\/vibro-ws-tarinanvaimentimet-kipsilevy-valiseinille\/"]}]},{"@type":"BreadcrumbList","@id":"https:\/\/hotelli03.domainhotelli.fi\/~lsdoecli\/tuote\/vibro-ws-tarinanvaimentimet-kipsilevy-valiseinille\/#breadcrumb","itemListElement":[{"@type":"ListItem","position":1,"name":"Etusivu","item":"https:\/\/hotelli03.domainhotelli.fi\/~lsdoecli\/"},{"@type":"ListItem","position":2,"name":"Kauppa","item":"https:\/\/hotelli03.domainhotelli.fi\/~lsdoecli\/kauppa\/"},{"@type":"ListItem","position":3,"name":"Vibro-WS: T\u00e4rin\u00e4nvaimentimet kipsilevy v\u00e4liseinille."}]},{"@type":"PostalAddress","@id":"https:\/\/hotelli03.domainhotelli.fi\/~lsdoecli\/tuote\/vibro-ws-tarinanvaimentimet-kipsilevy-valiseinille\/#local-main-place-address","streetAddress":"Pyymosantie 5a","addressLocality":"Vantaa","postalCode":"01720","addressCountry":"FI"},{"@type":"ImageObject","inLanguage":"fi","@id":"https:\/\/hotelli03.domainhotelli.fi\/~lsdoecli\/tuote\/vibro-ws-tarinanvaimentimet-kipsilevy-valiseinille\/#local-main-organization-logo","url":"https:\/\/hotelli03.domainhotelli.fi\/~lsdoecli\/wp-content\/uploads\/2021\/08\/JVTuonti_logo_nelio.jpg","contentUrl":"https:\/\/hotelli03.domainhotelli.fi\/~lsdoecli\/wp-content\/uploads\/2021\/08\/JVTuonti_logo_nelio.jpg","width":550,"height":550,"caption":"JV Tuonti Oy"}]},"og_availability":"instock","product_availability":"instock","product_condition":"new","geo.placename":"Vantaa","geo.position":{"lat":"60.28431","long":"24.81654"},"geo.region":"Suomi"},"_links":{"self":[{"href":"https:\/\/hotelli03.domainhotelli.fi\/~lsdoecli\/wp-json\/wp\/v2\/product\/5101"}],"collection":[{"href":"https:\/\/hotelli03.domainhotelli.fi\/~lsdoecli\/wp-json\/wp\/v2\/product"}],"about":[{"href":"https:\/\/hotelli03.domainhotelli.fi\/~lsdoecli\/wp-json\/wp\/v2\/types\/product"}],"replies":[{"embeddable":true,"href":"https:\/\/hotelli03.domainhotelli.fi\/~lsdoecli\/wp-json\/wp\/v2\/comments?post=5101"}],"wp:featuredmedia":[{"embeddable":true,"href":"https:\/\/hotelli03.domainhotelli.fi\/~lsdoecli\/wp-json\/wp\/v2\/media\/5106"}],"wp:attachment":[{"href":"https:\/\/hotelli03.domainhotelli.fi\/~lsdoecli\/wp-json\/wp\/v2\/media?parent=5101"}],"wp:term":[{"taxonomy":"product_cat","embeddable":true,"href":"https:\/\/hotelli03.domainhotelli.fi\/~lsdoecli\/wp-json\/wp\/v2\/product_cat?post=5101"},{"taxonomy":"product_tag","embeddable":true,"href":"https:\/\/hotelli03.domainhotelli.fi\/~lsdoecli\/wp-json\/wp\/v2\/product_tag?post=5101"}],"curies":[{"name":"wp","href":"https:\/\/api.w.org\/{rel}","templated":true}]}}