{"id":5094,"date":"2021-06-29T07:37:33","date_gmt":"2021-06-29T07:37:33","guid":{"rendered":"https:\/\/hotelli03.domainhotelli.fi\/~lsdoecli\/?post_type=product&#038;p=5094"},"modified":"2022-06-09T10:00:14","modified_gmt":"2022-06-09T10:00:14","slug":"vibro-band-tarinanvaimennus-rulla-puulattioille","status":"publish","type":"product","link":"https:\/\/hotelli03.domainhotelli.fi\/~lsdoecli\/tuote\/vibro-band-tarinanvaimennus-rulla-puulattioille\/","title":{"rendered":"Vibro-Band: T\u00e4rin\u00e4nvaimennus rulla puulattioille"},"content":{"rendered":"<h4>K\u00c4YTT\u00d6<\/h4>\n<p>Vibro-Bandia k\u00e4ytet\u00e4\u00e4n v\u00e4rin\u00e4nvaimennuksessa jalkalistojen ja kelluvien puulattioiden v\u00e4lill\u00e4. K\u00e4ytt\u00e4m\u00e4ll\u00e4 Vibro-Bandia \u00e4\u00e4ni ja t\u00e4rin\u00e4 eiv\u00e4t p\u00e4\u00e4se jalkalistojen l\u00e4pi.<\/p>\n<h4>KUVAUS<\/h4>\n<p>T\u00e4rin\u00e4nvaimennusprofiili Vibro-Band on valmistettu erityisest\u00e4 synteettisest\u00e4 kumista.<\/p>\n<p>Sen innovatiivinen muotoilu varmistaa:<br \/>\n\u2022 Helppo asennus.<br \/>\n\u2022 Mahdollisen \u00e4\u00e4nisillan esto.<br \/>\n\u2022 Lattian vedeneristys.<br \/>\n\u2022 Tukeva asennus jalkalistan ja puuparketin v\u00e4liin.<\/p>\n<p>T\u00e4rin\u00e4nvaimennus Vibro-Band, on v\u00e4ltt\u00e4m\u00e4t\u00f6n lis\u00e4varuste naulattuihin puulattioihin, kun sit\u00e4 k\u00e4ytet\u00e4\u00e4n t\u00e4rin\u00e4nvaimentimien Vibro-FM tai Vibro-FS kanssa sivusuunnassa tapahtuvan t\u00e4rin\u00e4n est\u00e4miseksi.<\/p>\n<h4>ASENNUS<\/h4>\n<p>Parketin asennuksen aikana parketin ja sein\u00e4n (4 &#8211; 8 mm) v\u00e4lill\u00e4 on pidett\u00e4v\u00e4 asianmukainen rako \u00e4\u00e4nisillan v\u00e4ltt\u00e4miseksi.<br \/>\nAseta Vibro-Band aukkoon painamalla sit\u00e4. Se on helppo kiinnitt\u00e4\u00e4 l\u00e4ppiens\u00e4 vuoksi, mutta tarvittaessa sen yl\u00e4osa voidaan naulata sein\u00e4lle.<br \/>\nAseta lopuksi jalkalista Vibro-band:in p\u00e4\u00e4lle.<\/p>\n","protected":false},"excerpt":{"rendered":"<p>Vibro-BAND: \u00e4\u00e4 k\u00e4ytet\u00e4\u00e4n t\u00e4rin\u00e4nvaimentimena jalkalistojen ja kelluvien puulattioiden v\u00e4lill\u00e4.<\/p>\n<p>Myyd\u00e4\u00e4n 40 metrin rullassa. (0,60\u20ac metri).<\/p>\n","protected":false},"featured_media":5097,"comment_status":"open","ping_status":"closed","template":"","meta":[],"product_cat":[593],"product_tag":[739,735,734,736],"yoast_head":"<!-- This site is optimized with the Yoast SEO Premium plugin v18.9 (Yoast SEO v19.3) - https:\/\/yoast.com\/wordpress\/plugins\/seo\/ -->\n<title>JV Tuonti | Vibro-Band: T\u00e4rin\u00e4nvaimennus rulla puulattioille<\/title>\n<meta name=\"description\" content=\"Vibro-BAND: \u00e4\u00e4 k\u00e4ytet\u00e4\u00e4n t\u00e4rin\u00e4nvaimentimena jalkalistojen ja kelluvien puulattioiden v\u00e4lill\u00e4.  Myyd\u00e4\u00e4n 40 metrin rullassa. (0,60\u20ac metri).\" \/>\n<meta name=\"robots\" content=\"index, follow, max-snippet:-1, max-image-preview:large, max-video-preview:-1\" \/>\n<link rel=\"canonical\" href=\"https:\/\/hotelli03.domainhotelli.fi\/~lsdoecli\/tuote\/vibro-band-tarinanvaimennus-rulla-puulattioille\/\" \/>\n<meta property=\"og:locale\" content=\"fi_FI\" \/>\n<meta property=\"og:type\" content=\"article\" \/>\n<meta property=\"og:title\" content=\"Vibro-Band: T\u00e4rin\u00e4nvaimennus rulla puulattioille\" \/>\n<meta property=\"og:description\" content=\"Vibro-BAND: \u00e4\u00e4 k\u00e4ytet\u00e4\u00e4n t\u00e4rin\u00e4nvaimentimena jalkalistojen ja kelluvien puulattioiden v\u00e4lill\u00e4.  Myyd\u00e4\u00e4n 40 metrin rullassa. (0,60\u20ac metri).\" \/>\n<meta property=\"og:url\" content=\"https:\/\/hotelli03.domainhotelli.fi\/~lsdoecli\/tuote\/vibro-band-tarinanvaimennus-rulla-puulattioille\/\" \/>\n<meta property=\"og:site_name\" content=\"JV Tuonti\" \/>\n<meta property=\"article:publisher\" content=\"https:\/\/www.facebook.com\/JVTuontiOy\" \/>\n<meta property=\"article:modified_time\" content=\"2022-06-09T10:00:14+00:00\" \/>\n<meta property=\"og:image\" content=\"https:\/\/hotelli03.domainhotelli.fi\/~lsdoecli\/wp-content\/uploads\/2021\/06\/vibro-band-1-640x572-1.jpg\" \/>\n\t<meta property=\"og:image:width\" content=\"640\" \/>\n\t<meta property=\"og:image:height\" content=\"572\" \/>\n\t<meta property=\"og:image:type\" content=\"image\/jpeg\" \/>\n<meta name=\"twitter:card\" content=\"summary_large_image\" \/>\n<meta name=\"twitter:label1\" content=\"Price\" \/>\n\t<meta name=\"twitter:data1\" content=\"74,40&nbsp;&euro; Alv 24%N\u00e4yt\u00e4 veroton hinta60,00&nbsp;&euro; Alv 0%N\u00e4yt\u00e4 verollinen hinta\" \/>\n\t<meta name=\"twitter:label2\" content=\"Availability\" \/>\n\t<meta name=\"twitter:data2\" content=\"On backorder\" \/>\n<script type=\"application\/ld+json\" class=\"yoast-schema-graph\">{\"@context\":\"https:\/\/schema.org\",\"@graph\":[{\"@type\":[\"Organization\",\"Place\",\"WholesaleStore\"],\"@id\":\"https:\/\/hotelli03.domainhotelli.fi\/~lsdoecli\/#organization\",\"name\":\"JV Tuonti Oy\",\"url\":\"https:\/\/hotelli03.domainhotelli.fi\/~lsdoecli\/\",\"sameAs\":[\"https:\/\/instagram.com\/jvtuontioy?utm_medium=copy_link\",\"https:\/\/www.facebook.com\/JVTuontiOy\"],\"logo\":{\"@id\":\"https:\/\/hotelli03.domainhotelli.fi\/~lsdoecli\/tuote\/vibro-band-tarinanvaimennus-rulla-puulattioille\/#local-main-organization-logo\"},\"image\":{\"@id\":\"https:\/\/hotelli03.domainhotelli.fi\/~lsdoecli\/tuote\/vibro-band-tarinanvaimennus-rulla-puulattioille\/#local-main-organization-logo\"},\"address\":{\"@id\":\"https:\/\/hotelli03.domainhotelli.fi\/~lsdoecli\/tuote\/vibro-band-tarinanvaimennus-rulla-puulattioille\/#local-main-place-address\"},\"geo\":{\"@type\":\"GeoCoordinates\",\"latitude\":\"60.28431\",\"longitude\":\"24.81654\"},\"telephone\":[\"0408369980\"],\"openingHoursSpecification\":[{\"@type\":\"OpeningHoursSpecification\",\"dayOfWeek\":[\"Monday\",\"Tuesday\",\"Wednesday\",\"Thursday\",\"Friday\"],\"opens\":\"08:00\",\"closes\":\"16:00\"},{\"@type\":\"OpeningHoursSpecification\",\"dayOfWeek\":[\"Saturday\",\"Sunday\"],\"opens\":\"00:00\",\"closes\":\"00:00\"}],\"email\":\"myynti@hotelli03.domainhotelli.fi\",\"areaServed\":\"Suomi, Ruotsi\",\"vatID\":\"FI30178387\",\"priceRange\":\"$$\",\"currenciesAccepted\":\"\u20ac\",\"paymentAccepted\":\"Lasku, pankkikortti\"},{\"@type\":\"WebSite\",\"@id\":\"https:\/\/hotelli03.domainhotelli.fi\/~lsdoecli\/#website\",\"url\":\"https:\/\/hotelli03.domainhotelli.fi\/~lsdoecli\/\",\"name\":\"JV Tuonti\",\"description\":\"JV Tuonti Oy:n verkkokauppa\",\"publisher\":{\"@id\":\"https:\/\/hotelli03.domainhotelli.fi\/~lsdoecli\/#organization\"},\"potentialAction\":[{\"@type\":\"SearchAction\",\"target\":{\"@type\":\"EntryPoint\",\"urlTemplate\":\"https:\/\/hotelli03.domainhotelli.fi\/~lsdoecli\/?s={search_term_string}\"},\"query-input\":\"required name=search_term_string\"}],\"inLanguage\":\"fi\"},{\"@type\":\"ImageObject\",\"inLanguage\":\"fi\",\"@id\":\"https:\/\/hotelli03.domainhotelli.fi\/~lsdoecli\/tuote\/vibro-band-tarinanvaimennus-rulla-puulattioille\/#primaryimage\",\"url\":\"https:\/\/hotelli03.domainhotelli.fi\/~lsdoecli\/wp-content\/uploads\/2021\/06\/vibro-band-1-640x572-1.jpg\",\"contentUrl\":\"https:\/\/hotelli03.domainhotelli.fi\/~lsdoecli\/wp-content\/uploads\/2021\/06\/vibro-band-1-640x572-1.jpg\",\"width\":640,\"height\":572},{\"@type\":\"WebPage\",\"@id\":\"https:\/\/hotelli03.domainhotelli.fi\/~lsdoecli\/tuote\/vibro-band-tarinanvaimennus-rulla-puulattioille\/\",\"url\":\"https:\/\/hotelli03.domainhotelli.fi\/~lsdoecli\/tuote\/vibro-band-tarinanvaimennus-rulla-puulattioille\/\",\"name\":\"JV Tuonti | Vibro-Band: T\u00e4rin\u00e4nvaimennus rulla puulattioille\",\"isPartOf\":{\"@id\":\"https:\/\/hotelli03.domainhotelli.fi\/~lsdoecli\/#website\"},\"primaryImageOfPage\":{\"@id\":\"https:\/\/hotelli03.domainhotelli.fi\/~lsdoecli\/tuote\/vibro-band-tarinanvaimennus-rulla-puulattioille\/#primaryimage\"},\"datePublished\":\"2021-06-29T07:37:33+00:00\",\"dateModified\":\"2022-06-09T10:00:14+00:00\",\"description\":\"Vibro-BAND: \u00e4\u00e4 k\u00e4ytet\u00e4\u00e4n t\u00e4rin\u00e4nvaimentimena jalkalistojen ja kelluvien puulattioiden v\u00e4lill\u00e4. Myyd\u00e4\u00e4n 40 metrin rullassa. (0,60\u20ac metri).\",\"breadcrumb\":{\"@id\":\"https:\/\/hotelli03.domainhotelli.fi\/~lsdoecli\/tuote\/vibro-band-tarinanvaimennus-rulla-puulattioille\/#breadcrumb\"},\"inLanguage\":\"fi\",\"potentialAction\":[{\"@type\":\"ReadAction\",\"target\":[\"https:\/\/hotelli03.domainhotelli.fi\/~lsdoecli\/tuote\/vibro-band-tarinanvaimennus-rulla-puulattioille\/\"]}]},{\"@type\":\"BreadcrumbList\",\"@id\":\"https:\/\/hotelli03.domainhotelli.fi\/~lsdoecli\/tuote\/vibro-band-tarinanvaimennus-rulla-puulattioille\/#breadcrumb\",\"itemListElement\":[{\"@type\":\"ListItem\",\"position\":1,\"name\":\"Etusivu\",\"item\":\"https:\/\/hotelli03.domainhotelli.fi\/~lsdoecli\/\"},{\"@type\":\"ListItem\",\"position\":2,\"name\":\"Kauppa\",\"item\":\"https:\/\/hotelli03.domainhotelli.fi\/~lsdoecli\/kauppa\/\"},{\"@type\":\"ListItem\",\"position\":3,\"name\":\"Vibro-Band: T\u00e4rin\u00e4nvaimennus rulla puulattioille\"}]},{\"@type\":\"PostalAddress\",\"@id\":\"https:\/\/hotelli03.domainhotelli.fi\/~lsdoecli\/tuote\/vibro-band-tarinanvaimennus-rulla-puulattioille\/#local-main-place-address\",\"streetAddress\":\"Pyymosantie 5a\",\"addressLocality\":\"Vantaa\",\"postalCode\":\"01720\",\"addressCountry\":\"FI\"},{\"@type\":\"ImageObject\",\"inLanguage\":\"fi\",\"@id\":\"https:\/\/hotelli03.domainhotelli.fi\/~lsdoecli\/tuote\/vibro-band-tarinanvaimennus-rulla-puulattioille\/#local-main-organization-logo\",\"url\":\"https:\/\/hotelli03.domainhotelli.fi\/~lsdoecli\/wp-content\/uploads\/2021\/08\/JVTuonti_logo_nelio.jpg\",\"contentUrl\":\"https:\/\/hotelli03.domainhotelli.fi\/~lsdoecli\/wp-content\/uploads\/2021\/08\/JVTuonti_logo_nelio.jpg\",\"width\":550,\"height\":550,\"caption\":\"JV Tuonti Oy\"}]}<\/script>\n<meta property=\"product:price:amount\" content=\"74.40\" \/>\n<meta property=\"product:price:currency\" content=\"EUR\" \/>\n<meta property=\"og:availability\" content=\"backorder\" \/>\n<meta property=\"product:availability\" content=\"available for order\" \/>\n<meta property=\"product:retailer_item_id\" content=\"Vibro-band\" \/>\n<meta property=\"product:condition\" content=\"new\" \/>\n<meta name=\"geo.placename\" content=\"Vantaa\" \/>\n<meta name=\"geo.position\" content=\"60.28431;24.81654\" \/>\n<meta name=\"geo.region\" content=\"Suomi\" \/>\n<!-- \/ Yoast SEO Premium plugin. -->","yoast_head_json":{"title":"JV Tuonti | Vibro-Band: T\u00e4rin\u00e4nvaimennus rulla puulattioille","description":"Vibro-BAND: \u00e4\u00e4 k\u00e4ytet\u00e4\u00e4n t\u00e4rin\u00e4nvaimentimena jalkalistojen ja kelluvien puulattioiden v\u00e4lill\u00e4.  Myyd\u00e4\u00e4n 40 metrin rullassa. (0,60\u20ac metri).","robots":{"index":"index","follow":"follow","max-snippet":"max-snippet:-1","max-image-preview":"max-image-preview:large","max-video-preview":"max-video-preview:-1"},"canonical":"https:\/\/hotelli03.domainhotelli.fi\/~lsdoecli\/tuote\/vibro-band-tarinanvaimennus-rulla-puulattioille\/","og_locale":"fi_FI","og_type":"article","og_title":"Vibro-Band: T\u00e4rin\u00e4nvaimennus rulla puulattioille","og_description":"Vibro-BAND: \u00e4\u00e4 k\u00e4ytet\u00e4\u00e4n t\u00e4rin\u00e4nvaimentimena jalkalistojen ja kelluvien puulattioiden v\u00e4lill\u00e4.  Myyd\u00e4\u00e4n 40 metrin rullassa. (0,60\u20ac metri).","og_url":"https:\/\/hotelli03.domainhotelli.fi\/~lsdoecli\/tuote\/vibro-band-tarinanvaimennus-rulla-puulattioille\/","og_site_name":"JV Tuonti","article_publisher":"https:\/\/www.facebook.com\/JVTuontiOy","article_modified_time":"2022-06-09T10:00:14+00:00","og_image":[{"width":640,"height":572,"url":"https:\/\/hotelli03.domainhotelli.fi\/~lsdoecli\/wp-content\/uploads\/2021\/06\/vibro-band-1-640x572-1.jpg","type":"image\/jpeg"}],"twitter_card":"summary_large_image","twitter_misc":{"Price":"74,40&nbsp;&euro; Alv 24%N\u00e4yt\u00e4 veroton hinta60,00&nbsp;&euro; Alv 0%N\u00e4yt\u00e4 verollinen hinta","Availability":"On backorder"},"schema":{"@context":"https:\/\/schema.org","@graph":[{"@type":["Organization","Place","WholesaleStore"],"@id":"https:\/\/hotelli03.domainhotelli.fi\/~lsdoecli\/#organization","name":"JV Tuonti Oy","url":"https:\/\/hotelli03.domainhotelli.fi\/~lsdoecli\/","sameAs":["https:\/\/instagram.com\/jvtuontioy?utm_medium=copy_link","https:\/\/www.facebook.com\/JVTuontiOy"],"logo":{"@id":"https:\/\/hotelli03.domainhotelli.fi\/~lsdoecli\/tuote\/vibro-band-tarinanvaimennus-rulla-puulattioille\/#local-main-organization-logo"},"image":{"@id":"https:\/\/hotelli03.domainhotelli.fi\/~lsdoecli\/tuote\/vibro-band-tarinanvaimennus-rulla-puulattioille\/#local-main-organization-logo"},"address":{"@id":"https:\/\/hotelli03.domainhotelli.fi\/~lsdoecli\/tuote\/vibro-band-tarinanvaimennus-rulla-puulattioille\/#local-main-place-address"},"geo":{"@type":"GeoCoordinates","latitude":"60.28431","longitude":"24.81654"},"telephone":["0408369980"],"openingHoursSpecification":[{"@type":"OpeningHoursSpecification","dayOfWeek":["Monday","Tuesday","Wednesday","Thursday","Friday"],"opens":"08:00","closes":"16:00"},{"@type":"OpeningHoursSpecification","dayOfWeek":["Saturday","Sunday"],"opens":"00:00","closes":"00:00"}],"email":"myynti@hotelli03.domainhotelli.fi","areaServed":"Suomi, Ruotsi","vatID":"FI30178387","priceRange":"$$","currenciesAccepted":"\u20ac","paymentAccepted":"Lasku, pankkikortti"},{"@type":"WebSite","@id":"https:\/\/hotelli03.domainhotelli.fi\/~lsdoecli\/#website","url":"https:\/\/hotelli03.domainhotelli.fi\/~lsdoecli\/","name":"JV Tuonti","description":"JV Tuonti Oy:n verkkokauppa","publisher":{"@id":"https:\/\/hotelli03.domainhotelli.fi\/~lsdoecli\/#organization"},"potentialAction":[{"@type":"SearchAction","target":{"@type":"EntryPoint","urlTemplate":"https:\/\/hotelli03.domainhotelli.fi\/~lsdoecli\/?s={search_term_string}"},"query-input":"required name=search_term_string"}],"inLanguage":"fi"},{"@type":"ImageObject","inLanguage":"fi","@id":"https:\/\/hotelli03.domainhotelli.fi\/~lsdoecli\/tuote\/vibro-band-tarinanvaimennus-rulla-puulattioille\/#primaryimage","url":"https:\/\/hotelli03.domainhotelli.fi\/~lsdoecli\/wp-content\/uploads\/2021\/06\/vibro-band-1-640x572-1.jpg","contentUrl":"https:\/\/hotelli03.domainhotelli.fi\/~lsdoecli\/wp-content\/uploads\/2021\/06\/vibro-band-1-640x572-1.jpg","width":640,"height":572},{"@type":"WebPage","@id":"https:\/\/hotelli03.domainhotelli.fi\/~lsdoecli\/tuote\/vibro-band-tarinanvaimennus-rulla-puulattioille\/","url":"https:\/\/hotelli03.domainhotelli.fi\/~lsdoecli\/tuote\/vibro-band-tarinanvaimennus-rulla-puulattioille\/","name":"JV Tuonti | Vibro-Band: T\u00e4rin\u00e4nvaimennus rulla puulattioille","isPartOf":{"@id":"https:\/\/hotelli03.domainhotelli.fi\/~lsdoecli\/#website"},"primaryImageOfPage":{"@id":"https:\/\/hotelli03.domainhotelli.fi\/~lsdoecli\/tuote\/vibro-band-tarinanvaimennus-rulla-puulattioille\/#primaryimage"},"datePublished":"2021-06-29T07:37:33+00:00","dateModified":"2022-06-09T10:00:14+00:00","description":"Vibro-BAND: \u00e4\u00e4 k\u00e4ytet\u00e4\u00e4n t\u00e4rin\u00e4nvaimentimena jalkalistojen ja kelluvien puulattioiden v\u00e4lill\u00e4. Myyd\u00e4\u00e4n 40 metrin rullassa. (0,60\u20ac metri).","breadcrumb":{"@id":"https:\/\/hotelli03.domainhotelli.fi\/~lsdoecli\/tuote\/vibro-band-tarinanvaimennus-rulla-puulattioille\/#breadcrumb"},"inLanguage":"fi","potentialAction":[{"@type":"ReadAction","target":["https:\/\/hotelli03.domainhotelli.fi\/~lsdoecli\/tuote\/vibro-band-tarinanvaimennus-rulla-puulattioille\/"]}]},{"@type":"BreadcrumbList","@id":"https:\/\/hotelli03.domainhotelli.fi\/~lsdoecli\/tuote\/vibro-band-tarinanvaimennus-rulla-puulattioille\/#breadcrumb","itemListElement":[{"@type":"ListItem","position":1,"name":"Etusivu","item":"https:\/\/hotelli03.domainhotelli.fi\/~lsdoecli\/"},{"@type":"ListItem","position":2,"name":"Kauppa","item":"https:\/\/hotelli03.domainhotelli.fi\/~lsdoecli\/kauppa\/"},{"@type":"ListItem","position":3,"name":"Vibro-Band: T\u00e4rin\u00e4nvaimennus rulla puulattioille"}]},{"@type":"PostalAddress","@id":"https:\/\/hotelli03.domainhotelli.fi\/~lsdoecli\/tuote\/vibro-band-tarinanvaimennus-rulla-puulattioille\/#local-main-place-address","streetAddress":"Pyymosantie 5a","addressLocality":"Vantaa","postalCode":"01720","addressCountry":"FI"},{"@type":"ImageObject","inLanguage":"fi","@id":"https:\/\/hotelli03.domainhotelli.fi\/~lsdoecli\/tuote\/vibro-band-tarinanvaimennus-rulla-puulattioille\/#local-main-organization-logo","url":"https:\/\/hotelli03.domainhotelli.fi\/~lsdoecli\/wp-content\/uploads\/2021\/08\/JVTuonti_logo_nelio.jpg","contentUrl":"https:\/\/hotelli03.domainhotelli.fi\/~lsdoecli\/wp-content\/uploads\/2021\/08\/JVTuonti_logo_nelio.jpg","width":550,"height":550,"caption":"JV Tuonti Oy"}]},"product_price_amount":"74.40","product_price_currency":"EUR","og_availability":"backorder","product_availability":"available for order","product_retailer_item_id":"Vibro-band","product_condition":"new","geo.placename":"Vantaa","geo.position":{"lat":"60.28431","long":"24.81654"},"geo.region":"Suomi"},"_links":{"self":[{"href":"https:\/\/hotelli03.domainhotelli.fi\/~lsdoecli\/wp-json\/wp\/v2\/product\/5094"}],"collection":[{"href":"https:\/\/hotelli03.domainhotelli.fi\/~lsdoecli\/wp-json\/wp\/v2\/product"}],"about":[{"href":"https:\/\/hotelli03.domainhotelli.fi\/~lsdoecli\/wp-json\/wp\/v2\/types\/product"}],"replies":[{"embeddable":true,"href":"https:\/\/hotelli03.domainhotelli.fi\/~lsdoecli\/wp-json\/wp\/v2\/comments?post=5094"}],"wp:featuredmedia":[{"embeddable":true,"href":"https:\/\/hotelli03.domainhotelli.fi\/~lsdoecli\/wp-json\/wp\/v2\/media\/5097"}],"wp:attachment":[{"href":"https:\/\/hotelli03.domainhotelli.fi\/~lsdoecli\/wp-json\/wp\/v2\/media?parent=5094"}],"wp:term":[{"taxonomy":"product_cat","embeddable":true,"href":"https:\/\/hotelli03.domainhotelli.fi\/~lsdoecli\/wp-json\/wp\/v2\/product_cat?post=5094"},{"taxonomy":"product_tag","embeddable":true,"href":"https:\/\/hotelli03.domainhotelli.fi\/~lsdoecli\/wp-json\/wp\/v2\/product_tag?post=5094"}],"curies":[{"name":"wp","href":"https:\/\/api.w.org\/{rel}","templated":true}]}}