{"id":5057,"date":"2021-06-29T06:23:08","date_gmt":"2021-06-29T06:23:08","guid":{"rendered":"https:\/\/hotelli03.domainhotelli.fi\/~lsdoecli\/?post_type=product&#038;p=5057"},"modified":"2022-09-13T15:56:04","modified_gmt":"2022-09-13T15:56:04","slug":"vibro-fs-tarinanvaimennus-kannakke-puulattioille","status":"publish","type":"product","link":"https:\/\/hotelli03.domainhotelli.fi\/~lsdoecli\/tuote\/vibro-fs-tarinanvaimennus-kannakke-puulattioille\/","title":{"rendered":"Vibro-FS t\u00e4rin\u00e4nvaimennus kannake puulattioille askel\u00e4\u00e4nen vaimennus"},"content":{"rendered":"<h1>Vibro-FS t\u00e4rin\u00e4nvaimennus kannake puulattioille askel\u00e4\u00e4nen vaimennus<\/h1>\n<p>Vibro-FS t\u00e4rin\u00e4nvaimennus kannake puulattioille on elastomeerinen kannatusj\u00e4rjestelm\u00e4, joka on kehitetty v\u00e4hent\u00e4m\u00e4\u00e4n puulattioiden askel\u00e4\u00e4nen haittaa ja iskumelua. Kannakkeessa on U muotoiset l\u00e4p\u00e4t, jotka on suunniteltu 48 x 48 mm koolaukselle. 48 x 48 puurunko menee suoraan U mutoisten l\u00e4ppien v\u00e4liin.<\/p>\n<p>Askel\u00e4\u00e4ni on \u00e4\u00e4ni joka syntyy, kun yl\u00e4kerran asunnossa joku k\u00e4velee tai siirt\u00e4\u00e4 tavaroita ja siit\u00e4 syntyv\u00e4 \u00e4\u00e4ni kantautuu alakerran asuntoon.\u00a0Iskumelu tarkoittaa \u00e4\u00e4nt\u00e4, joka syntyy, kun lyhytkestoinen impulssi vaikuttaa suoraan rakenteeseen.<\/p>\n<p>Kannakkeen k\u00e4ytt\u00f6 lattian koolauksen alla, v\u00e4hent\u00e4 isku\u00e4\u00e4nen ja askel\u00e4\u00e4n melua yl\u00e4kerrasta alapuolelle. Lis\u00e4ksi se est\u00e4\u00e4 l\u00e4mp\u00f6siltojen ja akustisten siltojen syntymisen ja\u00a0parantaa kevyiden v\u00e4liseinien \u00e4\u00e4nieristyst\u00e4.<\/p>\n<p>K\u00e4ytet\u00e4\u00e4n ensisijaisesti:<\/p>\n<ul>\n<li>kouluissa<\/li>\n<li>tanssilattoissa<\/li>\n<li>liikuntahallien lattioissa<\/li>\n<li>voidaan my\u00f6s k\u00e4ytt\u00e4\u00e4 asuinrakennuksissa<\/li>\n<\/ul>\n<h2>Vibro-FS asennusohje kelluva lattia<\/h2>\n<p>Kelluvan sein\u00e4n koolaus- tai ter\u00e4srunko asenetaan suoraan t\u00e4rin\u00e4nvaimennus kannake p\u00e4\u00e4lle (U muotoon) ja kiinnitet\u00e4\u00e4n kumisista sivul\u00e4ppist\u00e4 ruuveilla.<\/p>\n<p>T\u00e4rin\u00e4nvaimennin voidaan kiinnitt\u00e4\u00e4 lattialle (tai sein\u00e4lle) betoniruuveilla, yleisruuveilla tai nauloilla. K\u00e4yt\u00e4 jokaisessa kiinnityskohdassa metallista aluslevy\u00e4 (tulee mukana). Lattian tulee olla irti sein\u00e4st\u00e4. K\u00e4yt\u00e4 t\u00e4h\u00e4n tarkoitukseen\u00a0elastista profiili VIBRO-nauha\u00a0tulisi levitt\u00e4\u00e4 lattian ja sein\u00e4n v\u00e4liin.<\/p>\n<p><a href=\"https:\/\/hotelli03.domainhotelli.fi\/~lsdoecli\/wp-content\/uploads\/2021\/06\/FS-application-3d-150x150-1.jpg\"><img loading=\"lazy\" class=\"alignnone size-full wp-image-5071\" src=\"https:\/\/hotelli03.domainhotelli.fi\/~lsdoecli\/wp-content\/uploads\/2021\/06\/FS-application-3d-150x150-1.jpg\" alt=\"\" width=\"150\" height=\"150\" \/><\/a><\/p>\n<p>&nbsp;<\/p>\n<p>Suositeltu m\u00e4\u00e4r\u00e4 on 6-8 per m\u00b2, maksimikuorma: 80 daN \/ kiinnityskohta.<\/p>\n","protected":false},"excerpt":{"rendered":"<p>Vibro-FS on puulattioiden t\u00e4rin\u00e4nvaimennus kannake, joka vaimentaa askel\u00e4\u00e4nt\u00e4 ja iskumelua.<\/p>\n<p>Sit\u00e4 k\u00e4ytet\u00e4\u00e4n ensisijaisesti kuntosaleissa, tanssisaleissa, koripallokentill\u00e4, mutta sit\u00e4 voidaan k\u00e4ytt\u00e4\u00e4 my\u00f6s kodeissa.<\/p>\n","protected":false},"featured_media":5058,"comment_status":"open","ping_status":"closed","template":"","meta":[],"product_cat":[593],"product_tag":[738,739,735,734,736,737],"yoast_head":"<!-- This site is optimized with the Yoast SEO Premium plugin v18.9 (Yoast SEO v19.3) - https:\/\/yoast.com\/wordpress\/plugins\/seo\/ -->\n<title>Vibro-FS t\u00e4rin\u00e4nvaimennus kannake puulattioille askel\u00e4\u00e4nen vaimennus<\/title>\n<meta name=\"description\" content=\"Vibro-FS on t\u00e4rin\u00e4nvaimennus kannake, joka vaimentaa puulattioiden askel\u00e4\u00e4nen ja isku\u00e4\u00e4nen melua. Sopii kuntosaleille, urheilulattiat, jne.\" \/>\n<meta name=\"robots\" content=\"index, follow, max-snippet:-1, max-image-preview:large, max-video-preview:-1\" \/>\n<link rel=\"canonical\" href=\"https:\/\/hotelli03.domainhotelli.fi\/~lsdoecli\/tuote\/vibro-fs-tarinanvaimennus-kannakke-puulattioille\/\" \/>\n<meta property=\"og:locale\" content=\"fi_FI\" \/>\n<meta property=\"og:type\" content=\"article\" \/>\n<meta property=\"og:title\" content=\"Vibro-FS t\u00e4rin\u00e4nvaimennus kannake puulattioille askel\u00e4\u00e4nen vaimennus\" \/>\n<meta property=\"og:description\" content=\"Vibro-FS on t\u00e4rin\u00e4nvaimennus kannake, joka vaimentaa puulattioiden askel\u00e4\u00e4nen ja isku\u00e4\u00e4nen melua. Sopii kuntosaleille, urheilulattiat, jne.\" \/>\n<meta property=\"og:url\" content=\"https:\/\/hotelli03.domainhotelli.fi\/~lsdoecli\/tuote\/vibro-fs-tarinanvaimennus-kannakke-puulattioille\/\" \/>\n<meta property=\"og:site_name\" content=\"JV Tuonti\" \/>\n<meta property=\"article:publisher\" content=\"https:\/\/www.facebook.com\/JVTuontiOy\" \/>\n<meta property=\"article:modified_time\" content=\"2022-09-13T15:56:04+00:00\" \/>\n<meta property=\"og:image\" content=\"https:\/\/hotelli03.domainhotelli.fi\/~lsdoecli\/wp-content\/uploads\/2021\/06\/VIBRO-FS.jpg\" \/>\n\t<meta property=\"og:image:width\" content=\"280\" \/>\n\t<meta property=\"og:image:height\" content=\"210\" \/>\n\t<meta property=\"og:image:type\" content=\"image\/jpeg\" \/>\n<meta name=\"twitter:card\" content=\"summary_large_image\" \/>\n<meta name=\"twitter:label1\" content=\"Price\" \/>\n\t<meta name=\"twitter:data1\" content=\"2,07&nbsp;&euro; Alv 24%N\u00e4yt\u00e4 veroton hinta1,67&nbsp;&euro; Alv 0%N\u00e4yt\u00e4 verollinen hinta\" \/>\n\t<meta name=\"twitter:label2\" content=\"Availability\" \/>\n\t<meta name=\"twitter:data2\" content=\"In stock\" \/>\n<script type=\"application\/ld+json\" class=\"yoast-schema-graph\">{\"@context\":\"https:\/\/schema.org\",\"@graph\":[{\"@type\":[\"Organization\",\"Place\",\"WholesaleStore\"],\"@id\":\"https:\/\/hotelli03.domainhotelli.fi\/~lsdoecli\/#organization\",\"name\":\"JV Tuonti Oy\",\"url\":\"https:\/\/hotelli03.domainhotelli.fi\/~lsdoecli\/\",\"sameAs\":[\"https:\/\/instagram.com\/jvtuontioy?utm_medium=copy_link\",\"https:\/\/www.facebook.com\/JVTuontiOy\"],\"logo\":{\"@id\":\"https:\/\/hotelli03.domainhotelli.fi\/~lsdoecli\/tuote\/vibro-fs-tarinanvaimennus-kannakke-puulattioille\/#local-main-organization-logo\"},\"image\":{\"@id\":\"https:\/\/hotelli03.domainhotelli.fi\/~lsdoecli\/tuote\/vibro-fs-tarinanvaimennus-kannakke-puulattioille\/#local-main-organization-logo\"},\"address\":{\"@id\":\"https:\/\/hotelli03.domainhotelli.fi\/~lsdoecli\/tuote\/vibro-fs-tarinanvaimennus-kannakke-puulattioille\/#local-main-place-address\"},\"geo\":{\"@type\":\"GeoCoordinates\",\"latitude\":\"60.28431\",\"longitude\":\"24.81654\"},\"telephone\":[\"0408369980\"],\"openingHoursSpecification\":[{\"@type\":\"OpeningHoursSpecification\",\"dayOfWeek\":[\"Monday\",\"Tuesday\",\"Wednesday\",\"Thursday\",\"Friday\"],\"opens\":\"08:00\",\"closes\":\"16:00\"},{\"@type\":\"OpeningHoursSpecification\",\"dayOfWeek\":[\"Saturday\",\"Sunday\"],\"opens\":\"00:00\",\"closes\":\"00:00\"}],\"email\":\"myynti@hotelli03.domainhotelli.fi\",\"areaServed\":\"Suomi, Ruotsi\",\"vatID\":\"FI30178387\",\"priceRange\":\"$$\",\"currenciesAccepted\":\"\u20ac\",\"paymentAccepted\":\"Lasku, pankkikortti\"},{\"@type\":\"WebSite\",\"@id\":\"https:\/\/hotelli03.domainhotelli.fi\/~lsdoecli\/#website\",\"url\":\"https:\/\/hotelli03.domainhotelli.fi\/~lsdoecli\/\",\"name\":\"JV Tuonti\",\"description\":\"JV Tuonti Oy:n verkkokauppa\",\"publisher\":{\"@id\":\"https:\/\/hotelli03.domainhotelli.fi\/~lsdoecli\/#organization\"},\"potentialAction\":[{\"@type\":\"SearchAction\",\"target\":{\"@type\":\"EntryPoint\",\"urlTemplate\":\"https:\/\/hotelli03.domainhotelli.fi\/~lsdoecli\/?s={search_term_string}\"},\"query-input\":\"required name=search_term_string\"}],\"inLanguage\":\"fi\"},{\"@type\":\"ImageObject\",\"inLanguage\":\"fi\",\"@id\":\"https:\/\/hotelli03.domainhotelli.fi\/~lsdoecli\/tuote\/vibro-fs-tarinanvaimennus-kannakke-puulattioille\/#primaryimage\",\"url\":\"https:\/\/hotelli03.domainhotelli.fi\/~lsdoecli\/wp-content\/uploads\/2021\/06\/VIBRO-FS.jpg\",\"contentUrl\":\"https:\/\/hotelli03.domainhotelli.fi\/~lsdoecli\/wp-content\/uploads\/2021\/06\/VIBRO-FS.jpg\",\"width\":280,\"height\":210,\"caption\":\"Vibro-FS t\u00e4rin\u00e4nvaimennus kannake puulattioille askel\u00e4\u00e4nen vaimennus\"},{\"@type\":\"WebPage\",\"@id\":\"https:\/\/hotelli03.domainhotelli.fi\/~lsdoecli\/tuote\/vibro-fs-tarinanvaimennus-kannakke-puulattioille\/\",\"url\":\"https:\/\/hotelli03.domainhotelli.fi\/~lsdoecli\/tuote\/vibro-fs-tarinanvaimennus-kannakke-puulattioille\/\",\"name\":\"Vibro-FS t\u00e4rin\u00e4nvaimennus kannake puulattioille askel\u00e4\u00e4nen vaimennus\",\"isPartOf\":{\"@id\":\"https:\/\/hotelli03.domainhotelli.fi\/~lsdoecli\/#website\"},\"primaryImageOfPage\":{\"@id\":\"https:\/\/hotelli03.domainhotelli.fi\/~lsdoecli\/tuote\/vibro-fs-tarinanvaimennus-kannakke-puulattioille\/#primaryimage\"},\"datePublished\":\"2021-06-29T06:23:08+00:00\",\"dateModified\":\"2022-09-13T15:56:04+00:00\",\"description\":\"Vibro-FS on t\u00e4rin\u00e4nvaimennus kannake, joka vaimentaa puulattioiden askel\u00e4\u00e4nen ja isku\u00e4\u00e4nen melua. Sopii kuntosaleille, urheilulattiat, jne.\",\"breadcrumb\":{\"@id\":\"https:\/\/hotelli03.domainhotelli.fi\/~lsdoecli\/tuote\/vibro-fs-tarinanvaimennus-kannakke-puulattioille\/#breadcrumb\"},\"inLanguage\":\"fi\",\"potentialAction\":[{\"@type\":\"ReadAction\",\"target\":[\"https:\/\/hotelli03.domainhotelli.fi\/~lsdoecli\/tuote\/vibro-fs-tarinanvaimennus-kannakke-puulattioille\/\"]}]},{\"@type\":\"BreadcrumbList\",\"@id\":\"https:\/\/hotelli03.domainhotelli.fi\/~lsdoecli\/tuote\/vibro-fs-tarinanvaimennus-kannakke-puulattioille\/#breadcrumb\",\"itemListElement\":[{\"@type\":\"ListItem\",\"position\":1,\"name\":\"Etusivu\",\"item\":\"https:\/\/hotelli03.domainhotelli.fi\/~lsdoecli\/\"},{\"@type\":\"ListItem\",\"position\":2,\"name\":\"Kauppa\",\"item\":\"https:\/\/hotelli03.domainhotelli.fi\/~lsdoecli\/kauppa\/\"},{\"@type\":\"ListItem\",\"position\":3,\"name\":\"Vibro-FS t\u00e4rin\u00e4nvaimennus kannake puulattioille askel\u00e4\u00e4nen vaimennus\"}]},{\"@type\":\"PostalAddress\",\"@id\":\"https:\/\/hotelli03.domainhotelli.fi\/~lsdoecli\/tuote\/vibro-fs-tarinanvaimennus-kannakke-puulattioille\/#local-main-place-address\",\"streetAddress\":\"Pyymosantie 5a\",\"addressLocality\":\"Vantaa\",\"postalCode\":\"01720\",\"addressCountry\":\"FI\"},{\"@type\":\"ImageObject\",\"inLanguage\":\"fi\",\"@id\":\"https:\/\/hotelli03.domainhotelli.fi\/~lsdoecli\/tuote\/vibro-fs-tarinanvaimennus-kannakke-puulattioille\/#local-main-organization-logo\",\"url\":\"https:\/\/hotelli03.domainhotelli.fi\/~lsdoecli\/wp-content\/uploads\/2021\/08\/JVTuonti_logo_nelio.jpg\",\"contentUrl\":\"https:\/\/hotelli03.domainhotelli.fi\/~lsdoecli\/wp-content\/uploads\/2021\/08\/JVTuonti_logo_nelio.jpg\",\"width\":550,\"height\":550,\"caption\":\"JV Tuonti Oy\"}]}<\/script>\n<meta property=\"product:price:amount\" content=\"2.07\" \/>\n<meta property=\"product:price:currency\" content=\"EUR\" \/>\n<meta property=\"og:availability\" content=\"instock\" \/>\n<meta property=\"product:availability\" content=\"instock\" \/>\n<meta property=\"product:retailer_item_id\" content=\"VIBRO-FS\" \/>\n<meta property=\"product:condition\" content=\"new\" \/>\n<meta name=\"geo.placename\" content=\"Vantaa\" \/>\n<meta name=\"geo.position\" content=\"60.28431;24.81654\" \/>\n<meta name=\"geo.region\" content=\"Suomi\" \/>\n<!-- \/ Yoast SEO Premium plugin. -->","yoast_head_json":{"title":"Vibro-FS t\u00e4rin\u00e4nvaimennus kannake puulattioille askel\u00e4\u00e4nen vaimennus","description":"Vibro-FS on t\u00e4rin\u00e4nvaimennus kannake, joka vaimentaa puulattioiden askel\u00e4\u00e4nen ja isku\u00e4\u00e4nen melua. Sopii kuntosaleille, urheilulattiat, jne.","robots":{"index":"index","follow":"follow","max-snippet":"max-snippet:-1","max-image-preview":"max-image-preview:large","max-video-preview":"max-video-preview:-1"},"canonical":"https:\/\/hotelli03.domainhotelli.fi\/~lsdoecli\/tuote\/vibro-fs-tarinanvaimennus-kannakke-puulattioille\/","og_locale":"fi_FI","og_type":"article","og_title":"Vibro-FS t\u00e4rin\u00e4nvaimennus kannake puulattioille askel\u00e4\u00e4nen vaimennus","og_description":"Vibro-FS on t\u00e4rin\u00e4nvaimennus kannake, joka vaimentaa puulattioiden askel\u00e4\u00e4nen ja isku\u00e4\u00e4nen melua. Sopii kuntosaleille, urheilulattiat, jne.","og_url":"https:\/\/hotelli03.domainhotelli.fi\/~lsdoecli\/tuote\/vibro-fs-tarinanvaimennus-kannakke-puulattioille\/","og_site_name":"JV Tuonti","article_publisher":"https:\/\/www.facebook.com\/JVTuontiOy","article_modified_time":"2022-09-13T15:56:04+00:00","og_image":[{"width":280,"height":210,"url":"https:\/\/hotelli03.domainhotelli.fi\/~lsdoecli\/wp-content\/uploads\/2021\/06\/VIBRO-FS.jpg","type":"image\/jpeg"}],"twitter_card":"summary_large_image","twitter_misc":{"Price":"2,07&nbsp;&euro; Alv 24%N\u00e4yt\u00e4 veroton hinta1,67&nbsp;&euro; Alv 0%N\u00e4yt\u00e4 verollinen hinta","Availability":"In stock"},"schema":{"@context":"https:\/\/schema.org","@graph":[{"@type":["Organization","Place","WholesaleStore"],"@id":"https:\/\/hotelli03.domainhotelli.fi\/~lsdoecli\/#organization","name":"JV Tuonti Oy","url":"https:\/\/hotelli03.domainhotelli.fi\/~lsdoecli\/","sameAs":["https:\/\/instagram.com\/jvtuontioy?utm_medium=copy_link","https:\/\/www.facebook.com\/JVTuontiOy"],"logo":{"@id":"https:\/\/hotelli03.domainhotelli.fi\/~lsdoecli\/tuote\/vibro-fs-tarinanvaimennus-kannakke-puulattioille\/#local-main-organization-logo"},"image":{"@id":"https:\/\/hotelli03.domainhotelli.fi\/~lsdoecli\/tuote\/vibro-fs-tarinanvaimennus-kannakke-puulattioille\/#local-main-organization-logo"},"address":{"@id":"https:\/\/hotelli03.domainhotelli.fi\/~lsdoecli\/tuote\/vibro-fs-tarinanvaimennus-kannakke-puulattioille\/#local-main-place-address"},"geo":{"@type":"GeoCoordinates","latitude":"60.28431","longitude":"24.81654"},"telephone":["0408369980"],"openingHoursSpecification":[{"@type":"OpeningHoursSpecification","dayOfWeek":["Monday","Tuesday","Wednesday","Thursday","Friday"],"opens":"08:00","closes":"16:00"},{"@type":"OpeningHoursSpecification","dayOfWeek":["Saturday","Sunday"],"opens":"00:00","closes":"00:00"}],"email":"myynti@hotelli03.domainhotelli.fi","areaServed":"Suomi, Ruotsi","vatID":"FI30178387","priceRange":"$$","currenciesAccepted":"\u20ac","paymentAccepted":"Lasku, pankkikortti"},{"@type":"WebSite","@id":"https:\/\/hotelli03.domainhotelli.fi\/~lsdoecli\/#website","url":"https:\/\/hotelli03.domainhotelli.fi\/~lsdoecli\/","name":"JV Tuonti","description":"JV Tuonti Oy:n verkkokauppa","publisher":{"@id":"https:\/\/hotelli03.domainhotelli.fi\/~lsdoecli\/#organization"},"potentialAction":[{"@type":"SearchAction","target":{"@type":"EntryPoint","urlTemplate":"https:\/\/hotelli03.domainhotelli.fi\/~lsdoecli\/?s={search_term_string}"},"query-input":"required name=search_term_string"}],"inLanguage":"fi"},{"@type":"ImageObject","inLanguage":"fi","@id":"https:\/\/hotelli03.domainhotelli.fi\/~lsdoecli\/tuote\/vibro-fs-tarinanvaimennus-kannakke-puulattioille\/#primaryimage","url":"https:\/\/hotelli03.domainhotelli.fi\/~lsdoecli\/wp-content\/uploads\/2021\/06\/VIBRO-FS.jpg","contentUrl":"https:\/\/hotelli03.domainhotelli.fi\/~lsdoecli\/wp-content\/uploads\/2021\/06\/VIBRO-FS.jpg","width":280,"height":210,"caption":"Vibro-FS t\u00e4rin\u00e4nvaimennus kannake puulattioille askel\u00e4\u00e4nen vaimennus"},{"@type":"WebPage","@id":"https:\/\/hotelli03.domainhotelli.fi\/~lsdoecli\/tuote\/vibro-fs-tarinanvaimennus-kannakke-puulattioille\/","url":"https:\/\/hotelli03.domainhotelli.fi\/~lsdoecli\/tuote\/vibro-fs-tarinanvaimennus-kannakke-puulattioille\/","name":"Vibro-FS t\u00e4rin\u00e4nvaimennus kannake puulattioille askel\u00e4\u00e4nen vaimennus","isPartOf":{"@id":"https:\/\/hotelli03.domainhotelli.fi\/~lsdoecli\/#website"},"primaryImageOfPage":{"@id":"https:\/\/hotelli03.domainhotelli.fi\/~lsdoecli\/tuote\/vibro-fs-tarinanvaimennus-kannakke-puulattioille\/#primaryimage"},"datePublished":"2021-06-29T06:23:08+00:00","dateModified":"2022-09-13T15:56:04+00:00","description":"Vibro-FS on t\u00e4rin\u00e4nvaimennus kannake, joka vaimentaa puulattioiden askel\u00e4\u00e4nen ja isku\u00e4\u00e4nen melua. Sopii kuntosaleille, urheilulattiat, jne.","breadcrumb":{"@id":"https:\/\/hotelli03.domainhotelli.fi\/~lsdoecli\/tuote\/vibro-fs-tarinanvaimennus-kannakke-puulattioille\/#breadcrumb"},"inLanguage":"fi","potentialAction":[{"@type":"ReadAction","target":["https:\/\/hotelli03.domainhotelli.fi\/~lsdoecli\/tuote\/vibro-fs-tarinanvaimennus-kannakke-puulattioille\/"]}]},{"@type":"BreadcrumbList","@id":"https:\/\/hotelli03.domainhotelli.fi\/~lsdoecli\/tuote\/vibro-fs-tarinanvaimennus-kannakke-puulattioille\/#breadcrumb","itemListElement":[{"@type":"ListItem","position":1,"name":"Etusivu","item":"https:\/\/hotelli03.domainhotelli.fi\/~lsdoecli\/"},{"@type":"ListItem","position":2,"name":"Kauppa","item":"https:\/\/hotelli03.domainhotelli.fi\/~lsdoecli\/kauppa\/"},{"@type":"ListItem","position":3,"name":"Vibro-FS t\u00e4rin\u00e4nvaimennus kannake puulattioille askel\u00e4\u00e4nen vaimennus"}]},{"@type":"PostalAddress","@id":"https:\/\/hotelli03.domainhotelli.fi\/~lsdoecli\/tuote\/vibro-fs-tarinanvaimennus-kannakke-puulattioille\/#local-main-place-address","streetAddress":"Pyymosantie 5a","addressLocality":"Vantaa","postalCode":"01720","addressCountry":"FI"},{"@type":"ImageObject","inLanguage":"fi","@id":"https:\/\/hotelli03.domainhotelli.fi\/~lsdoecli\/tuote\/vibro-fs-tarinanvaimennus-kannakke-puulattioille\/#local-main-organization-logo","url":"https:\/\/hotelli03.domainhotelli.fi\/~lsdoecli\/wp-content\/uploads\/2021\/08\/JVTuonti_logo_nelio.jpg","contentUrl":"https:\/\/hotelli03.domainhotelli.fi\/~lsdoecli\/wp-content\/uploads\/2021\/08\/JVTuonti_logo_nelio.jpg","width":550,"height":550,"caption":"JV Tuonti Oy"}]},"product_price_amount":"2.07","product_price_currency":"EUR","og_availability":"instock","product_availability":"instock","product_retailer_item_id":"VIBRO-FS","product_condition":"new","geo.placename":"Vantaa","geo.position":{"lat":"60.28431","long":"24.81654"},"geo.region":"Suomi"},"_links":{"self":[{"href":"https:\/\/hotelli03.domainhotelli.fi\/~lsdoecli\/wp-json\/wp\/v2\/product\/5057"}],"collection":[{"href":"https:\/\/hotelli03.domainhotelli.fi\/~lsdoecli\/wp-json\/wp\/v2\/product"}],"about":[{"href":"https:\/\/hotelli03.domainhotelli.fi\/~lsdoecli\/wp-json\/wp\/v2\/types\/product"}],"replies":[{"embeddable":true,"href":"https:\/\/hotelli03.domainhotelli.fi\/~lsdoecli\/wp-json\/wp\/v2\/comments?post=5057"}],"wp:featuredmedia":[{"embeddable":true,"href":"https:\/\/hotelli03.domainhotelli.fi\/~lsdoecli\/wp-json\/wp\/v2\/media\/5058"}],"wp:attachment":[{"href":"https:\/\/hotelli03.domainhotelli.fi\/~lsdoecli\/wp-json\/wp\/v2\/media?parent=5057"}],"wp:term":[{"taxonomy":"product_cat","embeddable":true,"href":"https:\/\/hotelli03.domainhotelli.fi\/~lsdoecli\/wp-json\/wp\/v2\/product_cat?post=5057"},{"taxonomy":"product_tag","embeddable":true,"href":"https:\/\/hotelli03.domainhotelli.fi\/~lsdoecli\/wp-json\/wp\/v2\/product_tag?post=5057"}],"curies":[{"name":"wp","href":"https:\/\/api.w.org\/{rel}","templated":true}]}}