{"id":4887,"date":"2021-06-03T11:05:29","date_gmt":"2021-06-03T11:05:29","guid":{"rendered":"https:\/\/hotelli03.domainhotelli.fi\/~lsdoecli\/woocommerce\/?post_type=product&#038;p=4887"},"modified":"2021-11-27T04:13:25","modified_gmt":"2021-11-27T04:13:25","slug":"etaisyysmittari-huepar-lm50a-ammattikayttoon","status":"publish","type":"product","link":"https:\/\/hotelli03.domainhotelli.fi\/~lsdoecli\/tuote\/etaisyysmittari-huepar-lm50a-ammattikayttoon\/","title":{"rendered":"Et\u00e4isyysmittari Huepar LM50A ammattik\u00e4ytt\u00f6\u00f6n 50 metriin asti ladattava"},"content":{"rendered":"<h1>Et\u00e4isyysmittari Huepar LM50A ammattik\u00e4ytt\u00f6\u00f6n 50 metriin asti ladattava<\/h1>\n<p>Et\u00e4isyysmittari Huepar LM50A on tarkka ja hyv\u00e4 mittalaite. Et\u00e4isyysmittari on pieni kokoinen ja mahtuu hyvin taskuun. Laseret\u00e4isyysmittalaite helpottaa mittauksia ja tarkistusmittauksia ty\u00f6maalla ja kodin remonteissa.<\/p>\n<p>Huepar LM50A et\u00e4isyysmittari on tarkoitettu et\u00e4isyyden, korkeuksien, kaltevuuksien, pinta-alojen ja tilavuuksien mittaamiseen.<\/p>\n<p>Et\u00e4isyysmittari on helppok\u00e4ytt\u00f6inen, sen selkeiden painikkeiden ja n\u00e4yt\u00e4n ansiosta. Huepar LM50A mittalaitteen mitta-alue on 50 metri\u00e4 ja sen mittatarkkuus 0n\u00a0\u00b1 2 mm.<\/p>\n<h2>Huepar LM 50A ladattava et\u00e4isyysmittari sis\u00e4\u00e4nrakennetulla Li-Ion akulla<\/h2>\n<p>Suurikapasiteettisen litium akun ansiosta Huepar et\u00e4isyyslaserilla voi suorittaa 8000 mittauskertaa t\u00e4yteen ladatulla akulla. Litium akkua ei tarvitse ladata usein, mik\u00e4 tekee ty\u00f6st\u00e4si tehokkaampaa. Akku ladataan USB portin kautta, pakkauksen mukana tulevassa latausjohdolla.<\/p>\n<p>Elektronisella kulma-anturilla varustettu et\u00e4isyysmittalaite tuottaa suuremman tarkkuuden ja nopeammat kulmamittaukset kuin vatupasilla mittaamalla.<\/p>\n<h2>Et\u00e4isyysmittari Huepar LM50C mittaustoiminnot<\/h2>\n<ul>\n<li>et\u00e4isyyden mittaus<\/li>\n<li>pinta-alan mittaus<\/li>\n<li>tilavuuden mittaus<\/li>\n<li>jatkuva mittaus toiminto, t\u00e4ss\u00e4 toimintatilassa et\u00e4isyysmittari mitta jatkuvasti et\u00e4isyydet ja n\u00e4yt\u00f6ll\u00e4 n\u00e4kyy suurin ja pienin mitattu matka<\/li>\n<li>Pythagoran lauseen mittaukset<\/li>\n<li>yhteenlasku ja v\u00e4hennys toiminto<\/li>\n<li>itsens\u00e4 kalibrointi<\/li>\n<li>mittatarkkuus 1.6 mm<\/li>\n<\/ul>\n<p>Huepar LM50 A laitteessa on 30 muistipaikkaa ja sopii ammattik\u00e4ytt\u00f6\u00f6n rakennusty\u00f6mailla, teollisuus tarpeisiin ja kotik\u00e4ytt\u00f6\u00f6n.<\/p>\n<h2 style=\"text-align: left;\">Eritt\u00e4in tarkka ja halpa et\u00e4isyysmittari Huepar LM50A<\/h2>\n<p style=\"text-align: left;\">Huepar LM50A on eritt\u00e4in tarkka et\u00e4isyysmittari. Et\u00e4isyysmittarilla voi mitata laitteen edest\u00e4 \/ keskelt\u00e4 \/ takaa, mik\u00e4 helpottaa mittausta eri tilanteissa ty\u00f6maalla. Kaikki mittaukset n\u00e4ytet\u00e4\u00e4n reaaliajassa.<\/p>\n<h3>Et\u00e4isyysmittauslaite LCD n\u00e4ytt\u00f6ll\u00e4<\/h3>\n<p>Huepar LM50A:n suuri taustavalon\u00e4ytt\u00f6 antaa k\u00e4ytt\u00e4jille paremman n\u00e4kyvyyden huonosti valaistussa tilassa tai pime\u00e4ss\u00e4. \u00a0Et\u00e4isyysmittari sammuu automaattisesti 150 sekunnin p\u00e4\u00e4st\u00e4 ja siin\u00e4 on \u00e4\u00e4nenvoimakkuuden s\u00e4\u00e4t\u00f6, josta \u00e4\u00e4net saa tarpeen vaatiessa mykistetty\u00e4.<\/p>\n<h2>Eritt\u00e4in kest\u00e4v\u00e4 suojakotelon rakenne<\/h2>\n<p>Hueparin et\u00e4isyysmittarin suojausluokka on IP54 ja se on suunniteltu kest\u00e4m\u00e4\u00e4n jokap\u00e4iv\u00e4isess\u00e4 ty\u00f6maak\u00e4yt\u00f6ss\u00e4. <a href=\"https:\/\/stek.fi\/perustietoa-sahkosta\/sahkojarjestelmat\/ip-luokitus\/\">IP54 suojausluokka<\/a> tarkoittaa, ett\u00e4 tuote on suojattu p\u00f6lylt\u00e4 ja suojattu vesiroiskeita vastaan. 1\/4 kierteinen kiinnike mahdollistaa laseret\u00e4isyysmittalaitteen kiinnitt\u00e4misen jalustaan.<\/p>\n<p>&nbsp;<\/p>\n<h3>Pakkaussis\u00e4lt\u00f6<\/h3>\n<ul>\n<li>1 x Huepar LM50A<\/li>\n<li>1 x k\u00e4ytt\u00f6opas<\/li>\n<li>1 x k\u00e4sihihna<\/li>\n<li>1 x USB-kaapeli<\/li>\n<li>1 x heijastin<\/li>\n<\/ul>\n<p>&nbsp;<\/p>\n<h3>Huepar LM50 A et\u00e4isyyslaser tekniset tiedot<\/h3>\n<ul>\n<li>Laserluokka: Luokka 2 (IEC \/ EN60825-1 \/ 2014), l\u00e4ht\u00f6teho &lt;1mW<\/li>\n<li>Erityisominaisuudet: Elektroninen kulma-anturi<\/li>\n<li>Virtal\u00e4hde: 3,7 V 850 mAh: n litiumakku<\/li>\n<li>Mittaustarkkuus: \u00b1 2 mm (\u00b1 1)<\/li>\n<li>Kulma-alue: \u00b1 90 \u00b0<\/li>\n<li>Toiminta-alue \uff1a 50M<\/li>\n<li>Maksimi tallennustila: 30 yksikk\u00f6\u00e4<\/li>\n<li>Tyyli \uff1a Taustavalaistu LCD-mittayksikk\u00f6: M \/ In \/ Ft<\/li>\n<li>Lasertyyppi: 635nm<\/li>\n<li>Katkaisee laser automaattisesti: 20 s<\/li>\n<li>Automaattinen sammutus: 150 s<\/li>\n<li>Mitat: 112x50x25mm<\/li>\n<li>Pistokeprofiili: 1\/4 &#8221;-20<\/li>\n<li>Lataus: USB-lataus<\/li>\n<\/ul>\n<p>VAROITUS: V\u00e4lt\u00e4 lasers\u00e4teen suoraa altistumista silmille.<\/p>\n<p><a href=\"https:\/\/hotelli03.domainhotelli.fi\/~lsdoecli\/tuote\/laser-etaisyysmittari-kameralla-huepar-lm200c-200m\/\">Katso t\u00e4st\u00e4 uusin laseret\u00e4isyysmittari kameralla ja 200 metrin mittausmatkalla<\/a>.<\/p>\n","protected":false},"excerpt":{"rendered":"<ul>\n<li>Huepar LM50A et\u00e4isyysmittari ammattik\u00e4ytt\u00f6\u00f6n.<\/li>\n<li>Et\u00e4isyysmittalaite on tarkoitettu et\u00e4isyyksien, pituuksien, korkeuksien, v\u00e4lien ja kaltevuuksien mittaamiseen ja pinta-alojen ja tilavuuksien laskemiseen.<\/li>\n<li>Laseret\u00e4isyysmittalaitteessa on selke\u00e4t painikkeet ja helppolukuinen n\u00e4ytt\u00f6.<\/li>\n<li>Mitta-alue 50 metri\u00e4, mittatarkkuus \u00b12 mm.<\/li>\n<li>CE-hyv\u00e4ksytty.<\/li>\n<\/ul>\n","protected":false},"featured_media":4888,"comment_status":"open","ping_status":"closed","template":"","meta":[],"product_cat":[716],"product_tag":[719,717,718,746,720,747],"yoast_head":"<!-- This site is optimized with the Yoast SEO Premium plugin v18.9 (Yoast SEO v19.3) - https:\/\/yoast.com\/wordpress\/plugins\/seo\/ -->\n<title>Et\u00e4isyysmittari Huepar LM50A ammattik\u00e4ytt\u00f6\u00f6n 50 metriin | JV Tuonti<\/title>\n<meta name=\"description\" content=\"Huepar et\u00e4isyysmittari LM50A ammattik\u00e4ytt\u00f6\u00f6n. Pieni koko, tarkka mittaus. Helpottaa mittauksia ty\u00f6maalla ja kodin remonteissa. Tilaa t\u00e4st\u00e4!\" \/>\n<meta name=\"robots\" content=\"index, follow, max-snippet:-1, max-image-preview:large, max-video-preview:-1\" \/>\n<link rel=\"canonical\" href=\"https:\/\/hotelli03.domainhotelli.fi\/~lsdoecli\/tuote\/etaisyysmittari-huepar-lm50a-ammattikayttoon\/\" \/>\n<meta property=\"og:locale\" content=\"fi_FI\" \/>\n<meta property=\"og:type\" content=\"article\" \/>\n<meta property=\"og:title\" content=\"Et\u00e4isyysmittari Huepar LM50A ammattik\u00e4ytt\u00f6\u00f6n 50 metriin asti ladattava\" \/>\n<meta property=\"og:description\" content=\"Huepar et\u00e4isyysmittari LM50A ammattik\u00e4ytt\u00f6\u00f6n. Pieni koko, tarkka mittaus. Helpottaa mittauksia ty\u00f6maalla ja kodin remonteissa. Tilaa t\u00e4st\u00e4!\" \/>\n<meta property=\"og:url\" content=\"https:\/\/hotelli03.domainhotelli.fi\/~lsdoecli\/tuote\/etaisyysmittari-huepar-lm50a-ammattikayttoon\/\" \/>\n<meta property=\"og:site_name\" content=\"JV Tuonti\" \/>\n<meta property=\"article:publisher\" content=\"https:\/\/www.facebook.com\/JVTuontiOy\" \/>\n<meta property=\"article:modified_time\" content=\"2021-11-27T04:13:25+00:00\" \/>\n<meta property=\"og:image\" content=\"https:\/\/hotelli03.domainhotelli.fi\/~lsdoecli\/wp-content\/uploads\/2021\/06\/1.jpg\" \/>\n\t<meta property=\"og:image:width\" content=\"1000\" \/>\n\t<meta property=\"og:image:height\" content=\"1000\" \/>\n\t<meta property=\"og:image:type\" content=\"image\/jpeg\" \/>\n<meta name=\"twitter:card\" content=\"summary_large_image\" \/>\n<meta name=\"twitter:label1\" content=\"Price\" \/>\n\t<meta name=\"twitter:data1\" content=\"80,60&nbsp;&euro; Alv 24%N\u00e4yt\u00e4 veroton hinta65,00&nbsp;&euro; Alv 0%N\u00e4yt\u00e4 verollinen hinta\" \/>\n\t<meta name=\"twitter:label2\" content=\"Availability\" \/>\n\t<meta name=\"twitter:data2\" content=\"In stock\" \/>\n<script type=\"application\/ld+json\" class=\"yoast-schema-graph\">{\"@context\":\"https:\/\/schema.org\",\"@graph\":[{\"@type\":[\"Organization\",\"Place\",\"WholesaleStore\"],\"@id\":\"https:\/\/hotelli03.domainhotelli.fi\/~lsdoecli\/#organization\",\"name\":\"JV Tuonti Oy\",\"url\":\"https:\/\/hotelli03.domainhotelli.fi\/~lsdoecli\/\",\"sameAs\":[\"https:\/\/instagram.com\/jvtuontioy?utm_medium=copy_link\",\"https:\/\/www.facebook.com\/JVTuontiOy\"],\"logo\":{\"@id\":\"https:\/\/hotelli03.domainhotelli.fi\/~lsdoecli\/tuote\/etaisyysmittari-huepar-lm50a-ammattikayttoon\/#local-main-organization-logo\"},\"image\":{\"@id\":\"https:\/\/hotelli03.domainhotelli.fi\/~lsdoecli\/tuote\/etaisyysmittari-huepar-lm50a-ammattikayttoon\/#local-main-organization-logo\"},\"address\":{\"@id\":\"https:\/\/hotelli03.domainhotelli.fi\/~lsdoecli\/tuote\/etaisyysmittari-huepar-lm50a-ammattikayttoon\/#local-main-place-address\"},\"geo\":{\"@type\":\"GeoCoordinates\",\"latitude\":\"60.28431\",\"longitude\":\"24.81654\"},\"telephone\":[\"0408369980\"],\"openingHoursSpecification\":[{\"@type\":\"OpeningHoursSpecification\",\"dayOfWeek\":[\"Monday\",\"Tuesday\",\"Wednesday\",\"Thursday\",\"Friday\"],\"opens\":\"08:00\",\"closes\":\"16:00\"},{\"@type\":\"OpeningHoursSpecification\",\"dayOfWeek\":[\"Saturday\",\"Sunday\"],\"opens\":\"00:00\",\"closes\":\"00:00\"}],\"email\":\"myynti@hotelli03.domainhotelli.fi\",\"areaServed\":\"Suomi, Ruotsi\",\"vatID\":\"FI30178387\",\"priceRange\":\"$$\",\"currenciesAccepted\":\"\u20ac\",\"paymentAccepted\":\"Lasku, pankkikortti\"},{\"@type\":\"WebSite\",\"@id\":\"https:\/\/hotelli03.domainhotelli.fi\/~lsdoecli\/#website\",\"url\":\"https:\/\/hotelli03.domainhotelli.fi\/~lsdoecli\/\",\"name\":\"JV Tuonti\",\"description\":\"JV Tuonti Oy:n verkkokauppa\",\"publisher\":{\"@id\":\"https:\/\/hotelli03.domainhotelli.fi\/~lsdoecli\/#organization\"},\"potentialAction\":[{\"@type\":\"SearchAction\",\"target\":{\"@type\":\"EntryPoint\",\"urlTemplate\":\"https:\/\/hotelli03.domainhotelli.fi\/~lsdoecli\/?s={search_term_string}\"},\"query-input\":\"required name=search_term_string\"}],\"inLanguage\":\"fi\"},{\"@type\":\"ImageObject\",\"inLanguage\":\"fi\",\"@id\":\"https:\/\/hotelli03.domainhotelli.fi\/~lsdoecli\/tuote\/etaisyysmittari-huepar-lm50a-ammattikayttoon\/#primaryimage\",\"url\":\"https:\/\/hotelli03.domainhotelli.fi\/~lsdoecli\/wp-content\/uploads\/2021\/06\/1.jpg\",\"contentUrl\":\"https:\/\/hotelli03.domainhotelli.fi\/~lsdoecli\/wp-content\/uploads\/2021\/06\/1.jpg\",\"width\":1000,\"height\":1000,\"caption\":\"Et\u00e4isyysmittari Huepar ladattava LM50A ammattik\u00e4ytt\u00f6\u00f6n\"},{\"@type\":\"WebPage\",\"@id\":\"https:\/\/hotelli03.domainhotelli.fi\/~lsdoecli\/tuote\/etaisyysmittari-huepar-lm50a-ammattikayttoon\/\",\"url\":\"https:\/\/hotelli03.domainhotelli.fi\/~lsdoecli\/tuote\/etaisyysmittari-huepar-lm50a-ammattikayttoon\/\",\"name\":\"Et\u00e4isyysmittari Huepar LM50A ammattik\u00e4ytt\u00f6\u00f6n 50 metriin | JV Tuonti\",\"isPartOf\":{\"@id\":\"https:\/\/hotelli03.domainhotelli.fi\/~lsdoecli\/#website\"},\"primaryImageOfPage\":{\"@id\":\"https:\/\/hotelli03.domainhotelli.fi\/~lsdoecli\/tuote\/etaisyysmittari-huepar-lm50a-ammattikayttoon\/#primaryimage\"},\"datePublished\":\"2021-06-03T11:05:29+00:00\",\"dateModified\":\"2021-11-27T04:13:25+00:00\",\"description\":\"Huepar et\u00e4isyysmittari LM50A ammattik\u00e4ytt\u00f6\u00f6n. Pieni koko, tarkka mittaus. Helpottaa mittauksia ty\u00f6maalla ja kodin remonteissa. Tilaa t\u00e4st\u00e4!\",\"breadcrumb\":{\"@id\":\"https:\/\/hotelli03.domainhotelli.fi\/~lsdoecli\/tuote\/etaisyysmittari-huepar-lm50a-ammattikayttoon\/#breadcrumb\"},\"inLanguage\":\"fi\",\"potentialAction\":[{\"@type\":\"ReadAction\",\"target\":[\"https:\/\/hotelli03.domainhotelli.fi\/~lsdoecli\/tuote\/etaisyysmittari-huepar-lm50a-ammattikayttoon\/\"]}]},{\"@type\":\"BreadcrumbList\",\"@id\":\"https:\/\/hotelli03.domainhotelli.fi\/~lsdoecli\/tuote\/etaisyysmittari-huepar-lm50a-ammattikayttoon\/#breadcrumb\",\"itemListElement\":[{\"@type\":\"ListItem\",\"position\":1,\"name\":\"Etusivu\",\"item\":\"https:\/\/hotelli03.domainhotelli.fi\/~lsdoecli\/\"},{\"@type\":\"ListItem\",\"position\":2,\"name\":\"Kauppa\",\"item\":\"https:\/\/hotelli03.domainhotelli.fi\/~lsdoecli\/kauppa\/\"},{\"@type\":\"ListItem\",\"position\":3,\"name\":\"Et\u00e4isyysmittari Huepar LM50A ammattik\u00e4ytt\u00f6\u00f6n 50 metriin asti ladattava\"}]},{\"@type\":\"PostalAddress\",\"@id\":\"https:\/\/hotelli03.domainhotelli.fi\/~lsdoecli\/tuote\/etaisyysmittari-huepar-lm50a-ammattikayttoon\/#local-main-place-address\",\"streetAddress\":\"Pyymosantie 5a\",\"addressLocality\":\"Vantaa\",\"postalCode\":\"01720\",\"addressCountry\":\"FI\"},{\"@type\":\"ImageObject\",\"inLanguage\":\"fi\",\"@id\":\"https:\/\/hotelli03.domainhotelli.fi\/~lsdoecli\/tuote\/etaisyysmittari-huepar-lm50a-ammattikayttoon\/#local-main-organization-logo\",\"url\":\"https:\/\/hotelli03.domainhotelli.fi\/~lsdoecli\/wp-content\/uploads\/2021\/08\/JVTuonti_logo_nelio.jpg\",\"contentUrl\":\"https:\/\/hotelli03.domainhotelli.fi\/~lsdoecli\/wp-content\/uploads\/2021\/08\/JVTuonti_logo_nelio.jpg\",\"width\":550,\"height\":550,\"caption\":\"JV Tuonti Oy\"}]}<\/script>\n<meta property=\"product:brand\" content=\"Huepar\" \/>\n<meta property=\"product:price:amount\" content=\"80.60\" \/>\n<meta property=\"product:price:currency\" content=\"EUR\" \/>\n<meta property=\"og:availability\" content=\"instock\" \/>\n<meta property=\"product:availability\" content=\"instock\" \/>\n<meta property=\"product:retailer_item_id\" content=\"LM50A\" \/>\n<meta property=\"product:condition\" content=\"new\" \/>\n<meta name=\"geo.placename\" content=\"Vantaa\" \/>\n<meta name=\"geo.position\" content=\"60.28431;24.81654\" \/>\n<meta name=\"geo.region\" content=\"Suomi\" \/>\n<!-- \/ Yoast SEO Premium plugin. -->","yoast_head_json":{"title":"Et\u00e4isyysmittari Huepar LM50A ammattik\u00e4ytt\u00f6\u00f6n 50 metriin | JV Tuonti","description":"Huepar et\u00e4isyysmittari LM50A ammattik\u00e4ytt\u00f6\u00f6n. Pieni koko, tarkka mittaus. Helpottaa mittauksia ty\u00f6maalla ja kodin remonteissa. Tilaa t\u00e4st\u00e4!","robots":{"index":"index","follow":"follow","max-snippet":"max-snippet:-1","max-image-preview":"max-image-preview:large","max-video-preview":"max-video-preview:-1"},"canonical":"https:\/\/hotelli03.domainhotelli.fi\/~lsdoecli\/tuote\/etaisyysmittari-huepar-lm50a-ammattikayttoon\/","og_locale":"fi_FI","og_type":"article","og_title":"Et\u00e4isyysmittari Huepar LM50A ammattik\u00e4ytt\u00f6\u00f6n 50 metriin asti ladattava","og_description":"Huepar et\u00e4isyysmittari LM50A ammattik\u00e4ytt\u00f6\u00f6n. Pieni koko, tarkka mittaus. Helpottaa mittauksia ty\u00f6maalla ja kodin remonteissa. Tilaa t\u00e4st\u00e4!","og_url":"https:\/\/hotelli03.domainhotelli.fi\/~lsdoecli\/tuote\/etaisyysmittari-huepar-lm50a-ammattikayttoon\/","og_site_name":"JV Tuonti","article_publisher":"https:\/\/www.facebook.com\/JVTuontiOy","article_modified_time":"2021-11-27T04:13:25+00:00","og_image":[{"width":1000,"height":1000,"url":"https:\/\/hotelli03.domainhotelli.fi\/~lsdoecli\/wp-content\/uploads\/2021\/06\/1.jpg","type":"image\/jpeg"}],"twitter_card":"summary_large_image","twitter_misc":{"Price":"80,60&nbsp;&euro; Alv 24%N\u00e4yt\u00e4 veroton hinta65,00&nbsp;&euro; Alv 0%N\u00e4yt\u00e4 verollinen hinta","Availability":"In stock"},"schema":{"@context":"https:\/\/schema.org","@graph":[{"@type":["Organization","Place","WholesaleStore"],"@id":"https:\/\/hotelli03.domainhotelli.fi\/~lsdoecli\/#organization","name":"JV Tuonti Oy","url":"https:\/\/hotelli03.domainhotelli.fi\/~lsdoecli\/","sameAs":["https:\/\/instagram.com\/jvtuontioy?utm_medium=copy_link","https:\/\/www.facebook.com\/JVTuontiOy"],"logo":{"@id":"https:\/\/hotelli03.domainhotelli.fi\/~lsdoecli\/tuote\/etaisyysmittari-huepar-lm50a-ammattikayttoon\/#local-main-organization-logo"},"image":{"@id":"https:\/\/hotelli03.domainhotelli.fi\/~lsdoecli\/tuote\/etaisyysmittari-huepar-lm50a-ammattikayttoon\/#local-main-organization-logo"},"address":{"@id":"https:\/\/hotelli03.domainhotelli.fi\/~lsdoecli\/tuote\/etaisyysmittari-huepar-lm50a-ammattikayttoon\/#local-main-place-address"},"geo":{"@type":"GeoCoordinates","latitude":"60.28431","longitude":"24.81654"},"telephone":["0408369980"],"openingHoursSpecification":[{"@type":"OpeningHoursSpecification","dayOfWeek":["Monday","Tuesday","Wednesday","Thursday","Friday"],"opens":"08:00","closes":"16:00"},{"@type":"OpeningHoursSpecification","dayOfWeek":["Saturday","Sunday"],"opens":"00:00","closes":"00:00"}],"email":"myynti@hotelli03.domainhotelli.fi","areaServed":"Suomi, Ruotsi","vatID":"FI30178387","priceRange":"$$","currenciesAccepted":"\u20ac","paymentAccepted":"Lasku, pankkikortti"},{"@type":"WebSite","@id":"https:\/\/hotelli03.domainhotelli.fi\/~lsdoecli\/#website","url":"https:\/\/hotelli03.domainhotelli.fi\/~lsdoecli\/","name":"JV Tuonti","description":"JV Tuonti Oy:n verkkokauppa","publisher":{"@id":"https:\/\/hotelli03.domainhotelli.fi\/~lsdoecli\/#organization"},"potentialAction":[{"@type":"SearchAction","target":{"@type":"EntryPoint","urlTemplate":"https:\/\/hotelli03.domainhotelli.fi\/~lsdoecli\/?s={search_term_string}"},"query-input":"required name=search_term_string"}],"inLanguage":"fi"},{"@type":"ImageObject","inLanguage":"fi","@id":"https:\/\/hotelli03.domainhotelli.fi\/~lsdoecli\/tuote\/etaisyysmittari-huepar-lm50a-ammattikayttoon\/#primaryimage","url":"https:\/\/hotelli03.domainhotelli.fi\/~lsdoecli\/wp-content\/uploads\/2021\/06\/1.jpg","contentUrl":"https:\/\/hotelli03.domainhotelli.fi\/~lsdoecli\/wp-content\/uploads\/2021\/06\/1.jpg","width":1000,"height":1000,"caption":"Et\u00e4isyysmittari Huepar ladattava LM50A ammattik\u00e4ytt\u00f6\u00f6n"},{"@type":"WebPage","@id":"https:\/\/hotelli03.domainhotelli.fi\/~lsdoecli\/tuote\/etaisyysmittari-huepar-lm50a-ammattikayttoon\/","url":"https:\/\/hotelli03.domainhotelli.fi\/~lsdoecli\/tuote\/etaisyysmittari-huepar-lm50a-ammattikayttoon\/","name":"Et\u00e4isyysmittari Huepar LM50A ammattik\u00e4ytt\u00f6\u00f6n 50 metriin | JV Tuonti","isPartOf":{"@id":"https:\/\/hotelli03.domainhotelli.fi\/~lsdoecli\/#website"},"primaryImageOfPage":{"@id":"https:\/\/hotelli03.domainhotelli.fi\/~lsdoecli\/tuote\/etaisyysmittari-huepar-lm50a-ammattikayttoon\/#primaryimage"},"datePublished":"2021-06-03T11:05:29+00:00","dateModified":"2021-11-27T04:13:25+00:00","description":"Huepar et\u00e4isyysmittari LM50A ammattik\u00e4ytt\u00f6\u00f6n. Pieni koko, tarkka mittaus. Helpottaa mittauksia ty\u00f6maalla ja kodin remonteissa. Tilaa t\u00e4st\u00e4!","breadcrumb":{"@id":"https:\/\/hotelli03.domainhotelli.fi\/~lsdoecli\/tuote\/etaisyysmittari-huepar-lm50a-ammattikayttoon\/#breadcrumb"},"inLanguage":"fi","potentialAction":[{"@type":"ReadAction","target":["https:\/\/hotelli03.domainhotelli.fi\/~lsdoecli\/tuote\/etaisyysmittari-huepar-lm50a-ammattikayttoon\/"]}]},{"@type":"BreadcrumbList","@id":"https:\/\/hotelli03.domainhotelli.fi\/~lsdoecli\/tuote\/etaisyysmittari-huepar-lm50a-ammattikayttoon\/#breadcrumb","itemListElement":[{"@type":"ListItem","position":1,"name":"Etusivu","item":"https:\/\/hotelli03.domainhotelli.fi\/~lsdoecli\/"},{"@type":"ListItem","position":2,"name":"Kauppa","item":"https:\/\/hotelli03.domainhotelli.fi\/~lsdoecli\/kauppa\/"},{"@type":"ListItem","position":3,"name":"Et\u00e4isyysmittari Huepar LM50A ammattik\u00e4ytt\u00f6\u00f6n 50 metriin asti ladattava"}]},{"@type":"PostalAddress","@id":"https:\/\/hotelli03.domainhotelli.fi\/~lsdoecli\/tuote\/etaisyysmittari-huepar-lm50a-ammattikayttoon\/#local-main-place-address","streetAddress":"Pyymosantie 5a","addressLocality":"Vantaa","postalCode":"01720","addressCountry":"FI"},{"@type":"ImageObject","inLanguage":"fi","@id":"https:\/\/hotelli03.domainhotelli.fi\/~lsdoecli\/tuote\/etaisyysmittari-huepar-lm50a-ammattikayttoon\/#local-main-organization-logo","url":"https:\/\/hotelli03.domainhotelli.fi\/~lsdoecli\/wp-content\/uploads\/2021\/08\/JVTuonti_logo_nelio.jpg","contentUrl":"https:\/\/hotelli03.domainhotelli.fi\/~lsdoecli\/wp-content\/uploads\/2021\/08\/JVTuonti_logo_nelio.jpg","width":550,"height":550,"caption":"JV Tuonti Oy"}]},"product_brand":"Huepar","product_price_amount":"80.60","product_price_currency":"EUR","og_availability":"instock","product_availability":"instock","product_retailer_item_id":"LM50A","product_condition":"new","geo.placename":"Vantaa","geo.position":{"lat":"60.28431","long":"24.81654"},"geo.region":"Suomi"},"_links":{"self":[{"href":"https:\/\/hotelli03.domainhotelli.fi\/~lsdoecli\/wp-json\/wp\/v2\/product\/4887"}],"collection":[{"href":"https:\/\/hotelli03.domainhotelli.fi\/~lsdoecli\/wp-json\/wp\/v2\/product"}],"about":[{"href":"https:\/\/hotelli03.domainhotelli.fi\/~lsdoecli\/wp-json\/wp\/v2\/types\/product"}],"replies":[{"embeddable":true,"href":"https:\/\/hotelli03.domainhotelli.fi\/~lsdoecli\/wp-json\/wp\/v2\/comments?post=4887"}],"wp:featuredmedia":[{"embeddable":true,"href":"https:\/\/hotelli03.domainhotelli.fi\/~lsdoecli\/wp-json\/wp\/v2\/media\/4888"}],"wp:attachment":[{"href":"https:\/\/hotelli03.domainhotelli.fi\/~lsdoecli\/wp-json\/wp\/v2\/media?parent=4887"}],"wp:term":[{"taxonomy":"product_cat","embeddable":true,"href":"https:\/\/hotelli03.domainhotelli.fi\/~lsdoecli\/wp-json\/wp\/v2\/product_cat?post=4887"},{"taxonomy":"product_tag","embeddable":true,"href":"https:\/\/hotelli03.domainhotelli.fi\/~lsdoecli\/wp-json\/wp\/v2\/product_tag?post=4887"}],"curies":[{"name":"wp","href":"https:\/\/api.w.org\/{rel}","templated":true}]}}