{"id":4847,"date":"2021-06-03T09:12:01","date_gmt":"2021-06-03T09:12:01","guid":{"rendered":"https:\/\/hotelli03.domainhotelli.fi\/~lsdoecli\/woocommerce\/?post_type=product&#038;p=4847"},"modified":"2021-11-16T02:36:22","modified_gmt":"2021-11-16T02:36:22","slug":"linjalaser-huepar-sc04gc","status":"publish","type":"product","link":"https:\/\/hotelli03.domainhotelli.fi\/~lsdoecli\/tuote\/linjalaser-huepar-sc04gc\/","title":{"rendered":"Linjalaser Huepar S04CG itsetasaava 4 x 360\u00b0 vihre\u00e4 laserlinjaa"},"content":{"rendered":"<h1>Linjalaser Huepar S04CG vihre\u00e4 4 x 360\u00b0 laserlinjaa<\/h1>\n<h2>Ammattik\u00e4ytt\u00f6\u00f6n tarkoitettu hyv\u00e4 linjalaser Huepar S04CG heijastaa nelj\u00e4 eritt\u00e4in kirkasta vihre\u00e4 360\u00b0:n laserlinjaa.<\/h2>\n<p>&nbsp;<\/p>\n<p>Linjalaser Huepar S04CG vihre\u00e4 on tarkoitettu vaaka- ja pystysuorien linjojen merkkaukseen ja tarkistamiseen. Vihre\u00e4t laserlinjat ovat eritt\u00e4in kirkkaita ja hyvin erottuvia, mik\u00e4 helpottaa linjojen merkkausta ja asennuskorkeuksien tarkistusta. Vihre\u00e4 linjalaser soveltuu mm. seuraaviin asennuksiin:<\/p>\n<ul>\n<li>v\u00e4lisein\u00e4n asennus. Huepar S04CG on hyv\u00e4 linjalaser, joka helpottaa ja nopeuttaa v\u00e4lisein\u00e4linjojen merkkausta kattoon ja lattiaan. Selkeiden ja hyvin erottuvien vihreiden laserlinjojen ansiosta v\u00e4lisein\u00e4rankojen merkkaus kattoon, lattiaan ja kulmien merkkaus onnistuu helposti. V\u00e4lisein\u00e4n asennukseen j\u00e4lkeen saat tarkistettua seinien ja oviaukkojen suoruuden nopeasti ja tarkemmin kun vatupassin kanssa.<\/li>\n<li>alakatto asennus. Vihre\u00e4 laser nopeuttaa alakattokorkojen tarkistamista ja runkojen asennusta. Laserin kiinnikkeess\u00e4 on vahva magneetti, joka voidaan kiinnitt\u00e4\u00e4 suoraan alakattorankaan.<\/li>\n<li>laattojen asennus. Huepar S04CG on hyv\u00e4 linjalaser laatoituksen l\u00e4ht\u00f6linjojen ja laattasaumojen merkkaamiseen. 360 asteen laser heijastaa selke\u00e4sti erottuvat vihre\u00e4t viivat kaikille sein\u00e4pinnoille.<\/li>\n<li>kalusteiden ja varusteiden asennus. Vihre\u00e4 kirkas laserilinja erottuu selke\u00e4sti sein\u00e4pinalla ja nopeuttaa kaappien, keitti\u00f6n ja varusteiden asennusta.<\/li>\n<\/ul>\n<p>Linjalaser on et\u00e4ohjattavissa bluetooth-liit\u00e4nn\u00e4ll\u00e4 puhelimellasi tai kaukos\u00e4\u00e4timell\u00e4 ja s\u00e4\u00e4detty\u00e4 laitetta ilman kosketusta. T\u00e4m\u00e4 helpottaa ty\u00f6skentely\u00e4 esim. alakattojen asennuksessa.<\/p>\n<p>Huepar S04CG voidaan k\u00e4ytt\u00e4\u00e4 litiumakun, <a href=\"https:\/\/hotelli03.domainhotelli.fi\/~lsdoecli\/tuote\/paristo-aa-allmax-24-kpl\/\">AA paristojen<\/a> (alkaaliparistojen) tai latausjohdon kanssa.<\/p>\n<p>Laserin \u00a0jalustassa on kierre &#8211; 1\/4-20, jolla sen saa kiinnitetty\u00e4 jalustaan.<\/p>\n<p>Huepari linjalaserin suojausluokka on IP54 ja sen rakenne on suunniteltu kest\u00e4m\u00e4\u00e4n jokap\u00e4iv\u00e4isess\u00e4 k\u00e4ytt\u00f6ss\u00e4 rakennusty\u00f6maalla. <a href=\"https:\/\/stek.fi\/perustietoa-sahkosta\/sahkojarjestelmat\/ip-luokitus\/\">IP 54 suojausluokka<\/a> tarkoittaa, ett\u00e4 laser on p\u00f6lytiivis ja suojattu vesiroiskeita vastaan. Runko on iskunkest\u00e4v\u00e4, mik\u00e4 tekee siit\u00e4 luotettavan ja kest\u00e4v\u00e4n ty\u00f6maa olosuhteissa.<\/p>\n<p>Vihre\u00e4t laserlinjat n\u00e4kyv\u00e4t jopa nelj\u00e4 kertaa paremmin, kun punaisessa laserissa. Laserlinjojen leveytt\u00e4 ja voimakkuutta saa s\u00e4\u00e4detty\u00e4.<\/p>\n<p>Linjalaserin ty\u00f6skentelyet\u00e4isyys ilman vastaanotinta on 40metri\u00e4 ja sen mittatarkkuus \u00b13mm\/10m. Erillisell\u00e4 vastaanottimella toimintamatka kasvaa 20 metrill\u00e4.<\/p>\n<h2><strong>Huepar S04CG tekniset tiedot<\/strong><\/h2>\n<ul>\n<li class=\"_04xlpA direction-ltr align-start para-style-subtitle\"><span class=\"JsGRdQ\"><strong>Laserluokka<\/strong>: Luokka 2 (IEC \/ EN60825-1 \/ 2014), &lt;1 MW teho<\/span><\/li>\n<li><strong>Laseralloon pituus:<\/strong> Osram 505nm &#8211; 520nm<\/li>\n<li><strong>Vaaka- \/ pystytarkkuus:<\/strong> \u00b1 2 mm \/ 10 m<\/li>\n<li><strong>Tasaus- \/ kompensointialue:<\/strong> 3,5 \u00b0 \u00b1 1 \u00b0<\/li>\n<li><strong>Tasoitusaika:<\/strong> \u22643s<\/li>\n<li><strong>Toimintaet\u00e4isyys:<\/strong> \u226520m, \u226540m ilmaisimella<\/li>\n<li><strong>Akun kesto:<\/strong> noin 5 tuntia<\/li>\n<li><strong>Virtal\u00e4hde:<\/strong> 7,4 V \/ 2600 mah litiumioniakku tai 4 x AA paristo<\/li>\n<li><strong>Jalustan kierre:<\/strong> 1\/4 &#8221;-20<\/li>\n<li><strong>Suojausluokka:<\/strong> IP54, vedenpit\u00e4v\u00e4, p\u00f6ly- ja iskunkest\u00e4v\u00e4<\/li>\n<li><strong>K\u00e4ytt\u00f6l\u00e4mp\u00f6tila:<\/strong> \u00a0-10 \u2103 &#8211; + 50 \u2103<\/li>\n<li><b>Takuu: <\/b>2 vuotta<\/li>\n<\/ul>\n<p>&nbsp;<\/p>\n<p><strong>Myyntipakkauksen sis\u00e4lt\u00f6:<\/strong><\/p>\n<ul>\n<li>1 x Huepar S04CG vihre\u00e4 linjalaser<\/li>\n<li>1 x ladattava litiumakku<\/li>\n<li>1 x laturi<\/li>\n<li>1 x virtal\u00e4hde<\/li>\n<li>4 x AA (LR6) -paristoa ja 1 x AA-paristopidike<\/li>\n<li>1 x magneettinen k\u00e4\u00e4nt\u00f6jalusta<\/li>\n<li>1 x nostettava taso<\/li>\n<li>1 x k\u00e4ytt\u00f6opas<\/li>\n<li>1 x Bluetooth-kaukos\u00e4\u00e4din<\/li>\n<li>1 x kova kantolaukku<\/li>\n<\/ul>\n<p><img loading=\"lazy\" class=\"alignnone wp-image-4915 size-medium\" src=\"https:\/\/hotelli03.domainhotelli.fi\/~lsdoecli\/wp-content\/uploads\/2021\/06\/Laatikon-sis\u00e4lt\u00f6-300x300.jpg\" alt=\"\" width=\"300\" height=\"300\" \/><\/p>\n<p>&nbsp;<\/p>\n<div style=\"width: 568px;\" class=\"wp-video\"><!--[if lt IE 9]><script>document.createElement('video');<\/script><![endif]-->\n<video class=\"wp-video-shortcode\" id=\"video-4847-1\" width=\"568\" height=\"320\" preload=\"metadata\" controls=\"controls\"><source type=\"video\/mp4\" src=\"https:\/\/hotelli03.domainhotelli.fi\/~lsdoecli\/wp-content\/uploads\/2021\/06\/de5806a0471c6ca8c4f9be04f0f9086b.mp4?_=1\" \/><a href=\"https:\/\/hotelli03.domainhotelli.fi\/~lsdoecli\/wp-content\/uploads\/2021\/06\/de5806a0471c6ca8c4f9be04f0f9086b.mp4\">https:\/\/hotelli03.domainhotelli.fi\/~lsdoecli\/wp-content\/uploads\/2021\/06\/de5806a0471c6ca8c4f9be04f0f9086b.mp4<\/a><\/video><\/div>\n<div style=\"width: 960px;\" class=\"wp-video\"><video class=\"wp-video-shortcode\" id=\"video-4847-2\" width=\"960\" height=\"544\" preload=\"metadata\" controls=\"controls\"><source type=\"video\/mp4\" src=\"https:\/\/hotelli03.domainhotelli.fi\/~lsdoecli\/wp-content\/uploads\/2021\/06\/dee1ad21a663f91684c8f11070391b4e.mp4?_=2\" \/><a href=\"https:\/\/hotelli03.domainhotelli.fi\/~lsdoecli\/wp-content\/uploads\/2021\/06\/dee1ad21a663f91684c8f11070391b4e.mp4\">https:\/\/hotelli03.domainhotelli.fi\/~lsdoecli\/wp-content\/uploads\/2021\/06\/dee1ad21a663f91684c8f11070391b4e.mp4<\/a><\/video><\/div>\n","protected":false},"excerpt":{"rendered":"<p>Ammattilaisk\u00e4ytt\u00f6\u00f6n tarkoitettu Huepar Linjalaser S40GC heijastaa nelj\u00e4 erinomaisesta 360\u00b0:n laserlinjaa.<\/p>\n<p>Bluetooth-liit\u00e4nn\u00e4ll\u00e4 saat et\u00e4ohjattua laitetta puhelimellasi tai kaukos\u00e4\u00e4timell\u00e4 ja s\u00e4\u00e4detty\u00e4 laitetta ilman kosketusta.<\/p>\n<p>Linjalaseria voidaan k\u00e4ytt\u00e4\u00e4 sek\u00e4 litiumakun, alkaaliparistojen ett\u00e4 latausjohdon kanssa suoraan.<\/p>\n<p>Jalustan kierre &#8211; 1\/4-20<\/p>\n<p>IP54 p\u00f6lytiivis, vedenpit\u00e4v\u00e4 ja iskunkest\u00e4v\u00e4, luotettava ja kest\u00e4v\u00e4.<\/p>\n<p>Vihre\u00e4t laserlinjat n\u00e4kyv\u00e4t jopa nelj\u00e4 kertaa paremmin.<\/p>\n<p>Ty\u00f6skentelyalue ilman vastaanotinta jopa 40metri\u00e4 ja tarkkuus \u00b13mm\/10m.<\/p>\n<p>&nbsp;<\/p>\n","protected":false},"featured_media":4866,"comment_status":"open","ping_status":"closed","template":"","meta":[],"product_cat":[713],"product_tag":[748,750,751,752,714,753,715,754,749],"yoast_head":"<!-- This site is optimized with the Yoast SEO Premium plugin v18.9 (Yoast SEO v19.3) - https:\/\/yoast.com\/wordpress\/plugins\/seo\/ -->\n<title>Linjalaser vihre\u00e4 eritt\u00e4in kirkas S04CG Huepar 4 x 360\u00b0 linjaa | JV Tuonti<\/title>\n<meta name=\"description\" content=\"Linjalaser Huepar S04CG. Nelj\u00e4 eritt\u00e4in kirkasta vihre\u00e4 360\u00b0:n laserlinjaa. 2 vuoden takuu. Tilaa t\u00e4st\u00e4 hyv\u00e4 linjalaser verkkokaupasta!\" \/>\n<meta name=\"robots\" content=\"index, follow, max-snippet:-1, max-image-preview:large, max-video-preview:-1\" \/>\n<link rel=\"canonical\" href=\"https:\/\/hotelli03.domainhotelli.fi\/~lsdoecli\/tuote\/linjalaser-huepar-sc04gc\/\" \/>\n<meta property=\"og:locale\" content=\"fi_FI\" \/>\n<meta property=\"og:type\" content=\"article\" \/>\n<meta property=\"og:title\" content=\"Linjalaser Huepar S04CG itsetasaava 4 x 360\u00b0 vihre\u00e4 laserlinjaa\" \/>\n<meta property=\"og:description\" content=\"Linjalaser Huepar S04CG. Nelj\u00e4 eritt\u00e4in kirkasta vihre\u00e4 360\u00b0:n laserlinjaa. 2 vuoden takuu. Tilaa t\u00e4st\u00e4 hyv\u00e4 linjalaser verkkokaupasta!\" \/>\n<meta property=\"og:url\" content=\"https:\/\/hotelli03.domainhotelli.fi\/~lsdoecli\/tuote\/linjalaser-huepar-sc04gc\/\" \/>\n<meta property=\"og:site_name\" content=\"JV Tuonti\" \/>\n<meta property=\"article:publisher\" content=\"https:\/\/www.facebook.com\/JVTuontiOy\" \/>\n<meta property=\"article:modified_time\" content=\"2021-11-16T02:36:22+00:00\" \/>\n<meta property=\"og:image\" content=\"https:\/\/hotelli03.domainhotelli.fi\/~lsdoecli\/wp-content\/uploads\/2021\/06\/LinjalaserS40GC-7.jpg\" \/>\n\t<meta property=\"og:image:width\" content=\"1200\" \/>\n\t<meta property=\"og:image:height\" content=\"1200\" \/>\n\t<meta property=\"og:image:type\" content=\"image\/jpeg\" \/>\n<meta name=\"twitter:card\" content=\"summary_large_image\" \/>\n<meta name=\"twitter:label1\" content=\"Price\" \/>\n\t<meta name=\"twitter:data1\" content=\"359,60&nbsp;&euro; Alv 24%N\u00e4yt\u00e4 veroton hinta290,00&nbsp;&euro; Alv 0%N\u00e4yt\u00e4 verollinen hinta\" \/>\n\t<meta name=\"twitter:label2\" content=\"Availability\" \/>\n\t<meta name=\"twitter:data2\" content=\"In stock\" \/>\n<script type=\"application\/ld+json\" class=\"yoast-schema-graph\">{\"@context\":\"https:\/\/schema.org\",\"@graph\":[{\"@type\":[\"Organization\",\"Place\",\"WholesaleStore\"],\"@id\":\"https:\/\/hotelli03.domainhotelli.fi\/~lsdoecli\/#organization\",\"name\":\"JV Tuonti Oy\",\"url\":\"https:\/\/hotelli03.domainhotelli.fi\/~lsdoecli\/\",\"sameAs\":[\"https:\/\/instagram.com\/jvtuontioy?utm_medium=copy_link\",\"https:\/\/www.facebook.com\/JVTuontiOy\"],\"logo\":{\"@id\":\"https:\/\/hotelli03.domainhotelli.fi\/~lsdoecli\/tuote\/linjalaser-huepar-sc04gc\/#local-main-organization-logo\"},\"image\":{\"@id\":\"https:\/\/hotelli03.domainhotelli.fi\/~lsdoecli\/tuote\/linjalaser-huepar-sc04gc\/#local-main-organization-logo\"},\"address\":{\"@id\":\"https:\/\/hotelli03.domainhotelli.fi\/~lsdoecli\/tuote\/linjalaser-huepar-sc04gc\/#local-main-place-address\"},\"geo\":{\"@type\":\"GeoCoordinates\",\"latitude\":\"60.28431\",\"longitude\":\"24.81654\"},\"telephone\":[\"0408369980\"],\"openingHoursSpecification\":[{\"@type\":\"OpeningHoursSpecification\",\"dayOfWeek\":[\"Monday\",\"Tuesday\",\"Wednesday\",\"Thursday\",\"Friday\"],\"opens\":\"08:00\",\"closes\":\"16:00\"},{\"@type\":\"OpeningHoursSpecification\",\"dayOfWeek\":[\"Saturday\",\"Sunday\"],\"opens\":\"00:00\",\"closes\":\"00:00\"}],\"email\":\"myynti@hotelli03.domainhotelli.fi\",\"areaServed\":\"Suomi, Ruotsi\",\"vatID\":\"FI30178387\",\"priceRange\":\"$$\",\"currenciesAccepted\":\"\u20ac\",\"paymentAccepted\":\"Lasku, pankkikortti\"},{\"@type\":\"WebSite\",\"@id\":\"https:\/\/hotelli03.domainhotelli.fi\/~lsdoecli\/#website\",\"url\":\"https:\/\/hotelli03.domainhotelli.fi\/~lsdoecli\/\",\"name\":\"JV Tuonti\",\"description\":\"JV Tuonti Oy:n verkkokauppa\",\"publisher\":{\"@id\":\"https:\/\/hotelli03.domainhotelli.fi\/~lsdoecli\/#organization\"},\"potentialAction\":[{\"@type\":\"SearchAction\",\"target\":{\"@type\":\"EntryPoint\",\"urlTemplate\":\"https:\/\/hotelli03.domainhotelli.fi\/~lsdoecli\/?s={search_term_string}\"},\"query-input\":\"required name=search_term_string\"}],\"inLanguage\":\"fi\"},{\"@type\":\"ImageObject\",\"inLanguage\":\"fi\",\"@id\":\"https:\/\/hotelli03.domainhotelli.fi\/~lsdoecli\/tuote\/linjalaser-huepar-sc04gc\/#primaryimage\",\"url\":\"https:\/\/hotelli03.domainhotelli.fi\/~lsdoecli\/wp-content\/uploads\/2021\/06\/LinjalaserS40GC-7.jpg\",\"contentUrl\":\"https:\/\/hotelli03.domainhotelli.fi\/~lsdoecli\/wp-content\/uploads\/2021\/06\/LinjalaserS40GC-7.jpg\",\"width\":1200,\"height\":1200,\"caption\":\"Linjalaser vihre\u00e4 laser Huepar S04CG itsetasaava\"},{\"@type\":\"WebPage\",\"@id\":\"https:\/\/hotelli03.domainhotelli.fi\/~lsdoecli\/tuote\/linjalaser-huepar-sc04gc\/\",\"url\":\"https:\/\/hotelli03.domainhotelli.fi\/~lsdoecli\/tuote\/linjalaser-huepar-sc04gc\/\",\"name\":\"Linjalaser vihre\u00e4 eritt\u00e4in kirkas S04CG Huepar 4 x 360\u00b0 linjaa | JV Tuonti\",\"isPartOf\":{\"@id\":\"https:\/\/hotelli03.domainhotelli.fi\/~lsdoecli\/#website\"},\"primaryImageOfPage\":{\"@id\":\"https:\/\/hotelli03.domainhotelli.fi\/~lsdoecli\/tuote\/linjalaser-huepar-sc04gc\/#primaryimage\"},\"datePublished\":\"2021-06-03T09:12:01+00:00\",\"dateModified\":\"2021-11-16T02:36:22+00:00\",\"description\":\"Linjalaser Huepar S04CG. Nelj\u00e4 eritt\u00e4in kirkasta vihre\u00e4 360\u00b0:n laserlinjaa. 2 vuoden takuu. Tilaa t\u00e4st\u00e4 hyv\u00e4 linjalaser verkkokaupasta!\",\"breadcrumb\":{\"@id\":\"https:\/\/hotelli03.domainhotelli.fi\/~lsdoecli\/tuote\/linjalaser-huepar-sc04gc\/#breadcrumb\"},\"inLanguage\":\"fi\",\"potentialAction\":[{\"@type\":\"ReadAction\",\"target\":[\"https:\/\/hotelli03.domainhotelli.fi\/~lsdoecli\/tuote\/linjalaser-huepar-sc04gc\/\"]}]},{\"@type\":\"BreadcrumbList\",\"@id\":\"https:\/\/hotelli03.domainhotelli.fi\/~lsdoecli\/tuote\/linjalaser-huepar-sc04gc\/#breadcrumb\",\"itemListElement\":[{\"@type\":\"ListItem\",\"position\":1,\"name\":\"Etusivu\",\"item\":\"https:\/\/hotelli03.domainhotelli.fi\/~lsdoecli\/\"},{\"@type\":\"ListItem\",\"position\":2,\"name\":\"Kauppa\",\"item\":\"https:\/\/hotelli03.domainhotelli.fi\/~lsdoecli\/kauppa\/\"},{\"@type\":\"ListItem\",\"position\":3,\"name\":\"Linjalaser Huepar S04CG itsetasaava 4 x 360\u00b0 vihre\u00e4 laserlinjaa\"}]},{\"@type\":\"PostalAddress\",\"@id\":\"https:\/\/hotelli03.domainhotelli.fi\/~lsdoecli\/tuote\/linjalaser-huepar-sc04gc\/#local-main-place-address\",\"streetAddress\":\"Pyymosantie 5a\",\"addressLocality\":\"Vantaa\",\"postalCode\":\"01720\",\"addressCountry\":\"FI\"},{\"@type\":\"ImageObject\",\"inLanguage\":\"fi\",\"@id\":\"https:\/\/hotelli03.domainhotelli.fi\/~lsdoecli\/tuote\/linjalaser-huepar-sc04gc\/#local-main-organization-logo\",\"url\":\"https:\/\/hotelli03.domainhotelli.fi\/~lsdoecli\/wp-content\/uploads\/2021\/08\/JVTuonti_logo_nelio.jpg\",\"contentUrl\":\"https:\/\/hotelli03.domainhotelli.fi\/~lsdoecli\/wp-content\/uploads\/2021\/08\/JVTuonti_logo_nelio.jpg\",\"width\":550,\"height\":550,\"caption\":\"JV Tuonti Oy\"}]}<\/script>\n<meta property=\"product:brand\" content=\"Huepar\" \/>\n<meta property=\"product:price:amount\" content=\"359.60\" \/>\n<meta property=\"product:price:currency\" content=\"EUR\" \/>\n<meta property=\"og:availability\" content=\"instock\" \/>\n<meta property=\"product:availability\" content=\"instock\" \/>\n<meta property=\"product:retailer_item_id\" content=\"S04GC\" \/>\n<meta property=\"product:condition\" content=\"new\" \/>\n<meta name=\"geo.placename\" content=\"Vantaa\" \/>\n<meta name=\"geo.position\" content=\"60.28431;24.81654\" \/>\n<meta name=\"geo.region\" content=\"Suomi\" \/>\n<!-- \/ Yoast SEO Premium plugin. -->","yoast_head_json":{"title":"Linjalaser vihre\u00e4 eritt\u00e4in kirkas S04CG Huepar 4 x 360\u00b0 linjaa | JV Tuonti","description":"Linjalaser Huepar S04CG. Nelj\u00e4 eritt\u00e4in kirkasta vihre\u00e4 360\u00b0:n laserlinjaa. 2 vuoden takuu. Tilaa t\u00e4st\u00e4 hyv\u00e4 linjalaser verkkokaupasta!","robots":{"index":"index","follow":"follow","max-snippet":"max-snippet:-1","max-image-preview":"max-image-preview:large","max-video-preview":"max-video-preview:-1"},"canonical":"https:\/\/hotelli03.domainhotelli.fi\/~lsdoecli\/tuote\/linjalaser-huepar-sc04gc\/","og_locale":"fi_FI","og_type":"article","og_title":"Linjalaser Huepar S04CG itsetasaava 4 x 360\u00b0 vihre\u00e4 laserlinjaa","og_description":"Linjalaser Huepar S04CG. Nelj\u00e4 eritt\u00e4in kirkasta vihre\u00e4 360\u00b0:n laserlinjaa. 2 vuoden takuu. Tilaa t\u00e4st\u00e4 hyv\u00e4 linjalaser verkkokaupasta!","og_url":"https:\/\/hotelli03.domainhotelli.fi\/~lsdoecli\/tuote\/linjalaser-huepar-sc04gc\/","og_site_name":"JV Tuonti","article_publisher":"https:\/\/www.facebook.com\/JVTuontiOy","article_modified_time":"2021-11-16T02:36:22+00:00","og_image":[{"width":1200,"height":1200,"url":"https:\/\/hotelli03.domainhotelli.fi\/~lsdoecli\/wp-content\/uploads\/2021\/06\/LinjalaserS40GC-7.jpg","type":"image\/jpeg"}],"twitter_card":"summary_large_image","twitter_misc":{"Price":"359,60&nbsp;&euro; Alv 24%N\u00e4yt\u00e4 veroton hinta290,00&nbsp;&euro; Alv 0%N\u00e4yt\u00e4 verollinen hinta","Availability":"In stock"},"schema":{"@context":"https:\/\/schema.org","@graph":[{"@type":["Organization","Place","WholesaleStore"],"@id":"https:\/\/hotelli03.domainhotelli.fi\/~lsdoecli\/#organization","name":"JV Tuonti Oy","url":"https:\/\/hotelli03.domainhotelli.fi\/~lsdoecli\/","sameAs":["https:\/\/instagram.com\/jvtuontioy?utm_medium=copy_link","https:\/\/www.facebook.com\/JVTuontiOy"],"logo":{"@id":"https:\/\/hotelli03.domainhotelli.fi\/~lsdoecli\/tuote\/linjalaser-huepar-sc04gc\/#local-main-organization-logo"},"image":{"@id":"https:\/\/hotelli03.domainhotelli.fi\/~lsdoecli\/tuote\/linjalaser-huepar-sc04gc\/#local-main-organization-logo"},"address":{"@id":"https:\/\/hotelli03.domainhotelli.fi\/~lsdoecli\/tuote\/linjalaser-huepar-sc04gc\/#local-main-place-address"},"geo":{"@type":"GeoCoordinates","latitude":"60.28431","longitude":"24.81654"},"telephone":["0408369980"],"openingHoursSpecification":[{"@type":"OpeningHoursSpecification","dayOfWeek":["Monday","Tuesday","Wednesday","Thursday","Friday"],"opens":"08:00","closes":"16:00"},{"@type":"OpeningHoursSpecification","dayOfWeek":["Saturday","Sunday"],"opens":"00:00","closes":"00:00"}],"email":"myynti@hotelli03.domainhotelli.fi","areaServed":"Suomi, Ruotsi","vatID":"FI30178387","priceRange":"$$","currenciesAccepted":"\u20ac","paymentAccepted":"Lasku, pankkikortti"},{"@type":"WebSite","@id":"https:\/\/hotelli03.domainhotelli.fi\/~lsdoecli\/#website","url":"https:\/\/hotelli03.domainhotelli.fi\/~lsdoecli\/","name":"JV Tuonti","description":"JV Tuonti Oy:n verkkokauppa","publisher":{"@id":"https:\/\/hotelli03.domainhotelli.fi\/~lsdoecli\/#organization"},"potentialAction":[{"@type":"SearchAction","target":{"@type":"EntryPoint","urlTemplate":"https:\/\/hotelli03.domainhotelli.fi\/~lsdoecli\/?s={search_term_string}"},"query-input":"required name=search_term_string"}],"inLanguage":"fi"},{"@type":"ImageObject","inLanguage":"fi","@id":"https:\/\/hotelli03.domainhotelli.fi\/~lsdoecli\/tuote\/linjalaser-huepar-sc04gc\/#primaryimage","url":"https:\/\/hotelli03.domainhotelli.fi\/~lsdoecli\/wp-content\/uploads\/2021\/06\/LinjalaserS40GC-7.jpg","contentUrl":"https:\/\/hotelli03.domainhotelli.fi\/~lsdoecli\/wp-content\/uploads\/2021\/06\/LinjalaserS40GC-7.jpg","width":1200,"height":1200,"caption":"Linjalaser vihre\u00e4 laser Huepar S04CG itsetasaava"},{"@type":"WebPage","@id":"https:\/\/hotelli03.domainhotelli.fi\/~lsdoecli\/tuote\/linjalaser-huepar-sc04gc\/","url":"https:\/\/hotelli03.domainhotelli.fi\/~lsdoecli\/tuote\/linjalaser-huepar-sc04gc\/","name":"Linjalaser vihre\u00e4 eritt\u00e4in kirkas S04CG Huepar 4 x 360\u00b0 linjaa | JV Tuonti","isPartOf":{"@id":"https:\/\/hotelli03.domainhotelli.fi\/~lsdoecli\/#website"},"primaryImageOfPage":{"@id":"https:\/\/hotelli03.domainhotelli.fi\/~lsdoecli\/tuote\/linjalaser-huepar-sc04gc\/#primaryimage"},"datePublished":"2021-06-03T09:12:01+00:00","dateModified":"2021-11-16T02:36:22+00:00","description":"Linjalaser Huepar S04CG. Nelj\u00e4 eritt\u00e4in kirkasta vihre\u00e4 360\u00b0:n laserlinjaa. 2 vuoden takuu. Tilaa t\u00e4st\u00e4 hyv\u00e4 linjalaser verkkokaupasta!","breadcrumb":{"@id":"https:\/\/hotelli03.domainhotelli.fi\/~lsdoecli\/tuote\/linjalaser-huepar-sc04gc\/#breadcrumb"},"inLanguage":"fi","potentialAction":[{"@type":"ReadAction","target":["https:\/\/hotelli03.domainhotelli.fi\/~lsdoecli\/tuote\/linjalaser-huepar-sc04gc\/"]}]},{"@type":"BreadcrumbList","@id":"https:\/\/hotelli03.domainhotelli.fi\/~lsdoecli\/tuote\/linjalaser-huepar-sc04gc\/#breadcrumb","itemListElement":[{"@type":"ListItem","position":1,"name":"Etusivu","item":"https:\/\/hotelli03.domainhotelli.fi\/~lsdoecli\/"},{"@type":"ListItem","position":2,"name":"Kauppa","item":"https:\/\/hotelli03.domainhotelli.fi\/~lsdoecli\/kauppa\/"},{"@type":"ListItem","position":3,"name":"Linjalaser Huepar S04CG itsetasaava 4 x 360\u00b0 vihre\u00e4 laserlinjaa"}]},{"@type":"PostalAddress","@id":"https:\/\/hotelli03.domainhotelli.fi\/~lsdoecli\/tuote\/linjalaser-huepar-sc04gc\/#local-main-place-address","streetAddress":"Pyymosantie 5a","addressLocality":"Vantaa","postalCode":"01720","addressCountry":"FI"},{"@type":"ImageObject","inLanguage":"fi","@id":"https:\/\/hotelli03.domainhotelli.fi\/~lsdoecli\/tuote\/linjalaser-huepar-sc04gc\/#local-main-organization-logo","url":"https:\/\/hotelli03.domainhotelli.fi\/~lsdoecli\/wp-content\/uploads\/2021\/08\/JVTuonti_logo_nelio.jpg","contentUrl":"https:\/\/hotelli03.domainhotelli.fi\/~lsdoecli\/wp-content\/uploads\/2021\/08\/JVTuonti_logo_nelio.jpg","width":550,"height":550,"caption":"JV Tuonti Oy"}]},"product_brand":"Huepar","product_price_amount":"359.60","product_price_currency":"EUR","og_availability":"instock","product_availability":"instock","product_retailer_item_id":"S04GC","product_condition":"new","geo.placename":"Vantaa","geo.position":{"lat":"60.28431","long":"24.81654"},"geo.region":"Suomi"},"_links":{"self":[{"href":"https:\/\/hotelli03.domainhotelli.fi\/~lsdoecli\/wp-json\/wp\/v2\/product\/4847"}],"collection":[{"href":"https:\/\/hotelli03.domainhotelli.fi\/~lsdoecli\/wp-json\/wp\/v2\/product"}],"about":[{"href":"https:\/\/hotelli03.domainhotelli.fi\/~lsdoecli\/wp-json\/wp\/v2\/types\/product"}],"replies":[{"embeddable":true,"href":"https:\/\/hotelli03.domainhotelli.fi\/~lsdoecli\/wp-json\/wp\/v2\/comments?post=4847"}],"wp:featuredmedia":[{"embeddable":true,"href":"https:\/\/hotelli03.domainhotelli.fi\/~lsdoecli\/wp-json\/wp\/v2\/media\/4866"}],"wp:attachment":[{"href":"https:\/\/hotelli03.domainhotelli.fi\/~lsdoecli\/wp-json\/wp\/v2\/media?parent=4847"}],"wp:term":[{"taxonomy":"product_cat","embeddable":true,"href":"https:\/\/hotelli03.domainhotelli.fi\/~lsdoecli\/wp-json\/wp\/v2\/product_cat?post=4847"},{"taxonomy":"product_tag","embeddable":true,"href":"https:\/\/hotelli03.domainhotelli.fi\/~lsdoecli\/wp-json\/wp\/v2\/product_tag?post=4847"}],"curies":[{"name":"wp","href":"https:\/\/api.w.org\/{rel}","templated":true}]}}