{"id":4646,"date":"2021-05-26T17:23:22","date_gmt":"2021-05-26T17:23:22","guid":{"rendered":"https:\/\/hotelli03.domainhotelli.fi\/~lsdoecli\/woocommerce\/?post_type=product&#038;p=4646"},"modified":"2021-05-26T17:25:10","modified_gmt":"2021-05-26T17:25:10","slug":"lyontiankkuri-kauluksella-he-cl","status":"publish","type":"product","link":"https:\/\/hotelli03.domainhotelli.fi\/~lsdoecli\/tuote\/lyontiankkuri-kauluksella-he-cl\/","title":{"rendered":"Ly\u00f6ntiankkuri kauluksella HE-CL"},"content":{"rendered":"<p>Ly\u00f6ntiankkuri kauluksella HE-CL M6x25\u00a0\u00d88\u00a0&amp; M8x30 \u00d810, 100kpl pakkaus.<\/p>\n<p>Ankkureissa on metriset kierteet pulteille ja\u00a0tangoille.<\/p>\n<p>Ly\u00f6ntiankkuri HE-CL kiinnityksiin betoniin ja kiveen.<\/p>\n<p>Tuote on Eta-hyv\u00e4ksytty ja CE-merkitty sek\u00e4 paloluokiteltu betoniasennuksissa<\/p>\n<p>&nbsp;<\/p>\n<p><iframe loading=\"lazy\" title=\"HE - Drop in anchor with internal thread for heavy loads of INDEX. A Perfect Fixing\" width=\"1140\" height=\"641\" src=\"https:\/\/www.youtube.com\/embed\/3N5WrZb5I7g?start=2&#038;feature=oembed\" frameborder=\"0\" allow=\"accelerometer; autoplay; clipboard-write; encrypted-media; gyroscope; picture-in-picture\" allowfullscreen><\/iframe><\/p>\n","protected":false},"excerpt":{"rendered":"<p>Ly\u00f6ntiankkuri kauluksella HE-CL M6x25\u00a0\u00d88\u00a0&amp; M8x30 \u00d810, 100kpl pakkaus.<\/p>\n<p>Ankkureissa on metriset kierteet pulteille ja\u00a0tangoille.<\/p>\n<p>Ly\u00f6ntiankkuri HE-CL kiinnityksiin betoniin ja kiveen.<\/p>\n<p>Tuote on Eta-hyv\u00e4ksytty ja CE-merkitty sek\u00e4 paloluokiteltu.<\/p>\n<p>&nbsp;<\/p>\n<p><strong>Valitse koko alta:<\/strong><\/p>\n","protected":false},"featured_media":4647,"comment_status":"open","ping_status":"closed","template":"","meta":[],"product_cat":[670],"product_tag":[671,673,672],"yoast_head":"<!-- This site is optimized with the Yoast SEO Premium plugin v18.9 (Yoast SEO v19.3) - https:\/\/yoast.com\/wordpress\/plugins\/seo\/ -->\n<title>JV Tuonti | Ly\u00f6ntiankkuri kauluksella HE-CL<\/title>\n<meta name=\"description\" content=\"Ly\u00f6ntiankkuri kauluksella HE-CL M6x25\u00a0\u00d88\u00a0&amp; M8x30 \u00d810, 100kpl pakkaus.  Ankkureissa on metriset kierteet pulteille ja\u00a0tangoille.  Ly\u00f6ntiankkuri HE-CL kiinnityksiin betoniin ja kiveen.  Tuote on Eta-hyv\u00e4ksytty ja CE-merkitty sek\u00e4 paloluokiteltu.  &nbsp;  Valitse koko alta:\" \/>\n<meta name=\"robots\" content=\"index, follow, max-snippet:-1, max-image-preview:large, max-video-preview:-1\" \/>\n<link rel=\"canonical\" href=\"https:\/\/hotelli03.domainhotelli.fi\/~lsdoecli\/tuote\/lyontiankkuri-kauluksella-he-cl\/\" \/>\n<meta property=\"og:locale\" content=\"fi_FI\" \/>\n<meta property=\"og:type\" content=\"article\" \/>\n<meta property=\"og:title\" content=\"Ly\u00f6ntiankkuri kauluksella HE-CL\" \/>\n<meta property=\"og:description\" content=\"Ly\u00f6ntiankkuri kauluksella HE-CL M6x25\u00a0\u00d88\u00a0&amp; M8x30 \u00d810, 100kpl pakkaus.  Ankkureissa on metriset kierteet pulteille ja\u00a0tangoille.  Ly\u00f6ntiankkuri HE-CL kiinnityksiin betoniin ja kiveen.  Tuote on Eta-hyv\u00e4ksytty ja CE-merkitty sek\u00e4 paloluokiteltu.  &nbsp;  Valitse koko alta:\" \/>\n<meta property=\"og:url\" content=\"https:\/\/hotelli03.domainhotelli.fi\/~lsdoecli\/tuote\/lyontiankkuri-kauluksella-he-cl\/\" \/>\n<meta property=\"og:site_name\" content=\"JV Tuonti\" \/>\n<meta property=\"article:publisher\" content=\"https:\/\/www.facebook.com\/JVTuontiOy\" \/>\n<meta property=\"article:modified_time\" content=\"2021-05-26T17:25:10+00:00\" \/>\n<meta property=\"og:image\" content=\"https:\/\/hotelli03.domainhotelli.fi\/~lsdoecli\/wp-content\/uploads\/2021\/05\/Ly\u00f6ntiankkuri-he-cl.jpg\" \/>\n\t<meta property=\"og:image:width\" content=\"1000\" \/>\n\t<meta property=\"og:image:height\" content=\"1000\" \/>\n\t<meta property=\"og:image:type\" content=\"image\/jpeg\" \/>\n<meta name=\"twitter:card\" content=\"summary_large_image\" \/>\n<meta name=\"twitter:label1\" content=\"Availability\" \/>\n\t<meta name=\"twitter:data1\" content=\"In stock\" \/>\n<script type=\"application\/ld+json\" class=\"yoast-schema-graph\">{\"@context\":\"https:\/\/schema.org\",\"@graph\":[{\"@type\":[\"Organization\",\"Place\",\"WholesaleStore\"],\"@id\":\"https:\/\/hotelli03.domainhotelli.fi\/~lsdoecli\/#organization\",\"name\":\"JV Tuonti Oy\",\"url\":\"https:\/\/hotelli03.domainhotelli.fi\/~lsdoecli\/\",\"sameAs\":[\"https:\/\/instagram.com\/jvtuontioy?utm_medium=copy_link\",\"https:\/\/www.facebook.com\/JVTuontiOy\"],\"logo\":{\"@id\":\"https:\/\/hotelli03.domainhotelli.fi\/~lsdoecli\/tuote\/lyontiankkuri-kauluksella-he-cl\/#local-main-organization-logo\"},\"image\":{\"@id\":\"https:\/\/hotelli03.domainhotelli.fi\/~lsdoecli\/tuote\/lyontiankkuri-kauluksella-he-cl\/#local-main-organization-logo\"},\"address\":{\"@id\":\"https:\/\/hotelli03.domainhotelli.fi\/~lsdoecli\/tuote\/lyontiankkuri-kauluksella-he-cl\/#local-main-place-address\"},\"geo\":{\"@type\":\"GeoCoordinates\",\"latitude\":\"60.28431\",\"longitude\":\"24.81654\"},\"telephone\":[\"0408369980\"],\"openingHoursSpecification\":[{\"@type\":\"OpeningHoursSpecification\",\"dayOfWeek\":[\"Monday\",\"Tuesday\",\"Wednesday\",\"Thursday\",\"Friday\"],\"opens\":\"08:00\",\"closes\":\"16:00\"},{\"@type\":\"OpeningHoursSpecification\",\"dayOfWeek\":[\"Saturday\",\"Sunday\"],\"opens\":\"00:00\",\"closes\":\"00:00\"}],\"email\":\"myynti@hotelli03.domainhotelli.fi\",\"areaServed\":\"Suomi, Ruotsi\",\"vatID\":\"FI30178387\",\"priceRange\":\"$$\",\"currenciesAccepted\":\"\u20ac\",\"paymentAccepted\":\"Lasku, pankkikortti\"},{\"@type\":\"WebSite\",\"@id\":\"https:\/\/hotelli03.domainhotelli.fi\/~lsdoecli\/#website\",\"url\":\"https:\/\/hotelli03.domainhotelli.fi\/~lsdoecli\/\",\"name\":\"JV Tuonti\",\"description\":\"JV Tuonti Oy:n verkkokauppa\",\"publisher\":{\"@id\":\"https:\/\/hotelli03.domainhotelli.fi\/~lsdoecli\/#organization\"},\"potentialAction\":[{\"@type\":\"SearchAction\",\"target\":{\"@type\":\"EntryPoint\",\"urlTemplate\":\"https:\/\/hotelli03.domainhotelli.fi\/~lsdoecli\/?s={search_term_string}\"},\"query-input\":\"required name=search_term_string\"}],\"inLanguage\":\"fi\"},{\"@type\":\"ImageObject\",\"inLanguage\":\"fi\",\"@id\":\"https:\/\/hotelli03.domainhotelli.fi\/~lsdoecli\/tuote\/lyontiankkuri-kauluksella-he-cl\/#primaryimage\",\"url\":\"https:\/\/hotelli03.domainhotelli.fi\/~lsdoecli\/wp-content\/uploads\/2021\/05\/Ly\u00f6ntiankkuri-he-cl.jpg\",\"contentUrl\":\"https:\/\/hotelli03.domainhotelli.fi\/~lsdoecli\/wp-content\/uploads\/2021\/05\/Ly\u00f6ntiankkuri-he-cl.jpg\",\"width\":1000,\"height\":1000,\"caption\":\"Ly\u00f6ntiankkuri kauluksella HE-CL\"},{\"@type\":\"WebPage\",\"@id\":\"https:\/\/hotelli03.domainhotelli.fi\/~lsdoecli\/tuote\/lyontiankkuri-kauluksella-he-cl\/\",\"url\":\"https:\/\/hotelli03.domainhotelli.fi\/~lsdoecli\/tuote\/lyontiankkuri-kauluksella-he-cl\/\",\"name\":\"JV Tuonti | Ly\u00f6ntiankkuri kauluksella HE-CL\",\"isPartOf\":{\"@id\":\"https:\/\/hotelli03.domainhotelli.fi\/~lsdoecli\/#website\"},\"primaryImageOfPage\":{\"@id\":\"https:\/\/hotelli03.domainhotelli.fi\/~lsdoecli\/tuote\/lyontiankkuri-kauluksella-he-cl\/#primaryimage\"},\"datePublished\":\"2021-05-26T17:23:22+00:00\",\"dateModified\":\"2021-05-26T17:25:10+00:00\",\"description\":\"Ly\u00f6ntiankkuri kauluksella HE-CL M6x25\u00a0\u00d88\u00a0&amp; M8x30 \u00d810, 100kpl pakkaus. Ankkureissa on metriset kierteet pulteille ja\u00a0tangoille. Ly\u00f6ntiankkuri HE-CL kiinnityksiin betoniin ja kiveen. Tuote on Eta-hyv\u00e4ksytty ja CE-merkitty sek\u00e4 paloluokiteltu. &nbsp; Valitse koko alta:\",\"breadcrumb\":{\"@id\":\"https:\/\/hotelli03.domainhotelli.fi\/~lsdoecli\/tuote\/lyontiankkuri-kauluksella-he-cl\/#breadcrumb\"},\"inLanguage\":\"fi\",\"potentialAction\":[{\"@type\":\"ReadAction\",\"target\":[\"https:\/\/hotelli03.domainhotelli.fi\/~lsdoecli\/tuote\/lyontiankkuri-kauluksella-he-cl\/\"]}]},{\"@type\":\"BreadcrumbList\",\"@id\":\"https:\/\/hotelli03.domainhotelli.fi\/~lsdoecli\/tuote\/lyontiankkuri-kauluksella-he-cl\/#breadcrumb\",\"itemListElement\":[{\"@type\":\"ListItem\",\"position\":1,\"name\":\"Etusivu\",\"item\":\"https:\/\/hotelli03.domainhotelli.fi\/~lsdoecli\/\"},{\"@type\":\"ListItem\",\"position\":2,\"name\":\"Kauppa\",\"item\":\"https:\/\/hotelli03.domainhotelli.fi\/~lsdoecli\/kauppa\/\"},{\"@type\":\"ListItem\",\"position\":3,\"name\":\"Ly\u00f6ntiankkuri kauluksella HE-CL\"}]},{\"@type\":\"PostalAddress\",\"@id\":\"https:\/\/hotelli03.domainhotelli.fi\/~lsdoecli\/tuote\/lyontiankkuri-kauluksella-he-cl\/#local-main-place-address\",\"streetAddress\":\"Pyymosantie 5a\",\"addressLocality\":\"Vantaa\",\"postalCode\":\"01720\",\"addressCountry\":\"FI\"},{\"@type\":\"ImageObject\",\"inLanguage\":\"fi\",\"@id\":\"https:\/\/hotelli03.domainhotelli.fi\/~lsdoecli\/tuote\/lyontiankkuri-kauluksella-he-cl\/#local-main-organization-logo\",\"url\":\"https:\/\/hotelli03.domainhotelli.fi\/~lsdoecli\/wp-content\/uploads\/2021\/08\/JVTuonti_logo_nelio.jpg\",\"contentUrl\":\"https:\/\/hotelli03.domainhotelli.fi\/~lsdoecli\/wp-content\/uploads\/2021\/08\/JVTuonti_logo_nelio.jpg\",\"width\":550,\"height\":550,\"caption\":\"JV Tuonti Oy\"}]}<\/script>\n<meta property=\"og:availability\" content=\"instock\" \/>\n<meta property=\"product:availability\" content=\"instock\" \/>\n<meta property=\"product:condition\" content=\"new\" \/>\n<meta name=\"geo.placename\" content=\"Vantaa\" \/>\n<meta name=\"geo.position\" content=\"60.28431;24.81654\" \/>\n<meta name=\"geo.region\" content=\"Suomi\" \/>\n<!-- \/ Yoast SEO Premium plugin. -->","yoast_head_json":{"title":"JV Tuonti | Ly\u00f6ntiankkuri kauluksella HE-CL","description":"Ly\u00f6ntiankkuri kauluksella HE-CL M6x25\u00a0\u00d88\u00a0&amp; M8x30 \u00d810, 100kpl pakkaus.  Ankkureissa on metriset kierteet pulteille ja\u00a0tangoille.  Ly\u00f6ntiankkuri HE-CL kiinnityksiin betoniin ja kiveen.  Tuote on Eta-hyv\u00e4ksytty ja CE-merkitty sek\u00e4 paloluokiteltu.  &nbsp;  Valitse koko alta:","robots":{"index":"index","follow":"follow","max-snippet":"max-snippet:-1","max-image-preview":"max-image-preview:large","max-video-preview":"max-video-preview:-1"},"canonical":"https:\/\/hotelli03.domainhotelli.fi\/~lsdoecli\/tuote\/lyontiankkuri-kauluksella-he-cl\/","og_locale":"fi_FI","og_type":"article","og_title":"Ly\u00f6ntiankkuri kauluksella HE-CL","og_description":"Ly\u00f6ntiankkuri kauluksella HE-CL M6x25\u00a0\u00d88\u00a0&amp; M8x30 \u00d810, 100kpl pakkaus.  Ankkureissa on metriset kierteet pulteille ja\u00a0tangoille.  Ly\u00f6ntiankkuri HE-CL kiinnityksiin betoniin ja kiveen.  Tuote on Eta-hyv\u00e4ksytty ja CE-merkitty sek\u00e4 paloluokiteltu.  &nbsp;  Valitse koko alta:","og_url":"https:\/\/hotelli03.domainhotelli.fi\/~lsdoecli\/tuote\/lyontiankkuri-kauluksella-he-cl\/","og_site_name":"JV Tuonti","article_publisher":"https:\/\/www.facebook.com\/JVTuontiOy","article_modified_time":"2021-05-26T17:25:10+00:00","og_image":[{"width":1000,"height":1000,"url":"https:\/\/hotelli03.domainhotelli.fi\/~lsdoecli\/wp-content\/uploads\/2021\/05\/Ly\u00f6ntiankkuri-he-cl.jpg","type":"image\/jpeg"}],"twitter_card":"summary_large_image","twitter_misc":{"Availability":"In stock"},"schema":{"@context":"https:\/\/schema.org","@graph":[{"@type":["Organization","Place","WholesaleStore"],"@id":"https:\/\/hotelli03.domainhotelli.fi\/~lsdoecli\/#organization","name":"JV Tuonti Oy","url":"https:\/\/hotelli03.domainhotelli.fi\/~lsdoecli\/","sameAs":["https:\/\/instagram.com\/jvtuontioy?utm_medium=copy_link","https:\/\/www.facebook.com\/JVTuontiOy"],"logo":{"@id":"https:\/\/hotelli03.domainhotelli.fi\/~lsdoecli\/tuote\/lyontiankkuri-kauluksella-he-cl\/#local-main-organization-logo"},"image":{"@id":"https:\/\/hotelli03.domainhotelli.fi\/~lsdoecli\/tuote\/lyontiankkuri-kauluksella-he-cl\/#local-main-organization-logo"},"address":{"@id":"https:\/\/hotelli03.domainhotelli.fi\/~lsdoecli\/tuote\/lyontiankkuri-kauluksella-he-cl\/#local-main-place-address"},"geo":{"@type":"GeoCoordinates","latitude":"60.28431","longitude":"24.81654"},"telephone":["0408369980"],"openingHoursSpecification":[{"@type":"OpeningHoursSpecification","dayOfWeek":["Monday","Tuesday","Wednesday","Thursday","Friday"],"opens":"08:00","closes":"16:00"},{"@type":"OpeningHoursSpecification","dayOfWeek":["Saturday","Sunday"],"opens":"00:00","closes":"00:00"}],"email":"myynti@hotelli03.domainhotelli.fi","areaServed":"Suomi, Ruotsi","vatID":"FI30178387","priceRange":"$$","currenciesAccepted":"\u20ac","paymentAccepted":"Lasku, pankkikortti"},{"@type":"WebSite","@id":"https:\/\/hotelli03.domainhotelli.fi\/~lsdoecli\/#website","url":"https:\/\/hotelli03.domainhotelli.fi\/~lsdoecli\/","name":"JV Tuonti","description":"JV Tuonti Oy:n verkkokauppa","publisher":{"@id":"https:\/\/hotelli03.domainhotelli.fi\/~lsdoecli\/#organization"},"potentialAction":[{"@type":"SearchAction","target":{"@type":"EntryPoint","urlTemplate":"https:\/\/hotelli03.domainhotelli.fi\/~lsdoecli\/?s={search_term_string}"},"query-input":"required name=search_term_string"}],"inLanguage":"fi"},{"@type":"ImageObject","inLanguage":"fi","@id":"https:\/\/hotelli03.domainhotelli.fi\/~lsdoecli\/tuote\/lyontiankkuri-kauluksella-he-cl\/#primaryimage","url":"https:\/\/hotelli03.domainhotelli.fi\/~lsdoecli\/wp-content\/uploads\/2021\/05\/Ly\u00f6ntiankkuri-he-cl.jpg","contentUrl":"https:\/\/hotelli03.domainhotelli.fi\/~lsdoecli\/wp-content\/uploads\/2021\/05\/Ly\u00f6ntiankkuri-he-cl.jpg","width":1000,"height":1000,"caption":"Ly\u00f6ntiankkuri kauluksella HE-CL"},{"@type":"WebPage","@id":"https:\/\/hotelli03.domainhotelli.fi\/~lsdoecli\/tuote\/lyontiankkuri-kauluksella-he-cl\/","url":"https:\/\/hotelli03.domainhotelli.fi\/~lsdoecli\/tuote\/lyontiankkuri-kauluksella-he-cl\/","name":"JV Tuonti | Ly\u00f6ntiankkuri kauluksella HE-CL","isPartOf":{"@id":"https:\/\/hotelli03.domainhotelli.fi\/~lsdoecli\/#website"},"primaryImageOfPage":{"@id":"https:\/\/hotelli03.domainhotelli.fi\/~lsdoecli\/tuote\/lyontiankkuri-kauluksella-he-cl\/#primaryimage"},"datePublished":"2021-05-26T17:23:22+00:00","dateModified":"2021-05-26T17:25:10+00:00","description":"Ly\u00f6ntiankkuri kauluksella HE-CL M6x25\u00a0\u00d88\u00a0&amp; M8x30 \u00d810, 100kpl pakkaus. Ankkureissa on metriset kierteet pulteille ja\u00a0tangoille. Ly\u00f6ntiankkuri HE-CL kiinnityksiin betoniin ja kiveen. Tuote on Eta-hyv\u00e4ksytty ja CE-merkitty sek\u00e4 paloluokiteltu. &nbsp; Valitse koko alta:","breadcrumb":{"@id":"https:\/\/hotelli03.domainhotelli.fi\/~lsdoecli\/tuote\/lyontiankkuri-kauluksella-he-cl\/#breadcrumb"},"inLanguage":"fi","potentialAction":[{"@type":"ReadAction","target":["https:\/\/hotelli03.domainhotelli.fi\/~lsdoecli\/tuote\/lyontiankkuri-kauluksella-he-cl\/"]}]},{"@type":"BreadcrumbList","@id":"https:\/\/hotelli03.domainhotelli.fi\/~lsdoecli\/tuote\/lyontiankkuri-kauluksella-he-cl\/#breadcrumb","itemListElement":[{"@type":"ListItem","position":1,"name":"Etusivu","item":"https:\/\/hotelli03.domainhotelli.fi\/~lsdoecli\/"},{"@type":"ListItem","position":2,"name":"Kauppa","item":"https:\/\/hotelli03.domainhotelli.fi\/~lsdoecli\/kauppa\/"},{"@type":"ListItem","position":3,"name":"Ly\u00f6ntiankkuri kauluksella HE-CL"}]},{"@type":"PostalAddress","@id":"https:\/\/hotelli03.domainhotelli.fi\/~lsdoecli\/tuote\/lyontiankkuri-kauluksella-he-cl\/#local-main-place-address","streetAddress":"Pyymosantie 5a","addressLocality":"Vantaa","postalCode":"01720","addressCountry":"FI"},{"@type":"ImageObject","inLanguage":"fi","@id":"https:\/\/hotelli03.domainhotelli.fi\/~lsdoecli\/tuote\/lyontiankkuri-kauluksella-he-cl\/#local-main-organization-logo","url":"https:\/\/hotelli03.domainhotelli.fi\/~lsdoecli\/wp-content\/uploads\/2021\/08\/JVTuonti_logo_nelio.jpg","contentUrl":"https:\/\/hotelli03.domainhotelli.fi\/~lsdoecli\/wp-content\/uploads\/2021\/08\/JVTuonti_logo_nelio.jpg","width":550,"height":550,"caption":"JV Tuonti Oy"}]},"og_availability":"instock","product_availability":"instock","product_condition":"new","geo.placename":"Vantaa","geo.position":{"lat":"60.28431","long":"24.81654"},"geo.region":"Suomi"},"_links":{"self":[{"href":"https:\/\/hotelli03.domainhotelli.fi\/~lsdoecli\/wp-json\/wp\/v2\/product\/4646"}],"collection":[{"href":"https:\/\/hotelli03.domainhotelli.fi\/~lsdoecli\/wp-json\/wp\/v2\/product"}],"about":[{"href":"https:\/\/hotelli03.domainhotelli.fi\/~lsdoecli\/wp-json\/wp\/v2\/types\/product"}],"replies":[{"embeddable":true,"href":"https:\/\/hotelli03.domainhotelli.fi\/~lsdoecli\/wp-json\/wp\/v2\/comments?post=4646"}],"wp:featuredmedia":[{"embeddable":true,"href":"https:\/\/hotelli03.domainhotelli.fi\/~lsdoecli\/wp-json\/wp\/v2\/media\/4647"}],"wp:attachment":[{"href":"https:\/\/hotelli03.domainhotelli.fi\/~lsdoecli\/wp-json\/wp\/v2\/media?parent=4646"}],"wp:term":[{"taxonomy":"product_cat","embeddable":true,"href":"https:\/\/hotelli03.domainhotelli.fi\/~lsdoecli\/wp-json\/wp\/v2\/product_cat?post=4646"},{"taxonomy":"product_tag","embeddable":true,"href":"https:\/\/hotelli03.domainhotelli.fi\/~lsdoecli\/wp-json\/wp\/v2\/product_tag?post=4646"}],"curies":[{"name":"wp","href":"https:\/\/api.w.org\/{rel}","templated":true}]}}