{"id":4603,"date":"2021-05-21T12:47:56","date_gmt":"2021-05-21T12:47:56","guid":{"rendered":"https:\/\/hotelli03.domainhotelli.fi\/~lsdoecli\/woocommerce\/?post_type=product&#038;p=4603"},"modified":"2021-05-31T06:46:03","modified_gmt":"2021-05-31T06:46:03","slug":"poraruuvi-flygel-ata-sinkitty","status":"publish","type":"product","link":"https:\/\/hotelli03.domainhotelli.fi\/~lsdoecli\/tuote\/poraruuvi-flygel-ata-sinkitty\/","title":{"rendered":"Poraruuvi Flygel ATA sinkitty"},"content":{"rendered":"<p>Poraruuvi Flygel ATA sinkitty.<\/p>\n<p id=\"tw-target-text\" class=\"tw-data-text tw-text-large XcVN5d tw-ta\" dir=\"ltr\" data-placeholder=\"K\u00e4\u00e4nn\u00f6s\"><span class=\"Y2IQFc\" lang=\"fi\">Itseporautuva ruuvi kahdella apusiivekkeell\u00e4.<\/span><\/p>\n<p>&nbsp;<\/p>\n<p>Varastossa koot: 5,5&#215;38, 5,5&#215;45, 5,5&#215;55, 5,5&#215;65, 6,3&#215;85. Muut tuotteet toimitusajat n. 2 viikkoa.<\/p>\n<table style=\"height: 775px;\" border=\"0\" width=\"532\" cellspacing=\"0\" cellpadding=\"0\">\n<colgroup>\n<col width=\"87\" \/>\n<col width=\"65\" \/>\n<col width=\"85\" \/>\n<col width=\"76\" \/>\n<col width=\"101\" \/><\/colgroup>\n<tbody>\n<tr>\n<td class=\"xl65\" width=\"87\" height=\"32\">Tuotenumero<br \/>\n<span class=\"font5\">Product number<\/span><\/td>\n<td class=\"xl70\" width=\"65\">Mitat<\/td>\n<td class=\"xl73\" colspan=\"2\" width=\"161\">Tuo<\/td>\n<td class=\"xl68\" width=\"101\">Pakkaus<\/td>\n<\/tr>\n<tr>\n<td class=\"xl67\" height=\"21\">ATA4832<\/td>\n<td class=\"xl66\">4,8 x 32<\/td>\n<td class=\"xl71\" colspan=\"2\" width=\"161\">Poraruuvi flygel T25<\/td>\n<td class=\"xl69\">500 kpl<\/td>\n<\/tr>\n<tr>\n<td class=\"xl67\" height=\"21\">ATA4838<\/td>\n<td class=\"xl66\">4,8 x 38<\/td>\n<td class=\"xl71\" colspan=\"2\" width=\"161\">Poraruuvi flygel T25<\/td>\n<td class=\"xl69\">500 kpl<\/td>\n<\/tr>\n<tr>\n<td class=\"xl67\" height=\"21\">ATA4845<\/td>\n<td class=\"xl66\">4,8 x 45<\/td>\n<td class=\"xl71\" colspan=\"2\" width=\"161\">Poraruuvi flygel T25<\/td>\n<td class=\"xl69\">500 kpl<\/td>\n<\/tr>\n<tr>\n<td class=\"xl67\" height=\"21\">ATA4850<\/td>\n<td class=\"xl66\">4,8 x 50<\/td>\n<td class=\"xl71\" colspan=\"2\" width=\"161\">Poraruuvi flygel T25<\/td>\n<td class=\"xl69\">500 kpl<\/td>\n<\/tr>\n<tr>\n<td class=\"xl67\" height=\"21\">ATA5538<\/td>\n<td class=\"xl66\">5,5 x 38<\/td>\n<td class=\"xl71\" colspan=\"2\" width=\"161\">Poraruuvi flygel T25<\/td>\n<td class=\"xl69\">500 kpl<\/td>\n<\/tr>\n<tr>\n<td class=\"xl67\" height=\"21\">ATA5545<\/td>\n<td class=\"xl66\">5,5 x 45<\/td>\n<td class=\"xl71\" colspan=\"2\" width=\"161\">Poraruuvi flygel T25<\/td>\n<td class=\"xl69\">500 kpl<\/td>\n<\/tr>\n<tr>\n<td class=\"xl67\" height=\"21\">ATA5550<\/td>\n<td class=\"xl66\">5,5, x 50<\/td>\n<td class=\"xl71\" colspan=\"2\" width=\"161\">Poraruuvi flygel T25<\/td>\n<td class=\"xl69\">500 kpl<\/td>\n<\/tr>\n<tr>\n<td class=\"xl67\" height=\"21\">ATA5555<\/td>\n<td class=\"xl66\">5,5 x 55<\/td>\n<td class=\"xl72\" colspan=\"2\">Poraruuvi flygel T25<\/td>\n<td class=\"xl69\">500 kpl<\/td>\n<\/tr>\n<tr>\n<td class=\"xl67\" height=\"21\">ATA5565<\/td>\n<td class=\"xl66\">5,5 x 65<\/td>\n<td class=\"xl71\" colspan=\"2\" width=\"161\">Poraruuvi flygel T25<\/td>\n<td class=\"xl69\">500 kpl<\/td>\n<\/tr>\n<tr>\n<td class=\"xl67\" height=\"21\">ATA6350<\/td>\n<td class=\"xl66\">6,3 x 50<\/td>\n<td class=\"xl71\" colspan=\"2\" width=\"161\">Poraruuvi flygel T30<\/td>\n<td class=\"xl69\">500 kpl<\/td>\n<\/tr>\n<tr>\n<td class=\"xl67\" height=\"21\">ATA6360<\/td>\n<td class=\"xl66\">6,3 x 60<\/td>\n<td class=\"xl71\" colspan=\"2\" width=\"161\">Poraruuvi flygel T30<\/td>\n<td class=\"xl69\">250 kpl<\/td>\n<\/tr>\n<tr>\n<td class=\"xl67\" height=\"21\">ATA6370<\/td>\n<td class=\"xl66\">6,3 x 70<\/td>\n<td class=\"xl71\" colspan=\"2\" width=\"161\">Poraruuvi flygel T30<\/td>\n<td class=\"xl69\">250 kpl<\/td>\n<\/tr>\n<tr>\n<td class=\"xl67\" height=\"21\">ATA6385<\/td>\n<td class=\"xl66\">6,3 x 85<\/td>\n<td class=\"xl71\" colspan=\"2\" width=\"161\">Poraruuvi flygel T30<\/td>\n<td class=\"xl69\">250 kpl<\/td>\n<\/tr>\n<tr>\n<td class=\"xl67\" height=\"21\">ATA6310<\/td>\n<td class=\"xl66\">6,3 x 100<\/td>\n<td class=\"xl71\" colspan=\"2\" width=\"161\">Poraruuvi flygel T30<\/td>\n<td class=\"xl69\">250 kpl<\/td>\n<\/tr>\n<\/tbody>\n<\/table>\n","protected":false},"excerpt":{"rendered":"<p>Poraruuvi Flygel ATA sinkitty.<\/p>\n<p id=\"tw-target-text\" class=\"tw-data-text tw-text-large XcVN5d tw-ta\" dir=\"ltr\" data-placeholder=\"K\u00e4\u00e4nn\u00f6s\"><span class=\"Y2IQFc\" lang=\"fi\">Itseporautuva ruuvi kahdella apusiivekkeell\u00e4.<\/span><\/p>\n<p dir=\"ltr\" data-placeholder=\"K\u00e4\u00e4nn\u00f6s\">Varastossa koot: 5,5&#215;38, 5,5&#215;45, 5,5&#215;55, 5,5&#215;65, 6,3&#215;85. Muut tuotteet toimitusajat n. 2 viikkoa.<\/p>\n","protected":false},"featured_media":4604,"comment_status":"open","ping_status":"closed","template":"","meta":[],"product_cat":[662],"product_tag":[663,664],"yoast_head":"<!-- This site is optimized with the Yoast SEO Premium plugin v18.9 (Yoast SEO v19.3) - https:\/\/yoast.com\/wordpress\/plugins\/seo\/ -->\n<title>JV Tuonti | Poraruuvi Flygel ATA sinkitty<\/title>\n<meta name=\"description\" content=\"Poraruuvi Flygel ATA sinkitty. Itseporautuva ruuvi kahdella apusiivekkeell\u00e4. Varastossa koot: 5,5x38, 5,5x45, 5,5x55, 5,5x65, 6,3x85. Muut tuotteet toimitusajat n. 2 viikkoa.\" \/>\n<meta name=\"robots\" content=\"index, follow, max-snippet:-1, max-image-preview:large, max-video-preview:-1\" \/>\n<link rel=\"canonical\" href=\"https:\/\/hotelli03.domainhotelli.fi\/~lsdoecli\/tuote\/poraruuvi-flygel-ata-sinkitty\/\" \/>\n<meta property=\"og:locale\" content=\"fi_FI\" \/>\n<meta property=\"og:type\" content=\"article\" \/>\n<meta property=\"og:title\" content=\"Poraruuvi Flygel ATA sinkitty\" \/>\n<meta property=\"og:description\" content=\"Poraruuvi Flygel ATA sinkitty. Itseporautuva ruuvi kahdella apusiivekkeell\u00e4. Varastossa koot: 5,5x38, 5,5x45, 5,5x55, 5,5x65, 6,3x85. Muut tuotteet toimitusajat n. 2 viikkoa.\" \/>\n<meta property=\"og:url\" content=\"https:\/\/hotelli03.domainhotelli.fi\/~lsdoecli\/tuote\/poraruuvi-flygel-ata-sinkitty\/\" \/>\n<meta property=\"og:site_name\" content=\"JV Tuonti\" \/>\n<meta property=\"article:publisher\" content=\"https:\/\/www.facebook.com\/JVTuontiOy\" \/>\n<meta property=\"article:modified_time\" content=\"2021-05-31T06:46:03+00:00\" \/>\n<meta property=\"og:image\" content=\"https:\/\/hotelli03.domainhotelli.fi\/~lsdoecli\/wp-content\/uploads\/2021\/05\/Poraruuvi-flygel-ATA.jpg\" \/>\n\t<meta property=\"og:image:width\" content=\"1000\" \/>\n\t<meta property=\"og:image:height\" content=\"1000\" \/>\n\t<meta property=\"og:image:type\" content=\"image\/jpeg\" \/>\n<meta name=\"twitter:card\" content=\"summary_large_image\" \/>\n<meta name=\"twitter:label1\" content=\"Availability\" \/>\n\t<meta name=\"twitter:data1\" content=\"In stock\" \/>\n<script type=\"application\/ld+json\" class=\"yoast-schema-graph\">{\"@context\":\"https:\/\/schema.org\",\"@graph\":[{\"@type\":[\"Organization\",\"Place\",\"WholesaleStore\"],\"@id\":\"https:\/\/hotelli03.domainhotelli.fi\/~lsdoecli\/#organization\",\"name\":\"JV Tuonti Oy\",\"url\":\"https:\/\/hotelli03.domainhotelli.fi\/~lsdoecli\/\",\"sameAs\":[\"https:\/\/instagram.com\/jvtuontioy?utm_medium=copy_link\",\"https:\/\/www.facebook.com\/JVTuontiOy\"],\"logo\":{\"@id\":\"https:\/\/hotelli03.domainhotelli.fi\/~lsdoecli\/tuote\/poraruuvi-flygel-ata-sinkitty\/#local-main-organization-logo\"},\"image\":{\"@id\":\"https:\/\/hotelli03.domainhotelli.fi\/~lsdoecli\/tuote\/poraruuvi-flygel-ata-sinkitty\/#local-main-organization-logo\"},\"address\":{\"@id\":\"https:\/\/hotelli03.domainhotelli.fi\/~lsdoecli\/tuote\/poraruuvi-flygel-ata-sinkitty\/#local-main-place-address\"},\"geo\":{\"@type\":\"GeoCoordinates\",\"latitude\":\"60.28431\",\"longitude\":\"24.81654\"},\"telephone\":[\"0408369980\"],\"openingHoursSpecification\":[{\"@type\":\"OpeningHoursSpecification\",\"dayOfWeek\":[\"Monday\",\"Tuesday\",\"Wednesday\",\"Thursday\",\"Friday\"],\"opens\":\"08:00\",\"closes\":\"16:00\"},{\"@type\":\"OpeningHoursSpecification\",\"dayOfWeek\":[\"Saturday\",\"Sunday\"],\"opens\":\"00:00\",\"closes\":\"00:00\"}],\"email\":\"myynti@hotelli03.domainhotelli.fi\",\"areaServed\":\"Suomi, Ruotsi\",\"vatID\":\"FI30178387\",\"priceRange\":\"$$\",\"currenciesAccepted\":\"\u20ac\",\"paymentAccepted\":\"Lasku, pankkikortti\"},{\"@type\":\"WebSite\",\"@id\":\"https:\/\/hotelli03.domainhotelli.fi\/~lsdoecli\/#website\",\"url\":\"https:\/\/hotelli03.domainhotelli.fi\/~lsdoecli\/\",\"name\":\"JV Tuonti\",\"description\":\"JV Tuonti Oy:n verkkokauppa\",\"publisher\":{\"@id\":\"https:\/\/hotelli03.domainhotelli.fi\/~lsdoecli\/#organization\"},\"potentialAction\":[{\"@type\":\"SearchAction\",\"target\":{\"@type\":\"EntryPoint\",\"urlTemplate\":\"https:\/\/hotelli03.domainhotelli.fi\/~lsdoecli\/?s={search_term_string}\"},\"query-input\":\"required name=search_term_string\"}],\"inLanguage\":\"fi\"},{\"@type\":\"ImageObject\",\"inLanguage\":\"fi\",\"@id\":\"https:\/\/hotelli03.domainhotelli.fi\/~lsdoecli\/tuote\/poraruuvi-flygel-ata-sinkitty\/#primaryimage\",\"url\":\"https:\/\/hotelli03.domainhotelli.fi\/~lsdoecli\/wp-content\/uploads\/2021\/05\/Poraruuvi-flygel-ATA.jpg\",\"contentUrl\":\"https:\/\/hotelli03.domainhotelli.fi\/~lsdoecli\/wp-content\/uploads\/2021\/05\/Poraruuvi-flygel-ATA.jpg\",\"width\":1000,\"height\":1000,\"caption\":\"Poraruuvi Flygel ATA sinkitty\"},{\"@type\":\"WebPage\",\"@id\":\"https:\/\/hotelli03.domainhotelli.fi\/~lsdoecli\/tuote\/poraruuvi-flygel-ata-sinkitty\/\",\"url\":\"https:\/\/hotelli03.domainhotelli.fi\/~lsdoecli\/tuote\/poraruuvi-flygel-ata-sinkitty\/\",\"name\":\"JV Tuonti | Poraruuvi Flygel ATA sinkitty\",\"isPartOf\":{\"@id\":\"https:\/\/hotelli03.domainhotelli.fi\/~lsdoecli\/#website\"},\"primaryImageOfPage\":{\"@id\":\"https:\/\/hotelli03.domainhotelli.fi\/~lsdoecli\/tuote\/poraruuvi-flygel-ata-sinkitty\/#primaryimage\"},\"datePublished\":\"2021-05-21T12:47:56+00:00\",\"dateModified\":\"2021-05-31T06:46:03+00:00\",\"description\":\"Poraruuvi Flygel ATA sinkitty. Itseporautuva ruuvi kahdella apusiivekkeell\u00e4. Varastossa koot: 5,5x38, 5,5x45, 5,5x55, 5,5x65, 6,3x85. Muut tuotteet toimitusajat n. 2 viikkoa.\",\"breadcrumb\":{\"@id\":\"https:\/\/hotelli03.domainhotelli.fi\/~lsdoecli\/tuote\/poraruuvi-flygel-ata-sinkitty\/#breadcrumb\"},\"inLanguage\":\"fi\",\"potentialAction\":[{\"@type\":\"ReadAction\",\"target\":[\"https:\/\/hotelli03.domainhotelli.fi\/~lsdoecli\/tuote\/poraruuvi-flygel-ata-sinkitty\/\"]}]},{\"@type\":\"BreadcrumbList\",\"@id\":\"https:\/\/hotelli03.domainhotelli.fi\/~lsdoecli\/tuote\/poraruuvi-flygel-ata-sinkitty\/#breadcrumb\",\"itemListElement\":[{\"@type\":\"ListItem\",\"position\":1,\"name\":\"Etusivu\",\"item\":\"https:\/\/hotelli03.domainhotelli.fi\/~lsdoecli\/\"},{\"@type\":\"ListItem\",\"position\":2,\"name\":\"Kauppa\",\"item\":\"https:\/\/hotelli03.domainhotelli.fi\/~lsdoecli\/kauppa\/\"},{\"@type\":\"ListItem\",\"position\":3,\"name\":\"Poraruuvi Flygel ATA sinkitty\"}]},{\"@type\":\"PostalAddress\",\"@id\":\"https:\/\/hotelli03.domainhotelli.fi\/~lsdoecli\/tuote\/poraruuvi-flygel-ata-sinkitty\/#local-main-place-address\",\"streetAddress\":\"Pyymosantie 5a\",\"addressLocality\":\"Vantaa\",\"postalCode\":\"01720\",\"addressCountry\":\"FI\"},{\"@type\":\"ImageObject\",\"inLanguage\":\"fi\",\"@id\":\"https:\/\/hotelli03.domainhotelli.fi\/~lsdoecli\/tuote\/poraruuvi-flygel-ata-sinkitty\/#local-main-organization-logo\",\"url\":\"https:\/\/hotelli03.domainhotelli.fi\/~lsdoecli\/wp-content\/uploads\/2021\/08\/JVTuonti_logo_nelio.jpg\",\"contentUrl\":\"https:\/\/hotelli03.domainhotelli.fi\/~lsdoecli\/wp-content\/uploads\/2021\/08\/JVTuonti_logo_nelio.jpg\",\"width\":550,\"height\":550,\"caption\":\"JV Tuonti Oy\"}]}<\/script>\n<meta property=\"og:availability\" content=\"instock\" \/>\n<meta property=\"product:availability\" content=\"instock\" \/>\n<meta property=\"product:condition\" content=\"new\" \/>\n<meta name=\"geo.placename\" content=\"Vantaa\" \/>\n<meta name=\"geo.position\" content=\"60.28431;24.81654\" \/>\n<meta name=\"geo.region\" content=\"Suomi\" \/>\n<!-- \/ Yoast SEO Premium plugin. -->","yoast_head_json":{"title":"JV Tuonti | Poraruuvi Flygel ATA sinkitty","description":"Poraruuvi Flygel ATA sinkitty. Itseporautuva ruuvi kahdella apusiivekkeell\u00e4. Varastossa koot: 5,5x38, 5,5x45, 5,5x55, 5,5x65, 6,3x85. Muut tuotteet toimitusajat n. 2 viikkoa.","robots":{"index":"index","follow":"follow","max-snippet":"max-snippet:-1","max-image-preview":"max-image-preview:large","max-video-preview":"max-video-preview:-1"},"canonical":"https:\/\/hotelli03.domainhotelli.fi\/~lsdoecli\/tuote\/poraruuvi-flygel-ata-sinkitty\/","og_locale":"fi_FI","og_type":"article","og_title":"Poraruuvi Flygel ATA sinkitty","og_description":"Poraruuvi Flygel ATA sinkitty. Itseporautuva ruuvi kahdella apusiivekkeell\u00e4. Varastossa koot: 5,5x38, 5,5x45, 5,5x55, 5,5x65, 6,3x85. Muut tuotteet toimitusajat n. 2 viikkoa.","og_url":"https:\/\/hotelli03.domainhotelli.fi\/~lsdoecli\/tuote\/poraruuvi-flygel-ata-sinkitty\/","og_site_name":"JV Tuonti","article_publisher":"https:\/\/www.facebook.com\/JVTuontiOy","article_modified_time":"2021-05-31T06:46:03+00:00","og_image":[{"width":1000,"height":1000,"url":"https:\/\/hotelli03.domainhotelli.fi\/~lsdoecli\/wp-content\/uploads\/2021\/05\/Poraruuvi-flygel-ATA.jpg","type":"image\/jpeg"}],"twitter_card":"summary_large_image","twitter_misc":{"Availability":"In stock"},"schema":{"@context":"https:\/\/schema.org","@graph":[{"@type":["Organization","Place","WholesaleStore"],"@id":"https:\/\/hotelli03.domainhotelli.fi\/~lsdoecli\/#organization","name":"JV Tuonti Oy","url":"https:\/\/hotelli03.domainhotelli.fi\/~lsdoecli\/","sameAs":["https:\/\/instagram.com\/jvtuontioy?utm_medium=copy_link","https:\/\/www.facebook.com\/JVTuontiOy"],"logo":{"@id":"https:\/\/hotelli03.domainhotelli.fi\/~lsdoecli\/tuote\/poraruuvi-flygel-ata-sinkitty\/#local-main-organization-logo"},"image":{"@id":"https:\/\/hotelli03.domainhotelli.fi\/~lsdoecli\/tuote\/poraruuvi-flygel-ata-sinkitty\/#local-main-organization-logo"},"address":{"@id":"https:\/\/hotelli03.domainhotelli.fi\/~lsdoecli\/tuote\/poraruuvi-flygel-ata-sinkitty\/#local-main-place-address"},"geo":{"@type":"GeoCoordinates","latitude":"60.28431","longitude":"24.81654"},"telephone":["0408369980"],"openingHoursSpecification":[{"@type":"OpeningHoursSpecification","dayOfWeek":["Monday","Tuesday","Wednesday","Thursday","Friday"],"opens":"08:00","closes":"16:00"},{"@type":"OpeningHoursSpecification","dayOfWeek":["Saturday","Sunday"],"opens":"00:00","closes":"00:00"}],"email":"myynti@hotelli03.domainhotelli.fi","areaServed":"Suomi, Ruotsi","vatID":"FI30178387","priceRange":"$$","currenciesAccepted":"\u20ac","paymentAccepted":"Lasku, pankkikortti"},{"@type":"WebSite","@id":"https:\/\/hotelli03.domainhotelli.fi\/~lsdoecli\/#website","url":"https:\/\/hotelli03.domainhotelli.fi\/~lsdoecli\/","name":"JV Tuonti","description":"JV Tuonti Oy:n verkkokauppa","publisher":{"@id":"https:\/\/hotelli03.domainhotelli.fi\/~lsdoecli\/#organization"},"potentialAction":[{"@type":"SearchAction","target":{"@type":"EntryPoint","urlTemplate":"https:\/\/hotelli03.domainhotelli.fi\/~lsdoecli\/?s={search_term_string}"},"query-input":"required name=search_term_string"}],"inLanguage":"fi"},{"@type":"ImageObject","inLanguage":"fi","@id":"https:\/\/hotelli03.domainhotelli.fi\/~lsdoecli\/tuote\/poraruuvi-flygel-ata-sinkitty\/#primaryimage","url":"https:\/\/hotelli03.domainhotelli.fi\/~lsdoecli\/wp-content\/uploads\/2021\/05\/Poraruuvi-flygel-ATA.jpg","contentUrl":"https:\/\/hotelli03.domainhotelli.fi\/~lsdoecli\/wp-content\/uploads\/2021\/05\/Poraruuvi-flygel-ATA.jpg","width":1000,"height":1000,"caption":"Poraruuvi Flygel ATA sinkitty"},{"@type":"WebPage","@id":"https:\/\/hotelli03.domainhotelli.fi\/~lsdoecli\/tuote\/poraruuvi-flygel-ata-sinkitty\/","url":"https:\/\/hotelli03.domainhotelli.fi\/~lsdoecli\/tuote\/poraruuvi-flygel-ata-sinkitty\/","name":"JV Tuonti | Poraruuvi Flygel ATA sinkitty","isPartOf":{"@id":"https:\/\/hotelli03.domainhotelli.fi\/~lsdoecli\/#website"},"primaryImageOfPage":{"@id":"https:\/\/hotelli03.domainhotelli.fi\/~lsdoecli\/tuote\/poraruuvi-flygel-ata-sinkitty\/#primaryimage"},"datePublished":"2021-05-21T12:47:56+00:00","dateModified":"2021-05-31T06:46:03+00:00","description":"Poraruuvi Flygel ATA sinkitty. Itseporautuva ruuvi kahdella apusiivekkeell\u00e4. Varastossa koot: 5,5x38, 5,5x45, 5,5x55, 5,5x65, 6,3x85. Muut tuotteet toimitusajat n. 2 viikkoa.","breadcrumb":{"@id":"https:\/\/hotelli03.domainhotelli.fi\/~lsdoecli\/tuote\/poraruuvi-flygel-ata-sinkitty\/#breadcrumb"},"inLanguage":"fi","potentialAction":[{"@type":"ReadAction","target":["https:\/\/hotelli03.domainhotelli.fi\/~lsdoecli\/tuote\/poraruuvi-flygel-ata-sinkitty\/"]}]},{"@type":"BreadcrumbList","@id":"https:\/\/hotelli03.domainhotelli.fi\/~lsdoecli\/tuote\/poraruuvi-flygel-ata-sinkitty\/#breadcrumb","itemListElement":[{"@type":"ListItem","position":1,"name":"Etusivu","item":"https:\/\/hotelli03.domainhotelli.fi\/~lsdoecli\/"},{"@type":"ListItem","position":2,"name":"Kauppa","item":"https:\/\/hotelli03.domainhotelli.fi\/~lsdoecli\/kauppa\/"},{"@type":"ListItem","position":3,"name":"Poraruuvi Flygel ATA sinkitty"}]},{"@type":"PostalAddress","@id":"https:\/\/hotelli03.domainhotelli.fi\/~lsdoecli\/tuote\/poraruuvi-flygel-ata-sinkitty\/#local-main-place-address","streetAddress":"Pyymosantie 5a","addressLocality":"Vantaa","postalCode":"01720","addressCountry":"FI"},{"@type":"ImageObject","inLanguage":"fi","@id":"https:\/\/hotelli03.domainhotelli.fi\/~lsdoecli\/tuote\/poraruuvi-flygel-ata-sinkitty\/#local-main-organization-logo","url":"https:\/\/hotelli03.domainhotelli.fi\/~lsdoecli\/wp-content\/uploads\/2021\/08\/JVTuonti_logo_nelio.jpg","contentUrl":"https:\/\/hotelli03.domainhotelli.fi\/~lsdoecli\/wp-content\/uploads\/2021\/08\/JVTuonti_logo_nelio.jpg","width":550,"height":550,"caption":"JV Tuonti Oy"}]},"og_availability":"instock","product_availability":"instock","product_condition":"new","geo.placename":"Vantaa","geo.position":{"lat":"60.28431","long":"24.81654"},"geo.region":"Suomi"},"_links":{"self":[{"href":"https:\/\/hotelli03.domainhotelli.fi\/~lsdoecli\/wp-json\/wp\/v2\/product\/4603"}],"collection":[{"href":"https:\/\/hotelli03.domainhotelli.fi\/~lsdoecli\/wp-json\/wp\/v2\/product"}],"about":[{"href":"https:\/\/hotelli03.domainhotelli.fi\/~lsdoecli\/wp-json\/wp\/v2\/types\/product"}],"replies":[{"embeddable":true,"href":"https:\/\/hotelli03.domainhotelli.fi\/~lsdoecli\/wp-json\/wp\/v2\/comments?post=4603"}],"wp:featuredmedia":[{"embeddable":true,"href":"https:\/\/hotelli03.domainhotelli.fi\/~lsdoecli\/wp-json\/wp\/v2\/media\/4604"}],"wp:attachment":[{"href":"https:\/\/hotelli03.domainhotelli.fi\/~lsdoecli\/wp-json\/wp\/v2\/media?parent=4603"}],"wp:term":[{"taxonomy":"product_cat","embeddable":true,"href":"https:\/\/hotelli03.domainhotelli.fi\/~lsdoecli\/wp-json\/wp\/v2\/product_cat?post=4603"},{"taxonomy":"product_tag","embeddable":true,"href":"https:\/\/hotelli03.domainhotelli.fi\/~lsdoecli\/wp-json\/wp\/v2\/product_tag?post=4603"}],"curies":[{"name":"wp","href":"https:\/\/api.w.org\/{rel}","templated":true}]}}