{"id":4593,"date":"2021-05-21T09:26:59","date_gmt":"2021-05-21T09:26:59","guid":{"rendered":"https:\/\/hotelli03.domainhotelli.fi\/~lsdoecli\/woocommerce\/?post_type=product&#038;p=4593"},"modified":"2022-06-10T09:11:15","modified_gmt":"2022-06-10T09:11:15","slug":"jvt-betoninaula-hc40-60-1000kpl-kaasu","status":"publish","type":"product","link":"https:\/\/hotelli03.domainhotelli.fi\/~lsdoecli\/tuote\/jvt-betoninaula-hc40-60-1000kpl-kaasu\/","title":{"rendered":"Betoninaula HC40\/60 1000kpl + kaasu JVT"},"content":{"rendered":"<h1>Betoninaula HC40\/60 1000kpl + kaasu JVT<\/h1>\n<p>Huippulaadukkaat JVT betoninaulat ammattik\u00e4ytt\u00f6\u00f6n. Betoninauloja k\u00e4ytet\u00e4\u00e4n v\u00e4lisein\u00e4n ja sis\u00e4kattojen asennuksessa, SK kiskojen ja UD 28 rangan kiinnitt\u00e4misess\u00e4 lattiaan tai kattoon. V\u00e4lisein\u00e4ranka tai alakattoranka ammutaan <a href=\"https:\/\/hotelli03.domainhotelli.fi\/~lsdoecli\/tuote\/jvt-impulssinaulain-mgp-001\/\">impulssinaulaimella<\/a> betoniin, harkkoon tai ter\u00e4kseen kiinni.<\/p>\n<p>Pakkaus sis\u00e4lt\u00e4\u00e4 1000 kpl betoninauloja sek\u00e4 yhden kaasun, joka riitt\u00e4\u00e4 koko laatikolle.<\/p>\n<p>Laatutakuu. CE-hyv\u00e4ksytty.<\/p>\n<p>Kovalle betonille ja ter\u00e4kselle.<\/p>\n<p>Betoninaulan HC40\/60 koot:<\/p>\n<ul>\n<li>HC40\/60 3.0 x 16mm, 1000kpl + kaasu<\/li>\n<li>HC40\/60 3.0 x 22mm,\u00a01000kpl + kaasu<\/li>\n<li>HC40\/60 3.0 x 27mm,\u00a01000kpl + kaasu<\/li>\n<li>HC40\/60 3.0 x 38mm,\u00a01000kpl + kaasu<\/li>\n<\/ul>\n<p>&nbsp;<\/p>\n<p>K\u00e4ytt\u00f6luokka 1, sis\u00e4tilat. Vaaralausekkeet: H222 Eritt\u00e4in helposti syttyv\u00e4 aerosoli. H229 Paines\u00e4ili\u00f6: Voi revet\u00e4 kuumennettaessa. Faroangivelser: H222 Extremt brandfarlig aerosol. H229 Tryckbeh\u00e5llare: Kan spr\u00e4ngas vid uppv\u00e4rmning.<\/p>\n<p>&nbsp;<\/p>\n<p>&nbsp;<\/p>\n","protected":false},"excerpt":{"rendered":"<p>Huippulaadukkaat Uppokantanaulat ammattik\u00e4ytt\u00f6\u00f6n. Laatutakuu. CE-hyv\u00e4ksytty.<\/p>\n<p>Kovalle betonille ja ter\u00e4kselle.<\/p>\n","protected":false},"featured_media":4594,"comment_status":"open","ping_status":"closed","template":"","meta":[],"product_cat":[140,659],"product_tag":[1200,1201,1202,1203,1199],"yoast_head":"<!-- This site is optimized with the Yoast SEO Premium plugin v18.9 (Yoast SEO v19.3) - https:\/\/yoast.com\/wordpress\/plugins\/seo\/ -->\n<title>Betoninaula HC40\/60 1000kpl + kaasu | JV Tuonti<\/title>\n<meta name=\"description\" content=\"Huippulaadukkaat betoninaulat ammattik\u00e4ytt\u00f6\u00f6n. Laatutakuu. CE-hyv\u00e4ksytty. Kovalle betonille ja ter\u00e4kselle. Tilaa betoninaulat netist\u00e4!\" \/>\n<meta name=\"robots\" content=\"index, follow, max-snippet:-1, max-image-preview:large, max-video-preview:-1\" \/>\n<link rel=\"canonical\" href=\"https:\/\/hotelli03.domainhotelli.fi\/~lsdoecli\/tuote\/jvt-betoninaula-hc40-60-1000kpl-kaasu\/\" \/>\n<meta property=\"og:locale\" content=\"fi_FI\" \/>\n<meta property=\"og:type\" content=\"article\" \/>\n<meta property=\"og:title\" content=\"Betoninaula HC40\/60 1000kpl + kaasu JVT\" \/>\n<meta property=\"og:description\" content=\"Huippulaadukkaat betoninaulat ammattik\u00e4ytt\u00f6\u00f6n. Laatutakuu. CE-hyv\u00e4ksytty. Kovalle betonille ja ter\u00e4kselle. Tilaa betoninaulat netist\u00e4!\" \/>\n<meta property=\"og:url\" content=\"https:\/\/hotelli03.domainhotelli.fi\/~lsdoecli\/tuote\/jvt-betoninaula-hc40-60-1000kpl-kaasu\/\" \/>\n<meta property=\"og:site_name\" content=\"JV Tuonti\" \/>\n<meta property=\"article:publisher\" content=\"https:\/\/www.facebook.com\/JVTuontiOy\" \/>\n<meta property=\"article:modified_time\" content=\"2022-06-10T09:11:15+00:00\" \/>\n<meta property=\"og:image\" content=\"https:\/\/hotelli03.domainhotelli.fi\/~lsdoecli\/wp-content\/uploads\/2021\/05\/UppokantanaulaJVT-scaled.jpg\" \/>\n\t<meta property=\"og:image:width\" content=\"2560\" \/>\n\t<meta property=\"og:image:height\" content=\"2560\" \/>\n\t<meta property=\"og:image:type\" content=\"image\/jpeg\" \/>\n<meta name=\"twitter:card\" content=\"summary_large_image\" \/>\n<meta name=\"twitter:label1\" content=\"Availability\" \/>\n\t<meta name=\"twitter:data1\" content=\"In stock\" \/>\n<script type=\"application\/ld+json\" class=\"yoast-schema-graph\">{\"@context\":\"https:\/\/schema.org\",\"@graph\":[{\"@type\":[\"Organization\",\"Place\",\"WholesaleStore\"],\"@id\":\"https:\/\/hotelli03.domainhotelli.fi\/~lsdoecli\/#organization\",\"name\":\"JV Tuonti Oy\",\"url\":\"https:\/\/hotelli03.domainhotelli.fi\/~lsdoecli\/\",\"sameAs\":[\"https:\/\/instagram.com\/jvtuontioy?utm_medium=copy_link\",\"https:\/\/www.facebook.com\/JVTuontiOy\"],\"logo\":{\"@id\":\"https:\/\/hotelli03.domainhotelli.fi\/~lsdoecli\/tuote\/jvt-betoninaula-hc40-60-1000kpl-kaasu\/#local-main-organization-logo\"},\"image\":{\"@id\":\"https:\/\/hotelli03.domainhotelli.fi\/~lsdoecli\/tuote\/jvt-betoninaula-hc40-60-1000kpl-kaasu\/#local-main-organization-logo\"},\"address\":{\"@id\":\"https:\/\/hotelli03.domainhotelli.fi\/~lsdoecli\/tuote\/jvt-betoninaula-hc40-60-1000kpl-kaasu\/#local-main-place-address\"},\"geo\":{\"@type\":\"GeoCoordinates\",\"latitude\":\"60.28431\",\"longitude\":\"24.81654\"},\"telephone\":[\"0408369980\"],\"openingHoursSpecification\":[{\"@type\":\"OpeningHoursSpecification\",\"dayOfWeek\":[\"Monday\",\"Tuesday\",\"Wednesday\",\"Thursday\",\"Friday\"],\"opens\":\"08:00\",\"closes\":\"16:00\"},{\"@type\":\"OpeningHoursSpecification\",\"dayOfWeek\":[\"Saturday\",\"Sunday\"],\"opens\":\"00:00\",\"closes\":\"00:00\"}],\"email\":\"myynti@hotelli03.domainhotelli.fi\",\"areaServed\":\"Suomi, Ruotsi\",\"vatID\":\"FI30178387\",\"priceRange\":\"$$\",\"currenciesAccepted\":\"\u20ac\",\"paymentAccepted\":\"Lasku, pankkikortti\"},{\"@type\":\"WebSite\",\"@id\":\"https:\/\/hotelli03.domainhotelli.fi\/~lsdoecli\/#website\",\"url\":\"https:\/\/hotelli03.domainhotelli.fi\/~lsdoecli\/\",\"name\":\"JV Tuonti\",\"description\":\"JV Tuonti Oy:n verkkokauppa\",\"publisher\":{\"@id\":\"https:\/\/hotelli03.domainhotelli.fi\/~lsdoecli\/#organization\"},\"potentialAction\":[{\"@type\":\"SearchAction\",\"target\":{\"@type\":\"EntryPoint\",\"urlTemplate\":\"https:\/\/hotelli03.domainhotelli.fi\/~lsdoecli\/?s={search_term_string}\"},\"query-input\":\"required name=search_term_string\"}],\"inLanguage\":\"fi\"},{\"@type\":\"ImageObject\",\"inLanguage\":\"fi\",\"@id\":\"https:\/\/hotelli03.domainhotelli.fi\/~lsdoecli\/tuote\/jvt-betoninaula-hc40-60-1000kpl-kaasu\/#primaryimage\",\"url\":\"https:\/\/hotelli03.domainhotelli.fi\/~lsdoecli\/wp-content\/uploads\/2021\/05\/UppokantanaulaJVT-scaled.jpg\",\"contentUrl\":\"https:\/\/hotelli03.domainhotelli.fi\/~lsdoecli\/wp-content\/uploads\/2021\/05\/UppokantanaulaJVT-scaled.jpg\",\"width\":2560,\"height\":2560,\"caption\":\"Betoninaula HC40\/60 1000kpl + kaasu JVT\"},{\"@type\":\"WebPage\",\"@id\":\"https:\/\/hotelli03.domainhotelli.fi\/~lsdoecli\/tuote\/jvt-betoninaula-hc40-60-1000kpl-kaasu\/\",\"url\":\"https:\/\/hotelli03.domainhotelli.fi\/~lsdoecli\/tuote\/jvt-betoninaula-hc40-60-1000kpl-kaasu\/\",\"name\":\"Betoninaula HC40\/60 1000kpl + kaasu | JV Tuonti\",\"isPartOf\":{\"@id\":\"https:\/\/hotelli03.domainhotelli.fi\/~lsdoecli\/#website\"},\"primaryImageOfPage\":{\"@id\":\"https:\/\/hotelli03.domainhotelli.fi\/~lsdoecli\/tuote\/jvt-betoninaula-hc40-60-1000kpl-kaasu\/#primaryimage\"},\"datePublished\":\"2021-05-21T09:26:59+00:00\",\"dateModified\":\"2022-06-10T09:11:15+00:00\",\"description\":\"Huippulaadukkaat betoninaulat ammattik\u00e4ytt\u00f6\u00f6n. Laatutakuu. CE-hyv\u00e4ksytty. Kovalle betonille ja ter\u00e4kselle. Tilaa betoninaulat netist\u00e4!\",\"breadcrumb\":{\"@id\":\"https:\/\/hotelli03.domainhotelli.fi\/~lsdoecli\/tuote\/jvt-betoninaula-hc40-60-1000kpl-kaasu\/#breadcrumb\"},\"inLanguage\":\"fi\",\"potentialAction\":[{\"@type\":\"ReadAction\",\"target\":[\"https:\/\/hotelli03.domainhotelli.fi\/~lsdoecli\/tuote\/jvt-betoninaula-hc40-60-1000kpl-kaasu\/\"]}]},{\"@type\":\"BreadcrumbList\",\"@id\":\"https:\/\/hotelli03.domainhotelli.fi\/~lsdoecli\/tuote\/jvt-betoninaula-hc40-60-1000kpl-kaasu\/#breadcrumb\",\"itemListElement\":[{\"@type\":\"ListItem\",\"position\":1,\"name\":\"Etusivu\",\"item\":\"https:\/\/hotelli03.domainhotelli.fi\/~lsdoecli\/\"},{\"@type\":\"ListItem\",\"position\":2,\"name\":\"Kauppa\",\"item\":\"https:\/\/hotelli03.domainhotelli.fi\/~lsdoecli\/kauppa\/\"},{\"@type\":\"ListItem\",\"position\":3,\"name\":\"Betoninaula HC40\/60 1000kpl + kaasu JVT\"}]},{\"@type\":\"PostalAddress\",\"@id\":\"https:\/\/hotelli03.domainhotelli.fi\/~lsdoecli\/tuote\/jvt-betoninaula-hc40-60-1000kpl-kaasu\/#local-main-place-address\",\"streetAddress\":\"Pyymosantie 5a\",\"addressLocality\":\"Vantaa\",\"postalCode\":\"01720\",\"addressCountry\":\"FI\"},{\"@type\":\"ImageObject\",\"inLanguage\":\"fi\",\"@id\":\"https:\/\/hotelli03.domainhotelli.fi\/~lsdoecli\/tuote\/jvt-betoninaula-hc40-60-1000kpl-kaasu\/#local-main-organization-logo\",\"url\":\"https:\/\/hotelli03.domainhotelli.fi\/~lsdoecli\/wp-content\/uploads\/2021\/08\/JVTuonti_logo_nelio.jpg\",\"contentUrl\":\"https:\/\/hotelli03.domainhotelli.fi\/~lsdoecli\/wp-content\/uploads\/2021\/08\/JVTuonti_logo_nelio.jpg\",\"width\":550,\"height\":550,\"caption\":\"JV Tuonti Oy\"}]}<\/script>\n<meta property=\"og:availability\" content=\"instock\" \/>\n<meta property=\"product:availability\" content=\"instock\" \/>\n<meta property=\"product:condition\" content=\"new\" \/>\n<meta name=\"geo.placename\" content=\"Vantaa\" \/>\n<meta name=\"geo.position\" content=\"60.28431;24.81654\" \/>\n<meta name=\"geo.region\" content=\"Suomi\" \/>\n<!-- \/ Yoast SEO Premium plugin. -->","yoast_head_json":{"title":"Betoninaula HC40\/60 1000kpl + kaasu | JV Tuonti","description":"Huippulaadukkaat betoninaulat ammattik\u00e4ytt\u00f6\u00f6n. Laatutakuu. CE-hyv\u00e4ksytty. Kovalle betonille ja ter\u00e4kselle. Tilaa betoninaulat netist\u00e4!","robots":{"index":"index","follow":"follow","max-snippet":"max-snippet:-1","max-image-preview":"max-image-preview:large","max-video-preview":"max-video-preview:-1"},"canonical":"https:\/\/hotelli03.domainhotelli.fi\/~lsdoecli\/tuote\/jvt-betoninaula-hc40-60-1000kpl-kaasu\/","og_locale":"fi_FI","og_type":"article","og_title":"Betoninaula HC40\/60 1000kpl + kaasu JVT","og_description":"Huippulaadukkaat betoninaulat ammattik\u00e4ytt\u00f6\u00f6n. Laatutakuu. CE-hyv\u00e4ksytty. Kovalle betonille ja ter\u00e4kselle. Tilaa betoninaulat netist\u00e4!","og_url":"https:\/\/hotelli03.domainhotelli.fi\/~lsdoecli\/tuote\/jvt-betoninaula-hc40-60-1000kpl-kaasu\/","og_site_name":"JV Tuonti","article_publisher":"https:\/\/www.facebook.com\/JVTuontiOy","article_modified_time":"2022-06-10T09:11:15+00:00","og_image":[{"width":2560,"height":2560,"url":"https:\/\/hotelli03.domainhotelli.fi\/~lsdoecli\/wp-content\/uploads\/2021\/05\/UppokantanaulaJVT-scaled.jpg","type":"image\/jpeg"}],"twitter_card":"summary_large_image","twitter_misc":{"Availability":"In stock"},"schema":{"@context":"https:\/\/schema.org","@graph":[{"@type":["Organization","Place","WholesaleStore"],"@id":"https:\/\/hotelli03.domainhotelli.fi\/~lsdoecli\/#organization","name":"JV Tuonti Oy","url":"https:\/\/hotelli03.domainhotelli.fi\/~lsdoecli\/","sameAs":["https:\/\/instagram.com\/jvtuontioy?utm_medium=copy_link","https:\/\/www.facebook.com\/JVTuontiOy"],"logo":{"@id":"https:\/\/hotelli03.domainhotelli.fi\/~lsdoecli\/tuote\/jvt-betoninaula-hc40-60-1000kpl-kaasu\/#local-main-organization-logo"},"image":{"@id":"https:\/\/hotelli03.domainhotelli.fi\/~lsdoecli\/tuote\/jvt-betoninaula-hc40-60-1000kpl-kaasu\/#local-main-organization-logo"},"address":{"@id":"https:\/\/hotelli03.domainhotelli.fi\/~lsdoecli\/tuote\/jvt-betoninaula-hc40-60-1000kpl-kaasu\/#local-main-place-address"},"geo":{"@type":"GeoCoordinates","latitude":"60.28431","longitude":"24.81654"},"telephone":["0408369980"],"openingHoursSpecification":[{"@type":"OpeningHoursSpecification","dayOfWeek":["Monday","Tuesday","Wednesday","Thursday","Friday"],"opens":"08:00","closes":"16:00"},{"@type":"OpeningHoursSpecification","dayOfWeek":["Saturday","Sunday"],"opens":"00:00","closes":"00:00"}],"email":"myynti@hotelli03.domainhotelli.fi","areaServed":"Suomi, Ruotsi","vatID":"FI30178387","priceRange":"$$","currenciesAccepted":"\u20ac","paymentAccepted":"Lasku, pankkikortti"},{"@type":"WebSite","@id":"https:\/\/hotelli03.domainhotelli.fi\/~lsdoecli\/#website","url":"https:\/\/hotelli03.domainhotelli.fi\/~lsdoecli\/","name":"JV Tuonti","description":"JV Tuonti Oy:n verkkokauppa","publisher":{"@id":"https:\/\/hotelli03.domainhotelli.fi\/~lsdoecli\/#organization"},"potentialAction":[{"@type":"SearchAction","target":{"@type":"EntryPoint","urlTemplate":"https:\/\/hotelli03.domainhotelli.fi\/~lsdoecli\/?s={search_term_string}"},"query-input":"required name=search_term_string"}],"inLanguage":"fi"},{"@type":"ImageObject","inLanguage":"fi","@id":"https:\/\/hotelli03.domainhotelli.fi\/~lsdoecli\/tuote\/jvt-betoninaula-hc40-60-1000kpl-kaasu\/#primaryimage","url":"https:\/\/hotelli03.domainhotelli.fi\/~lsdoecli\/wp-content\/uploads\/2021\/05\/UppokantanaulaJVT-scaled.jpg","contentUrl":"https:\/\/hotelli03.domainhotelli.fi\/~lsdoecli\/wp-content\/uploads\/2021\/05\/UppokantanaulaJVT-scaled.jpg","width":2560,"height":2560,"caption":"Betoninaula HC40\/60 1000kpl + kaasu JVT"},{"@type":"WebPage","@id":"https:\/\/hotelli03.domainhotelli.fi\/~lsdoecli\/tuote\/jvt-betoninaula-hc40-60-1000kpl-kaasu\/","url":"https:\/\/hotelli03.domainhotelli.fi\/~lsdoecli\/tuote\/jvt-betoninaula-hc40-60-1000kpl-kaasu\/","name":"Betoninaula HC40\/60 1000kpl + kaasu | JV Tuonti","isPartOf":{"@id":"https:\/\/hotelli03.domainhotelli.fi\/~lsdoecli\/#website"},"primaryImageOfPage":{"@id":"https:\/\/hotelli03.domainhotelli.fi\/~lsdoecli\/tuote\/jvt-betoninaula-hc40-60-1000kpl-kaasu\/#primaryimage"},"datePublished":"2021-05-21T09:26:59+00:00","dateModified":"2022-06-10T09:11:15+00:00","description":"Huippulaadukkaat betoninaulat ammattik\u00e4ytt\u00f6\u00f6n. Laatutakuu. CE-hyv\u00e4ksytty. Kovalle betonille ja ter\u00e4kselle. Tilaa betoninaulat netist\u00e4!","breadcrumb":{"@id":"https:\/\/hotelli03.domainhotelli.fi\/~lsdoecli\/tuote\/jvt-betoninaula-hc40-60-1000kpl-kaasu\/#breadcrumb"},"inLanguage":"fi","potentialAction":[{"@type":"ReadAction","target":["https:\/\/hotelli03.domainhotelli.fi\/~lsdoecli\/tuote\/jvt-betoninaula-hc40-60-1000kpl-kaasu\/"]}]},{"@type":"BreadcrumbList","@id":"https:\/\/hotelli03.domainhotelli.fi\/~lsdoecli\/tuote\/jvt-betoninaula-hc40-60-1000kpl-kaasu\/#breadcrumb","itemListElement":[{"@type":"ListItem","position":1,"name":"Etusivu","item":"https:\/\/hotelli03.domainhotelli.fi\/~lsdoecli\/"},{"@type":"ListItem","position":2,"name":"Kauppa","item":"https:\/\/hotelli03.domainhotelli.fi\/~lsdoecli\/kauppa\/"},{"@type":"ListItem","position":3,"name":"Betoninaula HC40\/60 1000kpl + kaasu JVT"}]},{"@type":"PostalAddress","@id":"https:\/\/hotelli03.domainhotelli.fi\/~lsdoecli\/tuote\/jvt-betoninaula-hc40-60-1000kpl-kaasu\/#local-main-place-address","streetAddress":"Pyymosantie 5a","addressLocality":"Vantaa","postalCode":"01720","addressCountry":"FI"},{"@type":"ImageObject","inLanguage":"fi","@id":"https:\/\/hotelli03.domainhotelli.fi\/~lsdoecli\/tuote\/jvt-betoninaula-hc40-60-1000kpl-kaasu\/#local-main-organization-logo","url":"https:\/\/hotelli03.domainhotelli.fi\/~lsdoecli\/wp-content\/uploads\/2021\/08\/JVTuonti_logo_nelio.jpg","contentUrl":"https:\/\/hotelli03.domainhotelli.fi\/~lsdoecli\/wp-content\/uploads\/2021\/08\/JVTuonti_logo_nelio.jpg","width":550,"height":550,"caption":"JV Tuonti Oy"}]},"og_availability":"instock","product_availability":"instock","product_condition":"new","geo.placename":"Vantaa","geo.position":{"lat":"60.28431","long":"24.81654"},"geo.region":"Suomi"},"_links":{"self":[{"href":"https:\/\/hotelli03.domainhotelli.fi\/~lsdoecli\/wp-json\/wp\/v2\/product\/4593"}],"collection":[{"href":"https:\/\/hotelli03.domainhotelli.fi\/~lsdoecli\/wp-json\/wp\/v2\/product"}],"about":[{"href":"https:\/\/hotelli03.domainhotelli.fi\/~lsdoecli\/wp-json\/wp\/v2\/types\/product"}],"replies":[{"embeddable":true,"href":"https:\/\/hotelli03.domainhotelli.fi\/~lsdoecli\/wp-json\/wp\/v2\/comments?post=4593"}],"wp:featuredmedia":[{"embeddable":true,"href":"https:\/\/hotelli03.domainhotelli.fi\/~lsdoecli\/wp-json\/wp\/v2\/media\/4594"}],"wp:attachment":[{"href":"https:\/\/hotelli03.domainhotelli.fi\/~lsdoecli\/wp-json\/wp\/v2\/media?parent=4593"}],"wp:term":[{"taxonomy":"product_cat","embeddable":true,"href":"https:\/\/hotelli03.domainhotelli.fi\/~lsdoecli\/wp-json\/wp\/v2\/product_cat?post=4593"},{"taxonomy":"product_tag","embeddable":true,"href":"https:\/\/hotelli03.domainhotelli.fi\/~lsdoecli\/wp-json\/wp\/v2\/product_tag?post=4593"}],"curies":[{"name":"wp","href":"https:\/\/api.w.org\/{rel}","templated":true}]}}