{"id":4585,"date":"2021-05-21T05:37:45","date_gmt":"2021-05-21T05:37:45","guid":{"rendered":"https:\/\/hotelli03.domainhotelli.fi\/~lsdoecli\/woocommerce\/?post_type=product&#038;p=4585"},"modified":"2022-09-08T06:28:01","modified_gmt":"2022-09-08T06:28:01","slug":"hilo-ruuvi-ek-kipsilevylle-nauhoitettu-mm-jvt-1000kpl-ph2","status":"publish","type":"product","link":"https:\/\/hotelli03.domainhotelli.fi\/~lsdoecli\/tuote\/hilo-ruuvi-ek-kipsilevylle-nauhoitettu-mm-jvt-1000kpl-ph2\/","title":{"rendered":"HiLo ruuvi EK kipsilevylle nauhoitettu mm JVT PH2 koko 30 x 3.9 mm ja 40 x 3.9 mm"},"content":{"rendered":"<h1>Hilo ruuvi EK kipsilevylle nauhoitettu JVT PH2 koko 30 x 3.9 mm ja 40 x 3.9 mm<\/h1>\n<p>Hilo ruuvi EK kipsilevylle nauhoitettu 40 x 3.9 mm \/ 30 x 3.9 mm on ammattik\u00e4ytt\u00f6\u00f6n tarkoitettu nauhoitettu kipsilevyruuvi vastakierteell\u00e4. Ruuvi on s\u00e4hk\u00f6sinkitty ja tarkoitettu k\u00e4ytett\u00e4v\u00e4ksi kuivissa sis\u00e4tiloissa.<\/p>\n<p>HiLo ruuvit soveltuvat v\u00e4liseinien, ulkoseinien ja sis\u00e4kattojen levytyksiin, joissa runkona on puu- tai peltiranka ja asennettava kipsilevy on erik0iskova kipsilevy.<\/p>\n<p>30 mm x 3.9 EK Hilo nauharuuvia k\u00e4ytet\u00e4\u00e4n ensimm\u00e4isen kipsilevyn asentamiseen sein\u00e4 &#8211; ja sis\u00e4kattorakenteisiin, joissa ensimm\u00e4inen levy on EK erikoiskova kipsilevy (EK, KEK ja LEK kipsilevyt) tai palonsuojalevy (GFL 15 Fireline tai KPS 15 palonsuojakipsilevy).<\/p>\n<p>40 mm EK kipsilevyruuveja k\u00e4ytet\u00e4\u00e4n toisen kipsilevyn asentamiseen, kun sein\u00e4- tai alakattorakenteess\u00e4 on kaksikertainen gyproc levy ja toinen levy on erikoiskova kipsilevy (EK, KEK tai LEK kipsilevy) tai palonsuojalevy (GFL 15 Fireline, KPS 15 palonsuojakipsilevy). Trumpettikanta est\u00e4\u00e4 kipsilevyn kartonkipinnan repeytymisen ruuvauksen yhteydess\u00e4.<\/p>\n<p>Yhdess\u00e4 nauhassa on 50 kpl kipsilevyruuveja ja myyntipakkauksessa 20 kpl nauhoja, eli yhteens\u00e4 1000 kpl nauhoitettuja ruuveja. CE-merkitty EK Hilo kipsiruuvi. Ruuvien menekki on noin 15- 16 kappaletta per neli\u00f6.<\/p>\n<p>JVT ruuvit ovat yhteensopiva kaikkien nauharuuvaimien kanssa\u00a0(mm. Hilti, Makita, Spit P18, Dewalt, Hitachi, Senco, Festool, <a href=\"https:\/\/hotelli03.domainhotelli.fi\/~lsdoecli\/tuote\/flex-dw-45-18-0-ec-nauharuuvain-18v-nauharuuvien-syottolaitteella\/\">Flex<\/a>, Duraspin, Ryobi).<\/p>\n<p>Yhdess\u00e4 nauhassa on 50 kpl EK Hilo kipsilevyruuveja ja myyntipakkauksessa 20 kpl nauhoja, eli yhteens\u00e4 1000 kpl nauhoitettuja kipsilevyruuveja. Pakkaus on kehitetty viem\u00e4\u00e4n entist\u00e4 v\u00e4hemm\u00e4n tilaa, niin ett\u00e4 sit\u00e4 on helppo kuljettaa ty\u00f6maalla.<\/p>\n<p>Laatutakuu! Kaikki JVT ruuvit on testattu ammattik\u00e4yt\u00f6ss\u00e4. EK Hilo\u00a0nauhoitettu ruuvi toimii kaikilla kipsilevyill\u00e4, eik\u00e4 riko EK kipsilevyn pintaa. T\u00e4m\u00e4 on asiakkaiden kokemusten perusteella paras EK Hilo ruuvi ammattik\u00e4ytt\u00f6\u00f6n. Nauhoitettujen EK Hilo ruuvien k\u00e4ytt\u00f6 nopeutta v\u00e4liseinien ja alakattojen asennusta, kun ruuveja ei tarvitse ruuvata kipsilevyyn yksi kerrallaan, vaan voi ruuvata EK kipsilevyt kiinni nauha kerralla.<\/p>\n<p>&nbsp;<\/p>\n<h3>Tuotetiedot<\/h3>\n<ul>\n<li>Valmistaja: JVT Premium Tools<\/li>\n<li>Koko 40 x 3.9mm tai 30 x 3.9 mm<\/li>\n<li>Sinkitty kipsiruuvi<\/li>\n<li>Hilo ruuvi vastakierteell\u00e4 EK kipsilevyille ja muille erikoiskoville kipsilevyille<\/li>\n<li>PH2 kanta<\/li>\n<li>CE merkint\u00e4, EN 14566+A1:2010<\/li>\n<li>EAN koodi: 6429810323491<\/li>\n<\/ul>\n<p><a href=\"https:\/\/hotelli03.domainhotelli.fi\/~lsdoecli\/tuote-osasto\/rakennustarvikkeet\/kiinnikkeet-ja-ruuvit\/kipsilevyruuvit\/\">Katso my\u00f6s muut kipsilevyruuvit t\u00e4st\u00e4!<\/a><\/p>\n","protected":false},"excerpt":{"rendered":"<ul>\n<li>JVT nauharuuvi EK kipsilevylle on erikoiskova kipsilevynauharuuvi vastakierteell\u00e4 ammattik\u00e4ytt\u00f6\u00f6n.<\/li>\n<li>PH2 kanta<\/li>\n<li>Koko: 40 x 3.9mm tai 30 x 3.9mm<\/li>\n<li>Puu- ja peltirankaan.<\/li>\n<li>Sein\u00e4rakenteisiin ja sis\u00e4kattorakenteisiin joissa toinen levy on EK\/KEK\/LEK levy.<\/li>\n<li>Yhteensopiva kaikkien nauharuuvaimien kanssa.<\/li>\n<li>CE-hyv\u00e4ksytty.<\/li>\n<\/ul>\n","protected":false},"featured_media":6006,"comment_status":"open","ping_status":"closed","template":"","meta":[],"product_cat":[298],"product_tag":[655,1153,1152,656,657,658],"yoast_head":"<!-- This site is optimized with the Yoast SEO Premium plugin v18.9 (Yoast SEO v19.3) - https:\/\/yoast.com\/wordpress\/plugins\/seo\/ -->\n<title>Hilo ruuvi nauhoitettu EK kipsilevylle | JV Tuonti<\/title>\n<meta name=\"description\" content=\"JVT Hilo ruuvi nauhoitettu on erikoiskovan levyjn kipsilevynauharuuvi vastakierteell\u00e4 ammattik\u00e4ytt\u00f6\u00f6n. PH2 kanta. Puu- ja peltirankaan. CE\" \/>\n<meta name=\"robots\" content=\"index, follow, max-snippet:-1, max-image-preview:large, max-video-preview:-1\" \/>\n<link rel=\"canonical\" href=\"https:\/\/hotelli03.domainhotelli.fi\/~lsdoecli\/tuote\/hilo-ruuvi-ek-kipsilevylle-nauhoitettu-mm-jvt-1000kpl-ph2\/\" \/>\n<meta property=\"og:locale\" content=\"fi_FI\" \/>\n<meta property=\"og:type\" content=\"article\" \/>\n<meta property=\"og:title\" content=\"HiLo ruuvi EK kipsilevylle nauhoitettu mm JVT PH2 koko 30 x 3.9 mm ja 40 x 3.9 mm\" \/>\n<meta property=\"og:description\" content=\"JVT Hilo ruuvi nauhoitettu on erikoiskovan levyjn kipsilevynauharuuvi vastakierteell\u00e4 ammattik\u00e4ytt\u00f6\u00f6n. PH2 kanta. Puu- ja peltirankaan. CE\" \/>\n<meta property=\"og:url\" content=\"https:\/\/hotelli03.domainhotelli.fi\/~lsdoecli\/tuote\/hilo-ruuvi-ek-kipsilevylle-nauhoitettu-mm-jvt-1000kpl-ph2\/\" \/>\n<meta property=\"og:site_name\" content=\"JV Tuonti\" \/>\n<meta property=\"article:publisher\" content=\"https:\/\/www.facebook.com\/JVTuontiOy\" \/>\n<meta property=\"article:modified_time\" content=\"2022-09-08T06:28:01+00:00\" \/>\n<meta property=\"og:image\" content=\"https:\/\/hotelli03.domainhotelli.fi\/~lsdoecli\/wp-content\/uploads\/2021\/05\/JVT-kipsilevynauharuuvi-40x39mm-lahi-scaled.jpg\" \/>\n\t<meta property=\"og:image:width\" content=\"1920\" \/>\n\t<meta property=\"og:image:height\" content=\"2560\" \/>\n\t<meta property=\"og:image:type\" content=\"image\/jpeg\" \/>\n<meta name=\"twitter:card\" content=\"summary_large_image\" \/>\n<meta name=\"twitter:label1\" content=\"Availability\" \/>\n\t<meta name=\"twitter:data1\" content=\"In stock\" \/>\n<script type=\"application\/ld+json\" class=\"yoast-schema-graph\">{\"@context\":\"https:\/\/schema.org\",\"@graph\":[{\"@type\":[\"Organization\",\"Place\",\"WholesaleStore\"],\"@id\":\"https:\/\/hotelli03.domainhotelli.fi\/~lsdoecli\/#organization\",\"name\":\"JV Tuonti Oy\",\"url\":\"https:\/\/hotelli03.domainhotelli.fi\/~lsdoecli\/\",\"sameAs\":[\"https:\/\/instagram.com\/jvtuontioy?utm_medium=copy_link\",\"https:\/\/www.facebook.com\/JVTuontiOy\"],\"logo\":{\"@id\":\"https:\/\/hotelli03.domainhotelli.fi\/~lsdoecli\/tuote\/hilo-ruuvi-ek-kipsilevylle-nauhoitettu-mm-jvt-1000kpl-ph2\/#local-main-organization-logo\"},\"image\":{\"@id\":\"https:\/\/hotelli03.domainhotelli.fi\/~lsdoecli\/tuote\/hilo-ruuvi-ek-kipsilevylle-nauhoitettu-mm-jvt-1000kpl-ph2\/#local-main-organization-logo\"},\"address\":{\"@id\":\"https:\/\/hotelli03.domainhotelli.fi\/~lsdoecli\/tuote\/hilo-ruuvi-ek-kipsilevylle-nauhoitettu-mm-jvt-1000kpl-ph2\/#local-main-place-address\"},\"geo\":{\"@type\":\"GeoCoordinates\",\"latitude\":\"60.28431\",\"longitude\":\"24.81654\"},\"telephone\":[\"0408369980\"],\"openingHoursSpecification\":[{\"@type\":\"OpeningHoursSpecification\",\"dayOfWeek\":[\"Monday\",\"Tuesday\",\"Wednesday\",\"Thursday\",\"Friday\"],\"opens\":\"08:00\",\"closes\":\"16:00\"},{\"@type\":\"OpeningHoursSpecification\",\"dayOfWeek\":[\"Saturday\",\"Sunday\"],\"opens\":\"00:00\",\"closes\":\"00:00\"}],\"email\":\"myynti@hotelli03.domainhotelli.fi\",\"areaServed\":\"Suomi, Ruotsi\",\"vatID\":\"FI30178387\",\"priceRange\":\"$$\",\"currenciesAccepted\":\"\u20ac\",\"paymentAccepted\":\"Lasku, pankkikortti\"},{\"@type\":\"WebSite\",\"@id\":\"https:\/\/hotelli03.domainhotelli.fi\/~lsdoecli\/#website\",\"url\":\"https:\/\/hotelli03.domainhotelli.fi\/~lsdoecli\/\",\"name\":\"JV Tuonti\",\"description\":\"JV Tuonti Oy:n verkkokauppa\",\"publisher\":{\"@id\":\"https:\/\/hotelli03.domainhotelli.fi\/~lsdoecli\/#organization\"},\"potentialAction\":[{\"@type\":\"SearchAction\",\"target\":{\"@type\":\"EntryPoint\",\"urlTemplate\":\"https:\/\/hotelli03.domainhotelli.fi\/~lsdoecli\/?s={search_term_string}\"},\"query-input\":\"required name=search_term_string\"}],\"inLanguage\":\"fi\"},{\"@type\":\"ImageObject\",\"inLanguage\":\"fi\",\"@id\":\"https:\/\/hotelli03.domainhotelli.fi\/~lsdoecli\/tuote\/hilo-ruuvi-ek-kipsilevylle-nauhoitettu-mm-jvt-1000kpl-ph2\/#primaryimage\",\"url\":\"https:\/\/hotelli03.domainhotelli.fi\/~lsdoecli\/wp-content\/uploads\/2021\/05\/JVT-kipsilevynauharuuvi-40x39mm-lahi-scaled.jpg\",\"contentUrl\":\"https:\/\/hotelli03.domainhotelli.fi\/~lsdoecli\/wp-content\/uploads\/2021\/05\/JVT-kipsilevynauharuuvi-40x39mm-lahi-scaled.jpg\",\"width\":1920,\"height\":2560,\"caption\":\"Hilo ruuvi EK kipsilevylle nauhoitettu JVT 40x3.9 mm\"},{\"@type\":\"WebPage\",\"@id\":\"https:\/\/hotelli03.domainhotelli.fi\/~lsdoecli\/tuote\/hilo-ruuvi-ek-kipsilevylle-nauhoitettu-mm-jvt-1000kpl-ph2\/\",\"url\":\"https:\/\/hotelli03.domainhotelli.fi\/~lsdoecli\/tuote\/hilo-ruuvi-ek-kipsilevylle-nauhoitettu-mm-jvt-1000kpl-ph2\/\",\"name\":\"Hilo ruuvi nauhoitettu EK kipsilevylle | JV Tuonti\",\"isPartOf\":{\"@id\":\"https:\/\/hotelli03.domainhotelli.fi\/~lsdoecli\/#website\"},\"primaryImageOfPage\":{\"@id\":\"https:\/\/hotelli03.domainhotelli.fi\/~lsdoecli\/tuote\/hilo-ruuvi-ek-kipsilevylle-nauhoitettu-mm-jvt-1000kpl-ph2\/#primaryimage\"},\"datePublished\":\"2021-05-21T05:37:45+00:00\",\"dateModified\":\"2022-09-08T06:28:01+00:00\",\"description\":\"JVT Hilo ruuvi nauhoitettu on erikoiskovan levyjn kipsilevynauharuuvi vastakierteell\u00e4 ammattik\u00e4ytt\u00f6\u00f6n. PH2 kanta. Puu- ja peltirankaan. CE\",\"breadcrumb\":{\"@id\":\"https:\/\/hotelli03.domainhotelli.fi\/~lsdoecli\/tuote\/hilo-ruuvi-ek-kipsilevylle-nauhoitettu-mm-jvt-1000kpl-ph2\/#breadcrumb\"},\"inLanguage\":\"fi\",\"potentialAction\":[{\"@type\":\"ReadAction\",\"target\":[\"https:\/\/hotelli03.domainhotelli.fi\/~lsdoecli\/tuote\/hilo-ruuvi-ek-kipsilevylle-nauhoitettu-mm-jvt-1000kpl-ph2\/\"]}]},{\"@type\":\"BreadcrumbList\",\"@id\":\"https:\/\/hotelli03.domainhotelli.fi\/~lsdoecli\/tuote\/hilo-ruuvi-ek-kipsilevylle-nauhoitettu-mm-jvt-1000kpl-ph2\/#breadcrumb\",\"itemListElement\":[{\"@type\":\"ListItem\",\"position\":1,\"name\":\"Etusivu\",\"item\":\"https:\/\/hotelli03.domainhotelli.fi\/~lsdoecli\/\"},{\"@type\":\"ListItem\",\"position\":2,\"name\":\"Kauppa\",\"item\":\"https:\/\/hotelli03.domainhotelli.fi\/~lsdoecli\/kauppa\/\"},{\"@type\":\"ListItem\",\"position\":3,\"name\":\"HiLo ruuvi EK kipsilevylle nauhoitettu mm JVT PH2 koko 30 x 3.9 mm ja 40 x 3.9 mm\"}]},{\"@type\":\"PostalAddress\",\"@id\":\"https:\/\/hotelli03.domainhotelli.fi\/~lsdoecli\/tuote\/hilo-ruuvi-ek-kipsilevylle-nauhoitettu-mm-jvt-1000kpl-ph2\/#local-main-place-address\",\"streetAddress\":\"Pyymosantie 5a\",\"addressLocality\":\"Vantaa\",\"postalCode\":\"01720\",\"addressCountry\":\"FI\"},{\"@type\":\"ImageObject\",\"inLanguage\":\"fi\",\"@id\":\"https:\/\/hotelli03.domainhotelli.fi\/~lsdoecli\/tuote\/hilo-ruuvi-ek-kipsilevylle-nauhoitettu-mm-jvt-1000kpl-ph2\/#local-main-organization-logo\",\"url\":\"https:\/\/hotelli03.domainhotelli.fi\/~lsdoecli\/wp-content\/uploads\/2021\/08\/JVTuonti_logo_nelio.jpg\",\"contentUrl\":\"https:\/\/hotelli03.domainhotelli.fi\/~lsdoecli\/wp-content\/uploads\/2021\/08\/JVTuonti_logo_nelio.jpg\",\"width\":550,\"height\":550,\"caption\":\"JV Tuonti Oy\"}]}<\/script>\n<meta property=\"og:availability\" content=\"instock\" \/>\n<meta property=\"product:availability\" content=\"instock\" \/>\n<meta property=\"product:condition\" content=\"new\" \/>\n<meta name=\"geo.placename\" content=\"Vantaa\" \/>\n<meta name=\"geo.position\" content=\"60.28431;24.81654\" \/>\n<meta name=\"geo.region\" content=\"Suomi\" \/>\n<!-- \/ Yoast SEO Premium plugin. -->","yoast_head_json":{"title":"Hilo ruuvi nauhoitettu EK kipsilevylle | JV Tuonti","description":"JVT Hilo ruuvi nauhoitettu on erikoiskovan levyjn kipsilevynauharuuvi vastakierteell\u00e4 ammattik\u00e4ytt\u00f6\u00f6n. PH2 kanta. Puu- ja peltirankaan. CE","robots":{"index":"index","follow":"follow","max-snippet":"max-snippet:-1","max-image-preview":"max-image-preview:large","max-video-preview":"max-video-preview:-1"},"canonical":"https:\/\/hotelli03.domainhotelli.fi\/~lsdoecli\/tuote\/hilo-ruuvi-ek-kipsilevylle-nauhoitettu-mm-jvt-1000kpl-ph2\/","og_locale":"fi_FI","og_type":"article","og_title":"HiLo ruuvi EK kipsilevylle nauhoitettu mm JVT PH2 koko 30 x 3.9 mm ja 40 x 3.9 mm","og_description":"JVT Hilo ruuvi nauhoitettu on erikoiskovan levyjn kipsilevynauharuuvi vastakierteell\u00e4 ammattik\u00e4ytt\u00f6\u00f6n. PH2 kanta. Puu- ja peltirankaan. CE","og_url":"https:\/\/hotelli03.domainhotelli.fi\/~lsdoecli\/tuote\/hilo-ruuvi-ek-kipsilevylle-nauhoitettu-mm-jvt-1000kpl-ph2\/","og_site_name":"JV Tuonti","article_publisher":"https:\/\/www.facebook.com\/JVTuontiOy","article_modified_time":"2022-09-08T06:28:01+00:00","og_image":[{"width":1920,"height":2560,"url":"https:\/\/hotelli03.domainhotelli.fi\/~lsdoecli\/wp-content\/uploads\/2021\/05\/JVT-kipsilevynauharuuvi-40x39mm-lahi-scaled.jpg","type":"image\/jpeg"}],"twitter_card":"summary_large_image","twitter_misc":{"Availability":"In stock"},"schema":{"@context":"https:\/\/schema.org","@graph":[{"@type":["Organization","Place","WholesaleStore"],"@id":"https:\/\/hotelli03.domainhotelli.fi\/~lsdoecli\/#organization","name":"JV Tuonti Oy","url":"https:\/\/hotelli03.domainhotelli.fi\/~lsdoecli\/","sameAs":["https:\/\/instagram.com\/jvtuontioy?utm_medium=copy_link","https:\/\/www.facebook.com\/JVTuontiOy"],"logo":{"@id":"https:\/\/hotelli03.domainhotelli.fi\/~lsdoecli\/tuote\/hilo-ruuvi-ek-kipsilevylle-nauhoitettu-mm-jvt-1000kpl-ph2\/#local-main-organization-logo"},"image":{"@id":"https:\/\/hotelli03.domainhotelli.fi\/~lsdoecli\/tuote\/hilo-ruuvi-ek-kipsilevylle-nauhoitettu-mm-jvt-1000kpl-ph2\/#local-main-organization-logo"},"address":{"@id":"https:\/\/hotelli03.domainhotelli.fi\/~lsdoecli\/tuote\/hilo-ruuvi-ek-kipsilevylle-nauhoitettu-mm-jvt-1000kpl-ph2\/#local-main-place-address"},"geo":{"@type":"GeoCoordinates","latitude":"60.28431","longitude":"24.81654"},"telephone":["0408369980"],"openingHoursSpecification":[{"@type":"OpeningHoursSpecification","dayOfWeek":["Monday","Tuesday","Wednesday","Thursday","Friday"],"opens":"08:00","closes":"16:00"},{"@type":"OpeningHoursSpecification","dayOfWeek":["Saturday","Sunday"],"opens":"00:00","closes":"00:00"}],"email":"myynti@hotelli03.domainhotelli.fi","areaServed":"Suomi, Ruotsi","vatID":"FI30178387","priceRange":"$$","currenciesAccepted":"\u20ac","paymentAccepted":"Lasku, pankkikortti"},{"@type":"WebSite","@id":"https:\/\/hotelli03.domainhotelli.fi\/~lsdoecli\/#website","url":"https:\/\/hotelli03.domainhotelli.fi\/~lsdoecli\/","name":"JV Tuonti","description":"JV Tuonti Oy:n verkkokauppa","publisher":{"@id":"https:\/\/hotelli03.domainhotelli.fi\/~lsdoecli\/#organization"},"potentialAction":[{"@type":"SearchAction","target":{"@type":"EntryPoint","urlTemplate":"https:\/\/hotelli03.domainhotelli.fi\/~lsdoecli\/?s={search_term_string}"},"query-input":"required name=search_term_string"}],"inLanguage":"fi"},{"@type":"ImageObject","inLanguage":"fi","@id":"https:\/\/hotelli03.domainhotelli.fi\/~lsdoecli\/tuote\/hilo-ruuvi-ek-kipsilevylle-nauhoitettu-mm-jvt-1000kpl-ph2\/#primaryimage","url":"https:\/\/hotelli03.domainhotelli.fi\/~lsdoecli\/wp-content\/uploads\/2021\/05\/JVT-kipsilevynauharuuvi-40x39mm-lahi-scaled.jpg","contentUrl":"https:\/\/hotelli03.domainhotelli.fi\/~lsdoecli\/wp-content\/uploads\/2021\/05\/JVT-kipsilevynauharuuvi-40x39mm-lahi-scaled.jpg","width":1920,"height":2560,"caption":"Hilo ruuvi EK kipsilevylle nauhoitettu JVT 40x3.9 mm"},{"@type":"WebPage","@id":"https:\/\/hotelli03.domainhotelli.fi\/~lsdoecli\/tuote\/hilo-ruuvi-ek-kipsilevylle-nauhoitettu-mm-jvt-1000kpl-ph2\/","url":"https:\/\/hotelli03.domainhotelli.fi\/~lsdoecli\/tuote\/hilo-ruuvi-ek-kipsilevylle-nauhoitettu-mm-jvt-1000kpl-ph2\/","name":"Hilo ruuvi nauhoitettu EK kipsilevylle | JV Tuonti","isPartOf":{"@id":"https:\/\/hotelli03.domainhotelli.fi\/~lsdoecli\/#website"},"primaryImageOfPage":{"@id":"https:\/\/hotelli03.domainhotelli.fi\/~lsdoecli\/tuote\/hilo-ruuvi-ek-kipsilevylle-nauhoitettu-mm-jvt-1000kpl-ph2\/#primaryimage"},"datePublished":"2021-05-21T05:37:45+00:00","dateModified":"2022-09-08T06:28:01+00:00","description":"JVT Hilo ruuvi nauhoitettu on erikoiskovan levyjn kipsilevynauharuuvi vastakierteell\u00e4 ammattik\u00e4ytt\u00f6\u00f6n. PH2 kanta. Puu- ja peltirankaan. CE","breadcrumb":{"@id":"https:\/\/hotelli03.domainhotelli.fi\/~lsdoecli\/tuote\/hilo-ruuvi-ek-kipsilevylle-nauhoitettu-mm-jvt-1000kpl-ph2\/#breadcrumb"},"inLanguage":"fi","potentialAction":[{"@type":"ReadAction","target":["https:\/\/hotelli03.domainhotelli.fi\/~lsdoecli\/tuote\/hilo-ruuvi-ek-kipsilevylle-nauhoitettu-mm-jvt-1000kpl-ph2\/"]}]},{"@type":"BreadcrumbList","@id":"https:\/\/hotelli03.domainhotelli.fi\/~lsdoecli\/tuote\/hilo-ruuvi-ek-kipsilevylle-nauhoitettu-mm-jvt-1000kpl-ph2\/#breadcrumb","itemListElement":[{"@type":"ListItem","position":1,"name":"Etusivu","item":"https:\/\/hotelli03.domainhotelli.fi\/~lsdoecli\/"},{"@type":"ListItem","position":2,"name":"Kauppa","item":"https:\/\/hotelli03.domainhotelli.fi\/~lsdoecli\/kauppa\/"},{"@type":"ListItem","position":3,"name":"HiLo ruuvi EK kipsilevylle nauhoitettu mm JVT PH2 koko 30 x 3.9 mm ja 40 x 3.9 mm"}]},{"@type":"PostalAddress","@id":"https:\/\/hotelli03.domainhotelli.fi\/~lsdoecli\/tuote\/hilo-ruuvi-ek-kipsilevylle-nauhoitettu-mm-jvt-1000kpl-ph2\/#local-main-place-address","streetAddress":"Pyymosantie 5a","addressLocality":"Vantaa","postalCode":"01720","addressCountry":"FI"},{"@type":"ImageObject","inLanguage":"fi","@id":"https:\/\/hotelli03.domainhotelli.fi\/~lsdoecli\/tuote\/hilo-ruuvi-ek-kipsilevylle-nauhoitettu-mm-jvt-1000kpl-ph2\/#local-main-organization-logo","url":"https:\/\/hotelli03.domainhotelli.fi\/~lsdoecli\/wp-content\/uploads\/2021\/08\/JVTuonti_logo_nelio.jpg","contentUrl":"https:\/\/hotelli03.domainhotelli.fi\/~lsdoecli\/wp-content\/uploads\/2021\/08\/JVTuonti_logo_nelio.jpg","width":550,"height":550,"caption":"JV Tuonti Oy"}]},"og_availability":"instock","product_availability":"instock","product_condition":"new","geo.placename":"Vantaa","geo.position":{"lat":"60.28431","long":"24.81654"},"geo.region":"Suomi"},"_links":{"self":[{"href":"https:\/\/hotelli03.domainhotelli.fi\/~lsdoecli\/wp-json\/wp\/v2\/product\/4585"}],"collection":[{"href":"https:\/\/hotelli03.domainhotelli.fi\/~lsdoecli\/wp-json\/wp\/v2\/product"}],"about":[{"href":"https:\/\/hotelli03.domainhotelli.fi\/~lsdoecli\/wp-json\/wp\/v2\/types\/product"}],"replies":[{"embeddable":true,"href":"https:\/\/hotelli03.domainhotelli.fi\/~lsdoecli\/wp-json\/wp\/v2\/comments?post=4585"}],"wp:featuredmedia":[{"embeddable":true,"href":"https:\/\/hotelli03.domainhotelli.fi\/~lsdoecli\/wp-json\/wp\/v2\/media\/6006"}],"wp:attachment":[{"href":"https:\/\/hotelli03.domainhotelli.fi\/~lsdoecli\/wp-json\/wp\/v2\/media?parent=4585"}],"wp:term":[{"taxonomy":"product_cat","embeddable":true,"href":"https:\/\/hotelli03.domainhotelli.fi\/~lsdoecli\/wp-json\/wp\/v2\/product_cat?post=4585"},{"taxonomy":"product_tag","embeddable":true,"href":"https:\/\/hotelli03.domainhotelli.fi\/~lsdoecli\/wp-json\/wp\/v2\/product_tag?post=4585"}],"curies":[{"name":"wp","href":"https:\/\/api.w.org\/{rel}","templated":true}]}}