{"id":4546,"date":"2021-05-20T08:05:03","date_gmt":"2021-05-20T08:05:03","guid":{"rendered":"https:\/\/hotelli03.domainhotelli.fi\/~lsdoecli\/woocommerce\/?post_type=product&#038;p=4546"},"modified":"2021-11-20T18:02:10","modified_gmt":"2021-11-20T18:02:10","slug":"jvt-value-pack-expert-dry-all-in-one-merkkauskyna","status":"publish","type":"product","link":"https:\/\/hotelli03.domainhotelli.fi\/~lsdoecli\/tuote\/jvt-value-pack-expert-dry-all-in-one-merkkauskyna\/","title":{"rendered":"Merkkauskyn\u00e4 EXPERT dry all-in-one Value pack"},"content":{"rendered":"<h1>Merkkauskyn\u00e4 Expert dry all-in-one\u00a0Value pack<\/h1>\n<p>Merkkauskyn\u00e4 Expert dry all-ine-one Value pack sis\u00e4lt\u00e4\u00e4 merkkauskyn\u00e4n ja 10 kpl varalyijy\u00e4.<\/p>\n<ul>\n<li>automaattinen sy\u00f6tt\u00f6 lyijylle, sek\u00e4 teroitin kyn\u00e4n tupessa<\/li>\n<li>merkkaus onnistuu helposti l\u00e4hes kaikille pinnoille.<\/li>\n<li>kyn\u00e4 on tarkoitettu v\u00e4liaikaisia merkkauksia varten.<\/li>\n<li>merkkauskyn\u00e4n j\u00e4lki l\u00e4htee pinnalta helposti pyyhkim\u00e4ll\u00e4 kostealla r\u00e4till\u00e4.<\/li>\n<li>jos etsit pysyv\u00e4mp\u00e4\u00e4 merkkausj\u00e4lke\u00e4, katso t\u00e4st\u00e4 ns. <a href=\"https:\/\/hotelli03.domainhotelli.fi\/~lsdoecli\/tuote\/jvt-permanent-marker-tussi-viisto-karki\/\">permanent tussit<\/a> tai <a href=\"https:\/\/hotelli03.domainhotelli.fi\/~lsdoecli\/tuote\/porareian-merkintakyna-jvt\/\">reik\u00e4tussit<\/a>.<\/li>\n<\/ul>\n<p>Merkkauskyn\u00e4n saa kiinnitetty\u00e4 taskuun tupeessa olevasta pidikkeest\u00e4. Lyijyt\u00e4ytekyn\u00e4\u00e4n saa grafiitin v\u00e4risten lijyjen lis\u00e4ksi <a href=\"https:\/\/hotelli03.domainhotelli.fi\/~lsdoecli\/tuote\/jvt-expert-dry-varaterat-4x-grafiitti-3x-keltainen-punainen\/\">keltaisia ja punaisia lyijyj\u00e4<\/a>.<\/p>\n<p>Expert dry all-in-one kyn\u00e4 soveltuu seuraavien pintojen merkkaukseen ty\u00f6maalla:<\/p>\n<ul>\n<li>kartonki ja pahvi<\/li>\n<li>PVC<\/li>\n<li>metalli<\/li>\n<li>kuuma metalli<\/li>\n<li>lasi<\/li>\n<li>laatat<\/li>\n<li>kuiva puu<\/li>\n<li>m\u00e4rk\u00e4 puu<\/li>\n<li>kuivat autonrenkaat<\/li>\n<li>tiili ja betoni<\/li>\n<\/ul>\n<p><a href=\"https:\/\/hotelli03.domainhotelli.fi\/~lsdoecli\/wp-content\/uploads\/2021\/05\/pahvi-ja-kartonki.svg\"><img loading=\"lazy\" class=\"alignnone wp-image-8556\" role=\"img\" src=\"https:\/\/hotelli03.domainhotelli.fi\/~lsdoecli\/wp-content\/uploads\/2021\/05\/pahvi-ja-kartonki.svg\" alt=\"\" width=\"50\" height=\"50\" \/><\/a> <a href=\"https:\/\/hotelli03.domainhotelli.fi\/~lsdoecli\/wp-content\/uploads\/2021\/05\/muovi.svg\"><img loading=\"lazy\" class=\"alignnone wp-image-8554\" role=\"img\" src=\"https:\/\/hotelli03.domainhotelli.fi\/~lsdoecli\/wp-content\/uploads\/2021\/05\/muovi.svg\" alt=\"\" width=\"50\" height=\"50\" \/><\/a> <a href=\"https:\/\/hotelli03.domainhotelli.fi\/~lsdoecli\/wp-content\/uploads\/2021\/05\/metalli.svg\"><img loading=\"lazy\" class=\"alignnone wp-image-8552\" role=\"img\" src=\"https:\/\/hotelli03.domainhotelli.fi\/~lsdoecli\/wp-content\/uploads\/2021\/05\/metalli.svg\" alt=\"\" width=\"50\" height=\"50\" \/><\/a><a href=\"https:\/\/hotelli03.domainhotelli.fi\/~lsdoecli\/wp-content\/uploads\/2021\/05\/kuma-metalli.svg\"><img loading=\"lazy\" class=\"alignnone wp-image-8559\" role=\"img\" src=\"https:\/\/hotelli03.domainhotelli.fi\/~lsdoecli\/wp-content\/uploads\/2021\/05\/kuma-metalli.svg\" alt=\"\" width=\"50\" height=\"50\" \/><\/a> <a href=\"https:\/\/hotelli03.domainhotelli.fi\/~lsdoecli\/wp-content\/uploads\/2021\/05\/lasi.svg\"><img loading=\"lazy\" class=\"alignnone wp-image-8550\" role=\"img\" src=\"https:\/\/hotelli03.domainhotelli.fi\/~lsdoecli\/wp-content\/uploads\/2021\/05\/lasi.svg\" alt=\"\" width=\"50\" height=\"50\" \/><\/a> <a href=\"https:\/\/hotelli03.domainhotelli.fi\/~lsdoecli\/wp-content\/uploads\/2021\/05\/laatat-.svg\"><img loading=\"lazy\" class=\"alignnone wp-image-8548\" role=\"img\" src=\"https:\/\/hotelli03.domainhotelli.fi\/~lsdoecli\/wp-content\/uploads\/2021\/05\/laatat-.svg\" alt=\"\" width=\"50\" height=\"50\" \/><\/a> <a href=\"https:\/\/hotelli03.domainhotelli.fi\/~lsdoecli\/wp-content\/uploads\/2021\/05\/kuiva-puu.svg\"><img loading=\"lazy\" class=\"alignnone wp-image-8546\" role=\"img\" src=\"https:\/\/hotelli03.domainhotelli.fi\/~lsdoecli\/wp-content\/uploads\/2021\/05\/kuiva-puu.svg\" alt=\"\" width=\"50\" height=\"50\" \/><\/a><a href=\"https:\/\/hotelli03.domainhotelli.fi\/~lsdoecli\/wp-content\/uploads\/2021\/05\/marka-puu.svg\"><img loading=\"lazy\" class=\"alignnone wp-image-8561\" role=\"img\" src=\"https:\/\/hotelli03.domainhotelli.fi\/~lsdoecli\/wp-content\/uploads\/2021\/05\/marka-puu.svg\" alt=\"\" width=\"50\" height=\"50\" \/><\/a> <a href=\"https:\/\/hotelli03.domainhotelli.fi\/~lsdoecli\/wp-content\/uploads\/2021\/05\/kuiva-autonrengas.svg\"><img loading=\"lazy\" class=\"alignnone wp-image-8544\" role=\"img\" src=\"https:\/\/hotelli03.domainhotelli.fi\/~lsdoecli\/wp-content\/uploads\/2021\/05\/kuiva-autonrengas.svg\" alt=\"\" width=\"50\" height=\"50\" \/><\/a><a href=\"https:\/\/hotelli03.domainhotelli.fi\/~lsdoecli\/wp-content\/uploads\/2021\/05\/tiili-ja-betoni.svg\"><img loading=\"lazy\" class=\"alignnone wp-image-8563\" role=\"img\" src=\"https:\/\/hotelli03.domainhotelli.fi\/~lsdoecli\/wp-content\/uploads\/2021\/05\/tiili-ja-betoni.svg\" alt=\"\" width=\"50\" height=\"50\" \/><\/a><\/p>\n<p>&nbsp;<\/p>\n","protected":false},"excerpt":{"rendered":"<p>Value pack EXPERT dry all-in-one merkkauskyn\u00e4<\/p>\n<p>Sis\u00e4lt\u00e4\u00e4 merkkauskyn\u00e4n sek\u00e4 10 x grafiitti varater\u00e4\u00e4.<\/p>\n","protected":false},"featured_media":4549,"comment_status":"open","ping_status":"closed","template":"","meta":[],"product_cat":[547],"product_tag":[562,564,549,550,563,560,548],"yoast_head":"<!-- This site is optimized with the Yoast SEO Premium plugin v18.9 (Yoast SEO v19.3) - https:\/\/yoast.com\/wordpress\/plugins\/seo\/ -->\n<title>Merkkauskyn\u00e4 EXPERT dry all-in-one Value pack<\/title>\n<meta name=\"description\" content=\"Merkkauskyn\u00e4 dry Expert all-in-one value pack. Lyijykyn\u00e4 l\u00e4hes kaikkien pintojen merkkaukseen. Tilaa merkkauskyn\u00e4 + varalyijyt netist\u00e4!\" \/>\n<meta name=\"robots\" content=\"index, follow, max-snippet:-1, max-image-preview:large, max-video-preview:-1\" \/>\n<link rel=\"canonical\" href=\"https:\/\/hotelli03.domainhotelli.fi\/~lsdoecli\/tuote\/jvt-value-pack-expert-dry-all-in-one-merkkauskyna\/\" \/>\n<meta property=\"og:locale\" content=\"fi_FI\" \/>\n<meta property=\"og:type\" content=\"article\" \/>\n<meta property=\"og:title\" content=\"Merkkauskyn\u00e4 EXPERT dry all-in-one Value pack\" \/>\n<meta property=\"og:description\" content=\"Merkkauskyn\u00e4 dry Expert all-in-one value pack. Lyijykyn\u00e4 l\u00e4hes kaikkien pintojen merkkaukseen. Tilaa merkkauskyn\u00e4 + varalyijyt netist\u00e4!\" \/>\n<meta property=\"og:url\" content=\"https:\/\/hotelli03.domainhotelli.fi\/~lsdoecli\/tuote\/jvt-value-pack-expert-dry-all-in-one-merkkauskyna\/\" \/>\n<meta property=\"og:site_name\" content=\"JV Tuonti\" \/>\n<meta property=\"article:publisher\" content=\"https:\/\/www.facebook.com\/JVTuontiOy\" \/>\n<meta property=\"article:modified_time\" content=\"2021-11-20T18:02:10+00:00\" \/>\n<meta property=\"og:image\" content=\"https:\/\/hotelli03.domainhotelli.fi\/~lsdoecli\/wp-content\/uploads\/2021\/05\/Value-pack-EXPERT-dry-all-in-one-merkkauskyn\u00e4-JVT-1-scaled.jpg\" \/>\n\t<meta property=\"og:image:width\" content=\"2560\" \/>\n\t<meta property=\"og:image:height\" content=\"2560\" \/>\n\t<meta property=\"og:image:type\" content=\"image\/jpeg\" \/>\n<meta name=\"twitter:card\" content=\"summary_large_image\" \/>\n<meta name=\"twitter:label1\" content=\"Price\" \/>\n\t<meta name=\"twitter:data1\" content=\"17,24&nbsp;&euro; Alv 24%N\u00e4yt\u00e4 veroton hinta13,90&nbsp;&euro; Alv 0%N\u00e4yt\u00e4 verollinen hinta\" \/>\n\t<meta name=\"twitter:label2\" content=\"Availability\" \/>\n\t<meta name=\"twitter:data2\" content=\"In stock\" \/>\n<script type=\"application\/ld+json\" class=\"yoast-schema-graph\">{\"@context\":\"https:\/\/schema.org\",\"@graph\":[{\"@type\":[\"Organization\",\"Place\",\"WholesaleStore\"],\"@id\":\"https:\/\/hotelli03.domainhotelli.fi\/~lsdoecli\/#organization\",\"name\":\"JV Tuonti Oy\",\"url\":\"https:\/\/hotelli03.domainhotelli.fi\/~lsdoecli\/\",\"sameAs\":[\"https:\/\/instagram.com\/jvtuontioy?utm_medium=copy_link\",\"https:\/\/www.facebook.com\/JVTuontiOy\"],\"logo\":{\"@id\":\"https:\/\/hotelli03.domainhotelli.fi\/~lsdoecli\/tuote\/jvt-value-pack-expert-dry-all-in-one-merkkauskyna\/#local-main-organization-logo\"},\"image\":{\"@id\":\"https:\/\/hotelli03.domainhotelli.fi\/~lsdoecli\/tuote\/jvt-value-pack-expert-dry-all-in-one-merkkauskyna\/#local-main-organization-logo\"},\"address\":{\"@id\":\"https:\/\/hotelli03.domainhotelli.fi\/~lsdoecli\/tuote\/jvt-value-pack-expert-dry-all-in-one-merkkauskyna\/#local-main-place-address\"},\"geo\":{\"@type\":\"GeoCoordinates\",\"latitude\":\"60.28431\",\"longitude\":\"24.81654\"},\"telephone\":[\"0408369980\"],\"openingHoursSpecification\":[{\"@type\":\"OpeningHoursSpecification\",\"dayOfWeek\":[\"Monday\",\"Tuesday\",\"Wednesday\",\"Thursday\",\"Friday\"],\"opens\":\"08:00\",\"closes\":\"16:00\"},{\"@type\":\"OpeningHoursSpecification\",\"dayOfWeek\":[\"Saturday\",\"Sunday\"],\"opens\":\"00:00\",\"closes\":\"00:00\"}],\"email\":\"myynti@hotelli03.domainhotelli.fi\",\"areaServed\":\"Suomi, Ruotsi\",\"vatID\":\"FI30178387\",\"priceRange\":\"$$\",\"currenciesAccepted\":\"\u20ac\",\"paymentAccepted\":\"Lasku, pankkikortti\"},{\"@type\":\"WebSite\",\"@id\":\"https:\/\/hotelli03.domainhotelli.fi\/~lsdoecli\/#website\",\"url\":\"https:\/\/hotelli03.domainhotelli.fi\/~lsdoecli\/\",\"name\":\"JV Tuonti\",\"description\":\"JV Tuonti Oy:n verkkokauppa\",\"publisher\":{\"@id\":\"https:\/\/hotelli03.domainhotelli.fi\/~lsdoecli\/#organization\"},\"potentialAction\":[{\"@type\":\"SearchAction\",\"target\":{\"@type\":\"EntryPoint\",\"urlTemplate\":\"https:\/\/hotelli03.domainhotelli.fi\/~lsdoecli\/?s={search_term_string}\"},\"query-input\":\"required name=search_term_string\"}],\"inLanguage\":\"fi\"},{\"@type\":\"ImageObject\",\"inLanguage\":\"fi\",\"@id\":\"https:\/\/hotelli03.domainhotelli.fi\/~lsdoecli\/tuote\/jvt-value-pack-expert-dry-all-in-one-merkkauskyna\/#primaryimage\",\"url\":\"https:\/\/hotelli03.domainhotelli.fi\/~lsdoecli\/wp-content\/uploads\/2021\/05\/Value-pack-EXPERT-dry-all-in-one-merkkauskyn\u00e4-JVT-1-scaled.jpg\",\"contentUrl\":\"https:\/\/hotelli03.domainhotelli.fi\/~lsdoecli\/wp-content\/uploads\/2021\/05\/Value-pack-EXPERT-dry-all-in-one-merkkauskyn\u00e4-JVT-1-scaled.jpg\",\"width\":2560,\"height\":2560,\"caption\":\"Merkkauskyn\u00e4 EXPERT dry all-in-one Value pack\"},{\"@type\":\"WebPage\",\"@id\":\"https:\/\/hotelli03.domainhotelli.fi\/~lsdoecli\/tuote\/jvt-value-pack-expert-dry-all-in-one-merkkauskyna\/\",\"url\":\"https:\/\/hotelli03.domainhotelli.fi\/~lsdoecli\/tuote\/jvt-value-pack-expert-dry-all-in-one-merkkauskyna\/\",\"name\":\"Merkkauskyn\u00e4 EXPERT dry all-in-one Value pack\",\"isPartOf\":{\"@id\":\"https:\/\/hotelli03.domainhotelli.fi\/~lsdoecli\/#website\"},\"primaryImageOfPage\":{\"@id\":\"https:\/\/hotelli03.domainhotelli.fi\/~lsdoecli\/tuote\/jvt-value-pack-expert-dry-all-in-one-merkkauskyna\/#primaryimage\"},\"datePublished\":\"2021-05-20T08:05:03+00:00\",\"dateModified\":\"2021-11-20T18:02:10+00:00\",\"description\":\"Merkkauskyn\u00e4 dry Expert all-in-one value pack. Lyijykyn\u00e4 l\u00e4hes kaikkien pintojen merkkaukseen. Tilaa merkkauskyn\u00e4 + varalyijyt netist\u00e4!\",\"breadcrumb\":{\"@id\":\"https:\/\/hotelli03.domainhotelli.fi\/~lsdoecli\/tuote\/jvt-value-pack-expert-dry-all-in-one-merkkauskyna\/#breadcrumb\"},\"inLanguage\":\"fi\",\"potentialAction\":[{\"@type\":\"ReadAction\",\"target\":[\"https:\/\/hotelli03.domainhotelli.fi\/~lsdoecli\/tuote\/jvt-value-pack-expert-dry-all-in-one-merkkauskyna\/\"]}]},{\"@type\":\"BreadcrumbList\",\"@id\":\"https:\/\/hotelli03.domainhotelli.fi\/~lsdoecli\/tuote\/jvt-value-pack-expert-dry-all-in-one-merkkauskyna\/#breadcrumb\",\"itemListElement\":[{\"@type\":\"ListItem\",\"position\":1,\"name\":\"Etusivu\",\"item\":\"https:\/\/hotelli03.domainhotelli.fi\/~lsdoecli\/\"},{\"@type\":\"ListItem\",\"position\":2,\"name\":\"Kauppa\",\"item\":\"https:\/\/hotelli03.domainhotelli.fi\/~lsdoecli\/kauppa\/\"},{\"@type\":\"ListItem\",\"position\":3,\"name\":\"Merkkauskyn\u00e4 EXPERT dry all-in-one Value pack\"}]},{\"@type\":\"PostalAddress\",\"@id\":\"https:\/\/hotelli03.domainhotelli.fi\/~lsdoecli\/tuote\/jvt-value-pack-expert-dry-all-in-one-merkkauskyna\/#local-main-place-address\",\"streetAddress\":\"Pyymosantie 5a\",\"addressLocality\":\"Vantaa\",\"postalCode\":\"01720\",\"addressCountry\":\"FI\"},{\"@type\":\"ImageObject\",\"inLanguage\":\"fi\",\"@id\":\"https:\/\/hotelli03.domainhotelli.fi\/~lsdoecli\/tuote\/jvt-value-pack-expert-dry-all-in-one-merkkauskyna\/#local-main-organization-logo\",\"url\":\"https:\/\/hotelli03.domainhotelli.fi\/~lsdoecli\/wp-content\/uploads\/2021\/08\/JVTuonti_logo_nelio.jpg\",\"contentUrl\":\"https:\/\/hotelli03.domainhotelli.fi\/~lsdoecli\/wp-content\/uploads\/2021\/08\/JVTuonti_logo_nelio.jpg\",\"width\":550,\"height\":550,\"caption\":\"JV Tuonti Oy\"}]}<\/script>\n<meta property=\"product:price:amount\" content=\"17.24\" \/>\n<meta property=\"product:price:currency\" content=\"EUR\" \/>\n<meta property=\"og:availability\" content=\"instock\" \/>\n<meta property=\"product:availability\" content=\"instock\" \/>\n<meta property=\"product:retailer_item_id\" content=\"JVTEVP\" \/>\n<meta property=\"product:condition\" content=\"new\" \/>\n<meta name=\"geo.placename\" content=\"Vantaa\" \/>\n<meta name=\"geo.position\" content=\"60.28431;24.81654\" \/>\n<meta name=\"geo.region\" content=\"Suomi\" \/>\n<!-- \/ Yoast SEO Premium plugin. -->","yoast_head_json":{"title":"Merkkauskyn\u00e4 EXPERT dry all-in-one Value pack","description":"Merkkauskyn\u00e4 dry Expert all-in-one value pack. Lyijykyn\u00e4 l\u00e4hes kaikkien pintojen merkkaukseen. Tilaa merkkauskyn\u00e4 + varalyijyt netist\u00e4!","robots":{"index":"index","follow":"follow","max-snippet":"max-snippet:-1","max-image-preview":"max-image-preview:large","max-video-preview":"max-video-preview:-1"},"canonical":"https:\/\/hotelli03.domainhotelli.fi\/~lsdoecli\/tuote\/jvt-value-pack-expert-dry-all-in-one-merkkauskyna\/","og_locale":"fi_FI","og_type":"article","og_title":"Merkkauskyn\u00e4 EXPERT dry all-in-one Value pack","og_description":"Merkkauskyn\u00e4 dry Expert all-in-one value pack. Lyijykyn\u00e4 l\u00e4hes kaikkien pintojen merkkaukseen. Tilaa merkkauskyn\u00e4 + varalyijyt netist\u00e4!","og_url":"https:\/\/hotelli03.domainhotelli.fi\/~lsdoecli\/tuote\/jvt-value-pack-expert-dry-all-in-one-merkkauskyna\/","og_site_name":"JV Tuonti","article_publisher":"https:\/\/www.facebook.com\/JVTuontiOy","article_modified_time":"2021-11-20T18:02:10+00:00","og_image":[{"width":2560,"height":2560,"url":"https:\/\/hotelli03.domainhotelli.fi\/~lsdoecli\/wp-content\/uploads\/2021\/05\/Value-pack-EXPERT-dry-all-in-one-merkkauskyn\u00e4-JVT-1-scaled.jpg","type":"image\/jpeg"}],"twitter_card":"summary_large_image","twitter_misc":{"Price":"17,24&nbsp;&euro; Alv 24%N\u00e4yt\u00e4 veroton hinta13,90&nbsp;&euro; Alv 0%N\u00e4yt\u00e4 verollinen hinta","Availability":"In stock"},"schema":{"@context":"https:\/\/schema.org","@graph":[{"@type":["Organization","Place","WholesaleStore"],"@id":"https:\/\/hotelli03.domainhotelli.fi\/~lsdoecli\/#organization","name":"JV Tuonti Oy","url":"https:\/\/hotelli03.domainhotelli.fi\/~lsdoecli\/","sameAs":["https:\/\/instagram.com\/jvtuontioy?utm_medium=copy_link","https:\/\/www.facebook.com\/JVTuontiOy"],"logo":{"@id":"https:\/\/hotelli03.domainhotelli.fi\/~lsdoecli\/tuote\/jvt-value-pack-expert-dry-all-in-one-merkkauskyna\/#local-main-organization-logo"},"image":{"@id":"https:\/\/hotelli03.domainhotelli.fi\/~lsdoecli\/tuote\/jvt-value-pack-expert-dry-all-in-one-merkkauskyna\/#local-main-organization-logo"},"address":{"@id":"https:\/\/hotelli03.domainhotelli.fi\/~lsdoecli\/tuote\/jvt-value-pack-expert-dry-all-in-one-merkkauskyna\/#local-main-place-address"},"geo":{"@type":"GeoCoordinates","latitude":"60.28431","longitude":"24.81654"},"telephone":["0408369980"],"openingHoursSpecification":[{"@type":"OpeningHoursSpecification","dayOfWeek":["Monday","Tuesday","Wednesday","Thursday","Friday"],"opens":"08:00","closes":"16:00"},{"@type":"OpeningHoursSpecification","dayOfWeek":["Saturday","Sunday"],"opens":"00:00","closes":"00:00"}],"email":"myynti@hotelli03.domainhotelli.fi","areaServed":"Suomi, Ruotsi","vatID":"FI30178387","priceRange":"$$","currenciesAccepted":"\u20ac","paymentAccepted":"Lasku, pankkikortti"},{"@type":"WebSite","@id":"https:\/\/hotelli03.domainhotelli.fi\/~lsdoecli\/#website","url":"https:\/\/hotelli03.domainhotelli.fi\/~lsdoecli\/","name":"JV Tuonti","description":"JV Tuonti Oy:n verkkokauppa","publisher":{"@id":"https:\/\/hotelli03.domainhotelli.fi\/~lsdoecli\/#organization"},"potentialAction":[{"@type":"SearchAction","target":{"@type":"EntryPoint","urlTemplate":"https:\/\/hotelli03.domainhotelli.fi\/~lsdoecli\/?s={search_term_string}"},"query-input":"required name=search_term_string"}],"inLanguage":"fi"},{"@type":"ImageObject","inLanguage":"fi","@id":"https:\/\/hotelli03.domainhotelli.fi\/~lsdoecli\/tuote\/jvt-value-pack-expert-dry-all-in-one-merkkauskyna\/#primaryimage","url":"https:\/\/hotelli03.domainhotelli.fi\/~lsdoecli\/wp-content\/uploads\/2021\/05\/Value-pack-EXPERT-dry-all-in-one-merkkauskyn\u00e4-JVT-1-scaled.jpg","contentUrl":"https:\/\/hotelli03.domainhotelli.fi\/~lsdoecli\/wp-content\/uploads\/2021\/05\/Value-pack-EXPERT-dry-all-in-one-merkkauskyn\u00e4-JVT-1-scaled.jpg","width":2560,"height":2560,"caption":"Merkkauskyn\u00e4 EXPERT dry all-in-one Value pack"},{"@type":"WebPage","@id":"https:\/\/hotelli03.domainhotelli.fi\/~lsdoecli\/tuote\/jvt-value-pack-expert-dry-all-in-one-merkkauskyna\/","url":"https:\/\/hotelli03.domainhotelli.fi\/~lsdoecli\/tuote\/jvt-value-pack-expert-dry-all-in-one-merkkauskyna\/","name":"Merkkauskyn\u00e4 EXPERT dry all-in-one Value pack","isPartOf":{"@id":"https:\/\/hotelli03.domainhotelli.fi\/~lsdoecli\/#website"},"primaryImageOfPage":{"@id":"https:\/\/hotelli03.domainhotelli.fi\/~lsdoecli\/tuote\/jvt-value-pack-expert-dry-all-in-one-merkkauskyna\/#primaryimage"},"datePublished":"2021-05-20T08:05:03+00:00","dateModified":"2021-11-20T18:02:10+00:00","description":"Merkkauskyn\u00e4 dry Expert all-in-one value pack. Lyijykyn\u00e4 l\u00e4hes kaikkien pintojen merkkaukseen. Tilaa merkkauskyn\u00e4 + varalyijyt netist\u00e4!","breadcrumb":{"@id":"https:\/\/hotelli03.domainhotelli.fi\/~lsdoecli\/tuote\/jvt-value-pack-expert-dry-all-in-one-merkkauskyna\/#breadcrumb"},"inLanguage":"fi","potentialAction":[{"@type":"ReadAction","target":["https:\/\/hotelli03.domainhotelli.fi\/~lsdoecli\/tuote\/jvt-value-pack-expert-dry-all-in-one-merkkauskyna\/"]}]},{"@type":"BreadcrumbList","@id":"https:\/\/hotelli03.domainhotelli.fi\/~lsdoecli\/tuote\/jvt-value-pack-expert-dry-all-in-one-merkkauskyna\/#breadcrumb","itemListElement":[{"@type":"ListItem","position":1,"name":"Etusivu","item":"https:\/\/hotelli03.domainhotelli.fi\/~lsdoecli\/"},{"@type":"ListItem","position":2,"name":"Kauppa","item":"https:\/\/hotelli03.domainhotelli.fi\/~lsdoecli\/kauppa\/"},{"@type":"ListItem","position":3,"name":"Merkkauskyn\u00e4 EXPERT dry all-in-one Value pack"}]},{"@type":"PostalAddress","@id":"https:\/\/hotelli03.domainhotelli.fi\/~lsdoecli\/tuote\/jvt-value-pack-expert-dry-all-in-one-merkkauskyna\/#local-main-place-address","streetAddress":"Pyymosantie 5a","addressLocality":"Vantaa","postalCode":"01720","addressCountry":"FI"},{"@type":"ImageObject","inLanguage":"fi","@id":"https:\/\/hotelli03.domainhotelli.fi\/~lsdoecli\/tuote\/jvt-value-pack-expert-dry-all-in-one-merkkauskyna\/#local-main-organization-logo","url":"https:\/\/hotelli03.domainhotelli.fi\/~lsdoecli\/wp-content\/uploads\/2021\/08\/JVTuonti_logo_nelio.jpg","contentUrl":"https:\/\/hotelli03.domainhotelli.fi\/~lsdoecli\/wp-content\/uploads\/2021\/08\/JVTuonti_logo_nelio.jpg","width":550,"height":550,"caption":"JV Tuonti Oy"}]},"product_price_amount":"17.24","product_price_currency":"EUR","og_availability":"instock","product_availability":"instock","product_retailer_item_id":"JVTEVP","product_condition":"new","geo.placename":"Vantaa","geo.position":{"lat":"60.28431","long":"24.81654"},"geo.region":"Suomi"},"_links":{"self":[{"href":"https:\/\/hotelli03.domainhotelli.fi\/~lsdoecli\/wp-json\/wp\/v2\/product\/4546"}],"collection":[{"href":"https:\/\/hotelli03.domainhotelli.fi\/~lsdoecli\/wp-json\/wp\/v2\/product"}],"about":[{"href":"https:\/\/hotelli03.domainhotelli.fi\/~lsdoecli\/wp-json\/wp\/v2\/types\/product"}],"replies":[{"embeddable":true,"href":"https:\/\/hotelli03.domainhotelli.fi\/~lsdoecli\/wp-json\/wp\/v2\/comments?post=4546"}],"wp:featuredmedia":[{"embeddable":true,"href":"https:\/\/hotelli03.domainhotelli.fi\/~lsdoecli\/wp-json\/wp\/v2\/media\/4549"}],"wp:attachment":[{"href":"https:\/\/hotelli03.domainhotelli.fi\/~lsdoecli\/wp-json\/wp\/v2\/media?parent=4546"}],"wp:term":[{"taxonomy":"product_cat","embeddable":true,"href":"https:\/\/hotelli03.domainhotelli.fi\/~lsdoecli\/wp-json\/wp\/v2\/product_cat?post=4546"},{"taxonomy":"product_tag","embeddable":true,"href":"https:\/\/hotelli03.domainhotelli.fi\/~lsdoecli\/wp-json\/wp\/v2\/product_tag?post=4546"}],"curies":[{"name":"wp","href":"https:\/\/api.w.org\/{rel}","templated":true}]}}