{"id":4528,"date":"2021-05-20T07:12:45","date_gmt":"2021-05-20T07:12:45","guid":{"rendered":"https:\/\/hotelli03.domainhotelli.fi\/~lsdoecli\/woocommerce\/?post_type=product&#038;p=4528"},"modified":"2021-05-31T07:18:35","modified_gmt":"2021-05-31T07:18:35","slug":"pu-vaahtopistooli-ammattikayttoon","status":"publish","type":"product","link":"https:\/\/hotelli03.domainhotelli.fi\/~lsdoecli\/tuote\/pu-vaahtopistooli-ammattikayttoon\/","title":{"rendered":"PU-vaahtopistooli ammattik\u00e4ytt\u00f6\u00f6n"},"content":{"rendered":"<p>PU-vaahtopistooli ammattik\u00e4ytt\u00f6\u00f6n.<\/p>\n<p>Suunniteltu levitt\u00e4m\u00e4\u00e4n PU-vaahtoa helposti ja vaivattomasti. Rakennusvaahtoja k\u00e4ytet\u00e4\u00e4n mm. ikkunoiden, ovien kehysten ja kattojen asennuksessa silloin, kun halutaan erist\u00e4\u00e4 ja tiivist\u00e4\u00e4.<\/p>\n","protected":false},"excerpt":{"rendered":"<p>PU-vaahtopistooli ammattik\u00e4ytt\u00f6\u00f6n.<\/p>\n<p>Suunniteltu levitt\u00e4m\u00e4\u00e4n PU-vaahtoa helposti ja vaivattomasti. Rakennusvaahtoja k\u00e4ytet\u00e4\u00e4n mm. ikkunoiden, ovien kehysten ja kattojen asennuksessa silloin, kun halutaan erist\u00e4\u00e4 ja tiivist\u00e4\u00e4.<\/p>\n","protected":false},"featured_media":4529,"comment_status":"open","ping_status":"closed","template":"","meta":[],"product_cat":[622],"product_tag":[623,624],"yoast_head":"<!-- This site is optimized with the Yoast SEO Premium plugin v18.9 (Yoast SEO v19.3) - https:\/\/yoast.com\/wordpress\/plugins\/seo\/ -->\n<title>JV Tuonti | PU-vaahtopistooli ammattik\u00e4ytt\u00f6\u00f6n<\/title>\n<meta name=\"description\" content=\"PU-vaahtopistooli ammattik\u00e4ytt\u00f6\u00f6n.  Suunniteltu levitt\u00e4m\u00e4\u00e4n PU-vaahtoa helposti ja vaivattomasti. Rakennusvaahtoja k\u00e4ytet\u00e4\u00e4n mm. ikkunoiden, ovien kehysten ja kattojen asennuksessa silloin, kun halutaan erist\u00e4\u00e4 ja tiivist\u00e4\u00e4.\" \/>\n<meta name=\"robots\" content=\"index, follow, max-snippet:-1, max-image-preview:large, max-video-preview:-1\" \/>\n<link rel=\"canonical\" href=\"https:\/\/hotelli03.domainhotelli.fi\/~lsdoecli\/tuote\/pu-vaahtopistooli-ammattikayttoon\/\" \/>\n<meta property=\"og:locale\" content=\"fi_FI\" \/>\n<meta property=\"og:type\" content=\"article\" \/>\n<meta property=\"og:title\" content=\"PU-vaahtopistooli ammattik\u00e4ytt\u00f6\u00f6n\" \/>\n<meta property=\"og:description\" content=\"PU-vaahtopistooli ammattik\u00e4ytt\u00f6\u00f6n.  Suunniteltu levitt\u00e4m\u00e4\u00e4n PU-vaahtoa helposti ja vaivattomasti. Rakennusvaahtoja k\u00e4ytet\u00e4\u00e4n mm. ikkunoiden, ovien kehysten ja kattojen asennuksessa silloin, kun halutaan erist\u00e4\u00e4 ja tiivist\u00e4\u00e4.\" \/>\n<meta property=\"og:url\" content=\"https:\/\/hotelli03.domainhotelli.fi\/~lsdoecli\/tuote\/pu-vaahtopistooli-ammattikayttoon\/\" \/>\n<meta property=\"og:site_name\" content=\"JV Tuonti\" \/>\n<meta property=\"article:publisher\" content=\"https:\/\/www.facebook.com\/JVTuontiOy\" \/>\n<meta property=\"article:modified_time\" content=\"2021-05-31T07:18:35+00:00\" \/>\n<meta property=\"og:image\" content=\"https:\/\/hotelli03.domainhotelli.fi\/~lsdoecli\/wp-content\/uploads\/2021\/05\/PU-vaahtopistooli-pu-pi01.jpg\" \/>\n\t<meta property=\"og:image:width\" content=\"1200\" \/>\n\t<meta property=\"og:image:height\" content=\"1200\" \/>\n\t<meta property=\"og:image:type\" content=\"image\/jpeg\" \/>\n<meta name=\"twitter:card\" content=\"summary_large_image\" \/>\n<meta name=\"twitter:label1\" content=\"Price\" \/>\n\t<meta name=\"twitter:data1\" content=\"82,09&nbsp;&euro; Alv 24%N\u00e4yt\u00e4 veroton hinta66,20&nbsp;&euro; Alv 0%N\u00e4yt\u00e4 verollinen hinta\" \/>\n\t<meta name=\"twitter:label2\" content=\"Availability\" \/>\n\t<meta name=\"twitter:data2\" content=\"In stock\" \/>\n<script type=\"application\/ld+json\" class=\"yoast-schema-graph\">{\"@context\":\"https:\/\/schema.org\",\"@graph\":[{\"@type\":[\"Organization\",\"Place\",\"WholesaleStore\"],\"@id\":\"https:\/\/hotelli03.domainhotelli.fi\/~lsdoecli\/#organization\",\"name\":\"JV Tuonti Oy\",\"url\":\"https:\/\/hotelli03.domainhotelli.fi\/~lsdoecli\/\",\"sameAs\":[\"https:\/\/instagram.com\/jvtuontioy?utm_medium=copy_link\",\"https:\/\/www.facebook.com\/JVTuontiOy\"],\"logo\":{\"@id\":\"https:\/\/hotelli03.domainhotelli.fi\/~lsdoecli\/tuote\/pu-vaahtopistooli-ammattikayttoon\/#local-main-organization-logo\"},\"image\":{\"@id\":\"https:\/\/hotelli03.domainhotelli.fi\/~lsdoecli\/tuote\/pu-vaahtopistooli-ammattikayttoon\/#local-main-organization-logo\"},\"address\":{\"@id\":\"https:\/\/hotelli03.domainhotelli.fi\/~lsdoecli\/tuote\/pu-vaahtopistooli-ammattikayttoon\/#local-main-place-address\"},\"geo\":{\"@type\":\"GeoCoordinates\",\"latitude\":\"60.28431\",\"longitude\":\"24.81654\"},\"telephone\":[\"0408369980\"],\"openingHoursSpecification\":[{\"@type\":\"OpeningHoursSpecification\",\"dayOfWeek\":[\"Monday\",\"Tuesday\",\"Wednesday\",\"Thursday\",\"Friday\"],\"opens\":\"08:00\",\"closes\":\"16:00\"},{\"@type\":\"OpeningHoursSpecification\",\"dayOfWeek\":[\"Saturday\",\"Sunday\"],\"opens\":\"00:00\",\"closes\":\"00:00\"}],\"email\":\"myynti@hotelli03.domainhotelli.fi\",\"areaServed\":\"Suomi, Ruotsi\",\"vatID\":\"FI30178387\",\"priceRange\":\"$$\",\"currenciesAccepted\":\"\u20ac\",\"paymentAccepted\":\"Lasku, pankkikortti\"},{\"@type\":\"WebSite\",\"@id\":\"https:\/\/hotelli03.domainhotelli.fi\/~lsdoecli\/#website\",\"url\":\"https:\/\/hotelli03.domainhotelli.fi\/~lsdoecli\/\",\"name\":\"JV Tuonti\",\"description\":\"JV Tuonti Oy:n verkkokauppa\",\"publisher\":{\"@id\":\"https:\/\/hotelli03.domainhotelli.fi\/~lsdoecli\/#organization\"},\"potentialAction\":[{\"@type\":\"SearchAction\",\"target\":{\"@type\":\"EntryPoint\",\"urlTemplate\":\"https:\/\/hotelli03.domainhotelli.fi\/~lsdoecli\/?s={search_term_string}\"},\"query-input\":\"required name=search_term_string\"}],\"inLanguage\":\"fi\"},{\"@type\":\"ImageObject\",\"inLanguage\":\"fi\",\"@id\":\"https:\/\/hotelli03.domainhotelli.fi\/~lsdoecli\/tuote\/pu-vaahtopistooli-ammattikayttoon\/#primaryimage\",\"url\":\"https:\/\/hotelli03.domainhotelli.fi\/~lsdoecli\/wp-content\/uploads\/2021\/05\/PU-vaahtopistooli-pu-pi01.jpg\",\"contentUrl\":\"https:\/\/hotelli03.domainhotelli.fi\/~lsdoecli\/wp-content\/uploads\/2021\/05\/PU-vaahtopistooli-pu-pi01.jpg\",\"width\":1200,\"height\":1200,\"caption\":\"PU-vaahtopistooli ammattik\u00e4ytt\u00f6\u00f6n\"},{\"@type\":\"WebPage\",\"@id\":\"https:\/\/hotelli03.domainhotelli.fi\/~lsdoecli\/tuote\/pu-vaahtopistooli-ammattikayttoon\/\",\"url\":\"https:\/\/hotelli03.domainhotelli.fi\/~lsdoecli\/tuote\/pu-vaahtopistooli-ammattikayttoon\/\",\"name\":\"JV Tuonti | PU-vaahtopistooli ammattik\u00e4ytt\u00f6\u00f6n\",\"isPartOf\":{\"@id\":\"https:\/\/hotelli03.domainhotelli.fi\/~lsdoecli\/#website\"},\"primaryImageOfPage\":{\"@id\":\"https:\/\/hotelli03.domainhotelli.fi\/~lsdoecli\/tuote\/pu-vaahtopistooli-ammattikayttoon\/#primaryimage\"},\"datePublished\":\"2021-05-20T07:12:45+00:00\",\"dateModified\":\"2021-05-31T07:18:35+00:00\",\"description\":\"PU-vaahtopistooli ammattik\u00e4ytt\u00f6\u00f6n. Suunniteltu levitt\u00e4m\u00e4\u00e4n PU-vaahtoa helposti ja vaivattomasti. Rakennusvaahtoja k\u00e4ytet\u00e4\u00e4n mm. ikkunoiden, ovien kehysten ja kattojen asennuksessa silloin, kun halutaan erist\u00e4\u00e4 ja tiivist\u00e4\u00e4.\",\"breadcrumb\":{\"@id\":\"https:\/\/hotelli03.domainhotelli.fi\/~lsdoecli\/tuote\/pu-vaahtopistooli-ammattikayttoon\/#breadcrumb\"},\"inLanguage\":\"fi\",\"potentialAction\":[{\"@type\":\"ReadAction\",\"target\":[\"https:\/\/hotelli03.domainhotelli.fi\/~lsdoecli\/tuote\/pu-vaahtopistooli-ammattikayttoon\/\"]}]},{\"@type\":\"BreadcrumbList\",\"@id\":\"https:\/\/hotelli03.domainhotelli.fi\/~lsdoecli\/tuote\/pu-vaahtopistooli-ammattikayttoon\/#breadcrumb\",\"itemListElement\":[{\"@type\":\"ListItem\",\"position\":1,\"name\":\"Etusivu\",\"item\":\"https:\/\/hotelli03.domainhotelli.fi\/~lsdoecli\/\"},{\"@type\":\"ListItem\",\"position\":2,\"name\":\"Kauppa\",\"item\":\"https:\/\/hotelli03.domainhotelli.fi\/~lsdoecli\/kauppa\/\"},{\"@type\":\"ListItem\",\"position\":3,\"name\":\"PU-vaahtopistooli ammattik\u00e4ytt\u00f6\u00f6n\"}]},{\"@type\":\"PostalAddress\",\"@id\":\"https:\/\/hotelli03.domainhotelli.fi\/~lsdoecli\/tuote\/pu-vaahtopistooli-ammattikayttoon\/#local-main-place-address\",\"streetAddress\":\"Pyymosantie 5a\",\"addressLocality\":\"Vantaa\",\"postalCode\":\"01720\",\"addressCountry\":\"FI\"},{\"@type\":\"ImageObject\",\"inLanguage\":\"fi\",\"@id\":\"https:\/\/hotelli03.domainhotelli.fi\/~lsdoecli\/tuote\/pu-vaahtopistooli-ammattikayttoon\/#local-main-organization-logo\",\"url\":\"https:\/\/hotelli03.domainhotelli.fi\/~lsdoecli\/wp-content\/uploads\/2021\/08\/JVTuonti_logo_nelio.jpg\",\"contentUrl\":\"https:\/\/hotelli03.domainhotelli.fi\/~lsdoecli\/wp-content\/uploads\/2021\/08\/JVTuonti_logo_nelio.jpg\",\"width\":550,\"height\":550,\"caption\":\"JV Tuonti Oy\"}]}<\/script>\n<meta property=\"product:price:amount\" content=\"82.09\" \/>\n<meta property=\"product:price:currency\" content=\"EUR\" \/>\n<meta property=\"og:availability\" content=\"instock\" \/>\n<meta property=\"product:availability\" content=\"instock\" \/>\n<meta property=\"product:retailer_item_id\" content=\"PUPI01\" \/>\n<meta property=\"product:condition\" content=\"new\" \/>\n<meta name=\"geo.placename\" content=\"Vantaa\" \/>\n<meta name=\"geo.position\" content=\"60.28431;24.81654\" \/>\n<meta name=\"geo.region\" content=\"Suomi\" \/>\n<!-- \/ Yoast SEO Premium plugin. -->","yoast_head_json":{"title":"JV Tuonti | PU-vaahtopistooli ammattik\u00e4ytt\u00f6\u00f6n","description":"PU-vaahtopistooli ammattik\u00e4ytt\u00f6\u00f6n.  Suunniteltu levitt\u00e4m\u00e4\u00e4n PU-vaahtoa helposti ja vaivattomasti. Rakennusvaahtoja k\u00e4ytet\u00e4\u00e4n mm. ikkunoiden, ovien kehysten ja kattojen asennuksessa silloin, kun halutaan erist\u00e4\u00e4 ja tiivist\u00e4\u00e4.","robots":{"index":"index","follow":"follow","max-snippet":"max-snippet:-1","max-image-preview":"max-image-preview:large","max-video-preview":"max-video-preview:-1"},"canonical":"https:\/\/hotelli03.domainhotelli.fi\/~lsdoecli\/tuote\/pu-vaahtopistooli-ammattikayttoon\/","og_locale":"fi_FI","og_type":"article","og_title":"PU-vaahtopistooli ammattik\u00e4ytt\u00f6\u00f6n","og_description":"PU-vaahtopistooli ammattik\u00e4ytt\u00f6\u00f6n.  Suunniteltu levitt\u00e4m\u00e4\u00e4n PU-vaahtoa helposti ja vaivattomasti. Rakennusvaahtoja k\u00e4ytet\u00e4\u00e4n mm. ikkunoiden, ovien kehysten ja kattojen asennuksessa silloin, kun halutaan erist\u00e4\u00e4 ja tiivist\u00e4\u00e4.","og_url":"https:\/\/hotelli03.domainhotelli.fi\/~lsdoecli\/tuote\/pu-vaahtopistooli-ammattikayttoon\/","og_site_name":"JV Tuonti","article_publisher":"https:\/\/www.facebook.com\/JVTuontiOy","article_modified_time":"2021-05-31T07:18:35+00:00","og_image":[{"width":1200,"height":1200,"url":"https:\/\/hotelli03.domainhotelli.fi\/~lsdoecli\/wp-content\/uploads\/2021\/05\/PU-vaahtopistooli-pu-pi01.jpg","type":"image\/jpeg"}],"twitter_card":"summary_large_image","twitter_misc":{"Price":"82,09&nbsp;&euro; Alv 24%N\u00e4yt\u00e4 veroton hinta66,20&nbsp;&euro; Alv 0%N\u00e4yt\u00e4 verollinen hinta","Availability":"In stock"},"schema":{"@context":"https:\/\/schema.org","@graph":[{"@type":["Organization","Place","WholesaleStore"],"@id":"https:\/\/hotelli03.domainhotelli.fi\/~lsdoecli\/#organization","name":"JV Tuonti Oy","url":"https:\/\/hotelli03.domainhotelli.fi\/~lsdoecli\/","sameAs":["https:\/\/instagram.com\/jvtuontioy?utm_medium=copy_link","https:\/\/www.facebook.com\/JVTuontiOy"],"logo":{"@id":"https:\/\/hotelli03.domainhotelli.fi\/~lsdoecli\/tuote\/pu-vaahtopistooli-ammattikayttoon\/#local-main-organization-logo"},"image":{"@id":"https:\/\/hotelli03.domainhotelli.fi\/~lsdoecli\/tuote\/pu-vaahtopistooli-ammattikayttoon\/#local-main-organization-logo"},"address":{"@id":"https:\/\/hotelli03.domainhotelli.fi\/~lsdoecli\/tuote\/pu-vaahtopistooli-ammattikayttoon\/#local-main-place-address"},"geo":{"@type":"GeoCoordinates","latitude":"60.28431","longitude":"24.81654"},"telephone":["0408369980"],"openingHoursSpecification":[{"@type":"OpeningHoursSpecification","dayOfWeek":["Monday","Tuesday","Wednesday","Thursday","Friday"],"opens":"08:00","closes":"16:00"},{"@type":"OpeningHoursSpecification","dayOfWeek":["Saturday","Sunday"],"opens":"00:00","closes":"00:00"}],"email":"myynti@hotelli03.domainhotelli.fi","areaServed":"Suomi, Ruotsi","vatID":"FI30178387","priceRange":"$$","currenciesAccepted":"\u20ac","paymentAccepted":"Lasku, pankkikortti"},{"@type":"WebSite","@id":"https:\/\/hotelli03.domainhotelli.fi\/~lsdoecli\/#website","url":"https:\/\/hotelli03.domainhotelli.fi\/~lsdoecli\/","name":"JV Tuonti","description":"JV Tuonti Oy:n verkkokauppa","publisher":{"@id":"https:\/\/hotelli03.domainhotelli.fi\/~lsdoecli\/#organization"},"potentialAction":[{"@type":"SearchAction","target":{"@type":"EntryPoint","urlTemplate":"https:\/\/hotelli03.domainhotelli.fi\/~lsdoecli\/?s={search_term_string}"},"query-input":"required name=search_term_string"}],"inLanguage":"fi"},{"@type":"ImageObject","inLanguage":"fi","@id":"https:\/\/hotelli03.domainhotelli.fi\/~lsdoecli\/tuote\/pu-vaahtopistooli-ammattikayttoon\/#primaryimage","url":"https:\/\/hotelli03.domainhotelli.fi\/~lsdoecli\/wp-content\/uploads\/2021\/05\/PU-vaahtopistooli-pu-pi01.jpg","contentUrl":"https:\/\/hotelli03.domainhotelli.fi\/~lsdoecli\/wp-content\/uploads\/2021\/05\/PU-vaahtopistooli-pu-pi01.jpg","width":1200,"height":1200,"caption":"PU-vaahtopistooli ammattik\u00e4ytt\u00f6\u00f6n"},{"@type":"WebPage","@id":"https:\/\/hotelli03.domainhotelli.fi\/~lsdoecli\/tuote\/pu-vaahtopistooli-ammattikayttoon\/","url":"https:\/\/hotelli03.domainhotelli.fi\/~lsdoecli\/tuote\/pu-vaahtopistooli-ammattikayttoon\/","name":"JV Tuonti | PU-vaahtopistooli ammattik\u00e4ytt\u00f6\u00f6n","isPartOf":{"@id":"https:\/\/hotelli03.domainhotelli.fi\/~lsdoecli\/#website"},"primaryImageOfPage":{"@id":"https:\/\/hotelli03.domainhotelli.fi\/~lsdoecli\/tuote\/pu-vaahtopistooli-ammattikayttoon\/#primaryimage"},"datePublished":"2021-05-20T07:12:45+00:00","dateModified":"2021-05-31T07:18:35+00:00","description":"PU-vaahtopistooli ammattik\u00e4ytt\u00f6\u00f6n. Suunniteltu levitt\u00e4m\u00e4\u00e4n PU-vaahtoa helposti ja vaivattomasti. Rakennusvaahtoja k\u00e4ytet\u00e4\u00e4n mm. ikkunoiden, ovien kehysten ja kattojen asennuksessa silloin, kun halutaan erist\u00e4\u00e4 ja tiivist\u00e4\u00e4.","breadcrumb":{"@id":"https:\/\/hotelli03.domainhotelli.fi\/~lsdoecli\/tuote\/pu-vaahtopistooli-ammattikayttoon\/#breadcrumb"},"inLanguage":"fi","potentialAction":[{"@type":"ReadAction","target":["https:\/\/hotelli03.domainhotelli.fi\/~lsdoecli\/tuote\/pu-vaahtopistooli-ammattikayttoon\/"]}]},{"@type":"BreadcrumbList","@id":"https:\/\/hotelli03.domainhotelli.fi\/~lsdoecli\/tuote\/pu-vaahtopistooli-ammattikayttoon\/#breadcrumb","itemListElement":[{"@type":"ListItem","position":1,"name":"Etusivu","item":"https:\/\/hotelli03.domainhotelli.fi\/~lsdoecli\/"},{"@type":"ListItem","position":2,"name":"Kauppa","item":"https:\/\/hotelli03.domainhotelli.fi\/~lsdoecli\/kauppa\/"},{"@type":"ListItem","position":3,"name":"PU-vaahtopistooli ammattik\u00e4ytt\u00f6\u00f6n"}]},{"@type":"PostalAddress","@id":"https:\/\/hotelli03.domainhotelli.fi\/~lsdoecli\/tuote\/pu-vaahtopistooli-ammattikayttoon\/#local-main-place-address","streetAddress":"Pyymosantie 5a","addressLocality":"Vantaa","postalCode":"01720","addressCountry":"FI"},{"@type":"ImageObject","inLanguage":"fi","@id":"https:\/\/hotelli03.domainhotelli.fi\/~lsdoecli\/tuote\/pu-vaahtopistooli-ammattikayttoon\/#local-main-organization-logo","url":"https:\/\/hotelli03.domainhotelli.fi\/~lsdoecli\/wp-content\/uploads\/2021\/08\/JVTuonti_logo_nelio.jpg","contentUrl":"https:\/\/hotelli03.domainhotelli.fi\/~lsdoecli\/wp-content\/uploads\/2021\/08\/JVTuonti_logo_nelio.jpg","width":550,"height":550,"caption":"JV Tuonti Oy"}]},"product_price_amount":"82.09","product_price_currency":"EUR","og_availability":"instock","product_availability":"instock","product_retailer_item_id":"PUPI01","product_condition":"new","geo.placename":"Vantaa","geo.position":{"lat":"60.28431","long":"24.81654"},"geo.region":"Suomi"},"_links":{"self":[{"href":"https:\/\/hotelli03.domainhotelli.fi\/~lsdoecli\/wp-json\/wp\/v2\/product\/4528"}],"collection":[{"href":"https:\/\/hotelli03.domainhotelli.fi\/~lsdoecli\/wp-json\/wp\/v2\/product"}],"about":[{"href":"https:\/\/hotelli03.domainhotelli.fi\/~lsdoecli\/wp-json\/wp\/v2\/types\/product"}],"replies":[{"embeddable":true,"href":"https:\/\/hotelli03.domainhotelli.fi\/~lsdoecli\/wp-json\/wp\/v2\/comments?post=4528"}],"wp:featuredmedia":[{"embeddable":true,"href":"https:\/\/hotelli03.domainhotelli.fi\/~lsdoecli\/wp-json\/wp\/v2\/media\/4529"}],"wp:attachment":[{"href":"https:\/\/hotelli03.domainhotelli.fi\/~lsdoecli\/wp-json\/wp\/v2\/media?parent=4528"}],"wp:term":[{"taxonomy":"product_cat","embeddable":true,"href":"https:\/\/hotelli03.domainhotelli.fi\/~lsdoecli\/wp-json\/wp\/v2\/product_cat?post=4528"},{"taxonomy":"product_tag","embeddable":true,"href":"https:\/\/hotelli03.domainhotelli.fi\/~lsdoecli\/wp-json\/wp\/v2\/product_tag?post=4528"}],"curies":[{"name":"wp","href":"https:\/\/api.w.org\/{rel}","templated":true}]}}