{"id":4454,"date":"2021-05-18T12:25:19","date_gmt":"2021-05-18T12:25:19","guid":{"rendered":"https:\/\/hotelli03.domainhotelli.fi\/~lsdoecli\/woocommerce\/?post_type=product&#038;p=4454"},"modified":"2022-05-17T17:10:56","modified_gmt":"2022-05-17T17:10:56","slug":"betoniruuvi-tfe-sinkitty-kuusiokanta-eta","status":"publish","type":"product","link":"https:\/\/hotelli03.domainhotelli.fi\/~lsdoecli\/tuote\/betoniruuvi-tfe-sinkitty-kuusiokanta-eta\/","title":{"rendered":"Betoniruuvi Index TFE sinkitty kuusiokanta ETA"},"content":{"rendered":"<h1>Betoniruuvi Index TFE sinkitty kuusiokanta ETA<\/h1>\n<ul>\n<li>Betoniruuvi Index TFE sinkitty kuusiokanta on ETA hyv\u00e4ksytty ja CE merkitty<\/li>\n<li>Sis\u00e4k\u00e4ytt\u00f6\u00f6n tarkoitettu ruuvi<\/li>\n<li>Itseporautuva betoniruuvi on nopea asentaa<\/li>\n<li>Voidaan poistaa tarvittaessa ja k\u00e4ytt\u00e4\u00e4 uudelleen<\/li>\n<li>Index TFE betoniruuvissa on karkaistu k\u00e4rki, joka on vahvempi ja joka takaa paremman kest\u00e4vyyden ja helpomman asennuksen<\/li>\n<li>Ruuvin ter\u00e4srunko on kest\u00e4v\u00e4st\u00e4 karkaistusta hiiliter\u00e4ksest\u00e4, jossa on karkaistu patentoitu kaksoiskierre, joka on suunniteltu uppoavan syv\u00e4ll\u00e4 betoniin ja takaa parhaan mahdollisen kuormituksen<\/li>\n<li>laipan alap\u00e4\u00e4ss\u00e4 on kohokuvioinen rihlattu aluslevy, mik\u00e4 varmistaa tiukan kiinnittymisen alusmateriaaliin ja est\u00e4\u00e4 l\u00f6ystymisen<\/li>\n<li>Index TFE itseporautuvan betoniruuvin p\u00e4\u00e4h\u00e4n on merkattu ruuvin koko<\/li>\n<\/ul>\n<p>Betoniruuvi Index TFE kuusiokantaina laipalla on yleisin k\u00e4ytetty betoniruuvi ja se on tarkoitettu raskaille kuormille ja soveltuu:<\/p>\n<ul>\n<li>rakenteiden kiinnitt\u00e4miseen betoniin, raudoitettuun betoniin, halkeilevaan betoniin ja kiveen.<\/li>\n<li>puurakenteiden kiinnitys betoniin<\/li>\n<li>alakattorunkojen asennus<\/li>\n<li>hyllyjen ja varastohyllyjen kiinnitys<\/li>\n<li>k\u00e4sijohteiden ja portaiden kiinnitys<\/li>\n<li>sprinkelereiden ja muiden IV laitteiden asennus<\/li>\n<li>putkikannakkeiden asennus<\/li>\n<li>s\u00e4hk\u00f6kaappien asennus<\/li>\n<li>lasitusten, ikkunoiden ja lasiseinien kiinnitys<\/li>\n<li>muottitukien asennus<\/li>\n<\/ul>\n<p>Ruuvi on saatavilla \u00d8 5\u00a0&#8211; 18 mm kokoisena. Itseporautuva betoniruuvi voidaan asentaa kuivaan, m\u00e4rk\u00e4\u00e4n tai veden alla olevaan betonipintaan.<\/p>\n<p>Kuusiokanta on kokoa M8 ja tarvitset itseporautuvan betoniruuvin kiinnitt\u00e4mist\u00e4 varten <a href=\"https:\/\/hotelli03.domainhotelli.fi\/~lsdoecli\/tuote-osasto\/rakennustarvikkeet\/poranterat\/sds-poranterat\/\">kiviter\u00e4n<\/a> sek\u00e4 <a href=\"https:\/\/hotelli03.domainhotelli.fi\/~lsdoecli\/tuote\/magneettihylsy-8mm-1-4-10kpl-pakkaus\/\">magneettihylsyn 8 mm<\/a>. Ennen asentamista betoniin, porataan ruuville reik\u00e4 ja sen j\u00e4lkeen ruuvi asennetaan iskev\u00e4ll\u00e4 ruuviv\u00e4ntimell\u00e4 paikoilleen. Rei\u00e4n tulee olla hieman syvempi, kun asennussyvyyden.<\/p>\n<p>Ruuvi on tarkoitettu sis\u00e4tiloihin. <a href=\"https:\/\/hotelli03.domainhotelli.fi\/~lsdoecli\/tuote\/betoniruuvi-the-kuusiokanta-eta-optio-1-atlantis-c3-h-pinnoite\/\">Ulkok\u00e4ytt\u00f6\u00f6n sopivat pinnoitetut betoniruuvit kuusiokannalla l\u00f6yd\u00e4t t\u00e4\u00e4lt\u00e4.<\/a><\/p>\n<h3>Index betoniruuvi TFE maksimi kuormitus<\/h3>\n<ul>\n<li>koko \u00d8 5 mm maksimi kuorma 507 kg halkeilematon betoni ja 362 kg halkeillut betoni<\/li>\n<li>koko\u00a0\u00d8 6 mm maksimi kuorma 690 kg halkeilematon betoni ja 493 kg halkeillut betoni<\/li>\n<li>koko\u00a0\u00d8 8 mm maksimi kuorma 878 kg halkeilematon betoni ja 627 kg halkeillut betoni<\/li>\n<li>koko\u00a0\u00d8 10 mm maksimi kuorma 1095 kg halkeilematon betoni ja 782 kg halkeillut betoni<\/li>\n<li>koko\u00a0\u00d8 12 mm maksimi kuorma 1876 kg halkeillut betoni ja 1333 kg halkeillut betoni<\/li>\n<li>koko\u00a0\u00d8 14 mm maksimi kuorma 2159 kg halkeillut betoni ja 1642 kg halkeillut betoni<\/li>\n<li>koko\u00a0\u00d8 18 mm maksimi kuorma 2900 kg ja halkeillut betoni 2071 kg halkeillut betoni<\/li>\n<\/ul>\n<p>Maksimi kuormat halkeilematon betoni C20\/25 ja halkeillut betoni C20\/25<\/p>\n<h2>Betoniruuvi Index TFE tuotetiedot<\/h2>\n<ul>\n<li>Valmistaja: Index<\/li>\n<li>Malli: TFE<\/li>\n<li>CE merkint\u00e4<\/li>\n<li>ETA hyv\u00e4ksynt\u00e4: <a href=\"https:\/\/dit.ietcc.csic.es\/wp-content\/uploads\/2020\/05\/ETA-20-0046_THE-SCREW-20200417.pdf\">ETA20\/0046<\/a><\/li>\n<li>ETA hvy\u00e4ksynt\u00e4: <a href=\"https:\/\/dit.ietcc.csic.es\/2020\/12\/21\/ete-20-494-tornillo-hormigon-the\/?lang=en\">ETA20\/0494<\/a><\/li>\n<li>Muut hyv\u00e4ksynn\u00e4t: Seismic approval C2 &amp; C1<\/li>\n<li>Palonkest\u00e4vyys luokitus: R30-R120 betonissa<\/li>\n<\/ul>\n<p>&nbsp;<\/p>\n<h2>Betoniruuvi TFE sinkitty kuusiokanta video<\/h2>\n<p><iframe loading=\"lazy\" title=\"Metal anchors TH\/TF - Self-tapping concrete screwbolt\" width=\"1140\" height=\"641\" src=\"https:\/\/www.youtube.com\/embed\/lRQWeQSTTn0?start=4&#038;feature=oembed\" frameborder=\"0\" allow=\"accelerometer; autoplay; clipboard-write; encrypted-media; gyroscope; picture-in-picture\" allowfullscreen><\/iframe><\/p>\n","protected":false},"excerpt":{"rendered":"<p>Betoniruuvi Index TFE sinkitty kuusiokanta laipalla. Useita eri kokoja. Itseporautuva betoniruuvi raskaille kuormille sis\u00e4tiloihin.<\/p>\n<p>Tuotteella on ETA hyv\u00e4ksynt\u00e4. CE merkint\u00e4.<\/p>\n","protected":false},"featured_media":4510,"comment_status":"open","ping_status":"closed","template":"","meta":[],"product_cat":[152],"product_tag":[157,155,154,614,613],"yoast_head":"<!-- This site is optimized with the Yoast SEO Premium plugin v18.9 (Yoast SEO v19.3) - https:\/\/yoast.com\/wordpress\/plugins\/seo\/ -->\n<title>Betoniruuvi Index TFE sinkitty kuusiokanta ETA | JV Tuonti<\/title>\n<meta name=\"description\" content=\"Betoniruuvi Index TFE kuusiokanta laipallinen. Itseporautuva betoniruuvi sis\u00e4k\u00e4ytt\u00f6\u00f6n CE merkint\u00e4 ja ETA hyv\u00e4ksynt\u00e4. Tilaa t\u00e4st\u00e4!\" \/>\n<meta name=\"robots\" content=\"index, follow, max-snippet:-1, max-image-preview:large, max-video-preview:-1\" \/>\n<link rel=\"canonical\" href=\"https:\/\/hotelli03.domainhotelli.fi\/~lsdoecli\/tuote\/betoniruuvi-tfe-sinkitty-kuusiokanta-eta\/\" \/>\n<meta property=\"og:locale\" content=\"fi_FI\" \/>\n<meta property=\"og:type\" content=\"article\" \/>\n<meta property=\"og:title\" content=\"Betoniruuvi Index TFE sinkitty kuusiokanta ETA\" \/>\n<meta property=\"og:description\" content=\"Betoniruuvi Index TFE kuusiokanta laipallinen. Itseporautuva betoniruuvi sis\u00e4k\u00e4ytt\u00f6\u00f6n CE merkint\u00e4 ja ETA hyv\u00e4ksynt\u00e4. Tilaa t\u00e4st\u00e4!\" \/>\n<meta property=\"og:url\" content=\"https:\/\/hotelli03.domainhotelli.fi\/~lsdoecli\/tuote\/betoniruuvi-tfe-sinkitty-kuusiokanta-eta\/\" \/>\n<meta property=\"og:site_name\" content=\"JV Tuonti\" \/>\n<meta property=\"article:publisher\" content=\"https:\/\/www.facebook.com\/JVTuontiOy\" \/>\n<meta property=\"article:modified_time\" content=\"2022-05-17T17:10:56+00:00\" \/>\n<meta property=\"og:image\" content=\"https:\/\/hotelli03.domainhotelli.fi\/~lsdoecli\/wp-content\/uploads\/2021\/05\/Betoniruuvi_tfe_sinkitty.jpg\" \/>\n\t<meta property=\"og:image:width\" content=\"1500\" \/>\n\t<meta property=\"og:image:height\" content=\"1500\" \/>\n\t<meta property=\"og:image:type\" content=\"image\/jpeg\" \/>\n<meta name=\"twitter:card\" content=\"summary_large_image\" \/>\n<meta name=\"twitter:label1\" content=\"Availability\" \/>\n\t<meta name=\"twitter:data1\" content=\"In stock\" \/>\n<script type=\"application\/ld+json\" class=\"yoast-schema-graph\">{\"@context\":\"https:\/\/schema.org\",\"@graph\":[{\"@type\":[\"Organization\",\"Place\",\"WholesaleStore\"],\"@id\":\"https:\/\/hotelli03.domainhotelli.fi\/~lsdoecli\/#organization\",\"name\":\"JV Tuonti Oy\",\"url\":\"https:\/\/hotelli03.domainhotelli.fi\/~lsdoecli\/\",\"sameAs\":[\"https:\/\/instagram.com\/jvtuontioy?utm_medium=copy_link\",\"https:\/\/www.facebook.com\/JVTuontiOy\"],\"logo\":{\"@id\":\"https:\/\/hotelli03.domainhotelli.fi\/~lsdoecli\/tuote\/betoniruuvi-tfe-sinkitty-kuusiokanta-eta\/#local-main-organization-logo\"},\"image\":{\"@id\":\"https:\/\/hotelli03.domainhotelli.fi\/~lsdoecli\/tuote\/betoniruuvi-tfe-sinkitty-kuusiokanta-eta\/#local-main-organization-logo\"},\"address\":{\"@id\":\"https:\/\/hotelli03.domainhotelli.fi\/~lsdoecli\/tuote\/betoniruuvi-tfe-sinkitty-kuusiokanta-eta\/#local-main-place-address\"},\"geo\":{\"@type\":\"GeoCoordinates\",\"latitude\":\"60.28431\",\"longitude\":\"24.81654\"},\"telephone\":[\"0408369980\"],\"openingHoursSpecification\":[{\"@type\":\"OpeningHoursSpecification\",\"dayOfWeek\":[\"Monday\",\"Tuesday\",\"Wednesday\",\"Thursday\",\"Friday\"],\"opens\":\"08:00\",\"closes\":\"16:00\"},{\"@type\":\"OpeningHoursSpecification\",\"dayOfWeek\":[\"Saturday\",\"Sunday\"],\"opens\":\"00:00\",\"closes\":\"00:00\"}],\"email\":\"myynti@hotelli03.domainhotelli.fi\",\"areaServed\":\"Suomi, Ruotsi\",\"vatID\":\"FI30178387\",\"priceRange\":\"$$\",\"currenciesAccepted\":\"\u20ac\",\"paymentAccepted\":\"Lasku, pankkikortti\"},{\"@type\":\"WebSite\",\"@id\":\"https:\/\/hotelli03.domainhotelli.fi\/~lsdoecli\/#website\",\"url\":\"https:\/\/hotelli03.domainhotelli.fi\/~lsdoecli\/\",\"name\":\"JV Tuonti\",\"description\":\"JV Tuonti Oy:n verkkokauppa\",\"publisher\":{\"@id\":\"https:\/\/hotelli03.domainhotelli.fi\/~lsdoecli\/#organization\"},\"potentialAction\":[{\"@type\":\"SearchAction\",\"target\":{\"@type\":\"EntryPoint\",\"urlTemplate\":\"https:\/\/hotelli03.domainhotelli.fi\/~lsdoecli\/?s={search_term_string}\"},\"query-input\":\"required name=search_term_string\"}],\"inLanguage\":\"fi\"},{\"@type\":\"ImageObject\",\"inLanguage\":\"fi\",\"@id\":\"https:\/\/hotelli03.domainhotelli.fi\/~lsdoecli\/tuote\/betoniruuvi-tfe-sinkitty-kuusiokanta-eta\/#primaryimage\",\"url\":\"https:\/\/hotelli03.domainhotelli.fi\/~lsdoecli\/wp-content\/uploads\/2021\/05\/Betoniruuvi_tfe_sinkitty.jpg\",\"contentUrl\":\"https:\/\/hotelli03.domainhotelli.fi\/~lsdoecli\/wp-content\/uploads\/2021\/05\/Betoniruuvi_tfe_sinkitty.jpg\",\"width\":1500,\"height\":1500,\"caption\":\"Betoniruuvi Index TFE sinkitty Kuusiokanta ETA, CE\"},{\"@type\":\"WebPage\",\"@id\":\"https:\/\/hotelli03.domainhotelli.fi\/~lsdoecli\/tuote\/betoniruuvi-tfe-sinkitty-kuusiokanta-eta\/\",\"url\":\"https:\/\/hotelli03.domainhotelli.fi\/~lsdoecli\/tuote\/betoniruuvi-tfe-sinkitty-kuusiokanta-eta\/\",\"name\":\"Betoniruuvi Index TFE sinkitty kuusiokanta ETA | JV Tuonti\",\"isPartOf\":{\"@id\":\"https:\/\/hotelli03.domainhotelli.fi\/~lsdoecli\/#website\"},\"primaryImageOfPage\":{\"@id\":\"https:\/\/hotelli03.domainhotelli.fi\/~lsdoecli\/tuote\/betoniruuvi-tfe-sinkitty-kuusiokanta-eta\/#primaryimage\"},\"datePublished\":\"2021-05-18T12:25:19+00:00\",\"dateModified\":\"2022-05-17T17:10:56+00:00\",\"description\":\"Betoniruuvi Index TFE kuusiokanta laipallinen. Itseporautuva betoniruuvi sis\u00e4k\u00e4ytt\u00f6\u00f6n CE merkint\u00e4 ja ETA hyv\u00e4ksynt\u00e4. Tilaa t\u00e4st\u00e4!\",\"breadcrumb\":{\"@id\":\"https:\/\/hotelli03.domainhotelli.fi\/~lsdoecli\/tuote\/betoniruuvi-tfe-sinkitty-kuusiokanta-eta\/#breadcrumb\"},\"inLanguage\":\"fi\",\"potentialAction\":[{\"@type\":\"ReadAction\",\"target\":[\"https:\/\/hotelli03.domainhotelli.fi\/~lsdoecli\/tuote\/betoniruuvi-tfe-sinkitty-kuusiokanta-eta\/\"]}]},{\"@type\":\"BreadcrumbList\",\"@id\":\"https:\/\/hotelli03.domainhotelli.fi\/~lsdoecli\/tuote\/betoniruuvi-tfe-sinkitty-kuusiokanta-eta\/#breadcrumb\",\"itemListElement\":[{\"@type\":\"ListItem\",\"position\":1,\"name\":\"Etusivu\",\"item\":\"https:\/\/hotelli03.domainhotelli.fi\/~lsdoecli\/\"},{\"@type\":\"ListItem\",\"position\":2,\"name\":\"Kauppa\",\"item\":\"https:\/\/hotelli03.domainhotelli.fi\/~lsdoecli\/kauppa\/\"},{\"@type\":\"ListItem\",\"position\":3,\"name\":\"Betoniruuvi Index TFE sinkitty kuusiokanta ETA\"}]},{\"@type\":\"PostalAddress\",\"@id\":\"https:\/\/hotelli03.domainhotelli.fi\/~lsdoecli\/tuote\/betoniruuvi-tfe-sinkitty-kuusiokanta-eta\/#local-main-place-address\",\"streetAddress\":\"Pyymosantie 5a\",\"addressLocality\":\"Vantaa\",\"postalCode\":\"01720\",\"addressCountry\":\"FI\"},{\"@type\":\"ImageObject\",\"inLanguage\":\"fi\",\"@id\":\"https:\/\/hotelli03.domainhotelli.fi\/~lsdoecli\/tuote\/betoniruuvi-tfe-sinkitty-kuusiokanta-eta\/#local-main-organization-logo\",\"url\":\"https:\/\/hotelli03.domainhotelli.fi\/~lsdoecli\/wp-content\/uploads\/2021\/08\/JVTuonti_logo_nelio.jpg\",\"contentUrl\":\"https:\/\/hotelli03.domainhotelli.fi\/~lsdoecli\/wp-content\/uploads\/2021\/08\/JVTuonti_logo_nelio.jpg\",\"width\":550,\"height\":550,\"caption\":\"JV Tuonti Oy\"}]}<\/script>\n<meta property=\"og:video\" content=\"https:\/\/www.youtube.com\/embed\/lRQWeQSTTn0\" \/>\n<meta property=\"og:video:type\" content=\"text\/html\" \/>\n<meta property=\"og:video:duration\" content=\"194\" \/>\n<meta property=\"og:video:width\" content=\"480\" \/>\n<meta property=\"og:video:height\" content=\"270\" \/>\n<meta property=\"ya:ovs:adult\" content=\"false\" \/>\n<meta property=\"ya:ovs:upload_date\" content=\"2021-05-18T12:25:19+00:00\" \/>\n<meta property=\"ya:ovs:allow_embed\" content=\"true\" \/>\n<meta property=\"og:availability\" content=\"instock\" \/>\n<meta property=\"product:availability\" content=\"instock\" \/>\n<meta property=\"product:condition\" content=\"new\" \/>\n<meta name=\"geo.placename\" content=\"Vantaa\" \/>\n<meta name=\"geo.position\" content=\"60.28431;24.81654\" \/>\n<meta name=\"geo.region\" content=\"Suomi\" \/>\n<!-- \/ Yoast SEO Premium plugin. -->","yoast_head_json":{"title":"Betoniruuvi Index TFE sinkitty kuusiokanta ETA | JV Tuonti","description":"Betoniruuvi Index TFE kuusiokanta laipallinen. Itseporautuva betoniruuvi sis\u00e4k\u00e4ytt\u00f6\u00f6n CE merkint\u00e4 ja ETA hyv\u00e4ksynt\u00e4. Tilaa t\u00e4st\u00e4!","robots":{"index":"index","follow":"follow","max-snippet":"max-snippet:-1","max-image-preview":"max-image-preview:large","max-video-preview":"max-video-preview:-1"},"canonical":"https:\/\/hotelli03.domainhotelli.fi\/~lsdoecli\/tuote\/betoniruuvi-tfe-sinkitty-kuusiokanta-eta\/","og_locale":"fi_FI","og_type":"article","og_title":"Betoniruuvi Index TFE sinkitty kuusiokanta ETA","og_description":"Betoniruuvi Index TFE kuusiokanta laipallinen. Itseporautuva betoniruuvi sis\u00e4k\u00e4ytt\u00f6\u00f6n CE merkint\u00e4 ja ETA hyv\u00e4ksynt\u00e4. Tilaa t\u00e4st\u00e4!","og_url":"https:\/\/hotelli03.domainhotelli.fi\/~lsdoecli\/tuote\/betoniruuvi-tfe-sinkitty-kuusiokanta-eta\/","og_site_name":"JV Tuonti","article_publisher":"https:\/\/www.facebook.com\/JVTuontiOy","article_modified_time":"2022-05-17T17:10:56+00:00","og_image":[{"width":1500,"height":1500,"url":"https:\/\/hotelli03.domainhotelli.fi\/~lsdoecli\/wp-content\/uploads\/2021\/05\/Betoniruuvi_tfe_sinkitty.jpg","type":"image\/jpeg"}],"twitter_card":"summary_large_image","twitter_misc":{"Availability":"In stock"},"schema":{"@context":"https:\/\/schema.org","@graph":[{"@type":["Organization","Place","WholesaleStore"],"@id":"https:\/\/hotelli03.domainhotelli.fi\/~lsdoecli\/#organization","name":"JV Tuonti Oy","url":"https:\/\/hotelli03.domainhotelli.fi\/~lsdoecli\/","sameAs":["https:\/\/instagram.com\/jvtuontioy?utm_medium=copy_link","https:\/\/www.facebook.com\/JVTuontiOy"],"logo":{"@id":"https:\/\/hotelli03.domainhotelli.fi\/~lsdoecli\/tuote\/betoniruuvi-tfe-sinkitty-kuusiokanta-eta\/#local-main-organization-logo"},"image":{"@id":"https:\/\/hotelli03.domainhotelli.fi\/~lsdoecli\/tuote\/betoniruuvi-tfe-sinkitty-kuusiokanta-eta\/#local-main-organization-logo"},"address":{"@id":"https:\/\/hotelli03.domainhotelli.fi\/~lsdoecli\/tuote\/betoniruuvi-tfe-sinkitty-kuusiokanta-eta\/#local-main-place-address"},"geo":{"@type":"GeoCoordinates","latitude":"60.28431","longitude":"24.81654"},"telephone":["0408369980"],"openingHoursSpecification":[{"@type":"OpeningHoursSpecification","dayOfWeek":["Monday","Tuesday","Wednesday","Thursday","Friday"],"opens":"08:00","closes":"16:00"},{"@type":"OpeningHoursSpecification","dayOfWeek":["Saturday","Sunday"],"opens":"00:00","closes":"00:00"}],"email":"myynti@hotelli03.domainhotelli.fi","areaServed":"Suomi, Ruotsi","vatID":"FI30178387","priceRange":"$$","currenciesAccepted":"\u20ac","paymentAccepted":"Lasku, pankkikortti"},{"@type":"WebSite","@id":"https:\/\/hotelli03.domainhotelli.fi\/~lsdoecli\/#website","url":"https:\/\/hotelli03.domainhotelli.fi\/~lsdoecli\/","name":"JV Tuonti","description":"JV Tuonti Oy:n verkkokauppa","publisher":{"@id":"https:\/\/hotelli03.domainhotelli.fi\/~lsdoecli\/#organization"},"potentialAction":[{"@type":"SearchAction","target":{"@type":"EntryPoint","urlTemplate":"https:\/\/hotelli03.domainhotelli.fi\/~lsdoecli\/?s={search_term_string}"},"query-input":"required name=search_term_string"}],"inLanguage":"fi"},{"@type":"ImageObject","inLanguage":"fi","@id":"https:\/\/hotelli03.domainhotelli.fi\/~lsdoecli\/tuote\/betoniruuvi-tfe-sinkitty-kuusiokanta-eta\/#primaryimage","url":"https:\/\/hotelli03.domainhotelli.fi\/~lsdoecli\/wp-content\/uploads\/2021\/05\/Betoniruuvi_tfe_sinkitty.jpg","contentUrl":"https:\/\/hotelli03.domainhotelli.fi\/~lsdoecli\/wp-content\/uploads\/2021\/05\/Betoniruuvi_tfe_sinkitty.jpg","width":1500,"height":1500,"caption":"Betoniruuvi Index TFE sinkitty Kuusiokanta ETA, CE"},{"@type":"WebPage","@id":"https:\/\/hotelli03.domainhotelli.fi\/~lsdoecli\/tuote\/betoniruuvi-tfe-sinkitty-kuusiokanta-eta\/","url":"https:\/\/hotelli03.domainhotelli.fi\/~lsdoecli\/tuote\/betoniruuvi-tfe-sinkitty-kuusiokanta-eta\/","name":"Betoniruuvi Index TFE sinkitty kuusiokanta ETA | JV Tuonti","isPartOf":{"@id":"https:\/\/hotelli03.domainhotelli.fi\/~lsdoecli\/#website"},"primaryImageOfPage":{"@id":"https:\/\/hotelli03.domainhotelli.fi\/~lsdoecli\/tuote\/betoniruuvi-tfe-sinkitty-kuusiokanta-eta\/#primaryimage"},"datePublished":"2021-05-18T12:25:19+00:00","dateModified":"2022-05-17T17:10:56+00:00","description":"Betoniruuvi Index TFE kuusiokanta laipallinen. Itseporautuva betoniruuvi sis\u00e4k\u00e4ytt\u00f6\u00f6n CE merkint\u00e4 ja ETA hyv\u00e4ksynt\u00e4. Tilaa t\u00e4st\u00e4!","breadcrumb":{"@id":"https:\/\/hotelli03.domainhotelli.fi\/~lsdoecli\/tuote\/betoniruuvi-tfe-sinkitty-kuusiokanta-eta\/#breadcrumb"},"inLanguage":"fi","potentialAction":[{"@type":"ReadAction","target":["https:\/\/hotelli03.domainhotelli.fi\/~lsdoecli\/tuote\/betoniruuvi-tfe-sinkitty-kuusiokanta-eta\/"]}]},{"@type":"BreadcrumbList","@id":"https:\/\/hotelli03.domainhotelli.fi\/~lsdoecli\/tuote\/betoniruuvi-tfe-sinkitty-kuusiokanta-eta\/#breadcrumb","itemListElement":[{"@type":"ListItem","position":1,"name":"Etusivu","item":"https:\/\/hotelli03.domainhotelli.fi\/~lsdoecli\/"},{"@type":"ListItem","position":2,"name":"Kauppa","item":"https:\/\/hotelli03.domainhotelli.fi\/~lsdoecli\/kauppa\/"},{"@type":"ListItem","position":3,"name":"Betoniruuvi Index TFE sinkitty kuusiokanta ETA"}]},{"@type":"PostalAddress","@id":"https:\/\/hotelli03.domainhotelli.fi\/~lsdoecli\/tuote\/betoniruuvi-tfe-sinkitty-kuusiokanta-eta\/#local-main-place-address","streetAddress":"Pyymosantie 5a","addressLocality":"Vantaa","postalCode":"01720","addressCountry":"FI"},{"@type":"ImageObject","inLanguage":"fi","@id":"https:\/\/hotelli03.domainhotelli.fi\/~lsdoecli\/tuote\/betoniruuvi-tfe-sinkitty-kuusiokanta-eta\/#local-main-organization-logo","url":"https:\/\/hotelli03.domainhotelli.fi\/~lsdoecli\/wp-content\/uploads\/2021\/08\/JVTuonti_logo_nelio.jpg","contentUrl":"https:\/\/hotelli03.domainhotelli.fi\/~lsdoecli\/wp-content\/uploads\/2021\/08\/JVTuonti_logo_nelio.jpg","width":550,"height":550,"caption":"JV Tuonti Oy"}]},"og_video":"https:\/\/www.youtube.com\/embed\/lRQWeQSTTn0","og_video_type":"text\/html","og_video_duration":"194","og_video_width":"480","og_video_height":"270","ya_ovs_adult":"false","ya_ovs_upload_date":"2021-05-18T12:25:19+00:00","ya_ovs_allow_embed":"true","og_availability":"instock","product_availability":"instock","product_condition":"new","geo.placename":"Vantaa","geo.position":{"lat":"60.28431","long":"24.81654"},"geo.region":"Suomi"},"_links":{"self":[{"href":"https:\/\/hotelli03.domainhotelli.fi\/~lsdoecli\/wp-json\/wp\/v2\/product\/4454"}],"collection":[{"href":"https:\/\/hotelli03.domainhotelli.fi\/~lsdoecli\/wp-json\/wp\/v2\/product"}],"about":[{"href":"https:\/\/hotelli03.domainhotelli.fi\/~lsdoecli\/wp-json\/wp\/v2\/types\/product"}],"replies":[{"embeddable":true,"href":"https:\/\/hotelli03.domainhotelli.fi\/~lsdoecli\/wp-json\/wp\/v2\/comments?post=4454"}],"wp:featuredmedia":[{"embeddable":true,"href":"https:\/\/hotelli03.domainhotelli.fi\/~lsdoecli\/wp-json\/wp\/v2\/media\/4510"}],"wp:attachment":[{"href":"https:\/\/hotelli03.domainhotelli.fi\/~lsdoecli\/wp-json\/wp\/v2\/media?parent=4454"}],"wp:term":[{"taxonomy":"product_cat","embeddable":true,"href":"https:\/\/hotelli03.domainhotelli.fi\/~lsdoecli\/wp-json\/wp\/v2\/product_cat?post=4454"},{"taxonomy":"product_tag","embeddable":true,"href":"https:\/\/hotelli03.domainhotelli.fi\/~lsdoecli\/wp-json\/wp\/v2\/product_tag?post=4454"}],"curies":[{"name":"wp","href":"https:\/\/api.w.org\/{rel}","templated":true}]}}