{"id":4303,"date":"2021-05-17T11:54:28","date_gmt":"2021-05-17T11:54:28","guid":{"rendered":"https:\/\/hotelli03.domainhotelli.fi\/~lsdoecli\/woocommerce\/?post_type=product&#038;p=4303"},"modified":"2021-12-10T03:27:15","modified_gmt":"2021-12-10T03:27:15","slug":"tehokas-otsalamppu-jvt-ultimate-survivor-1200-lumen","status":"publish","type":"product","link":"https:\/\/hotelli03.domainhotelli.fi\/~lsdoecli\/tuote\/tehokas-otsalamppu-jvt-ultimate-survivor-1200-lumen\/","title":{"rendered":"Tehokas otsalamppu JVT Ultimate Survivor 1200 lm pitk\u00e4 kantama 200 m"},"content":{"rendered":"<p>&nbsp;<\/p>\n<h1>Tehokas otsalamppu JVT Ultimate Survivor 1200 lm pitk\u00e4 kantama 200 m<\/h1>\n<p>&nbsp;<\/p>\n<p><a href=\"https:\/\/hotelli03.domainhotelli.fi\/~lsdoecli\/wp-content\/uploads\/2021\/05\/otsalamppu-led-p50.jpg\"><img loading=\"lazy\" class=\"alignnone wp-image-7761 size-full\" src=\"https:\/\/hotelli03.domainhotelli.fi\/~lsdoecli\/wp-content\/uploads\/2021\/05\/otsalamppu-led-p50.jpg\" alt=\"Otsalamppu JVT ultimate survivor 1200 lumen\" width=\"427\" height=\"640\" srcset=\"https:\/\/hotelli03.domainhotelli.fi\/~lsdoecli\/wp-content\/uploads\/2021\/05\/otsalamppu-led-p50.jpg 427w, https:\/\/hotelli03.domainhotelli.fi\/~lsdoecli\/wp-content\/uploads\/2021\/05\/otsalamppu-led-p50-400x600.jpg 400w\" sizes=\"(max-width: 427px) 100vw, 427px\" \/><\/a><\/p>\n<p>Tehokkaassa otsalampussa on zoom toiminto, jolla saat kohdistettua valaisimen valokeilan tarkkaan haluttuun paikkaan. Valokeilaa saa kavennettu pistem\u00e4iseksi valoksi, tai laajennettua laajemmaksi tilanteen mukaisesti. Zoom toiminta on eritt\u00e4in k\u00e4yt\u00e4nn\u00f6llinen ty\u00f6maa olosuhteissa, kun valokeila halutaan kohdentaa tiettyyn pisteeseen tai otsalamppua k\u00e4ytet\u00e4\u00e4n hakuvalona.<\/p>\n<p>Valokeilan saa s\u00e4\u00e4detty\u00e4 helposti 90 asteen kulmassa alasp\u00e4in tai yl\u00f6sp\u00e4in, mist\u00e4 on hy\u00f6ty\u00e4 ty\u00f6maalla tai pime\u00e4ll\u00e4 mets\u00e4polulla kun haluat n\u00e4hd\u00e4 minne astut. Valasisin antaa valoa, juuri silloin kun tarvitset sit\u00e4 ja juuri\u00a0sinne minne haluatkin.<\/p>\n<p>JVT Ultimate Survivor otsalamppu on erinomainen valaisin, kun haet eri k\u00e4ytt\u00f6tarkoituksiin soveltuvaa tehokasta otsalamppua. Pitk\u00e4n 200 metrin kantaman ja pitk\u00e4n 4 tunnin akunkeston ansiosta t\u00e4m\u00e4 valaisin soveltuu niin ty\u00f6k\u00e4ytt\u00f6\u00f6n, kuin vapaa-ajan harrastuksiin. Pitk\u00e4n akun keston ansiosta Ultimate Survivor tehokas otsalamppu on erinomainen vaeltajan otsalamppu, jonka akut kest\u00e4vv\u00e4t my\u00f6s pidemmill\u00e4 vaelluksilla.<\/p>\n<p>Asiakkaat ovat ostaneet JVT Ultimate Survivor otsalampun ty\u00f6maak\u00e4ytt\u00f6\u00f6n, autohuoltoon, patikointiin, telttailuun, kiipeilyyn, vaeltamiseen, py\u00f6r\u00e4ilyyn, m\u00f6kkeilyyn ja mets\u00e4stykseen. Tehonsa n\u00e4hden t\u00e4m\u00e4 on tosi edullinen tehokas otsalamppu.<\/p>\n<p>T\u00e4ss\u00e4 ladattavassa tehokkaassa otsalampussa kolme tehotilaa, jotka saa helposti vaihdettua k\u00e4ytt\u00f6kytkint\u00e4 painamalla:<\/p>\n<ul>\n<li>maksimi valoteho 1200 lumenia, maksimik\u00e4ytt\u00e4aika t\u00e4ydell\u00e4 teholla 4 tuntia<\/li>\n<li>low mode valoteho 300 lumenia, maksimik\u00e4ytt\u00f6aika 8 tuntia<\/li>\n<li>strobe mode 1000 lumenia<\/li>\n<\/ul>\n<p>Otsavalon suojausluokka on IP44. <a href=\"https:\/\/stek.fi\/perustietoa-sahkosta\/sahkojarjestelmat\/ip-luokitus\/\">Suojausluokka IP44<\/a> tarkoittaa, ett\u00e4 otsalamppu on roiskesuojattu.<\/p>\n<p>JVT Ultimate survivor tehokas otsalamppu toimii kolmella ladattavilla 18650 Li-ion paristoilla, mitk\u00e4 takaavat pitk\u00e4n k\u00e4ytt\u00f6ajan. Paristojen lataus tapahtuu pakkauksen mukana tulevassa USB-C latausjohdon avulla. Latauksen aikana otsalampussa palaa punainen merkkivalo, joka muuttuu vihre\u00e4ksi, kun akut on ladattu t\u00e4yteen.<\/p>\n<p>Ultimate Survivor otsavalaisin k\u00e4ytt\u00e4\u00e4 Led Cree XHP50 polttimoita, joilla on jopa 2 kertaa kirkkaampi valoteho, kun tavanomaisilla LED polttimoilla. T\u00e4m\u00e4n eron huomaa selke\u00e4sti valaisimen k\u00e4yt\u00f6ss\u00e4.<\/p>\n<h2>Tehokas otsalamppu JVT Ultimate survivor 1200 lumen tekniset tiedot<\/h2>\n<ul>\n<li>Valmistaja: JVT<\/li>\n<li>Tuotteen EAN koodi:<\/li>\n<li>Malli: Ultimate Survivor 1200 lumen<\/li>\n<li>Maksimivaloteho: 1200 lumen<\/li>\n<li>Maksimi kantama: 200 m<\/li>\n<li>Ladattavat akut: 3 x 18650 Li-ion akku<\/li>\n<li>Akkujen kesto: 4 tuntia t\u00e4ydell\u00e4 teholla<\/li>\n<li>Led: Cree XHP 50<\/li>\n<li>Paino paristojen kanssa: 360 g<\/li>\n<li>Materiaali: Alumiinirunko<\/li>\n<li>IP suojaus: IP44<\/li>\n<li>Takuu: 1 vuosi<\/li>\n<\/ul>\n<p>&nbsp;<\/p>\n<p><a href=\"https:\/\/hotelli03.domainhotelli.fi\/~lsdoecli\/wp-content\/uploads\/2021\/05\/JVTOtsalamppu-tiedot.png\"><img loading=\"lazy\" class=\"alignnone size-medium wp-image-4306\" src=\"https:\/\/hotelli03.domainhotelli.fi\/~lsdoecli\/wp-content\/uploads\/2021\/05\/JVTOtsalamppu-tiedot-300x102.png\" alt=\"\" width=\"300\" height=\"102\" \/><\/a><\/p>\n","protected":false},"excerpt":{"rendered":"<ul>\n<li>ladattava otsalamppu JVT Ultimate Survivor 1200 lumen akulla<\/li>\n<li>tehokas valokeila, zoom toiminto<\/li>\n<li>huikea 200 metrin kantama<\/li>\n<li>huikea akun kesto t\u00e4ydell\u00e4 teholla, jopa 4 tuntia<\/li>\n<li>tosi hyv\u00e4 ja edullinen otsalamppu, asiakkaiden suosikki<\/li>\n<\/ul>\n<p>&nbsp;<\/p>\n","protected":false},"featured_media":4304,"comment_status":"open","ping_status":"closed","template":"","meta":[],"product_cat":[235],"product_tag":[238,227,224,225],"yoast_head":"<!-- This site is optimized with the Yoast SEO Premium plugin v18.9 (Yoast SEO v19.3) - https:\/\/yoast.com\/wordpress\/plugins\/seo\/ -->\n<title>Tehokas otsalamppu JVT Ultimate Survivor 1200 lm pitk\u00e4 kantama 200 m | JV Tuonti<\/title>\n<meta name=\"description\" content=\"Tehokas otsalamppu JVT Ultimate Survivor 1200 lm akulla, zoom toiminto ja huikealla 200 metrin kantamalla. Nappaa tehokas otsalamppu t\u00e4st\u00e4!\" \/>\n<meta name=\"robots\" content=\"index, follow, max-snippet:-1, max-image-preview:large, max-video-preview:-1\" \/>\n<link rel=\"canonical\" href=\"https:\/\/hotelli03.domainhotelli.fi\/~lsdoecli\/tuote\/tehokas-otsalamppu-jvt-ultimate-survivor-1200-lumen\/\" \/>\n<meta property=\"og:locale\" content=\"fi_FI\" \/>\n<meta property=\"og:type\" content=\"article\" \/>\n<meta property=\"og:title\" content=\"Tehokas otsalamppu JVT Ultimate Survivor 1200 lm pitk\u00e4 kantama 200 m\" \/>\n<meta property=\"og:description\" content=\"Tehokas otsalamppu JVT Ultimate Survivor 1200 lm akulla, zoom toiminto ja huikealla 200 metrin kantamalla. Nappaa tehokas otsalamppu t\u00e4st\u00e4!\" \/>\n<meta property=\"og:url\" content=\"https:\/\/hotelli03.domainhotelli.fi\/~lsdoecli\/tuote\/tehokas-otsalamppu-jvt-ultimate-survivor-1200-lumen\/\" \/>\n<meta property=\"og:site_name\" content=\"JV Tuonti\" \/>\n<meta property=\"article:publisher\" content=\"https:\/\/www.facebook.com\/JVTuontiOy\" \/>\n<meta property=\"article:modified_time\" content=\"2021-12-10T03:27:15+00:00\" \/>\n<meta property=\"og:image\" content=\"https:\/\/hotelli03.domainhotelli.fi\/~lsdoecli\/wp-content\/uploads\/2021\/05\/Otsalamppu-JVT.jpeg\" \/>\n\t<meta property=\"og:image:width\" content=\"480\" \/>\n\t<meta property=\"og:image:height\" content=\"480\" \/>\n\t<meta property=\"og:image:type\" content=\"image\/jpeg\" \/>\n<meta name=\"twitter:card\" content=\"summary_large_image\" \/>\n<meta name=\"twitter:label1\" content=\"Price\" \/>\n\t<meta name=\"twitter:data1\" content=\"52,08&nbsp;&euro; Alv 24%N\u00e4yt\u00e4 veroton hinta42,00&nbsp;&euro; Alv 0%N\u00e4yt\u00e4 verollinen hinta\" \/>\n\t<meta name=\"twitter:label2\" content=\"Availability\" \/>\n\t<meta name=\"twitter:data2\" content=\"In stock\" \/>\n<script type=\"application\/ld+json\" class=\"yoast-schema-graph\">{\"@context\":\"https:\/\/schema.org\",\"@graph\":[{\"@type\":[\"Organization\",\"Place\",\"WholesaleStore\"],\"@id\":\"https:\/\/hotelli03.domainhotelli.fi\/~lsdoecli\/#organization\",\"name\":\"JV Tuonti Oy\",\"url\":\"https:\/\/hotelli03.domainhotelli.fi\/~lsdoecli\/\",\"sameAs\":[\"https:\/\/instagram.com\/jvtuontioy?utm_medium=copy_link\",\"https:\/\/www.facebook.com\/JVTuontiOy\"],\"logo\":{\"@id\":\"https:\/\/hotelli03.domainhotelli.fi\/~lsdoecli\/tuote\/tehokas-otsalamppu-jvt-ultimate-survivor-1200-lumen\/#local-main-organization-logo\"},\"image\":{\"@id\":\"https:\/\/hotelli03.domainhotelli.fi\/~lsdoecli\/tuote\/tehokas-otsalamppu-jvt-ultimate-survivor-1200-lumen\/#local-main-organization-logo\"},\"address\":{\"@id\":\"https:\/\/hotelli03.domainhotelli.fi\/~lsdoecli\/tuote\/tehokas-otsalamppu-jvt-ultimate-survivor-1200-lumen\/#local-main-place-address\"},\"geo\":{\"@type\":\"GeoCoordinates\",\"latitude\":\"60.28431\",\"longitude\":\"24.81654\"},\"telephone\":[\"0408369980\"],\"openingHoursSpecification\":[{\"@type\":\"OpeningHoursSpecification\",\"dayOfWeek\":[\"Monday\",\"Tuesday\",\"Wednesday\",\"Thursday\",\"Friday\"],\"opens\":\"08:00\",\"closes\":\"16:00\"},{\"@type\":\"OpeningHoursSpecification\",\"dayOfWeek\":[\"Saturday\",\"Sunday\"],\"opens\":\"00:00\",\"closes\":\"00:00\"}],\"email\":\"myynti@hotelli03.domainhotelli.fi\",\"areaServed\":\"Suomi, Ruotsi\",\"vatID\":\"FI30178387\",\"priceRange\":\"$$\",\"currenciesAccepted\":\"\u20ac\",\"paymentAccepted\":\"Lasku, pankkikortti\"},{\"@type\":\"WebSite\",\"@id\":\"https:\/\/hotelli03.domainhotelli.fi\/~lsdoecli\/#website\",\"url\":\"https:\/\/hotelli03.domainhotelli.fi\/~lsdoecli\/\",\"name\":\"JV Tuonti\",\"description\":\"JV Tuonti Oy:n verkkokauppa\",\"publisher\":{\"@id\":\"https:\/\/hotelli03.domainhotelli.fi\/~lsdoecli\/#organization\"},\"potentialAction\":[{\"@type\":\"SearchAction\",\"target\":{\"@type\":\"EntryPoint\",\"urlTemplate\":\"https:\/\/hotelli03.domainhotelli.fi\/~lsdoecli\/?s={search_term_string}\"},\"query-input\":\"required name=search_term_string\"}],\"inLanguage\":\"fi\"},{\"@type\":\"ImageObject\",\"inLanguage\":\"fi\",\"@id\":\"https:\/\/hotelli03.domainhotelli.fi\/~lsdoecli\/tuote\/tehokas-otsalamppu-jvt-ultimate-survivor-1200-lumen\/#primaryimage\",\"url\":\"https:\/\/hotelli03.domainhotelli.fi\/~lsdoecli\/wp-content\/uploads\/2021\/05\/Otsalamppu-JVT.jpeg\",\"contentUrl\":\"https:\/\/hotelli03.domainhotelli.fi\/~lsdoecli\/wp-content\/uploads\/2021\/05\/Otsalamppu-JVT.jpeg\",\"width\":480,\"height\":480,\"caption\":\"JVT ultimate survivor otsalamppu 1200 lumen zoom\"},{\"@type\":\"WebPage\",\"@id\":\"https:\/\/hotelli03.domainhotelli.fi\/~lsdoecli\/tuote\/tehokas-otsalamppu-jvt-ultimate-survivor-1200-lumen\/\",\"url\":\"https:\/\/hotelli03.domainhotelli.fi\/~lsdoecli\/tuote\/tehokas-otsalamppu-jvt-ultimate-survivor-1200-lumen\/\",\"name\":\"Tehokas otsalamppu JVT Ultimate Survivor 1200 lm pitk\u00e4 kantama 200 m | JV Tuonti\",\"isPartOf\":{\"@id\":\"https:\/\/hotelli03.domainhotelli.fi\/~lsdoecli\/#website\"},\"primaryImageOfPage\":{\"@id\":\"https:\/\/hotelli03.domainhotelli.fi\/~lsdoecli\/tuote\/tehokas-otsalamppu-jvt-ultimate-survivor-1200-lumen\/#primaryimage\"},\"datePublished\":\"2021-05-17T11:54:28+00:00\",\"dateModified\":\"2021-12-10T03:27:15+00:00\",\"description\":\"Tehokas otsalamppu JVT Ultimate Survivor 1200 lm akulla, zoom toiminto ja huikealla 200 metrin kantamalla. Nappaa tehokas otsalamppu t\u00e4st\u00e4!\",\"breadcrumb\":{\"@id\":\"https:\/\/hotelli03.domainhotelli.fi\/~lsdoecli\/tuote\/tehokas-otsalamppu-jvt-ultimate-survivor-1200-lumen\/#breadcrumb\"},\"inLanguage\":\"fi\",\"potentialAction\":[{\"@type\":\"ReadAction\",\"target\":[\"https:\/\/hotelli03.domainhotelli.fi\/~lsdoecli\/tuote\/tehokas-otsalamppu-jvt-ultimate-survivor-1200-lumen\/\"]}]},{\"@type\":\"BreadcrumbList\",\"@id\":\"https:\/\/hotelli03.domainhotelli.fi\/~lsdoecli\/tuote\/tehokas-otsalamppu-jvt-ultimate-survivor-1200-lumen\/#breadcrumb\",\"itemListElement\":[{\"@type\":\"ListItem\",\"position\":1,\"name\":\"Etusivu\",\"item\":\"https:\/\/hotelli03.domainhotelli.fi\/~lsdoecli\/\"},{\"@type\":\"ListItem\",\"position\":2,\"name\":\"Kauppa\",\"item\":\"https:\/\/hotelli03.domainhotelli.fi\/~lsdoecli\/kauppa\/\"},{\"@type\":\"ListItem\",\"position\":3,\"name\":\"Tehokas otsalamppu JVT Ultimate Survivor 1200 lm pitk\u00e4 kantama 200 m\"}]},{\"@type\":\"PostalAddress\",\"@id\":\"https:\/\/hotelli03.domainhotelli.fi\/~lsdoecli\/tuote\/tehokas-otsalamppu-jvt-ultimate-survivor-1200-lumen\/#local-main-place-address\",\"streetAddress\":\"Pyymosantie 5a\",\"addressLocality\":\"Vantaa\",\"postalCode\":\"01720\",\"addressCountry\":\"FI\"},{\"@type\":\"ImageObject\",\"inLanguage\":\"fi\",\"@id\":\"https:\/\/hotelli03.domainhotelli.fi\/~lsdoecli\/tuote\/tehokas-otsalamppu-jvt-ultimate-survivor-1200-lumen\/#local-main-organization-logo\",\"url\":\"https:\/\/hotelli03.domainhotelli.fi\/~lsdoecli\/wp-content\/uploads\/2021\/08\/JVTuonti_logo_nelio.jpg\",\"contentUrl\":\"https:\/\/hotelli03.domainhotelli.fi\/~lsdoecli\/wp-content\/uploads\/2021\/08\/JVTuonti_logo_nelio.jpg\",\"width\":550,\"height\":550,\"caption\":\"JV Tuonti Oy\"}]}<\/script>\n<meta property=\"product:brand\" content=\"JVT\" \/>\n<meta property=\"product:price:amount\" content=\"52.08\" \/>\n<meta property=\"product:price:currency\" content=\"EUR\" \/>\n<meta property=\"og:availability\" content=\"instock\" \/>\n<meta property=\"product:availability\" content=\"instock\" \/>\n<meta property=\"product:retailer_item_id\" content=\"JVTUS1\" \/>\n<meta property=\"product:condition\" content=\"new\" \/>\n<meta name=\"geo.placename\" content=\"Vantaa\" \/>\n<meta name=\"geo.position\" content=\"60.28431;24.81654\" \/>\n<meta name=\"geo.region\" content=\"Suomi\" \/>\n<!-- \/ Yoast SEO Premium plugin. -->","yoast_head_json":{"title":"Tehokas otsalamppu JVT Ultimate Survivor 1200 lm pitk\u00e4 kantama 200 m | JV Tuonti","description":"Tehokas otsalamppu JVT Ultimate Survivor 1200 lm akulla, zoom toiminto ja huikealla 200 metrin kantamalla. Nappaa tehokas otsalamppu t\u00e4st\u00e4!","robots":{"index":"index","follow":"follow","max-snippet":"max-snippet:-1","max-image-preview":"max-image-preview:large","max-video-preview":"max-video-preview:-1"},"canonical":"https:\/\/hotelli03.domainhotelli.fi\/~lsdoecli\/tuote\/tehokas-otsalamppu-jvt-ultimate-survivor-1200-lumen\/","og_locale":"fi_FI","og_type":"article","og_title":"Tehokas otsalamppu JVT Ultimate Survivor 1200 lm pitk\u00e4 kantama 200 m","og_description":"Tehokas otsalamppu JVT Ultimate Survivor 1200 lm akulla, zoom toiminto ja huikealla 200 metrin kantamalla. Nappaa tehokas otsalamppu t\u00e4st\u00e4!","og_url":"https:\/\/hotelli03.domainhotelli.fi\/~lsdoecli\/tuote\/tehokas-otsalamppu-jvt-ultimate-survivor-1200-lumen\/","og_site_name":"JV Tuonti","article_publisher":"https:\/\/www.facebook.com\/JVTuontiOy","article_modified_time":"2021-12-10T03:27:15+00:00","og_image":[{"width":480,"height":480,"url":"https:\/\/hotelli03.domainhotelli.fi\/~lsdoecli\/wp-content\/uploads\/2021\/05\/Otsalamppu-JVT.jpeg","type":"image\/jpeg"}],"twitter_card":"summary_large_image","twitter_misc":{"Price":"52,08&nbsp;&euro; Alv 24%N\u00e4yt\u00e4 veroton hinta42,00&nbsp;&euro; Alv 0%N\u00e4yt\u00e4 verollinen hinta","Availability":"In stock"},"schema":{"@context":"https:\/\/schema.org","@graph":[{"@type":["Organization","Place","WholesaleStore"],"@id":"https:\/\/hotelli03.domainhotelli.fi\/~lsdoecli\/#organization","name":"JV Tuonti Oy","url":"https:\/\/hotelli03.domainhotelli.fi\/~lsdoecli\/","sameAs":["https:\/\/instagram.com\/jvtuontioy?utm_medium=copy_link","https:\/\/www.facebook.com\/JVTuontiOy"],"logo":{"@id":"https:\/\/hotelli03.domainhotelli.fi\/~lsdoecli\/tuote\/tehokas-otsalamppu-jvt-ultimate-survivor-1200-lumen\/#local-main-organization-logo"},"image":{"@id":"https:\/\/hotelli03.domainhotelli.fi\/~lsdoecli\/tuote\/tehokas-otsalamppu-jvt-ultimate-survivor-1200-lumen\/#local-main-organization-logo"},"address":{"@id":"https:\/\/hotelli03.domainhotelli.fi\/~lsdoecli\/tuote\/tehokas-otsalamppu-jvt-ultimate-survivor-1200-lumen\/#local-main-place-address"},"geo":{"@type":"GeoCoordinates","latitude":"60.28431","longitude":"24.81654"},"telephone":["0408369980"],"openingHoursSpecification":[{"@type":"OpeningHoursSpecification","dayOfWeek":["Monday","Tuesday","Wednesday","Thursday","Friday"],"opens":"08:00","closes":"16:00"},{"@type":"OpeningHoursSpecification","dayOfWeek":["Saturday","Sunday"],"opens":"00:00","closes":"00:00"}],"email":"myynti@hotelli03.domainhotelli.fi","areaServed":"Suomi, Ruotsi","vatID":"FI30178387","priceRange":"$$","currenciesAccepted":"\u20ac","paymentAccepted":"Lasku, pankkikortti"},{"@type":"WebSite","@id":"https:\/\/hotelli03.domainhotelli.fi\/~lsdoecli\/#website","url":"https:\/\/hotelli03.domainhotelli.fi\/~lsdoecli\/","name":"JV Tuonti","description":"JV Tuonti Oy:n verkkokauppa","publisher":{"@id":"https:\/\/hotelli03.domainhotelli.fi\/~lsdoecli\/#organization"},"potentialAction":[{"@type":"SearchAction","target":{"@type":"EntryPoint","urlTemplate":"https:\/\/hotelli03.domainhotelli.fi\/~lsdoecli\/?s={search_term_string}"},"query-input":"required name=search_term_string"}],"inLanguage":"fi"},{"@type":"ImageObject","inLanguage":"fi","@id":"https:\/\/hotelli03.domainhotelli.fi\/~lsdoecli\/tuote\/tehokas-otsalamppu-jvt-ultimate-survivor-1200-lumen\/#primaryimage","url":"https:\/\/hotelli03.domainhotelli.fi\/~lsdoecli\/wp-content\/uploads\/2021\/05\/Otsalamppu-JVT.jpeg","contentUrl":"https:\/\/hotelli03.domainhotelli.fi\/~lsdoecli\/wp-content\/uploads\/2021\/05\/Otsalamppu-JVT.jpeg","width":480,"height":480,"caption":"JVT ultimate survivor otsalamppu 1200 lumen zoom"},{"@type":"WebPage","@id":"https:\/\/hotelli03.domainhotelli.fi\/~lsdoecli\/tuote\/tehokas-otsalamppu-jvt-ultimate-survivor-1200-lumen\/","url":"https:\/\/hotelli03.domainhotelli.fi\/~lsdoecli\/tuote\/tehokas-otsalamppu-jvt-ultimate-survivor-1200-lumen\/","name":"Tehokas otsalamppu JVT Ultimate Survivor 1200 lm pitk\u00e4 kantama 200 m | JV Tuonti","isPartOf":{"@id":"https:\/\/hotelli03.domainhotelli.fi\/~lsdoecli\/#website"},"primaryImageOfPage":{"@id":"https:\/\/hotelli03.domainhotelli.fi\/~lsdoecli\/tuote\/tehokas-otsalamppu-jvt-ultimate-survivor-1200-lumen\/#primaryimage"},"datePublished":"2021-05-17T11:54:28+00:00","dateModified":"2021-12-10T03:27:15+00:00","description":"Tehokas otsalamppu JVT Ultimate Survivor 1200 lm akulla, zoom toiminto ja huikealla 200 metrin kantamalla. Nappaa tehokas otsalamppu t\u00e4st\u00e4!","breadcrumb":{"@id":"https:\/\/hotelli03.domainhotelli.fi\/~lsdoecli\/tuote\/tehokas-otsalamppu-jvt-ultimate-survivor-1200-lumen\/#breadcrumb"},"inLanguage":"fi","potentialAction":[{"@type":"ReadAction","target":["https:\/\/hotelli03.domainhotelli.fi\/~lsdoecli\/tuote\/tehokas-otsalamppu-jvt-ultimate-survivor-1200-lumen\/"]}]},{"@type":"BreadcrumbList","@id":"https:\/\/hotelli03.domainhotelli.fi\/~lsdoecli\/tuote\/tehokas-otsalamppu-jvt-ultimate-survivor-1200-lumen\/#breadcrumb","itemListElement":[{"@type":"ListItem","position":1,"name":"Etusivu","item":"https:\/\/hotelli03.domainhotelli.fi\/~lsdoecli\/"},{"@type":"ListItem","position":2,"name":"Kauppa","item":"https:\/\/hotelli03.domainhotelli.fi\/~lsdoecli\/kauppa\/"},{"@type":"ListItem","position":3,"name":"Tehokas otsalamppu JVT Ultimate Survivor 1200 lm pitk\u00e4 kantama 200 m"}]},{"@type":"PostalAddress","@id":"https:\/\/hotelli03.domainhotelli.fi\/~lsdoecli\/tuote\/tehokas-otsalamppu-jvt-ultimate-survivor-1200-lumen\/#local-main-place-address","streetAddress":"Pyymosantie 5a","addressLocality":"Vantaa","postalCode":"01720","addressCountry":"FI"},{"@type":"ImageObject","inLanguage":"fi","@id":"https:\/\/hotelli03.domainhotelli.fi\/~lsdoecli\/tuote\/tehokas-otsalamppu-jvt-ultimate-survivor-1200-lumen\/#local-main-organization-logo","url":"https:\/\/hotelli03.domainhotelli.fi\/~lsdoecli\/wp-content\/uploads\/2021\/08\/JVTuonti_logo_nelio.jpg","contentUrl":"https:\/\/hotelli03.domainhotelli.fi\/~lsdoecli\/wp-content\/uploads\/2021\/08\/JVTuonti_logo_nelio.jpg","width":550,"height":550,"caption":"JV Tuonti Oy"}]},"product_brand":"JVT","product_price_amount":"52.08","product_price_currency":"EUR","og_availability":"instock","product_availability":"instock","product_retailer_item_id":"JVTUS1","product_condition":"new","geo.placename":"Vantaa","geo.position":{"lat":"60.28431","long":"24.81654"},"geo.region":"Suomi"},"_links":{"self":[{"href":"https:\/\/hotelli03.domainhotelli.fi\/~lsdoecli\/wp-json\/wp\/v2\/product\/4303"}],"collection":[{"href":"https:\/\/hotelli03.domainhotelli.fi\/~lsdoecli\/wp-json\/wp\/v2\/product"}],"about":[{"href":"https:\/\/hotelli03.domainhotelli.fi\/~lsdoecli\/wp-json\/wp\/v2\/types\/product"}],"replies":[{"embeddable":true,"href":"https:\/\/hotelli03.domainhotelli.fi\/~lsdoecli\/wp-json\/wp\/v2\/comments?post=4303"}],"wp:featuredmedia":[{"embeddable":true,"href":"https:\/\/hotelli03.domainhotelli.fi\/~lsdoecli\/wp-json\/wp\/v2\/media\/4304"}],"wp:attachment":[{"href":"https:\/\/hotelli03.domainhotelli.fi\/~lsdoecli\/wp-json\/wp\/v2\/media?parent=4303"}],"wp:term":[{"taxonomy":"product_cat","embeddable":true,"href":"https:\/\/hotelli03.domainhotelli.fi\/~lsdoecli\/wp-json\/wp\/v2\/product_cat?post=4303"},{"taxonomy":"product_tag","embeddable":true,"href":"https:\/\/hotelli03.domainhotelli.fi\/~lsdoecli\/wp-json\/wp\/v2\/product_tag?post=4303"}],"curies":[{"name":"wp","href":"https:\/\/api.w.org\/{rel}","templated":true}]}}