{"id":4275,"date":"2021-05-11T09:58:19","date_gmt":"2021-05-11T09:58:19","guid":{"rendered":"https:\/\/hotelli03.domainhotelli.fi\/~lsdoecli\/woocommerce\/?post_type=product&#038;p=4275"},"modified":"2021-08-10T10:29:25","modified_gmt":"2021-08-10T10:29:25","slug":"reikasaha-133mm-bi-metal-jvt","status":"publish","type":"product","link":"https:\/\/hotelli03.domainhotelli.fi\/~lsdoecli\/tuote\/reikasaha-133mm-bi-metal-jvt\/","title":{"rendered":"Reik\u00e4saha 133mm BI-METAL JVT Premium Tools"},"content":{"rendered":"<h1>Reik\u00e4saha 133 mm bi-metal JVT suoraan verkkokaupasta<\/h1>\n<p>Reik\u00e4saha 133 mm BI-METAL JVT k\u00e4ytet\u00e4\u00e4n reikien ja l\u00e4pivienti reikien tekoa varten esimerkiksi v\u00e4lisein\u00e4- ja alakattot\u00f6iss\u00e4. Rasiaporan k\u00e4ytt\u00f6 nopeuttaa reikien ja l\u00e4pivientien tekoa ja rei\u00e4st\u00e4 tulee kerralla siisti. Kuppiter\u00e4 133mm JVT soveltuu esimerkiksi valaisin reikien, sprinkleri reikien, kaapelireikien, putkireikien jv IV reikien tekoa varten alakattoon ja putkireikien, ilmastointiputkien l\u00e4pivientien ja s\u00e4hk\u00f6reikien (johdotukset, rasiareik\u00e4) tekoa varten seiniss\u00e4.<\/p>\n<h2>Reik\u00e4saha 133 mm bi-metal JVT soveltuvuus eri materiaaleille<\/h2>\n<p>JVT Bi-metalli reik\u00e4sahoissa on k\u00e4\u00e4ntyv\u00e4 hammastus. Reik\u00e4saha soveltuu k\u00e4ytett\u00e4v\u00e4ksi reikien tekoon esimerkiksi seuraavien materiaalien kanssa:<\/p>\n<ul>\n<li>puu<\/li>\n<li>lastulevy<\/li>\n<li>vaneri<\/li>\n<li>obs levy<\/li>\n<li>kipsilevy<\/li>\n<li>muovi<\/li>\n<li>metalli.<\/li>\n<\/ul>\n<h2>N\u00e4in teet rei\u00e4n rasiater\u00e4ll\u00e4<\/h2>\n<p>Varmista ett\u00e4 j\u00e4t\u00e4t rei\u00e4n ymp\u00e4rille riitt\u00e4v\u00e4sti asennusvaraa. Yleisesti reik\u00e4saha koko valitaan muutama millimetri\u00e4 suuremmaksi, kun tarvittu reik\u00e4koko on. Useimmat valaisimet tarvitset hieman isomman asennusrei\u00e4n. Vesiputkien ja IV putkien kohdalla huomioi putken koon lis\u00e4ksi ,putken p\u00e4\u00e4lle tulevan eristeen ja kittauksen tarvitsema tila. S\u00e4hk\u00f6reikien kohdalla s\u00e4hk\u00f6 rasioiden kohdalla valitaan mahdollisemman tiukka reik\u00e4. Johtojen kohdalla l\u00e4pivientirei\u00e4n koko riippuu kaapeleiden m\u00e4\u00e4r\u00e4st\u00e4 ja mahdollisesta kittauksesta tai palokatkosta.<\/p>\n<p>Mittaa ja merkitse reik\u00e4 rakennussuunnitelmien pohjakuvista, tai s\u00e4hk\u00f6kuvista. S\u00e4hk\u00f6asentaja, putkiasenteja ja LVI asentaja merkitsee yleens\u00e4 tarvittavat rei\u00e4t alakattotoihin ja v\u00e4liseiniin. Yksitt\u00e4iset rei\u00e4t on helppo mitata <a href=\"https:\/\/hotelli03.domainhotelli.fi\/~lsdoecli\/tuote\/mittanauha-5-m-vahvalla-mangneetilla\/\">mittanauhalla<\/a>. Merkkaukseen kannattaa k\u00e4ytt\u00e4\u00e4 lyijikyn\u00e4\u00e4 tai <a href=\"https:\/\/hotelli03.domainhotelli.fi\/~lsdoecli\/tuote\/jvt-value-pack-expert-dry-all-in-one-merkkauskyna\/\">merkkauskyn\u00e4\u00e4<\/a>, koska sen j\u00e4ljen saa pyyhitty\u00e4 helposti pois. K\u00e4yt\u00e4 <a href=\"https:\/\/hotelli03.domainhotelli.fi\/~lsdoecli\/tuote\/linjalaser-sc04gc\/\">linjalaseria<\/a>\u00a0apuna, kun merkkaat samassa linjassa olevia valaisinreiki\u00e4 ja muita samassa linjassa olevia reiki\u00e4. Rasiater\u00e4 133 mm JVT voidaan k\u00e4ytt\u00e4\u00e4 porakoneen tai akkuporankoneen kanssa. Akkuporakoneeseen tarvitset rasiater\u00e4n kanssa yhteensopivan <a href=\"https:\/\/hotelli03.domainhotelli.fi\/~lsdoecli\/tuote\/jvt-reikasahan-adapteri-32-152mm\/\">ohjauster\u00e4n<\/a><\/p>\n<h4>Rasiater\u00e4n tiedot<\/h4>\n<p>Kuppiter\u00e4n halkaisija: 133 mm<\/p>\n<p>V\u00e4ri: musta<\/p>\n<p>Materiaali: pitk\u00e4kestoinen HSS ter\u00e4s<\/p>\n<p><a href=\"https:\/\/hotelli03.domainhotelli.fi\/~lsdoecli\/wp-content\/uploads\/2021\/04\/JVT-Reika\u0308saha-ka\u0308ytto\u0308.png\"><img loading=\"lazy\" class=\"alignnone size-medium wp-image-3627\" src=\"https:\/\/hotelli03.domainhotelli.fi\/~lsdoecli\/wp-content\/uploads\/2021\/04\/JVT-Reika\u0308saha-ka\u0308ytto\u0308-300x124.png\" alt=\"Reik\u00e4saha Bi-metal 133 mm k\u00e4ytt\u00f6kohteet\" width=\"300\" height=\"124\" \/><\/a><\/p>\n<p>&nbsp;<\/p>\n","protected":false},"excerpt":{"rendered":"<p>JVT Reik\u00e4saha 133mm BI-METAL H.S.S.<\/p>\n<p>Bimetallireik\u00e4sahoissa on k\u00e4\u00e4ntyv\u00e4 hammastus.<\/p>\n<p>Soveltuu k\u00e4ytett\u00e4v\u00e4ksi esimerkiksi Puu, Muovi ja Metalli.<\/p>\n","protected":false},"featured_media":3697,"comment_status":"open","ping_status":"closed","template":"","meta":[],"product_cat":[326],"product_tag":[333,329,334,332,347,601,602,350,327,600,351,331,330],"yoast_head":"<!-- This site is optimized with the Yoast SEO Premium plugin v18.9 (Yoast SEO v19.3) - https:\/\/yoast.com\/wordpress\/plugins\/seo\/ -->\n<title>Reik\u00e4saha 133mm BI-METAL JVT Premium Tools | JV Tuonti<\/title>\n<meta name=\"description\" content=\"Reik\u00e4saha 133 mm. Nopeat ja siistit rei\u00e4t. Kuppiter\u00e4 puulle, kipsilevylle, vanerille, muoville ja metallille. Tilaa rasiater\u00e4 t\u00e4st\u00e4!\" \/>\n<meta name=\"robots\" content=\"index, follow, max-snippet:-1, max-image-preview:large, max-video-preview:-1\" \/>\n<link rel=\"canonical\" href=\"https:\/\/hotelli03.domainhotelli.fi\/~lsdoecli\/tuote\/reikasaha-133mm-bi-metal-jvt\/\" \/>\n<meta property=\"og:locale\" content=\"fi_FI\" \/>\n<meta property=\"og:type\" content=\"article\" \/>\n<meta property=\"og:title\" content=\"Reik\u00e4saha 133mm BI-METAL JVT Premium Tools\" \/>\n<meta property=\"og:description\" content=\"Reik\u00e4saha 133 mm. Nopeat ja siistit rei\u00e4t. Kuppiter\u00e4 puulle, kipsilevylle, vanerille, muoville ja metallille. Tilaa rasiater\u00e4 t\u00e4st\u00e4!\" \/>\n<meta property=\"og:url\" content=\"https:\/\/hotelli03.domainhotelli.fi\/~lsdoecli\/tuote\/reikasaha-133mm-bi-metal-jvt\/\" \/>\n<meta property=\"og:site_name\" content=\"JV Tuonti\" \/>\n<meta property=\"article:publisher\" content=\"https:\/\/www.facebook.com\/JVTuontiOy\" \/>\n<meta property=\"article:modified_time\" content=\"2021-08-10T10:29:25+00:00\" \/>\n<meta property=\"og:image\" content=\"https:\/\/hotelli03.domainhotelli.fi\/~lsdoecli\/wp-content\/uploads\/2021\/04\/JVT133mmL-scaled.jpg\" \/>\n\t<meta property=\"og:image:width\" content=\"2560\" \/>\n\t<meta property=\"og:image:height\" content=\"2560\" \/>\n\t<meta property=\"og:image:type\" content=\"image\/jpeg\" \/>\n<meta name=\"twitter:card\" content=\"summary_large_image\" \/>\n<meta name=\"twitter:label1\" content=\"Price\" \/>\n\t<meta name=\"twitter:data1\" content=\"29,64&nbsp;&euro; Alv 24%N\u00e4yt\u00e4 veroton hinta23,90&nbsp;&euro; Alv 0%N\u00e4yt\u00e4 verollinen hinta\" \/>\n\t<meta name=\"twitter:label2\" content=\"Availability\" \/>\n\t<meta name=\"twitter:data2\" content=\"In stock\" \/>\n<script type=\"application\/ld+json\" class=\"yoast-schema-graph\">{\"@context\":\"https:\/\/schema.org\",\"@graph\":[{\"@type\":[\"Organization\",\"Place\",\"WholesaleStore\"],\"@id\":\"https:\/\/hotelli03.domainhotelli.fi\/~lsdoecli\/#organization\",\"name\":\"JV Tuonti Oy\",\"url\":\"https:\/\/hotelli03.domainhotelli.fi\/~lsdoecli\/\",\"sameAs\":[\"https:\/\/instagram.com\/jvtuontioy?utm_medium=copy_link\",\"https:\/\/www.facebook.com\/JVTuontiOy\"],\"logo\":{\"@id\":\"https:\/\/hotelli03.domainhotelli.fi\/~lsdoecli\/tuote\/reikasaha-133mm-bi-metal-jvt\/#local-main-organization-logo\"},\"image\":{\"@id\":\"https:\/\/hotelli03.domainhotelli.fi\/~lsdoecli\/tuote\/reikasaha-133mm-bi-metal-jvt\/#local-main-organization-logo\"},\"address\":{\"@id\":\"https:\/\/hotelli03.domainhotelli.fi\/~lsdoecli\/tuote\/reikasaha-133mm-bi-metal-jvt\/#local-main-place-address\"},\"geo\":{\"@type\":\"GeoCoordinates\",\"latitude\":\"60.28431\",\"longitude\":\"24.81654\"},\"telephone\":[\"0408369980\"],\"openingHoursSpecification\":[{\"@type\":\"OpeningHoursSpecification\",\"dayOfWeek\":[\"Monday\",\"Tuesday\",\"Wednesday\",\"Thursday\",\"Friday\"],\"opens\":\"08:00\",\"closes\":\"16:00\"},{\"@type\":\"OpeningHoursSpecification\",\"dayOfWeek\":[\"Saturday\",\"Sunday\"],\"opens\":\"00:00\",\"closes\":\"00:00\"}],\"email\":\"myynti@hotelli03.domainhotelli.fi\",\"areaServed\":\"Suomi, Ruotsi\",\"vatID\":\"FI30178387\",\"priceRange\":\"$$\",\"currenciesAccepted\":\"\u20ac\",\"paymentAccepted\":\"Lasku, pankkikortti\"},{\"@type\":\"WebSite\",\"@id\":\"https:\/\/hotelli03.domainhotelli.fi\/~lsdoecli\/#website\",\"url\":\"https:\/\/hotelli03.domainhotelli.fi\/~lsdoecli\/\",\"name\":\"JV Tuonti\",\"description\":\"JV Tuonti Oy:n verkkokauppa\",\"publisher\":{\"@id\":\"https:\/\/hotelli03.domainhotelli.fi\/~lsdoecli\/#organization\"},\"potentialAction\":[{\"@type\":\"SearchAction\",\"target\":{\"@type\":\"EntryPoint\",\"urlTemplate\":\"https:\/\/hotelli03.domainhotelli.fi\/~lsdoecli\/?s={search_term_string}\"},\"query-input\":\"required name=search_term_string\"}],\"inLanguage\":\"fi\"},{\"@type\":\"ImageObject\",\"inLanguage\":\"fi\",\"@id\":\"https:\/\/hotelli03.domainhotelli.fi\/~lsdoecli\/tuote\/reikasaha-133mm-bi-metal-jvt\/#primaryimage\",\"url\":\"https:\/\/hotelli03.domainhotelli.fi\/~lsdoecli\/wp-content\/uploads\/2021\/04\/JVT133mmL-scaled.jpg\",\"contentUrl\":\"https:\/\/hotelli03.domainhotelli.fi\/~lsdoecli\/wp-content\/uploads\/2021\/04\/JVT133mmL-scaled.jpg\",\"width\":2560,\"height\":2560,\"caption\":\"Reik\u00e4saha JVT 133mm laatikko\"},{\"@type\":\"WebPage\",\"@id\":\"https:\/\/hotelli03.domainhotelli.fi\/~lsdoecli\/tuote\/reikasaha-133mm-bi-metal-jvt\/\",\"url\":\"https:\/\/hotelli03.domainhotelli.fi\/~lsdoecli\/tuote\/reikasaha-133mm-bi-metal-jvt\/\",\"name\":\"Reik\u00e4saha 133mm BI-METAL JVT Premium Tools | JV Tuonti\",\"isPartOf\":{\"@id\":\"https:\/\/hotelli03.domainhotelli.fi\/~lsdoecli\/#website\"},\"primaryImageOfPage\":{\"@id\":\"https:\/\/hotelli03.domainhotelli.fi\/~lsdoecli\/tuote\/reikasaha-133mm-bi-metal-jvt\/#primaryimage\"},\"datePublished\":\"2021-05-11T09:58:19+00:00\",\"dateModified\":\"2021-08-10T10:29:25+00:00\",\"description\":\"Reik\u00e4saha 133 mm. Nopeat ja siistit rei\u00e4t. Kuppiter\u00e4 puulle, kipsilevylle, vanerille, muoville ja metallille. Tilaa rasiater\u00e4 t\u00e4st\u00e4!\",\"breadcrumb\":{\"@id\":\"https:\/\/hotelli03.domainhotelli.fi\/~lsdoecli\/tuote\/reikasaha-133mm-bi-metal-jvt\/#breadcrumb\"},\"inLanguage\":\"fi\",\"potentialAction\":[{\"@type\":\"ReadAction\",\"target\":[\"https:\/\/hotelli03.domainhotelli.fi\/~lsdoecli\/tuote\/reikasaha-133mm-bi-metal-jvt\/\"]}]},{\"@type\":\"BreadcrumbList\",\"@id\":\"https:\/\/hotelli03.domainhotelli.fi\/~lsdoecli\/tuote\/reikasaha-133mm-bi-metal-jvt\/#breadcrumb\",\"itemListElement\":[{\"@type\":\"ListItem\",\"position\":1,\"name\":\"Etusivu\",\"item\":\"https:\/\/hotelli03.domainhotelli.fi\/~lsdoecli\/\"},{\"@type\":\"ListItem\",\"position\":2,\"name\":\"Kauppa\",\"item\":\"https:\/\/hotelli03.domainhotelli.fi\/~lsdoecli\/kauppa\/\"},{\"@type\":\"ListItem\",\"position\":3,\"name\":\"Reik\u00e4saha 133mm BI-METAL JVT Premium Tools\"}]},{\"@type\":\"PostalAddress\",\"@id\":\"https:\/\/hotelli03.domainhotelli.fi\/~lsdoecli\/tuote\/reikasaha-133mm-bi-metal-jvt\/#local-main-place-address\",\"streetAddress\":\"Pyymosantie 5a\",\"addressLocality\":\"Vantaa\",\"postalCode\":\"01720\",\"addressCountry\":\"FI\"},{\"@type\":\"ImageObject\",\"inLanguage\":\"fi\",\"@id\":\"https:\/\/hotelli03.domainhotelli.fi\/~lsdoecli\/tuote\/reikasaha-133mm-bi-metal-jvt\/#local-main-organization-logo\",\"url\":\"https:\/\/hotelli03.domainhotelli.fi\/~lsdoecli\/wp-content\/uploads\/2021\/08\/JVTuonti_logo_nelio.jpg\",\"contentUrl\":\"https:\/\/hotelli03.domainhotelli.fi\/~lsdoecli\/wp-content\/uploads\/2021\/08\/JVTuonti_logo_nelio.jpg\",\"width\":550,\"height\":550,\"caption\":\"JV Tuonti Oy\"}]}<\/script>\n<meta property=\"product:price:amount\" content=\"29.64\" \/>\n<meta property=\"product:price:currency\" content=\"EUR\" \/>\n<meta property=\"og:availability\" content=\"instock\" \/>\n<meta property=\"product:availability\" content=\"instock\" \/>\n<meta property=\"product:retailer_item_id\" content=\"JVTRS133\" \/>\n<meta property=\"product:condition\" content=\"new\" \/>\n<meta name=\"geo.placename\" content=\"Vantaa\" \/>\n<meta name=\"geo.position\" content=\"60.28431;24.81654\" \/>\n<meta name=\"geo.region\" content=\"Suomi\" \/>\n<!-- \/ Yoast SEO Premium plugin. -->","yoast_head_json":{"title":"Reik\u00e4saha 133mm BI-METAL JVT Premium Tools | JV Tuonti","description":"Reik\u00e4saha 133 mm. Nopeat ja siistit rei\u00e4t. Kuppiter\u00e4 puulle, kipsilevylle, vanerille, muoville ja metallille. Tilaa rasiater\u00e4 t\u00e4st\u00e4!","robots":{"index":"index","follow":"follow","max-snippet":"max-snippet:-1","max-image-preview":"max-image-preview:large","max-video-preview":"max-video-preview:-1"},"canonical":"https:\/\/hotelli03.domainhotelli.fi\/~lsdoecli\/tuote\/reikasaha-133mm-bi-metal-jvt\/","og_locale":"fi_FI","og_type":"article","og_title":"Reik\u00e4saha 133mm BI-METAL JVT Premium Tools","og_description":"Reik\u00e4saha 133 mm. Nopeat ja siistit rei\u00e4t. Kuppiter\u00e4 puulle, kipsilevylle, vanerille, muoville ja metallille. Tilaa rasiater\u00e4 t\u00e4st\u00e4!","og_url":"https:\/\/hotelli03.domainhotelli.fi\/~lsdoecli\/tuote\/reikasaha-133mm-bi-metal-jvt\/","og_site_name":"JV Tuonti","article_publisher":"https:\/\/www.facebook.com\/JVTuontiOy","article_modified_time":"2021-08-10T10:29:25+00:00","og_image":[{"width":2560,"height":2560,"url":"https:\/\/hotelli03.domainhotelli.fi\/~lsdoecli\/wp-content\/uploads\/2021\/04\/JVT133mmL-scaled.jpg","type":"image\/jpeg"}],"twitter_card":"summary_large_image","twitter_misc":{"Price":"29,64&nbsp;&euro; Alv 24%N\u00e4yt\u00e4 veroton hinta23,90&nbsp;&euro; Alv 0%N\u00e4yt\u00e4 verollinen hinta","Availability":"In stock"},"schema":{"@context":"https:\/\/schema.org","@graph":[{"@type":["Organization","Place","WholesaleStore"],"@id":"https:\/\/hotelli03.domainhotelli.fi\/~lsdoecli\/#organization","name":"JV Tuonti Oy","url":"https:\/\/hotelli03.domainhotelli.fi\/~lsdoecli\/","sameAs":["https:\/\/instagram.com\/jvtuontioy?utm_medium=copy_link","https:\/\/www.facebook.com\/JVTuontiOy"],"logo":{"@id":"https:\/\/hotelli03.domainhotelli.fi\/~lsdoecli\/tuote\/reikasaha-133mm-bi-metal-jvt\/#local-main-organization-logo"},"image":{"@id":"https:\/\/hotelli03.domainhotelli.fi\/~lsdoecli\/tuote\/reikasaha-133mm-bi-metal-jvt\/#local-main-organization-logo"},"address":{"@id":"https:\/\/hotelli03.domainhotelli.fi\/~lsdoecli\/tuote\/reikasaha-133mm-bi-metal-jvt\/#local-main-place-address"},"geo":{"@type":"GeoCoordinates","latitude":"60.28431","longitude":"24.81654"},"telephone":["0408369980"],"openingHoursSpecification":[{"@type":"OpeningHoursSpecification","dayOfWeek":["Monday","Tuesday","Wednesday","Thursday","Friday"],"opens":"08:00","closes":"16:00"},{"@type":"OpeningHoursSpecification","dayOfWeek":["Saturday","Sunday"],"opens":"00:00","closes":"00:00"}],"email":"myynti@hotelli03.domainhotelli.fi","areaServed":"Suomi, Ruotsi","vatID":"FI30178387","priceRange":"$$","currenciesAccepted":"\u20ac","paymentAccepted":"Lasku, pankkikortti"},{"@type":"WebSite","@id":"https:\/\/hotelli03.domainhotelli.fi\/~lsdoecli\/#website","url":"https:\/\/hotelli03.domainhotelli.fi\/~lsdoecli\/","name":"JV Tuonti","description":"JV Tuonti Oy:n verkkokauppa","publisher":{"@id":"https:\/\/hotelli03.domainhotelli.fi\/~lsdoecli\/#organization"},"potentialAction":[{"@type":"SearchAction","target":{"@type":"EntryPoint","urlTemplate":"https:\/\/hotelli03.domainhotelli.fi\/~lsdoecli\/?s={search_term_string}"},"query-input":"required name=search_term_string"}],"inLanguage":"fi"},{"@type":"ImageObject","inLanguage":"fi","@id":"https:\/\/hotelli03.domainhotelli.fi\/~lsdoecli\/tuote\/reikasaha-133mm-bi-metal-jvt\/#primaryimage","url":"https:\/\/hotelli03.domainhotelli.fi\/~lsdoecli\/wp-content\/uploads\/2021\/04\/JVT133mmL-scaled.jpg","contentUrl":"https:\/\/hotelli03.domainhotelli.fi\/~lsdoecli\/wp-content\/uploads\/2021\/04\/JVT133mmL-scaled.jpg","width":2560,"height":2560,"caption":"Reik\u00e4saha JVT 133mm laatikko"},{"@type":"WebPage","@id":"https:\/\/hotelli03.domainhotelli.fi\/~lsdoecli\/tuote\/reikasaha-133mm-bi-metal-jvt\/","url":"https:\/\/hotelli03.domainhotelli.fi\/~lsdoecli\/tuote\/reikasaha-133mm-bi-metal-jvt\/","name":"Reik\u00e4saha 133mm BI-METAL JVT Premium Tools | JV Tuonti","isPartOf":{"@id":"https:\/\/hotelli03.domainhotelli.fi\/~lsdoecli\/#website"},"primaryImageOfPage":{"@id":"https:\/\/hotelli03.domainhotelli.fi\/~lsdoecli\/tuote\/reikasaha-133mm-bi-metal-jvt\/#primaryimage"},"datePublished":"2021-05-11T09:58:19+00:00","dateModified":"2021-08-10T10:29:25+00:00","description":"Reik\u00e4saha 133 mm. Nopeat ja siistit rei\u00e4t. Kuppiter\u00e4 puulle, kipsilevylle, vanerille, muoville ja metallille. Tilaa rasiater\u00e4 t\u00e4st\u00e4!","breadcrumb":{"@id":"https:\/\/hotelli03.domainhotelli.fi\/~lsdoecli\/tuote\/reikasaha-133mm-bi-metal-jvt\/#breadcrumb"},"inLanguage":"fi","potentialAction":[{"@type":"ReadAction","target":["https:\/\/hotelli03.domainhotelli.fi\/~lsdoecli\/tuote\/reikasaha-133mm-bi-metal-jvt\/"]}]},{"@type":"BreadcrumbList","@id":"https:\/\/hotelli03.domainhotelli.fi\/~lsdoecli\/tuote\/reikasaha-133mm-bi-metal-jvt\/#breadcrumb","itemListElement":[{"@type":"ListItem","position":1,"name":"Etusivu","item":"https:\/\/hotelli03.domainhotelli.fi\/~lsdoecli\/"},{"@type":"ListItem","position":2,"name":"Kauppa","item":"https:\/\/hotelli03.domainhotelli.fi\/~lsdoecli\/kauppa\/"},{"@type":"ListItem","position":3,"name":"Reik\u00e4saha 133mm BI-METAL JVT Premium Tools"}]},{"@type":"PostalAddress","@id":"https:\/\/hotelli03.domainhotelli.fi\/~lsdoecli\/tuote\/reikasaha-133mm-bi-metal-jvt\/#local-main-place-address","streetAddress":"Pyymosantie 5a","addressLocality":"Vantaa","postalCode":"01720","addressCountry":"FI"},{"@type":"ImageObject","inLanguage":"fi","@id":"https:\/\/hotelli03.domainhotelli.fi\/~lsdoecli\/tuote\/reikasaha-133mm-bi-metal-jvt\/#local-main-organization-logo","url":"https:\/\/hotelli03.domainhotelli.fi\/~lsdoecli\/wp-content\/uploads\/2021\/08\/JVTuonti_logo_nelio.jpg","contentUrl":"https:\/\/hotelli03.domainhotelli.fi\/~lsdoecli\/wp-content\/uploads\/2021\/08\/JVTuonti_logo_nelio.jpg","width":550,"height":550,"caption":"JV Tuonti Oy"}]},"product_price_amount":"29.64","product_price_currency":"EUR","og_availability":"instock","product_availability":"instock","product_retailer_item_id":"JVTRS133","product_condition":"new","geo.placename":"Vantaa","geo.position":{"lat":"60.28431","long":"24.81654"},"geo.region":"Suomi"},"_links":{"self":[{"href":"https:\/\/hotelli03.domainhotelli.fi\/~lsdoecli\/wp-json\/wp\/v2\/product\/4275"}],"collection":[{"href":"https:\/\/hotelli03.domainhotelli.fi\/~lsdoecli\/wp-json\/wp\/v2\/product"}],"about":[{"href":"https:\/\/hotelli03.domainhotelli.fi\/~lsdoecli\/wp-json\/wp\/v2\/types\/product"}],"replies":[{"embeddable":true,"href":"https:\/\/hotelli03.domainhotelli.fi\/~lsdoecli\/wp-json\/wp\/v2\/comments?post=4275"}],"wp:featuredmedia":[{"embeddable":true,"href":"https:\/\/hotelli03.domainhotelli.fi\/~lsdoecli\/wp-json\/wp\/v2\/media\/3697"}],"wp:attachment":[{"href":"https:\/\/hotelli03.domainhotelli.fi\/~lsdoecli\/wp-json\/wp\/v2\/media?parent=4275"}],"wp:term":[{"taxonomy":"product_cat","embeddable":true,"href":"https:\/\/hotelli03.domainhotelli.fi\/~lsdoecli\/wp-json\/wp\/v2\/product_cat?post=4275"},{"taxonomy":"product_tag","embeddable":true,"href":"https:\/\/hotelli03.domainhotelli.fi\/~lsdoecli\/wp-json\/wp\/v2\/product_tag?post=4275"}],"curies":[{"name":"wp","href":"https:\/\/api.w.org\/{rel}","templated":true}]}}