{"id":4203,"date":"2021-05-07T10:44:15","date_gmt":"2021-05-07T10:44:15","guid":{"rendered":"https:\/\/hotelli03.domainhotelli.fi\/~lsdoecli\/woocommerce\/?post_type=product&#038;p=4203"},"modified":"2021-11-21T09:50:54","modified_gmt":"2021-11-21T09:50:54","slug":"expert-dry-all-in-one-merkkauskyna-jvt","status":"publish","type":"product","link":"https:\/\/hotelli03.domainhotelli.fi\/~lsdoecli\/tuote\/expert-dry-all-in-one-merkkauskyna-jvt\/","title":{"rendered":"Merkkauskyn\u00e4 Expert Dry all-in-one"},"content":{"rendered":"<h1>Merkkauskyn\u00e4 Expert Dry all-in-one<\/h1>\n<p>Merkkauskyn\u00e4 Expert Dry all-in-one on suosittu helppok\u00e4ytt\u00f6inen lyijyt\u00e4ytekyn\u00e4, jota k\u00e4ytet\u00e4\u00e4n varsinkin rakennusty\u00f6mailla erilaisten pintojen ja materiaalien merkkaamiseen.<\/p>\n<p>Lyijyt\u00e4ytekyn\u00e4 sis\u00e4lt\u00e4\u00e4 harmaan grafiitti irtolyijyn, joka soveltuu l\u00e4hes kaikkien pintojen merkkaukseen ty\u00f6maalla. Lyijyn merkkausj\u00e4lki on helposti pyyhitt\u00e4viss\u00e4 kostealla r\u00e4till\u00e4, mink\u00e4 vuoksi merkkint\u00e4kyn\u00e4 dry soveltuu erinomaisesti v\u00e4liaikaisiin merkkauksiin mittauksien yhteydess\u00e4. Lyijyn loppuessa asennetaan uusi irtlyijy lyijyt\u00e4ytekyn\u00e4\u00e4n. Merkkauskyn\u00e4n Dry lyijyj\u00e4 on saatavilla k\u00e4teviss\u00e4 10 kpl pakkauksessa, joka mahtuu helposti taskuun. Lyijyj\u00e4 on saatavilla eriv\u00e4risin\u00e4 harmaana, punaisena, sinisen\u00e4, keltaisena ja valkoisena. Eri v\u00e4rien k\u00e4ytt\u00f6 helpottaa merkkausta tummilla pinnoilla, miss\u00e4 harmaa v\u00e4ri ei erotu tarpeeksi selke\u00e4sti sek\u00e4 eri asennusten merkkaamista esimerkiksi s\u00e4hk\u00f6t\u00f6iden yhteydess\u00e4.<\/p>\n<p>Merkkauskyn\u00e4ss\u00e4 on teroitin tupeessa, eli teroitin kulkee aina mukana ja on tarpeen tullen aina saatavissa. Lyijyt\u00e4ytekyn\u00e4ss\u00e4 on vaihdettavat lyijyt ja automaattinen lyijyn sy\u00f6tt\u00f6, joka toimii kyn\u00e4n p\u00e4\u00e4ss\u00e4 olevaa painomekanismia painamalla.<\/p>\n<p>Merkkauskyn\u00e4 Expert Dry soveltuu merkkaukseen seuraaville pinnoilla:<\/p>\n<ul>\n<li>harkot ja tiilet<\/li>\n<li>betoni<\/li>\n<li>kuiva ja m\u00e4rk\u00e4 puu, sek\u00e4 puutuotteet<\/li>\n<li>muovi ja PVC<\/li>\n<li>metallipinnat ja kuumat metallipinnat, alumiini<\/li>\n<li>lasi<\/li>\n<li>keraamiset pinnat ja laatat<\/li>\n<li>pakkaukset, pahvi<\/li>\n<li>autonrenkaat<\/li>\n<\/ul>\n<p><strong>Tuotetiedot:<\/strong><\/p>\n<div class=\"page\" title=\"Page 11\">\n<div class=\"layoutArea\">\n<div class=\"column\">\n<ul>\n<li>Tuotenumero 8482010<\/li>\n<li>EAN koodi: 4260376462406<\/li>\n<li>Valmistaja: <a href=\"https:\/\/expert-marking.de\">Expert Marking Tools<\/a><\/li>\n<\/ul>\n<\/div>\n<\/div>\n<\/div>\n","protected":false},"excerpt":{"rendered":"<p>Merkkauskyn\u00e4 EXPERT dry all-in-one<\/p>\n<p>&#8211; Merkkaukseen l\u00e4hes kaikille pinnoille<br \/>\n&#8211; Vaihdettavat lyijyt<br \/>\n&#8211; Automaattinen sy\u00f6tt\u00f6<br \/>\n&#8211; Terotin tupessa<\/p>\n","protected":false},"featured_media":4952,"comment_status":"open","ping_status":"closed","template":"","meta":[],"product_cat":[547],"product_tag":[562,564,549,550,563,560,548],"yoast_head":"<!-- This site is optimized with the Yoast SEO Premium plugin v18.9 (Yoast SEO v19.3) - https:\/\/yoast.com\/wordpress\/plugins\/seo\/ -->\n<title>Merkkauskyn\u00e4 Expert Dry all-in-one | JV Tuonti<\/title>\n<meta name=\"description\" content=\"Merkkauskyn\u00e4 Expert Dry all-in-one. Merkkauskyn\u00e4 l\u00e4hes kaikkien pintojen merkkaukseen ty\u00f6maalla, helposti kostealla pyyhitt\u00e4v\u00e4 j\u00e4lki.\" \/>\n<meta name=\"robots\" content=\"index, follow, max-snippet:-1, max-image-preview:large, max-video-preview:-1\" \/>\n<link rel=\"canonical\" href=\"https:\/\/hotelli03.domainhotelli.fi\/~lsdoecli\/tuote\/expert-dry-all-in-one-merkkauskyna-jvt\/\" \/>\n<meta property=\"og:locale\" content=\"fi_FI\" \/>\n<meta property=\"og:type\" content=\"article\" \/>\n<meta property=\"og:title\" content=\"Merkkauskyn\u00e4 Expert Dry all-in-one\" \/>\n<meta property=\"og:description\" content=\"Merkkauskyn\u00e4 Expert Dry all-in-one. Merkkauskyn\u00e4 l\u00e4hes kaikkien pintojen merkkaukseen ty\u00f6maalla, helposti kostealla pyyhitt\u00e4v\u00e4 j\u00e4lki.\" \/>\n<meta property=\"og:url\" content=\"https:\/\/hotelli03.domainhotelli.fi\/~lsdoecli\/tuote\/expert-dry-all-in-one-merkkauskyna-jvt\/\" \/>\n<meta property=\"og:site_name\" content=\"JV Tuonti\" \/>\n<meta property=\"article:publisher\" content=\"https:\/\/www.facebook.com\/JVTuontiOy\" \/>\n<meta property=\"article:modified_time\" content=\"2021-11-21T09:50:54+00:00\" \/>\n<meta property=\"og:image\" content=\"https:\/\/hotelli03.domainhotelli.fi\/~lsdoecli\/wp-content\/uploads\/2021\/05\/JVTExpertdrymerkkauskyn\u00e4-scaled.jpg\" \/>\n\t<meta property=\"og:image:width\" content=\"2560\" \/>\n\t<meta property=\"og:image:height\" content=\"2560\" \/>\n\t<meta property=\"og:image:type\" content=\"image\/jpeg\" \/>\n<meta name=\"twitter:card\" content=\"summary_large_image\" \/>\n<meta name=\"twitter:label1\" content=\"Price\" \/>\n\t<meta name=\"twitter:data1\" content=\"9,60&nbsp;&euro; Alv 24%N\u00e4yt\u00e4 veroton hinta7,74&nbsp;&euro; Alv 0%N\u00e4yt\u00e4 verollinen hinta\" \/>\n\t<meta name=\"twitter:label2\" content=\"Availability\" \/>\n\t<meta name=\"twitter:data2\" content=\"In stock\" \/>\n<script type=\"application\/ld+json\" class=\"yoast-schema-graph\">{\"@context\":\"https:\/\/schema.org\",\"@graph\":[{\"@type\":[\"Organization\",\"Place\",\"WholesaleStore\"],\"@id\":\"https:\/\/hotelli03.domainhotelli.fi\/~lsdoecli\/#organization\",\"name\":\"JV Tuonti Oy\",\"url\":\"https:\/\/hotelli03.domainhotelli.fi\/~lsdoecli\/\",\"sameAs\":[\"https:\/\/instagram.com\/jvtuontioy?utm_medium=copy_link\",\"https:\/\/www.facebook.com\/JVTuontiOy\"],\"logo\":{\"@id\":\"https:\/\/hotelli03.domainhotelli.fi\/~lsdoecli\/tuote\/expert-dry-all-in-one-merkkauskyna-jvt\/#local-main-organization-logo\"},\"image\":{\"@id\":\"https:\/\/hotelli03.domainhotelli.fi\/~lsdoecli\/tuote\/expert-dry-all-in-one-merkkauskyna-jvt\/#local-main-organization-logo\"},\"address\":{\"@id\":\"https:\/\/hotelli03.domainhotelli.fi\/~lsdoecli\/tuote\/expert-dry-all-in-one-merkkauskyna-jvt\/#local-main-place-address\"},\"geo\":{\"@type\":\"GeoCoordinates\",\"latitude\":\"60.28431\",\"longitude\":\"24.81654\"},\"telephone\":[\"0408369980\"],\"openingHoursSpecification\":[{\"@type\":\"OpeningHoursSpecification\",\"dayOfWeek\":[\"Monday\",\"Tuesday\",\"Wednesday\",\"Thursday\",\"Friday\"],\"opens\":\"08:00\",\"closes\":\"16:00\"},{\"@type\":\"OpeningHoursSpecification\",\"dayOfWeek\":[\"Saturday\",\"Sunday\"],\"opens\":\"00:00\",\"closes\":\"00:00\"}],\"email\":\"myynti@hotelli03.domainhotelli.fi\",\"areaServed\":\"Suomi, Ruotsi\",\"vatID\":\"FI30178387\",\"priceRange\":\"$$\",\"currenciesAccepted\":\"\u20ac\",\"paymentAccepted\":\"Lasku, pankkikortti\"},{\"@type\":\"WebSite\",\"@id\":\"https:\/\/hotelli03.domainhotelli.fi\/~lsdoecli\/#website\",\"url\":\"https:\/\/hotelli03.domainhotelli.fi\/~lsdoecli\/\",\"name\":\"JV Tuonti\",\"description\":\"JV Tuonti Oy:n verkkokauppa\",\"publisher\":{\"@id\":\"https:\/\/hotelli03.domainhotelli.fi\/~lsdoecli\/#organization\"},\"potentialAction\":[{\"@type\":\"SearchAction\",\"target\":{\"@type\":\"EntryPoint\",\"urlTemplate\":\"https:\/\/hotelli03.domainhotelli.fi\/~lsdoecli\/?s={search_term_string}\"},\"query-input\":\"required name=search_term_string\"}],\"inLanguage\":\"fi\"},{\"@type\":\"ImageObject\",\"inLanguage\":\"fi\",\"@id\":\"https:\/\/hotelli03.domainhotelli.fi\/~lsdoecli\/tuote\/expert-dry-all-in-one-merkkauskyna-jvt\/#primaryimage\",\"url\":\"https:\/\/hotelli03.domainhotelli.fi\/~lsdoecli\/wp-content\/uploads\/2021\/05\/JVTExpertdrymerkkauskyn\u00e4-scaled.jpg\",\"contentUrl\":\"https:\/\/hotelli03.domainhotelli.fi\/~lsdoecli\/wp-content\/uploads\/2021\/05\/JVTExpertdrymerkkauskyn\u00e4-scaled.jpg\",\"width\":2560,\"height\":2560,\"caption\":\"Merkkauskyn\u00e4 Expert Dry all-in-one\"},{\"@type\":\"WebPage\",\"@id\":\"https:\/\/hotelli03.domainhotelli.fi\/~lsdoecli\/tuote\/expert-dry-all-in-one-merkkauskyna-jvt\/\",\"url\":\"https:\/\/hotelli03.domainhotelli.fi\/~lsdoecli\/tuote\/expert-dry-all-in-one-merkkauskyna-jvt\/\",\"name\":\"Merkkauskyn\u00e4 Expert Dry all-in-one | JV Tuonti\",\"isPartOf\":{\"@id\":\"https:\/\/hotelli03.domainhotelli.fi\/~lsdoecli\/#website\"},\"primaryImageOfPage\":{\"@id\":\"https:\/\/hotelli03.domainhotelli.fi\/~lsdoecli\/tuote\/expert-dry-all-in-one-merkkauskyna-jvt\/#primaryimage\"},\"datePublished\":\"2021-05-07T10:44:15+00:00\",\"dateModified\":\"2021-11-21T09:50:54+00:00\",\"description\":\"Merkkauskyn\u00e4 Expert Dry all-in-one. Merkkauskyn\u00e4 l\u00e4hes kaikkien pintojen merkkaukseen ty\u00f6maalla, helposti kostealla pyyhitt\u00e4v\u00e4 j\u00e4lki.\",\"breadcrumb\":{\"@id\":\"https:\/\/hotelli03.domainhotelli.fi\/~lsdoecli\/tuote\/expert-dry-all-in-one-merkkauskyna-jvt\/#breadcrumb\"},\"inLanguage\":\"fi\",\"potentialAction\":[{\"@type\":\"ReadAction\",\"target\":[\"https:\/\/hotelli03.domainhotelli.fi\/~lsdoecli\/tuote\/expert-dry-all-in-one-merkkauskyna-jvt\/\"]}]},{\"@type\":\"BreadcrumbList\",\"@id\":\"https:\/\/hotelli03.domainhotelli.fi\/~lsdoecli\/tuote\/expert-dry-all-in-one-merkkauskyna-jvt\/#breadcrumb\",\"itemListElement\":[{\"@type\":\"ListItem\",\"position\":1,\"name\":\"Etusivu\",\"item\":\"https:\/\/hotelli03.domainhotelli.fi\/~lsdoecli\/\"},{\"@type\":\"ListItem\",\"position\":2,\"name\":\"Kauppa\",\"item\":\"https:\/\/hotelli03.domainhotelli.fi\/~lsdoecli\/kauppa\/\"},{\"@type\":\"ListItem\",\"position\":3,\"name\":\"Merkkauskyn\u00e4 Expert Dry all-in-one\"}]},{\"@type\":\"PostalAddress\",\"@id\":\"https:\/\/hotelli03.domainhotelli.fi\/~lsdoecli\/tuote\/expert-dry-all-in-one-merkkauskyna-jvt\/#local-main-place-address\",\"streetAddress\":\"Pyymosantie 5a\",\"addressLocality\":\"Vantaa\",\"postalCode\":\"01720\",\"addressCountry\":\"FI\"},{\"@type\":\"ImageObject\",\"inLanguage\":\"fi\",\"@id\":\"https:\/\/hotelli03.domainhotelli.fi\/~lsdoecli\/tuote\/expert-dry-all-in-one-merkkauskyna-jvt\/#local-main-organization-logo\",\"url\":\"https:\/\/hotelli03.domainhotelli.fi\/~lsdoecli\/wp-content\/uploads\/2021\/08\/JVTuonti_logo_nelio.jpg\",\"contentUrl\":\"https:\/\/hotelli03.domainhotelli.fi\/~lsdoecli\/wp-content\/uploads\/2021\/08\/JVTuonti_logo_nelio.jpg\",\"width\":550,\"height\":550,\"caption\":\"JV Tuonti Oy\"}]}<\/script>\n<meta property=\"product:price:amount\" content=\"9.60\" \/>\n<meta property=\"product:price:currency\" content=\"EUR\" \/>\n<meta property=\"og:availability\" content=\"instock\" \/>\n<meta property=\"product:availability\" content=\"instock\" \/>\n<meta property=\"product:retailer_item_id\" content=\"8482010\" \/>\n<meta property=\"product:condition\" content=\"new\" \/>\n<meta name=\"geo.placename\" content=\"Vantaa\" \/>\n<meta name=\"geo.position\" content=\"60.28431;24.81654\" \/>\n<meta name=\"geo.region\" content=\"Suomi\" \/>\n<!-- \/ Yoast SEO Premium plugin. -->","yoast_head_json":{"title":"Merkkauskyn\u00e4 Expert Dry all-in-one | JV Tuonti","description":"Merkkauskyn\u00e4 Expert Dry all-in-one. Merkkauskyn\u00e4 l\u00e4hes kaikkien pintojen merkkaukseen ty\u00f6maalla, helposti kostealla pyyhitt\u00e4v\u00e4 j\u00e4lki.","robots":{"index":"index","follow":"follow","max-snippet":"max-snippet:-1","max-image-preview":"max-image-preview:large","max-video-preview":"max-video-preview:-1"},"canonical":"https:\/\/hotelli03.domainhotelli.fi\/~lsdoecli\/tuote\/expert-dry-all-in-one-merkkauskyna-jvt\/","og_locale":"fi_FI","og_type":"article","og_title":"Merkkauskyn\u00e4 Expert Dry all-in-one","og_description":"Merkkauskyn\u00e4 Expert Dry all-in-one. Merkkauskyn\u00e4 l\u00e4hes kaikkien pintojen merkkaukseen ty\u00f6maalla, helposti kostealla pyyhitt\u00e4v\u00e4 j\u00e4lki.","og_url":"https:\/\/hotelli03.domainhotelli.fi\/~lsdoecli\/tuote\/expert-dry-all-in-one-merkkauskyna-jvt\/","og_site_name":"JV Tuonti","article_publisher":"https:\/\/www.facebook.com\/JVTuontiOy","article_modified_time":"2021-11-21T09:50:54+00:00","og_image":[{"width":2560,"height":2560,"url":"https:\/\/hotelli03.domainhotelli.fi\/~lsdoecli\/wp-content\/uploads\/2021\/05\/JVTExpertdrymerkkauskyn\u00e4-scaled.jpg","type":"image\/jpeg"}],"twitter_card":"summary_large_image","twitter_misc":{"Price":"9,60&nbsp;&euro; Alv 24%N\u00e4yt\u00e4 veroton hinta7,74&nbsp;&euro; Alv 0%N\u00e4yt\u00e4 verollinen hinta","Availability":"In stock"},"schema":{"@context":"https:\/\/schema.org","@graph":[{"@type":["Organization","Place","WholesaleStore"],"@id":"https:\/\/hotelli03.domainhotelli.fi\/~lsdoecli\/#organization","name":"JV Tuonti Oy","url":"https:\/\/hotelli03.domainhotelli.fi\/~lsdoecli\/","sameAs":["https:\/\/instagram.com\/jvtuontioy?utm_medium=copy_link","https:\/\/www.facebook.com\/JVTuontiOy"],"logo":{"@id":"https:\/\/hotelli03.domainhotelli.fi\/~lsdoecli\/tuote\/expert-dry-all-in-one-merkkauskyna-jvt\/#local-main-organization-logo"},"image":{"@id":"https:\/\/hotelli03.domainhotelli.fi\/~lsdoecli\/tuote\/expert-dry-all-in-one-merkkauskyna-jvt\/#local-main-organization-logo"},"address":{"@id":"https:\/\/hotelli03.domainhotelli.fi\/~lsdoecli\/tuote\/expert-dry-all-in-one-merkkauskyna-jvt\/#local-main-place-address"},"geo":{"@type":"GeoCoordinates","latitude":"60.28431","longitude":"24.81654"},"telephone":["0408369980"],"openingHoursSpecification":[{"@type":"OpeningHoursSpecification","dayOfWeek":["Monday","Tuesday","Wednesday","Thursday","Friday"],"opens":"08:00","closes":"16:00"},{"@type":"OpeningHoursSpecification","dayOfWeek":["Saturday","Sunday"],"opens":"00:00","closes":"00:00"}],"email":"myynti@hotelli03.domainhotelli.fi","areaServed":"Suomi, Ruotsi","vatID":"FI30178387","priceRange":"$$","currenciesAccepted":"\u20ac","paymentAccepted":"Lasku, pankkikortti"},{"@type":"WebSite","@id":"https:\/\/hotelli03.domainhotelli.fi\/~lsdoecli\/#website","url":"https:\/\/hotelli03.domainhotelli.fi\/~lsdoecli\/","name":"JV Tuonti","description":"JV Tuonti Oy:n verkkokauppa","publisher":{"@id":"https:\/\/hotelli03.domainhotelli.fi\/~lsdoecli\/#organization"},"potentialAction":[{"@type":"SearchAction","target":{"@type":"EntryPoint","urlTemplate":"https:\/\/hotelli03.domainhotelli.fi\/~lsdoecli\/?s={search_term_string}"},"query-input":"required name=search_term_string"}],"inLanguage":"fi"},{"@type":"ImageObject","inLanguage":"fi","@id":"https:\/\/hotelli03.domainhotelli.fi\/~lsdoecli\/tuote\/expert-dry-all-in-one-merkkauskyna-jvt\/#primaryimage","url":"https:\/\/hotelli03.domainhotelli.fi\/~lsdoecli\/wp-content\/uploads\/2021\/05\/JVTExpertdrymerkkauskyn\u00e4-scaled.jpg","contentUrl":"https:\/\/hotelli03.domainhotelli.fi\/~lsdoecli\/wp-content\/uploads\/2021\/05\/JVTExpertdrymerkkauskyn\u00e4-scaled.jpg","width":2560,"height":2560,"caption":"Merkkauskyn\u00e4 Expert Dry all-in-one"},{"@type":"WebPage","@id":"https:\/\/hotelli03.domainhotelli.fi\/~lsdoecli\/tuote\/expert-dry-all-in-one-merkkauskyna-jvt\/","url":"https:\/\/hotelli03.domainhotelli.fi\/~lsdoecli\/tuote\/expert-dry-all-in-one-merkkauskyna-jvt\/","name":"Merkkauskyn\u00e4 Expert Dry all-in-one | JV Tuonti","isPartOf":{"@id":"https:\/\/hotelli03.domainhotelli.fi\/~lsdoecli\/#website"},"primaryImageOfPage":{"@id":"https:\/\/hotelli03.domainhotelli.fi\/~lsdoecli\/tuote\/expert-dry-all-in-one-merkkauskyna-jvt\/#primaryimage"},"datePublished":"2021-05-07T10:44:15+00:00","dateModified":"2021-11-21T09:50:54+00:00","description":"Merkkauskyn\u00e4 Expert Dry all-in-one. Merkkauskyn\u00e4 l\u00e4hes kaikkien pintojen merkkaukseen ty\u00f6maalla, helposti kostealla pyyhitt\u00e4v\u00e4 j\u00e4lki.","breadcrumb":{"@id":"https:\/\/hotelli03.domainhotelli.fi\/~lsdoecli\/tuote\/expert-dry-all-in-one-merkkauskyna-jvt\/#breadcrumb"},"inLanguage":"fi","potentialAction":[{"@type":"ReadAction","target":["https:\/\/hotelli03.domainhotelli.fi\/~lsdoecli\/tuote\/expert-dry-all-in-one-merkkauskyna-jvt\/"]}]},{"@type":"BreadcrumbList","@id":"https:\/\/hotelli03.domainhotelli.fi\/~lsdoecli\/tuote\/expert-dry-all-in-one-merkkauskyna-jvt\/#breadcrumb","itemListElement":[{"@type":"ListItem","position":1,"name":"Etusivu","item":"https:\/\/hotelli03.domainhotelli.fi\/~lsdoecli\/"},{"@type":"ListItem","position":2,"name":"Kauppa","item":"https:\/\/hotelli03.domainhotelli.fi\/~lsdoecli\/kauppa\/"},{"@type":"ListItem","position":3,"name":"Merkkauskyn\u00e4 Expert Dry all-in-one"}]},{"@type":"PostalAddress","@id":"https:\/\/hotelli03.domainhotelli.fi\/~lsdoecli\/tuote\/expert-dry-all-in-one-merkkauskyna-jvt\/#local-main-place-address","streetAddress":"Pyymosantie 5a","addressLocality":"Vantaa","postalCode":"01720","addressCountry":"FI"},{"@type":"ImageObject","inLanguage":"fi","@id":"https:\/\/hotelli03.domainhotelli.fi\/~lsdoecli\/tuote\/expert-dry-all-in-one-merkkauskyna-jvt\/#local-main-organization-logo","url":"https:\/\/hotelli03.domainhotelli.fi\/~lsdoecli\/wp-content\/uploads\/2021\/08\/JVTuonti_logo_nelio.jpg","contentUrl":"https:\/\/hotelli03.domainhotelli.fi\/~lsdoecli\/wp-content\/uploads\/2021\/08\/JVTuonti_logo_nelio.jpg","width":550,"height":550,"caption":"JV Tuonti Oy"}]},"product_price_amount":"9.60","product_price_currency":"EUR","og_availability":"instock","product_availability":"instock","product_retailer_item_id":"8482010","product_condition":"new","geo.placename":"Vantaa","geo.position":{"lat":"60.28431","long":"24.81654"},"geo.region":"Suomi"},"_links":{"self":[{"href":"https:\/\/hotelli03.domainhotelli.fi\/~lsdoecli\/wp-json\/wp\/v2\/product\/4203"}],"collection":[{"href":"https:\/\/hotelli03.domainhotelli.fi\/~lsdoecli\/wp-json\/wp\/v2\/product"}],"about":[{"href":"https:\/\/hotelli03.domainhotelli.fi\/~lsdoecli\/wp-json\/wp\/v2\/types\/product"}],"replies":[{"embeddable":true,"href":"https:\/\/hotelli03.domainhotelli.fi\/~lsdoecli\/wp-json\/wp\/v2\/comments?post=4203"}],"wp:featuredmedia":[{"embeddable":true,"href":"https:\/\/hotelli03.domainhotelli.fi\/~lsdoecli\/wp-json\/wp\/v2\/media\/4952"}],"wp:attachment":[{"href":"https:\/\/hotelli03.domainhotelli.fi\/~lsdoecli\/wp-json\/wp\/v2\/media?parent=4203"}],"wp:term":[{"taxonomy":"product_cat","embeddable":true,"href":"https:\/\/hotelli03.domainhotelli.fi\/~lsdoecli\/wp-json\/wp\/v2\/product_cat?post=4203"},{"taxonomy":"product_tag","embeddable":true,"href":"https:\/\/hotelli03.domainhotelli.fi\/~lsdoecli\/wp-json\/wp\/v2\/product_tag?post=4203"}],"curies":[{"name":"wp","href":"https:\/\/api.w.org\/{rel}","templated":true}]}}