{"id":4143,"date":"2021-05-06T12:55:41","date_gmt":"2021-05-06T12:55:41","guid":{"rendered":"https:\/\/hotelli03.domainhotelli.fi\/~lsdoecli\/woocommerce\/?post_type=product&#038;p=4143"},"modified":"2021-11-21T07:47:47","modified_gmt":"2021-11-21T07:47:47","slug":"timpurinkyna-expert-180mm-soft-medium-tai-hard","status":"publish","type":"product","link":"https:\/\/hotelli03.domainhotelli.fi\/~lsdoecli\/tuote\/timpurinkyna-expert-180mm-soft-medium-tai-hard\/","title":{"rendered":"Timpurinkyn\u00e4 Expert Blackedge 180 mm soft, medium tai hard"},"content":{"rendered":"<h1 class=\"p1\">Timpurinkyn\u00e4 Expert Blackedge 180mm, soft medium tai hard<\/h1>\n<p>Timpurinkyn\u00e4 Expert Blackedge 180 mm on saatavilla kolmella eri kovuudella. Kyn\u00e4 on ovaalinmuotoinen ja litte\u00e4, helposti taskuun sopiva. T\u00e4ss\u00e4 ns. perinteisess\u00e4 timpurinkyn\u00e4ss\u00e4 on murtumaton lyijy, mik\u00e4 tekee siit\u00e4 luotettavan kyn\u00e4n ty\u00f6maaolosuhteissa. Kyn\u00e4 on eritt\u00e4in helppo teroittaa kun ter\u00e4 tylsyy.<\/p>\n<p>Timpurinkyn\u00e4 soveltuu nimens\u00e4 mukaisesti parhaiten puun ja puutuotteiden merkitsemiseen, mutta sit\u00e4 voi k\u00e4ytt\u00e4\u00e4 my\u00f6s monella muilla pinnoilla:<\/p>\n<ul>\n<li>kuivat puutuotteet<\/li>\n<li>m\u00e4r\u00e4t ja kostea puutuotteet<\/li>\n<li>kipsilevyt<\/li>\n<li>vanerit<\/li>\n<li>lastulevyt<\/li>\n<li>tiilet ja harkot<\/li>\n<li>betonipinnat<\/li>\n<li>ter\u00e4ksest\u00e4 ja alumiinista valmistetut tuotteet ja niiden pinnat<\/li>\n<\/ul>\n<p>Timpurinkyn\u00e4 Expert Blackedge 180 mm teroittamaton on saatavilla kolme eri vaihtoehtoja:<\/p>\n<div class=\"page\" title=\"Page 4\">\n<div class=\"layoutArea\">\n<div class=\"column\">\n<ul>\n<li>8121100 S lyijykyn\u00e4 180 mm 2B soft\/pehme\u00e4 sininen<\/li>\n<\/ul>\n<\/div>\n<\/div>\n<\/div>\n<div class=\"page\" title=\"Page 4\">\n<div class=\"layoutArea\">\n<div class=\"column\">\n<ul>\n<li>8121100 M lyijykyn\u00e4 180 mm HB medium punainen<\/li>\n<\/ul>\n<\/div>\n<\/div>\n<\/div>\n<ul>\n<li class=\"p1\">8121100 H lyijykyn\u00e4 180 mm 10H hard\/kova vihre\u00e4<\/li>\n<\/ul>\n<p><strong>Tuotetiedot<\/strong><\/p>\n<ul>\n<li>EAN koodi S soft sininen: 8885009833932<\/li>\n<li>EAN koodi M medium punainen: 8885009833949<\/li>\n<li>EAN koodi H hard vihre\u00e4: 8885009833956<\/li>\n<li>Valmistaja: <a href=\"https:\/\/expert-marking.de\">Expert Marking Tools<\/a><\/li>\n<\/ul>\n","protected":false},"excerpt":{"rendered":"<p class=\"p1\">Timpurinkyn\u00e4 180mm Expert Blackedge, saatavilla soft, medium tai hard<\/p>\n<p class=\"p1\">&#8211; kahdeksankulmainen<\/p>\n<p class=\"p1\">&#8211; Murtumaton lyijy<\/p>\n<p class=\"p1\">&#8211; Helppo teroittaa<\/p>\n<p class=\"p1\">&#8211; Sopii erityisen hyvin puupintojen merkkaukseen<\/p>\n","protected":false},"featured_media":4149,"comment_status":"open","ping_status":"closed","template":"","meta":[],"product_cat":[547],"product_tag":[549,550,548],"yoast_head":"<!-- This site is optimized with the Yoast SEO Premium plugin v18.9 (Yoast SEO v19.3) - https:\/\/yoast.com\/wordpress\/plugins\/seo\/ -->\n<title>Timpurinkyn\u00e4 Expert Blackedge 180 mm soft, medium tai hard<\/title>\n<meta name=\"description\" content=\"Timpurinkyn\u00e4 180 mm Expert murtumaton lyijy. Timpurinkyn\u00e4 saatavilla soft, medium tai hard kovuudella. Tilaa timpurinkyn\u00e4t netist\u00e4.\" \/>\n<meta name=\"robots\" content=\"index, follow, max-snippet:-1, max-image-preview:large, max-video-preview:-1\" \/>\n<link rel=\"canonical\" href=\"https:\/\/hotelli03.domainhotelli.fi\/~lsdoecli\/tuote\/timpurinkyna-expert-180mm-soft-medium-tai-hard\/\" \/>\n<meta property=\"og:locale\" content=\"fi_FI\" \/>\n<meta property=\"og:type\" content=\"article\" \/>\n<meta property=\"og:title\" content=\"Timpurinkyn\u00e4 Expert Blackedge 180 mm soft, medium tai hard\" \/>\n<meta property=\"og:description\" content=\"Timpurinkyn\u00e4 180 mm Expert murtumaton lyijy. Timpurinkyn\u00e4 saatavilla soft, medium tai hard kovuudella. Tilaa timpurinkyn\u00e4t netist\u00e4.\" \/>\n<meta property=\"og:url\" content=\"https:\/\/hotelli03.domainhotelli.fi\/~lsdoecli\/tuote\/timpurinkyna-expert-180mm-soft-medium-tai-hard\/\" \/>\n<meta property=\"og:site_name\" content=\"JV Tuonti\" \/>\n<meta property=\"article:publisher\" content=\"https:\/\/www.facebook.com\/JVTuontiOy\" \/>\n<meta property=\"article:modified_time\" content=\"2021-11-21T07:47:47+00:00\" \/>\n<meta property=\"og:image\" content=\"https:\/\/hotelli03.domainhotelli.fi\/~lsdoecli\/wp-content\/uploads\/2021\/05\/JVTtimpurinkyna\u0308-kahdeksankulmainen.jpg\" \/>\n\t<meta property=\"og:image:width\" content=\"500\" \/>\n\t<meta property=\"og:image:height\" content=\"500\" \/>\n\t<meta property=\"og:image:type\" content=\"image\/jpeg\" \/>\n<meta name=\"twitter:card\" content=\"summary_large_image\" \/>\n<meta name=\"twitter:label1\" content=\"Availability\" \/>\n\t<meta name=\"twitter:data1\" content=\"In stock\" \/>\n<script type=\"application\/ld+json\" class=\"yoast-schema-graph\">{\"@context\":\"https:\/\/schema.org\",\"@graph\":[{\"@type\":[\"Organization\",\"Place\",\"WholesaleStore\"],\"@id\":\"https:\/\/hotelli03.domainhotelli.fi\/~lsdoecli\/#organization\",\"name\":\"JV Tuonti Oy\",\"url\":\"https:\/\/hotelli03.domainhotelli.fi\/~lsdoecli\/\",\"sameAs\":[\"https:\/\/instagram.com\/jvtuontioy?utm_medium=copy_link\",\"https:\/\/www.facebook.com\/JVTuontiOy\"],\"logo\":{\"@id\":\"https:\/\/hotelli03.domainhotelli.fi\/~lsdoecli\/tuote\/timpurinkyna-expert-180mm-soft-medium-tai-hard\/#local-main-organization-logo\"},\"image\":{\"@id\":\"https:\/\/hotelli03.domainhotelli.fi\/~lsdoecli\/tuote\/timpurinkyna-expert-180mm-soft-medium-tai-hard\/#local-main-organization-logo\"},\"address\":{\"@id\":\"https:\/\/hotelli03.domainhotelli.fi\/~lsdoecli\/tuote\/timpurinkyna-expert-180mm-soft-medium-tai-hard\/#local-main-place-address\"},\"geo\":{\"@type\":\"GeoCoordinates\",\"latitude\":\"60.28431\",\"longitude\":\"24.81654\"},\"telephone\":[\"0408369980\"],\"openingHoursSpecification\":[{\"@type\":\"OpeningHoursSpecification\",\"dayOfWeek\":[\"Monday\",\"Tuesday\",\"Wednesday\",\"Thursday\",\"Friday\"],\"opens\":\"08:00\",\"closes\":\"16:00\"},{\"@type\":\"OpeningHoursSpecification\",\"dayOfWeek\":[\"Saturday\",\"Sunday\"],\"opens\":\"00:00\",\"closes\":\"00:00\"}],\"email\":\"myynti@hotelli03.domainhotelli.fi\",\"areaServed\":\"Suomi, Ruotsi\",\"vatID\":\"FI30178387\",\"priceRange\":\"$$\",\"currenciesAccepted\":\"\u20ac\",\"paymentAccepted\":\"Lasku, pankkikortti\"},{\"@type\":\"WebSite\",\"@id\":\"https:\/\/hotelli03.domainhotelli.fi\/~lsdoecli\/#website\",\"url\":\"https:\/\/hotelli03.domainhotelli.fi\/~lsdoecli\/\",\"name\":\"JV Tuonti\",\"description\":\"JV Tuonti Oy:n verkkokauppa\",\"publisher\":{\"@id\":\"https:\/\/hotelli03.domainhotelli.fi\/~lsdoecli\/#organization\"},\"potentialAction\":[{\"@type\":\"SearchAction\",\"target\":{\"@type\":\"EntryPoint\",\"urlTemplate\":\"https:\/\/hotelli03.domainhotelli.fi\/~lsdoecli\/?s={search_term_string}\"},\"query-input\":\"required name=search_term_string\"}],\"inLanguage\":\"fi\"},{\"@type\":\"ImageObject\",\"inLanguage\":\"fi\",\"@id\":\"https:\/\/hotelli03.domainhotelli.fi\/~lsdoecli\/tuote\/timpurinkyna-expert-180mm-soft-medium-tai-hard\/#primaryimage\",\"url\":\"https:\/\/hotelli03.domainhotelli.fi\/~lsdoecli\/wp-content\/uploads\/2021\/05\/JVTtimpurinkyna\u0308-kahdeksankulmainen.jpg\",\"contentUrl\":\"https:\/\/hotelli03.domainhotelli.fi\/~lsdoecli\/wp-content\/uploads\/2021\/05\/JVTtimpurinkyna\u0308-kahdeksankulmainen.jpg\",\"width\":500,\"height\":500,\"caption\":\"Timpurinkyn\u00e4 Expert 180 mm soft, medium tai hard\"},{\"@type\":\"WebPage\",\"@id\":\"https:\/\/hotelli03.domainhotelli.fi\/~lsdoecli\/tuote\/timpurinkyna-expert-180mm-soft-medium-tai-hard\/\",\"url\":\"https:\/\/hotelli03.domainhotelli.fi\/~lsdoecli\/tuote\/timpurinkyna-expert-180mm-soft-medium-tai-hard\/\",\"name\":\"Timpurinkyn\u00e4 Expert Blackedge 180 mm soft, medium tai hard\",\"isPartOf\":{\"@id\":\"https:\/\/hotelli03.domainhotelli.fi\/~lsdoecli\/#website\"},\"primaryImageOfPage\":{\"@id\":\"https:\/\/hotelli03.domainhotelli.fi\/~lsdoecli\/tuote\/timpurinkyna-expert-180mm-soft-medium-tai-hard\/#primaryimage\"},\"datePublished\":\"2021-05-06T12:55:41+00:00\",\"dateModified\":\"2021-11-21T07:47:47+00:00\",\"description\":\"Timpurinkyn\u00e4 180 mm Expert murtumaton lyijy. Timpurinkyn\u00e4 saatavilla soft, medium tai hard kovuudella. Tilaa timpurinkyn\u00e4t netist\u00e4.\",\"breadcrumb\":{\"@id\":\"https:\/\/hotelli03.domainhotelli.fi\/~lsdoecli\/tuote\/timpurinkyna-expert-180mm-soft-medium-tai-hard\/#breadcrumb\"},\"inLanguage\":\"fi\",\"potentialAction\":[{\"@type\":\"ReadAction\",\"target\":[\"https:\/\/hotelli03.domainhotelli.fi\/~lsdoecli\/tuote\/timpurinkyna-expert-180mm-soft-medium-tai-hard\/\"]}]},{\"@type\":\"BreadcrumbList\",\"@id\":\"https:\/\/hotelli03.domainhotelli.fi\/~lsdoecli\/tuote\/timpurinkyna-expert-180mm-soft-medium-tai-hard\/#breadcrumb\",\"itemListElement\":[{\"@type\":\"ListItem\",\"position\":1,\"name\":\"Etusivu\",\"item\":\"https:\/\/hotelli03.domainhotelli.fi\/~lsdoecli\/\"},{\"@type\":\"ListItem\",\"position\":2,\"name\":\"Kauppa\",\"item\":\"https:\/\/hotelli03.domainhotelli.fi\/~lsdoecli\/kauppa\/\"},{\"@type\":\"ListItem\",\"position\":3,\"name\":\"Timpurinkyn\u00e4 Expert Blackedge 180 mm soft, medium tai hard\"}]},{\"@type\":\"PostalAddress\",\"@id\":\"https:\/\/hotelli03.domainhotelli.fi\/~lsdoecli\/tuote\/timpurinkyna-expert-180mm-soft-medium-tai-hard\/#local-main-place-address\",\"streetAddress\":\"Pyymosantie 5a\",\"addressLocality\":\"Vantaa\",\"postalCode\":\"01720\",\"addressCountry\":\"FI\"},{\"@type\":\"ImageObject\",\"inLanguage\":\"fi\",\"@id\":\"https:\/\/hotelli03.domainhotelli.fi\/~lsdoecli\/tuote\/timpurinkyna-expert-180mm-soft-medium-tai-hard\/#local-main-organization-logo\",\"url\":\"https:\/\/hotelli03.domainhotelli.fi\/~lsdoecli\/wp-content\/uploads\/2021\/08\/JVTuonti_logo_nelio.jpg\",\"contentUrl\":\"https:\/\/hotelli03.domainhotelli.fi\/~lsdoecli\/wp-content\/uploads\/2021\/08\/JVTuonti_logo_nelio.jpg\",\"width\":550,\"height\":550,\"caption\":\"JV Tuonti Oy\"}]}<\/script>\n<meta property=\"og:availability\" content=\"instock\" \/>\n<meta property=\"product:availability\" content=\"instock\" \/>\n<meta property=\"product:condition\" content=\"new\" \/>\n<meta name=\"geo.placename\" content=\"Vantaa\" \/>\n<meta name=\"geo.position\" content=\"60.28431;24.81654\" \/>\n<meta name=\"geo.region\" content=\"Suomi\" \/>\n<!-- \/ Yoast SEO Premium plugin. -->","yoast_head_json":{"title":"Timpurinkyn\u00e4 Expert Blackedge 180 mm soft, medium tai hard","description":"Timpurinkyn\u00e4 180 mm Expert murtumaton lyijy. Timpurinkyn\u00e4 saatavilla soft, medium tai hard kovuudella. Tilaa timpurinkyn\u00e4t netist\u00e4.","robots":{"index":"index","follow":"follow","max-snippet":"max-snippet:-1","max-image-preview":"max-image-preview:large","max-video-preview":"max-video-preview:-1"},"canonical":"https:\/\/hotelli03.domainhotelli.fi\/~lsdoecli\/tuote\/timpurinkyna-expert-180mm-soft-medium-tai-hard\/","og_locale":"fi_FI","og_type":"article","og_title":"Timpurinkyn\u00e4 Expert Blackedge 180 mm soft, medium tai hard","og_description":"Timpurinkyn\u00e4 180 mm Expert murtumaton lyijy. Timpurinkyn\u00e4 saatavilla soft, medium tai hard kovuudella. Tilaa timpurinkyn\u00e4t netist\u00e4.","og_url":"https:\/\/hotelli03.domainhotelli.fi\/~lsdoecli\/tuote\/timpurinkyna-expert-180mm-soft-medium-tai-hard\/","og_site_name":"JV Tuonti","article_publisher":"https:\/\/www.facebook.com\/JVTuontiOy","article_modified_time":"2021-11-21T07:47:47+00:00","og_image":[{"width":500,"height":500,"url":"https:\/\/hotelli03.domainhotelli.fi\/~lsdoecli\/wp-content\/uploads\/2021\/05\/JVTtimpurinkyna\u0308-kahdeksankulmainen.jpg","type":"image\/jpeg"}],"twitter_card":"summary_large_image","twitter_misc":{"Availability":"In stock"},"schema":{"@context":"https:\/\/schema.org","@graph":[{"@type":["Organization","Place","WholesaleStore"],"@id":"https:\/\/hotelli03.domainhotelli.fi\/~lsdoecli\/#organization","name":"JV Tuonti Oy","url":"https:\/\/hotelli03.domainhotelli.fi\/~lsdoecli\/","sameAs":["https:\/\/instagram.com\/jvtuontioy?utm_medium=copy_link","https:\/\/www.facebook.com\/JVTuontiOy"],"logo":{"@id":"https:\/\/hotelli03.domainhotelli.fi\/~lsdoecli\/tuote\/timpurinkyna-expert-180mm-soft-medium-tai-hard\/#local-main-organization-logo"},"image":{"@id":"https:\/\/hotelli03.domainhotelli.fi\/~lsdoecli\/tuote\/timpurinkyna-expert-180mm-soft-medium-tai-hard\/#local-main-organization-logo"},"address":{"@id":"https:\/\/hotelli03.domainhotelli.fi\/~lsdoecli\/tuote\/timpurinkyna-expert-180mm-soft-medium-tai-hard\/#local-main-place-address"},"geo":{"@type":"GeoCoordinates","latitude":"60.28431","longitude":"24.81654"},"telephone":["0408369980"],"openingHoursSpecification":[{"@type":"OpeningHoursSpecification","dayOfWeek":["Monday","Tuesday","Wednesday","Thursday","Friday"],"opens":"08:00","closes":"16:00"},{"@type":"OpeningHoursSpecification","dayOfWeek":["Saturday","Sunday"],"opens":"00:00","closes":"00:00"}],"email":"myynti@hotelli03.domainhotelli.fi","areaServed":"Suomi, Ruotsi","vatID":"FI30178387","priceRange":"$$","currenciesAccepted":"\u20ac","paymentAccepted":"Lasku, pankkikortti"},{"@type":"WebSite","@id":"https:\/\/hotelli03.domainhotelli.fi\/~lsdoecli\/#website","url":"https:\/\/hotelli03.domainhotelli.fi\/~lsdoecli\/","name":"JV Tuonti","description":"JV Tuonti Oy:n verkkokauppa","publisher":{"@id":"https:\/\/hotelli03.domainhotelli.fi\/~lsdoecli\/#organization"},"potentialAction":[{"@type":"SearchAction","target":{"@type":"EntryPoint","urlTemplate":"https:\/\/hotelli03.domainhotelli.fi\/~lsdoecli\/?s={search_term_string}"},"query-input":"required name=search_term_string"}],"inLanguage":"fi"},{"@type":"ImageObject","inLanguage":"fi","@id":"https:\/\/hotelli03.domainhotelli.fi\/~lsdoecli\/tuote\/timpurinkyna-expert-180mm-soft-medium-tai-hard\/#primaryimage","url":"https:\/\/hotelli03.domainhotelli.fi\/~lsdoecli\/wp-content\/uploads\/2021\/05\/JVTtimpurinkyna\u0308-kahdeksankulmainen.jpg","contentUrl":"https:\/\/hotelli03.domainhotelli.fi\/~lsdoecli\/wp-content\/uploads\/2021\/05\/JVTtimpurinkyna\u0308-kahdeksankulmainen.jpg","width":500,"height":500,"caption":"Timpurinkyn\u00e4 Expert 180 mm soft, medium tai hard"},{"@type":"WebPage","@id":"https:\/\/hotelli03.domainhotelli.fi\/~lsdoecli\/tuote\/timpurinkyna-expert-180mm-soft-medium-tai-hard\/","url":"https:\/\/hotelli03.domainhotelli.fi\/~lsdoecli\/tuote\/timpurinkyna-expert-180mm-soft-medium-tai-hard\/","name":"Timpurinkyn\u00e4 Expert Blackedge 180 mm soft, medium tai hard","isPartOf":{"@id":"https:\/\/hotelli03.domainhotelli.fi\/~lsdoecli\/#website"},"primaryImageOfPage":{"@id":"https:\/\/hotelli03.domainhotelli.fi\/~lsdoecli\/tuote\/timpurinkyna-expert-180mm-soft-medium-tai-hard\/#primaryimage"},"datePublished":"2021-05-06T12:55:41+00:00","dateModified":"2021-11-21T07:47:47+00:00","description":"Timpurinkyn\u00e4 180 mm Expert murtumaton lyijy. Timpurinkyn\u00e4 saatavilla soft, medium tai hard kovuudella. Tilaa timpurinkyn\u00e4t netist\u00e4.","breadcrumb":{"@id":"https:\/\/hotelli03.domainhotelli.fi\/~lsdoecli\/tuote\/timpurinkyna-expert-180mm-soft-medium-tai-hard\/#breadcrumb"},"inLanguage":"fi","potentialAction":[{"@type":"ReadAction","target":["https:\/\/hotelli03.domainhotelli.fi\/~lsdoecli\/tuote\/timpurinkyna-expert-180mm-soft-medium-tai-hard\/"]}]},{"@type":"BreadcrumbList","@id":"https:\/\/hotelli03.domainhotelli.fi\/~lsdoecli\/tuote\/timpurinkyna-expert-180mm-soft-medium-tai-hard\/#breadcrumb","itemListElement":[{"@type":"ListItem","position":1,"name":"Etusivu","item":"https:\/\/hotelli03.domainhotelli.fi\/~lsdoecli\/"},{"@type":"ListItem","position":2,"name":"Kauppa","item":"https:\/\/hotelli03.domainhotelli.fi\/~lsdoecli\/kauppa\/"},{"@type":"ListItem","position":3,"name":"Timpurinkyn\u00e4 Expert Blackedge 180 mm soft, medium tai hard"}]},{"@type":"PostalAddress","@id":"https:\/\/hotelli03.domainhotelli.fi\/~lsdoecli\/tuote\/timpurinkyna-expert-180mm-soft-medium-tai-hard\/#local-main-place-address","streetAddress":"Pyymosantie 5a","addressLocality":"Vantaa","postalCode":"01720","addressCountry":"FI"},{"@type":"ImageObject","inLanguage":"fi","@id":"https:\/\/hotelli03.domainhotelli.fi\/~lsdoecli\/tuote\/timpurinkyna-expert-180mm-soft-medium-tai-hard\/#local-main-organization-logo","url":"https:\/\/hotelli03.domainhotelli.fi\/~lsdoecli\/wp-content\/uploads\/2021\/08\/JVTuonti_logo_nelio.jpg","contentUrl":"https:\/\/hotelli03.domainhotelli.fi\/~lsdoecli\/wp-content\/uploads\/2021\/08\/JVTuonti_logo_nelio.jpg","width":550,"height":550,"caption":"JV Tuonti Oy"}]},"og_availability":"instock","product_availability":"instock","product_condition":"new","geo.placename":"Vantaa","geo.position":{"lat":"60.28431","long":"24.81654"},"geo.region":"Suomi"},"_links":{"self":[{"href":"https:\/\/hotelli03.domainhotelli.fi\/~lsdoecli\/wp-json\/wp\/v2\/product\/4143"}],"collection":[{"href":"https:\/\/hotelli03.domainhotelli.fi\/~lsdoecli\/wp-json\/wp\/v2\/product"}],"about":[{"href":"https:\/\/hotelli03.domainhotelli.fi\/~lsdoecli\/wp-json\/wp\/v2\/types\/product"}],"replies":[{"embeddable":true,"href":"https:\/\/hotelli03.domainhotelli.fi\/~lsdoecli\/wp-json\/wp\/v2\/comments?post=4143"}],"wp:featuredmedia":[{"embeddable":true,"href":"https:\/\/hotelli03.domainhotelli.fi\/~lsdoecli\/wp-json\/wp\/v2\/media\/4149"}],"wp:attachment":[{"href":"https:\/\/hotelli03.domainhotelli.fi\/~lsdoecli\/wp-json\/wp\/v2\/media?parent=4143"}],"wp:term":[{"taxonomy":"product_cat","embeddable":true,"href":"https:\/\/hotelli03.domainhotelli.fi\/~lsdoecli\/wp-json\/wp\/v2\/product_cat?post=4143"},{"taxonomy":"product_tag","embeddable":true,"href":"https:\/\/hotelli03.domainhotelli.fi\/~lsdoecli\/wp-json\/wp\/v2\/product_tag?post=4143"}],"curies":[{"name":"wp","href":"https:\/\/api.w.org\/{rel}","templated":true}]}}