{"id":4119,"date":"2021-05-06T10:51:36","date_gmt":"2021-05-06T10:51:36","guid":{"rendered":"https:\/\/hotelli03.domainhotelli.fi\/~lsdoecli\/woocommerce\/?post_type=product&#038;p=4119"},"modified":"2022-02-13T12:58:02","modified_gmt":"2022-02-13T12:58:02","slug":"puuvillakasine-40-g-valkoinen-akustiikkalevyjen-asennukseen","status":"publish","type":"product","link":"https:\/\/hotelli03.domainhotelli.fi\/~lsdoecli\/tuote\/puuvillakasine-40-g-valkoinen-akustiikkalevyjen-asennukseen\/","title":{"rendered":"Puuvillak\u00e4sine 40 g valkoinen JVT"},"content":{"rendered":"<h1>Puuvillak\u00e4sine 40 g valkoinen JVT<\/h1>\n<p>Puuvillak\u00e4sine 40 g valkoinen on ohut ja kevyt neulottu k\u00e4sine, jota k\u00e4ytet\u00e4\u00e4n mm. \u00a0sis\u00e4kattolevyjen asennuksessa suojaamaan valkoisten akustiikkalevyjen pintaa likaantumiselta asennust\u00f6iden ja alakattolevyjen huollon yhteydess\u00e4.<\/p>\n<p>Akustiset alakattolevyt ovat yleens\u00e4 valmistettu mineraalivillasta ja suurin osa akustiikkalevyist\u00e4 on valkoisia. Alakattolevyjen pinta likaantuu herk\u00e4sti ja koska niiss\u00e4 on yleens\u00e4 r\u00f6pel\u00f6m\u00e4inen pintastruktuuri, niit\u00e4 ei voi korjata maalamalla. K\u00e4yt\u00e4nn\u00f6ss\u00e4 likaantunut levy joudutaan vaihtamaan uuteen, koska pintaa ei oikein saa pudistettua. Puhtaat puuvillak\u00e4sineet suojaavat alakattolevyjen pintaa likaantumiselta.<\/p>\n<p>Puuvillak\u00e4sineit\u00e4 k\u00e4ytet\u00e4\u00e4n my\u00f6s siivouksen, kokoonpanon tai lajittelun yhteydess\u00e4 suojaamaan k\u00e4si\u00e4 likaantumiselta, kun ty\u00f6k\u00e4sineilt\u00e4 ei vaadita suojausluokkia. Voidaan k\u00e4ytt\u00e4\u00e4 my\u00f6s alusk\u00e4sineen\u00e4 ty\u00f6k\u00e4sineiden ja kemikaalik\u00e4isineiden alle.<\/p>\n<p>Puuvill\u00e4k\u00e4sineiden paino 40g\/pari. Valmistettu 100 % puuvillasta. Myyntipakkaus 12 pari.<\/p>\n<p>&nbsp;<\/p>\n<p>&nbsp;<\/p>\n<p class=\"productitem__title--large\">\n","protected":false},"excerpt":{"rendered":"<p>Valkoiset puuvillak\u00e4sineet alakattolevyjen asennukseen ja asennust\u00f6ihin jossa ei vaadita erillist\u00e4 suojausluokkaa. Suoja tuotteita tai k\u00e4si\u00e4 likaantumiselta. Voidaan k\u00e4ytt\u00e4\u00e4 my\u00f6s alusk\u00e4sineen\u00e4.<\/p>\n<p>Myyntipakkaus 12 paria.<\/p>\n","protected":false},"featured_media":8813,"comment_status":"open","ping_status":"closed","template":"","meta":[],"product_cat":[104],"product_tag":[542,541,540,543],"yoast_head":"<!-- This site is optimized with the Yoast SEO Premium plugin v18.9 (Yoast SEO v19.3) - https:\/\/yoast.com\/wordpress\/plugins\/seo\/ -->\n<title>Puuvillak\u00e4sine 40 g valkoinen JVT | JV Tuonti<\/title>\n<meta name=\"description\" content=\"Puuvillak\u00e4sine 40 g valkoinen JVT. Sis\u00e4kattolevyjen asennukseen ja . Tilaa puuvillak\u00e4sineet suoraan netist\u00e4. Nopea toimistus\" \/>\n<meta name=\"robots\" content=\"index, follow, max-snippet:-1, max-image-preview:large, max-video-preview:-1\" \/>\n<link rel=\"canonical\" href=\"https:\/\/hotelli03.domainhotelli.fi\/~lsdoecli\/tuote\/puuvillakasine-40-g-valkoinen-akustiikkalevyjen-asennukseen\/\" \/>\n<meta property=\"og:locale\" content=\"fi_FI\" \/>\n<meta property=\"og:type\" content=\"article\" \/>\n<meta property=\"og:title\" content=\"Puuvillak\u00e4sine 40 g valkoinen JVT\" \/>\n<meta property=\"og:description\" content=\"Puuvillak\u00e4sine 40 g valkoinen JVT. Sis\u00e4kattolevyjen asennukseen ja . Tilaa puuvillak\u00e4sineet suoraan netist\u00e4. Nopea toimistus\" \/>\n<meta property=\"og:url\" content=\"https:\/\/hotelli03.domainhotelli.fi\/~lsdoecli\/tuote\/puuvillakasine-40-g-valkoinen-akustiikkalevyjen-asennukseen\/\" \/>\n<meta property=\"og:site_name\" content=\"JV Tuonti\" \/>\n<meta property=\"article:publisher\" content=\"https:\/\/www.facebook.com\/JVTuontiOy\" \/>\n<meta property=\"article:modified_time\" content=\"2022-02-13T12:58:02+00:00\" \/>\n<meta property=\"og:image\" content=\"https:\/\/hotelli03.domainhotelli.fi\/~lsdoecli\/wp-content\/uploads\/2021\/05\/Puuvillakasine.jpg\" \/>\n\t<meta property=\"og:image:width\" content=\"750\" \/>\n\t<meta property=\"og:image:height\" content=\"750\" \/>\n\t<meta property=\"og:image:type\" content=\"image\/jpeg\" \/>\n<meta name=\"twitter:card\" content=\"summary_large_image\" \/>\n<meta name=\"twitter:label1\" content=\"Price\" \/>\n\t<meta name=\"twitter:data1\" content=\"7,24&nbsp;&euro; Alv 24%N\u00e4yt\u00e4 veroton hinta5,84&nbsp;&euro; Alv 0%N\u00e4yt\u00e4 verollinen hinta\" \/>\n\t<meta name=\"twitter:label2\" content=\"Availability\" \/>\n\t<meta name=\"twitter:data2\" content=\"In stock\" \/>\n<script type=\"application\/ld+json\" class=\"yoast-schema-graph\">{\"@context\":\"https:\/\/schema.org\",\"@graph\":[{\"@type\":[\"Organization\",\"Place\",\"WholesaleStore\"],\"@id\":\"https:\/\/hotelli03.domainhotelli.fi\/~lsdoecli\/#organization\",\"name\":\"JV Tuonti Oy\",\"url\":\"https:\/\/hotelli03.domainhotelli.fi\/~lsdoecli\/\",\"sameAs\":[\"https:\/\/instagram.com\/jvtuontioy?utm_medium=copy_link\",\"https:\/\/www.facebook.com\/JVTuontiOy\"],\"logo\":{\"@id\":\"https:\/\/hotelli03.domainhotelli.fi\/~lsdoecli\/tuote\/puuvillakasine-40-g-valkoinen-akustiikkalevyjen-asennukseen\/#local-main-organization-logo\"},\"image\":{\"@id\":\"https:\/\/hotelli03.domainhotelli.fi\/~lsdoecli\/tuote\/puuvillakasine-40-g-valkoinen-akustiikkalevyjen-asennukseen\/#local-main-organization-logo\"},\"address\":{\"@id\":\"https:\/\/hotelli03.domainhotelli.fi\/~lsdoecli\/tuote\/puuvillakasine-40-g-valkoinen-akustiikkalevyjen-asennukseen\/#local-main-place-address\"},\"geo\":{\"@type\":\"GeoCoordinates\",\"latitude\":\"60.28431\",\"longitude\":\"24.81654\"},\"telephone\":[\"0408369980\"],\"openingHoursSpecification\":[{\"@type\":\"OpeningHoursSpecification\",\"dayOfWeek\":[\"Monday\",\"Tuesday\",\"Wednesday\",\"Thursday\",\"Friday\"],\"opens\":\"08:00\",\"closes\":\"16:00\"},{\"@type\":\"OpeningHoursSpecification\",\"dayOfWeek\":[\"Saturday\",\"Sunday\"],\"opens\":\"00:00\",\"closes\":\"00:00\"}],\"email\":\"myynti@hotelli03.domainhotelli.fi\",\"areaServed\":\"Suomi, Ruotsi\",\"vatID\":\"FI30178387\",\"priceRange\":\"$$\",\"currenciesAccepted\":\"\u20ac\",\"paymentAccepted\":\"Lasku, pankkikortti\"},{\"@type\":\"WebSite\",\"@id\":\"https:\/\/hotelli03.domainhotelli.fi\/~lsdoecli\/#website\",\"url\":\"https:\/\/hotelli03.domainhotelli.fi\/~lsdoecli\/\",\"name\":\"JV Tuonti\",\"description\":\"JV Tuonti Oy:n verkkokauppa\",\"publisher\":{\"@id\":\"https:\/\/hotelli03.domainhotelli.fi\/~lsdoecli\/#organization\"},\"potentialAction\":[{\"@type\":\"SearchAction\",\"target\":{\"@type\":\"EntryPoint\",\"urlTemplate\":\"https:\/\/hotelli03.domainhotelli.fi\/~lsdoecli\/?s={search_term_string}\"},\"query-input\":\"required name=search_term_string\"}],\"inLanguage\":\"fi\"},{\"@type\":\"ImageObject\",\"inLanguage\":\"fi\",\"@id\":\"https:\/\/hotelli03.domainhotelli.fi\/~lsdoecli\/tuote\/puuvillakasine-40-g-valkoinen-akustiikkalevyjen-asennukseen\/#primaryimage\",\"url\":\"https:\/\/hotelli03.domainhotelli.fi\/~lsdoecli\/wp-content\/uploads\/2021\/05\/Puuvillakasine.jpg\",\"contentUrl\":\"https:\/\/hotelli03.domainhotelli.fi\/~lsdoecli\/wp-content\/uploads\/2021\/05\/Puuvillakasine.jpg\",\"width\":750,\"height\":750,\"caption\":\"Puuvillak\u00e4sine 40 g valkoien JVT\"},{\"@type\":\"WebPage\",\"@id\":\"https:\/\/hotelli03.domainhotelli.fi\/~lsdoecli\/tuote\/puuvillakasine-40-g-valkoinen-akustiikkalevyjen-asennukseen\/\",\"url\":\"https:\/\/hotelli03.domainhotelli.fi\/~lsdoecli\/tuote\/puuvillakasine-40-g-valkoinen-akustiikkalevyjen-asennukseen\/\",\"name\":\"Puuvillak\u00e4sine 40 g valkoinen JVT | JV Tuonti\",\"isPartOf\":{\"@id\":\"https:\/\/hotelli03.domainhotelli.fi\/~lsdoecli\/#website\"},\"primaryImageOfPage\":{\"@id\":\"https:\/\/hotelli03.domainhotelli.fi\/~lsdoecli\/tuote\/puuvillakasine-40-g-valkoinen-akustiikkalevyjen-asennukseen\/#primaryimage\"},\"datePublished\":\"2021-05-06T10:51:36+00:00\",\"dateModified\":\"2022-02-13T12:58:02+00:00\",\"description\":\"Puuvillak\u00e4sine 40 g valkoinen JVT. Sis\u00e4kattolevyjen asennukseen ja . Tilaa puuvillak\u00e4sineet suoraan netist\u00e4. Nopea toimistus\",\"breadcrumb\":{\"@id\":\"https:\/\/hotelli03.domainhotelli.fi\/~lsdoecli\/tuote\/puuvillakasine-40-g-valkoinen-akustiikkalevyjen-asennukseen\/#breadcrumb\"},\"inLanguage\":\"fi\",\"potentialAction\":[{\"@type\":\"ReadAction\",\"target\":[\"https:\/\/hotelli03.domainhotelli.fi\/~lsdoecli\/tuote\/puuvillakasine-40-g-valkoinen-akustiikkalevyjen-asennukseen\/\"]}]},{\"@type\":\"BreadcrumbList\",\"@id\":\"https:\/\/hotelli03.domainhotelli.fi\/~lsdoecli\/tuote\/puuvillakasine-40-g-valkoinen-akustiikkalevyjen-asennukseen\/#breadcrumb\",\"itemListElement\":[{\"@type\":\"ListItem\",\"position\":1,\"name\":\"Etusivu\",\"item\":\"https:\/\/hotelli03.domainhotelli.fi\/~lsdoecli\/\"},{\"@type\":\"ListItem\",\"position\":2,\"name\":\"Kauppa\",\"item\":\"https:\/\/hotelli03.domainhotelli.fi\/~lsdoecli\/kauppa\/\"},{\"@type\":\"ListItem\",\"position\":3,\"name\":\"Puuvillak\u00e4sine 40 g valkoinen JVT\"}]},{\"@type\":\"PostalAddress\",\"@id\":\"https:\/\/hotelli03.domainhotelli.fi\/~lsdoecli\/tuote\/puuvillakasine-40-g-valkoinen-akustiikkalevyjen-asennukseen\/#local-main-place-address\",\"streetAddress\":\"Pyymosantie 5a\",\"addressLocality\":\"Vantaa\",\"postalCode\":\"01720\",\"addressCountry\":\"FI\"},{\"@type\":\"ImageObject\",\"inLanguage\":\"fi\",\"@id\":\"https:\/\/hotelli03.domainhotelli.fi\/~lsdoecli\/tuote\/puuvillakasine-40-g-valkoinen-akustiikkalevyjen-asennukseen\/#local-main-organization-logo\",\"url\":\"https:\/\/hotelli03.domainhotelli.fi\/~lsdoecli\/wp-content\/uploads\/2021\/08\/JVTuonti_logo_nelio.jpg\",\"contentUrl\":\"https:\/\/hotelli03.domainhotelli.fi\/~lsdoecli\/wp-content\/uploads\/2021\/08\/JVTuonti_logo_nelio.jpg\",\"width\":550,\"height\":550,\"caption\":\"JV Tuonti Oy\"}]}<\/script>\n<meta property=\"product:price:amount\" content=\"7.24\" \/>\n<meta property=\"product:price:currency\" content=\"EUR\" \/>\n<meta property=\"og:availability\" content=\"instock\" \/>\n<meta property=\"product:availability\" content=\"instock\" \/>\n<meta property=\"product:retailer_item_id\" content=\"JVT8001\" \/>\n<meta property=\"product:condition\" content=\"new\" \/>\n<meta name=\"geo.placename\" content=\"Vantaa\" \/>\n<meta name=\"geo.position\" content=\"60.28431;24.81654\" \/>\n<meta name=\"geo.region\" content=\"Suomi\" \/>\n<!-- \/ Yoast SEO Premium plugin. -->","yoast_head_json":{"title":"Puuvillak\u00e4sine 40 g valkoinen JVT | JV Tuonti","description":"Puuvillak\u00e4sine 40 g valkoinen JVT. Sis\u00e4kattolevyjen asennukseen ja . Tilaa puuvillak\u00e4sineet suoraan netist\u00e4. Nopea toimistus","robots":{"index":"index","follow":"follow","max-snippet":"max-snippet:-1","max-image-preview":"max-image-preview:large","max-video-preview":"max-video-preview:-1"},"canonical":"https:\/\/hotelli03.domainhotelli.fi\/~lsdoecli\/tuote\/puuvillakasine-40-g-valkoinen-akustiikkalevyjen-asennukseen\/","og_locale":"fi_FI","og_type":"article","og_title":"Puuvillak\u00e4sine 40 g valkoinen JVT","og_description":"Puuvillak\u00e4sine 40 g valkoinen JVT. Sis\u00e4kattolevyjen asennukseen ja . Tilaa puuvillak\u00e4sineet suoraan netist\u00e4. Nopea toimistus","og_url":"https:\/\/hotelli03.domainhotelli.fi\/~lsdoecli\/tuote\/puuvillakasine-40-g-valkoinen-akustiikkalevyjen-asennukseen\/","og_site_name":"JV Tuonti","article_publisher":"https:\/\/www.facebook.com\/JVTuontiOy","article_modified_time":"2022-02-13T12:58:02+00:00","og_image":[{"width":750,"height":750,"url":"https:\/\/hotelli03.domainhotelli.fi\/~lsdoecli\/wp-content\/uploads\/2021\/05\/Puuvillakasine.jpg","type":"image\/jpeg"}],"twitter_card":"summary_large_image","twitter_misc":{"Price":"7,24&nbsp;&euro; Alv 24%N\u00e4yt\u00e4 veroton hinta5,84&nbsp;&euro; Alv 0%N\u00e4yt\u00e4 verollinen hinta","Availability":"In stock"},"schema":{"@context":"https:\/\/schema.org","@graph":[{"@type":["Organization","Place","WholesaleStore"],"@id":"https:\/\/hotelli03.domainhotelli.fi\/~lsdoecli\/#organization","name":"JV Tuonti Oy","url":"https:\/\/hotelli03.domainhotelli.fi\/~lsdoecli\/","sameAs":["https:\/\/instagram.com\/jvtuontioy?utm_medium=copy_link","https:\/\/www.facebook.com\/JVTuontiOy"],"logo":{"@id":"https:\/\/hotelli03.domainhotelli.fi\/~lsdoecli\/tuote\/puuvillakasine-40-g-valkoinen-akustiikkalevyjen-asennukseen\/#local-main-organization-logo"},"image":{"@id":"https:\/\/hotelli03.domainhotelli.fi\/~lsdoecli\/tuote\/puuvillakasine-40-g-valkoinen-akustiikkalevyjen-asennukseen\/#local-main-organization-logo"},"address":{"@id":"https:\/\/hotelli03.domainhotelli.fi\/~lsdoecli\/tuote\/puuvillakasine-40-g-valkoinen-akustiikkalevyjen-asennukseen\/#local-main-place-address"},"geo":{"@type":"GeoCoordinates","latitude":"60.28431","longitude":"24.81654"},"telephone":["0408369980"],"openingHoursSpecification":[{"@type":"OpeningHoursSpecification","dayOfWeek":["Monday","Tuesday","Wednesday","Thursday","Friday"],"opens":"08:00","closes":"16:00"},{"@type":"OpeningHoursSpecification","dayOfWeek":["Saturday","Sunday"],"opens":"00:00","closes":"00:00"}],"email":"myynti@hotelli03.domainhotelli.fi","areaServed":"Suomi, Ruotsi","vatID":"FI30178387","priceRange":"$$","currenciesAccepted":"\u20ac","paymentAccepted":"Lasku, pankkikortti"},{"@type":"WebSite","@id":"https:\/\/hotelli03.domainhotelli.fi\/~lsdoecli\/#website","url":"https:\/\/hotelli03.domainhotelli.fi\/~lsdoecli\/","name":"JV Tuonti","description":"JV Tuonti Oy:n verkkokauppa","publisher":{"@id":"https:\/\/hotelli03.domainhotelli.fi\/~lsdoecli\/#organization"},"potentialAction":[{"@type":"SearchAction","target":{"@type":"EntryPoint","urlTemplate":"https:\/\/hotelli03.domainhotelli.fi\/~lsdoecli\/?s={search_term_string}"},"query-input":"required name=search_term_string"}],"inLanguage":"fi"},{"@type":"ImageObject","inLanguage":"fi","@id":"https:\/\/hotelli03.domainhotelli.fi\/~lsdoecli\/tuote\/puuvillakasine-40-g-valkoinen-akustiikkalevyjen-asennukseen\/#primaryimage","url":"https:\/\/hotelli03.domainhotelli.fi\/~lsdoecli\/wp-content\/uploads\/2021\/05\/Puuvillakasine.jpg","contentUrl":"https:\/\/hotelli03.domainhotelli.fi\/~lsdoecli\/wp-content\/uploads\/2021\/05\/Puuvillakasine.jpg","width":750,"height":750,"caption":"Puuvillak\u00e4sine 40 g valkoien JVT"},{"@type":"WebPage","@id":"https:\/\/hotelli03.domainhotelli.fi\/~lsdoecli\/tuote\/puuvillakasine-40-g-valkoinen-akustiikkalevyjen-asennukseen\/","url":"https:\/\/hotelli03.domainhotelli.fi\/~lsdoecli\/tuote\/puuvillakasine-40-g-valkoinen-akustiikkalevyjen-asennukseen\/","name":"Puuvillak\u00e4sine 40 g valkoinen JVT | JV Tuonti","isPartOf":{"@id":"https:\/\/hotelli03.domainhotelli.fi\/~lsdoecli\/#website"},"primaryImageOfPage":{"@id":"https:\/\/hotelli03.domainhotelli.fi\/~lsdoecli\/tuote\/puuvillakasine-40-g-valkoinen-akustiikkalevyjen-asennukseen\/#primaryimage"},"datePublished":"2021-05-06T10:51:36+00:00","dateModified":"2022-02-13T12:58:02+00:00","description":"Puuvillak\u00e4sine 40 g valkoinen JVT. Sis\u00e4kattolevyjen asennukseen ja . Tilaa puuvillak\u00e4sineet suoraan netist\u00e4. Nopea toimistus","breadcrumb":{"@id":"https:\/\/hotelli03.domainhotelli.fi\/~lsdoecli\/tuote\/puuvillakasine-40-g-valkoinen-akustiikkalevyjen-asennukseen\/#breadcrumb"},"inLanguage":"fi","potentialAction":[{"@type":"ReadAction","target":["https:\/\/hotelli03.domainhotelli.fi\/~lsdoecli\/tuote\/puuvillakasine-40-g-valkoinen-akustiikkalevyjen-asennukseen\/"]}]},{"@type":"BreadcrumbList","@id":"https:\/\/hotelli03.domainhotelli.fi\/~lsdoecli\/tuote\/puuvillakasine-40-g-valkoinen-akustiikkalevyjen-asennukseen\/#breadcrumb","itemListElement":[{"@type":"ListItem","position":1,"name":"Etusivu","item":"https:\/\/hotelli03.domainhotelli.fi\/~lsdoecli\/"},{"@type":"ListItem","position":2,"name":"Kauppa","item":"https:\/\/hotelli03.domainhotelli.fi\/~lsdoecli\/kauppa\/"},{"@type":"ListItem","position":3,"name":"Puuvillak\u00e4sine 40 g valkoinen JVT"}]},{"@type":"PostalAddress","@id":"https:\/\/hotelli03.domainhotelli.fi\/~lsdoecli\/tuote\/puuvillakasine-40-g-valkoinen-akustiikkalevyjen-asennukseen\/#local-main-place-address","streetAddress":"Pyymosantie 5a","addressLocality":"Vantaa","postalCode":"01720","addressCountry":"FI"},{"@type":"ImageObject","inLanguage":"fi","@id":"https:\/\/hotelli03.domainhotelli.fi\/~lsdoecli\/tuote\/puuvillakasine-40-g-valkoinen-akustiikkalevyjen-asennukseen\/#local-main-organization-logo","url":"https:\/\/hotelli03.domainhotelli.fi\/~lsdoecli\/wp-content\/uploads\/2021\/08\/JVTuonti_logo_nelio.jpg","contentUrl":"https:\/\/hotelli03.domainhotelli.fi\/~lsdoecli\/wp-content\/uploads\/2021\/08\/JVTuonti_logo_nelio.jpg","width":550,"height":550,"caption":"JV Tuonti Oy"}]},"product_price_amount":"7.24","product_price_currency":"EUR","og_availability":"instock","product_availability":"instock","product_retailer_item_id":"JVT8001","product_condition":"new","geo.placename":"Vantaa","geo.position":{"lat":"60.28431","long":"24.81654"},"geo.region":"Suomi"},"_links":{"self":[{"href":"https:\/\/hotelli03.domainhotelli.fi\/~lsdoecli\/wp-json\/wp\/v2\/product\/4119"}],"collection":[{"href":"https:\/\/hotelli03.domainhotelli.fi\/~lsdoecli\/wp-json\/wp\/v2\/product"}],"about":[{"href":"https:\/\/hotelli03.domainhotelli.fi\/~lsdoecli\/wp-json\/wp\/v2\/types\/product"}],"replies":[{"embeddable":true,"href":"https:\/\/hotelli03.domainhotelli.fi\/~lsdoecli\/wp-json\/wp\/v2\/comments?post=4119"}],"wp:featuredmedia":[{"embeddable":true,"href":"https:\/\/hotelli03.domainhotelli.fi\/~lsdoecli\/wp-json\/wp\/v2\/media\/8813"}],"wp:attachment":[{"href":"https:\/\/hotelli03.domainhotelli.fi\/~lsdoecli\/wp-json\/wp\/v2\/media?parent=4119"}],"wp:term":[{"taxonomy":"product_cat","embeddable":true,"href":"https:\/\/hotelli03.domainhotelli.fi\/~lsdoecli\/wp-json\/wp\/v2\/product_cat?post=4119"},{"taxonomy":"product_tag","embeddable":true,"href":"https:\/\/hotelli03.domainhotelli.fi\/~lsdoecli\/wp-json\/wp\/v2\/product_tag?post=4119"}],"curies":[{"name":"wp","href":"https:\/\/api.w.org\/{rel}","templated":true}]}}