{"id":4105,"date":"2021-05-06T10:27:05","date_gmt":"2021-05-06T10:27:05","guid":{"rendered":"https:\/\/hotelli03.domainhotelli.fi\/~lsdoecli\/woocommerce\/?post_type=product&#038;p=4105"},"modified":"2022-01-20T14:30:26","modified_gmt":"2022-01-20T14:30:26","slug":"k9-kosketusvapaa-automaattinen-kuumemittari-ja-kasidesiannostelija","status":"publish","type":"product","link":"https:\/\/hotelli03.domainhotelli.fi\/~lsdoecli\/tuote\/k9-kosketusvapaa-automaattinen-kuumemittari-ja-kasidesiannostelija\/","title":{"rendered":"K9 Pro kosketusvapaa automaattinen k\u00e4sidesiannostelija l\u00e4mp\u00f6tilamittauksella"},"content":{"rendered":"<h1>K9 Pro kosketusvapaa automaattinen k\u00e4sidesiannostelija l\u00e4mp\u00f6tilamittauksella.<\/h1>\n<p>K\u00e4sidesiannostelijan automaattinen l\u00e4mp\u00f6tilan mittaus ja k\u00e4sien desinfointi auttaa v\u00e4ltt\u00e4m\u00e4\u00e4n tehokkaasti ristiintartunnat. K\u00e4sidesiannostelija h\u00e4lytt\u00e4\u00e4 kun mitattu l\u00e4mp\u00f6tila ylitt\u00e4\u00e4 asetetun rajan.<\/p>\n<ul>\n<li>Eritt\u00e4in nopea l\u00e4mp\u00f6tilan mittaus<\/li>\n<li>S\u00e4\u00e4dett\u00e4v\u00e4 k\u00e4sidesiannostus<\/li>\n<li>Useita kielivaihtoehtoja<\/li>\n<li>automaattinen h\u00e4lytys<\/li>\n<li>\u00e4lyk\u00e4s virrans\u00e4\u00e4st\u00f6 ja automaattinen k\u00e4ynnistys<\/li>\n<\/ul>\n<p>S\u00e4\u00e4dett\u00e4v\u00e4<\/p>\n<p>Sein\u00e4kiinnitys tai p\u00f6yt\u00e4jalusta<\/p>\n<div class=\"page\" title=\"Page 1\">\n<div class=\"section\">\n<div class=\"layoutArea\">\n<div class=\"column\">\n<p>T\u00e4ysin kosketusvapaa, turvallinen valinta<\/p>\n<p>Muista tilata my\u00f6s <a href=\"https:\/\/hotelli03.domainhotelli.fi\/~lsdoecli\/tuote\/kasidesi-500-ml-pumppupullo-diversey-soft-care-des-e\/\">k\u00e4sidesit<\/a>!<\/p>\n<div class=\"page\" title=\"Page 5\">\n<table>\n<colgroup>\n<col \/>\n<col \/>\n<col \/>\n<col \/> <\/colgroup>\n<tbody>\n<tr>\n<td>\n<div class=\"layoutArea\">\n<div class=\"column\">\n<p>Tarkkuus<\/p>\n<\/div>\n<\/div>\n<\/td>\n<td colspan=\"3\" rowspan=\"1\">\n<div class=\"layoutArea\">\n<div class=\"column\">\n<p>Aseta laite tilaan 30 minuuttia ennen sen k\u00e4ytt\u00f6\u00e4<\/p>\n<\/div>\n<\/div>\n<\/td>\n<\/tr>\n<tr>\n<td>\n<div class=\"layoutArea\">\n<div class=\"column\">\n<p>H\u00e4lytys<\/p>\n<\/div>\n<\/div>\n<\/td>\n<td>\n<div class=\"layoutArea\">\n<div class=\"column\">\n<p>Vilkkuva valo ja piippaus<\/p>\n<\/div>\n<\/div>\n<\/td>\n<td>\n<div class=\"layoutArea\">\n<div class=\"column\">\n<p>Virtal\u00e4hde<\/p>\n<\/div>\n<\/div>\n<\/td>\n<td>\n<div class=\"layoutArea\">\n<div class=\"column\">\n<p>USB tai 4 AA paristot<\/p>\n<\/div>\n<\/div>\n<\/td>\n<\/tr>\n<tr>\n<td>\n<div class=\"layoutArea\">\n<div class=\"column\">\n<p>Mittauset\u00e4isyys<\/p>\n<\/div>\n<\/div>\n<\/td>\n<td>\n<div class=\"layoutArea\">\n<div class=\"column\">\n<p>5 cm &#8211; 10 cm<\/p>\n<\/div>\n<\/div>\n<\/td>\n<td>\n<div class=\"layoutArea\">\n<div class=\"column\">\n<p>Teksti<\/p>\n<\/div>\n<\/div>\n<\/td>\n<td>\n<div class=\"layoutArea\">\n<div class=\"column\">\n<p>5W<\/p>\n<\/div>\n<\/div>\n<\/td>\n<\/tr>\n<tr>\n<td>\n<div class=\"layoutArea\">\n<div class=\"column\">\n<p>LED n\u00e4ytt\u00f6<\/p>\n<\/div>\n<\/div>\n<\/td>\n<td>\n<div class=\"layoutArea\">\n<div class=\"column\">\n<p>Numeron\u00e4ytt\u00f6<\/p>\n<\/div>\n<\/div>\n<\/td>\n<td>\n<div class=\"layoutArea\">\n<div class=\"column\">\n<p>Nestetyyppi<\/p>\n<\/div>\n<\/div>\n<\/td>\n<td>\n<div class=\"layoutArea\">\n<div class=\"column\">\n<p>Suihke<\/p>\n<\/div>\n<\/div>\n<\/td>\n<\/tr>\n<tr>\n<td>\n<div class=\"layoutArea\">\n<div class=\"column\">\n<p>H\u00e4lytysraja<\/p>\n<\/div>\n<\/div>\n<\/td>\n<td>\n<div class=\"layoutArea\">\n<div class=\"column\">\n<p>S\u00e4\u00e4dett\u00e4v\u00e4<\/p>\n<\/div>\n<\/div>\n<\/td>\n<td colspan=\"2\" rowspan=\"8\">\n<div class=\"layoutArea\">\n<div class=\"column\">\n<p>Tuotteen edut:<\/p>\n<p>\u2022 Automaattinen annostus<br \/>\n\u2022 Suurikokoinen ter\u00e4v\u00e4piirto n\u00e4ytt\u00f6 \u2022 Eritt\u00e4in tarkka ja luotettava anturi \u2022 \u00c4lyk\u00e4s virrans\u00e4\u00e4st\u00f6 ja automaatti-<\/p>\n<p>nen k\u00e4ynnistys<br \/>\n\u2022 Kielivaihtoehdot: Englanti, Espanja,<\/p>\n<p>Portugali, Kiina, Korea<br \/>\n\u2022 Suurikokoinen nestes\u00e4ili\u00f6<\/p>\n<\/div>\n<\/div>\n<\/td>\n<\/tr>\n<tr>\n<td>\n<div class=\"layoutArea\">\n<div class=\"column\">\n<p>S\u00e4ili\u00f6n tilavuus<\/p>\n<\/div>\n<\/div>\n<\/td>\n<td>\n<div class=\"layoutArea\">\n<div class=\"column\">\n<p>1000 ml<\/p>\n<\/div>\n<\/div>\n<\/td>\n<\/tr>\n<tr>\n<td>\n<div class=\"layoutArea\">\n<div class=\"column\">\n<p>Asennus<\/p>\n<\/div>\n<\/div>\n<\/td>\n<td>\n<div class=\"layoutArea\">\n<div class=\"column\">\n<p>P\u00f6yt\u00e4malli, sein\u00e4kiinnitys, jalusta<\/p>\n<\/div>\n<\/div>\n<\/td>\n<\/tr>\n<tr>\n<td>\n<div class=\"layoutArea\">\n<div class=\"column\">\n<p>Toimintal\u00e4mp\u00f6tila<\/p>\n<\/div>\n<\/div>\n<\/td>\n<td>\n<div class=\"layoutArea\">\n<div class=\"column\">\n<p>10oC-40oC (suositus 15oC-35oC)<\/p>\n<\/div>\n<\/div>\n<\/td>\n<\/tr>\n<tr>\n<td>\n<div class=\"layoutArea\">\n<div class=\"column\">\n<p>Mittausalue<\/p>\n<\/div>\n<\/div>\n<\/td>\n<td>\n<div class=\"layoutArea\">\n<div class=\"column\">\n<p>0oC-50oC +- 0.2oC<\/p>\n<\/div>\n<\/div>\n<\/td>\n<\/tr>\n<tr>\n<td>\n<div class=\"layoutArea\">\n<div class=\"column\">\n<p>Lepotila<\/p>\n<\/div>\n<\/div>\n<\/td>\n<td>\n<div class=\"layoutArea\">\n<div class=\"column\">\n<p>Laite siiryy lepotilaan 5 s j\u00e4lkeen<\/p>\n<\/div>\n<\/div>\n<\/td>\n<\/tr>\n<tr>\n<td>\n<div class=\"layoutArea\">\n<div class=\"column\">\n<p>Mitat<\/p>\n<\/div>\n<\/div>\n<\/td>\n<td>\n<div class=\"layoutArea\">\n<div class=\"column\">\n<p>119 mm x 133 mm x 280 mm<\/p>\n<\/div>\n<\/div>\n<\/td>\n<\/tr>\n<tr>\n<td>\n<div class=\"layoutArea\">\n<div class=\"column\">\n<p>Paino<\/p>\n<\/div>\n<\/div>\n<\/td>\n<td>\n<div class=\"layoutArea\">\n<div class=\"column\">\n<p>952 g<\/p>\n<\/div>\n<\/div>\n<\/td>\n<\/tr>\n<\/tbody>\n<\/table>\n<\/div>\n<\/div>\n<\/div>\n<\/div>\n<\/div>\n","protected":false},"excerpt":{"rendered":"<p>K9 Pro Kosketusvapaa automaattinen Kuumemittari ja Desinfiointilaite &#8211; Sein\u00e4kiinnitys<\/p>\n<div class=\"page\" title=\"Page 1\">\n<div class=\"section\">\n<div class=\"layoutArea\">\n<div class=\"column\">\n<p>T\u00e4ysin kosketusvapaa, turvallinen valinta<\/p>\n<p>Automaattinen l\u00e4mp\u00f6tilan mittaus ja k\u00e4sien desinfiointi auttaa v\u00e4tt\u00e4m\u00e4\u00e4n tehokkaasti ristiintartunnat.<\/p>\n<\/div>\n<\/div>\n<\/div>\n<\/div>\n","protected":false},"featured_media":4110,"comment_status":"open","ping_status":"closed","template":"","meta":[],"product_cat":[1007],"product_tag":[537,535,539,533,534,536,538],"yoast_head":"<!-- This site is optimized with the Yoast SEO Premium plugin v18.9 (Yoast SEO v19.3) - https:\/\/yoast.com\/wordpress\/plugins\/seo\/ -->\n<title>Automaattinen k\u00e4sidesiannostelija l\u00e4mp\u00f6tilamittauksella | JV Tuonti<\/title>\n<meta name=\"description\" content=\"K\u00e4sidesiannostelija ja automaattinen l\u00e4mp\u00f6tilan mittaus! K\u00e4sien desinfointi ja kuumeen mittaus auttaa v\u00e4ltt\u00e4m\u00e4\u00e4n tehokkaasti ristitartunnat.\" \/>\n<meta name=\"robots\" content=\"index, follow, max-snippet:-1, max-image-preview:large, max-video-preview:-1\" \/>\n<link rel=\"canonical\" href=\"https:\/\/hotelli03.domainhotelli.fi\/~lsdoecli\/tuote\/k9-kosketusvapaa-automaattinen-kuumemittari-ja-kasidesiannostelija\/\" \/>\n<meta property=\"og:locale\" content=\"fi_FI\" \/>\n<meta property=\"og:type\" content=\"article\" \/>\n<meta property=\"og:title\" content=\"K9 Pro kosketusvapaa automaattinen k\u00e4sidesiannostelija l\u00e4mp\u00f6tilamittauksella\" \/>\n<meta property=\"og:description\" content=\"K\u00e4sidesiannostelija ja automaattinen l\u00e4mp\u00f6tilan mittaus! K\u00e4sien desinfointi ja kuumeen mittaus auttaa v\u00e4ltt\u00e4m\u00e4\u00e4n tehokkaasti ristitartunnat.\" \/>\n<meta property=\"og:url\" content=\"https:\/\/hotelli03.domainhotelli.fi\/~lsdoecli\/tuote\/k9-kosketusvapaa-automaattinen-kuumemittari-ja-kasidesiannostelija\/\" \/>\n<meta property=\"og:site_name\" content=\"JV Tuonti\" \/>\n<meta property=\"article:publisher\" content=\"https:\/\/www.facebook.com\/JVTuontiOy\" \/>\n<meta property=\"article:modified_time\" content=\"2022-01-20T14:30:26+00:00\" \/>\n<meta property=\"og:image\" content=\"https:\/\/hotelli03.domainhotelli.fi\/~lsdoecli\/wp-content\/uploads\/2021\/05\/K9-Pro-Kosketusvapaa-automaattinen-Kuumemittari-ja-Desinfiointilaite-scaled.jpg\" \/>\n\t<meta property=\"og:image:width\" content=\"2560\" \/>\n\t<meta property=\"og:image:height\" content=\"2560\" \/>\n\t<meta property=\"og:image:type\" content=\"image\/jpeg\" \/>\n<meta name=\"twitter:card\" content=\"summary_large_image\" \/>\n<meta name=\"twitter:label1\" content=\"Price\" \/>\n\t<meta name=\"twitter:data1\" content=\"76,88&nbsp;&euro; Alv 24%N\u00e4yt\u00e4 veroton hinta62,00&nbsp;&euro; Alv 0%N\u00e4yt\u00e4 verollinen hinta\" \/>\n\t<meta name=\"twitter:label2\" content=\"Availability\" \/>\n\t<meta name=\"twitter:data2\" content=\"In stock\" \/>\n<script type=\"application\/ld+json\" class=\"yoast-schema-graph\">{\"@context\":\"https:\/\/schema.org\",\"@graph\":[{\"@type\":[\"Organization\",\"Place\",\"WholesaleStore\"],\"@id\":\"https:\/\/hotelli03.domainhotelli.fi\/~lsdoecli\/#organization\",\"name\":\"JV Tuonti Oy\",\"url\":\"https:\/\/hotelli03.domainhotelli.fi\/~lsdoecli\/\",\"sameAs\":[\"https:\/\/instagram.com\/jvtuontioy?utm_medium=copy_link\",\"https:\/\/www.facebook.com\/JVTuontiOy\"],\"logo\":{\"@id\":\"https:\/\/hotelli03.domainhotelli.fi\/~lsdoecli\/tuote\/k9-kosketusvapaa-automaattinen-kuumemittari-ja-kasidesiannostelija\/#local-main-organization-logo\"},\"image\":{\"@id\":\"https:\/\/hotelli03.domainhotelli.fi\/~lsdoecli\/tuote\/k9-kosketusvapaa-automaattinen-kuumemittari-ja-kasidesiannostelija\/#local-main-organization-logo\"},\"address\":{\"@id\":\"https:\/\/hotelli03.domainhotelli.fi\/~lsdoecli\/tuote\/k9-kosketusvapaa-automaattinen-kuumemittari-ja-kasidesiannostelija\/#local-main-place-address\"},\"geo\":{\"@type\":\"GeoCoordinates\",\"latitude\":\"60.28431\",\"longitude\":\"24.81654\"},\"telephone\":[\"0408369980\"],\"openingHoursSpecification\":[{\"@type\":\"OpeningHoursSpecification\",\"dayOfWeek\":[\"Monday\",\"Tuesday\",\"Wednesday\",\"Thursday\",\"Friday\"],\"opens\":\"08:00\",\"closes\":\"16:00\"},{\"@type\":\"OpeningHoursSpecification\",\"dayOfWeek\":[\"Saturday\",\"Sunday\"],\"opens\":\"00:00\",\"closes\":\"00:00\"}],\"email\":\"myynti@hotelli03.domainhotelli.fi\",\"areaServed\":\"Suomi, Ruotsi\",\"vatID\":\"FI30178387\",\"priceRange\":\"$$\",\"currenciesAccepted\":\"\u20ac\",\"paymentAccepted\":\"Lasku, pankkikortti\"},{\"@type\":\"WebSite\",\"@id\":\"https:\/\/hotelli03.domainhotelli.fi\/~lsdoecli\/#website\",\"url\":\"https:\/\/hotelli03.domainhotelli.fi\/~lsdoecli\/\",\"name\":\"JV Tuonti\",\"description\":\"JV Tuonti Oy:n verkkokauppa\",\"publisher\":{\"@id\":\"https:\/\/hotelli03.domainhotelli.fi\/~lsdoecli\/#organization\"},\"potentialAction\":[{\"@type\":\"SearchAction\",\"target\":{\"@type\":\"EntryPoint\",\"urlTemplate\":\"https:\/\/hotelli03.domainhotelli.fi\/~lsdoecli\/?s={search_term_string}\"},\"query-input\":\"required name=search_term_string\"}],\"inLanguage\":\"fi\"},{\"@type\":\"ImageObject\",\"inLanguage\":\"fi\",\"@id\":\"https:\/\/hotelli03.domainhotelli.fi\/~lsdoecli\/tuote\/k9-kosketusvapaa-automaattinen-kuumemittari-ja-kasidesiannostelija\/#primaryimage\",\"url\":\"https:\/\/hotelli03.domainhotelli.fi\/~lsdoecli\/wp-content\/uploads\/2021\/05\/K9-Pro-Kosketusvapaa-automaattinen-Kuumemittari-ja-Desinfiointilaite-scaled.jpg\",\"contentUrl\":\"https:\/\/hotelli03.domainhotelli.fi\/~lsdoecli\/wp-content\/uploads\/2021\/05\/K9-Pro-Kosketusvapaa-automaattinen-Kuumemittari-ja-Desinfiointilaite-scaled.jpg\",\"width\":2560,\"height\":2560,\"caption\":\"K9 Pro Kosketusvapaa automaattinen Kuumemittari ja k\u00e4sidesiannostelija\"},{\"@type\":\"WebPage\",\"@id\":\"https:\/\/hotelli03.domainhotelli.fi\/~lsdoecli\/tuote\/k9-kosketusvapaa-automaattinen-kuumemittari-ja-kasidesiannostelija\/\",\"url\":\"https:\/\/hotelli03.domainhotelli.fi\/~lsdoecli\/tuote\/k9-kosketusvapaa-automaattinen-kuumemittari-ja-kasidesiannostelija\/\",\"name\":\"Automaattinen k\u00e4sidesiannostelija l\u00e4mp\u00f6tilamittauksella | JV Tuonti\",\"isPartOf\":{\"@id\":\"https:\/\/hotelli03.domainhotelli.fi\/~lsdoecli\/#website\"},\"primaryImageOfPage\":{\"@id\":\"https:\/\/hotelli03.domainhotelli.fi\/~lsdoecli\/tuote\/k9-kosketusvapaa-automaattinen-kuumemittari-ja-kasidesiannostelija\/#primaryimage\"},\"datePublished\":\"2021-05-06T10:27:05+00:00\",\"dateModified\":\"2022-01-20T14:30:26+00:00\",\"description\":\"K\u00e4sidesiannostelija ja automaattinen l\u00e4mp\u00f6tilan mittaus! K\u00e4sien desinfointi ja kuumeen mittaus auttaa v\u00e4ltt\u00e4m\u00e4\u00e4n tehokkaasti ristitartunnat.\",\"breadcrumb\":{\"@id\":\"https:\/\/hotelli03.domainhotelli.fi\/~lsdoecli\/tuote\/k9-kosketusvapaa-automaattinen-kuumemittari-ja-kasidesiannostelija\/#breadcrumb\"},\"inLanguage\":\"fi\",\"potentialAction\":[{\"@type\":\"ReadAction\",\"target\":[\"https:\/\/hotelli03.domainhotelli.fi\/~lsdoecli\/tuote\/k9-kosketusvapaa-automaattinen-kuumemittari-ja-kasidesiannostelija\/\"]}]},{\"@type\":\"BreadcrumbList\",\"@id\":\"https:\/\/hotelli03.domainhotelli.fi\/~lsdoecli\/tuote\/k9-kosketusvapaa-automaattinen-kuumemittari-ja-kasidesiannostelija\/#breadcrumb\",\"itemListElement\":[{\"@type\":\"ListItem\",\"position\":1,\"name\":\"Etusivu\",\"item\":\"https:\/\/hotelli03.domainhotelli.fi\/~lsdoecli\/\"},{\"@type\":\"ListItem\",\"position\":2,\"name\":\"Kauppa\",\"item\":\"https:\/\/hotelli03.domainhotelli.fi\/~lsdoecli\/kauppa\/\"},{\"@type\":\"ListItem\",\"position\":3,\"name\":\"K9 Pro kosketusvapaa automaattinen k\u00e4sidesiannostelija l\u00e4mp\u00f6tilamittauksella\"}]},{\"@type\":\"PostalAddress\",\"@id\":\"https:\/\/hotelli03.domainhotelli.fi\/~lsdoecli\/tuote\/k9-kosketusvapaa-automaattinen-kuumemittari-ja-kasidesiannostelija\/#local-main-place-address\",\"streetAddress\":\"Pyymosantie 5a\",\"addressLocality\":\"Vantaa\",\"postalCode\":\"01720\",\"addressCountry\":\"FI\"},{\"@type\":\"ImageObject\",\"inLanguage\":\"fi\",\"@id\":\"https:\/\/hotelli03.domainhotelli.fi\/~lsdoecli\/tuote\/k9-kosketusvapaa-automaattinen-kuumemittari-ja-kasidesiannostelija\/#local-main-organization-logo\",\"url\":\"https:\/\/hotelli03.domainhotelli.fi\/~lsdoecli\/wp-content\/uploads\/2021\/08\/JVTuonti_logo_nelio.jpg\",\"contentUrl\":\"https:\/\/hotelli03.domainhotelli.fi\/~lsdoecli\/wp-content\/uploads\/2021\/08\/JVTuonti_logo_nelio.jpg\",\"width\":550,\"height\":550,\"caption\":\"JV Tuonti Oy\"}]}<\/script>\n<meta property=\"product:price:amount\" content=\"76.88\" \/>\n<meta property=\"product:price:currency\" content=\"EUR\" \/>\n<meta property=\"og:availability\" content=\"instock\" \/>\n<meta property=\"product:availability\" content=\"instock\" \/>\n<meta property=\"product:retailer_item_id\" content=\"K9PRO\" \/>\n<meta property=\"product:condition\" content=\"new\" \/>\n<meta name=\"geo.placename\" content=\"Vantaa\" \/>\n<meta name=\"geo.position\" content=\"60.28431;24.81654\" \/>\n<meta name=\"geo.region\" content=\"Suomi\" \/>\n<!-- \/ Yoast SEO Premium plugin. -->","yoast_head_json":{"title":"Automaattinen k\u00e4sidesiannostelija l\u00e4mp\u00f6tilamittauksella | JV Tuonti","description":"K\u00e4sidesiannostelija ja automaattinen l\u00e4mp\u00f6tilan mittaus! K\u00e4sien desinfointi ja kuumeen mittaus auttaa v\u00e4ltt\u00e4m\u00e4\u00e4n tehokkaasti ristitartunnat.","robots":{"index":"index","follow":"follow","max-snippet":"max-snippet:-1","max-image-preview":"max-image-preview:large","max-video-preview":"max-video-preview:-1"},"canonical":"https:\/\/hotelli03.domainhotelli.fi\/~lsdoecli\/tuote\/k9-kosketusvapaa-automaattinen-kuumemittari-ja-kasidesiannostelija\/","og_locale":"fi_FI","og_type":"article","og_title":"K9 Pro kosketusvapaa automaattinen k\u00e4sidesiannostelija l\u00e4mp\u00f6tilamittauksella","og_description":"K\u00e4sidesiannostelija ja automaattinen l\u00e4mp\u00f6tilan mittaus! K\u00e4sien desinfointi ja kuumeen mittaus auttaa v\u00e4ltt\u00e4m\u00e4\u00e4n tehokkaasti ristitartunnat.","og_url":"https:\/\/hotelli03.domainhotelli.fi\/~lsdoecli\/tuote\/k9-kosketusvapaa-automaattinen-kuumemittari-ja-kasidesiannostelija\/","og_site_name":"JV Tuonti","article_publisher":"https:\/\/www.facebook.com\/JVTuontiOy","article_modified_time":"2022-01-20T14:30:26+00:00","og_image":[{"width":2560,"height":2560,"url":"https:\/\/hotelli03.domainhotelli.fi\/~lsdoecli\/wp-content\/uploads\/2021\/05\/K9-Pro-Kosketusvapaa-automaattinen-Kuumemittari-ja-Desinfiointilaite-scaled.jpg","type":"image\/jpeg"}],"twitter_card":"summary_large_image","twitter_misc":{"Price":"76,88&nbsp;&euro; Alv 24%N\u00e4yt\u00e4 veroton hinta62,00&nbsp;&euro; Alv 0%N\u00e4yt\u00e4 verollinen hinta","Availability":"In stock"},"schema":{"@context":"https:\/\/schema.org","@graph":[{"@type":["Organization","Place","WholesaleStore"],"@id":"https:\/\/hotelli03.domainhotelli.fi\/~lsdoecli\/#organization","name":"JV Tuonti Oy","url":"https:\/\/hotelli03.domainhotelli.fi\/~lsdoecli\/","sameAs":["https:\/\/instagram.com\/jvtuontioy?utm_medium=copy_link","https:\/\/www.facebook.com\/JVTuontiOy"],"logo":{"@id":"https:\/\/hotelli03.domainhotelli.fi\/~lsdoecli\/tuote\/k9-kosketusvapaa-automaattinen-kuumemittari-ja-kasidesiannostelija\/#local-main-organization-logo"},"image":{"@id":"https:\/\/hotelli03.domainhotelli.fi\/~lsdoecli\/tuote\/k9-kosketusvapaa-automaattinen-kuumemittari-ja-kasidesiannostelija\/#local-main-organization-logo"},"address":{"@id":"https:\/\/hotelli03.domainhotelli.fi\/~lsdoecli\/tuote\/k9-kosketusvapaa-automaattinen-kuumemittari-ja-kasidesiannostelija\/#local-main-place-address"},"geo":{"@type":"GeoCoordinates","latitude":"60.28431","longitude":"24.81654"},"telephone":["0408369980"],"openingHoursSpecification":[{"@type":"OpeningHoursSpecification","dayOfWeek":["Monday","Tuesday","Wednesday","Thursday","Friday"],"opens":"08:00","closes":"16:00"},{"@type":"OpeningHoursSpecification","dayOfWeek":["Saturday","Sunday"],"opens":"00:00","closes":"00:00"}],"email":"myynti@hotelli03.domainhotelli.fi","areaServed":"Suomi, Ruotsi","vatID":"FI30178387","priceRange":"$$","currenciesAccepted":"\u20ac","paymentAccepted":"Lasku, pankkikortti"},{"@type":"WebSite","@id":"https:\/\/hotelli03.domainhotelli.fi\/~lsdoecli\/#website","url":"https:\/\/hotelli03.domainhotelli.fi\/~lsdoecli\/","name":"JV Tuonti","description":"JV Tuonti Oy:n verkkokauppa","publisher":{"@id":"https:\/\/hotelli03.domainhotelli.fi\/~lsdoecli\/#organization"},"potentialAction":[{"@type":"SearchAction","target":{"@type":"EntryPoint","urlTemplate":"https:\/\/hotelli03.domainhotelli.fi\/~lsdoecli\/?s={search_term_string}"},"query-input":"required name=search_term_string"}],"inLanguage":"fi"},{"@type":"ImageObject","inLanguage":"fi","@id":"https:\/\/hotelli03.domainhotelli.fi\/~lsdoecli\/tuote\/k9-kosketusvapaa-automaattinen-kuumemittari-ja-kasidesiannostelija\/#primaryimage","url":"https:\/\/hotelli03.domainhotelli.fi\/~lsdoecli\/wp-content\/uploads\/2021\/05\/K9-Pro-Kosketusvapaa-automaattinen-Kuumemittari-ja-Desinfiointilaite-scaled.jpg","contentUrl":"https:\/\/hotelli03.domainhotelli.fi\/~lsdoecli\/wp-content\/uploads\/2021\/05\/K9-Pro-Kosketusvapaa-automaattinen-Kuumemittari-ja-Desinfiointilaite-scaled.jpg","width":2560,"height":2560,"caption":"K9 Pro Kosketusvapaa automaattinen Kuumemittari ja k\u00e4sidesiannostelija"},{"@type":"WebPage","@id":"https:\/\/hotelli03.domainhotelli.fi\/~lsdoecli\/tuote\/k9-kosketusvapaa-automaattinen-kuumemittari-ja-kasidesiannostelija\/","url":"https:\/\/hotelli03.domainhotelli.fi\/~lsdoecli\/tuote\/k9-kosketusvapaa-automaattinen-kuumemittari-ja-kasidesiannostelija\/","name":"Automaattinen k\u00e4sidesiannostelija l\u00e4mp\u00f6tilamittauksella | JV Tuonti","isPartOf":{"@id":"https:\/\/hotelli03.domainhotelli.fi\/~lsdoecli\/#website"},"primaryImageOfPage":{"@id":"https:\/\/hotelli03.domainhotelli.fi\/~lsdoecli\/tuote\/k9-kosketusvapaa-automaattinen-kuumemittari-ja-kasidesiannostelija\/#primaryimage"},"datePublished":"2021-05-06T10:27:05+00:00","dateModified":"2022-01-20T14:30:26+00:00","description":"K\u00e4sidesiannostelija ja automaattinen l\u00e4mp\u00f6tilan mittaus! K\u00e4sien desinfointi ja kuumeen mittaus auttaa v\u00e4ltt\u00e4m\u00e4\u00e4n tehokkaasti ristitartunnat.","breadcrumb":{"@id":"https:\/\/hotelli03.domainhotelli.fi\/~lsdoecli\/tuote\/k9-kosketusvapaa-automaattinen-kuumemittari-ja-kasidesiannostelija\/#breadcrumb"},"inLanguage":"fi","potentialAction":[{"@type":"ReadAction","target":["https:\/\/hotelli03.domainhotelli.fi\/~lsdoecli\/tuote\/k9-kosketusvapaa-automaattinen-kuumemittari-ja-kasidesiannostelija\/"]}]},{"@type":"BreadcrumbList","@id":"https:\/\/hotelli03.domainhotelli.fi\/~lsdoecli\/tuote\/k9-kosketusvapaa-automaattinen-kuumemittari-ja-kasidesiannostelija\/#breadcrumb","itemListElement":[{"@type":"ListItem","position":1,"name":"Etusivu","item":"https:\/\/hotelli03.domainhotelli.fi\/~lsdoecli\/"},{"@type":"ListItem","position":2,"name":"Kauppa","item":"https:\/\/hotelli03.domainhotelli.fi\/~lsdoecli\/kauppa\/"},{"@type":"ListItem","position":3,"name":"K9 Pro kosketusvapaa automaattinen k\u00e4sidesiannostelija l\u00e4mp\u00f6tilamittauksella"}]},{"@type":"PostalAddress","@id":"https:\/\/hotelli03.domainhotelli.fi\/~lsdoecli\/tuote\/k9-kosketusvapaa-automaattinen-kuumemittari-ja-kasidesiannostelija\/#local-main-place-address","streetAddress":"Pyymosantie 5a","addressLocality":"Vantaa","postalCode":"01720","addressCountry":"FI"},{"@type":"ImageObject","inLanguage":"fi","@id":"https:\/\/hotelli03.domainhotelli.fi\/~lsdoecli\/tuote\/k9-kosketusvapaa-automaattinen-kuumemittari-ja-kasidesiannostelija\/#local-main-organization-logo","url":"https:\/\/hotelli03.domainhotelli.fi\/~lsdoecli\/wp-content\/uploads\/2021\/08\/JVTuonti_logo_nelio.jpg","contentUrl":"https:\/\/hotelli03.domainhotelli.fi\/~lsdoecli\/wp-content\/uploads\/2021\/08\/JVTuonti_logo_nelio.jpg","width":550,"height":550,"caption":"JV Tuonti Oy"}]},"product_price_amount":"76.88","product_price_currency":"EUR","og_availability":"instock","product_availability":"instock","product_retailer_item_id":"K9PRO","product_condition":"new","geo.placename":"Vantaa","geo.position":{"lat":"60.28431","long":"24.81654"},"geo.region":"Suomi"},"_links":{"self":[{"href":"https:\/\/hotelli03.domainhotelli.fi\/~lsdoecli\/wp-json\/wp\/v2\/product\/4105"}],"collection":[{"href":"https:\/\/hotelli03.domainhotelli.fi\/~lsdoecli\/wp-json\/wp\/v2\/product"}],"about":[{"href":"https:\/\/hotelli03.domainhotelli.fi\/~lsdoecli\/wp-json\/wp\/v2\/types\/product"}],"replies":[{"embeddable":true,"href":"https:\/\/hotelli03.domainhotelli.fi\/~lsdoecli\/wp-json\/wp\/v2\/comments?post=4105"}],"wp:featuredmedia":[{"embeddable":true,"href":"https:\/\/hotelli03.domainhotelli.fi\/~lsdoecli\/wp-json\/wp\/v2\/media\/4110"}],"wp:attachment":[{"href":"https:\/\/hotelli03.domainhotelli.fi\/~lsdoecli\/wp-json\/wp\/v2\/media?parent=4105"}],"wp:term":[{"taxonomy":"product_cat","embeddable":true,"href":"https:\/\/hotelli03.domainhotelli.fi\/~lsdoecli\/wp-json\/wp\/v2\/product_cat?post=4105"},{"taxonomy":"product_tag","embeddable":true,"href":"https:\/\/hotelli03.domainhotelli.fi\/~lsdoecli\/wp-json\/wp\/v2\/product_tag?post=4105"}],"curies":[{"name":"wp","href":"https:\/\/api.w.org\/{rel}","templated":true}]}}