{"id":3985,"date":"2021-05-04T12:19:13","date_gmt":"2021-05-04T12:19:13","guid":{"rendered":"https:\/\/hotelli03.domainhotelli.fi\/~lsdoecli\/woocommerce\/?post_type=product&#038;p=3985"},"modified":"2021-12-02T06:45:23","modified_gmt":"2021-12-02T06:45:23","slug":"jvt-pro-safety-putoamissuojain-kokovaljaat","status":"publish","type":"product","link":"https:\/\/hotelli03.domainhotelli.fi\/~lsdoecli\/tuote\/jvt-pro-safety-putoamissuojain-kokovaljaat\/","title":{"rendered":"Turvavaljaat JVT PRO Safety kokovaljaat"},"content":{"rendered":"<p>Turvaljaat JVT PRO Safety on ammattik\u00e4ytt\u00f6\u00f6n suunnitellut valjaat kattot\u00f6ihin ja pelastust\u00f6ihin. Turvavaljaat on eritt\u00e4in laadukkaat ja ne on nopeasti puettavat ja riisuttavat. Valjaissa on pukemista ja riisumista helpottavat pikalukkot valjaiden jalkaleinkeiss\u00e4 ja edess\u00e4. Valjaiden jalkalenkit, selk\u00e4 &#8211; ja lantionosa sek\u00e4 turvavaljaiden olkahihnat ovat pehmustettu eritt\u00e4in leve\u00e4ll\u00e4 pehmusteella, mik\u00e4 varmista ett\u00e4 turvalvajaat istuvat mukavasti koko k\u00e4yt\u00f6n aikana.<\/p>\n<p>Turvavaljaat JVT PRO Safety kiinnityspisteet:<\/p>\n<ul>\n<li>2 kpl sivukiinnityspisteit\u00e4 (D rengas) lantiovy\u00f6ll\u00e4 putoamisen est\u00e4mist\u00e4 ja ty\u00f6asemointi varten<\/li>\n<li>1 kpl selk\u00e4kiinnitysrengas (D-rengas) putoamisen est\u00e4mist\u00e4 varten ja ty\u00f6asemointia varten<\/li>\n<li>2 kpl kiinnityspistett\u00e4 putoamisen est\u00e4mist\u00e4 varten etuosassa<\/li>\n<\/ul>\n<p>Turvavaljaat on s\u00e4\u00e4dett\u00e4v\u00e4t rinta-, lantio- ja jalkahihnoista.<\/p>\n<p>Turvavaljaissa on 4 kpl rengasta ty\u00f6kalujen kiinnitt\u00e4mist\u00e4 varten sivuilla valjaiden sivussa.<\/p>\n<p>Valjaiden materiaali 100 % polyesteri.<\/p>\n<p>JVT PRO Safety turvavaljaat on suunniteltu teollisuuden, energia -ja s\u00e4hk\u00f6 ja telealan sek\u00e4 pelastusalan tarpeisiin.<\/p>\n<p>Kantolaukussa valjaat ja liitosk\u00f6ysi nyk\u00e4isyvaimentimella.<\/p>\n<p>Hyv\u00e4ksynn\u00e4t: CE EN 361, EN 358, EN 1497<\/p>\n<p>&nbsp;<\/p>\n","protected":false},"excerpt":{"rendered":"<p>Ammattik\u00e4ytt\u00f6\u00f6n suunnitellut JVT PRO SAFETY kokovaljaat.<\/p>\n<p>Nopeasti puettavat, pikalukot jalkaleinkeiss\u00e4 ja edess\u00e4.<\/p>\n<p>&nbsp;<\/p>\n<p>Hyv\u00e4ksynn\u00e4t: CE EN 361, EN 358, EN 1497<\/p>\n<p>&nbsp;<\/p>\n<p>&nbsp;<\/p>\n","protected":false},"featured_media":3986,"comment_status":"open","ping_status":"closed","template":"","meta":[],"product_cat":[460],"product_tag":[576,577,575,462,461],"yoast_head":"<!-- This site is optimized with the Yoast SEO Premium plugin v18.9 (Yoast SEO v19.3) - https:\/\/yoast.com\/wordpress\/plugins\/seo\/ -->\n<title>Turvavaljaat PRO JVT Safety katolle ja korkeille paikoille | JV Tuonti<\/title>\n<meta name=\"description\" content=\"Turvalvajlaat PRO JVT Safety katolle ja korkeille paikoille. Eritt\u00e4in laadukkaat, pikalukot jalkalenkeiss\u00e4 ja edess\u00e4. Tilaa valjaat katolle.\" \/>\n<meta name=\"robots\" content=\"index, follow, max-snippet:-1, max-image-preview:large, max-video-preview:-1\" \/>\n<link rel=\"canonical\" href=\"https:\/\/hotelli03.domainhotelli.fi\/~lsdoecli\/tuote\/jvt-pro-safety-putoamissuojain-kokovaljaat\/\" \/>\n<meta property=\"og:locale\" content=\"fi_FI\" \/>\n<meta property=\"og:type\" content=\"article\" \/>\n<meta property=\"og:title\" content=\"Turvavaljaat JVT PRO Safety kokovaljaat\" \/>\n<meta property=\"og:description\" content=\"Turvalvajlaat PRO JVT Safety katolle ja korkeille paikoille. Eritt\u00e4in laadukkaat, pikalukot jalkalenkeiss\u00e4 ja edess\u00e4. Tilaa valjaat katolle.\" \/>\n<meta property=\"og:url\" content=\"https:\/\/hotelli03.domainhotelli.fi\/~lsdoecli\/tuote\/jvt-pro-safety-putoamissuojain-kokovaljaat\/\" \/>\n<meta property=\"og:site_name\" content=\"JV Tuonti\" \/>\n<meta property=\"article:publisher\" content=\"https:\/\/www.facebook.com\/JVTuontiOy\" \/>\n<meta property=\"article:modified_time\" content=\"2021-12-02T06:45:23+00:00\" \/>\n<meta property=\"og:image\" content=\"https:\/\/hotelli03.domainhotelli.fi\/~lsdoecli\/wp-content\/uploads\/2021\/05\/JVTProvaljaat-scaled.jpg\" \/>\n\t<meta property=\"og:image:width\" content=\"2560\" \/>\n\t<meta property=\"og:image:height\" content=\"2560\" \/>\n\t<meta property=\"og:image:type\" content=\"image\/jpeg\" \/>\n<meta name=\"twitter:card\" content=\"summary_large_image\" \/>\n<meta name=\"twitter:label1\" content=\"Price\" \/>\n\t<meta name=\"twitter:data1\" content=\"182,28&nbsp;&euro; Alv 24%N\u00e4yt\u00e4 veroton hinta147,00&nbsp;&euro; Alv 0%N\u00e4yt\u00e4 verollinen hinta\" \/>\n\t<meta name=\"twitter:label2\" content=\"Availability\" \/>\n\t<meta name=\"twitter:data2\" content=\"In stock\" \/>\n<script type=\"application\/ld+json\" class=\"yoast-schema-graph\">{\"@context\":\"https:\/\/schema.org\",\"@graph\":[{\"@type\":[\"Organization\",\"Place\",\"WholesaleStore\"],\"@id\":\"https:\/\/hotelli03.domainhotelli.fi\/~lsdoecli\/#organization\",\"name\":\"JV Tuonti Oy\",\"url\":\"https:\/\/hotelli03.domainhotelli.fi\/~lsdoecli\/\",\"sameAs\":[\"https:\/\/instagram.com\/jvtuontioy?utm_medium=copy_link\",\"https:\/\/www.facebook.com\/JVTuontiOy\"],\"logo\":{\"@id\":\"https:\/\/hotelli03.domainhotelli.fi\/~lsdoecli\/tuote\/jvt-pro-safety-putoamissuojain-kokovaljaat\/#local-main-organization-logo\"},\"image\":{\"@id\":\"https:\/\/hotelli03.domainhotelli.fi\/~lsdoecli\/tuote\/jvt-pro-safety-putoamissuojain-kokovaljaat\/#local-main-organization-logo\"},\"address\":{\"@id\":\"https:\/\/hotelli03.domainhotelli.fi\/~lsdoecli\/tuote\/jvt-pro-safety-putoamissuojain-kokovaljaat\/#local-main-place-address\"},\"geo\":{\"@type\":\"GeoCoordinates\",\"latitude\":\"60.28431\",\"longitude\":\"24.81654\"},\"telephone\":[\"0408369980\"],\"openingHoursSpecification\":[{\"@type\":\"OpeningHoursSpecification\",\"dayOfWeek\":[\"Monday\",\"Tuesday\",\"Wednesday\",\"Thursday\",\"Friday\"],\"opens\":\"08:00\",\"closes\":\"16:00\"},{\"@type\":\"OpeningHoursSpecification\",\"dayOfWeek\":[\"Saturday\",\"Sunday\"],\"opens\":\"00:00\",\"closes\":\"00:00\"}],\"email\":\"myynti@hotelli03.domainhotelli.fi\",\"areaServed\":\"Suomi, Ruotsi\",\"vatID\":\"FI30178387\",\"priceRange\":\"$$\",\"currenciesAccepted\":\"\u20ac\",\"paymentAccepted\":\"Lasku, pankkikortti\"},{\"@type\":\"WebSite\",\"@id\":\"https:\/\/hotelli03.domainhotelli.fi\/~lsdoecli\/#website\",\"url\":\"https:\/\/hotelli03.domainhotelli.fi\/~lsdoecli\/\",\"name\":\"JV Tuonti\",\"description\":\"JV Tuonti Oy:n verkkokauppa\",\"publisher\":{\"@id\":\"https:\/\/hotelli03.domainhotelli.fi\/~lsdoecli\/#organization\"},\"potentialAction\":[{\"@type\":\"SearchAction\",\"target\":{\"@type\":\"EntryPoint\",\"urlTemplate\":\"https:\/\/hotelli03.domainhotelli.fi\/~lsdoecli\/?s={search_term_string}\"},\"query-input\":\"required name=search_term_string\"}],\"inLanguage\":\"fi\"},{\"@type\":\"ImageObject\",\"inLanguage\":\"fi\",\"@id\":\"https:\/\/hotelli03.domainhotelli.fi\/~lsdoecli\/tuote\/jvt-pro-safety-putoamissuojain-kokovaljaat\/#primaryimage\",\"url\":\"https:\/\/hotelli03.domainhotelli.fi\/~lsdoecli\/wp-content\/uploads\/2021\/05\/JVTProvaljaat-scaled.jpg\",\"contentUrl\":\"https:\/\/hotelli03.domainhotelli.fi\/~lsdoecli\/wp-content\/uploads\/2021\/05\/JVTProvaljaat-scaled.jpg\",\"width\":2560,\"height\":2560,\"caption\":\"Turvavaljaat PRO JVT SAFETY putoamissuojain kokovaljaat\"},{\"@type\":\"WebPage\",\"@id\":\"https:\/\/hotelli03.domainhotelli.fi\/~lsdoecli\/tuote\/jvt-pro-safety-putoamissuojain-kokovaljaat\/\",\"url\":\"https:\/\/hotelli03.domainhotelli.fi\/~lsdoecli\/tuote\/jvt-pro-safety-putoamissuojain-kokovaljaat\/\",\"name\":\"Turvavaljaat PRO JVT Safety katolle ja korkeille paikoille | JV Tuonti\",\"isPartOf\":{\"@id\":\"https:\/\/hotelli03.domainhotelli.fi\/~lsdoecli\/#website\"},\"primaryImageOfPage\":{\"@id\":\"https:\/\/hotelli03.domainhotelli.fi\/~lsdoecli\/tuote\/jvt-pro-safety-putoamissuojain-kokovaljaat\/#primaryimage\"},\"datePublished\":\"2021-05-04T12:19:13+00:00\",\"dateModified\":\"2021-12-02T06:45:23+00:00\",\"description\":\"Turvalvajlaat PRO JVT Safety katolle ja korkeille paikoille. Eritt\u00e4in laadukkaat, pikalukot jalkalenkeiss\u00e4 ja edess\u00e4. Tilaa valjaat katolle.\",\"breadcrumb\":{\"@id\":\"https:\/\/hotelli03.domainhotelli.fi\/~lsdoecli\/tuote\/jvt-pro-safety-putoamissuojain-kokovaljaat\/#breadcrumb\"},\"inLanguage\":\"fi\",\"potentialAction\":[{\"@type\":\"ReadAction\",\"target\":[\"https:\/\/hotelli03.domainhotelli.fi\/~lsdoecli\/tuote\/jvt-pro-safety-putoamissuojain-kokovaljaat\/\"]}]},{\"@type\":\"BreadcrumbList\",\"@id\":\"https:\/\/hotelli03.domainhotelli.fi\/~lsdoecli\/tuote\/jvt-pro-safety-putoamissuojain-kokovaljaat\/#breadcrumb\",\"itemListElement\":[{\"@type\":\"ListItem\",\"position\":1,\"name\":\"Etusivu\",\"item\":\"https:\/\/hotelli03.domainhotelli.fi\/~lsdoecli\/\"},{\"@type\":\"ListItem\",\"position\":2,\"name\":\"Kauppa\",\"item\":\"https:\/\/hotelli03.domainhotelli.fi\/~lsdoecli\/kauppa\/\"},{\"@type\":\"ListItem\",\"position\":3,\"name\":\"Turvavaljaat JVT PRO Safety kokovaljaat\"}]},{\"@type\":\"PostalAddress\",\"@id\":\"https:\/\/hotelli03.domainhotelli.fi\/~lsdoecli\/tuote\/jvt-pro-safety-putoamissuojain-kokovaljaat\/#local-main-place-address\",\"streetAddress\":\"Pyymosantie 5a\",\"addressLocality\":\"Vantaa\",\"postalCode\":\"01720\",\"addressCountry\":\"FI\"},{\"@type\":\"ImageObject\",\"inLanguage\":\"fi\",\"@id\":\"https:\/\/hotelli03.domainhotelli.fi\/~lsdoecli\/tuote\/jvt-pro-safety-putoamissuojain-kokovaljaat\/#local-main-organization-logo\",\"url\":\"https:\/\/hotelli03.domainhotelli.fi\/~lsdoecli\/wp-content\/uploads\/2021\/08\/JVTuonti_logo_nelio.jpg\",\"contentUrl\":\"https:\/\/hotelli03.domainhotelli.fi\/~lsdoecli\/wp-content\/uploads\/2021\/08\/JVTuonti_logo_nelio.jpg\",\"width\":550,\"height\":550,\"caption\":\"JV Tuonti Oy\"}]}<\/script>\n<meta property=\"product:price:amount\" content=\"182.28\" \/>\n<meta property=\"product:price:currency\" content=\"EUR\" \/>\n<meta property=\"og:availability\" content=\"instock\" \/>\n<meta property=\"product:availability\" content=\"instock\" \/>\n<meta property=\"product:retailer_item_id\" content=\"JVTJE138141B\" \/>\n<meta property=\"product:condition\" content=\"new\" \/>\n<meta name=\"geo.placename\" content=\"Vantaa\" \/>\n<meta name=\"geo.position\" content=\"60.28431;24.81654\" \/>\n<meta name=\"geo.region\" content=\"Suomi\" \/>\n<!-- \/ Yoast SEO Premium plugin. -->","yoast_head_json":{"title":"Turvavaljaat PRO JVT Safety katolle ja korkeille paikoille | JV Tuonti","description":"Turvalvajlaat PRO JVT Safety katolle ja korkeille paikoille. Eritt\u00e4in laadukkaat, pikalukot jalkalenkeiss\u00e4 ja edess\u00e4. Tilaa valjaat katolle.","robots":{"index":"index","follow":"follow","max-snippet":"max-snippet:-1","max-image-preview":"max-image-preview:large","max-video-preview":"max-video-preview:-1"},"canonical":"https:\/\/hotelli03.domainhotelli.fi\/~lsdoecli\/tuote\/jvt-pro-safety-putoamissuojain-kokovaljaat\/","og_locale":"fi_FI","og_type":"article","og_title":"Turvavaljaat JVT PRO Safety kokovaljaat","og_description":"Turvalvajlaat PRO JVT Safety katolle ja korkeille paikoille. Eritt\u00e4in laadukkaat, pikalukot jalkalenkeiss\u00e4 ja edess\u00e4. Tilaa valjaat katolle.","og_url":"https:\/\/hotelli03.domainhotelli.fi\/~lsdoecli\/tuote\/jvt-pro-safety-putoamissuojain-kokovaljaat\/","og_site_name":"JV Tuonti","article_publisher":"https:\/\/www.facebook.com\/JVTuontiOy","article_modified_time":"2021-12-02T06:45:23+00:00","og_image":[{"width":2560,"height":2560,"url":"https:\/\/hotelli03.domainhotelli.fi\/~lsdoecli\/wp-content\/uploads\/2021\/05\/JVTProvaljaat-scaled.jpg","type":"image\/jpeg"}],"twitter_card":"summary_large_image","twitter_misc":{"Price":"182,28&nbsp;&euro; Alv 24%N\u00e4yt\u00e4 veroton hinta147,00&nbsp;&euro; Alv 0%N\u00e4yt\u00e4 verollinen hinta","Availability":"In stock"},"schema":{"@context":"https:\/\/schema.org","@graph":[{"@type":["Organization","Place","WholesaleStore"],"@id":"https:\/\/hotelli03.domainhotelli.fi\/~lsdoecli\/#organization","name":"JV Tuonti Oy","url":"https:\/\/hotelli03.domainhotelli.fi\/~lsdoecli\/","sameAs":["https:\/\/instagram.com\/jvtuontioy?utm_medium=copy_link","https:\/\/www.facebook.com\/JVTuontiOy"],"logo":{"@id":"https:\/\/hotelli03.domainhotelli.fi\/~lsdoecli\/tuote\/jvt-pro-safety-putoamissuojain-kokovaljaat\/#local-main-organization-logo"},"image":{"@id":"https:\/\/hotelli03.domainhotelli.fi\/~lsdoecli\/tuote\/jvt-pro-safety-putoamissuojain-kokovaljaat\/#local-main-organization-logo"},"address":{"@id":"https:\/\/hotelli03.domainhotelli.fi\/~lsdoecli\/tuote\/jvt-pro-safety-putoamissuojain-kokovaljaat\/#local-main-place-address"},"geo":{"@type":"GeoCoordinates","latitude":"60.28431","longitude":"24.81654"},"telephone":["0408369980"],"openingHoursSpecification":[{"@type":"OpeningHoursSpecification","dayOfWeek":["Monday","Tuesday","Wednesday","Thursday","Friday"],"opens":"08:00","closes":"16:00"},{"@type":"OpeningHoursSpecification","dayOfWeek":["Saturday","Sunday"],"opens":"00:00","closes":"00:00"}],"email":"myynti@hotelli03.domainhotelli.fi","areaServed":"Suomi, Ruotsi","vatID":"FI30178387","priceRange":"$$","currenciesAccepted":"\u20ac","paymentAccepted":"Lasku, pankkikortti"},{"@type":"WebSite","@id":"https:\/\/hotelli03.domainhotelli.fi\/~lsdoecli\/#website","url":"https:\/\/hotelli03.domainhotelli.fi\/~lsdoecli\/","name":"JV Tuonti","description":"JV Tuonti Oy:n verkkokauppa","publisher":{"@id":"https:\/\/hotelli03.domainhotelli.fi\/~lsdoecli\/#organization"},"potentialAction":[{"@type":"SearchAction","target":{"@type":"EntryPoint","urlTemplate":"https:\/\/hotelli03.domainhotelli.fi\/~lsdoecli\/?s={search_term_string}"},"query-input":"required name=search_term_string"}],"inLanguage":"fi"},{"@type":"ImageObject","inLanguage":"fi","@id":"https:\/\/hotelli03.domainhotelli.fi\/~lsdoecli\/tuote\/jvt-pro-safety-putoamissuojain-kokovaljaat\/#primaryimage","url":"https:\/\/hotelli03.domainhotelli.fi\/~lsdoecli\/wp-content\/uploads\/2021\/05\/JVTProvaljaat-scaled.jpg","contentUrl":"https:\/\/hotelli03.domainhotelli.fi\/~lsdoecli\/wp-content\/uploads\/2021\/05\/JVTProvaljaat-scaled.jpg","width":2560,"height":2560,"caption":"Turvavaljaat PRO JVT SAFETY putoamissuojain kokovaljaat"},{"@type":"WebPage","@id":"https:\/\/hotelli03.domainhotelli.fi\/~lsdoecli\/tuote\/jvt-pro-safety-putoamissuojain-kokovaljaat\/","url":"https:\/\/hotelli03.domainhotelli.fi\/~lsdoecli\/tuote\/jvt-pro-safety-putoamissuojain-kokovaljaat\/","name":"Turvavaljaat PRO JVT Safety katolle ja korkeille paikoille | JV Tuonti","isPartOf":{"@id":"https:\/\/hotelli03.domainhotelli.fi\/~lsdoecli\/#website"},"primaryImageOfPage":{"@id":"https:\/\/hotelli03.domainhotelli.fi\/~lsdoecli\/tuote\/jvt-pro-safety-putoamissuojain-kokovaljaat\/#primaryimage"},"datePublished":"2021-05-04T12:19:13+00:00","dateModified":"2021-12-02T06:45:23+00:00","description":"Turvalvajlaat PRO JVT Safety katolle ja korkeille paikoille. Eritt\u00e4in laadukkaat, pikalukot jalkalenkeiss\u00e4 ja edess\u00e4. Tilaa valjaat katolle.","breadcrumb":{"@id":"https:\/\/hotelli03.domainhotelli.fi\/~lsdoecli\/tuote\/jvt-pro-safety-putoamissuojain-kokovaljaat\/#breadcrumb"},"inLanguage":"fi","potentialAction":[{"@type":"ReadAction","target":["https:\/\/hotelli03.domainhotelli.fi\/~lsdoecli\/tuote\/jvt-pro-safety-putoamissuojain-kokovaljaat\/"]}]},{"@type":"BreadcrumbList","@id":"https:\/\/hotelli03.domainhotelli.fi\/~lsdoecli\/tuote\/jvt-pro-safety-putoamissuojain-kokovaljaat\/#breadcrumb","itemListElement":[{"@type":"ListItem","position":1,"name":"Etusivu","item":"https:\/\/hotelli03.domainhotelli.fi\/~lsdoecli\/"},{"@type":"ListItem","position":2,"name":"Kauppa","item":"https:\/\/hotelli03.domainhotelli.fi\/~lsdoecli\/kauppa\/"},{"@type":"ListItem","position":3,"name":"Turvavaljaat JVT PRO Safety kokovaljaat"}]},{"@type":"PostalAddress","@id":"https:\/\/hotelli03.domainhotelli.fi\/~lsdoecli\/tuote\/jvt-pro-safety-putoamissuojain-kokovaljaat\/#local-main-place-address","streetAddress":"Pyymosantie 5a","addressLocality":"Vantaa","postalCode":"01720","addressCountry":"FI"},{"@type":"ImageObject","inLanguage":"fi","@id":"https:\/\/hotelli03.domainhotelli.fi\/~lsdoecli\/tuote\/jvt-pro-safety-putoamissuojain-kokovaljaat\/#local-main-organization-logo","url":"https:\/\/hotelli03.domainhotelli.fi\/~lsdoecli\/wp-content\/uploads\/2021\/08\/JVTuonti_logo_nelio.jpg","contentUrl":"https:\/\/hotelli03.domainhotelli.fi\/~lsdoecli\/wp-content\/uploads\/2021\/08\/JVTuonti_logo_nelio.jpg","width":550,"height":550,"caption":"JV Tuonti Oy"}]},"product_price_amount":"182.28","product_price_currency":"EUR","og_availability":"instock","product_availability":"instock","product_retailer_item_id":"JVTJE138141B","product_condition":"new","geo.placename":"Vantaa","geo.position":{"lat":"60.28431","long":"24.81654"},"geo.region":"Suomi"},"_links":{"self":[{"href":"https:\/\/hotelli03.domainhotelli.fi\/~lsdoecli\/wp-json\/wp\/v2\/product\/3985"}],"collection":[{"href":"https:\/\/hotelli03.domainhotelli.fi\/~lsdoecli\/wp-json\/wp\/v2\/product"}],"about":[{"href":"https:\/\/hotelli03.domainhotelli.fi\/~lsdoecli\/wp-json\/wp\/v2\/types\/product"}],"replies":[{"embeddable":true,"href":"https:\/\/hotelli03.domainhotelli.fi\/~lsdoecli\/wp-json\/wp\/v2\/comments?post=3985"}],"wp:featuredmedia":[{"embeddable":true,"href":"https:\/\/hotelli03.domainhotelli.fi\/~lsdoecli\/wp-json\/wp\/v2\/media\/3986"}],"wp:attachment":[{"href":"https:\/\/hotelli03.domainhotelli.fi\/~lsdoecli\/wp-json\/wp\/v2\/media?parent=3985"}],"wp:term":[{"taxonomy":"product_cat","embeddable":true,"href":"https:\/\/hotelli03.domainhotelli.fi\/~lsdoecli\/wp-json\/wp\/v2\/product_cat?post=3985"},{"taxonomy":"product_tag","embeddable":true,"href":"https:\/\/hotelli03.domainhotelli.fi\/~lsdoecli\/wp-json\/wp\/v2\/product_tag?post=3985"}],"curies":[{"name":"wp","href":"https:\/\/api.w.org\/{rel}","templated":true}]}}