{"id":3946,"date":"2021-05-04T08:38:38","date_gmt":"2021-05-04T08:38:38","guid":{"rendered":"https:\/\/hotelli03.domainhotelli.fi\/~lsdoecli\/woocommerce\/?post_type=product&#038;p=3946"},"modified":"2021-05-11T08:30:28","modified_gmt":"2021-05-11T08:30:28","slug":"jvt-pistosahantera-t344d","status":"publish","type":"product","link":"https:\/\/hotelli03.domainhotelli.fi\/~lsdoecli\/tuote\/jvt-pistosahantera-t344d\/","title":{"rendered":"JVT Pistosahanter\u00e4 T344D puulle nopea karkea sahaus"},"content":{"rendered":"<p>JVT Pistosahanter\u00e4 T344D , 2kpl pakkaus.<\/p>\n<p>Kuviosahan ter\u00e4n kokonaispituus on 152 mm, hammasjako 4 mm, hammastettu pituus 126 mm.<\/p>\n<p>Pistosahan ter\u00e4n ter\u00e4v\u00e4 ja aggressiivinen hammastus on ihanteellinen puun nopeaan katkaisuun.<\/p>\n<p>Kuviosahan ter\u00e4 soveltuu karkean ja suoraan sahaukseen.<\/p>\n<p>Pistoter\u00e4n k\u00e4ytt\u00f6kohde: paksu rakennuspuu, pehme\u00e4 puu (5 &#8211; 100 mm) sek\u00e4 lastu-, kimpi- ja kuitulevyt.<\/p>\n<p>T-karallinen pistosahanter\u00e4 on yhteensopiva mm. Bosch, Makita, Hilti, Milwaukee, Dewalt, Hitachi, Festool, Hikoki, AEG, Metabo kuviosahojen kanssa.<\/p>\n<p>Saatavana 2kpl paketissa tai 500kpl tukkupakkauksissa.<\/p>\n","protected":false},"excerpt":{"rendered":"<p>JVT Pistosahanter\u00e4 T344D , 2kpl pakkaus.<\/p>\n<p>Kokonaispituus 152 mm, hammasjako 4 mm, hammastettu pituus 126 mm<\/p>\n<p>Ter\u00e4v\u00e4 ja aggressiivinen hammastus on ihanteellinen puun nopeaan katkaisuun.<\/p>\n<p>K\u00e4ytt\u00f6kohde: paksu rakennuspuu, pehme\u00e4 puu (5 &#8211; 100 mm) sek\u00e4 lastu-, kimpi- ja kuitulevyt.<\/p>\n<p>Saatavana 2kpl paketissa tai 500kpl tukkupakkauksissa.<\/p>\n","protected":false},"featured_media":3935,"comment_status":"open","ping_status":"closed","template":"","meta":[],"product_cat":[409],"product_tag":[418,581,580,410,419,417],"yoast_head":"<!-- This site is optimized with the Yoast SEO Premium plugin v18.9 (Yoast SEO v19.3) - https:\/\/yoast.com\/wordpress\/plugins\/seo\/ -->\n<title>JV Tuonti | JVT Pistosahanter\u00e4 T344D puulle nopea karkea sahaus<\/title>\n<meta name=\"description\" content=\"JVT Pistosahanter\u00e4 T344D , 2kpl pakkaus.  Kokonaispituus 152 mm, hammasjako 4 mm, hammastettu pituus 126 mm  Ter\u00e4v\u00e4 ja aggressiivinen hammastus on ihanteellinen puun nopeaan katkaisuun.  K\u00e4ytt\u00f6kohde: paksu rakennuspuu, pehme\u00e4 puu (5 - 100 mm) sek\u00e4 lastu-, kimpi- ja kuitulevyt.  Saatavana 2kpl paketissa tai 500kpl tukkupakkauksissa.\" \/>\n<meta name=\"robots\" content=\"index, follow, max-snippet:-1, max-image-preview:large, max-video-preview:-1\" \/>\n<link rel=\"canonical\" href=\"https:\/\/hotelli03.domainhotelli.fi\/~lsdoecli\/tuote\/jvt-pistosahantera-t344d\/\" \/>\n<meta property=\"og:locale\" content=\"fi_FI\" \/>\n<meta property=\"og:type\" content=\"article\" \/>\n<meta property=\"og:title\" content=\"JVT Pistosahanter\u00e4 T344D puulle nopea karkea sahaus\" \/>\n<meta property=\"og:description\" content=\"JVT Pistosahanter\u00e4 T344D , 2kpl pakkaus.  Kokonaispituus 152 mm, hammasjako 4 mm, hammastettu pituus 126 mm  Ter\u00e4v\u00e4 ja aggressiivinen hammastus on ihanteellinen puun nopeaan katkaisuun.  K\u00e4ytt\u00f6kohde: paksu rakennuspuu, pehme\u00e4 puu (5 - 100 mm) sek\u00e4 lastu-, kimpi- ja kuitulevyt.  Saatavana 2kpl paketissa tai 500kpl tukkupakkauksissa.\" \/>\n<meta property=\"og:url\" content=\"https:\/\/hotelli03.domainhotelli.fi\/~lsdoecli\/tuote\/jvt-pistosahantera-t344d\/\" \/>\n<meta property=\"og:site_name\" content=\"JV Tuonti\" \/>\n<meta property=\"article:publisher\" content=\"https:\/\/www.facebook.com\/JVTuontiOy\" \/>\n<meta property=\"article:modified_time\" content=\"2021-05-11T08:30:28+00:00\" \/>\n<meta property=\"og:image\" content=\"https:\/\/hotelli03.domainhotelli.fi\/~lsdoecli\/wp-content\/uploads\/2021\/05\/T344D-scaled.jpg\" \/>\n\t<meta property=\"og:image:width\" content=\"2560\" \/>\n\t<meta property=\"og:image:height\" content=\"2560\" \/>\n\t<meta property=\"og:image:type\" content=\"image\/jpeg\" \/>\n<meta name=\"twitter:card\" content=\"summary_large_image\" \/>\n<meta name=\"twitter:label1\" content=\"Price\" \/>\n\t<meta name=\"twitter:data1\" content=\"5,67&nbsp;&euro; Alv 24%N\u00e4yt\u00e4 veroton hinta4,57&nbsp;&euro; Alv 0%N\u00e4yt\u00e4 verollinen hinta\" \/>\n\t<meta name=\"twitter:label2\" content=\"Availability\" \/>\n\t<meta name=\"twitter:data2\" content=\"In stock\" \/>\n<script type=\"application\/ld+json\" class=\"yoast-schema-graph\">{\"@context\":\"https:\/\/schema.org\",\"@graph\":[{\"@type\":[\"Organization\",\"Place\",\"WholesaleStore\"],\"@id\":\"https:\/\/hotelli03.domainhotelli.fi\/~lsdoecli\/#organization\",\"name\":\"JV Tuonti Oy\",\"url\":\"https:\/\/hotelli03.domainhotelli.fi\/~lsdoecli\/\",\"sameAs\":[\"https:\/\/instagram.com\/jvtuontioy?utm_medium=copy_link\",\"https:\/\/www.facebook.com\/JVTuontiOy\"],\"logo\":{\"@id\":\"https:\/\/hotelli03.domainhotelli.fi\/~lsdoecli\/tuote\/jvt-pistosahantera-t344d\/#local-main-organization-logo\"},\"image\":{\"@id\":\"https:\/\/hotelli03.domainhotelli.fi\/~lsdoecli\/tuote\/jvt-pistosahantera-t344d\/#local-main-organization-logo\"},\"address\":{\"@id\":\"https:\/\/hotelli03.domainhotelli.fi\/~lsdoecli\/tuote\/jvt-pistosahantera-t344d\/#local-main-place-address\"},\"geo\":{\"@type\":\"GeoCoordinates\",\"latitude\":\"60.28431\",\"longitude\":\"24.81654\"},\"telephone\":[\"0408369980\"],\"openingHoursSpecification\":[{\"@type\":\"OpeningHoursSpecification\",\"dayOfWeek\":[\"Monday\",\"Tuesday\",\"Wednesday\",\"Thursday\",\"Friday\"],\"opens\":\"08:00\",\"closes\":\"16:00\"},{\"@type\":\"OpeningHoursSpecification\",\"dayOfWeek\":[\"Saturday\",\"Sunday\"],\"opens\":\"00:00\",\"closes\":\"00:00\"}],\"email\":\"myynti@hotelli03.domainhotelli.fi\",\"areaServed\":\"Suomi, Ruotsi\",\"vatID\":\"FI30178387\",\"priceRange\":\"$$\",\"currenciesAccepted\":\"\u20ac\",\"paymentAccepted\":\"Lasku, pankkikortti\"},{\"@type\":\"WebSite\",\"@id\":\"https:\/\/hotelli03.domainhotelli.fi\/~lsdoecli\/#website\",\"url\":\"https:\/\/hotelli03.domainhotelli.fi\/~lsdoecli\/\",\"name\":\"JV Tuonti\",\"description\":\"JV Tuonti Oy:n verkkokauppa\",\"publisher\":{\"@id\":\"https:\/\/hotelli03.domainhotelli.fi\/~lsdoecli\/#organization\"},\"potentialAction\":[{\"@type\":\"SearchAction\",\"target\":{\"@type\":\"EntryPoint\",\"urlTemplate\":\"https:\/\/hotelli03.domainhotelli.fi\/~lsdoecli\/?s={search_term_string}\"},\"query-input\":\"required name=search_term_string\"}],\"inLanguage\":\"fi\"},{\"@type\":\"ImageObject\",\"inLanguage\":\"fi\",\"@id\":\"https:\/\/hotelli03.domainhotelli.fi\/~lsdoecli\/tuote\/jvt-pistosahantera-t344d\/#primaryimage\",\"url\":\"https:\/\/hotelli03.domainhotelli.fi\/~lsdoecli\/wp-content\/uploads\/2021\/05\/T344D-scaled.jpg\",\"contentUrl\":\"https:\/\/hotelli03.domainhotelli.fi\/~lsdoecli\/wp-content\/uploads\/2021\/05\/T344D-scaled.jpg\",\"width\":2560,\"height\":2560,\"caption\":\"JVT Pistosahanter\u00e4 T344D puulle nopea karkea sahaus\"},{\"@type\":\"WebPage\",\"@id\":\"https:\/\/hotelli03.domainhotelli.fi\/~lsdoecli\/tuote\/jvt-pistosahantera-t344d\/\",\"url\":\"https:\/\/hotelli03.domainhotelli.fi\/~lsdoecli\/tuote\/jvt-pistosahantera-t344d\/\",\"name\":\"JV Tuonti | JVT Pistosahanter\u00e4 T344D puulle nopea karkea sahaus\",\"isPartOf\":{\"@id\":\"https:\/\/hotelli03.domainhotelli.fi\/~lsdoecli\/#website\"},\"primaryImageOfPage\":{\"@id\":\"https:\/\/hotelli03.domainhotelli.fi\/~lsdoecli\/tuote\/jvt-pistosahantera-t344d\/#primaryimage\"},\"datePublished\":\"2021-05-04T08:38:38+00:00\",\"dateModified\":\"2021-05-11T08:30:28+00:00\",\"description\":\"JVT Pistosahanter\u00e4 T344D , 2kpl pakkaus. Kokonaispituus 152 mm, hammasjako 4 mm, hammastettu pituus 126 mm Ter\u00e4v\u00e4 ja aggressiivinen hammastus on ihanteellinen puun nopeaan katkaisuun. K\u00e4ytt\u00f6kohde: paksu rakennuspuu, pehme\u00e4 puu (5 - 100 mm) sek\u00e4 lastu-, kimpi- ja kuitulevyt. Saatavana 2kpl paketissa tai 500kpl tukkupakkauksissa.\",\"breadcrumb\":{\"@id\":\"https:\/\/hotelli03.domainhotelli.fi\/~lsdoecli\/tuote\/jvt-pistosahantera-t344d\/#breadcrumb\"},\"inLanguage\":\"fi\",\"potentialAction\":[{\"@type\":\"ReadAction\",\"target\":[\"https:\/\/hotelli03.domainhotelli.fi\/~lsdoecli\/tuote\/jvt-pistosahantera-t344d\/\"]}]},{\"@type\":\"BreadcrumbList\",\"@id\":\"https:\/\/hotelli03.domainhotelli.fi\/~lsdoecli\/tuote\/jvt-pistosahantera-t344d\/#breadcrumb\",\"itemListElement\":[{\"@type\":\"ListItem\",\"position\":1,\"name\":\"Etusivu\",\"item\":\"https:\/\/hotelli03.domainhotelli.fi\/~lsdoecli\/\"},{\"@type\":\"ListItem\",\"position\":2,\"name\":\"Kauppa\",\"item\":\"https:\/\/hotelli03.domainhotelli.fi\/~lsdoecli\/kauppa\/\"},{\"@type\":\"ListItem\",\"position\":3,\"name\":\"JVT Pistosahanter\u00e4 T344D puulle nopea karkea sahaus\"}]},{\"@type\":\"PostalAddress\",\"@id\":\"https:\/\/hotelli03.domainhotelli.fi\/~lsdoecli\/tuote\/jvt-pistosahantera-t344d\/#local-main-place-address\",\"streetAddress\":\"Pyymosantie 5a\",\"addressLocality\":\"Vantaa\",\"postalCode\":\"01720\",\"addressCountry\":\"FI\"},{\"@type\":\"ImageObject\",\"inLanguage\":\"fi\",\"@id\":\"https:\/\/hotelli03.domainhotelli.fi\/~lsdoecli\/tuote\/jvt-pistosahantera-t344d\/#local-main-organization-logo\",\"url\":\"https:\/\/hotelli03.domainhotelli.fi\/~lsdoecli\/wp-content\/uploads\/2021\/08\/JVTuonti_logo_nelio.jpg\",\"contentUrl\":\"https:\/\/hotelli03.domainhotelli.fi\/~lsdoecli\/wp-content\/uploads\/2021\/08\/JVTuonti_logo_nelio.jpg\",\"width\":550,\"height\":550,\"caption\":\"JV Tuonti Oy\"}]}<\/script>\n<meta property=\"product:price:amount\" content=\"5.67\" \/>\n<meta property=\"product:price:currency\" content=\"EUR\" \/>\n<meta property=\"og:availability\" content=\"instock\" \/>\n<meta property=\"product:availability\" content=\"instock\" \/>\n<meta property=\"product:condition\" content=\"new\" \/>\n<meta name=\"geo.placename\" content=\"Vantaa\" \/>\n<meta name=\"geo.position\" content=\"60.28431;24.81654\" \/>\n<meta name=\"geo.region\" content=\"Suomi\" \/>\n<!-- \/ Yoast SEO Premium plugin. -->","yoast_head_json":{"title":"JV Tuonti | JVT Pistosahanter\u00e4 T344D puulle nopea karkea sahaus","description":"JVT Pistosahanter\u00e4 T344D , 2kpl pakkaus.  Kokonaispituus 152 mm, hammasjako 4 mm, hammastettu pituus 126 mm  Ter\u00e4v\u00e4 ja aggressiivinen hammastus on ihanteellinen puun nopeaan katkaisuun.  K\u00e4ytt\u00f6kohde: paksu rakennuspuu, pehme\u00e4 puu (5 - 100 mm) sek\u00e4 lastu-, kimpi- ja kuitulevyt.  Saatavana 2kpl paketissa tai 500kpl tukkupakkauksissa.","robots":{"index":"index","follow":"follow","max-snippet":"max-snippet:-1","max-image-preview":"max-image-preview:large","max-video-preview":"max-video-preview:-1"},"canonical":"https:\/\/hotelli03.domainhotelli.fi\/~lsdoecli\/tuote\/jvt-pistosahantera-t344d\/","og_locale":"fi_FI","og_type":"article","og_title":"JVT Pistosahanter\u00e4 T344D puulle nopea karkea sahaus","og_description":"JVT Pistosahanter\u00e4 T344D , 2kpl pakkaus.  Kokonaispituus 152 mm, hammasjako 4 mm, hammastettu pituus 126 mm  Ter\u00e4v\u00e4 ja aggressiivinen hammastus on ihanteellinen puun nopeaan katkaisuun.  K\u00e4ytt\u00f6kohde: paksu rakennuspuu, pehme\u00e4 puu (5 - 100 mm) sek\u00e4 lastu-, kimpi- ja kuitulevyt.  Saatavana 2kpl paketissa tai 500kpl tukkupakkauksissa.","og_url":"https:\/\/hotelli03.domainhotelli.fi\/~lsdoecli\/tuote\/jvt-pistosahantera-t344d\/","og_site_name":"JV Tuonti","article_publisher":"https:\/\/www.facebook.com\/JVTuontiOy","article_modified_time":"2021-05-11T08:30:28+00:00","og_image":[{"width":2560,"height":2560,"url":"https:\/\/hotelli03.domainhotelli.fi\/~lsdoecli\/wp-content\/uploads\/2021\/05\/T344D-scaled.jpg","type":"image\/jpeg"}],"twitter_card":"summary_large_image","twitter_misc":{"Price":"5,67&nbsp;&euro; Alv 24%N\u00e4yt\u00e4 veroton hinta4,57&nbsp;&euro; Alv 0%N\u00e4yt\u00e4 verollinen hinta","Availability":"In stock"},"schema":{"@context":"https:\/\/schema.org","@graph":[{"@type":["Organization","Place","WholesaleStore"],"@id":"https:\/\/hotelli03.domainhotelli.fi\/~lsdoecli\/#organization","name":"JV Tuonti Oy","url":"https:\/\/hotelli03.domainhotelli.fi\/~lsdoecli\/","sameAs":["https:\/\/instagram.com\/jvtuontioy?utm_medium=copy_link","https:\/\/www.facebook.com\/JVTuontiOy"],"logo":{"@id":"https:\/\/hotelli03.domainhotelli.fi\/~lsdoecli\/tuote\/jvt-pistosahantera-t344d\/#local-main-organization-logo"},"image":{"@id":"https:\/\/hotelli03.domainhotelli.fi\/~lsdoecli\/tuote\/jvt-pistosahantera-t344d\/#local-main-organization-logo"},"address":{"@id":"https:\/\/hotelli03.domainhotelli.fi\/~lsdoecli\/tuote\/jvt-pistosahantera-t344d\/#local-main-place-address"},"geo":{"@type":"GeoCoordinates","latitude":"60.28431","longitude":"24.81654"},"telephone":["0408369980"],"openingHoursSpecification":[{"@type":"OpeningHoursSpecification","dayOfWeek":["Monday","Tuesday","Wednesday","Thursday","Friday"],"opens":"08:00","closes":"16:00"},{"@type":"OpeningHoursSpecification","dayOfWeek":["Saturday","Sunday"],"opens":"00:00","closes":"00:00"}],"email":"myynti@hotelli03.domainhotelli.fi","areaServed":"Suomi, Ruotsi","vatID":"FI30178387","priceRange":"$$","currenciesAccepted":"\u20ac","paymentAccepted":"Lasku, pankkikortti"},{"@type":"WebSite","@id":"https:\/\/hotelli03.domainhotelli.fi\/~lsdoecli\/#website","url":"https:\/\/hotelli03.domainhotelli.fi\/~lsdoecli\/","name":"JV Tuonti","description":"JV Tuonti Oy:n verkkokauppa","publisher":{"@id":"https:\/\/hotelli03.domainhotelli.fi\/~lsdoecli\/#organization"},"potentialAction":[{"@type":"SearchAction","target":{"@type":"EntryPoint","urlTemplate":"https:\/\/hotelli03.domainhotelli.fi\/~lsdoecli\/?s={search_term_string}"},"query-input":"required name=search_term_string"}],"inLanguage":"fi"},{"@type":"ImageObject","inLanguage":"fi","@id":"https:\/\/hotelli03.domainhotelli.fi\/~lsdoecli\/tuote\/jvt-pistosahantera-t344d\/#primaryimage","url":"https:\/\/hotelli03.domainhotelli.fi\/~lsdoecli\/wp-content\/uploads\/2021\/05\/T344D-scaled.jpg","contentUrl":"https:\/\/hotelli03.domainhotelli.fi\/~lsdoecli\/wp-content\/uploads\/2021\/05\/T344D-scaled.jpg","width":2560,"height":2560,"caption":"JVT Pistosahanter\u00e4 T344D puulle nopea karkea sahaus"},{"@type":"WebPage","@id":"https:\/\/hotelli03.domainhotelli.fi\/~lsdoecli\/tuote\/jvt-pistosahantera-t344d\/","url":"https:\/\/hotelli03.domainhotelli.fi\/~lsdoecli\/tuote\/jvt-pistosahantera-t344d\/","name":"JV Tuonti | JVT Pistosahanter\u00e4 T344D puulle nopea karkea sahaus","isPartOf":{"@id":"https:\/\/hotelli03.domainhotelli.fi\/~lsdoecli\/#website"},"primaryImageOfPage":{"@id":"https:\/\/hotelli03.domainhotelli.fi\/~lsdoecli\/tuote\/jvt-pistosahantera-t344d\/#primaryimage"},"datePublished":"2021-05-04T08:38:38+00:00","dateModified":"2021-05-11T08:30:28+00:00","description":"JVT Pistosahanter\u00e4 T344D , 2kpl pakkaus. Kokonaispituus 152 mm, hammasjako 4 mm, hammastettu pituus 126 mm Ter\u00e4v\u00e4 ja aggressiivinen hammastus on ihanteellinen puun nopeaan katkaisuun. K\u00e4ytt\u00f6kohde: paksu rakennuspuu, pehme\u00e4 puu (5 - 100 mm) sek\u00e4 lastu-, kimpi- ja kuitulevyt. Saatavana 2kpl paketissa tai 500kpl tukkupakkauksissa.","breadcrumb":{"@id":"https:\/\/hotelli03.domainhotelli.fi\/~lsdoecli\/tuote\/jvt-pistosahantera-t344d\/#breadcrumb"},"inLanguage":"fi","potentialAction":[{"@type":"ReadAction","target":["https:\/\/hotelli03.domainhotelli.fi\/~lsdoecli\/tuote\/jvt-pistosahantera-t344d\/"]}]},{"@type":"BreadcrumbList","@id":"https:\/\/hotelli03.domainhotelli.fi\/~lsdoecli\/tuote\/jvt-pistosahantera-t344d\/#breadcrumb","itemListElement":[{"@type":"ListItem","position":1,"name":"Etusivu","item":"https:\/\/hotelli03.domainhotelli.fi\/~lsdoecli\/"},{"@type":"ListItem","position":2,"name":"Kauppa","item":"https:\/\/hotelli03.domainhotelli.fi\/~lsdoecli\/kauppa\/"},{"@type":"ListItem","position":3,"name":"JVT Pistosahanter\u00e4 T344D puulle nopea karkea sahaus"}]},{"@type":"PostalAddress","@id":"https:\/\/hotelli03.domainhotelli.fi\/~lsdoecli\/tuote\/jvt-pistosahantera-t344d\/#local-main-place-address","streetAddress":"Pyymosantie 5a","addressLocality":"Vantaa","postalCode":"01720","addressCountry":"FI"},{"@type":"ImageObject","inLanguage":"fi","@id":"https:\/\/hotelli03.domainhotelli.fi\/~lsdoecli\/tuote\/jvt-pistosahantera-t344d\/#local-main-organization-logo","url":"https:\/\/hotelli03.domainhotelli.fi\/~lsdoecli\/wp-content\/uploads\/2021\/08\/JVTuonti_logo_nelio.jpg","contentUrl":"https:\/\/hotelli03.domainhotelli.fi\/~lsdoecli\/wp-content\/uploads\/2021\/08\/JVTuonti_logo_nelio.jpg","width":550,"height":550,"caption":"JV Tuonti Oy"}]},"product_price_amount":"5.67","product_price_currency":"EUR","og_availability":"instock","product_availability":"instock","product_condition":"new","geo.placename":"Vantaa","geo.position":{"lat":"60.28431","long":"24.81654"},"geo.region":"Suomi"},"_links":{"self":[{"href":"https:\/\/hotelli03.domainhotelli.fi\/~lsdoecli\/wp-json\/wp\/v2\/product\/3946"}],"collection":[{"href":"https:\/\/hotelli03.domainhotelli.fi\/~lsdoecli\/wp-json\/wp\/v2\/product"}],"about":[{"href":"https:\/\/hotelli03.domainhotelli.fi\/~lsdoecli\/wp-json\/wp\/v2\/types\/product"}],"replies":[{"embeddable":true,"href":"https:\/\/hotelli03.domainhotelli.fi\/~lsdoecli\/wp-json\/wp\/v2\/comments?post=3946"}],"wp:featuredmedia":[{"embeddable":true,"href":"https:\/\/hotelli03.domainhotelli.fi\/~lsdoecli\/wp-json\/wp\/v2\/media\/3935"}],"wp:attachment":[{"href":"https:\/\/hotelli03.domainhotelli.fi\/~lsdoecli\/wp-json\/wp\/v2\/media?parent=3946"}],"wp:term":[{"taxonomy":"product_cat","embeddable":true,"href":"https:\/\/hotelli03.domainhotelli.fi\/~lsdoecli\/wp-json\/wp\/v2\/product_cat?post=3946"},{"taxonomy":"product_tag","embeddable":true,"href":"https:\/\/hotelli03.domainhotelli.fi\/~lsdoecli\/wp-json\/wp\/v2\/product_tag?post=3946"}],"curies":[{"name":"wp","href":"https:\/\/api.w.org\/{rel}","templated":true}]}}